{"id":419148,"date":"2024-06-25T09:40:59","date_gmt":"2024-06-25T07:40:59","guid":{"rendered":"https:\/\/www.daisho.be\/produit\/karategi-adidas-taikyoku\/"},"modified":"2026-02-05T15:21:46","modified_gmt":"2026-02-05T14:21:46","slug":"karategi-adidas-taikyoku","status":"publish","type":"product","link":"https:\/\/www.daisho.be\/es\/produit\/karategi-adidas-taikyoku\/","title":{"rendered":"Karategi ADIDAS TAIKYOKU"},"content":{"rendered":"<p>Esta nueva camiseta de k\u00e1rate Adidas TAIKYOKU tiene un corte tradicional con mangas m\u00e1s cortas y perneras de pantal\u00f3n.<br \/>\nUn corte totalmente nuevo que se adapta a todos los estilos de kata.<br \/>\nCon un peso aproximado de 310 g\/m2 (11 oz), el traje es f\u00e1cil de llevar, ya sea para kata, kihon o bunkai.<br \/>\nEl resistente pero suave tejido 100% algod\u00f3n es c\u00f3modo de llevar y produce un efecto de chasquido cuando te mueves r\u00e1pido.<br \/>\nLos pantalones presentan una cintura tradicional con cordones para un ajuste personalizado.<br \/>\nEste gi est\u00e1 homologado por la WKF.<br \/>\nEl logotipo de Adidas est\u00e1 bordado en dorado en el pecho izquierdo y en la nuca.<\/p>\n<p>Caracter\u00edsticas :<br \/>\nPeso: 11 onzas (310 g\/m2)<br \/>\nMaterial: 100% algod\u00f3n<br \/>\nCalidad: tejido resistente y suave<br \/>\nChaqueta: mangas ligeramente m\u00e1s cortas<br \/>\nPantal\u00f3n: perneras ligeramente m\u00e1s cortas, cintura con cordones<\/p>\n","protected":false},"excerpt":{"rendered":"<p>Esta nueva camiseta de k\u00e1rate Adidas TAIKYOKU tiene un corte tradicional con mangas m\u00e1s cortas y perneras de pantal\u00f3n. Un corte totalmente nuevo que se adapta a todos los estilos de kata. Con un peso aproximado de 310 g\/m2 (11 oz), el traje es f\u00e1cil de llevar, ya sea para kata, kihon o bunkai. El [&hellip;]<\/p>\n","protected":false},"featured_media":419127,"comment_status":"open","ping_status":"closed","template":"","meta":{"inline_featured_image":false},"product_brand":[],"product_cat":[1561,1314,1311],"product_tag":[1560],"sport":[],"class_list":{"0":"post-419148","1":"product","2":"type-product","3":"status-publish","4":"has-post-thumbnail","6":"product_cat-kimono-karategi-adidas","7":"product_cat-kimonos-de-karate","8":"product_cat-trajes-kimonos","9":"product_tag-adidas-es","10":"pa_size-381","11":"pa_size-380","12":"pa_size-388","13":"pa_size-379","14":"pa_size-387","15":"pa_size-378","16":"pa_size-386","17":"pa_size-377","18":"pa_size-385","19":"pa_size-376","20":"pa_size-384","21":"pa_size-383","23":"first","24":"instock","25":"taxable","26":"shipping-taxable","27":"purchasable","28":"product-type-variable"},"yoast_head":"<!-- This site is optimized with the Yoast SEO plugin v27.2 - https:\/\/yoast.com\/product\/yoast-seo-wordpress\/ -->\n<title>Karategi ADIDAS TAIKYOKU &#8211; Daisho<\/title>\n<meta name=\"description\" content=\"Daisho &#8211; Este karategi Adidas 100% algod\u00f3n tiene un corte tradicional que se adapta a todos los estilos de pr\u00e1ctica de kata.\" \/>\n<meta name=\"robots\" content=\"index, follow, max-snippet:-1, max-image-preview:large, max-video-preview:-1\" \/>\n<link rel=\"canonical\" href=\"https:\/\/www.daisho.be\/es\/produit\/karategi-adidas-taikyoku\/\" \/>\n<meta property=\"og:locale\" content=\"es_ES\" \/>\n<meta property=\"og:type\" content=\"article\" \/>\n<meta property=\"og:title\" content=\"Karategi ADIDAS TAIKYOKU &#8211; Daisho\" \/>\n<meta property=\"og:description\" content=\"Daisho &#8211; Este karategi Adidas 100% algod\u00f3n tiene un corte tradicional que se adapta a todos los estilos de pr\u00e1ctica de kata.\" \/>\n<meta property=\"og:url\" content=\"https:\/\/www.daisho.be\/es\/produit\/karategi-adidas-taikyoku\/\" \/>\n<meta property=\"og:site_name\" content=\"Daisho\" \/>\n<meta property=\"article:modified_time\" content=\"2026-02-05T14:21:46+00:00\" \/>\n<meta property=\"og:image\" content=\"https:\/\/www.daisho.be\/wp-content\/uploads\/2024\/06\/image-17.webp\" \/>\n\t<meta property=\"og:image:width\" content=\"1200\" \/>\n\t<meta property=\"og:image:height\" content=\"1200\" \/>\n\t<meta property=\"og:image:type\" content=\"image\/webp\" \/>\n<meta name=\"twitter:card\" content=\"summary_large_image\" \/>\n<meta name=\"twitter:label1\" content=\"Tiempo de lectura\" \/>\n\t<meta name=\"twitter:data1\" content=\"1 minuto\" \/>\n<script type=\"application\/ld+json\" class=\"yoast-schema-graph\">{\"@context\":\"https:\/\/schema.org\",\"@graph\":[{\"@type\":\"WebPage\",\"@id\":\"https:\/\/www.daisho.be\/es\/produit\/karategi-adidas-taikyoku\/\",\"url\":\"https:\/\/www.daisho.be\/es\/produit\/karategi-adidas-taikyoku\/\",\"name\":\"Karategi ADIDAS TAIKYOKU &#8211; Daisho\",\"isPartOf\":{\"@id\":\"https:\/\/www.daisho.be\/es\/#website\"},\"primaryImageOfPage\":{\"@id\":\"https:\/\/www.daisho.be\/es\/produit\/karategi-adidas-taikyoku\/#primaryimage\"},\"image\":{\"@id\":\"https:\/\/www.daisho.be\/es\/produit\/karategi-adidas-taikyoku\/#primaryimage\"},\"thumbnailUrl\":\"https:\/\/www.daisho.be\/wp-content\/uploads\/2024\/06\/image-17.webp\",\"datePublished\":\"2024-06-25T07:40:59+00:00\",\"dateModified\":\"2026-02-05T14:21:46+00:00\",\"description\":\"Daisho &#8211; Este karategi Adidas 100% algod\u00f3n tiene un corte tradicional que se adapta a todos los estilos de pr\u00e1ctica de kata.\",\"breadcrumb\":{\"@id\":\"https:\/\/www.daisho.be\/es\/produit\/karategi-adidas-taikyoku\/#breadcrumb\"},\"inLanguage\":\"es\",\"potentialAction\":[{\"@type\":\"ReadAction\",\"target\":[\"https:\/\/www.daisho.be\/es\/produit\/karategi-adidas-taikyoku\/\"]}]},{\"@type\":\"ImageObject\",\"inLanguage\":\"es\",\"@id\":\"https:\/\/www.daisho.be\/es\/produit\/karategi-adidas-taikyoku\/#primaryimage\",\"url\":\"https:\/\/www.daisho.be\/wp-content\/uploads\/2024\/06\/image-17.webp\",\"contentUrl\":\"https:\/\/www.daisho.be\/wp-content\/uploads\/2024\/06\/image-17.webp\",\"width\":1200,\"height\":1200,\"caption\":\"Karategi ADIDAS TAIKYOKU-1\"},{\"@type\":\"BreadcrumbList\",\"@id\":\"https:\/\/www.daisho.be\/es\/produit\/karategi-adidas-taikyoku\/#breadcrumb\",\"itemListElement\":[{\"@type\":\"ListItem\",\"position\":1,\"name\":\"Accueil\",\"item\":\"https:\/\/www.daisho.be\/es\/\"},{\"@type\":\"ListItem\",\"position\":2,\"name\":\"Productos\",\"item\":\"https:\/\/www.daisho.be\/es\/productos\/\"},{\"@type\":\"ListItem\",\"position\":3,\"name\":\"ADIDAS COMBAT SPORTS\",\"item\":\"https:\/\/www.daisho.be\/es\/categorie-produit\/adidas-combat-sports-es\/\"},{\"@type\":\"ListItem\",\"position\":4,\"name\":\"Karate\",\"item\":\"https:\/\/www.daisho.be\/es\/categorie-produit\/adidas-combat-sports-es\/karate-es\/\"},{\"@type\":\"ListItem\",\"position\":5,\"name\":\"Kimono - Karategi Adidas\",\"item\":\"https:\/\/www.daisho.be\/es\/categorie-produit\/adidas-combat-sports-es\/karate-es\/kimono-karategi-adidas\/\"},{\"@type\":\"ListItem\",\"position\":6,\"name\":\"Karategi ADIDAS TAIKYOKU\"}]},{\"@type\":\"WebSite\",\"@id\":\"https:\/\/www.daisho.be\/es\/#website\",\"url\":\"https:\/\/www.daisho.be\/es\/\",\"name\":\"Daisho\",\"description\":\"Sp&eacute;cialiste de l'&eacute;quipement sportif d'arts martiaux\",\"publisher\":{\"@id\":\"https:\/\/www.daisho.be\/es\/#organization\"},\"potentialAction\":[{\"@type\":\"SearchAction\",\"target\":{\"@type\":\"EntryPoint\",\"urlTemplate\":\"https:\/\/www.daisho.be\/es\/?s={search_term_string}\"},\"query-input\":{\"@type\":\"PropertyValueSpecification\",\"valueRequired\":true,\"valueName\":\"search_term_string\"}}],\"inLanguage\":\"es\"},{\"@type\":\"Organization\",\"@id\":\"https:\/\/www.daisho.be\/es\/#organization\",\"name\":\"Daisho\",\"url\":\"https:\/\/www.daisho.be\/es\/\",\"logo\":{\"@type\":\"ImageObject\",\"inLanguage\":\"es\",\"@id\":\"https:\/\/www.daisho.be\/es\/#\/schema\/logo\/image\/\",\"url\":\"https:\/\/www.daisho.be\/wp-content\/uploads\/2019\/07\/color-nothing-horizontale4x-e1564486100247.png\",\"contentUrl\":\"https:\/\/www.daisho.be\/wp-content\/uploads\/2019\/07\/color-nothing-horizontale4x-e1564486100247.png\",\"width\":1547,\"height\":385,\"caption\":\"Daisho\"},\"image\":{\"@id\":\"https:\/\/www.daisho.be\/es\/#\/schema\/logo\/image\/\"}}]}<\/script>\n<!-- \/ Yoast SEO plugin. -->","yoast_head_json":{"title":"Karategi ADIDAS TAIKYOKU &#8211; Daisho","description":"Daisho &#8211; Este karategi Adidas 100% algod\u00f3n tiene un corte tradicional que se adapta a todos los estilos de pr\u00e1ctica de kata.","robots":{"index":"index","follow":"follow","max-snippet":"max-snippet:-1","max-image-preview":"max-image-preview:large","max-video-preview":"max-video-preview:-1"},"canonical":"https:\/\/www.daisho.be\/es\/produit\/karategi-adidas-taikyoku\/","og_locale":"es_ES","og_type":"article","og_title":"Karategi ADIDAS TAIKYOKU &#8211; Daisho","og_description":"Daisho &#8211; Este karategi Adidas 100% algod\u00f3n tiene un corte tradicional que se adapta a todos los estilos de pr\u00e1ctica de kata.","og_url":"https:\/\/www.daisho.be\/es\/produit\/karategi-adidas-taikyoku\/","og_site_name":"Daisho","article_modified_time":"2026-02-05T14:21:46+00:00","og_image":[{"width":1200,"height":1200,"url":"https:\/\/www.daisho.be\/wp-content\/uploads\/2024\/06\/image-17.webp","type":"image\/webp"}],"twitter_card":"summary_large_image","twitter_misc":{"Tiempo de lectura":"1 minuto"},"schema":{"@context":"https:\/\/schema.org","@graph":[{"@type":"WebPage","@id":"https:\/\/www.daisho.be\/es\/produit\/karategi-adidas-taikyoku\/","url":"https:\/\/www.daisho.be\/es\/produit\/karategi-adidas-taikyoku\/","name":"Karategi ADIDAS TAIKYOKU &#8211; Daisho","isPartOf":{"@id":"https:\/\/www.daisho.be\/es\/#website"},"primaryImageOfPage":{"@id":"https:\/\/www.daisho.be\/es\/produit\/karategi-adidas-taikyoku\/#primaryimage"},"image":{"@id":"https:\/\/www.daisho.be\/es\/produit\/karategi-adidas-taikyoku\/#primaryimage"},"thumbnailUrl":"https:\/\/www.daisho.be\/wp-content\/uploads\/2024\/06\/image-17.webp","datePublished":"2024-06-25T07:40:59+00:00","dateModified":"2026-02-05T14:21:46+00:00","description":"Daisho &#8211; Este karategi Adidas 100% algod\u00f3n tiene un corte tradicional que se adapta a todos los estilos de pr\u00e1ctica de kata.","breadcrumb":{"@id":"https:\/\/www.daisho.be\/es\/produit\/karategi-adidas-taikyoku\/#breadcrumb"},"inLanguage":"es","potentialAction":[{"@type":"ReadAction","target":["https:\/\/www.daisho.be\/es\/produit\/karategi-adidas-taikyoku\/"]}]},{"@type":"ImageObject","inLanguage":"es","@id":"https:\/\/www.daisho.be\/es\/produit\/karategi-adidas-taikyoku\/#primaryimage","url":"https:\/\/www.daisho.be\/wp-content\/uploads\/2024\/06\/image-17.webp","contentUrl":"https:\/\/www.daisho.be\/wp-content\/uploads\/2024\/06\/image-17.webp","width":1200,"height":1200,"caption":"Karategi ADIDAS TAIKYOKU-1"},{"@type":"BreadcrumbList","@id":"https:\/\/www.daisho.be\/es\/produit\/karategi-adidas-taikyoku\/#breadcrumb","itemListElement":[{"@type":"ListItem","position":1,"name":"Accueil","item":"https:\/\/www.daisho.be\/es\/"},{"@type":"ListItem","position":2,"name":"Productos","item":"https:\/\/www.daisho.be\/es\/productos\/"},{"@type":"ListItem","position":3,"name":"ADIDAS COMBAT SPORTS","item":"https:\/\/www.daisho.be\/es\/categorie-produit\/adidas-combat-sports-es\/"},{"@type":"ListItem","position":4,"name":"Karate","item":"https:\/\/www.daisho.be\/es\/categorie-produit\/adidas-combat-sports-es\/karate-es\/"},{"@type":"ListItem","position":5,"name":"Kimono - Karategi Adidas","item":"https:\/\/www.daisho.be\/es\/categorie-produit\/adidas-combat-sports-es\/karate-es\/kimono-karategi-adidas\/"},{"@type":"ListItem","position":6,"name":"Karategi ADIDAS TAIKYOKU"}]},{"@type":"WebSite","@id":"https:\/\/www.daisho.be\/es\/#website","url":"https:\/\/www.daisho.be\/es\/","name":"Daisho","description":"Sp&eacute;cialiste de l'&eacute;quipement sportif d'arts martiaux","publisher":{"@id":"https:\/\/www.daisho.be\/es\/#organization"},"potentialAction":[{"@type":"SearchAction","target":{"@type":"EntryPoint","urlTemplate":"https:\/\/www.daisho.be\/es\/?s={search_term_string}"},"query-input":{"@type":"PropertyValueSpecification","valueRequired":true,"valueName":"search_term_string"}}],"inLanguage":"es"},{"@type":"Organization","@id":"https:\/\/www.daisho.be\/es\/#organization","name":"Daisho","url":"https:\/\/www.daisho.be\/es\/","logo":{"@type":"ImageObject","inLanguage":"es","@id":"https:\/\/www.daisho.be\/es\/#\/schema\/logo\/image\/","url":"https:\/\/www.daisho.be\/wp-content\/uploads\/2019\/07\/color-nothing-horizontale4x-e1564486100247.png","contentUrl":"https:\/\/www.daisho.be\/wp-content\/uploads\/2019\/07\/color-nothing-horizontale4x-e1564486100247.png","width":1547,"height":385,"caption":"Daisho"},"image":{"@id":"https:\/\/www.daisho.be\/es\/#\/schema\/logo\/image\/"}}]}},"_links":{"self":[{"href":"https:\/\/www.daisho.be\/es\/wp-json\/wp\/v2\/product\/419148","targetHints":{"allow":["GET"]}}],"collection":[{"href":"https:\/\/www.daisho.be\/es\/wp-json\/wp\/v2\/product"}],"about":[{"href":"https:\/\/www.daisho.be\/es\/wp-json\/wp\/v2\/types\/product"}],"replies":[{"embeddable":true,"href":"https:\/\/www.daisho.be\/es\/wp-json\/wp\/v2\/comments?post=419148"}],"wp:featuredmedia":[{"embeddable":true,"href":"https:\/\/www.daisho.be\/es\/wp-json\/wp\/v2\/media\/419127"}],"wp:attachment":[{"href":"https:\/\/www.daisho.be\/es\/wp-json\/wp\/v2\/media?parent=419148"}],"wp:term":[{"taxonomy":"product_brand","embeddable":true,"href":"https:\/\/www.daisho.be\/es\/wp-json\/wp\/v2\/product_brand?post=419148"},{"taxonomy":"product_cat","embeddable":true,"href":"https:\/\/www.daisho.be\/es\/wp-json\/wp\/v2\/product_cat?post=419148"},{"taxonomy":"product_tag","embeddable":true,"href":"https:\/\/www.daisho.be\/es\/wp-json\/wp\/v2\/product_tag?post=419148"},{"taxonomy":"sport","embeddable":true,"href":"https:\/\/www.daisho.be\/es\/wp-json\/wp\/v2\/sport?post=419148"}],"curies":[{"name":"wp","href":"https:\/\/api.w.org\/{rel}","templated":true}]}}