{"id":419043,"date":"2024-06-24T13:43:58","date_gmt":"2024-06-24T11:43:58","guid":{"rendered":"https:\/\/www.daisho.be\/produit\/mochila-adidas-combat-sport-gris-negro-pu\/"},"modified":"2025-02-27T11:03:27","modified_gmt":"2025-02-27T10:03:27","slug":"mochila-adidas-combat-sport-gris-negro-pu","status":"publish","type":"product","link":"https:\/\/www.daisho.be\/es\/produit\/mochila-adidas-combat-sport-gris-negro-pu\/","title":{"rendered":"Mochila Adidas Combat Sport gris\/negro PU"},"content":{"rendered":"<p>La mochila deportiva adidas es una compa\u00f1era ideal para el uso diario o el entrenamiento.<br \/>\nEl espacioso compartimento principal tiene un compartimento para el port\u00e1til que se cierra con un cierre de velcro.<br \/>\nEn el exterior hay un portabotellas de malla y, en el otro lado, un peque\u00f1o bolsillo para todo tipo de peque\u00f1as cosas.<br \/>\nLas correas ajustables para los hombros se pueden unir mediante una peque\u00f1a correa para garantizar una distribuci\u00f3n \u00f3ptima de la carga.<br \/>\nCaracter\u00edsticas :<br \/>\nMaterial: imitaci\u00f3n de cuero de alta calidad<br \/>\ncompartimento principal grande con bolsillo para el port\u00e1til<br \/>\nmochila pr\u00e1ctica para ocio y deporte<br \/>\nDimensiones: 50 x 31 x 20 cm, capacidad 31 l<\/p>\n","protected":false},"excerpt":{"rendered":"<p>La mochila deportiva adidas es una compa\u00f1era ideal para el uso diario o el entrenamiento. El espacioso compartimento principal tiene un compartimento para el port\u00e1til que se cierra con un cierre de velcro. En el exterior hay un portabotellas de malla y, en el otro lado, un peque\u00f1o bolsillo para todo tipo de peque\u00f1as cosas. [&hellip;]<\/p>\n","protected":false},"featured_media":419019,"comment_status":"open","ping_status":"closed","template":"","meta":{"inline_featured_image":false},"product_brand":[],"product_cat":[1580,1585,1714],"product_tag":[1560],"sport":[],"class_list":{"0":"post-419043","1":"product","2":"type-product","3":"status-publish","4":"has-post-thumbnail","6":"product_cat-bolsa-de-karate-adidas","7":"product_cat-bolsas-de-deporte-adidas-combat","8":"product_cat-equipamiento-y-ropa-para-artes-marciales-y-deportes-de-combate","9":"product_tag-adidas-es","10":"pa_size-m","12":"first","13":"instock","14":"taxable","15":"shipping-taxable","16":"purchasable","17":"product-type-variable"},"yoast_head":"<!-- This site is optimized with the Yoast SEO plugin v27.2 - https:\/\/yoast.com\/product\/yoast-seo-wordpress\/ -->\n<title>Mochila Adidas Combat Sport gris\/negro PU &#8211; Daisho<\/title>\n<meta name=\"description\" content=\"Descubre la robusta y funcional mochila de combate Adidas, \u00a1ideal para tus entrenamientos intensivos! C\u00f3mprala en www.daisho.be\/Daisho\" \/>\n<meta name=\"robots\" content=\"index, follow, max-snippet:-1, max-image-preview:large, max-video-preview:-1\" \/>\n<link rel=\"canonical\" href=\"https:\/\/www.daisho.be\/es\/produit\/mochila-adidas-combat-sport-gris-negro-pu\/\" \/>\n<meta property=\"og:locale\" content=\"es_ES\" \/>\n<meta property=\"og:type\" content=\"article\" \/>\n<meta property=\"og:title\" content=\"Mochila Adidas Combat Sport gris\/negro PU &#8211; Daisho\" \/>\n<meta property=\"og:description\" content=\"Descubre la robusta y funcional mochila de combate Adidas, \u00a1ideal para tus entrenamientos intensivos! C\u00f3mprala en www.daisho.be\/Daisho\" \/>\n<meta property=\"og:url\" content=\"https:\/\/www.daisho.be\/es\/produit\/mochila-adidas-combat-sport-gris-negro-pu\/\" \/>\n<meta property=\"og:site_name\" content=\"Daisho\" \/>\n<meta property=\"article:modified_time\" content=\"2025-02-27T10:03:27+00:00\" \/>\n<meta property=\"og:image\" content=\"https:\/\/www.daisho.be\/wp-content\/uploads\/2024\/06\/image-13.webp\" \/>\n\t<meta property=\"og:image:width\" content=\"1200\" \/>\n\t<meta property=\"og:image:height\" content=\"1200\" \/>\n\t<meta property=\"og:image:type\" content=\"image\/webp\" \/>\n<meta name=\"twitter:card\" content=\"summary_large_image\" \/>\n<meta name=\"twitter:label1\" content=\"Tiempo de lectura\" \/>\n\t<meta name=\"twitter:data1\" content=\"1 minuto\" \/>\n<script type=\"application\/ld+json\" class=\"yoast-schema-graph\">{\"@context\":\"https:\/\/schema.org\",\"@graph\":[{\"@type\":\"WebPage\",\"@id\":\"https:\/\/www.daisho.be\/es\/produit\/mochila-adidas-combat-sport-gris-negro-pu\/\",\"url\":\"https:\/\/www.daisho.be\/es\/produit\/mochila-adidas-combat-sport-gris-negro-pu\/\",\"name\":\"Mochila Adidas Combat Sport gris\/negro PU &#8211; Daisho\",\"isPartOf\":{\"@id\":\"https:\/\/www.daisho.be\/es\/#website\"},\"primaryImageOfPage\":{\"@id\":\"https:\/\/www.daisho.be\/es\/produit\/mochila-adidas-combat-sport-gris-negro-pu\/#primaryimage\"},\"image\":{\"@id\":\"https:\/\/www.daisho.be\/es\/produit\/mochila-adidas-combat-sport-gris-negro-pu\/#primaryimage\"},\"thumbnailUrl\":\"https:\/\/www.daisho.be\/wp-content\/uploads\/2024\/06\/image-13.webp\",\"datePublished\":\"2024-06-24T11:43:58+00:00\",\"dateModified\":\"2025-02-27T10:03:27+00:00\",\"description\":\"Descubre la robusta y funcional mochila de combate Adidas, \u00a1ideal para tus entrenamientos intensivos! C\u00f3mprala en www.daisho.be\/Daisho\",\"breadcrumb\":{\"@id\":\"https:\/\/www.daisho.be\/es\/produit\/mochila-adidas-combat-sport-gris-negro-pu\/#breadcrumb\"},\"inLanguage\":\"es\",\"potentialAction\":[{\"@type\":\"ReadAction\",\"target\":[\"https:\/\/www.daisho.be\/es\/produit\/mochila-adidas-combat-sport-gris-negro-pu\/\"]}]},{\"@type\":\"ImageObject\",\"inLanguage\":\"es\",\"@id\":\"https:\/\/www.daisho.be\/es\/produit\/mochila-adidas-combat-sport-gris-negro-pu\/#primaryimage\",\"url\":\"https:\/\/www.daisho.be\/wp-content\/uploads\/2024\/06\/image-13.webp\",\"contentUrl\":\"https:\/\/www.daisho.be\/wp-content\/uploads\/2024\/06\/image-13.webp\",\"width\":1200,\"height\":1200,\"caption\":\"Mochila Adidas Combat Sport gris\/negro PU-1\"},{\"@type\":\"BreadcrumbList\",\"@id\":\"https:\/\/www.daisho.be\/es\/produit\/mochila-adidas-combat-sport-gris-negro-pu\/#breadcrumb\",\"itemListElement\":[{\"@type\":\"ListItem\",\"position\":1,\"name\":\"Accueil\",\"item\":\"https:\/\/www.daisho.be\/es\/\"},{\"@type\":\"ListItem\",\"position\":2,\"name\":\"Productos\",\"item\":\"https:\/\/www.daisho.be\/es\/productos\/\"},{\"@type\":\"ListItem\",\"position\":3,\"name\":\"ADIDAS COMBAT SPORTS\",\"item\":\"https:\/\/www.daisho.be\/es\/categorie-produit\/adidas-combat-sports-es\/\"},{\"@type\":\"ListItem\",\"position\":4,\"name\":\"Karate\",\"item\":\"https:\/\/www.daisho.be\/es\/categorie-produit\/adidas-combat-sports-es\/karate-es\/\"},{\"@type\":\"ListItem\",\"position\":5,\"name\":\"Bolsa de k\u00e1rate Adidas\",\"item\":\"https:\/\/www.daisho.be\/es\/categorie-produit\/adidas-combat-sports-es\/karate-es\/bolsa-de-karate-adidas\/\"},{\"@type\":\"ListItem\",\"position\":6,\"name\":\"Mochila Adidas Combat Sport gris\/negro PU\"}]},{\"@type\":\"WebSite\",\"@id\":\"https:\/\/www.daisho.be\/es\/#website\",\"url\":\"https:\/\/www.daisho.be\/es\/\",\"name\":\"Daisho\",\"description\":\"Sp&eacute;cialiste de l'&eacute;quipement sportif d'arts martiaux\",\"publisher\":{\"@id\":\"https:\/\/www.daisho.be\/es\/#organization\"},\"potentialAction\":[{\"@type\":\"SearchAction\",\"target\":{\"@type\":\"EntryPoint\",\"urlTemplate\":\"https:\/\/www.daisho.be\/es\/?s={search_term_string}\"},\"query-input\":{\"@type\":\"PropertyValueSpecification\",\"valueRequired\":true,\"valueName\":\"search_term_string\"}}],\"inLanguage\":\"es\"},{\"@type\":\"Organization\",\"@id\":\"https:\/\/www.daisho.be\/es\/#organization\",\"name\":\"Daisho\",\"url\":\"https:\/\/www.daisho.be\/es\/\",\"logo\":{\"@type\":\"ImageObject\",\"inLanguage\":\"es\",\"@id\":\"https:\/\/www.daisho.be\/es\/#\/schema\/logo\/image\/\",\"url\":\"https:\/\/www.daisho.be\/wp-content\/uploads\/2019\/07\/color-nothing-horizontale4x-e1564486100247.png\",\"contentUrl\":\"https:\/\/www.daisho.be\/wp-content\/uploads\/2019\/07\/color-nothing-horizontale4x-e1564486100247.png\",\"width\":1547,\"height\":385,\"caption\":\"Daisho\"},\"image\":{\"@id\":\"https:\/\/www.daisho.be\/es\/#\/schema\/logo\/image\/\"}}]}<\/script>\n<!-- \/ Yoast SEO plugin. -->","yoast_head_json":{"title":"Mochila Adidas Combat Sport gris\/negro PU &#8211; Daisho","description":"Descubre la robusta y funcional mochila de combate Adidas, \u00a1ideal para tus entrenamientos intensivos! C\u00f3mprala en www.daisho.be\/Daisho","robots":{"index":"index","follow":"follow","max-snippet":"max-snippet:-1","max-image-preview":"max-image-preview:large","max-video-preview":"max-video-preview:-1"},"canonical":"https:\/\/www.daisho.be\/es\/produit\/mochila-adidas-combat-sport-gris-negro-pu\/","og_locale":"es_ES","og_type":"article","og_title":"Mochila Adidas Combat Sport gris\/negro PU &#8211; Daisho","og_description":"Descubre la robusta y funcional mochila de combate Adidas, \u00a1ideal para tus entrenamientos intensivos! C\u00f3mprala en www.daisho.be\/Daisho","og_url":"https:\/\/www.daisho.be\/es\/produit\/mochila-adidas-combat-sport-gris-negro-pu\/","og_site_name":"Daisho","article_modified_time":"2025-02-27T10:03:27+00:00","og_image":[{"width":1200,"height":1200,"url":"https:\/\/www.daisho.be\/wp-content\/uploads\/2024\/06\/image-13.webp","type":"image\/webp"}],"twitter_card":"summary_large_image","twitter_misc":{"Tiempo de lectura":"1 minuto"},"schema":{"@context":"https:\/\/schema.org","@graph":[{"@type":"WebPage","@id":"https:\/\/www.daisho.be\/es\/produit\/mochila-adidas-combat-sport-gris-negro-pu\/","url":"https:\/\/www.daisho.be\/es\/produit\/mochila-adidas-combat-sport-gris-negro-pu\/","name":"Mochila Adidas Combat Sport gris\/negro PU &#8211; Daisho","isPartOf":{"@id":"https:\/\/www.daisho.be\/es\/#website"},"primaryImageOfPage":{"@id":"https:\/\/www.daisho.be\/es\/produit\/mochila-adidas-combat-sport-gris-negro-pu\/#primaryimage"},"image":{"@id":"https:\/\/www.daisho.be\/es\/produit\/mochila-adidas-combat-sport-gris-negro-pu\/#primaryimage"},"thumbnailUrl":"https:\/\/www.daisho.be\/wp-content\/uploads\/2024\/06\/image-13.webp","datePublished":"2024-06-24T11:43:58+00:00","dateModified":"2025-02-27T10:03:27+00:00","description":"Descubre la robusta y funcional mochila de combate Adidas, \u00a1ideal para tus entrenamientos intensivos! C\u00f3mprala en www.daisho.be\/Daisho","breadcrumb":{"@id":"https:\/\/www.daisho.be\/es\/produit\/mochila-adidas-combat-sport-gris-negro-pu\/#breadcrumb"},"inLanguage":"es","potentialAction":[{"@type":"ReadAction","target":["https:\/\/www.daisho.be\/es\/produit\/mochila-adidas-combat-sport-gris-negro-pu\/"]}]},{"@type":"ImageObject","inLanguage":"es","@id":"https:\/\/www.daisho.be\/es\/produit\/mochila-adidas-combat-sport-gris-negro-pu\/#primaryimage","url":"https:\/\/www.daisho.be\/wp-content\/uploads\/2024\/06\/image-13.webp","contentUrl":"https:\/\/www.daisho.be\/wp-content\/uploads\/2024\/06\/image-13.webp","width":1200,"height":1200,"caption":"Mochila Adidas Combat Sport gris\/negro PU-1"},{"@type":"BreadcrumbList","@id":"https:\/\/www.daisho.be\/es\/produit\/mochila-adidas-combat-sport-gris-negro-pu\/#breadcrumb","itemListElement":[{"@type":"ListItem","position":1,"name":"Accueil","item":"https:\/\/www.daisho.be\/es\/"},{"@type":"ListItem","position":2,"name":"Productos","item":"https:\/\/www.daisho.be\/es\/productos\/"},{"@type":"ListItem","position":3,"name":"ADIDAS COMBAT SPORTS","item":"https:\/\/www.daisho.be\/es\/categorie-produit\/adidas-combat-sports-es\/"},{"@type":"ListItem","position":4,"name":"Karate","item":"https:\/\/www.daisho.be\/es\/categorie-produit\/adidas-combat-sports-es\/karate-es\/"},{"@type":"ListItem","position":5,"name":"Bolsa de k\u00e1rate Adidas","item":"https:\/\/www.daisho.be\/es\/categorie-produit\/adidas-combat-sports-es\/karate-es\/bolsa-de-karate-adidas\/"},{"@type":"ListItem","position":6,"name":"Mochila Adidas Combat Sport gris\/negro PU"}]},{"@type":"WebSite","@id":"https:\/\/www.daisho.be\/es\/#website","url":"https:\/\/www.daisho.be\/es\/","name":"Daisho","description":"Sp&eacute;cialiste de l'&eacute;quipement sportif d'arts martiaux","publisher":{"@id":"https:\/\/www.daisho.be\/es\/#organization"},"potentialAction":[{"@type":"SearchAction","target":{"@type":"EntryPoint","urlTemplate":"https:\/\/www.daisho.be\/es\/?s={search_term_string}"},"query-input":{"@type":"PropertyValueSpecification","valueRequired":true,"valueName":"search_term_string"}}],"inLanguage":"es"},{"@type":"Organization","@id":"https:\/\/www.daisho.be\/es\/#organization","name":"Daisho","url":"https:\/\/www.daisho.be\/es\/","logo":{"@type":"ImageObject","inLanguage":"es","@id":"https:\/\/www.daisho.be\/es\/#\/schema\/logo\/image\/","url":"https:\/\/www.daisho.be\/wp-content\/uploads\/2019\/07\/color-nothing-horizontale4x-e1564486100247.png","contentUrl":"https:\/\/www.daisho.be\/wp-content\/uploads\/2019\/07\/color-nothing-horizontale4x-e1564486100247.png","width":1547,"height":385,"caption":"Daisho"},"image":{"@id":"https:\/\/www.daisho.be\/es\/#\/schema\/logo\/image\/"}}]}},"_links":{"self":[{"href":"https:\/\/www.daisho.be\/es\/wp-json\/wp\/v2\/product\/419043","targetHints":{"allow":["GET"]}}],"collection":[{"href":"https:\/\/www.daisho.be\/es\/wp-json\/wp\/v2\/product"}],"about":[{"href":"https:\/\/www.daisho.be\/es\/wp-json\/wp\/v2\/types\/product"}],"replies":[{"embeddable":true,"href":"https:\/\/www.daisho.be\/es\/wp-json\/wp\/v2\/comments?post=419043"}],"wp:featuredmedia":[{"embeddable":true,"href":"https:\/\/www.daisho.be\/es\/wp-json\/wp\/v2\/media\/419019"}],"wp:attachment":[{"href":"https:\/\/www.daisho.be\/es\/wp-json\/wp\/v2\/media?parent=419043"}],"wp:term":[{"taxonomy":"product_brand","embeddable":true,"href":"https:\/\/www.daisho.be\/es\/wp-json\/wp\/v2\/product_brand?post=419043"},{"taxonomy":"product_cat","embeddable":true,"href":"https:\/\/www.daisho.be\/es\/wp-json\/wp\/v2\/product_cat?post=419043"},{"taxonomy":"product_tag","embeddable":true,"href":"https:\/\/www.daisho.be\/es\/wp-json\/wp\/v2\/product_tag?post=419043"},{"taxonomy":"sport","embeddable":true,"href":"https:\/\/www.daisho.be\/es\/wp-json\/wp\/v2\/sport?post=419043"}],"curies":[{"name":"wp","href":"https:\/\/api.w.org\/{rel}","templated":true}]}}