{"id":419015,"date":"2024-06-24T13:27:58","date_gmt":"2024-06-24T11:27:58","guid":{"rendered":"https:\/\/www.daisho.be\/produit\/mochila-adidas-city-negra\/"},"modified":"2025-02-27T11:14:10","modified_gmt":"2025-02-27T10:14:10","slug":"mochila-adidas-city-negra","status":"publish","type":"product","link":"https:\/\/www.daisho.be\/es\/produit\/mochila-adidas-city-negra\/","title":{"rendered":"Mochila Adidas City negra"},"content":{"rendered":"<p>Con esta mochila adidas, nada se interpondr\u00e1 en el camino de un gran d\u00eda de paseo.<br \/>\nTiene un compartimento para un port\u00e1til y un llavero extra\u00edble.<br \/>\nLos bolsillos tejidos de la parte delantera y los bolsillos laterales mantienen a mano las botellas de agua y otros objetos esenciales.<br \/>\nLos tirantes acolchados y la inserci\u00f3n de la espalda son de malla para un ajuste c\u00f3modo.<br \/>\nEste producto forma parte de nuestro compromiso contra los residuos de pl\u00e1stico.<br \/>\nCaracter\u00edsticas :<br \/>\n&#8211; Dimensiones: 21 cm x 30 cm x 55 cm<br \/>\n&#8211; Volumen: 24 l<br \/>\n&#8211; Material exterior y forro interior: 100% poli\u00e9ster reciclado (tejido simple)<br \/>\n&#8211; Compartimento principal con cierre de cremallera<br \/>\n&#8211; Bolsillo delantero tejido; bolsillos laterales con cierre de hebilla<br \/>\n&#8211; Compartimento externo acolchado para el port\u00e1til; bolsillo adicional con cremallera<br \/>\n&#8211; Tirantes acolchados y espalda Air-Mesh<\/p>\n","protected":false},"excerpt":{"rendered":"<p>Con esta mochila adidas, nada se interpondr\u00e1 en el camino de un gran d\u00eda de paseo. Tiene un compartimento para un port\u00e1til y un llavero extra\u00edble. Los bolsillos tejidos de la parte delantera y los bolsillos laterales mantienen a mano las botellas de agua y otros objetos esenciales. Los tirantes acolchados y la inserci\u00f3n de [&hellip;]<\/p>\n","protected":false},"featured_media":418994,"comment_status":"open","ping_status":"closed","template":"","meta":{"inline_featured_image":false},"product_brand":[],"product_cat":[1451],"product_tag":[1560],"sport":[],"class_list":{"0":"post-419015","1":"product","2":"type-product","3":"status-publish","4":"has-post-thumbnail","6":"product_cat-bolsas-de-deporte","7":"product_tag-adidas-es","9":"first","10":"instock","11":"taxable","12":"shipping-taxable","13":"purchasable","14":"product-type-simple"},"yoast_head":"<!-- This site is optimized with the Yoast SEO plugin v27.2 - https:\/\/yoast.com\/product\/yoast-seo-wordpress\/ -->\n<title>Mochila Adidas City negra &#8211; Daisho<\/title>\n<meta name=\"description\" content=\"Descubre la mochila urbana Adidas, resistente y funcional, \u00a1ideal para llevar contigo durante todo el d\u00eda! C\u00f3mprala en www.daisho.be\/Daisho\" \/>\n<meta name=\"robots\" content=\"index, follow, max-snippet:-1, max-image-preview:large, max-video-preview:-1\" \/>\n<link rel=\"canonical\" href=\"https:\/\/www.daisho.be\/es\/produit\/mochila-adidas-city-negra\/\" \/>\n<meta property=\"og:locale\" content=\"es_ES\" \/>\n<meta property=\"og:type\" content=\"article\" \/>\n<meta property=\"og:title\" content=\"Mochila Adidas City negra &#8211; Daisho\" \/>\n<meta property=\"og:description\" content=\"Descubre la mochila urbana Adidas, resistente y funcional, \u00a1ideal para llevar contigo durante todo el d\u00eda! C\u00f3mprala en www.daisho.be\/Daisho\" \/>\n<meta property=\"og:url\" content=\"https:\/\/www.daisho.be\/es\/produit\/mochila-adidas-city-negra\/\" \/>\n<meta property=\"og:site_name\" content=\"Daisho\" \/>\n<meta property=\"article:modified_time\" content=\"2025-02-27T10:14:10+00:00\" \/>\n<meta property=\"og:image\" content=\"https:\/\/www.daisho.be\/wp-content\/uploads\/2024\/06\/image-9.webp\" \/>\n\t<meta property=\"og:image:width\" content=\"1057\" \/>\n\t<meta property=\"og:image:height\" content=\"1200\" \/>\n\t<meta property=\"og:image:type\" content=\"image\/webp\" \/>\n<meta name=\"twitter:card\" content=\"summary_large_image\" \/>\n<meta name=\"twitter:label1\" content=\"Tiempo de lectura\" \/>\n\t<meta name=\"twitter:data1\" content=\"1 minuto\" \/>\n<script type=\"application\/ld+json\" class=\"yoast-schema-graph\">{\"@context\":\"https:\/\/schema.org\",\"@graph\":[{\"@type\":\"WebPage\",\"@id\":\"https:\/\/www.daisho.be\/es\/produit\/mochila-adidas-city-negra\/\",\"url\":\"https:\/\/www.daisho.be\/es\/produit\/mochila-adidas-city-negra\/\",\"name\":\"Mochila Adidas City negra &#8211; Daisho\",\"isPartOf\":{\"@id\":\"https:\/\/www.daisho.be\/es\/#website\"},\"primaryImageOfPage\":{\"@id\":\"https:\/\/www.daisho.be\/es\/produit\/mochila-adidas-city-negra\/#primaryimage\"},\"image\":{\"@id\":\"https:\/\/www.daisho.be\/es\/produit\/mochila-adidas-city-negra\/#primaryimage\"},\"thumbnailUrl\":\"https:\/\/www.daisho.be\/wp-content\/uploads\/2024\/06\/image-9.webp\",\"datePublished\":\"2024-06-24T11:27:58+00:00\",\"dateModified\":\"2025-02-27T10:14:10+00:00\",\"description\":\"Descubre la mochila urbana Adidas, resistente y funcional, \u00a1ideal para llevar contigo durante todo el d\u00eda! C\u00f3mprala en www.daisho.be\/Daisho\",\"breadcrumb\":{\"@id\":\"https:\/\/www.daisho.be\/es\/produit\/mochila-adidas-city-negra\/#breadcrumb\"},\"inLanguage\":\"es\",\"potentialAction\":[{\"@type\":\"ReadAction\",\"target\":[\"https:\/\/www.daisho.be\/es\/produit\/mochila-adidas-city-negra\/\"]}]},{\"@type\":\"ImageObject\",\"inLanguage\":\"es\",\"@id\":\"https:\/\/www.daisho.be\/es\/produit\/mochila-adidas-city-negra\/#primaryimage\",\"url\":\"https:\/\/www.daisho.be\/wp-content\/uploads\/2024\/06\/image-9.webp\",\"contentUrl\":\"https:\/\/www.daisho.be\/wp-content\/uploads\/2024\/06\/image-9.webp\",\"width\":1057,\"height\":1200,\"caption\":\"Mochila Adidas City negra-1\"},{\"@type\":\"BreadcrumbList\",\"@id\":\"https:\/\/www.daisho.be\/es\/produit\/mochila-adidas-city-negra\/#breadcrumb\",\"itemListElement\":[{\"@type\":\"ListItem\",\"position\":1,\"name\":\"Accueil\",\"item\":\"https:\/\/www.daisho.be\/es\/\"},{\"@type\":\"ListItem\",\"position\":2,\"name\":\"Productos\",\"item\":\"https:\/\/www.daisho.be\/es\/productos\/\"},{\"@type\":\"ListItem\",\"position\":3,\"name\":\"Deportes de combate\",\"item\":\"https:\/\/www.daisho.be\/es\/categorie-produit\/deportes-de-combate\/\"},{\"@type\":\"ListItem\",\"position\":4,\"name\":\"Bolsas de deporte\",\"item\":\"https:\/\/www.daisho.be\/es\/categorie-produit\/deportes-de-combate\/bolsas-de-deporte\/\"},{\"@type\":\"ListItem\",\"position\":5,\"name\":\"Mochila Adidas City negra\"}]},{\"@type\":\"WebSite\",\"@id\":\"https:\/\/www.daisho.be\/es\/#website\",\"url\":\"https:\/\/www.daisho.be\/es\/\",\"name\":\"Daisho\",\"description\":\"Sp&eacute;cialiste de l'&eacute;quipement sportif d'arts martiaux\",\"publisher\":{\"@id\":\"https:\/\/www.daisho.be\/es\/#organization\"},\"potentialAction\":[{\"@type\":\"SearchAction\",\"target\":{\"@type\":\"EntryPoint\",\"urlTemplate\":\"https:\/\/www.daisho.be\/es\/?s={search_term_string}\"},\"query-input\":{\"@type\":\"PropertyValueSpecification\",\"valueRequired\":true,\"valueName\":\"search_term_string\"}}],\"inLanguage\":\"es\"},{\"@type\":\"Organization\",\"@id\":\"https:\/\/www.daisho.be\/es\/#organization\",\"name\":\"Daisho\",\"url\":\"https:\/\/www.daisho.be\/es\/\",\"logo\":{\"@type\":\"ImageObject\",\"inLanguage\":\"es\",\"@id\":\"https:\/\/www.daisho.be\/es\/#\/schema\/logo\/image\/\",\"url\":\"https:\/\/www.daisho.be\/wp-content\/uploads\/2019\/07\/color-nothing-horizontale4x-e1564486100247.png\",\"contentUrl\":\"https:\/\/www.daisho.be\/wp-content\/uploads\/2019\/07\/color-nothing-horizontale4x-e1564486100247.png\",\"width\":1547,\"height\":385,\"caption\":\"Daisho\"},\"image\":{\"@id\":\"https:\/\/www.daisho.be\/es\/#\/schema\/logo\/image\/\"}}]}<\/script>\n<!-- \/ Yoast SEO plugin. -->","yoast_head_json":{"title":"Mochila Adidas City negra &#8211; Daisho","description":"Descubre la mochila urbana Adidas, resistente y funcional, \u00a1ideal para llevar contigo durante todo el d\u00eda! C\u00f3mprala en www.daisho.be\/Daisho","robots":{"index":"index","follow":"follow","max-snippet":"max-snippet:-1","max-image-preview":"max-image-preview:large","max-video-preview":"max-video-preview:-1"},"canonical":"https:\/\/www.daisho.be\/es\/produit\/mochila-adidas-city-negra\/","og_locale":"es_ES","og_type":"article","og_title":"Mochila Adidas City negra &#8211; Daisho","og_description":"Descubre la mochila urbana Adidas, resistente y funcional, \u00a1ideal para llevar contigo durante todo el d\u00eda! C\u00f3mprala en www.daisho.be\/Daisho","og_url":"https:\/\/www.daisho.be\/es\/produit\/mochila-adidas-city-negra\/","og_site_name":"Daisho","article_modified_time":"2025-02-27T10:14:10+00:00","og_image":[{"width":1057,"height":1200,"url":"https:\/\/www.daisho.be\/wp-content\/uploads\/2024\/06\/image-9.webp","type":"image\/webp"}],"twitter_card":"summary_large_image","twitter_misc":{"Tiempo de lectura":"1 minuto"},"schema":{"@context":"https:\/\/schema.org","@graph":[{"@type":"WebPage","@id":"https:\/\/www.daisho.be\/es\/produit\/mochila-adidas-city-negra\/","url":"https:\/\/www.daisho.be\/es\/produit\/mochila-adidas-city-negra\/","name":"Mochila Adidas City negra &#8211; Daisho","isPartOf":{"@id":"https:\/\/www.daisho.be\/es\/#website"},"primaryImageOfPage":{"@id":"https:\/\/www.daisho.be\/es\/produit\/mochila-adidas-city-negra\/#primaryimage"},"image":{"@id":"https:\/\/www.daisho.be\/es\/produit\/mochila-adidas-city-negra\/#primaryimage"},"thumbnailUrl":"https:\/\/www.daisho.be\/wp-content\/uploads\/2024\/06\/image-9.webp","datePublished":"2024-06-24T11:27:58+00:00","dateModified":"2025-02-27T10:14:10+00:00","description":"Descubre la mochila urbana Adidas, resistente y funcional, \u00a1ideal para llevar contigo durante todo el d\u00eda! C\u00f3mprala en www.daisho.be\/Daisho","breadcrumb":{"@id":"https:\/\/www.daisho.be\/es\/produit\/mochila-adidas-city-negra\/#breadcrumb"},"inLanguage":"es","potentialAction":[{"@type":"ReadAction","target":["https:\/\/www.daisho.be\/es\/produit\/mochila-adidas-city-negra\/"]}]},{"@type":"ImageObject","inLanguage":"es","@id":"https:\/\/www.daisho.be\/es\/produit\/mochila-adidas-city-negra\/#primaryimage","url":"https:\/\/www.daisho.be\/wp-content\/uploads\/2024\/06\/image-9.webp","contentUrl":"https:\/\/www.daisho.be\/wp-content\/uploads\/2024\/06\/image-9.webp","width":1057,"height":1200,"caption":"Mochila Adidas City negra-1"},{"@type":"BreadcrumbList","@id":"https:\/\/www.daisho.be\/es\/produit\/mochila-adidas-city-negra\/#breadcrumb","itemListElement":[{"@type":"ListItem","position":1,"name":"Accueil","item":"https:\/\/www.daisho.be\/es\/"},{"@type":"ListItem","position":2,"name":"Productos","item":"https:\/\/www.daisho.be\/es\/productos\/"},{"@type":"ListItem","position":3,"name":"Deportes de combate","item":"https:\/\/www.daisho.be\/es\/categorie-produit\/deportes-de-combate\/"},{"@type":"ListItem","position":4,"name":"Bolsas de deporte","item":"https:\/\/www.daisho.be\/es\/categorie-produit\/deportes-de-combate\/bolsas-de-deporte\/"},{"@type":"ListItem","position":5,"name":"Mochila Adidas City negra"}]},{"@type":"WebSite","@id":"https:\/\/www.daisho.be\/es\/#website","url":"https:\/\/www.daisho.be\/es\/","name":"Daisho","description":"Sp&eacute;cialiste de l'&eacute;quipement sportif d'arts martiaux","publisher":{"@id":"https:\/\/www.daisho.be\/es\/#organization"},"potentialAction":[{"@type":"SearchAction","target":{"@type":"EntryPoint","urlTemplate":"https:\/\/www.daisho.be\/es\/?s={search_term_string}"},"query-input":{"@type":"PropertyValueSpecification","valueRequired":true,"valueName":"search_term_string"}}],"inLanguage":"es"},{"@type":"Organization","@id":"https:\/\/www.daisho.be\/es\/#organization","name":"Daisho","url":"https:\/\/www.daisho.be\/es\/","logo":{"@type":"ImageObject","inLanguage":"es","@id":"https:\/\/www.daisho.be\/es\/#\/schema\/logo\/image\/","url":"https:\/\/www.daisho.be\/wp-content\/uploads\/2019\/07\/color-nothing-horizontale4x-e1564486100247.png","contentUrl":"https:\/\/www.daisho.be\/wp-content\/uploads\/2019\/07\/color-nothing-horizontale4x-e1564486100247.png","width":1547,"height":385,"caption":"Daisho"},"image":{"@id":"https:\/\/www.daisho.be\/es\/#\/schema\/logo\/image\/"}}]}},"_links":{"self":[{"href":"https:\/\/www.daisho.be\/es\/wp-json\/wp\/v2\/product\/419015","targetHints":{"allow":["GET"]}}],"collection":[{"href":"https:\/\/www.daisho.be\/es\/wp-json\/wp\/v2\/product"}],"about":[{"href":"https:\/\/www.daisho.be\/es\/wp-json\/wp\/v2\/types\/product"}],"replies":[{"embeddable":true,"href":"https:\/\/www.daisho.be\/es\/wp-json\/wp\/v2\/comments?post=419015"}],"wp:featuredmedia":[{"embeddable":true,"href":"https:\/\/www.daisho.be\/es\/wp-json\/wp\/v2\/media\/418994"}],"wp:attachment":[{"href":"https:\/\/www.daisho.be\/es\/wp-json\/wp\/v2\/media?parent=419015"}],"wp:term":[{"taxonomy":"product_brand","embeddable":true,"href":"https:\/\/www.daisho.be\/es\/wp-json\/wp\/v2\/product_brand?post=419015"},{"taxonomy":"product_cat","embeddable":true,"href":"https:\/\/www.daisho.be\/es\/wp-json\/wp\/v2\/product_cat?post=419015"},{"taxonomy":"product_tag","embeddable":true,"href":"https:\/\/www.daisho.be\/es\/wp-json\/wp\/v2\/product_tag?post=419015"},{"taxonomy":"sport","embeddable":true,"href":"https:\/\/www.daisho.be\/es\/wp-json\/wp\/v2\/sport?post=419015"}],"curies":[{"name":"wp","href":"https:\/\/api.w.org\/{rel}","templated":true}]}}