{"id":418135,"date":"2024-06-17T15:13:32","date_gmt":"2024-06-17T13:13:32","guid":{"rendered":"https:\/\/www.daisho.be\/produit\/tokaido-jka-guantes-blancos-de-karate-3\/"},"modified":"2025-10-09T14:19:13","modified_gmt":"2025-10-09T12:19:13","slug":"tokaido-jka-guantes-blancos-de-karate-3","status":"publish","type":"product","link":"https:\/\/www.daisho.be\/es\/produit\/tokaido-jka-guantes-blancos-de-karate-3\/","title":{"rendered":"TOKAIDO JKA GUANTES BLANCOS DE KARATE"},"content":{"rendered":"<p>Guantes ligeros de k\u00e1rate Tokaido para competiciones de la JKA.<br \/>\nFabricados con tejido de algod\u00f3n en el interior, recubiertos de imitaci\u00f3n de cuero en el exterior.<br \/>\nEl velcro el\u00e1stico en la mu\u00f1eca garantiza un ajuste seguro.<br \/>\nPerfectos para competiciones de la JKA y la ESKA.<\/p>\n","protected":false},"excerpt":{"rendered":"<p>Guantes ligeros de k\u00e1rate Tokaido para competiciones de la JKA. Fabricados con tejido de algod\u00f3n en el interior, recubiertos de imitaci\u00f3n de cuero en el exterior. El velcro el\u00e1stico en la mu\u00f1eca garantiza un ajuste seguro. Perfectos para competiciones de la JKA y la ESKA.<\/p>\n","protected":false},"featured_media":416232,"comment_status":"open","ping_status":"closed","template":"","meta":{"inline_featured_image":false},"product_brand":[],"product_cat":[1363,1361],"product_tag":[1306],"sport":[],"class_list":{"0":"post-418135","1":"product","2":"type-product","3":"status-publish","4":"has-post-thumbnail","6":"product_cat-proteccion-del-karate","7":"product_cat-protecciones","8":"product_tag-tokaido-es","9":"pa_size-l","10":"pa_size-m","11":"pa_size-s","12":"pa_size-xl","14":"first","15":"instock","16":"taxable","17":"shipping-taxable","18":"purchasable","19":"product-type-variable"},"yoast_head":"<!-- This site is optimized with the Yoast SEO plugin v27.2 - https:\/\/yoast.com\/product\/yoast-seo-wordpress\/ -->\n<title>TOKAIDO JKA GUANTES BLANCOS DE KARATE &#8211; Daisho<\/title>\n<meta name=\"description\" content=\"\u00bfPracticas k\u00e1rate y necesitas guantes? Echa un vistazo a nuestros guantes certificados por la JKA en www.daisho.be|Daisho\" \/>\n<meta name=\"robots\" content=\"index, follow, max-snippet:-1, max-image-preview:large, max-video-preview:-1\" \/>\n<link rel=\"canonical\" href=\"https:\/\/www.daisho.be\/es\/produit\/tokaido-jka-guantes-blancos-de-karate-3\/\" \/>\n<meta property=\"og:locale\" content=\"es_ES\" \/>\n<meta property=\"og:type\" content=\"article\" \/>\n<meta property=\"og:title\" content=\"TOKAIDO JKA GUANTES BLANCOS DE KARATE &#8211; Daisho\" \/>\n<meta property=\"og:description\" content=\"\u00bfPracticas k\u00e1rate y necesitas guantes? Echa un vistazo a nuestros guantes certificados por la JKA en www.daisho.be|Daisho\" \/>\n<meta property=\"og:url\" content=\"https:\/\/www.daisho.be\/es\/produit\/tokaido-jka-guantes-blancos-de-karate-3\/\" \/>\n<meta property=\"og:site_name\" content=\"Daisho\" \/>\n<meta property=\"article:modified_time\" content=\"2025-10-09T12:19:13+00:00\" \/>\n<meta property=\"og:image\" content=\"https:\/\/www.daisho.be\/wp-content\/uploads\/2024\/06\/image-10.jpg\" \/>\n\t<meta property=\"og:image:width\" content=\"510\" \/>\n\t<meta property=\"og:image:height\" content=\"720\" \/>\n\t<meta property=\"og:image:type\" content=\"image\/jpeg\" \/>\n<meta name=\"twitter:card\" content=\"summary_large_image\" \/>\n<script type=\"application\/ld+json\" class=\"yoast-schema-graph\">{\"@context\":\"https:\/\/schema.org\",\"@graph\":[{\"@type\":\"WebPage\",\"@id\":\"https:\/\/www.daisho.be\/es\/produit\/tokaido-jka-guantes-blancos-de-karate-3\/\",\"url\":\"https:\/\/www.daisho.be\/es\/produit\/tokaido-jka-guantes-blancos-de-karate-3\/\",\"name\":\"TOKAIDO JKA GUANTES BLANCOS DE KARATE &#8211; Daisho\",\"isPartOf\":{\"@id\":\"https:\/\/www.daisho.be\/es\/#website\"},\"primaryImageOfPage\":{\"@id\":\"https:\/\/www.daisho.be\/es\/produit\/tokaido-jka-guantes-blancos-de-karate-3\/#primaryimage\"},\"image\":{\"@id\":\"https:\/\/www.daisho.be\/es\/produit\/tokaido-jka-guantes-blancos-de-karate-3\/#primaryimage\"},\"thumbnailUrl\":\"https:\/\/www.daisho.be\/wp-content\/uploads\/2024\/06\/image-10.jpg\",\"datePublished\":\"2024-06-17T13:13:32+00:00\",\"dateModified\":\"2025-10-09T12:19:13+00:00\",\"description\":\"\u00bfPracticas k\u00e1rate y necesitas guantes? Echa un vistazo a nuestros guantes certificados por la JKA en www.daisho.be|Daisho\",\"breadcrumb\":{\"@id\":\"https:\/\/www.daisho.be\/es\/produit\/tokaido-jka-guantes-blancos-de-karate-3\/#breadcrumb\"},\"inLanguage\":\"es\",\"potentialAction\":[{\"@type\":\"ReadAction\",\"target\":[\"https:\/\/www.daisho.be\/es\/produit\/tokaido-jka-guantes-blancos-de-karate-3\/\"]}]},{\"@type\":\"ImageObject\",\"inLanguage\":\"es\",\"@id\":\"https:\/\/www.daisho.be\/es\/produit\/tokaido-jka-guantes-blancos-de-karate-3\/#primaryimage\",\"url\":\"https:\/\/www.daisho.be\/wp-content\/uploads\/2024\/06\/image-10.jpg\",\"contentUrl\":\"https:\/\/www.daisho.be\/wp-content\/uploads\/2024\/06\/image-10.jpg\",\"width\":510,\"height\":720,\"caption\":\"TOKAIDO JKA KARATE GLOVES WHITE-1\"},{\"@type\":\"BreadcrumbList\",\"@id\":\"https:\/\/www.daisho.be\/es\/produit\/tokaido-jka-guantes-blancos-de-karate-3\/#breadcrumb\",\"itemListElement\":[{\"@type\":\"ListItem\",\"position\":1,\"name\":\"Accueil\",\"item\":\"https:\/\/www.daisho.be\/es\/\"},{\"@type\":\"ListItem\",\"position\":2,\"name\":\"Productos\",\"item\":\"https:\/\/www.daisho.be\/es\/productos\/\"},{\"@type\":\"ListItem\",\"position\":3,\"name\":\"Equipamiento y ropa para artes marciales y deportes de combate\",\"item\":\"https:\/\/www.daisho.be\/es\/categorie-produit\/equipamiento-y-ropa-para-artes-marciales-y-deportes-de-combate\/\"},{\"@type\":\"ListItem\",\"position\":4,\"name\":\"Karate\",\"item\":\"https:\/\/www.daisho.be\/es\/categorie-produit\/equipamiento-y-ropa-para-artes-marciales-y-deportes-de-combate\/karate-es-2\/\"},{\"@type\":\"ListItem\",\"position\":5,\"name\":\"Protecci\u00f3n del k\u00e1rate\",\"item\":\"https:\/\/www.daisho.be\/es\/categorie-produit\/equipamiento-y-ropa-para-artes-marciales-y-deportes-de-combate\/karate-es-2\/proteccion-del-karate\/\"},{\"@type\":\"ListItem\",\"position\":6,\"name\":\"TOKAIDO JKA GUANTES BLANCOS DE KARATE\"}]},{\"@type\":\"WebSite\",\"@id\":\"https:\/\/www.daisho.be\/es\/#website\",\"url\":\"https:\/\/www.daisho.be\/es\/\",\"name\":\"Daisho\",\"description\":\"Sp&eacute;cialiste de l'&eacute;quipement sportif d'arts martiaux\",\"publisher\":{\"@id\":\"https:\/\/www.daisho.be\/es\/#organization\"},\"potentialAction\":[{\"@type\":\"SearchAction\",\"target\":{\"@type\":\"EntryPoint\",\"urlTemplate\":\"https:\/\/www.daisho.be\/es\/?s={search_term_string}\"},\"query-input\":{\"@type\":\"PropertyValueSpecification\",\"valueRequired\":true,\"valueName\":\"search_term_string\"}}],\"inLanguage\":\"es\"},{\"@type\":\"Organization\",\"@id\":\"https:\/\/www.daisho.be\/es\/#organization\",\"name\":\"Daisho\",\"url\":\"https:\/\/www.daisho.be\/es\/\",\"logo\":{\"@type\":\"ImageObject\",\"inLanguage\":\"es\",\"@id\":\"https:\/\/www.daisho.be\/es\/#\/schema\/logo\/image\/\",\"url\":\"https:\/\/www.daisho.be\/wp-content\/uploads\/2019\/07\/color-nothing-horizontale4x-e1564486100247.png\",\"contentUrl\":\"https:\/\/www.daisho.be\/wp-content\/uploads\/2019\/07\/color-nothing-horizontale4x-e1564486100247.png\",\"width\":1547,\"height\":385,\"caption\":\"Daisho\"},\"image\":{\"@id\":\"https:\/\/www.daisho.be\/es\/#\/schema\/logo\/image\/\"}}]}<\/script>\n<!-- \/ Yoast SEO plugin. -->","yoast_head_json":{"title":"TOKAIDO JKA GUANTES BLANCOS DE KARATE &#8211; Daisho","description":"\u00bfPracticas k\u00e1rate y necesitas guantes? Echa un vistazo a nuestros guantes certificados por la JKA en www.daisho.be|Daisho","robots":{"index":"index","follow":"follow","max-snippet":"max-snippet:-1","max-image-preview":"max-image-preview:large","max-video-preview":"max-video-preview:-1"},"canonical":"https:\/\/www.daisho.be\/es\/produit\/tokaido-jka-guantes-blancos-de-karate-3\/","og_locale":"es_ES","og_type":"article","og_title":"TOKAIDO JKA GUANTES BLANCOS DE KARATE &#8211; Daisho","og_description":"\u00bfPracticas k\u00e1rate y necesitas guantes? Echa un vistazo a nuestros guantes certificados por la JKA en www.daisho.be|Daisho","og_url":"https:\/\/www.daisho.be\/es\/produit\/tokaido-jka-guantes-blancos-de-karate-3\/","og_site_name":"Daisho","article_modified_time":"2025-10-09T12:19:13+00:00","og_image":[{"width":510,"height":720,"url":"https:\/\/www.daisho.be\/wp-content\/uploads\/2024\/06\/image-10.jpg","type":"image\/jpeg"}],"twitter_card":"summary_large_image","schema":{"@context":"https:\/\/schema.org","@graph":[{"@type":"WebPage","@id":"https:\/\/www.daisho.be\/es\/produit\/tokaido-jka-guantes-blancos-de-karate-3\/","url":"https:\/\/www.daisho.be\/es\/produit\/tokaido-jka-guantes-blancos-de-karate-3\/","name":"TOKAIDO JKA GUANTES BLANCOS DE KARATE &#8211; Daisho","isPartOf":{"@id":"https:\/\/www.daisho.be\/es\/#website"},"primaryImageOfPage":{"@id":"https:\/\/www.daisho.be\/es\/produit\/tokaido-jka-guantes-blancos-de-karate-3\/#primaryimage"},"image":{"@id":"https:\/\/www.daisho.be\/es\/produit\/tokaido-jka-guantes-blancos-de-karate-3\/#primaryimage"},"thumbnailUrl":"https:\/\/www.daisho.be\/wp-content\/uploads\/2024\/06\/image-10.jpg","datePublished":"2024-06-17T13:13:32+00:00","dateModified":"2025-10-09T12:19:13+00:00","description":"\u00bfPracticas k\u00e1rate y necesitas guantes? Echa un vistazo a nuestros guantes certificados por la JKA en www.daisho.be|Daisho","breadcrumb":{"@id":"https:\/\/www.daisho.be\/es\/produit\/tokaido-jka-guantes-blancos-de-karate-3\/#breadcrumb"},"inLanguage":"es","potentialAction":[{"@type":"ReadAction","target":["https:\/\/www.daisho.be\/es\/produit\/tokaido-jka-guantes-blancos-de-karate-3\/"]}]},{"@type":"ImageObject","inLanguage":"es","@id":"https:\/\/www.daisho.be\/es\/produit\/tokaido-jka-guantes-blancos-de-karate-3\/#primaryimage","url":"https:\/\/www.daisho.be\/wp-content\/uploads\/2024\/06\/image-10.jpg","contentUrl":"https:\/\/www.daisho.be\/wp-content\/uploads\/2024\/06\/image-10.jpg","width":510,"height":720,"caption":"TOKAIDO JKA KARATE GLOVES WHITE-1"},{"@type":"BreadcrumbList","@id":"https:\/\/www.daisho.be\/es\/produit\/tokaido-jka-guantes-blancos-de-karate-3\/#breadcrumb","itemListElement":[{"@type":"ListItem","position":1,"name":"Accueil","item":"https:\/\/www.daisho.be\/es\/"},{"@type":"ListItem","position":2,"name":"Productos","item":"https:\/\/www.daisho.be\/es\/productos\/"},{"@type":"ListItem","position":3,"name":"Equipamiento y ropa para artes marciales y deportes de combate","item":"https:\/\/www.daisho.be\/es\/categorie-produit\/equipamiento-y-ropa-para-artes-marciales-y-deportes-de-combate\/"},{"@type":"ListItem","position":4,"name":"Karate","item":"https:\/\/www.daisho.be\/es\/categorie-produit\/equipamiento-y-ropa-para-artes-marciales-y-deportes-de-combate\/karate-es-2\/"},{"@type":"ListItem","position":5,"name":"Protecci\u00f3n del k\u00e1rate","item":"https:\/\/www.daisho.be\/es\/categorie-produit\/equipamiento-y-ropa-para-artes-marciales-y-deportes-de-combate\/karate-es-2\/proteccion-del-karate\/"},{"@type":"ListItem","position":6,"name":"TOKAIDO JKA GUANTES BLANCOS DE KARATE"}]},{"@type":"WebSite","@id":"https:\/\/www.daisho.be\/es\/#website","url":"https:\/\/www.daisho.be\/es\/","name":"Daisho","description":"Sp&eacute;cialiste de l'&eacute;quipement sportif d'arts martiaux","publisher":{"@id":"https:\/\/www.daisho.be\/es\/#organization"},"potentialAction":[{"@type":"SearchAction","target":{"@type":"EntryPoint","urlTemplate":"https:\/\/www.daisho.be\/es\/?s={search_term_string}"},"query-input":{"@type":"PropertyValueSpecification","valueRequired":true,"valueName":"search_term_string"}}],"inLanguage":"es"},{"@type":"Organization","@id":"https:\/\/www.daisho.be\/es\/#organization","name":"Daisho","url":"https:\/\/www.daisho.be\/es\/","logo":{"@type":"ImageObject","inLanguage":"es","@id":"https:\/\/www.daisho.be\/es\/#\/schema\/logo\/image\/","url":"https:\/\/www.daisho.be\/wp-content\/uploads\/2019\/07\/color-nothing-horizontale4x-e1564486100247.png","contentUrl":"https:\/\/www.daisho.be\/wp-content\/uploads\/2019\/07\/color-nothing-horizontale4x-e1564486100247.png","width":1547,"height":385,"caption":"Daisho"},"image":{"@id":"https:\/\/www.daisho.be\/es\/#\/schema\/logo\/image\/"}}]}},"_links":{"self":[{"href":"https:\/\/www.daisho.be\/es\/wp-json\/wp\/v2\/product\/418135","targetHints":{"allow":["GET"]}}],"collection":[{"href":"https:\/\/www.daisho.be\/es\/wp-json\/wp\/v2\/product"}],"about":[{"href":"https:\/\/www.daisho.be\/es\/wp-json\/wp\/v2\/types\/product"}],"replies":[{"embeddable":true,"href":"https:\/\/www.daisho.be\/es\/wp-json\/wp\/v2\/comments?post=418135"}],"wp:featuredmedia":[{"embeddable":true,"href":"https:\/\/www.daisho.be\/es\/wp-json\/wp\/v2\/media\/416232"}],"wp:attachment":[{"href":"https:\/\/www.daisho.be\/es\/wp-json\/wp\/v2\/media?parent=418135"}],"wp:term":[{"taxonomy":"product_brand","embeddable":true,"href":"https:\/\/www.daisho.be\/es\/wp-json\/wp\/v2\/product_brand?post=418135"},{"taxonomy":"product_cat","embeddable":true,"href":"https:\/\/www.daisho.be\/es\/wp-json\/wp\/v2\/product_cat?post=418135"},{"taxonomy":"product_tag","embeddable":true,"href":"https:\/\/www.daisho.be\/es\/wp-json\/wp\/v2\/product_tag?post=418135"},{"taxonomy":"sport","embeddable":true,"href":"https:\/\/www.daisho.be\/es\/wp-json\/wp\/v2\/sport?post=418135"}],"curies":[{"name":"wp","href":"https:\/\/api.w.org\/{rel}","templated":true}]}}