{"id":416851,"date":"2024-06-13T12:01:29","date_gmt":"2024-06-13T10:01:29","guid":{"rendered":"https:\/\/www.daisho.be\/produit\/pantalones-de-karate-tokaido-kata-master-mix-wkf-10-oz\/"},"modified":"2026-02-04T10:12:21","modified_gmt":"2026-02-04T09:12:21","slug":"pantalones-de-karate-tokaido-kata-master-mix-wkf-10-oz","status":"publish","type":"product","link":"https:\/\/www.daisho.be\/es\/produit\/pantalones-de-karate-tokaido-kata-master-mix-wkf-10-oz\/","title":{"rendered":"PANTALONES DE KARATE TOKAIDO KATA MASTER MIX, WKF, 10 OZ."},"content":{"rendered":"<p>Los pantalones de k\u00e1rate Tokaido Kata Master Mix son pantalones de alta calidad dise\u00f1ados para practicantes de k\u00e1rate de todos los niveles.<br \/>\nCumple las normas de la Federaci\u00f3n Mundial de K\u00e1rate (WKF), por lo que es ideal para la competici\u00f3n.<br \/>\nLos pantalones est\u00e1n fabricados con una mezcla de algod\u00f3n y poli\u00e9ster, que les confiere una excelente resistencia y una comodidad \u00f3ptima.<br \/>\nTambi\u00e9n tiene un corte entallado para una \u00f3ptima libertad de movimientos.<\/p>\n<p>Caracter\u00edsticas :<br \/>\n&#8211; Material: 70% algod\u00f3n, 30% poli\u00e9ster<br \/>\n&#8211; Peso: 10 oz<br \/>\n&#8211; Corte: ce\u00f1ido<br \/>\n&#8211; Costuras: m\u00faltiples y reforzadas<br \/>\n&#8211; Encogimiento: bajo<br \/>\n&#8211; Los pantalones est\u00e1n disponibles en una amplia gama de tallas, de 150 a 200 cm.<\/p>\n","protected":false},"excerpt":{"rendered":"<p>Los pantalones de k\u00e1rate Tokaido Kata Master Mix son pantalones de alta calidad dise\u00f1ados para practicantes de k\u00e1rate de todos los niveles. Cumple las normas de la Federaci\u00f3n Mundial de K\u00e1rate (WKF), por lo que es ideal para la competici\u00f3n. Los pantalones est\u00e1n fabricados con una mezcla de algod\u00f3n y poli\u00e9ster, que les confiere una [&hellip;]<\/p>\n","protected":false},"featured_media":416827,"comment_status":"open","ping_status":"closed","template":"","meta":{"inline_featured_image":false},"product_brand":[],"product_cat":[1314,1311],"product_tag":[1306],"sport":[],"class_list":{"0":"post-416851","1":"product","2":"type-product","3":"status-publish","4":"has-post-thumbnail","6":"product_cat-kimonos-de-karate","7":"product_cat-trajes-kimonos","8":"product_tag-tokaido-es","9":"pa_size-380","10":"pa_size-379","11":"pa_size-387","12":"pa_size-378","13":"pa_size-386","14":"pa_size-377","15":"pa_size-385","16":"pa_size-376","17":"pa_size-384","18":"pa_size-383","20":"first","21":"instock","22":"taxable","23":"shipping-taxable","24":"purchasable","25":"product-type-variable"},"yoast_head":"<!-- This site is optimized with the Yoast SEO plugin v27.2 - https:\/\/yoast.com\/product\/yoast-seo-wordpress\/ -->\n<title>PANTALONES DE KARATE TOKAIDO KATA MASTER MIX, WKF, 10 OZ. &#8211; Daisho<\/title>\n<meta name=\"description\" content=\"Los pantalones de k\u00e1rate Tokaido Kata Master Mix son pantalones de alta calidad dise\u00f1ados para practicantes de k\u00e1rate de todos los niveles.\" \/>\n<meta name=\"robots\" content=\"index, follow, max-snippet:-1, max-image-preview:large, max-video-preview:-1\" \/>\n<link rel=\"canonical\" href=\"https:\/\/www.daisho.be\/es\/produit\/pantalones-de-karate-tokaido-kata-master-mix-wkf-10-oz\/\" \/>\n<meta property=\"og:locale\" content=\"es_ES\" \/>\n<meta property=\"og:type\" content=\"article\" \/>\n<meta property=\"og:title\" content=\"PANTALONES DE KARATE TOKAIDO KATA MASTER MIX, WKF, 10 OZ. &#8211; Daisho\" \/>\n<meta property=\"og:description\" content=\"Los pantalones de k\u00e1rate Tokaido Kata Master Mix son pantalones de alta calidad dise\u00f1ados para practicantes de k\u00e1rate de todos los niveles.\" \/>\n<meta property=\"og:url\" content=\"https:\/\/www.daisho.be\/es\/produit\/pantalones-de-karate-tokaido-kata-master-mix-wkf-10-oz\/\" \/>\n<meta property=\"og:site_name\" content=\"Daisho\" \/>\n<meta property=\"article:modified_time\" content=\"2026-02-04T09:12:21+00:00\" \/>\n<meta property=\"og:image\" content=\"https:\/\/www.daisho.be\/wp-content\/uploads\/2024\/06\/image-43.jpg\" \/>\n\t<meta property=\"og:image:width\" content=\"800\" \/>\n\t<meta property=\"og:image:height\" content=\"1280\" \/>\n\t<meta property=\"og:image:type\" content=\"image\/jpeg\" \/>\n<meta name=\"twitter:card\" content=\"summary_large_image\" \/>\n<meta name=\"twitter:label1\" content=\"Tiempo de lectura\" \/>\n\t<meta name=\"twitter:data1\" content=\"1 minuto\" \/>\n<script type=\"application\/ld+json\" class=\"yoast-schema-graph\">{\"@context\":\"https:\/\/schema.org\",\"@graph\":[{\"@type\":\"WebPage\",\"@id\":\"https:\/\/www.daisho.be\/es\/produit\/pantalones-de-karate-tokaido-kata-master-mix-wkf-10-oz\/\",\"url\":\"https:\/\/www.daisho.be\/es\/produit\/pantalones-de-karate-tokaido-kata-master-mix-wkf-10-oz\/\",\"name\":\"PANTALONES DE KARATE TOKAIDO KATA MASTER MIX, WKF, 10 OZ. &#8211; Daisho\",\"isPartOf\":{\"@id\":\"https:\/\/www.daisho.be\/es\/#website\"},\"primaryImageOfPage\":{\"@id\":\"https:\/\/www.daisho.be\/es\/produit\/pantalones-de-karate-tokaido-kata-master-mix-wkf-10-oz\/#primaryimage\"},\"image\":{\"@id\":\"https:\/\/www.daisho.be\/es\/produit\/pantalones-de-karate-tokaido-kata-master-mix-wkf-10-oz\/#primaryimage\"},\"thumbnailUrl\":\"https:\/\/www.daisho.be\/wp-content\/uploads\/2024\/06\/image-43.jpg\",\"datePublished\":\"2024-06-13T10:01:29+00:00\",\"dateModified\":\"2026-02-04T09:12:21+00:00\",\"description\":\"Los pantalones de k\u00e1rate Tokaido Kata Master Mix son pantalones de alta calidad dise\u00f1ados para practicantes de k\u00e1rate de todos los niveles.\",\"breadcrumb\":{\"@id\":\"https:\/\/www.daisho.be\/es\/produit\/pantalones-de-karate-tokaido-kata-master-mix-wkf-10-oz\/#breadcrumb\"},\"inLanguage\":\"es\",\"potentialAction\":[{\"@type\":\"ReadAction\",\"target\":[\"https:\/\/www.daisho.be\/es\/produit\/pantalones-de-karate-tokaido-kata-master-mix-wkf-10-oz\/\"]}]},{\"@type\":\"ImageObject\",\"inLanguage\":\"es\",\"@id\":\"https:\/\/www.daisho.be\/es\/produit\/pantalones-de-karate-tokaido-kata-master-mix-wkf-10-oz\/#primaryimage\",\"url\":\"https:\/\/www.daisho.be\/wp-content\/uploads\/2024\/06\/image-43.jpg\",\"contentUrl\":\"https:\/\/www.daisho.be\/wp-content\/uploads\/2024\/06\/image-43.jpg\",\"width\":800,\"height\":1280,\"caption\":\"PANTALONES DE KARATE TOKAIDO KATA MASTER MIX, WKF, 10 OZ.-1\"},{\"@type\":\"BreadcrumbList\",\"@id\":\"https:\/\/www.daisho.be\/es\/produit\/pantalones-de-karate-tokaido-kata-master-mix-wkf-10-oz\/#breadcrumb\",\"itemListElement\":[{\"@type\":\"ListItem\",\"position\":1,\"name\":\"Accueil\",\"item\":\"https:\/\/www.daisho.be\/es\/\"},{\"@type\":\"ListItem\",\"position\":2,\"name\":\"Productos\",\"item\":\"https:\/\/www.daisho.be\/es\/productos\/\"},{\"@type\":\"ListItem\",\"position\":3,\"name\":\"Equipamiento y ropa para artes marciales y deportes de combate\",\"item\":\"https:\/\/www.daisho.be\/es\/categorie-produit\/equipamiento-y-ropa-para-artes-marciales-y-deportes-de-combate\/\"},{\"@type\":\"ListItem\",\"position\":4,\"name\":\"Karate\",\"item\":\"https:\/\/www.daisho.be\/es\/categorie-produit\/equipamiento-y-ropa-para-artes-marciales-y-deportes-de-combate\/karate-es-2\/\"},{\"@type\":\"ListItem\",\"position\":5,\"name\":\"Kimonos de k\u00e1rate\",\"item\":\"https:\/\/www.daisho.be\/es\/categorie-produit\/equipamiento-y-ropa-para-artes-marciales-y-deportes-de-combate\/karate-es-2\/kimonos-de-karate\/\"},{\"@type\":\"ListItem\",\"position\":6,\"name\":\"PANTALONES DE KARATE TOKAIDO KATA MASTER MIX, WKF, 10 OZ.\"}]},{\"@type\":\"WebSite\",\"@id\":\"https:\/\/www.daisho.be\/es\/#website\",\"url\":\"https:\/\/www.daisho.be\/es\/\",\"name\":\"Daisho\",\"description\":\"Sp&eacute;cialiste de l'&eacute;quipement sportif d'arts martiaux\",\"publisher\":{\"@id\":\"https:\/\/www.daisho.be\/es\/#organization\"},\"potentialAction\":[{\"@type\":\"SearchAction\",\"target\":{\"@type\":\"EntryPoint\",\"urlTemplate\":\"https:\/\/www.daisho.be\/es\/?s={search_term_string}\"},\"query-input\":{\"@type\":\"PropertyValueSpecification\",\"valueRequired\":true,\"valueName\":\"search_term_string\"}}],\"inLanguage\":\"es\"},{\"@type\":\"Organization\",\"@id\":\"https:\/\/www.daisho.be\/es\/#organization\",\"name\":\"Daisho\",\"url\":\"https:\/\/www.daisho.be\/es\/\",\"logo\":{\"@type\":\"ImageObject\",\"inLanguage\":\"es\",\"@id\":\"https:\/\/www.daisho.be\/es\/#\/schema\/logo\/image\/\",\"url\":\"https:\/\/www.daisho.be\/wp-content\/uploads\/2019\/07\/color-nothing-horizontale4x-e1564486100247.png\",\"contentUrl\":\"https:\/\/www.daisho.be\/wp-content\/uploads\/2019\/07\/color-nothing-horizontale4x-e1564486100247.png\",\"width\":1547,\"height\":385,\"caption\":\"Daisho\"},\"image\":{\"@id\":\"https:\/\/www.daisho.be\/es\/#\/schema\/logo\/image\/\"}}]}<\/script>\n<!-- \/ Yoast SEO plugin. -->","yoast_head_json":{"title":"PANTALONES DE KARATE TOKAIDO KATA MASTER MIX, WKF, 10 OZ. &#8211; Daisho","description":"Los pantalones de k\u00e1rate Tokaido Kata Master Mix son pantalones de alta calidad dise\u00f1ados para practicantes de k\u00e1rate de todos los niveles.","robots":{"index":"index","follow":"follow","max-snippet":"max-snippet:-1","max-image-preview":"max-image-preview:large","max-video-preview":"max-video-preview:-1"},"canonical":"https:\/\/www.daisho.be\/es\/produit\/pantalones-de-karate-tokaido-kata-master-mix-wkf-10-oz\/","og_locale":"es_ES","og_type":"article","og_title":"PANTALONES DE KARATE TOKAIDO KATA MASTER MIX, WKF, 10 OZ. &#8211; Daisho","og_description":"Los pantalones de k\u00e1rate Tokaido Kata Master Mix son pantalones de alta calidad dise\u00f1ados para practicantes de k\u00e1rate de todos los niveles.","og_url":"https:\/\/www.daisho.be\/es\/produit\/pantalones-de-karate-tokaido-kata-master-mix-wkf-10-oz\/","og_site_name":"Daisho","article_modified_time":"2026-02-04T09:12:21+00:00","og_image":[{"width":800,"height":1280,"url":"https:\/\/www.daisho.be\/wp-content\/uploads\/2024\/06\/image-43.jpg","type":"image\/jpeg"}],"twitter_card":"summary_large_image","twitter_misc":{"Tiempo de lectura":"1 minuto"},"schema":{"@context":"https:\/\/schema.org","@graph":[{"@type":"WebPage","@id":"https:\/\/www.daisho.be\/es\/produit\/pantalones-de-karate-tokaido-kata-master-mix-wkf-10-oz\/","url":"https:\/\/www.daisho.be\/es\/produit\/pantalones-de-karate-tokaido-kata-master-mix-wkf-10-oz\/","name":"PANTALONES DE KARATE TOKAIDO KATA MASTER MIX, WKF, 10 OZ. &#8211; Daisho","isPartOf":{"@id":"https:\/\/www.daisho.be\/es\/#website"},"primaryImageOfPage":{"@id":"https:\/\/www.daisho.be\/es\/produit\/pantalones-de-karate-tokaido-kata-master-mix-wkf-10-oz\/#primaryimage"},"image":{"@id":"https:\/\/www.daisho.be\/es\/produit\/pantalones-de-karate-tokaido-kata-master-mix-wkf-10-oz\/#primaryimage"},"thumbnailUrl":"https:\/\/www.daisho.be\/wp-content\/uploads\/2024\/06\/image-43.jpg","datePublished":"2024-06-13T10:01:29+00:00","dateModified":"2026-02-04T09:12:21+00:00","description":"Los pantalones de k\u00e1rate Tokaido Kata Master Mix son pantalones de alta calidad dise\u00f1ados para practicantes de k\u00e1rate de todos los niveles.","breadcrumb":{"@id":"https:\/\/www.daisho.be\/es\/produit\/pantalones-de-karate-tokaido-kata-master-mix-wkf-10-oz\/#breadcrumb"},"inLanguage":"es","potentialAction":[{"@type":"ReadAction","target":["https:\/\/www.daisho.be\/es\/produit\/pantalones-de-karate-tokaido-kata-master-mix-wkf-10-oz\/"]}]},{"@type":"ImageObject","inLanguage":"es","@id":"https:\/\/www.daisho.be\/es\/produit\/pantalones-de-karate-tokaido-kata-master-mix-wkf-10-oz\/#primaryimage","url":"https:\/\/www.daisho.be\/wp-content\/uploads\/2024\/06\/image-43.jpg","contentUrl":"https:\/\/www.daisho.be\/wp-content\/uploads\/2024\/06\/image-43.jpg","width":800,"height":1280,"caption":"PANTALONES DE KARATE TOKAIDO KATA MASTER MIX, WKF, 10 OZ.-1"},{"@type":"BreadcrumbList","@id":"https:\/\/www.daisho.be\/es\/produit\/pantalones-de-karate-tokaido-kata-master-mix-wkf-10-oz\/#breadcrumb","itemListElement":[{"@type":"ListItem","position":1,"name":"Accueil","item":"https:\/\/www.daisho.be\/es\/"},{"@type":"ListItem","position":2,"name":"Productos","item":"https:\/\/www.daisho.be\/es\/productos\/"},{"@type":"ListItem","position":3,"name":"Equipamiento y ropa para artes marciales y deportes de combate","item":"https:\/\/www.daisho.be\/es\/categorie-produit\/equipamiento-y-ropa-para-artes-marciales-y-deportes-de-combate\/"},{"@type":"ListItem","position":4,"name":"Karate","item":"https:\/\/www.daisho.be\/es\/categorie-produit\/equipamiento-y-ropa-para-artes-marciales-y-deportes-de-combate\/karate-es-2\/"},{"@type":"ListItem","position":5,"name":"Kimonos de k\u00e1rate","item":"https:\/\/www.daisho.be\/es\/categorie-produit\/equipamiento-y-ropa-para-artes-marciales-y-deportes-de-combate\/karate-es-2\/kimonos-de-karate\/"},{"@type":"ListItem","position":6,"name":"PANTALONES DE KARATE TOKAIDO KATA MASTER MIX, WKF, 10 OZ."}]},{"@type":"WebSite","@id":"https:\/\/www.daisho.be\/es\/#website","url":"https:\/\/www.daisho.be\/es\/","name":"Daisho","description":"Sp&eacute;cialiste de l'&eacute;quipement sportif d'arts martiaux","publisher":{"@id":"https:\/\/www.daisho.be\/es\/#organization"},"potentialAction":[{"@type":"SearchAction","target":{"@type":"EntryPoint","urlTemplate":"https:\/\/www.daisho.be\/es\/?s={search_term_string}"},"query-input":{"@type":"PropertyValueSpecification","valueRequired":true,"valueName":"search_term_string"}}],"inLanguage":"es"},{"@type":"Organization","@id":"https:\/\/www.daisho.be\/es\/#organization","name":"Daisho","url":"https:\/\/www.daisho.be\/es\/","logo":{"@type":"ImageObject","inLanguage":"es","@id":"https:\/\/www.daisho.be\/es\/#\/schema\/logo\/image\/","url":"https:\/\/www.daisho.be\/wp-content\/uploads\/2019\/07\/color-nothing-horizontale4x-e1564486100247.png","contentUrl":"https:\/\/www.daisho.be\/wp-content\/uploads\/2019\/07\/color-nothing-horizontale4x-e1564486100247.png","width":1547,"height":385,"caption":"Daisho"},"image":{"@id":"https:\/\/www.daisho.be\/es\/#\/schema\/logo\/image\/"}}]}},"_links":{"self":[{"href":"https:\/\/www.daisho.be\/es\/wp-json\/wp\/v2\/product\/416851","targetHints":{"allow":["GET"]}}],"collection":[{"href":"https:\/\/www.daisho.be\/es\/wp-json\/wp\/v2\/product"}],"about":[{"href":"https:\/\/www.daisho.be\/es\/wp-json\/wp\/v2\/types\/product"}],"replies":[{"embeddable":true,"href":"https:\/\/www.daisho.be\/es\/wp-json\/wp\/v2\/comments?post=416851"}],"wp:featuredmedia":[{"embeddable":true,"href":"https:\/\/www.daisho.be\/es\/wp-json\/wp\/v2\/media\/416827"}],"wp:attachment":[{"href":"https:\/\/www.daisho.be\/es\/wp-json\/wp\/v2\/media?parent=416851"}],"wp:term":[{"taxonomy":"product_brand","embeddable":true,"href":"https:\/\/www.daisho.be\/es\/wp-json\/wp\/v2\/product_brand?post=416851"},{"taxonomy":"product_cat","embeddable":true,"href":"https:\/\/www.daisho.be\/es\/wp-json\/wp\/v2\/product_cat?post=416851"},{"taxonomy":"product_tag","embeddable":true,"href":"https:\/\/www.daisho.be\/es\/wp-json\/wp\/v2\/product_tag?post=416851"},{"taxonomy":"sport","embeddable":true,"href":"https:\/\/www.daisho.be\/es\/wp-json\/wp\/v2\/sport?post=416851"}],"curies":[{"name":"wp","href":"https:\/\/api.w.org\/{rel}","templated":true}]}}