{"id":415983,"date":"2024-06-06T18:19:04","date_gmt":"2024-06-06T16:19:04","guid":{"rendered":"https:\/\/www.daisho.be\/produit\/pantalon-de-presentacion-adidas-squadra-21-negro-blanco\/"},"modified":"2025-02-27T11:14:16","modified_gmt":"2025-02-27T10:14:16","slug":"pantalon-de-presentacion-adidas-squadra-21-negro-blanco","status":"publish","type":"product","link":"https:\/\/www.daisho.be\/es\/produit\/pantalon-de-presentacion-adidas-squadra-21-negro-blanco\/","title":{"rendered":"Pantal\u00f3n de presentaci\u00f3n adidas Squadra 21 negro\/blanco"},"content":{"rendered":"<p>Estos pantalones adidas son ideales para cualquier sesi\u00f3n de entrenamiento. Est\u00e1 confeccionado con tecnolog\u00eda AEROREADY que absorbe la humedad y materiales reciclados.<br \/>\nUn peque\u00f1o paso hacia el objetivo de reducir los residuos pl\u00e1sticos.<br \/>\nEste producto es Primegreen: fabricado con una gama de materiales reciclados funcionales.<br \/>\nLos pantalones tienen un corte regular y una cintura el\u00e1stica con cord\u00f3n.<br \/>\nTambi\u00e9n tienen bolsillos delanteros con cremallera y cremalleras en los tobillos.<br \/>\nEl material es 100% poli\u00e9ster reciclado (tejido simple) y est\u00e1 disponible en negro con rayas blancas.<\/p>\n<p>Caracter\u00edsticas:<br \/>\nColor: negro con rayas blancas<br \/>\nTallas: S, M, L, XL, XXL<br \/>\nMaterial:100% poli\u00e9ster reciclado<br \/>\ncintura el\u00e1stica con cord\u00f3n de ajuste<br \/>\nBolsillos con cremallera<br \/>\ncremallera en el tobillo<\/p>\n","protected":false},"excerpt":{"rendered":"<p>Estos pantalones adidas son ideales para cualquier sesi\u00f3n de entrenamiento. Est\u00e1 confeccionado con tecnolog\u00eda AEROREADY que absorbe la humedad y materiales reciclados. Un peque\u00f1o paso hacia el objetivo de reducir los residuos pl\u00e1sticos. Este producto es Primegreen: fabricado con una gama de materiales reciclados funcionales. Los pantalones tienen un corte regular y una cintura el\u00e1stica [&hellip;]<\/p>\n","protected":false},"featured_media":415955,"comment_status":"open","ping_status":"closed","template":"","meta":{"inline_featured_image":false},"product_brand":[],"product_cat":[1388,1689,1576,1581],"product_tag":[1560],"sport":[],"class_list":{"0":"post-415983","1":"product","2":"type-product","3":"status-publish","4":"has-post-thumbnail","6":"product_cat-ropa","7":"product_cat-ropa-adidas-kickboxing","8":"product_cat-ropa-de-karate-adidas","9":"product_cat-ropa-deportiva-de-combate-adidas","10":"product_tag-adidas-es","11":"pa_size-2xl","12":"pa_size-l","13":"pa_size-m","14":"pa_size-s","15":"pa_size-xl","17":"first","18":"instock","19":"taxable","20":"shipping-taxable","21":"purchasable","22":"product-type-variable"},"yoast_head":"<!-- This site is optimized with the Yoast SEO plugin v27.2 - https:\/\/yoast.com\/product\/yoast-seo-wordpress\/ -->\n<title>Pantal\u00f3n de presentaci\u00f3n adidas Squadra 21 negro\/blanco &#8211; Daisho<\/title>\n<meta name=\"description\" content=\"Los pantalones Adidas combinan comodidad y estilo. \u00a1Perfectos para tus sesiones deportivas! C\u00f3mpralos en www.daisho.be\/Daisho\" \/>\n<meta name=\"robots\" content=\"index, follow, max-snippet:-1, max-image-preview:large, max-video-preview:-1\" \/>\n<link rel=\"canonical\" href=\"https:\/\/www.daisho.be\/es\/produit\/pantalon-de-presentacion-adidas-squadra-21-negro-blanco\/\" \/>\n<meta property=\"og:locale\" content=\"es_ES\" \/>\n<meta property=\"og:type\" content=\"article\" \/>\n<meta property=\"og:title\" content=\"Pantal\u00f3n de presentaci\u00f3n adidas Squadra 21 negro\/blanco &#8211; Daisho\" \/>\n<meta property=\"og:description\" content=\"Los pantalones Adidas combinan comodidad y estilo. \u00a1Perfectos para tus sesiones deportivas! C\u00f3mpralos en www.daisho.be\/Daisho\" \/>\n<meta property=\"og:url\" content=\"https:\/\/www.daisho.be\/es\/produit\/pantalon-de-presentacion-adidas-squadra-21-negro-blanco\/\" \/>\n<meta property=\"og:site_name\" content=\"Daisho\" \/>\n<meta property=\"article:modified_time\" content=\"2025-02-27T10:14:16+00:00\" \/>\n<meta property=\"og:image\" content=\"https:\/\/www.daisho.be\/wp-content\/uploads\/2024\/06\/image-5.webp\" \/>\n\t<meta property=\"og:image:width\" content=\"1200\" \/>\n\t<meta property=\"og:image:height\" content=\"1200\" \/>\n\t<meta property=\"og:image:type\" content=\"image\/webp\" \/>\n<meta name=\"twitter:card\" content=\"summary_large_image\" \/>\n<meta name=\"twitter:label1\" content=\"Tiempo de lectura\" \/>\n\t<meta name=\"twitter:data1\" content=\"1 minuto\" \/>\n<script type=\"application\/ld+json\" class=\"yoast-schema-graph\">{\"@context\":\"https:\/\/schema.org\",\"@graph\":[{\"@type\":\"WebPage\",\"@id\":\"https:\/\/www.daisho.be\/es\/produit\/pantalon-de-presentacion-adidas-squadra-21-negro-blanco\/\",\"url\":\"https:\/\/www.daisho.be\/es\/produit\/pantalon-de-presentacion-adidas-squadra-21-negro-blanco\/\",\"name\":\"Pantal\u00f3n de presentaci\u00f3n adidas Squadra 21 negro\/blanco &#8211; Daisho\",\"isPartOf\":{\"@id\":\"https:\/\/www.daisho.be\/es\/#website\"},\"primaryImageOfPage\":{\"@id\":\"https:\/\/www.daisho.be\/es\/produit\/pantalon-de-presentacion-adidas-squadra-21-negro-blanco\/#primaryimage\"},\"image\":{\"@id\":\"https:\/\/www.daisho.be\/es\/produit\/pantalon-de-presentacion-adidas-squadra-21-negro-blanco\/#primaryimage\"},\"thumbnailUrl\":\"https:\/\/www.daisho.be\/wp-content\/uploads\/2024\/06\/image-5.webp\",\"datePublished\":\"2024-06-06T16:19:04+00:00\",\"dateModified\":\"2025-02-27T10:14:16+00:00\",\"description\":\"Los pantalones Adidas combinan comodidad y estilo. \u00a1Perfectos para tus sesiones deportivas! C\u00f3mpralos en www.daisho.be\/Daisho\",\"breadcrumb\":{\"@id\":\"https:\/\/www.daisho.be\/es\/produit\/pantalon-de-presentacion-adidas-squadra-21-negro-blanco\/#breadcrumb\"},\"inLanguage\":\"es\",\"potentialAction\":[{\"@type\":\"ReadAction\",\"target\":[\"https:\/\/www.daisho.be\/es\/produit\/pantalon-de-presentacion-adidas-squadra-21-negro-blanco\/\"]}]},{\"@type\":\"ImageObject\",\"inLanguage\":\"es\",\"@id\":\"https:\/\/www.daisho.be\/es\/produit\/pantalon-de-presentacion-adidas-squadra-21-negro-blanco\/#primaryimage\",\"url\":\"https:\/\/www.daisho.be\/wp-content\/uploads\/2024\/06\/image-5.webp\",\"contentUrl\":\"https:\/\/www.daisho.be\/wp-content\/uploads\/2024\/06\/image-5.webp\",\"width\":1200,\"height\":1200,\"caption\":\"Pantal\u00f3n de presentaci\u00f3n adidas Squadra 21 negro\/blanco-1\"},{\"@type\":\"BreadcrumbList\",\"@id\":\"https:\/\/www.daisho.be\/es\/produit\/pantalon-de-presentacion-adidas-squadra-21-negro-blanco\/#breadcrumb\",\"itemListElement\":[{\"@type\":\"ListItem\",\"position\":1,\"name\":\"Accueil\",\"item\":\"https:\/\/www.daisho.be\/es\/\"},{\"@type\":\"ListItem\",\"position\":2,\"name\":\"Productos\",\"item\":\"https:\/\/www.daisho.be\/es\/productos\/\"},{\"@type\":\"ListItem\",\"position\":3,\"name\":\"ADIDAS COMBAT SPORTS\",\"item\":\"https:\/\/www.daisho.be\/es\/categorie-produit\/adidas-combat-sports-es\/\"},{\"@type\":\"ListItem\",\"position\":4,\"name\":\"Kick-Boxing\",\"item\":\"https:\/\/www.daisho.be\/es\/categorie-produit\/adidas-combat-sports-es\/kick-boxing-es-2\/\"},{\"@type\":\"ListItem\",\"position\":5,\"name\":\"Ropa Adidas Kickboxing\",\"item\":\"https:\/\/www.daisho.be\/es\/categorie-produit\/adidas-combat-sports-es\/kick-boxing-es-2\/ropa-adidas-kickboxing\/\"},{\"@type\":\"ListItem\",\"position\":6,\"name\":\"Pantal\u00f3n de presentaci\u00f3n adidas Squadra 21 negro\/blanco\"}]},{\"@type\":\"WebSite\",\"@id\":\"https:\/\/www.daisho.be\/es\/#website\",\"url\":\"https:\/\/www.daisho.be\/es\/\",\"name\":\"Daisho\",\"description\":\"Sp&eacute;cialiste de l'&eacute;quipement sportif d'arts martiaux\",\"publisher\":{\"@id\":\"https:\/\/www.daisho.be\/es\/#organization\"},\"potentialAction\":[{\"@type\":\"SearchAction\",\"target\":{\"@type\":\"EntryPoint\",\"urlTemplate\":\"https:\/\/www.daisho.be\/es\/?s={search_term_string}\"},\"query-input\":{\"@type\":\"PropertyValueSpecification\",\"valueRequired\":true,\"valueName\":\"search_term_string\"}}],\"inLanguage\":\"es\"},{\"@type\":\"Organization\",\"@id\":\"https:\/\/www.daisho.be\/es\/#organization\",\"name\":\"Daisho\",\"url\":\"https:\/\/www.daisho.be\/es\/\",\"logo\":{\"@type\":\"ImageObject\",\"inLanguage\":\"es\",\"@id\":\"https:\/\/www.daisho.be\/es\/#\/schema\/logo\/image\/\",\"url\":\"https:\/\/www.daisho.be\/wp-content\/uploads\/2019\/07\/color-nothing-horizontale4x-e1564486100247.png\",\"contentUrl\":\"https:\/\/www.daisho.be\/wp-content\/uploads\/2019\/07\/color-nothing-horizontale4x-e1564486100247.png\",\"width\":1547,\"height\":385,\"caption\":\"Daisho\"},\"image\":{\"@id\":\"https:\/\/www.daisho.be\/es\/#\/schema\/logo\/image\/\"}}]}<\/script>\n<!-- \/ Yoast SEO plugin. -->","yoast_head_json":{"title":"Pantal\u00f3n de presentaci\u00f3n adidas Squadra 21 negro\/blanco &#8211; Daisho","description":"Los pantalones Adidas combinan comodidad y estilo. \u00a1Perfectos para tus sesiones deportivas! C\u00f3mpralos en www.daisho.be\/Daisho","robots":{"index":"index","follow":"follow","max-snippet":"max-snippet:-1","max-image-preview":"max-image-preview:large","max-video-preview":"max-video-preview:-1"},"canonical":"https:\/\/www.daisho.be\/es\/produit\/pantalon-de-presentacion-adidas-squadra-21-negro-blanco\/","og_locale":"es_ES","og_type":"article","og_title":"Pantal\u00f3n de presentaci\u00f3n adidas Squadra 21 negro\/blanco &#8211; Daisho","og_description":"Los pantalones Adidas combinan comodidad y estilo. \u00a1Perfectos para tus sesiones deportivas! C\u00f3mpralos en www.daisho.be\/Daisho","og_url":"https:\/\/www.daisho.be\/es\/produit\/pantalon-de-presentacion-adidas-squadra-21-negro-blanco\/","og_site_name":"Daisho","article_modified_time":"2025-02-27T10:14:16+00:00","og_image":[{"width":1200,"height":1200,"url":"https:\/\/www.daisho.be\/wp-content\/uploads\/2024\/06\/image-5.webp","type":"image\/webp"}],"twitter_card":"summary_large_image","twitter_misc":{"Tiempo de lectura":"1 minuto"},"schema":{"@context":"https:\/\/schema.org","@graph":[{"@type":"WebPage","@id":"https:\/\/www.daisho.be\/es\/produit\/pantalon-de-presentacion-adidas-squadra-21-negro-blanco\/","url":"https:\/\/www.daisho.be\/es\/produit\/pantalon-de-presentacion-adidas-squadra-21-negro-blanco\/","name":"Pantal\u00f3n de presentaci\u00f3n adidas Squadra 21 negro\/blanco &#8211; Daisho","isPartOf":{"@id":"https:\/\/www.daisho.be\/es\/#website"},"primaryImageOfPage":{"@id":"https:\/\/www.daisho.be\/es\/produit\/pantalon-de-presentacion-adidas-squadra-21-negro-blanco\/#primaryimage"},"image":{"@id":"https:\/\/www.daisho.be\/es\/produit\/pantalon-de-presentacion-adidas-squadra-21-negro-blanco\/#primaryimage"},"thumbnailUrl":"https:\/\/www.daisho.be\/wp-content\/uploads\/2024\/06\/image-5.webp","datePublished":"2024-06-06T16:19:04+00:00","dateModified":"2025-02-27T10:14:16+00:00","description":"Los pantalones Adidas combinan comodidad y estilo. \u00a1Perfectos para tus sesiones deportivas! C\u00f3mpralos en www.daisho.be\/Daisho","breadcrumb":{"@id":"https:\/\/www.daisho.be\/es\/produit\/pantalon-de-presentacion-adidas-squadra-21-negro-blanco\/#breadcrumb"},"inLanguage":"es","potentialAction":[{"@type":"ReadAction","target":["https:\/\/www.daisho.be\/es\/produit\/pantalon-de-presentacion-adidas-squadra-21-negro-blanco\/"]}]},{"@type":"ImageObject","inLanguage":"es","@id":"https:\/\/www.daisho.be\/es\/produit\/pantalon-de-presentacion-adidas-squadra-21-negro-blanco\/#primaryimage","url":"https:\/\/www.daisho.be\/wp-content\/uploads\/2024\/06\/image-5.webp","contentUrl":"https:\/\/www.daisho.be\/wp-content\/uploads\/2024\/06\/image-5.webp","width":1200,"height":1200,"caption":"Pantal\u00f3n de presentaci\u00f3n adidas Squadra 21 negro\/blanco-1"},{"@type":"BreadcrumbList","@id":"https:\/\/www.daisho.be\/es\/produit\/pantalon-de-presentacion-adidas-squadra-21-negro-blanco\/#breadcrumb","itemListElement":[{"@type":"ListItem","position":1,"name":"Accueil","item":"https:\/\/www.daisho.be\/es\/"},{"@type":"ListItem","position":2,"name":"Productos","item":"https:\/\/www.daisho.be\/es\/productos\/"},{"@type":"ListItem","position":3,"name":"ADIDAS COMBAT SPORTS","item":"https:\/\/www.daisho.be\/es\/categorie-produit\/adidas-combat-sports-es\/"},{"@type":"ListItem","position":4,"name":"Kick-Boxing","item":"https:\/\/www.daisho.be\/es\/categorie-produit\/adidas-combat-sports-es\/kick-boxing-es-2\/"},{"@type":"ListItem","position":5,"name":"Ropa Adidas Kickboxing","item":"https:\/\/www.daisho.be\/es\/categorie-produit\/adidas-combat-sports-es\/kick-boxing-es-2\/ropa-adidas-kickboxing\/"},{"@type":"ListItem","position":6,"name":"Pantal\u00f3n de presentaci\u00f3n adidas Squadra 21 negro\/blanco"}]},{"@type":"WebSite","@id":"https:\/\/www.daisho.be\/es\/#website","url":"https:\/\/www.daisho.be\/es\/","name":"Daisho","description":"Sp&eacute;cialiste de l'&eacute;quipement sportif d'arts martiaux","publisher":{"@id":"https:\/\/www.daisho.be\/es\/#organization"},"potentialAction":[{"@type":"SearchAction","target":{"@type":"EntryPoint","urlTemplate":"https:\/\/www.daisho.be\/es\/?s={search_term_string}"},"query-input":{"@type":"PropertyValueSpecification","valueRequired":true,"valueName":"search_term_string"}}],"inLanguage":"es"},{"@type":"Organization","@id":"https:\/\/www.daisho.be\/es\/#organization","name":"Daisho","url":"https:\/\/www.daisho.be\/es\/","logo":{"@type":"ImageObject","inLanguage":"es","@id":"https:\/\/www.daisho.be\/es\/#\/schema\/logo\/image\/","url":"https:\/\/www.daisho.be\/wp-content\/uploads\/2019\/07\/color-nothing-horizontale4x-e1564486100247.png","contentUrl":"https:\/\/www.daisho.be\/wp-content\/uploads\/2019\/07\/color-nothing-horizontale4x-e1564486100247.png","width":1547,"height":385,"caption":"Daisho"},"image":{"@id":"https:\/\/www.daisho.be\/es\/#\/schema\/logo\/image\/"}}]}},"_links":{"self":[{"href":"https:\/\/www.daisho.be\/es\/wp-json\/wp\/v2\/product\/415983","targetHints":{"allow":["GET"]}}],"collection":[{"href":"https:\/\/www.daisho.be\/es\/wp-json\/wp\/v2\/product"}],"about":[{"href":"https:\/\/www.daisho.be\/es\/wp-json\/wp\/v2\/types\/product"}],"replies":[{"embeddable":true,"href":"https:\/\/www.daisho.be\/es\/wp-json\/wp\/v2\/comments?post=415983"}],"wp:featuredmedia":[{"embeddable":true,"href":"https:\/\/www.daisho.be\/es\/wp-json\/wp\/v2\/media\/415955"}],"wp:attachment":[{"href":"https:\/\/www.daisho.be\/es\/wp-json\/wp\/v2\/media?parent=415983"}],"wp:term":[{"taxonomy":"product_brand","embeddable":true,"href":"https:\/\/www.daisho.be\/es\/wp-json\/wp\/v2\/product_brand?post=415983"},{"taxonomy":"product_cat","embeddable":true,"href":"https:\/\/www.daisho.be\/es\/wp-json\/wp\/v2\/product_cat?post=415983"},{"taxonomy":"product_tag","embeddable":true,"href":"https:\/\/www.daisho.be\/es\/wp-json\/wp\/v2\/product_tag?post=415983"},{"taxonomy":"sport","embeddable":true,"href":"https:\/\/www.daisho.be\/es\/wp-json\/wp\/v2\/sport?post=415983"}],"curies":[{"name":"wp","href":"https:\/\/api.w.org\/{rel}","templated":true}]}}