{"id":409371,"date":"2024-05-20T11:13:22","date_gmt":"2024-05-20T09:13:22","guid":{"rendered":"https:\/\/www.daisho.be\/produit\/bolsa-de-deporte-japon\/"},"modified":"2024-09-26T10:08:53","modified_gmt":"2024-09-26T08:08:53","slug":"bolsa-de-deporte-japon","status":"publish","type":"product","link":"https:\/\/www.daisho.be\/es\/produit\/bolsa-de-deporte-japon\/","title":{"rendered":"Bolsa de deporte-Jap\u00f3n"},"content":{"rendered":"<p>La bolsa de entrenamiento pr\u00e1ctica y manejable con la bandera japonesa en el bolsillo lateral. Con varios bolsillos laterales y muchos otros detalles. El interior de la bolsa tiene inserciones de malla adicionales para una mejor ventilaci\u00f3n. El forro interior es de color rojo en contraste, lo que facilita ver lo que hay dentro de la bolsa. La solapa lateral impresa se fija a la bolsa mediante un cierre de velcro y se puede sustituir si es necesario. La bolsa de deporte tiene dos asas reforzadas. La bolsa tambi\u00e9n tiene una correa larga para el hombro. Caracter\u00edsticas: Dimensiones totales 600 x 270 x 300 mm Material 100 % poli\u00e9ster Forro interior rojo con bolsillo con cremallera 1 bolsillo exterior peque\u00f1o (aprox. 20 x 12 x 2 cm) en el lado largo con cremallera y solapa frontal impresa 2 grandes bolsillos laterales exteriores de aprox. 9 cm de ancho 1 compartimento lateral transpirable con cremallera, adecuado para zapatos o ropa sucia 2 asas cortas de transporte con asa reforzada 1 correa ajustable para el hombro con asa reforzada con varias inserciones de malla para una mejor ventilaci\u00f3n de toda la bolsa volumen aprox. 49 litros solapa lateral imprimible intercambiable Tama\u00f1o 225 x 145 mm Color negro con correas grises  <\/p>\n","protected":false},"excerpt":{"rendered":"<p>La bolsa de entrenamiento pr\u00e1ctica y manejable con la bandera japonesa en el bolsillo lateral. Con varios bolsillos laterales y muchos otros detalles. El interior de la bolsa tiene inserciones de malla adicionales para una mejor ventilaci\u00f3n. El forro interior es de color rojo en contraste, lo que facilita ver lo que hay dentro de [&hellip;]<\/p>\n","protected":false},"featured_media":409340,"comment_status":"open","ping_status":"closed","template":"","meta":{"inline_featured_image":false},"product_brand":[],"product_cat":[1451,1452,1937],"product_tag":[1469],"sport":[],"class_list":{"0":"post-409371","1":"product","2":"type-product","3":"status-publish","4":"has-post-thumbnail","6":"product_cat-bolsas-de-deporte","7":"product_cat-bolsas-de-karate","8":"product_cat-sacos-de-judo","9":"product_tag-s-b-j-es","11":"first","12":"instock","13":"taxable","14":"shipping-taxable","15":"purchasable","16":"product-type-simple"},"yoast_head":"<!-- This site is optimized with the Yoast SEO plugin v27.2 - https:\/\/yoast.com\/product\/yoast-seo-wordpress\/ -->\n<title>Bolsa de deporte-Jap\u00f3n &#8211; Daisho<\/title>\n<meta name=\"description\" content=\"La bolsa de entrenamiento pr\u00e1ctica y manejable con la bandera japonesa en el bolsillo lateral.\" \/>\n<meta name=\"robots\" content=\"index, follow, max-snippet:-1, max-image-preview:large, max-video-preview:-1\" \/>\n<link rel=\"canonical\" href=\"https:\/\/www.daisho.be\/es\/produit\/bolsa-de-deporte-japon\/\" \/>\n<meta property=\"og:locale\" content=\"es_ES\" \/>\n<meta property=\"og:type\" content=\"article\" \/>\n<meta property=\"og:title\" content=\"Bolsa de deporte-Jap\u00f3n &#8211; Daisho\" \/>\n<meta property=\"og:description\" content=\"La bolsa de entrenamiento pr\u00e1ctica y manejable con la bandera japonesa en el bolsillo lateral.\" \/>\n<meta property=\"og:url\" content=\"https:\/\/www.daisho.be\/es\/produit\/bolsa-de-deporte-japon\/\" \/>\n<meta property=\"og:site_name\" content=\"Daisho\" \/>\n<meta property=\"article:modified_time\" content=\"2024-09-26T08:08:53+00:00\" \/>\n<meta property=\"og:image\" content=\"https:\/\/www.daisho.be\/wp-content\/uploads\/2024\/05\/image-36.webp\" \/>\n\t<meta property=\"og:image:width\" content=\"1200\" \/>\n\t<meta property=\"og:image:height\" content=\"606\" \/>\n\t<meta property=\"og:image:type\" content=\"image\/webp\" \/>\n<meta name=\"twitter:card\" content=\"summary_large_image\" \/>\n<meta name=\"twitter:label1\" content=\"Tiempo de lectura\" \/>\n\t<meta name=\"twitter:data1\" content=\"1 minuto\" \/>\n<script type=\"application\/ld+json\" class=\"yoast-schema-graph\">{\"@context\":\"https:\/\/schema.org\",\"@graph\":[{\"@type\":\"WebPage\",\"@id\":\"https:\/\/www.daisho.be\/es\/produit\/bolsa-de-deporte-japon\/\",\"url\":\"https:\/\/www.daisho.be\/es\/produit\/bolsa-de-deporte-japon\/\",\"name\":\"Bolsa de deporte-Jap\u00f3n &#8211; Daisho\",\"isPartOf\":{\"@id\":\"https:\/\/www.daisho.be\/es\/#website\"},\"primaryImageOfPage\":{\"@id\":\"https:\/\/www.daisho.be\/es\/produit\/bolsa-de-deporte-japon\/#primaryimage\"},\"image\":{\"@id\":\"https:\/\/www.daisho.be\/es\/produit\/bolsa-de-deporte-japon\/#primaryimage\"},\"thumbnailUrl\":\"https:\/\/www.daisho.be\/wp-content\/uploads\/2024\/05\/image-36.webp\",\"datePublished\":\"2024-05-20T09:13:22+00:00\",\"dateModified\":\"2024-09-26T08:08:53+00:00\",\"description\":\"La bolsa de entrenamiento pr\u00e1ctica y manejable con la bandera japonesa en el bolsillo lateral.\",\"breadcrumb\":{\"@id\":\"https:\/\/www.daisho.be\/es\/produit\/bolsa-de-deporte-japon\/#breadcrumb\"},\"inLanguage\":\"es\",\"potentialAction\":[{\"@type\":\"ReadAction\",\"target\":[\"https:\/\/www.daisho.be\/es\/produit\/bolsa-de-deporte-japon\/\"]}]},{\"@type\":\"ImageObject\",\"inLanguage\":\"es\",\"@id\":\"https:\/\/www.daisho.be\/es\/produit\/bolsa-de-deporte-japon\/#primaryimage\",\"url\":\"https:\/\/www.daisho.be\/wp-content\/uploads\/2024\/05\/image-36.webp\",\"contentUrl\":\"https:\/\/www.daisho.be\/wp-content\/uploads\/2024\/05\/image-36.webp\",\"width\":1200,\"height\":606,\"caption\":\"Bolsa de deporte-Jap\u00f3n-1\"},{\"@type\":\"BreadcrumbList\",\"@id\":\"https:\/\/www.daisho.be\/es\/produit\/bolsa-de-deporte-japon\/#breadcrumb\",\"itemListElement\":[{\"@type\":\"ListItem\",\"position\":1,\"name\":\"Accueil\",\"item\":\"https:\/\/www.daisho.be\/es\/\"},{\"@type\":\"ListItem\",\"position\":2,\"name\":\"Productos\",\"item\":\"https:\/\/www.daisho.be\/es\/productos\/\"},{\"@type\":\"ListItem\",\"position\":3,\"name\":\"Equipamiento y ropa para artes marciales y deportes de combate\",\"item\":\"https:\/\/www.daisho.be\/es\/categorie-produit\/equipamiento-y-ropa-para-artes-marciales-y-deportes-de-combate\/\"},{\"@type\":\"ListItem\",\"position\":4,\"name\":\"Karate\",\"item\":\"https:\/\/www.daisho.be\/es\/categorie-produit\/equipamiento-y-ropa-para-artes-marciales-y-deportes-de-combate\/karate-es-2\/\"},{\"@type\":\"ListItem\",\"position\":5,\"name\":\"Bolsas de k\u00e1rate\",\"item\":\"https:\/\/www.daisho.be\/es\/categorie-produit\/equipamiento-y-ropa-para-artes-marciales-y-deportes-de-combate\/karate-es-2\/bolsas-de-karate\/\"},{\"@type\":\"ListItem\",\"position\":6,\"name\":\"Bolsa de deporte-Jap\u00f3n\"}]},{\"@type\":\"WebSite\",\"@id\":\"https:\/\/www.daisho.be\/es\/#website\",\"url\":\"https:\/\/www.daisho.be\/es\/\",\"name\":\"Daisho\",\"description\":\"Sp&eacute;cialiste de l'&eacute;quipement sportif d'arts martiaux\",\"publisher\":{\"@id\":\"https:\/\/www.daisho.be\/es\/#organization\"},\"potentialAction\":[{\"@type\":\"SearchAction\",\"target\":{\"@type\":\"EntryPoint\",\"urlTemplate\":\"https:\/\/www.daisho.be\/es\/?s={search_term_string}\"},\"query-input\":{\"@type\":\"PropertyValueSpecification\",\"valueRequired\":true,\"valueName\":\"search_term_string\"}}],\"inLanguage\":\"es\"},{\"@type\":\"Organization\",\"@id\":\"https:\/\/www.daisho.be\/es\/#organization\",\"name\":\"Daisho\",\"url\":\"https:\/\/www.daisho.be\/es\/\",\"logo\":{\"@type\":\"ImageObject\",\"inLanguage\":\"es\",\"@id\":\"https:\/\/www.daisho.be\/es\/#\/schema\/logo\/image\/\",\"url\":\"https:\/\/www.daisho.be\/wp-content\/uploads\/2019\/07\/color-nothing-horizontale4x-e1564486100247.png\",\"contentUrl\":\"https:\/\/www.daisho.be\/wp-content\/uploads\/2019\/07\/color-nothing-horizontale4x-e1564486100247.png\",\"width\":1547,\"height\":385,\"caption\":\"Daisho\"},\"image\":{\"@id\":\"https:\/\/www.daisho.be\/es\/#\/schema\/logo\/image\/\"}}]}<\/script>\n<!-- \/ Yoast SEO plugin. -->","yoast_head_json":{"title":"Bolsa de deporte-Jap\u00f3n &#8211; Daisho","description":"La bolsa de entrenamiento pr\u00e1ctica y manejable con la bandera japonesa en el bolsillo lateral.","robots":{"index":"index","follow":"follow","max-snippet":"max-snippet:-1","max-image-preview":"max-image-preview:large","max-video-preview":"max-video-preview:-1"},"canonical":"https:\/\/www.daisho.be\/es\/produit\/bolsa-de-deporte-japon\/","og_locale":"es_ES","og_type":"article","og_title":"Bolsa de deporte-Jap\u00f3n &#8211; Daisho","og_description":"La bolsa de entrenamiento pr\u00e1ctica y manejable con la bandera japonesa en el bolsillo lateral.","og_url":"https:\/\/www.daisho.be\/es\/produit\/bolsa-de-deporte-japon\/","og_site_name":"Daisho","article_modified_time":"2024-09-26T08:08:53+00:00","og_image":[{"width":1200,"height":606,"url":"https:\/\/www.daisho.be\/wp-content\/uploads\/2024\/05\/image-36.webp","type":"image\/webp"}],"twitter_card":"summary_large_image","twitter_misc":{"Tiempo de lectura":"1 minuto"},"schema":{"@context":"https:\/\/schema.org","@graph":[{"@type":"WebPage","@id":"https:\/\/www.daisho.be\/es\/produit\/bolsa-de-deporte-japon\/","url":"https:\/\/www.daisho.be\/es\/produit\/bolsa-de-deporte-japon\/","name":"Bolsa de deporte-Jap\u00f3n &#8211; Daisho","isPartOf":{"@id":"https:\/\/www.daisho.be\/es\/#website"},"primaryImageOfPage":{"@id":"https:\/\/www.daisho.be\/es\/produit\/bolsa-de-deporte-japon\/#primaryimage"},"image":{"@id":"https:\/\/www.daisho.be\/es\/produit\/bolsa-de-deporte-japon\/#primaryimage"},"thumbnailUrl":"https:\/\/www.daisho.be\/wp-content\/uploads\/2024\/05\/image-36.webp","datePublished":"2024-05-20T09:13:22+00:00","dateModified":"2024-09-26T08:08:53+00:00","description":"La bolsa de entrenamiento pr\u00e1ctica y manejable con la bandera japonesa en el bolsillo lateral.","breadcrumb":{"@id":"https:\/\/www.daisho.be\/es\/produit\/bolsa-de-deporte-japon\/#breadcrumb"},"inLanguage":"es","potentialAction":[{"@type":"ReadAction","target":["https:\/\/www.daisho.be\/es\/produit\/bolsa-de-deporte-japon\/"]}]},{"@type":"ImageObject","inLanguage":"es","@id":"https:\/\/www.daisho.be\/es\/produit\/bolsa-de-deporte-japon\/#primaryimage","url":"https:\/\/www.daisho.be\/wp-content\/uploads\/2024\/05\/image-36.webp","contentUrl":"https:\/\/www.daisho.be\/wp-content\/uploads\/2024\/05\/image-36.webp","width":1200,"height":606,"caption":"Bolsa de deporte-Jap\u00f3n-1"},{"@type":"BreadcrumbList","@id":"https:\/\/www.daisho.be\/es\/produit\/bolsa-de-deporte-japon\/#breadcrumb","itemListElement":[{"@type":"ListItem","position":1,"name":"Accueil","item":"https:\/\/www.daisho.be\/es\/"},{"@type":"ListItem","position":2,"name":"Productos","item":"https:\/\/www.daisho.be\/es\/productos\/"},{"@type":"ListItem","position":3,"name":"Equipamiento y ropa para artes marciales y deportes de combate","item":"https:\/\/www.daisho.be\/es\/categorie-produit\/equipamiento-y-ropa-para-artes-marciales-y-deportes-de-combate\/"},{"@type":"ListItem","position":4,"name":"Karate","item":"https:\/\/www.daisho.be\/es\/categorie-produit\/equipamiento-y-ropa-para-artes-marciales-y-deportes-de-combate\/karate-es-2\/"},{"@type":"ListItem","position":5,"name":"Bolsas de k\u00e1rate","item":"https:\/\/www.daisho.be\/es\/categorie-produit\/equipamiento-y-ropa-para-artes-marciales-y-deportes-de-combate\/karate-es-2\/bolsas-de-karate\/"},{"@type":"ListItem","position":6,"name":"Bolsa de deporte-Jap\u00f3n"}]},{"@type":"WebSite","@id":"https:\/\/www.daisho.be\/es\/#website","url":"https:\/\/www.daisho.be\/es\/","name":"Daisho","description":"Sp&eacute;cialiste de l'&eacute;quipement sportif d'arts martiaux","publisher":{"@id":"https:\/\/www.daisho.be\/es\/#organization"},"potentialAction":[{"@type":"SearchAction","target":{"@type":"EntryPoint","urlTemplate":"https:\/\/www.daisho.be\/es\/?s={search_term_string}"},"query-input":{"@type":"PropertyValueSpecification","valueRequired":true,"valueName":"search_term_string"}}],"inLanguage":"es"},{"@type":"Organization","@id":"https:\/\/www.daisho.be\/es\/#organization","name":"Daisho","url":"https:\/\/www.daisho.be\/es\/","logo":{"@type":"ImageObject","inLanguage":"es","@id":"https:\/\/www.daisho.be\/es\/#\/schema\/logo\/image\/","url":"https:\/\/www.daisho.be\/wp-content\/uploads\/2019\/07\/color-nothing-horizontale4x-e1564486100247.png","contentUrl":"https:\/\/www.daisho.be\/wp-content\/uploads\/2019\/07\/color-nothing-horizontale4x-e1564486100247.png","width":1547,"height":385,"caption":"Daisho"},"image":{"@id":"https:\/\/www.daisho.be\/es\/#\/schema\/logo\/image\/"}}]}},"_links":{"self":[{"href":"https:\/\/www.daisho.be\/es\/wp-json\/wp\/v2\/product\/409371","targetHints":{"allow":["GET"]}}],"collection":[{"href":"https:\/\/www.daisho.be\/es\/wp-json\/wp\/v2\/product"}],"about":[{"href":"https:\/\/www.daisho.be\/es\/wp-json\/wp\/v2\/types\/product"}],"replies":[{"embeddable":true,"href":"https:\/\/www.daisho.be\/es\/wp-json\/wp\/v2\/comments?post=409371"}],"wp:featuredmedia":[{"embeddable":true,"href":"https:\/\/www.daisho.be\/es\/wp-json\/wp\/v2\/media\/409340"}],"wp:attachment":[{"href":"https:\/\/www.daisho.be\/es\/wp-json\/wp\/v2\/media?parent=409371"}],"wp:term":[{"taxonomy":"product_brand","embeddable":true,"href":"https:\/\/www.daisho.be\/es\/wp-json\/wp\/v2\/product_brand?post=409371"},{"taxonomy":"product_cat","embeddable":true,"href":"https:\/\/www.daisho.be\/es\/wp-json\/wp\/v2\/product_cat?post=409371"},{"taxonomy":"product_tag","embeddable":true,"href":"https:\/\/www.daisho.be\/es\/wp-json\/wp\/v2\/product_tag?post=409371"},{"taxonomy":"sport","embeddable":true,"href":"https:\/\/www.daisho.be\/es\/wp-json\/wp\/v2\/sport?post=409371"}],"curies":[{"name":"wp","href":"https:\/\/api.w.org\/{rel}","templated":true}]}}