{"id":409271,"date":"2024-05-20T10:29:41","date_gmt":"2024-05-20T08:29:41","guid":{"rendered":"https:\/\/www.daisho.be\/produit\/cuchillo-edc-con-hoja-marcadora\/"},"modified":"2026-02-06T16:44:14","modified_gmt":"2026-02-06T15:44:14","slug":"cuchillo-edc-con-hoja-marcadora","status":"publish","type":"product","link":"https:\/\/www.daisho.be\/es\/produit\/cuchillo-edc-con-hoja-marcadora\/","title":{"rendered":"CUCHILLO EDC CON HOJA MARCADORA"},"content":{"rendered":"<p>Cuchillo de entrenamiento de doble filo con hoja de rotulador.<br \/>\nPara mayor realismo, se fija a la hoja una tira de fieltro que se puede untar con tiza para marcar claramente cada impacto durante la pr\u00e1ctica.<\/p>\n<p>Fabricada en polipropileno moldeado por inyecci\u00f3n, est\u00e1 dise\u00f1ada para soportar un uso intensivo y prolongado sin comprometer su rendimiento.<br \/>\nSus puntas y bordes redondeados garantizan una conducci\u00f3n m\u00e1s segura que muchos otros modelos del mercado.<\/p>\n<p>Utilizado en todo el mundo por militares, agentes del orden y exigentes practicantes de artes marciales, satisface las necesidades de quienes se toman en serio su entrenamiento con cuchillos.<br \/>\nEste cuchillo de entrenamiento es, por tanto, una herramienta ideal, accesible y eficaz, ya sea para la lucha con cuchillos o para prepararse para la defensa personal ante una agresi\u00f3n armada.<\/p>\n<p>Gracias a su sistema de hoja de tiza, cada pulsaci\u00f3n es inmediatamente visible, lo que te permite mantener la concentraci\u00f3n y evaluar con precisi\u00f3n los intercambios.<\/p>\n","protected":false},"excerpt":{"rendered":"<p>Cuchillo de entrenamiento de doble filo con hoja de rotulador. Para mayor realismo, se fija a la hoja una tira de fieltro que se puede untar con tiza para marcar claramente cada impacto durante la pr\u00e1ctica. Fabricada en polipropileno moldeado por inyecci\u00f3n, est\u00e1 dise\u00f1ada para soportar un uso intensivo y prolongado sin comprometer su rendimiento. [&hellip;]<\/p>\n","protected":false},"featured_media":658374,"comment_status":"open","ping_status":"closed","template":"","meta":{"inline_featured_image":false},"product_brand":[],"product_cat":[1343,1354],"product_tag":[2495],"sport":[],"class_list":{"0":"post-409271","1":"product","2":"type-product","3":"status-publish","4":"has-post-thumbnail","6":"product_cat-armas","7":"product_cat-armas-de-krav-maga","8":"product_tag-sharkee-es","9":"pa_size-sans-taille-defaut","11":"first","12":"instock","13":"taxable","14":"shipping-taxable","15":"purchasable","16":"product-type-variable"},"yoast_head":"<!-- This site is optimized with the Yoast SEO plugin v27.2 - https:\/\/yoast.com\/product\/yoast-seo-wordpress\/ -->\n<title>CUCHILLO EDC CON HOJA MARCADORA &#8211; Daisho<\/title>\n<meta name=\"description\" content=\"Descubre el cuchillo de entrenamiento con hoja marcadora. Te ayudar\u00e1 a mejorar tu rendimiento. Encu\u00e9ntralo en www.daisho.be|Daisho\" \/>\n<meta name=\"robots\" content=\"index, follow, max-snippet:-1, max-image-preview:large, max-video-preview:-1\" \/>\n<link rel=\"canonical\" href=\"https:\/\/www.daisho.be\/es\/produit\/cuchillo-edc-con-hoja-marcadora\/\" \/>\n<meta property=\"og:locale\" content=\"es_ES\" \/>\n<meta property=\"og:type\" content=\"article\" \/>\n<meta property=\"og:title\" content=\"CUCHILLO EDC CON HOJA MARCADORA &#8211; Daisho\" \/>\n<meta property=\"og:description\" content=\"Descubre el cuchillo de entrenamiento con hoja marcadora. Te ayudar\u00e1 a mejorar tu rendimiento. Encu\u00e9ntralo en www.daisho.be|Daisho\" \/>\n<meta property=\"og:url\" content=\"https:\/\/www.daisho.be\/es\/produit\/cuchillo-edc-con-hoja-marcadora\/\" \/>\n<meta property=\"og:site_name\" content=\"Daisho\" \/>\n<meta property=\"article:modified_time\" content=\"2026-02-06T15:44:14+00:00\" \/>\n<meta property=\"og:image\" content=\"https:\/\/www.daisho.be\/wp-content\/uploads\/2026\/02\/image-9-scaled.jpg\" \/>\n\t<meta property=\"og:image:width\" content=\"1537\" \/>\n\t<meta property=\"og:image:height\" content=\"2048\" \/>\n\t<meta property=\"og:image:type\" content=\"image\/jpeg\" \/>\n<meta name=\"twitter:card\" content=\"summary_large_image\" \/>\n<meta name=\"twitter:label1\" content=\"Tiempo de lectura\" \/>\n\t<meta name=\"twitter:data1\" content=\"1 minuto\" \/>\n<script type=\"application\/ld+json\" class=\"yoast-schema-graph\">{\"@context\":\"https:\/\/schema.org\",\"@graph\":[{\"@type\":\"WebPage\",\"@id\":\"https:\/\/www.daisho.be\/es\/produit\/cuchillo-edc-con-hoja-marcadora\/\",\"url\":\"https:\/\/www.daisho.be\/es\/produit\/cuchillo-edc-con-hoja-marcadora\/\",\"name\":\"CUCHILLO EDC CON HOJA MARCADORA &#8211; Daisho\",\"isPartOf\":{\"@id\":\"https:\/\/www.daisho.be\/es\/#website\"},\"primaryImageOfPage\":{\"@id\":\"https:\/\/www.daisho.be\/es\/produit\/cuchillo-edc-con-hoja-marcadora\/#primaryimage\"},\"image\":{\"@id\":\"https:\/\/www.daisho.be\/es\/produit\/cuchillo-edc-con-hoja-marcadora\/#primaryimage\"},\"thumbnailUrl\":\"https:\/\/www.daisho.be\/wp-content\/uploads\/2026\/02\/image-9-scaled.jpg\",\"datePublished\":\"2024-05-20T08:29:41+00:00\",\"dateModified\":\"2026-02-06T15:44:14+00:00\",\"description\":\"Descubre el cuchillo de entrenamiento con hoja marcadora. Te ayudar\u00e1 a mejorar tu rendimiento. Encu\u00e9ntralo en www.daisho.be|Daisho\",\"breadcrumb\":{\"@id\":\"https:\/\/www.daisho.be\/es\/produit\/cuchillo-edc-con-hoja-marcadora\/#breadcrumb\"},\"inLanguage\":\"es\",\"potentialAction\":[{\"@type\":\"ReadAction\",\"target\":[\"https:\/\/www.daisho.be\/es\/produit\/cuchillo-edc-con-hoja-marcadora\/\"]}]},{\"@type\":\"ImageObject\",\"inLanguage\":\"es\",\"@id\":\"https:\/\/www.daisho.be\/es\/produit\/cuchillo-edc-con-hoja-marcadora\/#primaryimage\",\"url\":\"https:\/\/www.daisho.be\/wp-content\/uploads\/2026\/02\/image-9-scaled.jpg\",\"contentUrl\":\"https:\/\/www.daisho.be\/wp-content\/uploads\/2026\/02\/image-9-scaled.jpg\",\"width\":1537,\"height\":2048,\"caption\":\"CUCHILLO EDC CON HOJA MARCADORA-1\"},{\"@type\":\"BreadcrumbList\",\"@id\":\"https:\/\/www.daisho.be\/es\/produit\/cuchillo-edc-con-hoja-marcadora\/#breadcrumb\",\"itemListElement\":[{\"@type\":\"ListItem\",\"position\":1,\"name\":\"Accueil\",\"item\":\"https:\/\/www.daisho.be\/es\/\"},{\"@type\":\"ListItem\",\"position\":2,\"name\":\"Productos\",\"item\":\"https:\/\/www.daisho.be\/es\/productos\/\"},{\"@type\":\"ListItem\",\"position\":3,\"name\":\"Equipamiento y ropa para artes marciales y deportes de combate\",\"item\":\"https:\/\/www.daisho.be\/es\/categorie-produit\/equipamiento-y-ropa-para-artes-marciales-y-deportes-de-combate\/\"},{\"@type\":\"ListItem\",\"position\":4,\"name\":\"Krav Maga\",\"item\":\"https:\/\/www.daisho.be\/es\/categorie-produit\/equipamiento-y-ropa-para-artes-marciales-y-deportes-de-combate\/krav-maga-es\/\"},{\"@type\":\"ListItem\",\"position\":5,\"name\":\"Armas de Krav Maga\",\"item\":\"https:\/\/www.daisho.be\/es\/categorie-produit\/equipamiento-y-ropa-para-artes-marciales-y-deportes-de-combate\/krav-maga-es\/armas-de-krav-maga\/\"},{\"@type\":\"ListItem\",\"position\":6,\"name\":\"CUCHILLO EDC CON HOJA MARCADORA\"}]},{\"@type\":\"WebSite\",\"@id\":\"https:\/\/www.daisho.be\/es\/#website\",\"url\":\"https:\/\/www.daisho.be\/es\/\",\"name\":\"Daisho\",\"description\":\"Sp&eacute;cialiste de l'&eacute;quipement sportif d'arts martiaux\",\"publisher\":{\"@id\":\"https:\/\/www.daisho.be\/es\/#organization\"},\"potentialAction\":[{\"@type\":\"SearchAction\",\"target\":{\"@type\":\"EntryPoint\",\"urlTemplate\":\"https:\/\/www.daisho.be\/es\/?s={search_term_string}\"},\"query-input\":{\"@type\":\"PropertyValueSpecification\",\"valueRequired\":true,\"valueName\":\"search_term_string\"}}],\"inLanguage\":\"es\"},{\"@type\":\"Organization\",\"@id\":\"https:\/\/www.daisho.be\/es\/#organization\",\"name\":\"Daisho\",\"url\":\"https:\/\/www.daisho.be\/es\/\",\"logo\":{\"@type\":\"ImageObject\",\"inLanguage\":\"es\",\"@id\":\"https:\/\/www.daisho.be\/es\/#\/schema\/logo\/image\/\",\"url\":\"https:\/\/www.daisho.be\/wp-content\/uploads\/2019\/07\/color-nothing-horizontale4x-e1564486100247.png\",\"contentUrl\":\"https:\/\/www.daisho.be\/wp-content\/uploads\/2019\/07\/color-nothing-horizontale4x-e1564486100247.png\",\"width\":1547,\"height\":385,\"caption\":\"Daisho\"},\"image\":{\"@id\":\"https:\/\/www.daisho.be\/es\/#\/schema\/logo\/image\/\"}}]}<\/script>\n<!-- \/ Yoast SEO plugin. -->","yoast_head_json":{"title":"CUCHILLO EDC CON HOJA MARCADORA &#8211; Daisho","description":"Descubre el cuchillo de entrenamiento con hoja marcadora. Te ayudar\u00e1 a mejorar tu rendimiento. Encu\u00e9ntralo en www.daisho.be|Daisho","robots":{"index":"index","follow":"follow","max-snippet":"max-snippet:-1","max-image-preview":"max-image-preview:large","max-video-preview":"max-video-preview:-1"},"canonical":"https:\/\/www.daisho.be\/es\/produit\/cuchillo-edc-con-hoja-marcadora\/","og_locale":"es_ES","og_type":"article","og_title":"CUCHILLO EDC CON HOJA MARCADORA &#8211; Daisho","og_description":"Descubre el cuchillo de entrenamiento con hoja marcadora. Te ayudar\u00e1 a mejorar tu rendimiento. Encu\u00e9ntralo en www.daisho.be|Daisho","og_url":"https:\/\/www.daisho.be\/es\/produit\/cuchillo-edc-con-hoja-marcadora\/","og_site_name":"Daisho","article_modified_time":"2026-02-06T15:44:14+00:00","og_image":[{"width":1537,"height":2048,"url":"https:\/\/www.daisho.be\/wp-content\/uploads\/2026\/02\/image-9-scaled.jpg","type":"image\/jpeg"}],"twitter_card":"summary_large_image","twitter_misc":{"Tiempo de lectura":"1 minuto"},"schema":{"@context":"https:\/\/schema.org","@graph":[{"@type":"WebPage","@id":"https:\/\/www.daisho.be\/es\/produit\/cuchillo-edc-con-hoja-marcadora\/","url":"https:\/\/www.daisho.be\/es\/produit\/cuchillo-edc-con-hoja-marcadora\/","name":"CUCHILLO EDC CON HOJA MARCADORA &#8211; Daisho","isPartOf":{"@id":"https:\/\/www.daisho.be\/es\/#website"},"primaryImageOfPage":{"@id":"https:\/\/www.daisho.be\/es\/produit\/cuchillo-edc-con-hoja-marcadora\/#primaryimage"},"image":{"@id":"https:\/\/www.daisho.be\/es\/produit\/cuchillo-edc-con-hoja-marcadora\/#primaryimage"},"thumbnailUrl":"https:\/\/www.daisho.be\/wp-content\/uploads\/2026\/02\/image-9-scaled.jpg","datePublished":"2024-05-20T08:29:41+00:00","dateModified":"2026-02-06T15:44:14+00:00","description":"Descubre el cuchillo de entrenamiento con hoja marcadora. Te ayudar\u00e1 a mejorar tu rendimiento. Encu\u00e9ntralo en www.daisho.be|Daisho","breadcrumb":{"@id":"https:\/\/www.daisho.be\/es\/produit\/cuchillo-edc-con-hoja-marcadora\/#breadcrumb"},"inLanguage":"es","potentialAction":[{"@type":"ReadAction","target":["https:\/\/www.daisho.be\/es\/produit\/cuchillo-edc-con-hoja-marcadora\/"]}]},{"@type":"ImageObject","inLanguage":"es","@id":"https:\/\/www.daisho.be\/es\/produit\/cuchillo-edc-con-hoja-marcadora\/#primaryimage","url":"https:\/\/www.daisho.be\/wp-content\/uploads\/2026\/02\/image-9-scaled.jpg","contentUrl":"https:\/\/www.daisho.be\/wp-content\/uploads\/2026\/02\/image-9-scaled.jpg","width":1537,"height":2048,"caption":"CUCHILLO EDC CON HOJA MARCADORA-1"},{"@type":"BreadcrumbList","@id":"https:\/\/www.daisho.be\/es\/produit\/cuchillo-edc-con-hoja-marcadora\/#breadcrumb","itemListElement":[{"@type":"ListItem","position":1,"name":"Accueil","item":"https:\/\/www.daisho.be\/es\/"},{"@type":"ListItem","position":2,"name":"Productos","item":"https:\/\/www.daisho.be\/es\/productos\/"},{"@type":"ListItem","position":3,"name":"Equipamiento y ropa para artes marciales y deportes de combate","item":"https:\/\/www.daisho.be\/es\/categorie-produit\/equipamiento-y-ropa-para-artes-marciales-y-deportes-de-combate\/"},{"@type":"ListItem","position":4,"name":"Krav Maga","item":"https:\/\/www.daisho.be\/es\/categorie-produit\/equipamiento-y-ropa-para-artes-marciales-y-deportes-de-combate\/krav-maga-es\/"},{"@type":"ListItem","position":5,"name":"Armas de Krav Maga","item":"https:\/\/www.daisho.be\/es\/categorie-produit\/equipamiento-y-ropa-para-artes-marciales-y-deportes-de-combate\/krav-maga-es\/armas-de-krav-maga\/"},{"@type":"ListItem","position":6,"name":"CUCHILLO EDC CON HOJA MARCADORA"}]},{"@type":"WebSite","@id":"https:\/\/www.daisho.be\/es\/#website","url":"https:\/\/www.daisho.be\/es\/","name":"Daisho","description":"Sp&eacute;cialiste de l'&eacute;quipement sportif d'arts martiaux","publisher":{"@id":"https:\/\/www.daisho.be\/es\/#organization"},"potentialAction":[{"@type":"SearchAction","target":{"@type":"EntryPoint","urlTemplate":"https:\/\/www.daisho.be\/es\/?s={search_term_string}"},"query-input":{"@type":"PropertyValueSpecification","valueRequired":true,"valueName":"search_term_string"}}],"inLanguage":"es"},{"@type":"Organization","@id":"https:\/\/www.daisho.be\/es\/#organization","name":"Daisho","url":"https:\/\/www.daisho.be\/es\/","logo":{"@type":"ImageObject","inLanguage":"es","@id":"https:\/\/www.daisho.be\/es\/#\/schema\/logo\/image\/","url":"https:\/\/www.daisho.be\/wp-content\/uploads\/2019\/07\/color-nothing-horizontale4x-e1564486100247.png","contentUrl":"https:\/\/www.daisho.be\/wp-content\/uploads\/2019\/07\/color-nothing-horizontale4x-e1564486100247.png","width":1547,"height":385,"caption":"Daisho"},"image":{"@id":"https:\/\/www.daisho.be\/es\/#\/schema\/logo\/image\/"}}]}},"_links":{"self":[{"href":"https:\/\/www.daisho.be\/es\/wp-json\/wp\/v2\/product\/409271","targetHints":{"allow":["GET"]}}],"collection":[{"href":"https:\/\/www.daisho.be\/es\/wp-json\/wp\/v2\/product"}],"about":[{"href":"https:\/\/www.daisho.be\/es\/wp-json\/wp\/v2\/types\/product"}],"replies":[{"embeddable":true,"href":"https:\/\/www.daisho.be\/es\/wp-json\/wp\/v2\/comments?post=409271"}],"wp:featuredmedia":[{"embeddable":true,"href":"https:\/\/www.daisho.be\/es\/wp-json\/wp\/v2\/media\/658374"}],"wp:attachment":[{"href":"https:\/\/www.daisho.be\/es\/wp-json\/wp\/v2\/media?parent=409271"}],"wp:term":[{"taxonomy":"product_brand","embeddable":true,"href":"https:\/\/www.daisho.be\/es\/wp-json\/wp\/v2\/product_brand?post=409271"},{"taxonomy":"product_cat","embeddable":true,"href":"https:\/\/www.daisho.be\/es\/wp-json\/wp\/v2\/product_cat?post=409271"},{"taxonomy":"product_tag","embeddable":true,"href":"https:\/\/www.daisho.be\/es\/wp-json\/wp\/v2\/product_tag?post=409271"},{"taxonomy":"sport","embeddable":true,"href":"https:\/\/www.daisho.be\/es\/wp-json\/wp\/v2\/sport?post=409271"}],"curies":[{"name":"wp","href":"https:\/\/api.w.org\/{rel}","templated":true}]}}