{"id":409240,"date":"2024-05-20T10:23:12","date_gmt":"2024-05-20T08:23:12","guid":{"rendered":"https:\/\/www.daisho.be\/produit\/cojin-de-pared-20x20-cm\/"},"modified":"2026-03-11T10:02:53","modified_gmt":"2026-03-11T09:02:53","slug":"cojin-de-pared-20x20-cm","status":"publish","type":"product","link":"https:\/\/www.daisho.be\/es\/produit\/cojin-de-pared-20x20-cm\/","title":{"rendered":"Coj\u00edn de pared 20&#215;20 cm"},"content":{"rendered":"<p>Almohadilla para pelda\u00f1os de alta calidad en imitaci\u00f3n de cuero resistente para montaje en pared (se suministra sin material de fijaci\u00f3n).<br \/>\nEl coj\u00edn Pu\u00f1etazo en la pared est\u00e1 disponible en diferentes tama\u00f1os. Para que no haya l\u00edmites a tus posibilidades de entrenamiento.<br \/>\nAdecuado para todos los entrenamientos de boxeo, kickboxing, k\u00e1rate, lucha libre, taekwondo y MMA.<\/p>\n<p>Caracter\u00edsticas:<br \/>\ncolor: negro\/rojo<br \/>\nmaterial: imitaci\u00f3n de cuero resistente<br \/>\ndimensiones: 20x20x10 cm aprox.<\/p>\n","protected":false},"excerpt":{"rendered":"<p>Almohadilla para pelda\u00f1os de alta calidad en imitaci\u00f3n de cuero resistente para montaje en pared (se suministra sin material de fijaci\u00f3n). El coj\u00edn Pu\u00f1etazo en la pared est\u00e1 disponible en diferentes tama\u00f1os. Para que no haya l\u00edmites a tus posibilidades de entrenamiento. Adecuado para todos los entrenamientos de boxeo, kickboxing, k\u00e1rate, lucha libre, taekwondo y [&hellip;]<\/p>\n","protected":false},"featured_media":409224,"comment_status":"open","ping_status":"closed","template":"","meta":{"inline_featured_image":false},"product_brand":[],"product_cat":[1322,1301,1325,1321],"product_tag":[1469],"sport":[],"class_list":{"0":"post-409240","1":"product","2":"type-product","3":"status-publish","4":"has-post-thumbnail","6":"product_cat-equipo-de-entrenamiento-de-kickboxing","7":"product_cat-material-de-entrenamiento-de-karate","8":"product_cat-sacos-de-boxeo-es","9":"product_cat-sacos-de-boxeo","10":"product_tag-s-b-j-es","12":"first","13":"instock","14":"sale","15":"taxable","16":"shipping-taxable","17":"purchasable","18":"product-type-simple"},"yoast_head":"<!-- This site is optimized with the Yoast SEO plugin v27.2 - https:\/\/yoast.com\/product\/yoast-seo-wordpress\/ -->\n<title>Coj\u00edn de pared 20x20 cm &#8211; Daisho<\/title>\n<meta name=\"description\" content=\"\u00bfNecesitas un coj\u00edn de pegada montado en la pared? Mira \u00e9ste en www.daisho.be|Daisho. Adecuado para todo tipo de entrenamientos, boxeo, k\u00e1rate,...\" \/>\n<meta name=\"robots\" content=\"index, follow, max-snippet:-1, max-image-preview:large, max-video-preview:-1\" \/>\n<link rel=\"canonical\" href=\"https:\/\/www.daisho.be\/es\/produit\/cojin-de-pared-20x20-cm\/\" \/>\n<meta property=\"og:locale\" content=\"es_ES\" \/>\n<meta property=\"og:type\" content=\"article\" \/>\n<meta property=\"og:title\" content=\"Coj\u00edn de pared 20x20 cm &#8211; Daisho\" \/>\n<meta property=\"og:description\" content=\"\u00bfNecesitas un coj\u00edn de pegada montado en la pared? Mira \u00e9ste en www.daisho.be|Daisho. Adecuado para todo tipo de entrenamientos, boxeo, k\u00e1rate,...\" \/>\n<meta property=\"og:url\" content=\"https:\/\/www.daisho.be\/es\/produit\/cojin-de-pared-20x20-cm\/\" \/>\n<meta property=\"og:site_name\" content=\"Daisho\" \/>\n<meta property=\"article:modified_time\" content=\"2026-03-11T09:02:53+00:00\" \/>\n<meta property=\"og:image\" content=\"https:\/\/www.daisho.be\/wp-content\/uploads\/2024\/05\/image-27.webp\" \/>\n\t<meta property=\"og:image:width\" content=\"1200\" \/>\n\t<meta property=\"og:image:height\" content=\"1081\" \/>\n\t<meta property=\"og:image:type\" content=\"image\/webp\" \/>\n<meta name=\"twitter:card\" content=\"summary_large_image\" \/>\n<script type=\"application\/ld+json\" class=\"yoast-schema-graph\">{\"@context\":\"https:\/\/schema.org\",\"@graph\":[{\"@type\":\"WebPage\",\"@id\":\"https:\/\/www.daisho.be\/es\/produit\/cojin-de-pared-20x20-cm\/\",\"url\":\"https:\/\/www.daisho.be\/es\/produit\/cojin-de-pared-20x20-cm\/\",\"name\":\"Coj\u00edn de pared 20x20 cm &#8211; Daisho\",\"isPartOf\":{\"@id\":\"https:\/\/www.daisho.be\/es\/#website\"},\"primaryImageOfPage\":{\"@id\":\"https:\/\/www.daisho.be\/es\/produit\/cojin-de-pared-20x20-cm\/#primaryimage\"},\"image\":{\"@id\":\"https:\/\/www.daisho.be\/es\/produit\/cojin-de-pared-20x20-cm\/#primaryimage\"},\"thumbnailUrl\":\"https:\/\/www.daisho.be\/wp-content\/uploads\/2024\/05\/image-27.webp\",\"datePublished\":\"2024-05-20T08:23:12+00:00\",\"dateModified\":\"2026-03-11T09:02:53+00:00\",\"description\":\"\u00bfNecesitas un coj\u00edn de pegada montado en la pared? Mira \u00e9ste en www.daisho.be|Daisho. Adecuado para todo tipo de entrenamientos, boxeo, k\u00e1rate,...\",\"breadcrumb\":{\"@id\":\"https:\/\/www.daisho.be\/es\/produit\/cojin-de-pared-20x20-cm\/#breadcrumb\"},\"inLanguage\":\"es\",\"potentialAction\":[{\"@type\":\"ReadAction\",\"target\":[\"https:\/\/www.daisho.be\/es\/produit\/cojin-de-pared-20x20-cm\/\"]}]},{\"@type\":\"ImageObject\",\"inLanguage\":\"es\",\"@id\":\"https:\/\/www.daisho.be\/es\/produit\/cojin-de-pared-20x20-cm\/#primaryimage\",\"url\":\"https:\/\/www.daisho.be\/wp-content\/uploads\/2024\/05\/image-27.webp\",\"contentUrl\":\"https:\/\/www.daisho.be\/wp-content\/uploads\/2024\/05\/image-27.webp\",\"width\":1200,\"height\":1081,\"caption\":\"Coj\u00edn de pared 20x20 cm-1\"},{\"@type\":\"BreadcrumbList\",\"@id\":\"https:\/\/www.daisho.be\/es\/produit\/cojin-de-pared-20x20-cm\/#breadcrumb\",\"itemListElement\":[{\"@type\":\"ListItem\",\"position\":1,\"name\":\"Accueil\",\"item\":\"https:\/\/www.daisho.be\/es\/\"},{\"@type\":\"ListItem\",\"position\":2,\"name\":\"Productos\",\"item\":\"https:\/\/www.daisho.be\/es\/productos\/\"},{\"@type\":\"ListItem\",\"position\":3,\"name\":\"Equipamiento y ropa para artes marciales y deportes de combate\",\"item\":\"https:\/\/www.daisho.be\/es\/categorie-produit\/equipamiento-y-ropa-para-artes-marciales-y-deportes-de-combate\/\"},{\"@type\":\"ListItem\",\"position\":4,\"name\":\"Kick Boxing\",\"item\":\"https:\/\/www.daisho.be\/es\/categorie-produit\/equipamiento-y-ropa-para-artes-marciales-y-deportes-de-combate\/kick-boxing-es\/\"},{\"@type\":\"ListItem\",\"position\":5,\"name\":\"Equipo de entrenamiento de kickboxing\",\"item\":\"https:\/\/www.daisho.be\/es\/categorie-produit\/equipamiento-y-ropa-para-artes-marciales-y-deportes-de-combate\/kick-boxing-es\/equipo-de-entrenamiento-de-kickboxing\/\"},{\"@type\":\"ListItem\",\"position\":6,\"name\":\"Coj\u00edn de pared 20&#215;20 cm\"}]},{\"@type\":\"WebSite\",\"@id\":\"https:\/\/www.daisho.be\/es\/#website\",\"url\":\"https:\/\/www.daisho.be\/es\/\",\"name\":\"Daisho\",\"description\":\"Sp&eacute;cialiste de l'&eacute;quipement sportif d'arts martiaux\",\"publisher\":{\"@id\":\"https:\/\/www.daisho.be\/es\/#organization\"},\"potentialAction\":[{\"@type\":\"SearchAction\",\"target\":{\"@type\":\"EntryPoint\",\"urlTemplate\":\"https:\/\/www.daisho.be\/es\/?s={search_term_string}\"},\"query-input\":{\"@type\":\"PropertyValueSpecification\",\"valueRequired\":true,\"valueName\":\"search_term_string\"}}],\"inLanguage\":\"es\"},{\"@type\":\"Organization\",\"@id\":\"https:\/\/www.daisho.be\/es\/#organization\",\"name\":\"Daisho\",\"url\":\"https:\/\/www.daisho.be\/es\/\",\"logo\":{\"@type\":\"ImageObject\",\"inLanguage\":\"es\",\"@id\":\"https:\/\/www.daisho.be\/es\/#\/schema\/logo\/image\/\",\"url\":\"https:\/\/www.daisho.be\/wp-content\/uploads\/2019\/07\/color-nothing-horizontale4x-e1564486100247.png\",\"contentUrl\":\"https:\/\/www.daisho.be\/wp-content\/uploads\/2019\/07\/color-nothing-horizontale4x-e1564486100247.png\",\"width\":1547,\"height\":385,\"caption\":\"Daisho\"},\"image\":{\"@id\":\"https:\/\/www.daisho.be\/es\/#\/schema\/logo\/image\/\"}}]}<\/script>\n<!-- \/ Yoast SEO plugin. -->","yoast_head_json":{"title":"Coj\u00edn de pared 20x20 cm &#8211; Daisho","description":"\u00bfNecesitas un coj\u00edn de pegada montado en la pared? Mira \u00e9ste en www.daisho.be|Daisho. Adecuado para todo tipo de entrenamientos, boxeo, k\u00e1rate,...","robots":{"index":"index","follow":"follow","max-snippet":"max-snippet:-1","max-image-preview":"max-image-preview:large","max-video-preview":"max-video-preview:-1"},"canonical":"https:\/\/www.daisho.be\/es\/produit\/cojin-de-pared-20x20-cm\/","og_locale":"es_ES","og_type":"article","og_title":"Coj\u00edn de pared 20x20 cm &#8211; Daisho","og_description":"\u00bfNecesitas un coj\u00edn de pegada montado en la pared? Mira \u00e9ste en www.daisho.be|Daisho. Adecuado para todo tipo de entrenamientos, boxeo, k\u00e1rate,...","og_url":"https:\/\/www.daisho.be\/es\/produit\/cojin-de-pared-20x20-cm\/","og_site_name":"Daisho","article_modified_time":"2026-03-11T09:02:53+00:00","og_image":[{"width":1200,"height":1081,"url":"https:\/\/www.daisho.be\/wp-content\/uploads\/2024\/05\/image-27.webp","type":"image\/webp"}],"twitter_card":"summary_large_image","schema":{"@context":"https:\/\/schema.org","@graph":[{"@type":"WebPage","@id":"https:\/\/www.daisho.be\/es\/produit\/cojin-de-pared-20x20-cm\/","url":"https:\/\/www.daisho.be\/es\/produit\/cojin-de-pared-20x20-cm\/","name":"Coj\u00edn de pared 20x20 cm &#8211; Daisho","isPartOf":{"@id":"https:\/\/www.daisho.be\/es\/#website"},"primaryImageOfPage":{"@id":"https:\/\/www.daisho.be\/es\/produit\/cojin-de-pared-20x20-cm\/#primaryimage"},"image":{"@id":"https:\/\/www.daisho.be\/es\/produit\/cojin-de-pared-20x20-cm\/#primaryimage"},"thumbnailUrl":"https:\/\/www.daisho.be\/wp-content\/uploads\/2024\/05\/image-27.webp","datePublished":"2024-05-20T08:23:12+00:00","dateModified":"2026-03-11T09:02:53+00:00","description":"\u00bfNecesitas un coj\u00edn de pegada montado en la pared? Mira \u00e9ste en www.daisho.be|Daisho. Adecuado para todo tipo de entrenamientos, boxeo, k\u00e1rate,...","breadcrumb":{"@id":"https:\/\/www.daisho.be\/es\/produit\/cojin-de-pared-20x20-cm\/#breadcrumb"},"inLanguage":"es","potentialAction":[{"@type":"ReadAction","target":["https:\/\/www.daisho.be\/es\/produit\/cojin-de-pared-20x20-cm\/"]}]},{"@type":"ImageObject","inLanguage":"es","@id":"https:\/\/www.daisho.be\/es\/produit\/cojin-de-pared-20x20-cm\/#primaryimage","url":"https:\/\/www.daisho.be\/wp-content\/uploads\/2024\/05\/image-27.webp","contentUrl":"https:\/\/www.daisho.be\/wp-content\/uploads\/2024\/05\/image-27.webp","width":1200,"height":1081,"caption":"Coj\u00edn de pared 20x20 cm-1"},{"@type":"BreadcrumbList","@id":"https:\/\/www.daisho.be\/es\/produit\/cojin-de-pared-20x20-cm\/#breadcrumb","itemListElement":[{"@type":"ListItem","position":1,"name":"Accueil","item":"https:\/\/www.daisho.be\/es\/"},{"@type":"ListItem","position":2,"name":"Productos","item":"https:\/\/www.daisho.be\/es\/productos\/"},{"@type":"ListItem","position":3,"name":"Equipamiento y ropa para artes marciales y deportes de combate","item":"https:\/\/www.daisho.be\/es\/categorie-produit\/equipamiento-y-ropa-para-artes-marciales-y-deportes-de-combate\/"},{"@type":"ListItem","position":4,"name":"Kick Boxing","item":"https:\/\/www.daisho.be\/es\/categorie-produit\/equipamiento-y-ropa-para-artes-marciales-y-deportes-de-combate\/kick-boxing-es\/"},{"@type":"ListItem","position":5,"name":"Equipo de entrenamiento de kickboxing","item":"https:\/\/www.daisho.be\/es\/categorie-produit\/equipamiento-y-ropa-para-artes-marciales-y-deportes-de-combate\/kick-boxing-es\/equipo-de-entrenamiento-de-kickboxing\/"},{"@type":"ListItem","position":6,"name":"Coj\u00edn de pared 20&#215;20 cm"}]},{"@type":"WebSite","@id":"https:\/\/www.daisho.be\/es\/#website","url":"https:\/\/www.daisho.be\/es\/","name":"Daisho","description":"Sp&eacute;cialiste de l'&eacute;quipement sportif d'arts martiaux","publisher":{"@id":"https:\/\/www.daisho.be\/es\/#organization"},"potentialAction":[{"@type":"SearchAction","target":{"@type":"EntryPoint","urlTemplate":"https:\/\/www.daisho.be\/es\/?s={search_term_string}"},"query-input":{"@type":"PropertyValueSpecification","valueRequired":true,"valueName":"search_term_string"}}],"inLanguage":"es"},{"@type":"Organization","@id":"https:\/\/www.daisho.be\/es\/#organization","name":"Daisho","url":"https:\/\/www.daisho.be\/es\/","logo":{"@type":"ImageObject","inLanguage":"es","@id":"https:\/\/www.daisho.be\/es\/#\/schema\/logo\/image\/","url":"https:\/\/www.daisho.be\/wp-content\/uploads\/2019\/07\/color-nothing-horizontale4x-e1564486100247.png","contentUrl":"https:\/\/www.daisho.be\/wp-content\/uploads\/2019\/07\/color-nothing-horizontale4x-e1564486100247.png","width":1547,"height":385,"caption":"Daisho"},"image":{"@id":"https:\/\/www.daisho.be\/es\/#\/schema\/logo\/image\/"}}]}},"_links":{"self":[{"href":"https:\/\/www.daisho.be\/es\/wp-json\/wp\/v2\/product\/409240","targetHints":{"allow":["GET"]}}],"collection":[{"href":"https:\/\/www.daisho.be\/es\/wp-json\/wp\/v2\/product"}],"about":[{"href":"https:\/\/www.daisho.be\/es\/wp-json\/wp\/v2\/types\/product"}],"replies":[{"embeddable":true,"href":"https:\/\/www.daisho.be\/es\/wp-json\/wp\/v2\/comments?post=409240"}],"wp:featuredmedia":[{"embeddable":true,"href":"https:\/\/www.daisho.be\/es\/wp-json\/wp\/v2\/media\/409224"}],"wp:attachment":[{"href":"https:\/\/www.daisho.be\/es\/wp-json\/wp\/v2\/media?parent=409240"}],"wp:term":[{"taxonomy":"product_brand","embeddable":true,"href":"https:\/\/www.daisho.be\/es\/wp-json\/wp\/v2\/product_brand?post=409240"},{"taxonomy":"product_cat","embeddable":true,"href":"https:\/\/www.daisho.be\/es\/wp-json\/wp\/v2\/product_cat?post=409240"},{"taxonomy":"product_tag","embeddable":true,"href":"https:\/\/www.daisho.be\/es\/wp-json\/wp\/v2\/product_tag?post=409240"},{"taxonomy":"sport","embeddable":true,"href":"https:\/\/www.daisho.be\/es\/wp-json\/wp\/v2\/sport?post=409240"}],"curies":[{"name":"wp","href":"https:\/\/api.w.org\/{rel}","templated":true}]}}