{"id":404658,"date":"2024-05-11T11:38:21","date_gmt":"2024-05-11T09:38:21","guid":{"rendered":"https:\/\/www.daisho.be\/produit\/guantes-de-boxeo-adidas-speed-175-de-cuero-rojo\/"},"modified":"2024-05-17T10:11:20","modified_gmt":"2024-05-17T08:11:20","slug":"guantes-de-boxeo-adidas-speed-175-de-cuero-rojo","status":"publish","type":"product","link":"https:\/\/www.daisho.be\/es\/produit\/guantes-de-boxeo-adidas-speed-175-de-cuero-rojo\/","title":{"rendered":"Guantes de boxeo adidas Speed 175 de cuero rojo"},"content":{"rendered":"<p>El guante de boxeo est\u00e1 fabricado con aut\u00e9ntica piel de vaca en el exterior.<br \/>\nLa Speed 175 est\u00e1 acolchada con malla de espuma PU Bond pura preformada.<br \/>\nLa correa de velcro garantiza un ajuste seguro y el acolchado de espuma absorbe los impactos.<br \/>\nEl guante de boxeo rojo est\u00e1 disponible en las tallas 10-12-14-16 Oz.<\/p>\n<p>Caracter\u00edsticas:<\/p>\n<p>  Material: cuero de vaca<br \/>\n  Color: rojo<br \/>\n  Acolchado: Espuma Bond PU con refuerzo de malla<br \/>\n  Cierre: Velcro<br \/>\n  Tama\u00f1o: 10-12-14-16 onzas<br \/>\n  Se suministran por pares<\/p>\n","protected":false},"excerpt":{"rendered":"<p>El guante de boxeo est\u00e1 fabricado con aut\u00e9ntica piel de vaca en el exterior. La Speed 175 est\u00e1 acolchada con malla de espuma PU Bond pura preformada. La correa de velcro garantiza un ajuste seguro y el acolchado de espuma absorbe los impactos. El guante de boxeo rojo est\u00e1 disponible en las tallas 10-12-14-16 Oz. [&hellip;]<\/p>\n","protected":false},"featured_media":404652,"comment_status":"open","ping_status":"closed","template":"","meta":{"inline_featured_image":false},"product_brand":[],"product_cat":[1434,1691,1424,1591],"product_tag":[1560],"sport":[448,446,455],"class_list":{"0":"post-404658","1":"product","2":"type-product","3":"status-publish","4":"has-post-thumbnail","6":"product_cat-guantes-de-boxeo","7":"product_cat-guantes-de-boxeo-adidas","8":"product_cat-guantes-de-kickboxing","9":"product_cat-protectores-adidas-kickboxing","10":"product_tag-adidas-es","11":"pa_size-372","12":"pa_size-371","13":"pa_size-370","14":"pa_size-461","15":"sport-kick-boxing","16":"sport-boxe","17":"sport-muay-thai","19":"first","20":"instock","21":"taxable","22":"shipping-taxable","23":"purchasable","24":"product-type-variable"},"yoast_head":"<!-- This site is optimized with the Yoast SEO plugin v27.2 - https:\/\/yoast.com\/product\/yoast-seo-wordpress\/ -->\n<title>Guantes de boxeo adidas Speed 175 de cuero rojo &#8211; Daisho<\/title>\n<meta name=\"description\" content=\"Guantes de boxeo adidas Speed 175 de piel roja. Excelentes guantes para boxeo, kick-boxing o Muay-Thai. Encu\u00e9ntralos en Daisho.\" \/>\n<meta name=\"robots\" content=\"index, follow, max-snippet:-1, max-image-preview:large, max-video-preview:-1\" \/>\n<link rel=\"canonical\" href=\"https:\/\/www.daisho.be\/es\/produit\/guantes-de-boxeo-adidas-speed-175-de-cuero-rojo\/\" \/>\n<meta property=\"og:locale\" content=\"es_ES\" \/>\n<meta property=\"og:type\" content=\"article\" \/>\n<meta property=\"og:title\" content=\"Guantes de boxeo adidas Speed 175 de cuero rojo &#8211; Daisho\" \/>\n<meta property=\"og:description\" content=\"Guantes de boxeo adidas Speed 175 de piel roja. Excelentes guantes para boxeo, kick-boxing o Muay-Thai. Encu\u00e9ntralos en Daisho.\" \/>\n<meta property=\"og:url\" content=\"https:\/\/www.daisho.be\/es\/produit\/guantes-de-boxeo-adidas-speed-175-de-cuero-rojo\/\" \/>\n<meta property=\"og:site_name\" content=\"Daisho\" \/>\n<meta property=\"article:modified_time\" content=\"2024-05-17T08:11:20+00:00\" \/>\n<meta property=\"og:image\" content=\"https:\/\/www.daisho.be\/wp-content\/uploads\/2024\/05\/image-15.webp\" \/>\n\t<meta property=\"og:image:width\" content=\"1200\" \/>\n\t<meta property=\"og:image:height\" content=\"893\" \/>\n\t<meta property=\"og:image:type\" content=\"image\/webp\" \/>\n<meta name=\"twitter:card\" content=\"summary_large_image\" \/>\n<script type=\"application\/ld+json\" class=\"yoast-schema-graph\">{\"@context\":\"https:\/\/schema.org\",\"@graph\":[{\"@type\":\"WebPage\",\"@id\":\"https:\/\/www.daisho.be\/es\/produit\/guantes-de-boxeo-adidas-speed-175-de-cuero-rojo\/\",\"url\":\"https:\/\/www.daisho.be\/es\/produit\/guantes-de-boxeo-adidas-speed-175-de-cuero-rojo\/\",\"name\":\"Guantes de boxeo adidas Speed 175 de cuero rojo &#8211; Daisho\",\"isPartOf\":{\"@id\":\"https:\/\/www.daisho.be\/es\/#website\"},\"primaryImageOfPage\":{\"@id\":\"https:\/\/www.daisho.be\/es\/produit\/guantes-de-boxeo-adidas-speed-175-de-cuero-rojo\/#primaryimage\"},\"image\":{\"@id\":\"https:\/\/www.daisho.be\/es\/produit\/guantes-de-boxeo-adidas-speed-175-de-cuero-rojo\/#primaryimage\"},\"thumbnailUrl\":\"https:\/\/www.daisho.be\/wp-content\/uploads\/2024\/05\/image-15.webp\",\"datePublished\":\"2024-05-11T09:38:21+00:00\",\"dateModified\":\"2024-05-17T08:11:20+00:00\",\"description\":\"Guantes de boxeo adidas Speed 175 de piel roja. Excelentes guantes para boxeo, kick-boxing o Muay-Thai. Encu\u00e9ntralos en Daisho.\",\"breadcrumb\":{\"@id\":\"https:\/\/www.daisho.be\/es\/produit\/guantes-de-boxeo-adidas-speed-175-de-cuero-rojo\/#breadcrumb\"},\"inLanguage\":\"es\",\"potentialAction\":[{\"@type\":\"ReadAction\",\"target\":[\"https:\/\/www.daisho.be\/es\/produit\/guantes-de-boxeo-adidas-speed-175-de-cuero-rojo\/\"]}]},{\"@type\":\"ImageObject\",\"inLanguage\":\"es\",\"@id\":\"https:\/\/www.daisho.be\/es\/produit\/guantes-de-boxeo-adidas-speed-175-de-cuero-rojo\/#primaryimage\",\"url\":\"https:\/\/www.daisho.be\/wp-content\/uploads\/2024\/05\/image-15.webp\",\"contentUrl\":\"https:\/\/www.daisho.be\/wp-content\/uploads\/2024\/05\/image-15.webp\",\"width\":1200,\"height\":893,\"caption\":\"Guantes de boxeo de piel adidas Speed 175 rojo-1\"},{\"@type\":\"BreadcrumbList\",\"@id\":\"https:\/\/www.daisho.be\/es\/produit\/guantes-de-boxeo-adidas-speed-175-de-cuero-rojo\/#breadcrumb\",\"itemListElement\":[{\"@type\":\"ListItem\",\"position\":1,\"name\":\"Accueil\",\"item\":\"https:\/\/www.daisho.be\/es\/\"},{\"@type\":\"ListItem\",\"position\":2,\"name\":\"Productos\",\"item\":\"https:\/\/www.daisho.be\/es\/productos\/\"},{\"@type\":\"ListItem\",\"position\":3,\"name\":\"Equipamiento y ropa para artes marciales y deportes de combate\",\"item\":\"https:\/\/www.daisho.be\/es\/categorie-produit\/equipamiento-y-ropa-para-artes-marciales-y-deportes-de-combate\/\"},{\"@type\":\"ListItem\",\"position\":4,\"name\":\"Boxeo\",\"item\":\"https:\/\/www.daisho.be\/es\/categorie-produit\/equipamiento-y-ropa-para-artes-marciales-y-deportes-de-combate\/boxeo-es\/\"},{\"@type\":\"ListItem\",\"position\":5,\"name\":\"Guantes de boxeo\",\"item\":\"https:\/\/www.daisho.be\/es\/categorie-produit\/equipamiento-y-ropa-para-artes-marciales-y-deportes-de-combate\/boxeo-es\/guantes-de-boxeo\/\"},{\"@type\":\"ListItem\",\"position\":6,\"name\":\"Guantes de boxeo adidas Speed 175 de cuero rojo\"}]},{\"@type\":\"WebSite\",\"@id\":\"https:\/\/www.daisho.be\/es\/#website\",\"url\":\"https:\/\/www.daisho.be\/es\/\",\"name\":\"Daisho\",\"description\":\"Sp&eacute;cialiste de l'&eacute;quipement sportif d'arts martiaux\",\"publisher\":{\"@id\":\"https:\/\/www.daisho.be\/es\/#organization\"},\"potentialAction\":[{\"@type\":\"SearchAction\",\"target\":{\"@type\":\"EntryPoint\",\"urlTemplate\":\"https:\/\/www.daisho.be\/es\/?s={search_term_string}\"},\"query-input\":{\"@type\":\"PropertyValueSpecification\",\"valueRequired\":true,\"valueName\":\"search_term_string\"}}],\"inLanguage\":\"es\"},{\"@type\":\"Organization\",\"@id\":\"https:\/\/www.daisho.be\/es\/#organization\",\"name\":\"Daisho\",\"url\":\"https:\/\/www.daisho.be\/es\/\",\"logo\":{\"@type\":\"ImageObject\",\"inLanguage\":\"es\",\"@id\":\"https:\/\/www.daisho.be\/es\/#\/schema\/logo\/image\/\",\"url\":\"https:\/\/www.daisho.be\/wp-content\/uploads\/2019\/07\/color-nothing-horizontale4x-e1564486100247.png\",\"contentUrl\":\"https:\/\/www.daisho.be\/wp-content\/uploads\/2019\/07\/color-nothing-horizontale4x-e1564486100247.png\",\"width\":1547,\"height\":385,\"caption\":\"Daisho\"},\"image\":{\"@id\":\"https:\/\/www.daisho.be\/es\/#\/schema\/logo\/image\/\"}}]}<\/script>\n<!-- \/ Yoast SEO plugin. -->","yoast_head_json":{"title":"Guantes de boxeo adidas Speed 175 de cuero rojo &#8211; Daisho","description":"Guantes de boxeo adidas Speed 175 de piel roja. Excelentes guantes para boxeo, kick-boxing o Muay-Thai. Encu\u00e9ntralos en Daisho.","robots":{"index":"index","follow":"follow","max-snippet":"max-snippet:-1","max-image-preview":"max-image-preview:large","max-video-preview":"max-video-preview:-1"},"canonical":"https:\/\/www.daisho.be\/es\/produit\/guantes-de-boxeo-adidas-speed-175-de-cuero-rojo\/","og_locale":"es_ES","og_type":"article","og_title":"Guantes de boxeo adidas Speed 175 de cuero rojo &#8211; Daisho","og_description":"Guantes de boxeo adidas Speed 175 de piel roja. Excelentes guantes para boxeo, kick-boxing o Muay-Thai. Encu\u00e9ntralos en Daisho.","og_url":"https:\/\/www.daisho.be\/es\/produit\/guantes-de-boxeo-adidas-speed-175-de-cuero-rojo\/","og_site_name":"Daisho","article_modified_time":"2024-05-17T08:11:20+00:00","og_image":[{"width":1200,"height":893,"url":"https:\/\/www.daisho.be\/wp-content\/uploads\/2024\/05\/image-15.webp","type":"image\/webp"}],"twitter_card":"summary_large_image","schema":{"@context":"https:\/\/schema.org","@graph":[{"@type":"WebPage","@id":"https:\/\/www.daisho.be\/es\/produit\/guantes-de-boxeo-adidas-speed-175-de-cuero-rojo\/","url":"https:\/\/www.daisho.be\/es\/produit\/guantes-de-boxeo-adidas-speed-175-de-cuero-rojo\/","name":"Guantes de boxeo adidas Speed 175 de cuero rojo &#8211; Daisho","isPartOf":{"@id":"https:\/\/www.daisho.be\/es\/#website"},"primaryImageOfPage":{"@id":"https:\/\/www.daisho.be\/es\/produit\/guantes-de-boxeo-adidas-speed-175-de-cuero-rojo\/#primaryimage"},"image":{"@id":"https:\/\/www.daisho.be\/es\/produit\/guantes-de-boxeo-adidas-speed-175-de-cuero-rojo\/#primaryimage"},"thumbnailUrl":"https:\/\/www.daisho.be\/wp-content\/uploads\/2024\/05\/image-15.webp","datePublished":"2024-05-11T09:38:21+00:00","dateModified":"2024-05-17T08:11:20+00:00","description":"Guantes de boxeo adidas Speed 175 de piel roja. Excelentes guantes para boxeo, kick-boxing o Muay-Thai. Encu\u00e9ntralos en Daisho.","breadcrumb":{"@id":"https:\/\/www.daisho.be\/es\/produit\/guantes-de-boxeo-adidas-speed-175-de-cuero-rojo\/#breadcrumb"},"inLanguage":"es","potentialAction":[{"@type":"ReadAction","target":["https:\/\/www.daisho.be\/es\/produit\/guantes-de-boxeo-adidas-speed-175-de-cuero-rojo\/"]}]},{"@type":"ImageObject","inLanguage":"es","@id":"https:\/\/www.daisho.be\/es\/produit\/guantes-de-boxeo-adidas-speed-175-de-cuero-rojo\/#primaryimage","url":"https:\/\/www.daisho.be\/wp-content\/uploads\/2024\/05\/image-15.webp","contentUrl":"https:\/\/www.daisho.be\/wp-content\/uploads\/2024\/05\/image-15.webp","width":1200,"height":893,"caption":"Guantes de boxeo de piel adidas Speed 175 rojo-1"},{"@type":"BreadcrumbList","@id":"https:\/\/www.daisho.be\/es\/produit\/guantes-de-boxeo-adidas-speed-175-de-cuero-rojo\/#breadcrumb","itemListElement":[{"@type":"ListItem","position":1,"name":"Accueil","item":"https:\/\/www.daisho.be\/es\/"},{"@type":"ListItem","position":2,"name":"Productos","item":"https:\/\/www.daisho.be\/es\/productos\/"},{"@type":"ListItem","position":3,"name":"Equipamiento y ropa para artes marciales y deportes de combate","item":"https:\/\/www.daisho.be\/es\/categorie-produit\/equipamiento-y-ropa-para-artes-marciales-y-deportes-de-combate\/"},{"@type":"ListItem","position":4,"name":"Boxeo","item":"https:\/\/www.daisho.be\/es\/categorie-produit\/equipamiento-y-ropa-para-artes-marciales-y-deportes-de-combate\/boxeo-es\/"},{"@type":"ListItem","position":5,"name":"Guantes de boxeo","item":"https:\/\/www.daisho.be\/es\/categorie-produit\/equipamiento-y-ropa-para-artes-marciales-y-deportes-de-combate\/boxeo-es\/guantes-de-boxeo\/"},{"@type":"ListItem","position":6,"name":"Guantes de boxeo adidas Speed 175 de cuero rojo"}]},{"@type":"WebSite","@id":"https:\/\/www.daisho.be\/es\/#website","url":"https:\/\/www.daisho.be\/es\/","name":"Daisho","description":"Sp&eacute;cialiste de l'&eacute;quipement sportif d'arts martiaux","publisher":{"@id":"https:\/\/www.daisho.be\/es\/#organization"},"potentialAction":[{"@type":"SearchAction","target":{"@type":"EntryPoint","urlTemplate":"https:\/\/www.daisho.be\/es\/?s={search_term_string}"},"query-input":{"@type":"PropertyValueSpecification","valueRequired":true,"valueName":"search_term_string"}}],"inLanguage":"es"},{"@type":"Organization","@id":"https:\/\/www.daisho.be\/es\/#organization","name":"Daisho","url":"https:\/\/www.daisho.be\/es\/","logo":{"@type":"ImageObject","inLanguage":"es","@id":"https:\/\/www.daisho.be\/es\/#\/schema\/logo\/image\/","url":"https:\/\/www.daisho.be\/wp-content\/uploads\/2019\/07\/color-nothing-horizontale4x-e1564486100247.png","contentUrl":"https:\/\/www.daisho.be\/wp-content\/uploads\/2019\/07\/color-nothing-horizontale4x-e1564486100247.png","width":1547,"height":385,"caption":"Daisho"},"image":{"@id":"https:\/\/www.daisho.be\/es\/#\/schema\/logo\/image\/"}}]}},"_links":{"self":[{"href":"https:\/\/www.daisho.be\/es\/wp-json\/wp\/v2\/product\/404658","targetHints":{"allow":["GET"]}}],"collection":[{"href":"https:\/\/www.daisho.be\/es\/wp-json\/wp\/v2\/product"}],"about":[{"href":"https:\/\/www.daisho.be\/es\/wp-json\/wp\/v2\/types\/product"}],"replies":[{"embeddable":true,"href":"https:\/\/www.daisho.be\/es\/wp-json\/wp\/v2\/comments?post=404658"}],"wp:featuredmedia":[{"embeddable":true,"href":"https:\/\/www.daisho.be\/es\/wp-json\/wp\/v2\/media\/404652"}],"wp:attachment":[{"href":"https:\/\/www.daisho.be\/es\/wp-json\/wp\/v2\/media?parent=404658"}],"wp:term":[{"taxonomy":"product_brand","embeddable":true,"href":"https:\/\/www.daisho.be\/es\/wp-json\/wp\/v2\/product_brand?post=404658"},{"taxonomy":"product_cat","embeddable":true,"href":"https:\/\/www.daisho.be\/es\/wp-json\/wp\/v2\/product_cat?post=404658"},{"taxonomy":"product_tag","embeddable":true,"href":"https:\/\/www.daisho.be\/es\/wp-json\/wp\/v2\/product_tag?post=404658"},{"taxonomy":"sport","embeddable":true,"href":"https:\/\/www.daisho.be\/es\/wp-json\/wp\/v2\/sport?post=404658"}],"curies":[{"name":"wp","href":"https:\/\/api.w.org\/{rel}","templated":true}]}}