{"id":392518,"date":"2024-04-20T14:49:31","date_gmt":"2024-04-20T12:49:31","guid":{"rendered":"https:\/\/www.daisho.be\/produit\/adidas-adilette-ducha-sandalias-de-bano\/"},"modified":"2024-09-03T13:20:33","modified_gmt":"2024-09-03T11:20:33","slug":"adidas-adilette-ducha-sandalias-de-bano","status":"publish","type":"product","link":"https:\/\/www.daisho.be\/es\/produit\/adidas-adilette-ducha-sandalias-de-bano\/","title":{"rendered":"Adidas -Adilette Ducha- sandalias de ba\u00f1o"},"content":{"rendered":"<p>La adidas Adilette Shower es la sandalia de ba\u00f1o perfecta para hombre. Fabricado con un material suave y transpirable para una comodidad \u00f3ptima del pie. La suela es antideslizante y proporciona un buen agarre en superficies mojadas. Caracter\u00edsticas: &#8211; Material suave y transpirable &#8211; \u00d3ptimo confort del pie &#8211; Suela antideslizante &#8211; Buen agarre en superficies mojadas  <\/p>\n","protected":false},"excerpt":{"rendered":"<p>La adidas Adilette Shower es la sandalia de ba\u00f1o perfecta para hombre. Fabricado con un material suave y transpirable para una comodidad \u00f3ptima del pie. La suela es antideslizante y proporciona un buen agarre en superficies mojadas. Caracter\u00edsticas: &#8211; Material suave y transpirable &#8211; \u00d3ptimo confort del pie &#8211; Suela antideslizante &#8211; Buen agarre en [&hellip;]<\/p>\n","protected":false},"featured_media":392512,"comment_status":"open","ping_status":"closed","template":"","meta":{"inline_featured_image":false},"product_brand":[],"product_cat":[1390,1576,1581,1495],"product_tag":[1560],"sport":[],"class_list":{"0":"post-392518","1":"product","2":"type-product","3":"status-publish","4":"has-post-thumbnail","6":"product_cat-ropa-de-karate","7":"product_cat-ropa-de-karate-adidas","8":"product_cat-ropa-deportiva-de-combate-adidas","9":"product_cat-zapatos","10":"product_tag-adidas-es","11":"pa_size-399","12":"pa_size-398","13":"pa_size-397","14":"pa_size-40-1-2","15":"pa_size-394","16":"pa_size-393","17":"pa_size-390","18":"pa_size-389","19":"pa_size-48-1-2","21":"first","22":"instock","23":"taxable","24":"shipping-taxable","25":"purchasable","26":"product-type-variable"},"yoast_head":"<!-- This site is optimized with the Yoast SEO plugin v27.2 - https:\/\/yoast.com\/product\/yoast-seo-wordpress\/ -->\n<title>Adidas -Adilette Ducha- sandalias de ba\u00f1o &#8211; Daisho<\/title>\n<meta name=\"description\" content=\"\u00a1La adidas Adilette Shower es la sandalia de ba\u00f1o! Proporciona un buen agarre en superficies mojadas y una comodidad \u00f3ptima para el pie.\" \/>\n<meta name=\"robots\" content=\"index, follow, max-snippet:-1, max-image-preview:large, max-video-preview:-1\" \/>\n<link rel=\"canonical\" href=\"https:\/\/www.daisho.be\/es\/produit\/adidas-adilette-ducha-sandalias-de-bano\/\" \/>\n<meta property=\"og:locale\" content=\"es_ES\" \/>\n<meta property=\"og:type\" content=\"article\" \/>\n<meta property=\"og:title\" content=\"Adidas -Adilette Ducha- sandalias de ba\u00f1o &#8211; Daisho\" \/>\n<meta property=\"og:description\" content=\"\u00a1La adidas Adilette Shower es la sandalia de ba\u00f1o! Proporciona un buen agarre en superficies mojadas y una comodidad \u00f3ptima para el pie.\" \/>\n<meta property=\"og:url\" content=\"https:\/\/www.daisho.be\/es\/produit\/adidas-adilette-ducha-sandalias-de-bano\/\" \/>\n<meta property=\"og:site_name\" content=\"Daisho\" \/>\n<meta property=\"article:modified_time\" content=\"2024-09-03T11:20:33+00:00\" \/>\n<meta property=\"og:image\" content=\"https:\/\/www.daisho.be\/wp-content\/uploads\/2024\/04\/image-78.jpg\" \/>\n\t<meta property=\"og:image:width\" content=\"1200\" \/>\n\t<meta property=\"og:image:height\" content=\"1200\" \/>\n\t<meta property=\"og:image:type\" content=\"image\/jpeg\" \/>\n<meta name=\"twitter:card\" content=\"summary_large_image\" \/>\n<script type=\"application\/ld+json\" class=\"yoast-schema-graph\">{\"@context\":\"https:\/\/schema.org\",\"@graph\":[{\"@type\":\"WebPage\",\"@id\":\"https:\/\/www.daisho.be\/es\/produit\/adidas-adilette-ducha-sandalias-de-bano\/\",\"url\":\"https:\/\/www.daisho.be\/es\/produit\/adidas-adilette-ducha-sandalias-de-bano\/\",\"name\":\"Adidas -Adilette Ducha- sandalias de ba\u00f1o &#8211; Daisho\",\"isPartOf\":{\"@id\":\"https:\/\/www.daisho.be\/es\/#website\"},\"primaryImageOfPage\":{\"@id\":\"https:\/\/www.daisho.be\/es\/produit\/adidas-adilette-ducha-sandalias-de-bano\/#primaryimage\"},\"image\":{\"@id\":\"https:\/\/www.daisho.be\/es\/produit\/adidas-adilette-ducha-sandalias-de-bano\/#primaryimage\"},\"thumbnailUrl\":\"https:\/\/www.daisho.be\/wp-content\/uploads\/2024\/04\/image-78.jpg\",\"datePublished\":\"2024-04-20T12:49:31+00:00\",\"dateModified\":\"2024-09-03T11:20:33+00:00\",\"description\":\"\u00a1La adidas Adilette Shower es la sandalia de ba\u00f1o! Proporciona un buen agarre en superficies mojadas y una comodidad \u00f3ptima para el pie.\",\"breadcrumb\":{\"@id\":\"https:\/\/www.daisho.be\/es\/produit\/adidas-adilette-ducha-sandalias-de-bano\/#breadcrumb\"},\"inLanguage\":\"es\",\"potentialAction\":[{\"@type\":\"ReadAction\",\"target\":[\"https:\/\/www.daisho.be\/es\/produit\/adidas-adilette-ducha-sandalias-de-bano\/\"]}]},{\"@type\":\"ImageObject\",\"inLanguage\":\"es\",\"@id\":\"https:\/\/www.daisho.be\/es\/produit\/adidas-adilette-ducha-sandalias-de-bano\/#primaryimage\",\"url\":\"https:\/\/www.daisho.be\/wp-content\/uploads\/2024\/04\/image-78.jpg\",\"contentUrl\":\"https:\/\/www.daisho.be\/wp-content\/uploads\/2024\/04\/image-78.jpg\",\"width\":1200,\"height\":1200,\"caption\":\"Sandalia de ba\u00f1o Adidas -Adilette Ducha--1\"},{\"@type\":\"BreadcrumbList\",\"@id\":\"https:\/\/www.daisho.be\/es\/produit\/adidas-adilette-ducha-sandalias-de-bano\/#breadcrumb\",\"itemListElement\":[{\"@type\":\"ListItem\",\"position\":1,\"name\":\"Accueil\",\"item\":\"https:\/\/www.daisho.be\/es\/\"},{\"@type\":\"ListItem\",\"position\":2,\"name\":\"Productos\",\"item\":\"https:\/\/www.daisho.be\/es\/productos\/\"},{\"@type\":\"ListItem\",\"position\":3,\"name\":\"Equipamiento y ropa para artes marciales y deportes de combate\",\"item\":\"https:\/\/www.daisho.be\/es\/categorie-produit\/equipamiento-y-ropa-para-artes-marciales-y-deportes-de-combate\/\"},{\"@type\":\"ListItem\",\"position\":4,\"name\":\"Karate\",\"item\":\"https:\/\/www.daisho.be\/es\/categorie-produit\/equipamiento-y-ropa-para-artes-marciales-y-deportes-de-combate\/karate-es-2\/\"},{\"@type\":\"ListItem\",\"position\":5,\"name\":\"Ropa de k\u00e1rate\",\"item\":\"https:\/\/www.daisho.be\/es\/categorie-produit\/equipamiento-y-ropa-para-artes-marciales-y-deportes-de-combate\/karate-es-2\/ropa-de-karate\/\"},{\"@type\":\"ListItem\",\"position\":6,\"name\":\"Adidas -Adilette Ducha- sandalias de ba\u00f1o\"}]},{\"@type\":\"WebSite\",\"@id\":\"https:\/\/www.daisho.be\/es\/#website\",\"url\":\"https:\/\/www.daisho.be\/es\/\",\"name\":\"Daisho\",\"description\":\"Sp&eacute;cialiste de l'&eacute;quipement sportif d'arts martiaux\",\"publisher\":{\"@id\":\"https:\/\/www.daisho.be\/es\/#organization\"},\"potentialAction\":[{\"@type\":\"SearchAction\",\"target\":{\"@type\":\"EntryPoint\",\"urlTemplate\":\"https:\/\/www.daisho.be\/es\/?s={search_term_string}\"},\"query-input\":{\"@type\":\"PropertyValueSpecification\",\"valueRequired\":true,\"valueName\":\"search_term_string\"}}],\"inLanguage\":\"es\"},{\"@type\":\"Organization\",\"@id\":\"https:\/\/www.daisho.be\/es\/#organization\",\"name\":\"Daisho\",\"url\":\"https:\/\/www.daisho.be\/es\/\",\"logo\":{\"@type\":\"ImageObject\",\"inLanguage\":\"es\",\"@id\":\"https:\/\/www.daisho.be\/es\/#\/schema\/logo\/image\/\",\"url\":\"https:\/\/www.daisho.be\/wp-content\/uploads\/2019\/07\/color-nothing-horizontale4x-e1564486100247.png\",\"contentUrl\":\"https:\/\/www.daisho.be\/wp-content\/uploads\/2019\/07\/color-nothing-horizontale4x-e1564486100247.png\",\"width\":1547,\"height\":385,\"caption\":\"Daisho\"},\"image\":{\"@id\":\"https:\/\/www.daisho.be\/es\/#\/schema\/logo\/image\/\"}}]}<\/script>\n<!-- \/ Yoast SEO plugin. -->","yoast_head_json":{"title":"Adidas -Adilette Ducha- sandalias de ba\u00f1o &#8211; Daisho","description":"\u00a1La adidas Adilette Shower es la sandalia de ba\u00f1o! Proporciona un buen agarre en superficies mojadas y una comodidad \u00f3ptima para el pie.","robots":{"index":"index","follow":"follow","max-snippet":"max-snippet:-1","max-image-preview":"max-image-preview:large","max-video-preview":"max-video-preview:-1"},"canonical":"https:\/\/www.daisho.be\/es\/produit\/adidas-adilette-ducha-sandalias-de-bano\/","og_locale":"es_ES","og_type":"article","og_title":"Adidas -Adilette Ducha- sandalias de ba\u00f1o &#8211; Daisho","og_description":"\u00a1La adidas Adilette Shower es la sandalia de ba\u00f1o! Proporciona un buen agarre en superficies mojadas y una comodidad \u00f3ptima para el pie.","og_url":"https:\/\/www.daisho.be\/es\/produit\/adidas-adilette-ducha-sandalias-de-bano\/","og_site_name":"Daisho","article_modified_time":"2024-09-03T11:20:33+00:00","og_image":[{"width":1200,"height":1200,"url":"https:\/\/www.daisho.be\/wp-content\/uploads\/2024\/04\/image-78.jpg","type":"image\/jpeg"}],"twitter_card":"summary_large_image","schema":{"@context":"https:\/\/schema.org","@graph":[{"@type":"WebPage","@id":"https:\/\/www.daisho.be\/es\/produit\/adidas-adilette-ducha-sandalias-de-bano\/","url":"https:\/\/www.daisho.be\/es\/produit\/adidas-adilette-ducha-sandalias-de-bano\/","name":"Adidas -Adilette Ducha- sandalias de ba\u00f1o &#8211; Daisho","isPartOf":{"@id":"https:\/\/www.daisho.be\/es\/#website"},"primaryImageOfPage":{"@id":"https:\/\/www.daisho.be\/es\/produit\/adidas-adilette-ducha-sandalias-de-bano\/#primaryimage"},"image":{"@id":"https:\/\/www.daisho.be\/es\/produit\/adidas-adilette-ducha-sandalias-de-bano\/#primaryimage"},"thumbnailUrl":"https:\/\/www.daisho.be\/wp-content\/uploads\/2024\/04\/image-78.jpg","datePublished":"2024-04-20T12:49:31+00:00","dateModified":"2024-09-03T11:20:33+00:00","description":"\u00a1La adidas Adilette Shower es la sandalia de ba\u00f1o! Proporciona un buen agarre en superficies mojadas y una comodidad \u00f3ptima para el pie.","breadcrumb":{"@id":"https:\/\/www.daisho.be\/es\/produit\/adidas-adilette-ducha-sandalias-de-bano\/#breadcrumb"},"inLanguage":"es","potentialAction":[{"@type":"ReadAction","target":["https:\/\/www.daisho.be\/es\/produit\/adidas-adilette-ducha-sandalias-de-bano\/"]}]},{"@type":"ImageObject","inLanguage":"es","@id":"https:\/\/www.daisho.be\/es\/produit\/adidas-adilette-ducha-sandalias-de-bano\/#primaryimage","url":"https:\/\/www.daisho.be\/wp-content\/uploads\/2024\/04\/image-78.jpg","contentUrl":"https:\/\/www.daisho.be\/wp-content\/uploads\/2024\/04\/image-78.jpg","width":1200,"height":1200,"caption":"Sandalia de ba\u00f1o Adidas -Adilette Ducha--1"},{"@type":"BreadcrumbList","@id":"https:\/\/www.daisho.be\/es\/produit\/adidas-adilette-ducha-sandalias-de-bano\/#breadcrumb","itemListElement":[{"@type":"ListItem","position":1,"name":"Accueil","item":"https:\/\/www.daisho.be\/es\/"},{"@type":"ListItem","position":2,"name":"Productos","item":"https:\/\/www.daisho.be\/es\/productos\/"},{"@type":"ListItem","position":3,"name":"Equipamiento y ropa para artes marciales y deportes de combate","item":"https:\/\/www.daisho.be\/es\/categorie-produit\/equipamiento-y-ropa-para-artes-marciales-y-deportes-de-combate\/"},{"@type":"ListItem","position":4,"name":"Karate","item":"https:\/\/www.daisho.be\/es\/categorie-produit\/equipamiento-y-ropa-para-artes-marciales-y-deportes-de-combate\/karate-es-2\/"},{"@type":"ListItem","position":5,"name":"Ropa de k\u00e1rate","item":"https:\/\/www.daisho.be\/es\/categorie-produit\/equipamiento-y-ropa-para-artes-marciales-y-deportes-de-combate\/karate-es-2\/ropa-de-karate\/"},{"@type":"ListItem","position":6,"name":"Adidas -Adilette Ducha- sandalias de ba\u00f1o"}]},{"@type":"WebSite","@id":"https:\/\/www.daisho.be\/es\/#website","url":"https:\/\/www.daisho.be\/es\/","name":"Daisho","description":"Sp&eacute;cialiste de l'&eacute;quipement sportif d'arts martiaux","publisher":{"@id":"https:\/\/www.daisho.be\/es\/#organization"},"potentialAction":[{"@type":"SearchAction","target":{"@type":"EntryPoint","urlTemplate":"https:\/\/www.daisho.be\/es\/?s={search_term_string}"},"query-input":{"@type":"PropertyValueSpecification","valueRequired":true,"valueName":"search_term_string"}}],"inLanguage":"es"},{"@type":"Organization","@id":"https:\/\/www.daisho.be\/es\/#organization","name":"Daisho","url":"https:\/\/www.daisho.be\/es\/","logo":{"@type":"ImageObject","inLanguage":"es","@id":"https:\/\/www.daisho.be\/es\/#\/schema\/logo\/image\/","url":"https:\/\/www.daisho.be\/wp-content\/uploads\/2019\/07\/color-nothing-horizontale4x-e1564486100247.png","contentUrl":"https:\/\/www.daisho.be\/wp-content\/uploads\/2019\/07\/color-nothing-horizontale4x-e1564486100247.png","width":1547,"height":385,"caption":"Daisho"},"image":{"@id":"https:\/\/www.daisho.be\/es\/#\/schema\/logo\/image\/"}}]}},"_links":{"self":[{"href":"https:\/\/www.daisho.be\/es\/wp-json\/wp\/v2\/product\/392518","targetHints":{"allow":["GET"]}}],"collection":[{"href":"https:\/\/www.daisho.be\/es\/wp-json\/wp\/v2\/product"}],"about":[{"href":"https:\/\/www.daisho.be\/es\/wp-json\/wp\/v2\/types\/product"}],"replies":[{"embeddable":true,"href":"https:\/\/www.daisho.be\/es\/wp-json\/wp\/v2\/comments?post=392518"}],"wp:featuredmedia":[{"embeddable":true,"href":"https:\/\/www.daisho.be\/es\/wp-json\/wp\/v2\/media\/392512"}],"wp:attachment":[{"href":"https:\/\/www.daisho.be\/es\/wp-json\/wp\/v2\/media?parent=392518"}],"wp:term":[{"taxonomy":"product_brand","embeddable":true,"href":"https:\/\/www.daisho.be\/es\/wp-json\/wp\/v2\/product_brand?post=392518"},{"taxonomy":"product_cat","embeddable":true,"href":"https:\/\/www.daisho.be\/es\/wp-json\/wp\/v2\/product_cat?post=392518"},{"taxonomy":"product_tag","embeddable":true,"href":"https:\/\/www.daisho.be\/es\/wp-json\/wp\/v2\/product_tag?post=392518"},{"taxonomy":"sport","embeddable":true,"href":"https:\/\/www.daisho.be\/es\/wp-json\/wp\/v2\/sport?post=392518"}],"curies":[{"name":"wp","href":"https:\/\/api.w.org\/{rel}","templated":true}]}}