{"id":391169,"date":"2024-04-09T09:53:19","date_gmt":"2024-04-09T07:53:19","guid":{"rendered":"https:\/\/www.daisho.be\/produit\/cuerda-de-saltar-con-pantalla-lcd\/"},"modified":"2026-02-12T16:34:54","modified_gmt":"2026-02-12T15:34:54","slug":"cuerda-de-saltar-con-pantalla-lcd","status":"publish","type":"product","link":"https:\/\/www.daisho.be\/es\/produit\/cuerda-de-saltar-con-pantalla-lcd\/","title":{"rendered":"Cuerda de saltar con pantalla LCD"},"content":{"rendered":"<p><span style=\"font-family: Tahoma;font-size: small\">SK46 HMS es una cuerda de saltar con cuerda de goma y asas de ABS.<\/span><\/p>\n<p><span style=\"font-family: Tahoma;font-size: small\">El producto est\u00e1 equipado con un contador LCD que muestra las calor\u00edas quemadas, la distancia y las repeticiones.<\/span><\/p>\n<p><span style=\"font-family: Tahoma;font-size: small\">La cuerda mide 275 cm y est\u00e1 fabricada con PVC de alta calidad.<\/span><\/p>\n<p><span style=\"font-family: Tahoma;font-size: small\">El mango ergon\u00f3mico y c\u00f3modo se adapta c\u00f3modamente a la mano y proporciona un agarre seguro durante todo el entrenamiento.<\/span><\/p>\n<p><span style=\"font-family: Tahoma;font-size: small\">El uso regular del vestido de salto SK46 le ayudar\u00e1 a mejorar su coordinaci\u00f3n y su forma f\u00edsica.<\/span><\/p>\n<p><span style=\"font-family: Tahoma;font-size: small\">Este tipo de entrenamiento quema calor\u00edas r\u00e1pidamente y, como resultado, adelgaza el cuerpo.<\/span><\/p>\n<p><span style=\"font-family: Tahoma;font-size: small\"><strong><u>Especificaciones:<\/u><\/strong><\/span><\/p>\n<p><span style=\"font-family: Tahoma;font-size: small\">Material de la cuerda: PVC<br \/>\nAsas: ABS<br \/>\nLongitud de la cuerda: 270 cm<br \/>\nLongitud del mango: 18 cm<br \/>\nContador LCD<\/span><\/p>\n","protected":false},"excerpt":{"rendered":"<p>SK46 HMS es una cuerda de saltar con cuerda de goma y asas de ABS. El producto est\u00e1 equipado con un contador LCD que muestra las calor\u00edas quemadas, la distancia y las repeticiones. La cuerda mide 275 cm y est\u00e1 fabricada con PVC de alta calidad. El mango ergon\u00f3mico y c\u00f3modo se adapta c\u00f3modamente a [&hellip;]<\/p>\n","protected":false},"featured_media":391143,"comment_status":"open","ping_status":"closed","template":"","meta":{"inline_featured_image":false},"product_brand":[],"product_cat":[1418,1409,1301],"product_tag":[1781],"sport":[],"class_list":{"0":"post-391169","1":"product","2":"type-product","3":"status-publish","4":"has-post-thumbnail","6":"product_cat-equipo-de-entrenamiento-de-boxeo","7":"product_cat-equipos-de-formacion-es","8":"product_cat-material-de-entrenamiento-de-karate","9":"product_tag-hms-es","10":"pa_size-sans-taille-defaut","12":"first","13":"instock","14":"sale","15":"taxable","16":"shipping-taxable","17":"purchasable","18":"product-type-simple"},"yoast_head":"<!-- This site is optimized with the Yoast SEO plugin v27.2 - https:\/\/yoast.com\/product\/yoast-seo-wordpress\/ -->\n<title>Cuerda de saltar con pantalla LCD &#8211; Daisho<\/title>\n<meta name=\"description\" content=\"Descubre la cuerda de saltar de HMS. Equipada con un contador, te ofrece diferentes par\u00e1metros. Encu\u00e9ntrala en www.daisho.be|Daisho\" \/>\n<meta name=\"robots\" content=\"index, follow, max-snippet:-1, max-image-preview:large, max-video-preview:-1\" \/>\n<link rel=\"canonical\" href=\"https:\/\/www.daisho.be\/es\/produit\/cuerda-de-saltar-con-pantalla-lcd\/\" \/>\n<meta property=\"og:locale\" content=\"es_ES\" \/>\n<meta property=\"og:type\" content=\"article\" \/>\n<meta property=\"og:title\" content=\"Cuerda de saltar con pantalla LCD &#8211; Daisho\" \/>\n<meta property=\"og:description\" content=\"Descubre la cuerda de saltar de HMS. Equipada con un contador, te ofrece diferentes par\u00e1metros. Encu\u00e9ntrala en www.daisho.be|Daisho\" \/>\n<meta property=\"og:url\" content=\"https:\/\/www.daisho.be\/es\/produit\/cuerda-de-saltar-con-pantalla-lcd\/\" \/>\n<meta property=\"og:site_name\" content=\"Daisho\" \/>\n<meta property=\"article:modified_time\" content=\"2026-02-12T15:34:54+00:00\" \/>\n<meta property=\"og:image\" content=\"https:\/\/www.daisho.be\/wp-content\/uploads\/2024\/04\/image.webp\" \/>\n\t<meta property=\"og:image:width\" content=\"1800\" \/>\n\t<meta property=\"og:image:height\" content=\"1800\" \/>\n\t<meta property=\"og:image:type\" content=\"image\/webp\" \/>\n<meta name=\"twitter:card\" content=\"summary_large_image\" \/>\n<meta name=\"twitter:label1\" content=\"Tiempo de lectura\" \/>\n\t<meta name=\"twitter:data1\" content=\"1 minuto\" \/>\n<script type=\"application\/ld+json\" class=\"yoast-schema-graph\">{\"@context\":\"https:\/\/schema.org\",\"@graph\":[{\"@type\":\"WebPage\",\"@id\":\"https:\/\/www.daisho.be\/es\/produit\/cuerda-de-saltar-con-pantalla-lcd\/\",\"url\":\"https:\/\/www.daisho.be\/es\/produit\/cuerda-de-saltar-con-pantalla-lcd\/\",\"name\":\"Cuerda de saltar con pantalla LCD &#8211; Daisho\",\"isPartOf\":{\"@id\":\"https:\/\/www.daisho.be\/es\/#website\"},\"primaryImageOfPage\":{\"@id\":\"https:\/\/www.daisho.be\/es\/produit\/cuerda-de-saltar-con-pantalla-lcd\/#primaryimage\"},\"image\":{\"@id\":\"https:\/\/www.daisho.be\/es\/produit\/cuerda-de-saltar-con-pantalla-lcd\/#primaryimage\"},\"thumbnailUrl\":\"https:\/\/www.daisho.be\/wp-content\/uploads\/2024\/04\/image.webp\",\"datePublished\":\"2024-04-09T07:53:19+00:00\",\"dateModified\":\"2026-02-12T15:34:54+00:00\",\"description\":\"Descubre la cuerda de saltar de HMS. Equipada con un contador, te ofrece diferentes par\u00e1metros. Encu\u00e9ntrala en www.daisho.be|Daisho\",\"breadcrumb\":{\"@id\":\"https:\/\/www.daisho.be\/es\/produit\/cuerda-de-saltar-con-pantalla-lcd\/#breadcrumb\"},\"inLanguage\":\"es\",\"potentialAction\":[{\"@type\":\"ReadAction\",\"target\":[\"https:\/\/www.daisho.be\/es\/produit\/cuerda-de-saltar-con-pantalla-lcd\/\"]}]},{\"@type\":\"ImageObject\",\"inLanguage\":\"es\",\"@id\":\"https:\/\/www.daisho.be\/es\/produit\/cuerda-de-saltar-con-pantalla-lcd\/#primaryimage\",\"url\":\"https:\/\/www.daisho.be\/wp-content\/uploads\/2024\/04\/image.webp\",\"contentUrl\":\"https:\/\/www.daisho.be\/wp-content\/uploads\/2024\/04\/image.webp\",\"width\":1800,\"height\":1800,\"caption\":\"Cuerda de saltar con pantalla LCD-1\"},{\"@type\":\"BreadcrumbList\",\"@id\":\"https:\/\/www.daisho.be\/es\/produit\/cuerda-de-saltar-con-pantalla-lcd\/#breadcrumb\",\"itemListElement\":[{\"@type\":\"ListItem\",\"position\":1,\"name\":\"Accueil\",\"item\":\"https:\/\/www.daisho.be\/es\/\"},{\"@type\":\"ListItem\",\"position\":2,\"name\":\"Productos\",\"item\":\"https:\/\/www.daisho.be\/es\/productos\/\"},{\"@type\":\"ListItem\",\"position\":3,\"name\":\"Equipamiento y ropa para artes marciales y deportes de combate\",\"item\":\"https:\/\/www.daisho.be\/es\/categorie-produit\/equipamiento-y-ropa-para-artes-marciales-y-deportes-de-combate\/\"},{\"@type\":\"ListItem\",\"position\":4,\"name\":\"Boxeo\",\"item\":\"https:\/\/www.daisho.be\/es\/categorie-produit\/equipamiento-y-ropa-para-artes-marciales-y-deportes-de-combate\/boxeo-es\/\"},{\"@type\":\"ListItem\",\"position\":5,\"name\":\"Equipo de entrenamiento de boxeo\",\"item\":\"https:\/\/www.daisho.be\/es\/categorie-produit\/equipamiento-y-ropa-para-artes-marciales-y-deportes-de-combate\/boxeo-es\/equipo-de-entrenamiento-de-boxeo\/\"},{\"@type\":\"ListItem\",\"position\":6,\"name\":\"Cuerda de saltar con pantalla LCD\"}]},{\"@type\":\"WebSite\",\"@id\":\"https:\/\/www.daisho.be\/es\/#website\",\"url\":\"https:\/\/www.daisho.be\/es\/\",\"name\":\"Daisho\",\"description\":\"Sp&eacute;cialiste de l'&eacute;quipement sportif d'arts martiaux\",\"publisher\":{\"@id\":\"https:\/\/www.daisho.be\/es\/#organization\"},\"potentialAction\":[{\"@type\":\"SearchAction\",\"target\":{\"@type\":\"EntryPoint\",\"urlTemplate\":\"https:\/\/www.daisho.be\/es\/?s={search_term_string}\"},\"query-input\":{\"@type\":\"PropertyValueSpecification\",\"valueRequired\":true,\"valueName\":\"search_term_string\"}}],\"inLanguage\":\"es\"},{\"@type\":\"Organization\",\"@id\":\"https:\/\/www.daisho.be\/es\/#organization\",\"name\":\"Daisho\",\"url\":\"https:\/\/www.daisho.be\/es\/\",\"logo\":{\"@type\":\"ImageObject\",\"inLanguage\":\"es\",\"@id\":\"https:\/\/www.daisho.be\/es\/#\/schema\/logo\/image\/\",\"url\":\"https:\/\/www.daisho.be\/wp-content\/uploads\/2019\/07\/color-nothing-horizontale4x-e1564486100247.png\",\"contentUrl\":\"https:\/\/www.daisho.be\/wp-content\/uploads\/2019\/07\/color-nothing-horizontale4x-e1564486100247.png\",\"width\":1547,\"height\":385,\"caption\":\"Daisho\"},\"image\":{\"@id\":\"https:\/\/www.daisho.be\/es\/#\/schema\/logo\/image\/\"}}]}<\/script>\n<!-- \/ Yoast SEO plugin. -->","yoast_head_json":{"title":"Cuerda de saltar con pantalla LCD &#8211; Daisho","description":"Descubre la cuerda de saltar de HMS. Equipada con un contador, te ofrece diferentes par\u00e1metros. Encu\u00e9ntrala en www.daisho.be|Daisho","robots":{"index":"index","follow":"follow","max-snippet":"max-snippet:-1","max-image-preview":"max-image-preview:large","max-video-preview":"max-video-preview:-1"},"canonical":"https:\/\/www.daisho.be\/es\/produit\/cuerda-de-saltar-con-pantalla-lcd\/","og_locale":"es_ES","og_type":"article","og_title":"Cuerda de saltar con pantalla LCD &#8211; Daisho","og_description":"Descubre la cuerda de saltar de HMS. Equipada con un contador, te ofrece diferentes par\u00e1metros. Encu\u00e9ntrala en www.daisho.be|Daisho","og_url":"https:\/\/www.daisho.be\/es\/produit\/cuerda-de-saltar-con-pantalla-lcd\/","og_site_name":"Daisho","article_modified_time":"2026-02-12T15:34:54+00:00","og_image":[{"width":1800,"height":1800,"url":"https:\/\/www.daisho.be\/wp-content\/uploads\/2024\/04\/image.webp","type":"image\/webp"}],"twitter_card":"summary_large_image","twitter_misc":{"Tiempo de lectura":"1 minuto"},"schema":{"@context":"https:\/\/schema.org","@graph":[{"@type":"WebPage","@id":"https:\/\/www.daisho.be\/es\/produit\/cuerda-de-saltar-con-pantalla-lcd\/","url":"https:\/\/www.daisho.be\/es\/produit\/cuerda-de-saltar-con-pantalla-lcd\/","name":"Cuerda de saltar con pantalla LCD &#8211; Daisho","isPartOf":{"@id":"https:\/\/www.daisho.be\/es\/#website"},"primaryImageOfPage":{"@id":"https:\/\/www.daisho.be\/es\/produit\/cuerda-de-saltar-con-pantalla-lcd\/#primaryimage"},"image":{"@id":"https:\/\/www.daisho.be\/es\/produit\/cuerda-de-saltar-con-pantalla-lcd\/#primaryimage"},"thumbnailUrl":"https:\/\/www.daisho.be\/wp-content\/uploads\/2024\/04\/image.webp","datePublished":"2024-04-09T07:53:19+00:00","dateModified":"2026-02-12T15:34:54+00:00","description":"Descubre la cuerda de saltar de HMS. Equipada con un contador, te ofrece diferentes par\u00e1metros. Encu\u00e9ntrala en www.daisho.be|Daisho","breadcrumb":{"@id":"https:\/\/www.daisho.be\/es\/produit\/cuerda-de-saltar-con-pantalla-lcd\/#breadcrumb"},"inLanguage":"es","potentialAction":[{"@type":"ReadAction","target":["https:\/\/www.daisho.be\/es\/produit\/cuerda-de-saltar-con-pantalla-lcd\/"]}]},{"@type":"ImageObject","inLanguage":"es","@id":"https:\/\/www.daisho.be\/es\/produit\/cuerda-de-saltar-con-pantalla-lcd\/#primaryimage","url":"https:\/\/www.daisho.be\/wp-content\/uploads\/2024\/04\/image.webp","contentUrl":"https:\/\/www.daisho.be\/wp-content\/uploads\/2024\/04\/image.webp","width":1800,"height":1800,"caption":"Cuerda de saltar con pantalla LCD-1"},{"@type":"BreadcrumbList","@id":"https:\/\/www.daisho.be\/es\/produit\/cuerda-de-saltar-con-pantalla-lcd\/#breadcrumb","itemListElement":[{"@type":"ListItem","position":1,"name":"Accueil","item":"https:\/\/www.daisho.be\/es\/"},{"@type":"ListItem","position":2,"name":"Productos","item":"https:\/\/www.daisho.be\/es\/productos\/"},{"@type":"ListItem","position":3,"name":"Equipamiento y ropa para artes marciales y deportes de combate","item":"https:\/\/www.daisho.be\/es\/categorie-produit\/equipamiento-y-ropa-para-artes-marciales-y-deportes-de-combate\/"},{"@type":"ListItem","position":4,"name":"Boxeo","item":"https:\/\/www.daisho.be\/es\/categorie-produit\/equipamiento-y-ropa-para-artes-marciales-y-deportes-de-combate\/boxeo-es\/"},{"@type":"ListItem","position":5,"name":"Equipo de entrenamiento de boxeo","item":"https:\/\/www.daisho.be\/es\/categorie-produit\/equipamiento-y-ropa-para-artes-marciales-y-deportes-de-combate\/boxeo-es\/equipo-de-entrenamiento-de-boxeo\/"},{"@type":"ListItem","position":6,"name":"Cuerda de saltar con pantalla LCD"}]},{"@type":"WebSite","@id":"https:\/\/www.daisho.be\/es\/#website","url":"https:\/\/www.daisho.be\/es\/","name":"Daisho","description":"Sp&eacute;cialiste de l'&eacute;quipement sportif d'arts martiaux","publisher":{"@id":"https:\/\/www.daisho.be\/es\/#organization"},"potentialAction":[{"@type":"SearchAction","target":{"@type":"EntryPoint","urlTemplate":"https:\/\/www.daisho.be\/es\/?s={search_term_string}"},"query-input":{"@type":"PropertyValueSpecification","valueRequired":true,"valueName":"search_term_string"}}],"inLanguage":"es"},{"@type":"Organization","@id":"https:\/\/www.daisho.be\/es\/#organization","name":"Daisho","url":"https:\/\/www.daisho.be\/es\/","logo":{"@type":"ImageObject","inLanguage":"es","@id":"https:\/\/www.daisho.be\/es\/#\/schema\/logo\/image\/","url":"https:\/\/www.daisho.be\/wp-content\/uploads\/2019\/07\/color-nothing-horizontale4x-e1564486100247.png","contentUrl":"https:\/\/www.daisho.be\/wp-content\/uploads\/2019\/07\/color-nothing-horizontale4x-e1564486100247.png","width":1547,"height":385,"caption":"Daisho"},"image":{"@id":"https:\/\/www.daisho.be\/es\/#\/schema\/logo\/image\/"}}]}},"_links":{"self":[{"href":"https:\/\/www.daisho.be\/es\/wp-json\/wp\/v2\/product\/391169","targetHints":{"allow":["GET"]}}],"collection":[{"href":"https:\/\/www.daisho.be\/es\/wp-json\/wp\/v2\/product"}],"about":[{"href":"https:\/\/www.daisho.be\/es\/wp-json\/wp\/v2\/types\/product"}],"replies":[{"embeddable":true,"href":"https:\/\/www.daisho.be\/es\/wp-json\/wp\/v2\/comments?post=391169"}],"wp:featuredmedia":[{"embeddable":true,"href":"https:\/\/www.daisho.be\/es\/wp-json\/wp\/v2\/media\/391143"}],"wp:attachment":[{"href":"https:\/\/www.daisho.be\/es\/wp-json\/wp\/v2\/media?parent=391169"}],"wp:term":[{"taxonomy":"product_brand","embeddable":true,"href":"https:\/\/www.daisho.be\/es\/wp-json\/wp\/v2\/product_brand?post=391169"},{"taxonomy":"product_cat","embeddable":true,"href":"https:\/\/www.daisho.be\/es\/wp-json\/wp\/v2\/product_cat?post=391169"},{"taxonomy":"product_tag","embeddable":true,"href":"https:\/\/www.daisho.be\/es\/wp-json\/wp\/v2\/product_tag?post=391169"},{"taxonomy":"sport","embeddable":true,"href":"https:\/\/www.daisho.be\/es\/wp-json\/wp\/v2\/sport?post=391169"}],"curies":[{"name":"wp","href":"https:\/\/api.w.org\/{rel}","templated":true}]}}