{"id":366004,"date":"2024-02-12T11:29:17","date_gmt":"2024-02-12T10:29:17","guid":{"rendered":"https:\/\/www.daisho.be\/produit\/adidas-squadra-21-sudadera-con-cremallera-negro-blanco\/"},"modified":"2025-02-27T11:57:02","modified_gmt":"2025-02-27T10:57:02","slug":"adidas-squadra-21-sudadera-con-cremallera-negro-blanco","status":"publish","type":"product","link":"https:\/\/www.daisho.be\/es\/produit\/adidas-squadra-21-sudadera-con-cremallera-negro-blanco\/","title":{"rendered":"Adidas Squadra 21 sudadera con cremallera negro\/blanco"},"content":{"rendered":"<p>Esta sudadera de manga larga con cremallera de adidas est\u00e1 confeccionada en un material transpirable y de secado r\u00e1pido con efecto refrescante.<br \/>\nAl utilizar poli\u00e9ster 100% reciclado en lugar de poli\u00e9ster puro, este art\u00edculo se ha fabricado utilizando menos agua, tintes y energ\u00eda.<br \/>\nPara un ajuste c\u00f3modo, la sudadera con cremallera tiene la cintura y los pu\u00f1os el\u00e1sticos.<br \/>\nSe han a\u00f1adido cremalleras para cerrar la chaqueta y los bolsillos.<br \/>\nEl logotipo de adidas est\u00e1 impreso en ambas mangas.<br \/>\nEn los brazos se aplicaron las t\u00edpicas \u00ab3 rayas\u00bb.<br \/>\nLa parte trasera no tiene logotipos, por lo que puede utilizarse como chaqueta de club.<\/p>\n<p>Caracter\u00edsticas:<br \/>\nColor: negro\/blanco<br \/>\nMaterial: poli\u00e9ster &#8211; 100% reciclado<br \/>\nLongitud de las mangas: mangas largas<br \/>\nTallas: S, M, L, XL, XXL<br \/>\nCierre: cremallera<br \/>\nPu\u00f1os de las mangas: el\u00e1stico<br \/>\nLongitud: longitud normal<br \/>\nLongitud de las mangas: 71 cm en la talla M<br \/>\nLongitud total: 74 cm en la talla M<\/p>\n","protected":false},"excerpt":{"rendered":"<p>Esta sudadera de manga larga con cremallera de adidas est\u00e1 confeccionada en un material transpirable y de secado r\u00e1pido con efecto refrescante. Al utilizar poli\u00e9ster 100% reciclado en lugar de poli\u00e9ster puro, este art\u00edculo se ha fabricado utilizando menos agua, tintes y energ\u00eda. Para un ajuste c\u00f3modo, la sudadera con cremallera tiene la cintura y [&hellip;]<\/p>\n","protected":false},"featured_media":365990,"comment_status":"open","ping_status":"closed","template":"","meta":{"inline_featured_image":false},"product_brand":[],"product_cat":[1388,1689,1576,1581],"product_tag":[1560],"sport":[],"class_list":{"0":"post-366004","1":"product","2":"type-product","3":"status-publish","4":"has-post-thumbnail","6":"product_cat-ropa","7":"product_cat-ropa-adidas-kickboxing","8":"product_cat-ropa-de-karate-adidas","9":"product_cat-ropa-deportiva-de-combate-adidas","10":"product_tag-adidas-es","11":"pa_size-2xl","12":"pa_size-l","13":"pa_size-m","14":"pa_size-s","15":"pa_size-xl","17":"first","18":"instock","19":"taxable","20":"shipping-taxable","21":"purchasable","22":"product-type-variable"},"yoast_head":"<!-- This site is optimized with the Yoast SEO plugin v27.2 - https:\/\/yoast.com\/product\/yoast-seo-wordpress\/ -->\n<title>Adidas Squadra 21 sudadera con cremallera negro\/blanco &#8211; Daisho<\/title>\n<meta name=\"description\" content=\"Descubre la sudadera con cremallera Adidas, que combina comodidad y estilo. \u00a1Ideal para tus entrenamientos o salidas informales! Encu\u00e9ntrala en www.daisho.be|Daisho\" \/>\n<meta name=\"robots\" content=\"index, follow, max-snippet:-1, max-image-preview:large, max-video-preview:-1\" \/>\n<link rel=\"canonical\" href=\"https:\/\/www.daisho.be\/es\/produit\/adidas-squadra-21-sudadera-con-cremallera-negro-blanco\/\" \/>\n<meta property=\"og:locale\" content=\"es_ES\" \/>\n<meta property=\"og:type\" content=\"article\" \/>\n<meta property=\"og:title\" content=\"Adidas Squadra 21 sudadera con cremallera negro\/blanco &#8211; Daisho\" \/>\n<meta property=\"og:description\" content=\"Descubre la sudadera con cremallera Adidas, que combina comodidad y estilo. \u00a1Ideal para tus entrenamientos o salidas informales! Encu\u00e9ntrala en www.daisho.be|Daisho\" \/>\n<meta property=\"og:url\" content=\"https:\/\/www.daisho.be\/es\/produit\/adidas-squadra-21-sudadera-con-cremallera-negro-blanco\/\" \/>\n<meta property=\"og:site_name\" content=\"Daisho\" \/>\n<meta property=\"article:modified_time\" content=\"2025-02-27T10:57:02+00:00\" \/>\n<meta property=\"og:image\" content=\"https:\/\/www.daisho.be\/wp-content\/uploads\/2024\/02\/image-36.jpg\" \/>\n\t<meta property=\"og:image:width\" content=\"1000\" \/>\n\t<meta property=\"og:image:height\" content=\"1000\" \/>\n\t<meta property=\"og:image:type\" content=\"image\/jpeg\" \/>\n<meta name=\"twitter:card\" content=\"summary_large_image\" \/>\n<meta name=\"twitter:label1\" content=\"Tiempo de lectura\" \/>\n\t<meta name=\"twitter:data1\" content=\"1 minuto\" \/>\n<script type=\"application\/ld+json\" class=\"yoast-schema-graph\">{\"@context\":\"https:\/\/schema.org\",\"@graph\":[{\"@type\":\"WebPage\",\"@id\":\"https:\/\/www.daisho.be\/es\/produit\/adidas-squadra-21-sudadera-con-cremallera-negro-blanco\/\",\"url\":\"https:\/\/www.daisho.be\/es\/produit\/adidas-squadra-21-sudadera-con-cremallera-negro-blanco\/\",\"name\":\"Adidas Squadra 21 sudadera con cremallera negro\/blanco &#8211; Daisho\",\"isPartOf\":{\"@id\":\"https:\/\/www.daisho.be\/es\/#website\"},\"primaryImageOfPage\":{\"@id\":\"https:\/\/www.daisho.be\/es\/produit\/adidas-squadra-21-sudadera-con-cremallera-negro-blanco\/#primaryimage\"},\"image\":{\"@id\":\"https:\/\/www.daisho.be\/es\/produit\/adidas-squadra-21-sudadera-con-cremallera-negro-blanco\/#primaryimage\"},\"thumbnailUrl\":\"https:\/\/www.daisho.be\/wp-content\/uploads\/2024\/02\/image-36.jpg\",\"datePublished\":\"2024-02-12T10:29:17+00:00\",\"dateModified\":\"2025-02-27T10:57:02+00:00\",\"description\":\"Descubre la sudadera con cremallera Adidas, que combina comodidad y estilo. \u00a1Ideal para tus entrenamientos o salidas informales! Encu\u00e9ntrala en www.daisho.be|Daisho\",\"breadcrumb\":{\"@id\":\"https:\/\/www.daisho.be\/es\/produit\/adidas-squadra-21-sudadera-con-cremallera-negro-blanco\/#breadcrumb\"},\"inLanguage\":\"es\",\"potentialAction\":[{\"@type\":\"ReadAction\",\"target\":[\"https:\/\/www.daisho.be\/es\/produit\/adidas-squadra-21-sudadera-con-cremallera-negro-blanco\/\"]}]},{\"@type\":\"ImageObject\",\"inLanguage\":\"es\",\"@id\":\"https:\/\/www.daisho.be\/es\/produit\/adidas-squadra-21-sudadera-con-cremallera-negro-blanco\/#primaryimage\",\"url\":\"https:\/\/www.daisho.be\/wp-content\/uploads\/2024\/02\/image-36.jpg\",\"contentUrl\":\"https:\/\/www.daisho.be\/wp-content\/uploads\/2024\/02\/image-36.jpg\",\"width\":1000,\"height\":1000,\"caption\":\"Adidas Squadra 21 sudadera con cremallera negro\/blanco-1\"},{\"@type\":\"BreadcrumbList\",\"@id\":\"https:\/\/www.daisho.be\/es\/produit\/adidas-squadra-21-sudadera-con-cremallera-negro-blanco\/#breadcrumb\",\"itemListElement\":[{\"@type\":\"ListItem\",\"position\":1,\"name\":\"Accueil\",\"item\":\"https:\/\/www.daisho.be\/es\/\"},{\"@type\":\"ListItem\",\"position\":2,\"name\":\"Productos\",\"item\":\"https:\/\/www.daisho.be\/es\/productos\/\"},{\"@type\":\"ListItem\",\"position\":3,\"name\":\"ADIDAS COMBAT SPORTS\",\"item\":\"https:\/\/www.daisho.be\/es\/categorie-produit\/adidas-combat-sports-es\/\"},{\"@type\":\"ListItem\",\"position\":4,\"name\":\"Kick-Boxing\",\"item\":\"https:\/\/www.daisho.be\/es\/categorie-produit\/adidas-combat-sports-es\/kick-boxing-es-2\/\"},{\"@type\":\"ListItem\",\"position\":5,\"name\":\"Ropa Adidas Kickboxing\",\"item\":\"https:\/\/www.daisho.be\/es\/categorie-produit\/adidas-combat-sports-es\/kick-boxing-es-2\/ropa-adidas-kickboxing\/\"},{\"@type\":\"ListItem\",\"position\":6,\"name\":\"Adidas Squadra 21 sudadera con cremallera negro\/blanco\"}]},{\"@type\":\"WebSite\",\"@id\":\"https:\/\/www.daisho.be\/es\/#website\",\"url\":\"https:\/\/www.daisho.be\/es\/\",\"name\":\"Daisho\",\"description\":\"Sp&eacute;cialiste de l'&eacute;quipement sportif d'arts martiaux\",\"publisher\":{\"@id\":\"https:\/\/www.daisho.be\/es\/#organization\"},\"potentialAction\":[{\"@type\":\"SearchAction\",\"target\":{\"@type\":\"EntryPoint\",\"urlTemplate\":\"https:\/\/www.daisho.be\/es\/?s={search_term_string}\"},\"query-input\":{\"@type\":\"PropertyValueSpecification\",\"valueRequired\":true,\"valueName\":\"search_term_string\"}}],\"inLanguage\":\"es\"},{\"@type\":\"Organization\",\"@id\":\"https:\/\/www.daisho.be\/es\/#organization\",\"name\":\"Daisho\",\"url\":\"https:\/\/www.daisho.be\/es\/\",\"logo\":{\"@type\":\"ImageObject\",\"inLanguage\":\"es\",\"@id\":\"https:\/\/www.daisho.be\/es\/#\/schema\/logo\/image\/\",\"url\":\"https:\/\/www.daisho.be\/wp-content\/uploads\/2019\/07\/color-nothing-horizontale4x-e1564486100247.png\",\"contentUrl\":\"https:\/\/www.daisho.be\/wp-content\/uploads\/2019\/07\/color-nothing-horizontale4x-e1564486100247.png\",\"width\":1547,\"height\":385,\"caption\":\"Daisho\"},\"image\":{\"@id\":\"https:\/\/www.daisho.be\/es\/#\/schema\/logo\/image\/\"}}]}<\/script>\n<!-- \/ Yoast SEO plugin. -->","yoast_head_json":{"title":"Adidas Squadra 21 sudadera con cremallera negro\/blanco &#8211; Daisho","description":"Descubre la sudadera con cremallera Adidas, que combina comodidad y estilo. \u00a1Ideal para tus entrenamientos o salidas informales! Encu\u00e9ntrala en www.daisho.be|Daisho","robots":{"index":"index","follow":"follow","max-snippet":"max-snippet:-1","max-image-preview":"max-image-preview:large","max-video-preview":"max-video-preview:-1"},"canonical":"https:\/\/www.daisho.be\/es\/produit\/adidas-squadra-21-sudadera-con-cremallera-negro-blanco\/","og_locale":"es_ES","og_type":"article","og_title":"Adidas Squadra 21 sudadera con cremallera negro\/blanco &#8211; Daisho","og_description":"Descubre la sudadera con cremallera Adidas, que combina comodidad y estilo. \u00a1Ideal para tus entrenamientos o salidas informales! Encu\u00e9ntrala en www.daisho.be|Daisho","og_url":"https:\/\/www.daisho.be\/es\/produit\/adidas-squadra-21-sudadera-con-cremallera-negro-blanco\/","og_site_name":"Daisho","article_modified_time":"2025-02-27T10:57:02+00:00","og_image":[{"width":1000,"height":1000,"url":"https:\/\/www.daisho.be\/wp-content\/uploads\/2024\/02\/image-36.jpg","type":"image\/jpeg"}],"twitter_card":"summary_large_image","twitter_misc":{"Tiempo de lectura":"1 minuto"},"schema":{"@context":"https:\/\/schema.org","@graph":[{"@type":"WebPage","@id":"https:\/\/www.daisho.be\/es\/produit\/adidas-squadra-21-sudadera-con-cremallera-negro-blanco\/","url":"https:\/\/www.daisho.be\/es\/produit\/adidas-squadra-21-sudadera-con-cremallera-negro-blanco\/","name":"Adidas Squadra 21 sudadera con cremallera negro\/blanco &#8211; Daisho","isPartOf":{"@id":"https:\/\/www.daisho.be\/es\/#website"},"primaryImageOfPage":{"@id":"https:\/\/www.daisho.be\/es\/produit\/adidas-squadra-21-sudadera-con-cremallera-negro-blanco\/#primaryimage"},"image":{"@id":"https:\/\/www.daisho.be\/es\/produit\/adidas-squadra-21-sudadera-con-cremallera-negro-blanco\/#primaryimage"},"thumbnailUrl":"https:\/\/www.daisho.be\/wp-content\/uploads\/2024\/02\/image-36.jpg","datePublished":"2024-02-12T10:29:17+00:00","dateModified":"2025-02-27T10:57:02+00:00","description":"Descubre la sudadera con cremallera Adidas, que combina comodidad y estilo. \u00a1Ideal para tus entrenamientos o salidas informales! Encu\u00e9ntrala en www.daisho.be|Daisho","breadcrumb":{"@id":"https:\/\/www.daisho.be\/es\/produit\/adidas-squadra-21-sudadera-con-cremallera-negro-blanco\/#breadcrumb"},"inLanguage":"es","potentialAction":[{"@type":"ReadAction","target":["https:\/\/www.daisho.be\/es\/produit\/adidas-squadra-21-sudadera-con-cremallera-negro-blanco\/"]}]},{"@type":"ImageObject","inLanguage":"es","@id":"https:\/\/www.daisho.be\/es\/produit\/adidas-squadra-21-sudadera-con-cremallera-negro-blanco\/#primaryimage","url":"https:\/\/www.daisho.be\/wp-content\/uploads\/2024\/02\/image-36.jpg","contentUrl":"https:\/\/www.daisho.be\/wp-content\/uploads\/2024\/02\/image-36.jpg","width":1000,"height":1000,"caption":"Adidas Squadra 21 sudadera con cremallera negro\/blanco-1"},{"@type":"BreadcrumbList","@id":"https:\/\/www.daisho.be\/es\/produit\/adidas-squadra-21-sudadera-con-cremallera-negro-blanco\/#breadcrumb","itemListElement":[{"@type":"ListItem","position":1,"name":"Accueil","item":"https:\/\/www.daisho.be\/es\/"},{"@type":"ListItem","position":2,"name":"Productos","item":"https:\/\/www.daisho.be\/es\/productos\/"},{"@type":"ListItem","position":3,"name":"ADIDAS COMBAT SPORTS","item":"https:\/\/www.daisho.be\/es\/categorie-produit\/adidas-combat-sports-es\/"},{"@type":"ListItem","position":4,"name":"Kick-Boxing","item":"https:\/\/www.daisho.be\/es\/categorie-produit\/adidas-combat-sports-es\/kick-boxing-es-2\/"},{"@type":"ListItem","position":5,"name":"Ropa Adidas Kickboxing","item":"https:\/\/www.daisho.be\/es\/categorie-produit\/adidas-combat-sports-es\/kick-boxing-es-2\/ropa-adidas-kickboxing\/"},{"@type":"ListItem","position":6,"name":"Adidas Squadra 21 sudadera con cremallera negro\/blanco"}]},{"@type":"WebSite","@id":"https:\/\/www.daisho.be\/es\/#website","url":"https:\/\/www.daisho.be\/es\/","name":"Daisho","description":"Sp&eacute;cialiste de l'&eacute;quipement sportif d'arts martiaux","publisher":{"@id":"https:\/\/www.daisho.be\/es\/#organization"},"potentialAction":[{"@type":"SearchAction","target":{"@type":"EntryPoint","urlTemplate":"https:\/\/www.daisho.be\/es\/?s={search_term_string}"},"query-input":{"@type":"PropertyValueSpecification","valueRequired":true,"valueName":"search_term_string"}}],"inLanguage":"es"},{"@type":"Organization","@id":"https:\/\/www.daisho.be\/es\/#organization","name":"Daisho","url":"https:\/\/www.daisho.be\/es\/","logo":{"@type":"ImageObject","inLanguage":"es","@id":"https:\/\/www.daisho.be\/es\/#\/schema\/logo\/image\/","url":"https:\/\/www.daisho.be\/wp-content\/uploads\/2019\/07\/color-nothing-horizontale4x-e1564486100247.png","contentUrl":"https:\/\/www.daisho.be\/wp-content\/uploads\/2019\/07\/color-nothing-horizontale4x-e1564486100247.png","width":1547,"height":385,"caption":"Daisho"},"image":{"@id":"https:\/\/www.daisho.be\/es\/#\/schema\/logo\/image\/"}}]}},"_links":{"self":[{"href":"https:\/\/www.daisho.be\/es\/wp-json\/wp\/v2\/product\/366004","targetHints":{"allow":["GET"]}}],"collection":[{"href":"https:\/\/www.daisho.be\/es\/wp-json\/wp\/v2\/product"}],"about":[{"href":"https:\/\/www.daisho.be\/es\/wp-json\/wp\/v2\/types\/product"}],"replies":[{"embeddable":true,"href":"https:\/\/www.daisho.be\/es\/wp-json\/wp\/v2\/comments?post=366004"}],"wp:featuredmedia":[{"embeddable":true,"href":"https:\/\/www.daisho.be\/es\/wp-json\/wp\/v2\/media\/365990"}],"wp:attachment":[{"href":"https:\/\/www.daisho.be\/es\/wp-json\/wp\/v2\/media?parent=366004"}],"wp:term":[{"taxonomy":"product_brand","embeddable":true,"href":"https:\/\/www.daisho.be\/es\/wp-json\/wp\/v2\/product_brand?post=366004"},{"taxonomy":"product_cat","embeddable":true,"href":"https:\/\/www.daisho.be\/es\/wp-json\/wp\/v2\/product_cat?post=366004"},{"taxonomy":"product_tag","embeddable":true,"href":"https:\/\/www.daisho.be\/es\/wp-json\/wp\/v2\/product_tag?post=366004"},{"taxonomy":"sport","embeddable":true,"href":"https:\/\/www.daisho.be\/es\/wp-json\/wp\/v2\/sport?post=366004"}],"curies":[{"name":"wp","href":"https:\/\/api.w.org\/{rel}","templated":true}]}}