{"id":365053,"date":"2024-02-01T18:27:00","date_gmt":"2024-02-01T17:27:00","guid":{"rendered":"https:\/\/www.daisho.be\/produit\/gap-trainer-negro\/"},"modified":"2024-04-28T14:11:13","modified_gmt":"2024-04-28T12:11:13","slug":"gap-trainer-negro","status":"publish","type":"product","link":"https:\/\/www.daisho.be\/es\/produit\/gap-trainer-negro\/","title":{"rendered":"Gap trainer &#8211; negro"},"content":{"rendered":"<p>Esparcidor de piernas | Entrenador esparcidor negro<br \/>\nEl gap trainer es un accesorio excelente y extremadamente \u00fatil que puede utilizarse tanto en el entrenamiento de artes marciales como de ballet.<br \/>\nEl gap trainer est\u00e1 fabricado con materiales de alta calidad.<br \/>\nEl separador de piernas es ideal para estirar y alargar los m\u00fasculos de las piernas y los muslos, y tambi\u00e9n mejora el bienestar.<br \/>\nM\u00daLTIPLES APLICACIONES &#8211; El separador de piernas es un dispositivo de estiramiento excelente y extremadamente \u00fatil que puede utilizarse tanto en el entrenamiento de artes marciales como de ballet.<br \/>\nPARA TODOS &#8211; El separador de piernas puede ajustarse varias veces y puede ser utilizado tanto por principiantes como por usuarios experimentados.<br \/>\nF\u00c1CIL DE GUARDAR &#8211; El separador de piernas es muy f\u00e1cil de guardar. Cuando se pliega, su tama\u00f1o se reduce considerablemente.<br \/>\n6 NIVELES DE AJUSTE &#8211; El dispositivo de estiramiento tiene hasta 6 niveles de ajuste para cada uno de los 3 brazos. As\u00ed, cada uno puede realizar f\u00e1cilmente sus propios ajustes individuales para estirarse con facilidad y comodidad.<br \/>\nCaracter\u00edsticas :<br \/>\nMaterial: acero + espuma + ABS<br \/>\npara principiantes y avanzados<br \/>\nf\u00e1cil de guardar<br \/>\nAjuste en 6 etapas<br \/>\ndimensiones: aprox. 99,5\/7,5 cm<br \/>\npeso: aprox. 1,286 kg<\/p>\n","protected":false},"excerpt":{"rendered":"<p>Esparcidor de piernas | Entrenador esparcidor negro El gap trainer es un accesorio excelente y extremadamente \u00fatil que puede utilizarse tanto en el entrenamiento de artes marciales como de ballet. El gap trainer est\u00e1 fabricado con materiales de alta calidad. El separador de piernas es ideal para estirar y alargar los m\u00fasculos de las piernas [&hellip;]<\/p>\n","protected":false},"featured_media":365022,"comment_status":"open","ping_status":"closed","template":"","meta":{"inline_featured_image":false},"product_brand":[],"product_cat":[1322,1409,1301],"product_tag":[1469],"sport":[],"class_list":{"0":"post-365053","1":"product","2":"type-product","3":"status-publish","4":"has-post-thumbnail","6":"product_cat-equipo-de-entrenamiento-de-kickboxing","7":"product_cat-equipos-de-formacion-es","8":"product_cat-material-de-entrenamiento-de-karate","9":"product_tag-s-b-j-es","11":"first","12":"instock","13":"taxable","14":"shipping-taxable","15":"purchasable","16":"product-type-simple"},"yoast_head":"<!-- This site is optimized with the Yoast SEO plugin v27.2 - https:\/\/yoast.com\/product\/yoast-seo-wordpress\/ -->\n<title>Gap trainer - negro &#8211; Daisho<\/title>\n<meta name=\"robots\" content=\"index, follow, max-snippet:-1, max-image-preview:large, max-video-preview:-1\" \/>\n<link rel=\"canonical\" href=\"https:\/\/www.daisho.be\/es\/produit\/gap-trainer-negro\/\" \/>\n<meta property=\"og:locale\" content=\"es_ES\" \/>\n<meta property=\"og:type\" content=\"article\" \/>\n<meta property=\"og:title\" content=\"Gap trainer - negro &#8211; Daisho\" \/>\n<meta property=\"og:description\" content=\"Esparcidor de piernas | Entrenador esparcidor negro El gap trainer es un accesorio excelente y extremadamente \u00fatil que puede utilizarse tanto en el entrenamiento de artes marciales como de ballet. El gap trainer est\u00e1 fabricado con materiales de alta calidad. El separador de piernas es ideal para estirar y alargar los m\u00fasculos de las piernas [&hellip;]\" \/>\n<meta property=\"og:url\" content=\"https:\/\/www.daisho.be\/es\/produit\/gap-trainer-negro\/\" \/>\n<meta property=\"og:site_name\" content=\"Daisho\" \/>\n<meta property=\"article:modified_time\" content=\"2024-04-28T12:11:13+00:00\" \/>\n<meta property=\"og:image\" content=\"https:\/\/www.daisho.be\/wp-content\/uploads\/2024\/02\/image-8.jpg\" \/>\n\t<meta property=\"og:image:width\" content=\"1200\" \/>\n\t<meta property=\"og:image:height\" content=\"843\" \/>\n\t<meta property=\"og:image:type\" content=\"image\/jpeg\" \/>\n<meta name=\"twitter:card\" content=\"summary_large_image\" \/>\n<meta name=\"twitter:label1\" content=\"Tiempo de lectura\" \/>\n\t<meta name=\"twitter:data1\" content=\"1 minuto\" \/>\n<script type=\"application\/ld+json\" class=\"yoast-schema-graph\">{\"@context\":\"https:\/\/schema.org\",\"@graph\":[{\"@type\":\"WebPage\",\"@id\":\"https:\/\/www.daisho.be\/es\/produit\/gap-trainer-negro\/\",\"url\":\"https:\/\/www.daisho.be\/es\/produit\/gap-trainer-negro\/\",\"name\":\"Gap trainer - negro &#8211; Daisho\",\"isPartOf\":{\"@id\":\"https:\/\/www.daisho.be\/es\/#website\"},\"primaryImageOfPage\":{\"@id\":\"https:\/\/www.daisho.be\/es\/produit\/gap-trainer-negro\/#primaryimage\"},\"image\":{\"@id\":\"https:\/\/www.daisho.be\/es\/produit\/gap-trainer-negro\/#primaryimage\"},\"thumbnailUrl\":\"https:\/\/www.daisho.be\/wp-content\/uploads\/2024\/02\/image-8.jpg\",\"datePublished\":\"2024-02-01T17:27:00+00:00\",\"dateModified\":\"2024-04-28T12:11:13+00:00\",\"breadcrumb\":{\"@id\":\"https:\/\/www.daisho.be\/es\/produit\/gap-trainer-negro\/#breadcrumb\"},\"inLanguage\":\"es\",\"potentialAction\":[{\"@type\":\"ReadAction\",\"target\":[\"https:\/\/www.daisho.be\/es\/produit\/gap-trainer-negro\/\"]}]},{\"@type\":\"ImageObject\",\"inLanguage\":\"es\",\"@id\":\"https:\/\/www.daisho.be\/es\/produit\/gap-trainer-negro\/#primaryimage\",\"url\":\"https:\/\/www.daisho.be\/wp-content\/uploads\/2024\/02\/image-8.jpg\",\"contentUrl\":\"https:\/\/www.daisho.be\/wp-content\/uploads\/2024\/02\/image-8.jpg\",\"width\":1200,\"height\":843,\"caption\":\"Gap trainer - negro-1\"},{\"@type\":\"BreadcrumbList\",\"@id\":\"https:\/\/www.daisho.be\/es\/produit\/gap-trainer-negro\/#breadcrumb\",\"itemListElement\":[{\"@type\":\"ListItem\",\"position\":1,\"name\":\"Accueil\",\"item\":\"https:\/\/www.daisho.be\/es\/\"},{\"@type\":\"ListItem\",\"position\":2,\"name\":\"Productos\",\"item\":\"https:\/\/www.daisho.be\/es\/productos\/\"},{\"@type\":\"ListItem\",\"position\":3,\"name\":\"Equipamiento y ropa para artes marciales y deportes de combate\",\"item\":\"https:\/\/www.daisho.be\/es\/categorie-produit\/equipamiento-y-ropa-para-artes-marciales-y-deportes-de-combate\/\"},{\"@type\":\"ListItem\",\"position\":4,\"name\":\"Kick Boxing\",\"item\":\"https:\/\/www.daisho.be\/es\/categorie-produit\/equipamiento-y-ropa-para-artes-marciales-y-deportes-de-combate\/kick-boxing-es\/\"},{\"@type\":\"ListItem\",\"position\":5,\"name\":\"Equipo de entrenamiento de kickboxing\",\"item\":\"https:\/\/www.daisho.be\/es\/categorie-produit\/equipamiento-y-ropa-para-artes-marciales-y-deportes-de-combate\/kick-boxing-es\/equipo-de-entrenamiento-de-kickboxing\/\"},{\"@type\":\"ListItem\",\"position\":6,\"name\":\"Gap trainer &#8211; negro\"}]},{\"@type\":\"WebSite\",\"@id\":\"https:\/\/www.daisho.be\/es\/#website\",\"url\":\"https:\/\/www.daisho.be\/es\/\",\"name\":\"Daisho\",\"description\":\"Sp&eacute;cialiste de l'&eacute;quipement sportif d'arts martiaux\",\"publisher\":{\"@id\":\"https:\/\/www.daisho.be\/es\/#organization\"},\"potentialAction\":[{\"@type\":\"SearchAction\",\"target\":{\"@type\":\"EntryPoint\",\"urlTemplate\":\"https:\/\/www.daisho.be\/es\/?s={search_term_string}\"},\"query-input\":{\"@type\":\"PropertyValueSpecification\",\"valueRequired\":true,\"valueName\":\"search_term_string\"}}],\"inLanguage\":\"es\"},{\"@type\":\"Organization\",\"@id\":\"https:\/\/www.daisho.be\/es\/#organization\",\"name\":\"Daisho\",\"url\":\"https:\/\/www.daisho.be\/es\/\",\"logo\":{\"@type\":\"ImageObject\",\"inLanguage\":\"es\",\"@id\":\"https:\/\/www.daisho.be\/es\/#\/schema\/logo\/image\/\",\"url\":\"https:\/\/www.daisho.be\/wp-content\/uploads\/2019\/07\/color-nothing-horizontale4x-e1564486100247.png\",\"contentUrl\":\"https:\/\/www.daisho.be\/wp-content\/uploads\/2019\/07\/color-nothing-horizontale4x-e1564486100247.png\",\"width\":1547,\"height\":385,\"caption\":\"Daisho\"},\"image\":{\"@id\":\"https:\/\/www.daisho.be\/es\/#\/schema\/logo\/image\/\"}}]}<\/script>\n<!-- \/ Yoast SEO plugin. -->","yoast_head_json":{"title":"Gap trainer - negro &#8211; Daisho","robots":{"index":"index","follow":"follow","max-snippet":"max-snippet:-1","max-image-preview":"max-image-preview:large","max-video-preview":"max-video-preview:-1"},"canonical":"https:\/\/www.daisho.be\/es\/produit\/gap-trainer-negro\/","og_locale":"es_ES","og_type":"article","og_title":"Gap trainer - negro &#8211; Daisho","og_description":"Esparcidor de piernas | Entrenador esparcidor negro El gap trainer es un accesorio excelente y extremadamente \u00fatil que puede utilizarse tanto en el entrenamiento de artes marciales como de ballet. El gap trainer est\u00e1 fabricado con materiales de alta calidad. El separador de piernas es ideal para estirar y alargar los m\u00fasculos de las piernas [&hellip;]","og_url":"https:\/\/www.daisho.be\/es\/produit\/gap-trainer-negro\/","og_site_name":"Daisho","article_modified_time":"2024-04-28T12:11:13+00:00","og_image":[{"width":1200,"height":843,"url":"https:\/\/www.daisho.be\/wp-content\/uploads\/2024\/02\/image-8.jpg","type":"image\/jpeg"}],"twitter_card":"summary_large_image","twitter_misc":{"Tiempo de lectura":"1 minuto"},"schema":{"@context":"https:\/\/schema.org","@graph":[{"@type":"WebPage","@id":"https:\/\/www.daisho.be\/es\/produit\/gap-trainer-negro\/","url":"https:\/\/www.daisho.be\/es\/produit\/gap-trainer-negro\/","name":"Gap trainer - negro &#8211; Daisho","isPartOf":{"@id":"https:\/\/www.daisho.be\/es\/#website"},"primaryImageOfPage":{"@id":"https:\/\/www.daisho.be\/es\/produit\/gap-trainer-negro\/#primaryimage"},"image":{"@id":"https:\/\/www.daisho.be\/es\/produit\/gap-trainer-negro\/#primaryimage"},"thumbnailUrl":"https:\/\/www.daisho.be\/wp-content\/uploads\/2024\/02\/image-8.jpg","datePublished":"2024-02-01T17:27:00+00:00","dateModified":"2024-04-28T12:11:13+00:00","breadcrumb":{"@id":"https:\/\/www.daisho.be\/es\/produit\/gap-trainer-negro\/#breadcrumb"},"inLanguage":"es","potentialAction":[{"@type":"ReadAction","target":["https:\/\/www.daisho.be\/es\/produit\/gap-trainer-negro\/"]}]},{"@type":"ImageObject","inLanguage":"es","@id":"https:\/\/www.daisho.be\/es\/produit\/gap-trainer-negro\/#primaryimage","url":"https:\/\/www.daisho.be\/wp-content\/uploads\/2024\/02\/image-8.jpg","contentUrl":"https:\/\/www.daisho.be\/wp-content\/uploads\/2024\/02\/image-8.jpg","width":1200,"height":843,"caption":"Gap trainer - negro-1"},{"@type":"BreadcrumbList","@id":"https:\/\/www.daisho.be\/es\/produit\/gap-trainer-negro\/#breadcrumb","itemListElement":[{"@type":"ListItem","position":1,"name":"Accueil","item":"https:\/\/www.daisho.be\/es\/"},{"@type":"ListItem","position":2,"name":"Productos","item":"https:\/\/www.daisho.be\/es\/productos\/"},{"@type":"ListItem","position":3,"name":"Equipamiento y ropa para artes marciales y deportes de combate","item":"https:\/\/www.daisho.be\/es\/categorie-produit\/equipamiento-y-ropa-para-artes-marciales-y-deportes-de-combate\/"},{"@type":"ListItem","position":4,"name":"Kick Boxing","item":"https:\/\/www.daisho.be\/es\/categorie-produit\/equipamiento-y-ropa-para-artes-marciales-y-deportes-de-combate\/kick-boxing-es\/"},{"@type":"ListItem","position":5,"name":"Equipo de entrenamiento de kickboxing","item":"https:\/\/www.daisho.be\/es\/categorie-produit\/equipamiento-y-ropa-para-artes-marciales-y-deportes-de-combate\/kick-boxing-es\/equipo-de-entrenamiento-de-kickboxing\/"},{"@type":"ListItem","position":6,"name":"Gap trainer &#8211; negro"}]},{"@type":"WebSite","@id":"https:\/\/www.daisho.be\/es\/#website","url":"https:\/\/www.daisho.be\/es\/","name":"Daisho","description":"Sp&eacute;cialiste de l'&eacute;quipement sportif d'arts martiaux","publisher":{"@id":"https:\/\/www.daisho.be\/es\/#organization"},"potentialAction":[{"@type":"SearchAction","target":{"@type":"EntryPoint","urlTemplate":"https:\/\/www.daisho.be\/es\/?s={search_term_string}"},"query-input":{"@type":"PropertyValueSpecification","valueRequired":true,"valueName":"search_term_string"}}],"inLanguage":"es"},{"@type":"Organization","@id":"https:\/\/www.daisho.be\/es\/#organization","name":"Daisho","url":"https:\/\/www.daisho.be\/es\/","logo":{"@type":"ImageObject","inLanguage":"es","@id":"https:\/\/www.daisho.be\/es\/#\/schema\/logo\/image\/","url":"https:\/\/www.daisho.be\/wp-content\/uploads\/2019\/07\/color-nothing-horizontale4x-e1564486100247.png","contentUrl":"https:\/\/www.daisho.be\/wp-content\/uploads\/2019\/07\/color-nothing-horizontale4x-e1564486100247.png","width":1547,"height":385,"caption":"Daisho"},"image":{"@id":"https:\/\/www.daisho.be\/es\/#\/schema\/logo\/image\/"}}]}},"_links":{"self":[{"href":"https:\/\/www.daisho.be\/es\/wp-json\/wp\/v2\/product\/365053","targetHints":{"allow":["GET"]}}],"collection":[{"href":"https:\/\/www.daisho.be\/es\/wp-json\/wp\/v2\/product"}],"about":[{"href":"https:\/\/www.daisho.be\/es\/wp-json\/wp\/v2\/types\/product"}],"replies":[{"embeddable":true,"href":"https:\/\/www.daisho.be\/es\/wp-json\/wp\/v2\/comments?post=365053"}],"wp:featuredmedia":[{"embeddable":true,"href":"https:\/\/www.daisho.be\/es\/wp-json\/wp\/v2\/media\/365022"}],"wp:attachment":[{"href":"https:\/\/www.daisho.be\/es\/wp-json\/wp\/v2\/media?parent=365053"}],"wp:term":[{"taxonomy":"product_brand","embeddable":true,"href":"https:\/\/www.daisho.be\/es\/wp-json\/wp\/v2\/product_brand?post=365053"},{"taxonomy":"product_cat","embeddable":true,"href":"https:\/\/www.daisho.be\/es\/wp-json\/wp\/v2\/product_cat?post=365053"},{"taxonomy":"product_tag","embeddable":true,"href":"https:\/\/www.daisho.be\/es\/wp-json\/wp\/v2\/product_tag?post=365053"},{"taxonomy":"sport","embeddable":true,"href":"https:\/\/www.daisho.be\/es\/wp-json\/wp\/v2\/sport?post=365053"}],"curies":[{"name":"wp","href":"https:\/\/api.w.org\/{rel}","templated":true}]}}