{"id":361581,"date":"2024-01-13T12:14:29","date_gmt":"2024-01-13T11:14:29","guid":{"rendered":"https:\/\/www.daisho.be\/produit\/espejo-fijo-figaro-marco-plateado-3\/"},"modified":"2026-03-26T16:42:57","modified_gmt":"2026-03-26T15:42:57","slug":"espejo-fijo-figaro-marco-plateado-3","status":"publish","type":"product","link":"https:\/\/www.daisho.be\/es\/produit\/espejo-fijo-figaro-marco-plateado-3\/","title":{"rendered":"Espejo fijo Figaro &#8211; Marco plateado 170&#215;100 cm"},"content":{"rendered":"<p>Le Figaro es un espejo para los profesionales de las artes esc\u00e9nicas y el deporte.<br \/>\nProporciona un reflejo perfecto, sin distorsiones a cualquier distancia, para que bailarines, m\u00fasicos y deportistas puedan trabajar su t\u00e9cnica con precisi\u00f3n.<br \/>\nSe ha dise\u00f1ado para que puedas montar tantas unidades como necesites para crear un espacio continuo con sensaci\u00f3n de amplitud y elegancia.<br \/>\nEl Figaro es un espejo de alta seguridad gracias a su sistema de fijaci\u00f3n mural y a la pel\u00edcula antirrotura que impide que los fragmentos se desprendan en caso de impacto violento.<br \/>\nUna herramienta de trabajo esencial.<br \/>\nPara mejorar tu t\u00e9cnica en cualquier disciplina art\u00edstica o deportiva, es imprescindible un espejo de alta precisi\u00f3n.<br \/>\nEl cristal de 4 mil\u00edmetros de grosor del espejo profesional Figaro es de la m\u00e1xima calidad. Permite que varios alumnos a distintas distancias se vean sin distorsi\u00f3n y trabajen con precisi\u00f3n.<br \/>\nLos soportes de acero galvanizado garantizan una fijaci\u00f3n perfecta a la pared y una superficie plana y sin inclinaciones.<br \/>\nLos marcos de aluminio protegen el espejo y permiten conectar las distintas unidades de forma segura y sin desviaciones.<br \/>\nDimensiones y colores para crear el estudio perfecto.<br \/>\nEl espejo es una parte esencial de cualquier habitaci\u00f3n, y hemos dise\u00f1ado el Figaro en distintos tama\u00f1os y con marco negro y plateado para que se adapte al tama\u00f1o y estilo de tu estudio.<br \/>\nEst\u00e1 disponible en 3 tama\u00f1os, el cl\u00e1sico de 2&#215;1 m y modelos m\u00e1s peque\u00f1os aptos para ni\u00f1os.<br \/>\nM\u00e1xima seguridad para la tranquilidad de todos.<br \/>\nEl grosor del espejo, la protecci\u00f3n de los marcos de aluminio y el sistema de fijaci\u00f3n hacen que el Figaro sea extremadamente robusto y muy resistente a la rotura.<br \/>\nSin embargo, un impacto violento sobre el espejo podr\u00eda provocar su rotura. Por eso aplicamos una pel\u00edcula protectora de seguridad para evitar que se desprendan fragmentos de cristal y golpeen a alguien.<br \/>\nLos soportes de pared est\u00e1n dise\u00f1ados para que el espejo pueda colgarse utilizando las muescas del marco.<br \/>\nEl peso se distribuye por toda la superficie y el hecho de que se apoye completamente en la pared garantiza una estabilidad perfecta.<br \/>\nEl soporte de acero galvanizado evita la oxidaci\u00f3n.<br \/>\nEl Figaro cumple las normas europeas de seguridad y rendimiento EN-6060.<br \/>\nLa flexibilidad de un solo espejo fijo.<br \/>\nLos dos peque\u00f1os soportes de acero galvanizado antioxidante se fijan a la pared con dos tornillos.<br \/>\nEl marco de aluminio, que rodea todo el espejo, tiene dos muescas para colgarlo.<br \/>\nEste sistema proporciona seguridad y flexibilidad, porque si alguna vez necesitas instalar los espejos en otra habitaci\u00f3n, puedes moverlos f\u00e1cilmente.<br \/>\nUna vez colgado en los soportes, el espejo queda completamente plano en la pared.<br \/>\nEste sistema distribuye el peso por toda la superficie, garantizando una alineaci\u00f3n perfecta y una estabilidad total de toda la instalaci\u00f3n, sea cual sea el n\u00famero de espejos.<br \/>\nPuede combinar el Figaro con nuestras barras de suelo para optimizar el espacio y crear su estudio de danza ideal.<\/p>\n","protected":false},"excerpt":{"rendered":"<p>Le Figaro es un espejo para los profesionales de las artes esc\u00e9nicas y el deporte. Proporciona un reflejo perfecto, sin distorsiones a cualquier distancia, para que bailarines, m\u00fasicos y deportistas puedan trabajar su t\u00e9cnica con precisi\u00f3n. Se ha dise\u00f1ado para que puedas montar tantas unidades como necesites para crear un espacio continuo con sensaci\u00f3n de [&hellip;]<\/p>\n","protected":false},"featured_media":340842,"comment_status":"open","ping_status":"closed","template":"","meta":{"inline_featured_image":false},"product_brand":[],"product_cat":[1798,1301],"product_tag":[1797],"sport":[],"class_list":{"0":"post-361581","1":"product","2":"type-product","3":"status-publish","4":"has-post-thumbnail","6":"product_cat-espejos","7":"product_cat-material-de-entrenamiento-de-karate","8":"product_tag-ballet-dinamico","9":"product_shipping_class-productos-voluminosos","10":"pa_size-170x100-cms","12":"first","13":"instock","14":"taxable","15":"shipping-taxable","16":"purchasable","17":"product-type-variable"},"yoast_head":"<!-- This site is optimized with the Yoast SEO plugin v27.2 - https:\/\/yoast.com\/product\/yoast-seo-wordpress\/ -->\n<title>Espejo fijo Figaro - Marco plateado 170x100 cm &#8211; Daisho<\/title>\n<meta name=\"description\" content=\"Espejo de pared, reflejo perfecto sin distorsi\u00f3n, alta seguridad antirrotura, modular e ideal para danza y deporte. Encu\u00e9ntralo en www.daisho.be | Daisho\" \/>\n<meta name=\"robots\" content=\"index, follow, max-snippet:-1, max-image-preview:large, max-video-preview:-1\" \/>\n<link rel=\"canonical\" href=\"https:\/\/www.daisho.be\/es\/produit\/espejo-fijo-figaro-marco-plateado-3\/\" \/>\n<meta property=\"og:locale\" content=\"es_ES\" \/>\n<meta property=\"og:type\" content=\"article\" \/>\n<meta property=\"og:title\" content=\"Espejo fijo Figaro - Marco plateado 170x100 cm &#8211; Daisho\" \/>\n<meta property=\"og:description\" content=\"Espejo de pared, reflejo perfecto sin distorsi\u00f3n, alta seguridad antirrotura, modular e ideal para danza y deporte. Encu\u00e9ntralo en www.daisho.be | Daisho\" \/>\n<meta property=\"og:url\" content=\"https:\/\/www.daisho.be\/es\/produit\/espejo-fijo-figaro-marco-plateado-3\/\" \/>\n<meta property=\"og:site_name\" content=\"Daisho\" \/>\n<meta property=\"article:modified_time\" content=\"2026-03-26T15:42:57+00:00\" \/>\n<meta property=\"og:image\" content=\"https:\/\/www.daisho.be\/wp-content\/uploads\/2024\/01\/image-213.jpg\" \/>\n\t<meta property=\"og:image:width\" content=\"801\" \/>\n\t<meta property=\"og:image:height\" content=\"1200\" \/>\n\t<meta property=\"og:image:type\" content=\"image\/jpeg\" \/>\n<meta name=\"twitter:card\" content=\"summary_large_image\" \/>\n<meta name=\"twitter:label1\" content=\"Tiempo de lectura\" \/>\n\t<meta name=\"twitter:data1\" content=\"3 minutos\" \/>\n<script type=\"application\/ld+json\" class=\"yoast-schema-graph\">{\"@context\":\"https:\/\/schema.org\",\"@graph\":[{\"@type\":\"WebPage\",\"@id\":\"https:\/\/www.daisho.be\/es\/produit\/espejo-fijo-figaro-marco-plateado-3\/\",\"url\":\"https:\/\/www.daisho.be\/es\/produit\/espejo-fijo-figaro-marco-plateado-3\/\",\"name\":\"Espejo fijo Figaro - Marco plateado 170x100 cm &#8211; Daisho\",\"isPartOf\":{\"@id\":\"https:\/\/www.daisho.be\/es\/#website\"},\"primaryImageOfPage\":{\"@id\":\"https:\/\/www.daisho.be\/es\/produit\/espejo-fijo-figaro-marco-plateado-3\/#primaryimage\"},\"image\":{\"@id\":\"https:\/\/www.daisho.be\/es\/produit\/espejo-fijo-figaro-marco-plateado-3\/#primaryimage\"},\"thumbnailUrl\":\"https:\/\/www.daisho.be\/wp-content\/uploads\/2024\/01\/image-213.jpg\",\"datePublished\":\"2024-01-13T11:14:29+00:00\",\"dateModified\":\"2026-03-26T15:42:57+00:00\",\"description\":\"Espejo de pared, reflejo perfecto sin distorsi\u00f3n, alta seguridad antirrotura, modular e ideal para danza y deporte. Encu\u00e9ntralo en www.daisho.be | Daisho\",\"breadcrumb\":{\"@id\":\"https:\/\/www.daisho.be\/es\/produit\/espejo-fijo-figaro-marco-plateado-3\/#breadcrumb\"},\"inLanguage\":\"es\",\"potentialAction\":[{\"@type\":\"ReadAction\",\"target\":[\"https:\/\/www.daisho.be\/es\/produit\/espejo-fijo-figaro-marco-plateado-3\/\"]}]},{\"@type\":\"ImageObject\",\"inLanguage\":\"es\",\"@id\":\"https:\/\/www.daisho.be\/es\/produit\/espejo-fijo-figaro-marco-plateado-3\/#primaryimage\",\"url\":\"https:\/\/www.daisho.be\/wp-content\/uploads\/2024\/01\/image-213.jpg\",\"contentUrl\":\"https:\/\/www.daisho.be\/wp-content\/uploads\/2024\/01\/image-213.jpg\",\"width\":801,\"height\":1200,\"caption\":\"Espejo fijo Figaro - Marco plateado 170x100 cm-1\"},{\"@type\":\"BreadcrumbList\",\"@id\":\"https:\/\/www.daisho.be\/es\/produit\/espejo-fijo-figaro-marco-plateado-3\/#breadcrumb\",\"itemListElement\":[{\"@type\":\"ListItem\",\"position\":1,\"name\":\"Accueil\",\"item\":\"https:\/\/www.daisho.be\/es\/\"},{\"@type\":\"ListItem\",\"position\":2,\"name\":\"Productos\",\"item\":\"https:\/\/www.daisho.be\/es\/productos\/\"},{\"@type\":\"ListItem\",\"position\":3,\"name\":\"Equipamiento y ropa para artes marciales y deportes de combate\",\"item\":\"https:\/\/www.daisho.be\/es\/categorie-produit\/equipamiento-y-ropa-para-artes-marciales-y-deportes-de-combate\/\"},{\"@type\":\"ListItem\",\"position\":4,\"name\":\"Karate\",\"item\":\"https:\/\/www.daisho.be\/es\/categorie-produit\/equipamiento-y-ropa-para-artes-marciales-y-deportes-de-combate\/karate-es-2\/\"},{\"@type\":\"ListItem\",\"position\":5,\"name\":\"Material de entrenamiento de k\u00e1rate\",\"item\":\"https:\/\/www.daisho.be\/es\/categorie-produit\/equipamiento-y-ropa-para-artes-marciales-y-deportes-de-combate\/karate-es-2\/material-de-entrenamiento-de-karate\/\"},{\"@type\":\"ListItem\",\"position\":6,\"name\":\"Espejo fijo Figaro &#8211; Marco plateado 170&#215;100 cm\"}]},{\"@type\":\"WebSite\",\"@id\":\"https:\/\/www.daisho.be\/es\/#website\",\"url\":\"https:\/\/www.daisho.be\/es\/\",\"name\":\"Daisho\",\"description\":\"Sp&eacute;cialiste de l'&eacute;quipement sportif d'arts martiaux\",\"publisher\":{\"@id\":\"https:\/\/www.daisho.be\/es\/#organization\"},\"potentialAction\":[{\"@type\":\"SearchAction\",\"target\":{\"@type\":\"EntryPoint\",\"urlTemplate\":\"https:\/\/www.daisho.be\/es\/?s={search_term_string}\"},\"query-input\":{\"@type\":\"PropertyValueSpecification\",\"valueRequired\":true,\"valueName\":\"search_term_string\"}}],\"inLanguage\":\"es\"},{\"@type\":\"Organization\",\"@id\":\"https:\/\/www.daisho.be\/es\/#organization\",\"name\":\"Daisho\",\"url\":\"https:\/\/www.daisho.be\/es\/\",\"logo\":{\"@type\":\"ImageObject\",\"inLanguage\":\"es\",\"@id\":\"https:\/\/www.daisho.be\/es\/#\/schema\/logo\/image\/\",\"url\":\"https:\/\/www.daisho.be\/wp-content\/uploads\/2019\/07\/color-nothing-horizontale4x-e1564486100247.png\",\"contentUrl\":\"https:\/\/www.daisho.be\/wp-content\/uploads\/2019\/07\/color-nothing-horizontale4x-e1564486100247.png\",\"width\":1547,\"height\":385,\"caption\":\"Daisho\"},\"image\":{\"@id\":\"https:\/\/www.daisho.be\/es\/#\/schema\/logo\/image\/\"}}]}<\/script>\n<!-- \/ Yoast SEO plugin. -->","yoast_head_json":{"title":"Espejo fijo Figaro - Marco plateado 170x100 cm &#8211; Daisho","description":"Espejo de pared, reflejo perfecto sin distorsi\u00f3n, alta seguridad antirrotura, modular e ideal para danza y deporte. Encu\u00e9ntralo en www.daisho.be | Daisho","robots":{"index":"index","follow":"follow","max-snippet":"max-snippet:-1","max-image-preview":"max-image-preview:large","max-video-preview":"max-video-preview:-1"},"canonical":"https:\/\/www.daisho.be\/es\/produit\/espejo-fijo-figaro-marco-plateado-3\/","og_locale":"es_ES","og_type":"article","og_title":"Espejo fijo Figaro - Marco plateado 170x100 cm &#8211; Daisho","og_description":"Espejo de pared, reflejo perfecto sin distorsi\u00f3n, alta seguridad antirrotura, modular e ideal para danza y deporte. Encu\u00e9ntralo en www.daisho.be | Daisho","og_url":"https:\/\/www.daisho.be\/es\/produit\/espejo-fijo-figaro-marco-plateado-3\/","og_site_name":"Daisho","article_modified_time":"2026-03-26T15:42:57+00:00","og_image":[{"width":801,"height":1200,"url":"https:\/\/www.daisho.be\/wp-content\/uploads\/2024\/01\/image-213.jpg","type":"image\/jpeg"}],"twitter_card":"summary_large_image","twitter_misc":{"Tiempo de lectura":"3 minutos"},"schema":{"@context":"https:\/\/schema.org","@graph":[{"@type":"WebPage","@id":"https:\/\/www.daisho.be\/es\/produit\/espejo-fijo-figaro-marco-plateado-3\/","url":"https:\/\/www.daisho.be\/es\/produit\/espejo-fijo-figaro-marco-plateado-3\/","name":"Espejo fijo Figaro - Marco plateado 170x100 cm &#8211; Daisho","isPartOf":{"@id":"https:\/\/www.daisho.be\/es\/#website"},"primaryImageOfPage":{"@id":"https:\/\/www.daisho.be\/es\/produit\/espejo-fijo-figaro-marco-plateado-3\/#primaryimage"},"image":{"@id":"https:\/\/www.daisho.be\/es\/produit\/espejo-fijo-figaro-marco-plateado-3\/#primaryimage"},"thumbnailUrl":"https:\/\/www.daisho.be\/wp-content\/uploads\/2024\/01\/image-213.jpg","datePublished":"2024-01-13T11:14:29+00:00","dateModified":"2026-03-26T15:42:57+00:00","description":"Espejo de pared, reflejo perfecto sin distorsi\u00f3n, alta seguridad antirrotura, modular e ideal para danza y deporte. Encu\u00e9ntralo en www.daisho.be | Daisho","breadcrumb":{"@id":"https:\/\/www.daisho.be\/es\/produit\/espejo-fijo-figaro-marco-plateado-3\/#breadcrumb"},"inLanguage":"es","potentialAction":[{"@type":"ReadAction","target":["https:\/\/www.daisho.be\/es\/produit\/espejo-fijo-figaro-marco-plateado-3\/"]}]},{"@type":"ImageObject","inLanguage":"es","@id":"https:\/\/www.daisho.be\/es\/produit\/espejo-fijo-figaro-marco-plateado-3\/#primaryimage","url":"https:\/\/www.daisho.be\/wp-content\/uploads\/2024\/01\/image-213.jpg","contentUrl":"https:\/\/www.daisho.be\/wp-content\/uploads\/2024\/01\/image-213.jpg","width":801,"height":1200,"caption":"Espejo fijo Figaro - Marco plateado 170x100 cm-1"},{"@type":"BreadcrumbList","@id":"https:\/\/www.daisho.be\/es\/produit\/espejo-fijo-figaro-marco-plateado-3\/#breadcrumb","itemListElement":[{"@type":"ListItem","position":1,"name":"Accueil","item":"https:\/\/www.daisho.be\/es\/"},{"@type":"ListItem","position":2,"name":"Productos","item":"https:\/\/www.daisho.be\/es\/productos\/"},{"@type":"ListItem","position":3,"name":"Equipamiento y ropa para artes marciales y deportes de combate","item":"https:\/\/www.daisho.be\/es\/categorie-produit\/equipamiento-y-ropa-para-artes-marciales-y-deportes-de-combate\/"},{"@type":"ListItem","position":4,"name":"Karate","item":"https:\/\/www.daisho.be\/es\/categorie-produit\/equipamiento-y-ropa-para-artes-marciales-y-deportes-de-combate\/karate-es-2\/"},{"@type":"ListItem","position":5,"name":"Material de entrenamiento de k\u00e1rate","item":"https:\/\/www.daisho.be\/es\/categorie-produit\/equipamiento-y-ropa-para-artes-marciales-y-deportes-de-combate\/karate-es-2\/material-de-entrenamiento-de-karate\/"},{"@type":"ListItem","position":6,"name":"Espejo fijo Figaro &#8211; Marco plateado 170&#215;100 cm"}]},{"@type":"WebSite","@id":"https:\/\/www.daisho.be\/es\/#website","url":"https:\/\/www.daisho.be\/es\/","name":"Daisho","description":"Sp&eacute;cialiste de l'&eacute;quipement sportif d'arts martiaux","publisher":{"@id":"https:\/\/www.daisho.be\/es\/#organization"},"potentialAction":[{"@type":"SearchAction","target":{"@type":"EntryPoint","urlTemplate":"https:\/\/www.daisho.be\/es\/?s={search_term_string}"},"query-input":{"@type":"PropertyValueSpecification","valueRequired":true,"valueName":"search_term_string"}}],"inLanguage":"es"},{"@type":"Organization","@id":"https:\/\/www.daisho.be\/es\/#organization","name":"Daisho","url":"https:\/\/www.daisho.be\/es\/","logo":{"@type":"ImageObject","inLanguage":"es","@id":"https:\/\/www.daisho.be\/es\/#\/schema\/logo\/image\/","url":"https:\/\/www.daisho.be\/wp-content\/uploads\/2019\/07\/color-nothing-horizontale4x-e1564486100247.png","contentUrl":"https:\/\/www.daisho.be\/wp-content\/uploads\/2019\/07\/color-nothing-horizontale4x-e1564486100247.png","width":1547,"height":385,"caption":"Daisho"},"image":{"@id":"https:\/\/www.daisho.be\/es\/#\/schema\/logo\/image\/"}}]}},"_links":{"self":[{"href":"https:\/\/www.daisho.be\/es\/wp-json\/wp\/v2\/product\/361581","targetHints":{"allow":["GET"]}}],"collection":[{"href":"https:\/\/www.daisho.be\/es\/wp-json\/wp\/v2\/product"}],"about":[{"href":"https:\/\/www.daisho.be\/es\/wp-json\/wp\/v2\/types\/product"}],"replies":[{"embeddable":true,"href":"https:\/\/www.daisho.be\/es\/wp-json\/wp\/v2\/comments?post=361581"}],"wp:featuredmedia":[{"embeddable":true,"href":"https:\/\/www.daisho.be\/es\/wp-json\/wp\/v2\/media\/340842"}],"wp:attachment":[{"href":"https:\/\/www.daisho.be\/es\/wp-json\/wp\/v2\/media?parent=361581"}],"wp:term":[{"taxonomy":"product_brand","embeddable":true,"href":"https:\/\/www.daisho.be\/es\/wp-json\/wp\/v2\/product_brand?post=361581"},{"taxonomy":"product_cat","embeddable":true,"href":"https:\/\/www.daisho.be\/es\/wp-json\/wp\/v2\/product_cat?post=361581"},{"taxonomy":"product_tag","embeddable":true,"href":"https:\/\/www.daisho.be\/es\/wp-json\/wp\/v2\/product_tag?post=361581"},{"taxonomy":"sport","embeddable":true,"href":"https:\/\/www.daisho.be\/es\/wp-json\/wp\/v2\/sport?post=361581"}],"curies":[{"name":"wp","href":"https:\/\/api.w.org\/{rel}","templated":true}]}}