{"id":361487,"date":"2022-07-22T12:39:51","date_gmt":"2022-07-22T10:39:51","guid":{"rendered":"https:\/\/www.daisho.be\/produit\/protector-de-cabeza-zebra-fitness\/"},"modified":"2022-07-22T12:39:51","modified_gmt":"2022-07-22T10:39:51","slug":"protector-de-cabeza-zebra-fitness","status":"publish","type":"product","link":"https:\/\/www.daisho.be\/es\/produit\/protector-de-cabeza-zebra-fitness\/","title":{"rendered":"Protector de cabeza ZEBRA FITNESS"},"content":{"rendered":"<p>Protecci\u00f3n fiable de la cabeza en \u00abFLX PU\u00bb mate. La espuma EVA multicapa se adapta muy bien a la forma de la cabeza, garantizando un ajuste muy bueno. La barbilla y los p\u00f3mulos est\u00e1n protegidos por un acolchado anat\u00f3micamente adaptado. Un cierre de velcro extra ancho en la parte posterior de la cabeza y un cierre de cord\u00f3n adicional en la parte superior de la cabeza garantizan un agarre seguro. Este casco FITNESS ligero es ideal para iniciarse en MMA, boxeo o kickboxing.<\/p>\n<p>Material superior: FLX PU mate para facilitar la limpieza<br \/>\nProtecci\u00f3n integrada para barbilla y p\u00f3mulos<br \/>\nUn cierre de velcro adicional en la parte posterior del cabezal permite encenderlo y apagarlo r\u00e1pidamente<\/p>\n","protected":false},"excerpt":{"rendered":"<p>Protecci\u00f3n fiable de la cabeza en \u00abFLX PU\u00bb mate. La espuma EVA multicapa se adapta muy bien a la forma de la cabeza, garantizando un ajuste muy bueno. La barbilla y los p\u00f3mulos est\u00e1n protegidos por un acolchado anat\u00f3micamente adaptado. Un cierre de velcro extra ancho en la parte posterior de la cabeza y un [&hellip;]<\/p>\n","protected":false},"featured_media":334405,"comment_status":"open","ping_status":"closed","template":"","meta":{"inline_featured_image":false},"product_brand":[],"product_cat":[1439,1366,1500],"product_tag":[1747],"sport":[],"class_list":{"0":"post-361487","1":"product","2":"type-product","3":"status-publish","4":"has-post-thumbnail","6":"product_cat-almohadillas-de-muay-thai","7":"product_cat-proteccion-del-boxeo","8":"product_cat-proteccion-mma","9":"product_tag-zebra-es","10":"pa_size-xs-xl","12":"first","13":"instock","14":"taxable","15":"shipping-taxable","16":"purchasable","17":"product-type-variable"},"yoast_head":"<!-- This site is optimized with the Yoast SEO plugin v27.2 - https:\/\/yoast.com\/product\/yoast-seo-wordpress\/ -->\n<title>Protector de cabeza ZEBRA FITNESS &#8211; Daisho<\/title>\n<meta name=\"robots\" content=\"index, follow, max-snippet:-1, max-image-preview:large, max-video-preview:-1\" \/>\n<link rel=\"canonical\" href=\"https:\/\/www.daisho.be\/es\/produit\/protector-de-cabeza-zebra-fitness\/\" \/>\n<meta property=\"og:locale\" content=\"es_ES\" \/>\n<meta property=\"og:type\" content=\"article\" \/>\n<meta property=\"og:title\" content=\"Protector de cabeza ZEBRA FITNESS &#8211; Daisho\" \/>\n<meta property=\"og:description\" content=\"Protecci\u00f3n fiable de la cabeza en \u00abFLX PU\u00bb mate. La espuma EVA multicapa se adapta muy bien a la forma de la cabeza, garantizando un ajuste muy bueno. La barbilla y los p\u00f3mulos est\u00e1n protegidos por un acolchado anat\u00f3micamente adaptado. Un cierre de velcro extra ancho en la parte posterior de la cabeza y un [&hellip;]\" \/>\n<meta property=\"og:url\" content=\"https:\/\/www.daisho.be\/es\/produit\/protector-de-cabeza-zebra-fitness\/\" \/>\n<meta property=\"og:site_name\" content=\"Daisho\" \/>\n<meta property=\"og:image\" content=\"https:\/\/www.daisho.be\/wp-content\/uploads\/2022\/07\/image-99.jpg\" \/>\n\t<meta property=\"og:image:width\" content=\"510\" \/>\n\t<meta property=\"og:image:height\" content=\"720\" \/>\n\t<meta property=\"og:image:type\" content=\"image\/jpeg\" \/>\n<meta name=\"twitter:card\" content=\"summary_large_image\" \/>\n<meta name=\"twitter:label1\" content=\"Tiempo de lectura\" \/>\n\t<meta name=\"twitter:data1\" content=\"1 minuto\" \/>\n<script type=\"application\/ld+json\" class=\"yoast-schema-graph\">{\"@context\":\"https:\/\/schema.org\",\"@graph\":[{\"@type\":\"WebPage\",\"@id\":\"https:\/\/www.daisho.be\/es\/produit\/protector-de-cabeza-zebra-fitness\/\",\"url\":\"https:\/\/www.daisho.be\/es\/produit\/protector-de-cabeza-zebra-fitness\/\",\"name\":\"Protector de cabeza ZEBRA FITNESS &#8211; Daisho\",\"isPartOf\":{\"@id\":\"https:\/\/www.daisho.be\/es\/#website\"},\"primaryImageOfPage\":{\"@id\":\"https:\/\/www.daisho.be\/es\/produit\/protector-de-cabeza-zebra-fitness\/#primaryimage\"},\"image\":{\"@id\":\"https:\/\/www.daisho.be\/es\/produit\/protector-de-cabeza-zebra-fitness\/#primaryimage\"},\"thumbnailUrl\":\"https:\/\/www.daisho.be\/wp-content\/uploads\/2022\/07\/image-99.jpg\",\"datePublished\":\"2022-07-22T10:39:51+00:00\",\"breadcrumb\":{\"@id\":\"https:\/\/www.daisho.be\/es\/produit\/protector-de-cabeza-zebra-fitness\/#breadcrumb\"},\"inLanguage\":\"es\",\"potentialAction\":[{\"@type\":\"ReadAction\",\"target\":[\"https:\/\/www.daisho.be\/es\/produit\/protector-de-cabeza-zebra-fitness\/\"]}]},{\"@type\":\"ImageObject\",\"inLanguage\":\"es\",\"@id\":\"https:\/\/www.daisho.be\/es\/produit\/protector-de-cabeza-zebra-fitness\/#primaryimage\",\"url\":\"https:\/\/www.daisho.be\/wp-content\/uploads\/2022\/07\/image-99.jpg\",\"contentUrl\":\"https:\/\/www.daisho.be\/wp-content\/uploads\/2022\/07\/image-99.jpg\",\"width\":510,\"height\":720,\"caption\":\"Protector de cabeza ZEBRA FITNESS-1\"},{\"@type\":\"BreadcrumbList\",\"@id\":\"https:\/\/www.daisho.be\/es\/produit\/protector-de-cabeza-zebra-fitness\/#breadcrumb\",\"itemListElement\":[{\"@type\":\"ListItem\",\"position\":1,\"name\":\"Accueil\",\"item\":\"https:\/\/www.daisho.be\/es\/\"},{\"@type\":\"ListItem\",\"position\":2,\"name\":\"Productos\",\"item\":\"https:\/\/www.daisho.be\/es\/productos\/\"},{\"@type\":\"ListItem\",\"position\":3,\"name\":\"Equipamiento y ropa para artes marciales y deportes de combate\",\"item\":\"https:\/\/www.daisho.be\/es\/categorie-produit\/equipamiento-y-ropa-para-artes-marciales-y-deportes-de-combate\/\"},{\"@type\":\"ListItem\",\"position\":4,\"name\":\"Muay tailand\u00e9s\",\"item\":\"https:\/\/www.daisho.be\/es\/categorie-produit\/equipamiento-y-ropa-para-artes-marciales-y-deportes-de-combate\/muay-tailandes\/\"},{\"@type\":\"ListItem\",\"position\":5,\"name\":\"Almohadillas de Muay Thai\",\"item\":\"https:\/\/www.daisho.be\/es\/categorie-produit\/equipamiento-y-ropa-para-artes-marciales-y-deportes-de-combate\/muay-tailandes\/almohadillas-de-muay-thai\/\"},{\"@type\":\"ListItem\",\"position\":6,\"name\":\"Protector de cabeza ZEBRA FITNESS\"}]},{\"@type\":\"WebSite\",\"@id\":\"https:\/\/www.daisho.be\/es\/#website\",\"url\":\"https:\/\/www.daisho.be\/es\/\",\"name\":\"Daisho\",\"description\":\"Sp&eacute;cialiste de l'&eacute;quipement sportif d'arts martiaux\",\"publisher\":{\"@id\":\"https:\/\/www.daisho.be\/es\/#organization\"},\"potentialAction\":[{\"@type\":\"SearchAction\",\"target\":{\"@type\":\"EntryPoint\",\"urlTemplate\":\"https:\/\/www.daisho.be\/es\/?s={search_term_string}\"},\"query-input\":{\"@type\":\"PropertyValueSpecification\",\"valueRequired\":true,\"valueName\":\"search_term_string\"}}],\"inLanguage\":\"es\"},{\"@type\":\"Organization\",\"@id\":\"https:\/\/www.daisho.be\/es\/#organization\",\"name\":\"Daisho\",\"url\":\"https:\/\/www.daisho.be\/es\/\",\"logo\":{\"@type\":\"ImageObject\",\"inLanguage\":\"es\",\"@id\":\"https:\/\/www.daisho.be\/es\/#\/schema\/logo\/image\/\",\"url\":\"https:\/\/www.daisho.be\/wp-content\/uploads\/2019\/07\/color-nothing-horizontale4x-e1564486100247.png\",\"contentUrl\":\"https:\/\/www.daisho.be\/wp-content\/uploads\/2019\/07\/color-nothing-horizontale4x-e1564486100247.png\",\"width\":1547,\"height\":385,\"caption\":\"Daisho\"},\"image\":{\"@id\":\"https:\/\/www.daisho.be\/es\/#\/schema\/logo\/image\/\"}}]}<\/script>\n<!-- \/ Yoast SEO plugin. -->","yoast_head_json":{"title":"Protector de cabeza ZEBRA FITNESS &#8211; Daisho","robots":{"index":"index","follow":"follow","max-snippet":"max-snippet:-1","max-image-preview":"max-image-preview:large","max-video-preview":"max-video-preview:-1"},"canonical":"https:\/\/www.daisho.be\/es\/produit\/protector-de-cabeza-zebra-fitness\/","og_locale":"es_ES","og_type":"article","og_title":"Protector de cabeza ZEBRA FITNESS &#8211; Daisho","og_description":"Protecci\u00f3n fiable de la cabeza en \u00abFLX PU\u00bb mate. La espuma EVA multicapa se adapta muy bien a la forma de la cabeza, garantizando un ajuste muy bueno. La barbilla y los p\u00f3mulos est\u00e1n protegidos por un acolchado anat\u00f3micamente adaptado. Un cierre de velcro extra ancho en la parte posterior de la cabeza y un [&hellip;]","og_url":"https:\/\/www.daisho.be\/es\/produit\/protector-de-cabeza-zebra-fitness\/","og_site_name":"Daisho","og_image":[{"width":510,"height":720,"url":"https:\/\/www.daisho.be\/wp-content\/uploads\/2022\/07\/image-99.jpg","type":"image\/jpeg"}],"twitter_card":"summary_large_image","twitter_misc":{"Tiempo de lectura":"1 minuto"},"schema":{"@context":"https:\/\/schema.org","@graph":[{"@type":"WebPage","@id":"https:\/\/www.daisho.be\/es\/produit\/protector-de-cabeza-zebra-fitness\/","url":"https:\/\/www.daisho.be\/es\/produit\/protector-de-cabeza-zebra-fitness\/","name":"Protector de cabeza ZEBRA FITNESS &#8211; Daisho","isPartOf":{"@id":"https:\/\/www.daisho.be\/es\/#website"},"primaryImageOfPage":{"@id":"https:\/\/www.daisho.be\/es\/produit\/protector-de-cabeza-zebra-fitness\/#primaryimage"},"image":{"@id":"https:\/\/www.daisho.be\/es\/produit\/protector-de-cabeza-zebra-fitness\/#primaryimage"},"thumbnailUrl":"https:\/\/www.daisho.be\/wp-content\/uploads\/2022\/07\/image-99.jpg","datePublished":"2022-07-22T10:39:51+00:00","breadcrumb":{"@id":"https:\/\/www.daisho.be\/es\/produit\/protector-de-cabeza-zebra-fitness\/#breadcrumb"},"inLanguage":"es","potentialAction":[{"@type":"ReadAction","target":["https:\/\/www.daisho.be\/es\/produit\/protector-de-cabeza-zebra-fitness\/"]}]},{"@type":"ImageObject","inLanguage":"es","@id":"https:\/\/www.daisho.be\/es\/produit\/protector-de-cabeza-zebra-fitness\/#primaryimage","url":"https:\/\/www.daisho.be\/wp-content\/uploads\/2022\/07\/image-99.jpg","contentUrl":"https:\/\/www.daisho.be\/wp-content\/uploads\/2022\/07\/image-99.jpg","width":510,"height":720,"caption":"Protector de cabeza ZEBRA FITNESS-1"},{"@type":"BreadcrumbList","@id":"https:\/\/www.daisho.be\/es\/produit\/protector-de-cabeza-zebra-fitness\/#breadcrumb","itemListElement":[{"@type":"ListItem","position":1,"name":"Accueil","item":"https:\/\/www.daisho.be\/es\/"},{"@type":"ListItem","position":2,"name":"Productos","item":"https:\/\/www.daisho.be\/es\/productos\/"},{"@type":"ListItem","position":3,"name":"Equipamiento y ropa para artes marciales y deportes de combate","item":"https:\/\/www.daisho.be\/es\/categorie-produit\/equipamiento-y-ropa-para-artes-marciales-y-deportes-de-combate\/"},{"@type":"ListItem","position":4,"name":"Muay tailand\u00e9s","item":"https:\/\/www.daisho.be\/es\/categorie-produit\/equipamiento-y-ropa-para-artes-marciales-y-deportes-de-combate\/muay-tailandes\/"},{"@type":"ListItem","position":5,"name":"Almohadillas de Muay Thai","item":"https:\/\/www.daisho.be\/es\/categorie-produit\/equipamiento-y-ropa-para-artes-marciales-y-deportes-de-combate\/muay-tailandes\/almohadillas-de-muay-thai\/"},{"@type":"ListItem","position":6,"name":"Protector de cabeza ZEBRA FITNESS"}]},{"@type":"WebSite","@id":"https:\/\/www.daisho.be\/es\/#website","url":"https:\/\/www.daisho.be\/es\/","name":"Daisho","description":"Sp&eacute;cialiste de l'&eacute;quipement sportif d'arts martiaux","publisher":{"@id":"https:\/\/www.daisho.be\/es\/#organization"},"potentialAction":[{"@type":"SearchAction","target":{"@type":"EntryPoint","urlTemplate":"https:\/\/www.daisho.be\/es\/?s={search_term_string}"},"query-input":{"@type":"PropertyValueSpecification","valueRequired":true,"valueName":"search_term_string"}}],"inLanguage":"es"},{"@type":"Organization","@id":"https:\/\/www.daisho.be\/es\/#organization","name":"Daisho","url":"https:\/\/www.daisho.be\/es\/","logo":{"@type":"ImageObject","inLanguage":"es","@id":"https:\/\/www.daisho.be\/es\/#\/schema\/logo\/image\/","url":"https:\/\/www.daisho.be\/wp-content\/uploads\/2019\/07\/color-nothing-horizontale4x-e1564486100247.png","contentUrl":"https:\/\/www.daisho.be\/wp-content\/uploads\/2019\/07\/color-nothing-horizontale4x-e1564486100247.png","width":1547,"height":385,"caption":"Daisho"},"image":{"@id":"https:\/\/www.daisho.be\/es\/#\/schema\/logo\/image\/"}}]}},"_links":{"self":[{"href":"https:\/\/www.daisho.be\/es\/wp-json\/wp\/v2\/product\/361487","targetHints":{"allow":["GET"]}}],"collection":[{"href":"https:\/\/www.daisho.be\/es\/wp-json\/wp\/v2\/product"}],"about":[{"href":"https:\/\/www.daisho.be\/es\/wp-json\/wp\/v2\/types\/product"}],"replies":[{"embeddable":true,"href":"https:\/\/www.daisho.be\/es\/wp-json\/wp\/v2\/comments?post=361487"}],"wp:featuredmedia":[{"embeddable":true,"href":"https:\/\/www.daisho.be\/es\/wp-json\/wp\/v2\/media\/334405"}],"wp:attachment":[{"href":"https:\/\/www.daisho.be\/es\/wp-json\/wp\/v2\/media?parent=361487"}],"wp:term":[{"taxonomy":"product_brand","embeddable":true,"href":"https:\/\/www.daisho.be\/es\/wp-json\/wp\/v2\/product_brand?post=361487"},{"taxonomy":"product_cat","embeddable":true,"href":"https:\/\/www.daisho.be\/es\/wp-json\/wp\/v2\/product_cat?post=361487"},{"taxonomy":"product_tag","embeddable":true,"href":"https:\/\/www.daisho.be\/es\/wp-json\/wp\/v2\/product_tag?post=361487"},{"taxonomy":"sport","embeddable":true,"href":"https:\/\/www.daisho.be\/es\/wp-json\/wp\/v2\/sport?post=361487"}],"curies":[{"name":"wp","href":"https:\/\/api.w.org\/{rel}","templated":true}]}}