{"id":361469,"date":"2022-01-20T12:46:50","date_gmt":"2022-01-20T11:46:50","guid":{"rendered":"https:\/\/www.daisho.be\/produit\/saco-de-boxeo-super-pro-uppercut\/"},"modified":"2022-01-20T12:46:50","modified_gmt":"2022-01-20T11:46:50","slug":"saco-de-boxeo-super-pro-uppercut","status":"publish","type":"product","link":"https:\/\/www.daisho.be\/es\/produit\/saco-de-boxeo-super-pro-uppercut\/","title":{"rendered":"Saco de boxeo Super Pro Uppercut"},"content":{"rendered":"<p>Saco de boxeo Super Pro Combat Gear Uppercut<br \/>\nEl saco de boxeo uppercut est\u00e1 fabricado en PU muy resistente.<br \/>\nEste saco de boxeo uppercut es ideal para entrenar una gran variedad de golpes, en particular el uppercut. La bolsa de boxeo es muy duradera e imprescindible para el gimnasio o para casa.<br \/>\nEntonces, \u00bfest\u00e1 buscando el compa\u00f1ero perfecto para formar una variedad de pu\u00f1os? El saco de boxeo Uppercut es justo lo que est\u00e1s buscando.<br \/>\nSuper Pro Combat Gear es famosa por su alta calidad desde 1978. Super Pro no hace concesiones en cuanto a materiales o comodidad. La gama de productos Super Pro ha sido desarrollada por entrenadores de renombre mundial y atletas campeones del mundo. Estos son los verdaderos expertos que saben c\u00f3mo fabricar productos de equipamiento de combate de alta gama.<\/p>\n<p>El saco de boxeo Super Pro Uppercut es para todo el mundo, pero est\u00e1 especialmente indicado para las personas que desean prestar especial atenci\u00f3n a su entrenamiento de uppercut. Tambi\u00e9n es ideal para practicar patadas y rodillazos.<\/p>\n<p>Caracter\u00edsticas :<br \/>\n&#8211; Color: negro<br \/>\n&#8211; Tama\u00f1o 80 x 33 cm<br \/>\n&#8211; Peso: +\/- 20 kg<\/p>\n<p>Ventajas de la bolsa Uppercut Super Pro Teardrop :<\/p>\n<p>&#8211; s\u00f3lido y apto para todos<br \/>\n&#8211; material: bisonilo<br \/>\n&#8211; escaneado para su seguridad<br \/>\n&#8211; para uso dom\u00e9stico y en gimnasios<br \/>\n&#8211; ideal para uppercuts y patadas<br \/>\n&#8211; incluye una cadena de 4 puntos<\/p>\n<p>Consejo: Utiliza guantes de boxeo o vendas cuando entrenes en el saco de uppercut.<\/p>\n","protected":false},"excerpt":{"rendered":"<p>Saco de boxeo Super Pro Combat Gear Uppercut El saco de boxeo uppercut est\u00e1 fabricado en PU muy resistente. Este saco de boxeo uppercut es ideal para entrenar una gran variedad de golpes, en particular el uppercut. La bolsa de boxeo es muy duradera e imprescindible para el gimnasio o para casa. Entonces, \u00bfest\u00e1 buscando [&hellip;]<\/p>\n","protected":false},"featured_media":338952,"comment_status":"closed","ping_status":"closed","template":"","meta":{"inline_featured_image":false},"product_brand":[],"product_cat":[1322,1339,1301,1325],"product_tag":[1672],"sport":[],"class_list":{"0":"post-361469","1":"product","2":"type-product","3":"status-publish","4":"has-post-thumbnail","6":"product_cat-equipo-de-entrenamiento-de-kickboxing","7":"product_cat-equipo-de-entrenamiento-de-mma","8":"product_cat-material-de-entrenamiento-de-karate","9":"product_cat-sacos-de-boxeo-es","10":"product_tag-super-pro-es","11":"product_shipping_class-productos-voluminosos","12":"pa_size-sans-taille-defaut","14":"first","15":"instock","16":"taxable","17":"shipping-taxable","18":"purchasable","19":"product-type-simple"},"yoast_head":"<!-- This site is optimized with the Yoast SEO plugin v27.2 - https:\/\/yoast.com\/product\/yoast-seo-wordpress\/ -->\n<title>Saco de boxeo Super Pro Uppercut &#8211; Daisho<\/title>\n<meta name=\"description\" content=\"Lleva tu entrenamiento al siguiente nivel con el saco de boxeo Super Pro Uppercut. Robustas, ergon\u00f3micas y dise\u00f1adas para el rendimiento. \u00a1Desc\u00fabralo ahora!\" \/>\n<meta name=\"robots\" content=\"index, follow, max-snippet:-1, max-image-preview:large, max-video-preview:-1\" \/>\n<link rel=\"canonical\" href=\"https:\/\/www.daisho.be\/es\/produit\/saco-de-boxeo-super-pro-uppercut\/\" \/>\n<meta property=\"og:locale\" content=\"es_ES\" \/>\n<meta property=\"og:type\" content=\"article\" \/>\n<meta property=\"og:title\" content=\"Saco de boxeo Super Pro Uppercut &#8211; Daisho\" \/>\n<meta property=\"og:description\" content=\"Lleva tu entrenamiento al siguiente nivel con el saco de boxeo Super Pro Uppercut. Robustas, ergon\u00f3micas y dise\u00f1adas para el rendimiento. \u00a1Desc\u00fabralo ahora!\" \/>\n<meta property=\"og:url\" content=\"https:\/\/www.daisho.be\/es\/produit\/saco-de-boxeo-super-pro-uppercut\/\" \/>\n<meta property=\"og:site_name\" content=\"Daisho\" \/>\n<meta property=\"og:image\" content=\"https:\/\/www.daisho.be\/wp-content\/uploads\/2023\/10\/image.jpg\" \/>\n\t<meta property=\"og:image:width\" content=\"831\" \/>\n\t<meta property=\"og:image:height\" content=\"832\" \/>\n\t<meta property=\"og:image:type\" content=\"image\/jpeg\" \/>\n<meta name=\"twitter:card\" content=\"summary_large_image\" \/>\n<meta name=\"twitter:label1\" content=\"Tiempo de lectura\" \/>\n\t<meta name=\"twitter:data1\" content=\"1 minuto\" \/>\n<script type=\"application\/ld+json\" class=\"yoast-schema-graph\">{\"@context\":\"https:\/\/schema.org\",\"@graph\":[{\"@type\":\"WebPage\",\"@id\":\"https:\/\/www.daisho.be\/es\/produit\/saco-de-boxeo-super-pro-uppercut\/\",\"url\":\"https:\/\/www.daisho.be\/es\/produit\/saco-de-boxeo-super-pro-uppercut\/\",\"name\":\"Saco de boxeo Super Pro Uppercut &#8211; Daisho\",\"isPartOf\":{\"@id\":\"https:\/\/www.daisho.be\/es\/#website\"},\"primaryImageOfPage\":{\"@id\":\"https:\/\/www.daisho.be\/es\/produit\/saco-de-boxeo-super-pro-uppercut\/#primaryimage\"},\"image\":{\"@id\":\"https:\/\/www.daisho.be\/es\/produit\/saco-de-boxeo-super-pro-uppercut\/#primaryimage\"},\"thumbnailUrl\":\"https:\/\/www.daisho.be\/wp-content\/uploads\/2023\/10\/image.jpg\",\"datePublished\":\"2022-01-20T11:46:50+00:00\",\"description\":\"Lleva tu entrenamiento al siguiente nivel con el saco de boxeo Super Pro Uppercut. Robustas, ergon\u00f3micas y dise\u00f1adas para el rendimiento. \u00a1Desc\u00fabralo ahora!\",\"breadcrumb\":{\"@id\":\"https:\/\/www.daisho.be\/es\/produit\/saco-de-boxeo-super-pro-uppercut\/#breadcrumb\"},\"inLanguage\":\"es\",\"potentialAction\":[{\"@type\":\"ReadAction\",\"target\":[\"https:\/\/www.daisho.be\/es\/produit\/saco-de-boxeo-super-pro-uppercut\/\"]}]},{\"@type\":\"ImageObject\",\"inLanguage\":\"es\",\"@id\":\"https:\/\/www.daisho.be\/es\/produit\/saco-de-boxeo-super-pro-uppercut\/#primaryimage\",\"url\":\"https:\/\/www.daisho.be\/wp-content\/uploads\/2023\/10\/image.jpg\",\"contentUrl\":\"https:\/\/www.daisho.be\/wp-content\/uploads\/2023\/10\/image.jpg\",\"width\":831,\"height\":832,\"caption\":\"Saco de boxeo Super Pro-1 Uppercut\"},{\"@type\":\"BreadcrumbList\",\"@id\":\"https:\/\/www.daisho.be\/es\/produit\/saco-de-boxeo-super-pro-uppercut\/#breadcrumb\",\"itemListElement\":[{\"@type\":\"ListItem\",\"position\":1,\"name\":\"Accueil\",\"item\":\"https:\/\/www.daisho.be\/es\/\"},{\"@type\":\"ListItem\",\"position\":2,\"name\":\"Productos\",\"item\":\"https:\/\/www.daisho.be\/es\/productos\/\"},{\"@type\":\"ListItem\",\"position\":3,\"name\":\"Equipamiento y ropa para artes marciales y deportes de combate\",\"item\":\"https:\/\/www.daisho.be\/es\/categorie-produit\/equipamiento-y-ropa-para-artes-marciales-y-deportes-de-combate\/\"},{\"@type\":\"ListItem\",\"position\":4,\"name\":\"Kick Boxing\",\"item\":\"https:\/\/www.daisho.be\/es\/categorie-produit\/equipamiento-y-ropa-para-artes-marciales-y-deportes-de-combate\/kick-boxing-es\/\"},{\"@type\":\"ListItem\",\"position\":5,\"name\":\"Equipo de entrenamiento de kickboxing\",\"item\":\"https:\/\/www.daisho.be\/es\/categorie-produit\/equipamiento-y-ropa-para-artes-marciales-y-deportes-de-combate\/kick-boxing-es\/equipo-de-entrenamiento-de-kickboxing\/\"},{\"@type\":\"ListItem\",\"position\":6,\"name\":\"Saco de boxeo Super Pro Uppercut\"}]},{\"@type\":\"WebSite\",\"@id\":\"https:\/\/www.daisho.be\/es\/#website\",\"url\":\"https:\/\/www.daisho.be\/es\/\",\"name\":\"Daisho\",\"description\":\"Sp&eacute;cialiste de l'&eacute;quipement sportif d'arts martiaux\",\"publisher\":{\"@id\":\"https:\/\/www.daisho.be\/es\/#organization\"},\"potentialAction\":[{\"@type\":\"SearchAction\",\"target\":{\"@type\":\"EntryPoint\",\"urlTemplate\":\"https:\/\/www.daisho.be\/es\/?s={search_term_string}\"},\"query-input\":{\"@type\":\"PropertyValueSpecification\",\"valueRequired\":true,\"valueName\":\"search_term_string\"}}],\"inLanguage\":\"es\"},{\"@type\":\"Organization\",\"@id\":\"https:\/\/www.daisho.be\/es\/#organization\",\"name\":\"Daisho\",\"url\":\"https:\/\/www.daisho.be\/es\/\",\"logo\":{\"@type\":\"ImageObject\",\"inLanguage\":\"es\",\"@id\":\"https:\/\/www.daisho.be\/es\/#\/schema\/logo\/image\/\",\"url\":\"https:\/\/www.daisho.be\/wp-content\/uploads\/2019\/07\/color-nothing-horizontale4x-e1564486100247.png\",\"contentUrl\":\"https:\/\/www.daisho.be\/wp-content\/uploads\/2019\/07\/color-nothing-horizontale4x-e1564486100247.png\",\"width\":1547,\"height\":385,\"caption\":\"Daisho\"},\"image\":{\"@id\":\"https:\/\/www.daisho.be\/es\/#\/schema\/logo\/image\/\"}}]}<\/script>\n<!-- \/ Yoast SEO plugin. -->","yoast_head_json":{"title":"Saco de boxeo Super Pro Uppercut &#8211; Daisho","description":"Lleva tu entrenamiento al siguiente nivel con el saco de boxeo Super Pro Uppercut. Robustas, ergon\u00f3micas y dise\u00f1adas para el rendimiento. \u00a1Desc\u00fabralo ahora!","robots":{"index":"index","follow":"follow","max-snippet":"max-snippet:-1","max-image-preview":"max-image-preview:large","max-video-preview":"max-video-preview:-1"},"canonical":"https:\/\/www.daisho.be\/es\/produit\/saco-de-boxeo-super-pro-uppercut\/","og_locale":"es_ES","og_type":"article","og_title":"Saco de boxeo Super Pro Uppercut &#8211; Daisho","og_description":"Lleva tu entrenamiento al siguiente nivel con el saco de boxeo Super Pro Uppercut. Robustas, ergon\u00f3micas y dise\u00f1adas para el rendimiento. \u00a1Desc\u00fabralo ahora!","og_url":"https:\/\/www.daisho.be\/es\/produit\/saco-de-boxeo-super-pro-uppercut\/","og_site_name":"Daisho","og_image":[{"width":831,"height":832,"url":"https:\/\/www.daisho.be\/wp-content\/uploads\/2023\/10\/image.jpg","type":"image\/jpeg"}],"twitter_card":"summary_large_image","twitter_misc":{"Tiempo de lectura":"1 minuto"},"schema":{"@context":"https:\/\/schema.org","@graph":[{"@type":"WebPage","@id":"https:\/\/www.daisho.be\/es\/produit\/saco-de-boxeo-super-pro-uppercut\/","url":"https:\/\/www.daisho.be\/es\/produit\/saco-de-boxeo-super-pro-uppercut\/","name":"Saco de boxeo Super Pro Uppercut &#8211; Daisho","isPartOf":{"@id":"https:\/\/www.daisho.be\/es\/#website"},"primaryImageOfPage":{"@id":"https:\/\/www.daisho.be\/es\/produit\/saco-de-boxeo-super-pro-uppercut\/#primaryimage"},"image":{"@id":"https:\/\/www.daisho.be\/es\/produit\/saco-de-boxeo-super-pro-uppercut\/#primaryimage"},"thumbnailUrl":"https:\/\/www.daisho.be\/wp-content\/uploads\/2023\/10\/image.jpg","datePublished":"2022-01-20T11:46:50+00:00","description":"Lleva tu entrenamiento al siguiente nivel con el saco de boxeo Super Pro Uppercut. Robustas, ergon\u00f3micas y dise\u00f1adas para el rendimiento. \u00a1Desc\u00fabralo ahora!","breadcrumb":{"@id":"https:\/\/www.daisho.be\/es\/produit\/saco-de-boxeo-super-pro-uppercut\/#breadcrumb"},"inLanguage":"es","potentialAction":[{"@type":"ReadAction","target":["https:\/\/www.daisho.be\/es\/produit\/saco-de-boxeo-super-pro-uppercut\/"]}]},{"@type":"ImageObject","inLanguage":"es","@id":"https:\/\/www.daisho.be\/es\/produit\/saco-de-boxeo-super-pro-uppercut\/#primaryimage","url":"https:\/\/www.daisho.be\/wp-content\/uploads\/2023\/10\/image.jpg","contentUrl":"https:\/\/www.daisho.be\/wp-content\/uploads\/2023\/10\/image.jpg","width":831,"height":832,"caption":"Saco de boxeo Super Pro-1 Uppercut"},{"@type":"BreadcrumbList","@id":"https:\/\/www.daisho.be\/es\/produit\/saco-de-boxeo-super-pro-uppercut\/#breadcrumb","itemListElement":[{"@type":"ListItem","position":1,"name":"Accueil","item":"https:\/\/www.daisho.be\/es\/"},{"@type":"ListItem","position":2,"name":"Productos","item":"https:\/\/www.daisho.be\/es\/productos\/"},{"@type":"ListItem","position":3,"name":"Equipamiento y ropa para artes marciales y deportes de combate","item":"https:\/\/www.daisho.be\/es\/categorie-produit\/equipamiento-y-ropa-para-artes-marciales-y-deportes-de-combate\/"},{"@type":"ListItem","position":4,"name":"Kick Boxing","item":"https:\/\/www.daisho.be\/es\/categorie-produit\/equipamiento-y-ropa-para-artes-marciales-y-deportes-de-combate\/kick-boxing-es\/"},{"@type":"ListItem","position":5,"name":"Equipo de entrenamiento de kickboxing","item":"https:\/\/www.daisho.be\/es\/categorie-produit\/equipamiento-y-ropa-para-artes-marciales-y-deportes-de-combate\/kick-boxing-es\/equipo-de-entrenamiento-de-kickboxing\/"},{"@type":"ListItem","position":6,"name":"Saco de boxeo Super Pro Uppercut"}]},{"@type":"WebSite","@id":"https:\/\/www.daisho.be\/es\/#website","url":"https:\/\/www.daisho.be\/es\/","name":"Daisho","description":"Sp&eacute;cialiste de l'&eacute;quipement sportif d'arts martiaux","publisher":{"@id":"https:\/\/www.daisho.be\/es\/#organization"},"potentialAction":[{"@type":"SearchAction","target":{"@type":"EntryPoint","urlTemplate":"https:\/\/www.daisho.be\/es\/?s={search_term_string}"},"query-input":{"@type":"PropertyValueSpecification","valueRequired":true,"valueName":"search_term_string"}}],"inLanguage":"es"},{"@type":"Organization","@id":"https:\/\/www.daisho.be\/es\/#organization","name":"Daisho","url":"https:\/\/www.daisho.be\/es\/","logo":{"@type":"ImageObject","inLanguage":"es","@id":"https:\/\/www.daisho.be\/es\/#\/schema\/logo\/image\/","url":"https:\/\/www.daisho.be\/wp-content\/uploads\/2019\/07\/color-nothing-horizontale4x-e1564486100247.png","contentUrl":"https:\/\/www.daisho.be\/wp-content\/uploads\/2019\/07\/color-nothing-horizontale4x-e1564486100247.png","width":1547,"height":385,"caption":"Daisho"},"image":{"@id":"https:\/\/www.daisho.be\/es\/#\/schema\/logo\/image\/"}}]}},"_links":{"self":[{"href":"https:\/\/www.daisho.be\/es\/wp-json\/wp\/v2\/product\/361469","targetHints":{"allow":["GET"]}}],"collection":[{"href":"https:\/\/www.daisho.be\/es\/wp-json\/wp\/v2\/product"}],"about":[{"href":"https:\/\/www.daisho.be\/es\/wp-json\/wp\/v2\/types\/product"}],"replies":[{"embeddable":true,"href":"https:\/\/www.daisho.be\/es\/wp-json\/wp\/v2\/comments?post=361469"}],"wp:featuredmedia":[{"embeddable":true,"href":"https:\/\/www.daisho.be\/es\/wp-json\/wp\/v2\/media\/338952"}],"wp:attachment":[{"href":"https:\/\/www.daisho.be\/es\/wp-json\/wp\/v2\/media?parent=361469"}],"wp:term":[{"taxonomy":"product_brand","embeddable":true,"href":"https:\/\/www.daisho.be\/es\/wp-json\/wp\/v2\/product_brand?post=361469"},{"taxonomy":"product_cat","embeddable":true,"href":"https:\/\/www.daisho.be\/es\/wp-json\/wp\/v2\/product_cat?post=361469"},{"taxonomy":"product_tag","embeddable":true,"href":"https:\/\/www.daisho.be\/es\/wp-json\/wp\/v2\/product_tag?post=361469"},{"taxonomy":"sport","embeddable":true,"href":"https:\/\/www.daisho.be\/es\/wp-json\/wp\/v2\/sport?post=361469"}],"curies":[{"name":"wp","href":"https:\/\/api.w.org\/{rel}","templated":true}]}}