{"id":361452,"date":"2024-01-13T12:15:20","date_gmt":"2024-01-13T11:15:20","guid":{"rendered":"https:\/\/www.daisho.be\/produit\/espejo-portatil-billy-180-x-100-cm\/"},"modified":"2026-04-13T15:55:16","modified_gmt":"2026-04-13T13:55:16","slug":"espejo-portatil-billy-180-x-100-cm","status":"publish","type":"product","link":"https:\/\/www.daisho.be\/es\/produit\/espejo-portatil-billy-180-x-100-cm\/","title":{"rendered":"Espejo port\u00e1til Billy &#8211; 190 x 100 cm"},"content":{"rendered":"<p>Le Billy es un espejo de 190 x 100 cm para profesionales de la danza y otras artes esc\u00e9nicas, que permite una gran flexibilidad en la disposici\u00f3n de la sala. Ofrece un reflejo perfecto desde cualquier \u00e1ngulo, para que pueda trabajar su t\u00e9cnica art\u00edstica con precisi\u00f3n. Gracias a su base c\u00f3ncava y a sus ruedas con freno, podr\u00e1 desplazarla f\u00e1cilmente. <\/p>\n<p>El marco de madera asegura la estructura y a\u00f1ade atractivo est\u00e9tico a este modelo. Un buen reflejo para mejorar la t\u00e9cnica Para mejorar tu t\u00e9cnica en cualquier disciplina art\u00edstica o deportiva, es imprescindible un espejo de alta precisi\u00f3n. De 4 mm de grosor y fabricado con materiales de la m\u00e1s alta calidad, el espejo profesional Billy forma un \u00e1ngulo recto exacto con el suelo en toda su superficie, lo que garantiza un reflejo perfecto sin distorsiones. <\/p>\n<p>Por muy lejos que est\u00e9 el alumno del espejo, puede verse a s\u00ed mismo y comprobar sus movimientos con todo detalle. Libertad de movimientos. Las 4 ruedas te permiten desplazar el espejo Billy sin esfuerzo. La base c\u00f3ncava de hierro distribuye el peso del espejo por toda su estructura para ofrecer una excelente ergonom\u00eda y facilidad de movimiento.<br \/>\nUtilice el asa lateral para desplazar la Billy y evitar ensuciarla y, una vez en la posici\u00f3n elegida, utilice los frenos de bloqueo para estabilizarla. Las ruedas de goma de alta densidad est\u00e1n dise\u00f1adas para no da\u00f1ar el suelo del estudio. <\/p>\n<p>Con un peso total de 47 kilos, el Billy es un espejo estable y s\u00f3lido que no dejar\u00e1 ara\u00f1azos ni marcas en tu suelo, aunque sea de parqu\u00e9. Seguro y flexible. El grosor del espejo, la base de hierro, el marco de madera y la protecci\u00f3n de la parte posterior hacen que el Billy sea extremadamente robusto y muy resistente a las roturas. Sin embargo, un impacto violento sobre el espejo podr\u00eda provocar su rotura. Por eso aplicamos una pel\u00edcula de seguridad para evitar que se desprendan fragmentos de cristal y golpeen a alguien.<br \/>\nEl tama\u00f1o y la forma de la base de hierro est\u00e1n dise\u00f1ados para evitar que el espejo vuelque accidentalmente. Si quieres crear una gran superficie de espejo para trabajar en grupo, puedes montar varios espejos con una pieza de uni\u00f3n en la parte superior e inferior. En este caso, puedes mover los espejos, dej\u00e1ndolos fijados. Si busca un espejo m\u00f3vil de alta calidad, Billy es una referencia en las artes esc\u00e9nicas desde hace muchos a\u00f1os.<\/p>\n","protected":false},"excerpt":{"rendered":"<p>Le Billy es un espejo de 190 x 100 cm para profesionales de la danza y otras artes esc\u00e9nicas, que permite una gran flexibilidad en la disposici\u00f3n de la sala. Ofrece un reflejo perfecto desde cualquier \u00e1ngulo, para que pueda trabajar su t\u00e9cnica art\u00edstica con precisi\u00f3n. Gracias a su base c\u00f3ncava y a sus ruedas [&hellip;]<\/p>\n","protected":false},"featured_media":340854,"comment_status":"open","ping_status":"closed","template":"","meta":{"inline_featured_image":false},"product_brand":[],"product_cat":[1798,1301],"product_tag":[1797],"sport":[],"class_list":{"0":"post-361452","1":"product","2":"type-product","3":"status-publish","4":"has-post-thumbnail","6":"product_cat-espejos","7":"product_cat-material-de-entrenamiento-de-karate","8":"product_tag-ballet-dinamico","9":"product_shipping_class-productos-voluminosos","10":"pa_size-190x100-cms","12":"first","13":"outofstock","14":"taxable","15":"shipping-taxable","16":"purchasable","17":"product-type-variable"},"yoast_head":"<!-- This site is optimized with the Yoast SEO plugin v27.2 - https:\/\/yoast.com\/product\/yoast-seo-wordpress\/ -->\n<title>Espejo port\u00e1til Billy - 190 x 100 cm &#8211; Daisho<\/title>\n<meta name=\"description\" content=\"Espejo m\u00f3vil 180x100 cm, reflejo perfecto sin distorsi\u00f3n, estable, seguro y f\u00e1cil de desplazar con ruedas. Encu\u00e9ntralo en www.daisho.be | Daisho\" \/>\n<meta name=\"robots\" content=\"index, follow, max-snippet:-1, max-image-preview:large, max-video-preview:-1\" \/>\n<link rel=\"canonical\" href=\"https:\/\/www.daisho.be\/es\/produit\/espejo-portatil-billy-180-x-100-cm\/\" \/>\n<meta property=\"og:locale\" content=\"es_ES\" \/>\n<meta property=\"og:type\" content=\"article\" \/>\n<meta property=\"og:title\" content=\"Espejo port\u00e1til Billy - 190 x 100 cm &#8211; Daisho\" \/>\n<meta property=\"og:description\" content=\"Espejo m\u00f3vil 180x100 cm, reflejo perfecto sin distorsi\u00f3n, estable, seguro y f\u00e1cil de desplazar con ruedas. Encu\u00e9ntralo en www.daisho.be | Daisho\" \/>\n<meta property=\"og:url\" content=\"https:\/\/www.daisho.be\/es\/produit\/espejo-portatil-billy-180-x-100-cm\/\" \/>\n<meta property=\"og:site_name\" content=\"Daisho\" \/>\n<meta property=\"article:modified_time\" content=\"2026-04-13T13:55:16+00:00\" \/>\n<meta property=\"og:image\" content=\"https:\/\/www.daisho.be\/wp-content\/uploads\/2024\/01\/image-217-scaled.jpg\" \/>\n\t<meta property=\"og:image:width\" content=\"2048\" \/>\n\t<meta property=\"og:image:height\" content=\"1365\" \/>\n\t<meta property=\"og:image:type\" content=\"image\/jpeg\" \/>\n<meta name=\"twitter:card\" content=\"summary_large_image\" \/>\n<meta name=\"twitter:label1\" content=\"Tiempo de lectura\" \/>\n\t<meta name=\"twitter:data1\" content=\"2 minutos\" \/>\n<script type=\"application\/ld+json\" class=\"yoast-schema-graph\">{\"@context\":\"https:\/\/schema.org\",\"@graph\":[{\"@type\":\"WebPage\",\"@id\":\"https:\/\/www.daisho.be\/es\/produit\/espejo-portatil-billy-180-x-100-cm\/\",\"url\":\"https:\/\/www.daisho.be\/es\/produit\/espejo-portatil-billy-180-x-100-cm\/\",\"name\":\"Espejo port\u00e1til Billy - 190 x 100 cm &#8211; Daisho\",\"isPartOf\":{\"@id\":\"https:\/\/www.daisho.be\/es\/#website\"},\"primaryImageOfPage\":{\"@id\":\"https:\/\/www.daisho.be\/es\/produit\/espejo-portatil-billy-180-x-100-cm\/#primaryimage\"},\"image\":{\"@id\":\"https:\/\/www.daisho.be\/es\/produit\/espejo-portatil-billy-180-x-100-cm\/#primaryimage\"},\"thumbnailUrl\":\"https:\/\/www.daisho.be\/wp-content\/uploads\/2024\/01\/image-217-scaled.jpg\",\"datePublished\":\"2024-01-13T11:15:20+00:00\",\"dateModified\":\"2026-04-13T13:55:16+00:00\",\"description\":\"Espejo m\u00f3vil 180x100 cm, reflejo perfecto sin distorsi\u00f3n, estable, seguro y f\u00e1cil de desplazar con ruedas. Encu\u00e9ntralo en www.daisho.be | Daisho\",\"breadcrumb\":{\"@id\":\"https:\/\/www.daisho.be\/es\/produit\/espejo-portatil-billy-180-x-100-cm\/#breadcrumb\"},\"inLanguage\":\"es\",\"potentialAction\":[{\"@type\":\"ReadAction\",\"target\":[\"https:\/\/www.daisho.be\/es\/produit\/espejo-portatil-billy-180-x-100-cm\/\"]}]},{\"@type\":\"ImageObject\",\"inLanguage\":\"es\",\"@id\":\"https:\/\/www.daisho.be\/es\/produit\/espejo-portatil-billy-180-x-100-cm\/#primaryimage\",\"url\":\"https:\/\/www.daisho.be\/wp-content\/uploads\/2024\/01\/image-217-scaled.jpg\",\"contentUrl\":\"https:\/\/www.daisho.be\/wp-content\/uploads\/2024\/01\/image-217-scaled.jpg\",\"width\":2048,\"height\":1365,\"caption\":\"Espejo port\u00e1til Billy - 190 x 100 cm -1\"},{\"@type\":\"BreadcrumbList\",\"@id\":\"https:\/\/www.daisho.be\/es\/produit\/espejo-portatil-billy-180-x-100-cm\/#breadcrumb\",\"itemListElement\":[{\"@type\":\"ListItem\",\"position\":1,\"name\":\"Accueil\",\"item\":\"https:\/\/www.daisho.be\/es\/\"},{\"@type\":\"ListItem\",\"position\":2,\"name\":\"Productos\",\"item\":\"https:\/\/www.daisho.be\/es\/productos\/\"},{\"@type\":\"ListItem\",\"position\":3,\"name\":\"Equipamiento y ropa para artes marciales y deportes de combate\",\"item\":\"https:\/\/www.daisho.be\/es\/categorie-produit\/equipamiento-y-ropa-para-artes-marciales-y-deportes-de-combate\/\"},{\"@type\":\"ListItem\",\"position\":4,\"name\":\"Karate\",\"item\":\"https:\/\/www.daisho.be\/es\/categorie-produit\/equipamiento-y-ropa-para-artes-marciales-y-deportes-de-combate\/karate-es-2\/\"},{\"@type\":\"ListItem\",\"position\":5,\"name\":\"Material de entrenamiento de k\u00e1rate\",\"item\":\"https:\/\/www.daisho.be\/es\/categorie-produit\/equipamiento-y-ropa-para-artes-marciales-y-deportes-de-combate\/karate-es-2\/material-de-entrenamiento-de-karate\/\"},{\"@type\":\"ListItem\",\"position\":6,\"name\":\"Espejo port\u00e1til Billy &#8211; 190 x 100 cm\"}]},{\"@type\":\"WebSite\",\"@id\":\"https:\/\/www.daisho.be\/es\/#website\",\"url\":\"https:\/\/www.daisho.be\/es\/\",\"name\":\"Daisho\",\"description\":\"Sp&eacute;cialiste de l'&eacute;quipement sportif d'arts martiaux\",\"publisher\":{\"@id\":\"https:\/\/www.daisho.be\/es\/#organization\"},\"potentialAction\":[{\"@type\":\"SearchAction\",\"target\":{\"@type\":\"EntryPoint\",\"urlTemplate\":\"https:\/\/www.daisho.be\/es\/?s={search_term_string}\"},\"query-input\":{\"@type\":\"PropertyValueSpecification\",\"valueRequired\":true,\"valueName\":\"search_term_string\"}}],\"inLanguage\":\"es\"},{\"@type\":\"Organization\",\"@id\":\"https:\/\/www.daisho.be\/es\/#organization\",\"name\":\"Daisho\",\"url\":\"https:\/\/www.daisho.be\/es\/\",\"logo\":{\"@type\":\"ImageObject\",\"inLanguage\":\"es\",\"@id\":\"https:\/\/www.daisho.be\/es\/#\/schema\/logo\/image\/\",\"url\":\"https:\/\/www.daisho.be\/wp-content\/uploads\/2019\/07\/color-nothing-horizontale4x-e1564486100247.png\",\"contentUrl\":\"https:\/\/www.daisho.be\/wp-content\/uploads\/2019\/07\/color-nothing-horizontale4x-e1564486100247.png\",\"width\":1547,\"height\":385,\"caption\":\"Daisho\"},\"image\":{\"@id\":\"https:\/\/www.daisho.be\/es\/#\/schema\/logo\/image\/\"}}]}<\/script>\n<!-- \/ Yoast SEO plugin. -->","yoast_head_json":{"title":"Espejo port\u00e1til Billy - 190 x 100 cm &#8211; Daisho","description":"Espejo m\u00f3vil 180x100 cm, reflejo perfecto sin distorsi\u00f3n, estable, seguro y f\u00e1cil de desplazar con ruedas. Encu\u00e9ntralo en www.daisho.be | Daisho","robots":{"index":"index","follow":"follow","max-snippet":"max-snippet:-1","max-image-preview":"max-image-preview:large","max-video-preview":"max-video-preview:-1"},"canonical":"https:\/\/www.daisho.be\/es\/produit\/espejo-portatil-billy-180-x-100-cm\/","og_locale":"es_ES","og_type":"article","og_title":"Espejo port\u00e1til Billy - 190 x 100 cm &#8211; Daisho","og_description":"Espejo m\u00f3vil 180x100 cm, reflejo perfecto sin distorsi\u00f3n, estable, seguro y f\u00e1cil de desplazar con ruedas. Encu\u00e9ntralo en www.daisho.be | Daisho","og_url":"https:\/\/www.daisho.be\/es\/produit\/espejo-portatil-billy-180-x-100-cm\/","og_site_name":"Daisho","article_modified_time":"2026-04-13T13:55:16+00:00","og_image":[{"width":2048,"height":1365,"url":"https:\/\/www.daisho.be\/wp-content\/uploads\/2024\/01\/image-217-scaled.jpg","type":"image\/jpeg"}],"twitter_card":"summary_large_image","twitter_misc":{"Tiempo de lectura":"2 minutos"},"schema":{"@context":"https:\/\/schema.org","@graph":[{"@type":"WebPage","@id":"https:\/\/www.daisho.be\/es\/produit\/espejo-portatil-billy-180-x-100-cm\/","url":"https:\/\/www.daisho.be\/es\/produit\/espejo-portatil-billy-180-x-100-cm\/","name":"Espejo port\u00e1til Billy - 190 x 100 cm &#8211; Daisho","isPartOf":{"@id":"https:\/\/www.daisho.be\/es\/#website"},"primaryImageOfPage":{"@id":"https:\/\/www.daisho.be\/es\/produit\/espejo-portatil-billy-180-x-100-cm\/#primaryimage"},"image":{"@id":"https:\/\/www.daisho.be\/es\/produit\/espejo-portatil-billy-180-x-100-cm\/#primaryimage"},"thumbnailUrl":"https:\/\/www.daisho.be\/wp-content\/uploads\/2024\/01\/image-217-scaled.jpg","datePublished":"2024-01-13T11:15:20+00:00","dateModified":"2026-04-13T13:55:16+00:00","description":"Espejo m\u00f3vil 180x100 cm, reflejo perfecto sin distorsi\u00f3n, estable, seguro y f\u00e1cil de desplazar con ruedas. Encu\u00e9ntralo en www.daisho.be | Daisho","breadcrumb":{"@id":"https:\/\/www.daisho.be\/es\/produit\/espejo-portatil-billy-180-x-100-cm\/#breadcrumb"},"inLanguage":"es","potentialAction":[{"@type":"ReadAction","target":["https:\/\/www.daisho.be\/es\/produit\/espejo-portatil-billy-180-x-100-cm\/"]}]},{"@type":"ImageObject","inLanguage":"es","@id":"https:\/\/www.daisho.be\/es\/produit\/espejo-portatil-billy-180-x-100-cm\/#primaryimage","url":"https:\/\/www.daisho.be\/wp-content\/uploads\/2024\/01\/image-217-scaled.jpg","contentUrl":"https:\/\/www.daisho.be\/wp-content\/uploads\/2024\/01\/image-217-scaled.jpg","width":2048,"height":1365,"caption":"Espejo port\u00e1til Billy - 190 x 100 cm -1"},{"@type":"BreadcrumbList","@id":"https:\/\/www.daisho.be\/es\/produit\/espejo-portatil-billy-180-x-100-cm\/#breadcrumb","itemListElement":[{"@type":"ListItem","position":1,"name":"Accueil","item":"https:\/\/www.daisho.be\/es\/"},{"@type":"ListItem","position":2,"name":"Productos","item":"https:\/\/www.daisho.be\/es\/productos\/"},{"@type":"ListItem","position":3,"name":"Equipamiento y ropa para artes marciales y deportes de combate","item":"https:\/\/www.daisho.be\/es\/categorie-produit\/equipamiento-y-ropa-para-artes-marciales-y-deportes-de-combate\/"},{"@type":"ListItem","position":4,"name":"Karate","item":"https:\/\/www.daisho.be\/es\/categorie-produit\/equipamiento-y-ropa-para-artes-marciales-y-deportes-de-combate\/karate-es-2\/"},{"@type":"ListItem","position":5,"name":"Material de entrenamiento de k\u00e1rate","item":"https:\/\/www.daisho.be\/es\/categorie-produit\/equipamiento-y-ropa-para-artes-marciales-y-deportes-de-combate\/karate-es-2\/material-de-entrenamiento-de-karate\/"},{"@type":"ListItem","position":6,"name":"Espejo port\u00e1til Billy &#8211; 190 x 100 cm"}]},{"@type":"WebSite","@id":"https:\/\/www.daisho.be\/es\/#website","url":"https:\/\/www.daisho.be\/es\/","name":"Daisho","description":"Sp&eacute;cialiste de l'&eacute;quipement sportif d'arts martiaux","publisher":{"@id":"https:\/\/www.daisho.be\/es\/#organization"},"potentialAction":[{"@type":"SearchAction","target":{"@type":"EntryPoint","urlTemplate":"https:\/\/www.daisho.be\/es\/?s={search_term_string}"},"query-input":{"@type":"PropertyValueSpecification","valueRequired":true,"valueName":"search_term_string"}}],"inLanguage":"es"},{"@type":"Organization","@id":"https:\/\/www.daisho.be\/es\/#organization","name":"Daisho","url":"https:\/\/www.daisho.be\/es\/","logo":{"@type":"ImageObject","inLanguage":"es","@id":"https:\/\/www.daisho.be\/es\/#\/schema\/logo\/image\/","url":"https:\/\/www.daisho.be\/wp-content\/uploads\/2019\/07\/color-nothing-horizontale4x-e1564486100247.png","contentUrl":"https:\/\/www.daisho.be\/wp-content\/uploads\/2019\/07\/color-nothing-horizontale4x-e1564486100247.png","width":1547,"height":385,"caption":"Daisho"},"image":{"@id":"https:\/\/www.daisho.be\/es\/#\/schema\/logo\/image\/"}}]}},"_links":{"self":[{"href":"https:\/\/www.daisho.be\/es\/wp-json\/wp\/v2\/product\/361452","targetHints":{"allow":["GET"]}}],"collection":[{"href":"https:\/\/www.daisho.be\/es\/wp-json\/wp\/v2\/product"}],"about":[{"href":"https:\/\/www.daisho.be\/es\/wp-json\/wp\/v2\/types\/product"}],"replies":[{"embeddable":true,"href":"https:\/\/www.daisho.be\/es\/wp-json\/wp\/v2\/comments?post=361452"}],"wp:featuredmedia":[{"embeddable":true,"href":"https:\/\/www.daisho.be\/es\/wp-json\/wp\/v2\/media\/340854"}],"wp:attachment":[{"href":"https:\/\/www.daisho.be\/es\/wp-json\/wp\/v2\/media?parent=361452"}],"wp:term":[{"taxonomy":"product_brand","embeddable":true,"href":"https:\/\/www.daisho.be\/es\/wp-json\/wp\/v2\/product_brand?post=361452"},{"taxonomy":"product_cat","embeddable":true,"href":"https:\/\/www.daisho.be\/es\/wp-json\/wp\/v2\/product_cat?post=361452"},{"taxonomy":"product_tag","embeddable":true,"href":"https:\/\/www.daisho.be\/es\/wp-json\/wp\/v2\/product_tag?post=361452"},{"taxonomy":"sport","embeddable":true,"href":"https:\/\/www.daisho.be\/es\/wp-json\/wp\/v2\/sport?post=361452"}],"curies":[{"name":"wp","href":"https:\/\/api.w.org\/{rel}","templated":true}]}}