{"id":361405,"date":"2022-04-05T18:36:25","date_gmt":"2022-04-05T16:36:25","guid":{"rendered":"https:\/\/www.daisho.be\/produit\/pantalon-adidas-judo-y-jiu-jitsu-azul\/"},"modified":"2025-12-22T15:55:09","modified_gmt":"2025-12-22T14:55:09","slug":"pantalon-adidas-judo-y-jiu-jitsu-azul","status":"publish","type":"product","link":"https:\/\/www.daisho.be\/es\/produit\/pantalon-adidas-judo-y-jiu-jitsu-azul\/","title":{"rendered":"Pantal\u00f3n adidas Judo y Jiu-Jitsu azul"},"content":{"rendered":"<p>Pantal\u00f3n de judo azul adidas<\/p>\n<p> Material 100% sarga de algod\u00f3n para una comodidad \u00f3ptima<br \/>\n El cierre de la cintura no es el tradicional con cordones<br \/>\n El pantal\u00f3n cumple las normas de la IJF (Federaci\u00f3n Internacional de Judo)<br \/>\n Colores: blanco o azul<br \/>\nTallas: de 150 cm a 210 cm (5&#215;5 cm)<\/p>\n","protected":false},"excerpt":{"rendered":"<p>Pantal\u00f3n de judo azul adidas Material 100% sarga de algod\u00f3n para una comodidad \u00f3ptima El cierre de la cintura no es el tradicional con cordones El pantal\u00f3n cumple las normas de la IJF (Federaci\u00f3n Internacional de Judo) Colores: blanco o azul Tallas: de 150 cm a 210 cm (5&#215;5 cm)<\/p>\n","protected":false},"featured_media":429025,"comment_status":"open","ping_status":"closed","template":"","meta":{"inline_featured_image":false},"product_brand":[],"product_cat":[1728,1742],"product_tag":[1560],"sport":[],"class_list":{"0":"post-361405","1":"product","2":"type-product","3":"status-publish","4":"has-post-thumbnail","6":"product_cat-kimono-jiu-jitsu-keikogi-es","7":"product_cat-pantalones-de-judo-adidas","8":"product_tag-adidas-es","9":"pa_size-380","10":"pa_size-388","11":"pa_size-379","12":"pa_size-387","13":"pa_size-378","14":"pa_size-386","15":"pa_size-377","16":"pa_size-385","17":"pa_size-376","18":"pa_size-384","19":"pa_size-383","20":"pa_size-953","22":"first","23":"instock","24":"taxable","25":"shipping-taxable","26":"purchasable","27":"product-type-variable"},"yoast_head":"<!-- This site is optimized with the Yoast SEO plugin v27.2 - https:\/\/yoast.com\/product\/yoast-seo-wordpress\/ -->\n<title>Pantal\u00f3n adidas Judo y Jiu-Jitsu azul &#8211; Daisho<\/title>\n<meta name=\"description\" content=\"Los pantalones Adidas de Judo y Jiu-Jitsu combinan comodidad y estilo durante tus entrenamientos. Encu\u00e9ntralos en nuestra p\u00e1gina web www.daisho.be|Daisho\" \/>\n<meta name=\"robots\" content=\"index, follow, max-snippet:-1, max-image-preview:large, max-video-preview:-1\" \/>\n<link rel=\"canonical\" href=\"https:\/\/www.daisho.be\/es\/produit\/pantalon-adidas-judo-y-jiu-jitsu-azul\/\" \/>\n<meta property=\"og:locale\" content=\"es_ES\" \/>\n<meta property=\"og:type\" content=\"article\" \/>\n<meta property=\"og:title\" content=\"Pantal\u00f3n adidas Judo y Jiu-Jitsu azul &#8211; Daisho\" \/>\n<meta property=\"og:description\" content=\"Los pantalones Adidas de Judo y Jiu-Jitsu combinan comodidad y estilo durante tus entrenamientos. Encu\u00e9ntralos en nuestra p\u00e1gina web www.daisho.be|Daisho\" \/>\n<meta property=\"og:url\" content=\"https:\/\/www.daisho.be\/es\/produit\/pantalon-adidas-judo-y-jiu-jitsu-azul\/\" \/>\n<meta property=\"og:site_name\" content=\"Daisho\" \/>\n<meta property=\"article:modified_time\" content=\"2025-12-22T14:55:09+00:00\" \/>\n<meta property=\"og:image\" content=\"https:\/\/www.daisho.be\/wp-content\/uploads\/2024\/08\/image-26.png\" \/>\n\t<meta property=\"og:image:width\" content=\"361\" \/>\n\t<meta property=\"og:image:height\" content=\"674\" \/>\n\t<meta property=\"og:image:type\" content=\"image\/png\" \/>\n<meta name=\"twitter:card\" content=\"summary_large_image\" \/>\n<script type=\"application\/ld+json\" class=\"yoast-schema-graph\">{\"@context\":\"https:\/\/schema.org\",\"@graph\":[{\"@type\":\"WebPage\",\"@id\":\"https:\/\/www.daisho.be\/es\/produit\/pantalon-adidas-judo-y-jiu-jitsu-azul\/\",\"url\":\"https:\/\/www.daisho.be\/es\/produit\/pantalon-adidas-judo-y-jiu-jitsu-azul\/\",\"name\":\"Pantal\u00f3n adidas Judo y Jiu-Jitsu azul &#8211; Daisho\",\"isPartOf\":{\"@id\":\"https:\/\/www.daisho.be\/es\/#website\"},\"primaryImageOfPage\":{\"@id\":\"https:\/\/www.daisho.be\/es\/produit\/pantalon-adidas-judo-y-jiu-jitsu-azul\/#primaryimage\"},\"image\":{\"@id\":\"https:\/\/www.daisho.be\/es\/produit\/pantalon-adidas-judo-y-jiu-jitsu-azul\/#primaryimage\"},\"thumbnailUrl\":\"https:\/\/www.daisho.be\/wp-content\/uploads\/2024\/08\/image-26.png\",\"datePublished\":\"2022-04-05T16:36:25+00:00\",\"dateModified\":\"2025-12-22T14:55:09+00:00\",\"description\":\"Los pantalones Adidas de Judo y Jiu-Jitsu combinan comodidad y estilo durante tus entrenamientos. Encu\u00e9ntralos en nuestra p\u00e1gina web www.daisho.be|Daisho\",\"breadcrumb\":{\"@id\":\"https:\/\/www.daisho.be\/es\/produit\/pantalon-adidas-judo-y-jiu-jitsu-azul\/#breadcrumb\"},\"inLanguage\":\"es\",\"potentialAction\":[{\"@type\":\"ReadAction\",\"target\":[\"https:\/\/www.daisho.be\/es\/produit\/pantalon-adidas-judo-y-jiu-jitsu-azul\/\"]}]},{\"@type\":\"ImageObject\",\"inLanguage\":\"es\",\"@id\":\"https:\/\/www.daisho.be\/es\/produit\/pantalon-adidas-judo-y-jiu-jitsu-azul\/#primaryimage\",\"url\":\"https:\/\/www.daisho.be\/wp-content\/uploads\/2024\/08\/image-26.png\",\"contentUrl\":\"https:\/\/www.daisho.be\/wp-content\/uploads\/2024\/08\/image-26.png\",\"width\":361,\"height\":674,\"caption\":\"Pantal\u00f3n adidas Judo y Jiu-Jitsu azul-1\"},{\"@type\":\"BreadcrumbList\",\"@id\":\"https:\/\/www.daisho.be\/es\/produit\/pantalon-adidas-judo-y-jiu-jitsu-azul\/#breadcrumb\",\"itemListElement\":[{\"@type\":\"ListItem\",\"position\":1,\"name\":\"Accueil\",\"item\":\"https:\/\/www.daisho.be\/es\/\"},{\"@type\":\"ListItem\",\"position\":2,\"name\":\"Productos\",\"item\":\"https:\/\/www.daisho.be\/es\/productos\/\"},{\"@type\":\"ListItem\",\"position\":3,\"name\":\"ADIDAS COMBAT SPORTS\",\"item\":\"https:\/\/www.daisho.be\/es\/categorie-produit\/adidas-combat-sports-es\/\"},{\"@type\":\"ListItem\",\"position\":4,\"name\":\"Jiu-Jitsu\",\"item\":\"https:\/\/www.daisho.be\/es\/categorie-produit\/adidas-combat-sports-es\/jiu-jitsu-es\/\"},{\"@type\":\"ListItem\",\"position\":5,\"name\":\"Kimono - Jiu-Jitsu Keikogi\",\"item\":\"https:\/\/www.daisho.be\/es\/categorie-produit\/adidas-combat-sports-es\/jiu-jitsu-es\/kimono-jiu-jitsu-keikogi-es\/\"},{\"@type\":\"ListItem\",\"position\":6,\"name\":\"Pantal\u00f3n adidas Judo y Jiu-Jitsu azul\"}]},{\"@type\":\"WebSite\",\"@id\":\"https:\/\/www.daisho.be\/es\/#website\",\"url\":\"https:\/\/www.daisho.be\/es\/\",\"name\":\"Daisho\",\"description\":\"Sp&eacute;cialiste de l'&eacute;quipement sportif d'arts martiaux\",\"publisher\":{\"@id\":\"https:\/\/www.daisho.be\/es\/#organization\"},\"potentialAction\":[{\"@type\":\"SearchAction\",\"target\":{\"@type\":\"EntryPoint\",\"urlTemplate\":\"https:\/\/www.daisho.be\/es\/?s={search_term_string}\"},\"query-input\":{\"@type\":\"PropertyValueSpecification\",\"valueRequired\":true,\"valueName\":\"search_term_string\"}}],\"inLanguage\":\"es\"},{\"@type\":\"Organization\",\"@id\":\"https:\/\/www.daisho.be\/es\/#organization\",\"name\":\"Daisho\",\"url\":\"https:\/\/www.daisho.be\/es\/\",\"logo\":{\"@type\":\"ImageObject\",\"inLanguage\":\"es\",\"@id\":\"https:\/\/www.daisho.be\/es\/#\/schema\/logo\/image\/\",\"url\":\"https:\/\/www.daisho.be\/wp-content\/uploads\/2019\/07\/color-nothing-horizontale4x-e1564486100247.png\",\"contentUrl\":\"https:\/\/www.daisho.be\/wp-content\/uploads\/2019\/07\/color-nothing-horizontale4x-e1564486100247.png\",\"width\":1547,\"height\":385,\"caption\":\"Daisho\"},\"image\":{\"@id\":\"https:\/\/www.daisho.be\/es\/#\/schema\/logo\/image\/\"}}]}<\/script>\n<!-- \/ Yoast SEO plugin. -->","yoast_head_json":{"title":"Pantal\u00f3n adidas Judo y Jiu-Jitsu azul &#8211; Daisho","description":"Los pantalones Adidas de Judo y Jiu-Jitsu combinan comodidad y estilo durante tus entrenamientos. Encu\u00e9ntralos en nuestra p\u00e1gina web www.daisho.be|Daisho","robots":{"index":"index","follow":"follow","max-snippet":"max-snippet:-1","max-image-preview":"max-image-preview:large","max-video-preview":"max-video-preview:-1"},"canonical":"https:\/\/www.daisho.be\/es\/produit\/pantalon-adidas-judo-y-jiu-jitsu-azul\/","og_locale":"es_ES","og_type":"article","og_title":"Pantal\u00f3n adidas Judo y Jiu-Jitsu azul &#8211; Daisho","og_description":"Los pantalones Adidas de Judo y Jiu-Jitsu combinan comodidad y estilo durante tus entrenamientos. Encu\u00e9ntralos en nuestra p\u00e1gina web www.daisho.be|Daisho","og_url":"https:\/\/www.daisho.be\/es\/produit\/pantalon-adidas-judo-y-jiu-jitsu-azul\/","og_site_name":"Daisho","article_modified_time":"2025-12-22T14:55:09+00:00","og_image":[{"width":361,"height":674,"url":"https:\/\/www.daisho.be\/wp-content\/uploads\/2024\/08\/image-26.png","type":"image\/png"}],"twitter_card":"summary_large_image","schema":{"@context":"https:\/\/schema.org","@graph":[{"@type":"WebPage","@id":"https:\/\/www.daisho.be\/es\/produit\/pantalon-adidas-judo-y-jiu-jitsu-azul\/","url":"https:\/\/www.daisho.be\/es\/produit\/pantalon-adidas-judo-y-jiu-jitsu-azul\/","name":"Pantal\u00f3n adidas Judo y Jiu-Jitsu azul &#8211; Daisho","isPartOf":{"@id":"https:\/\/www.daisho.be\/es\/#website"},"primaryImageOfPage":{"@id":"https:\/\/www.daisho.be\/es\/produit\/pantalon-adidas-judo-y-jiu-jitsu-azul\/#primaryimage"},"image":{"@id":"https:\/\/www.daisho.be\/es\/produit\/pantalon-adidas-judo-y-jiu-jitsu-azul\/#primaryimage"},"thumbnailUrl":"https:\/\/www.daisho.be\/wp-content\/uploads\/2024\/08\/image-26.png","datePublished":"2022-04-05T16:36:25+00:00","dateModified":"2025-12-22T14:55:09+00:00","description":"Los pantalones Adidas de Judo y Jiu-Jitsu combinan comodidad y estilo durante tus entrenamientos. Encu\u00e9ntralos en nuestra p\u00e1gina web www.daisho.be|Daisho","breadcrumb":{"@id":"https:\/\/www.daisho.be\/es\/produit\/pantalon-adidas-judo-y-jiu-jitsu-azul\/#breadcrumb"},"inLanguage":"es","potentialAction":[{"@type":"ReadAction","target":["https:\/\/www.daisho.be\/es\/produit\/pantalon-adidas-judo-y-jiu-jitsu-azul\/"]}]},{"@type":"ImageObject","inLanguage":"es","@id":"https:\/\/www.daisho.be\/es\/produit\/pantalon-adidas-judo-y-jiu-jitsu-azul\/#primaryimage","url":"https:\/\/www.daisho.be\/wp-content\/uploads\/2024\/08\/image-26.png","contentUrl":"https:\/\/www.daisho.be\/wp-content\/uploads\/2024\/08\/image-26.png","width":361,"height":674,"caption":"Pantal\u00f3n adidas Judo y Jiu-Jitsu azul-1"},{"@type":"BreadcrumbList","@id":"https:\/\/www.daisho.be\/es\/produit\/pantalon-adidas-judo-y-jiu-jitsu-azul\/#breadcrumb","itemListElement":[{"@type":"ListItem","position":1,"name":"Accueil","item":"https:\/\/www.daisho.be\/es\/"},{"@type":"ListItem","position":2,"name":"Productos","item":"https:\/\/www.daisho.be\/es\/productos\/"},{"@type":"ListItem","position":3,"name":"ADIDAS COMBAT SPORTS","item":"https:\/\/www.daisho.be\/es\/categorie-produit\/adidas-combat-sports-es\/"},{"@type":"ListItem","position":4,"name":"Jiu-Jitsu","item":"https:\/\/www.daisho.be\/es\/categorie-produit\/adidas-combat-sports-es\/jiu-jitsu-es\/"},{"@type":"ListItem","position":5,"name":"Kimono - Jiu-Jitsu Keikogi","item":"https:\/\/www.daisho.be\/es\/categorie-produit\/adidas-combat-sports-es\/jiu-jitsu-es\/kimono-jiu-jitsu-keikogi-es\/"},{"@type":"ListItem","position":6,"name":"Pantal\u00f3n adidas Judo y Jiu-Jitsu azul"}]},{"@type":"WebSite","@id":"https:\/\/www.daisho.be\/es\/#website","url":"https:\/\/www.daisho.be\/es\/","name":"Daisho","description":"Sp&eacute;cialiste de l'&eacute;quipement sportif d'arts martiaux","publisher":{"@id":"https:\/\/www.daisho.be\/es\/#organization"},"potentialAction":[{"@type":"SearchAction","target":{"@type":"EntryPoint","urlTemplate":"https:\/\/www.daisho.be\/es\/?s={search_term_string}"},"query-input":{"@type":"PropertyValueSpecification","valueRequired":true,"valueName":"search_term_string"}}],"inLanguage":"es"},{"@type":"Organization","@id":"https:\/\/www.daisho.be\/es\/#organization","name":"Daisho","url":"https:\/\/www.daisho.be\/es\/","logo":{"@type":"ImageObject","inLanguage":"es","@id":"https:\/\/www.daisho.be\/es\/#\/schema\/logo\/image\/","url":"https:\/\/www.daisho.be\/wp-content\/uploads\/2019\/07\/color-nothing-horizontale4x-e1564486100247.png","contentUrl":"https:\/\/www.daisho.be\/wp-content\/uploads\/2019\/07\/color-nothing-horizontale4x-e1564486100247.png","width":1547,"height":385,"caption":"Daisho"},"image":{"@id":"https:\/\/www.daisho.be\/es\/#\/schema\/logo\/image\/"}}]}},"_links":{"self":[{"href":"https:\/\/www.daisho.be\/es\/wp-json\/wp\/v2\/product\/361405","targetHints":{"allow":["GET"]}}],"collection":[{"href":"https:\/\/www.daisho.be\/es\/wp-json\/wp\/v2\/product"}],"about":[{"href":"https:\/\/www.daisho.be\/es\/wp-json\/wp\/v2\/types\/product"}],"replies":[{"embeddable":true,"href":"https:\/\/www.daisho.be\/es\/wp-json\/wp\/v2\/comments?post=361405"}],"wp:featuredmedia":[{"embeddable":true,"href":"https:\/\/www.daisho.be\/es\/wp-json\/wp\/v2\/media\/429025"}],"wp:attachment":[{"href":"https:\/\/www.daisho.be\/es\/wp-json\/wp\/v2\/media?parent=361405"}],"wp:term":[{"taxonomy":"product_brand","embeddable":true,"href":"https:\/\/www.daisho.be\/es\/wp-json\/wp\/v2\/product_brand?post=361405"},{"taxonomy":"product_cat","embeddable":true,"href":"https:\/\/www.daisho.be\/es\/wp-json\/wp\/v2\/product_cat?post=361405"},{"taxonomy":"product_tag","embeddable":true,"href":"https:\/\/www.daisho.be\/es\/wp-json\/wp\/v2\/product_tag?post=361405"},{"taxonomy":"sport","embeddable":true,"href":"https:\/\/www.daisho.be\/es\/wp-json\/wp\/v2\/sport?post=361405"}],"curies":[{"name":"wp","href":"https:\/\/api.w.org\/{rel}","templated":true}]}}