{"id":361295,"date":"2019-10-22T09:55:08","date_gmt":"2019-10-22T07:55:08","guid":{"rendered":"https:\/\/www.daisho.be\/produit\/casco-de-combate-de-cuero-negro-y-gris\/"},"modified":"2019-10-22T09:55:08","modified_gmt":"2019-10-22T07:55:08","slug":"casco-de-combate-de-cuero-negro-y-gris","status":"publish","type":"product","link":"https:\/\/www.daisho.be\/es\/produit\/casco-de-combate-de-cuero-negro-y-gris\/","title":{"rendered":"CASCO DE COMBATE DE CUERO NEGRO Y GRIS"},"content":{"rendered":"<p>El casco DAX REBOUND SPARRING tiene un dise\u00f1o ergon\u00f3mico y est\u00e1 fabricado en cuero aut\u00e9ntico para mayor seguridad durante el entrenamiento. Ofrece una mayor protecci\u00f3n de la frente, los p\u00f3mulos, la barbilla, la mand\u00edbula, las orejas y las sienes.<br \/>\nTambi\u00e9n adecuado para boxeo y kickboxing.<br \/>\nCaracter\u00edsticas :<br \/>\n&#8211; cuero aut\u00e9ntico,<br \/>\n&#8211; hecho a mano,<br \/>\n&#8211; protecci\u00f3n completa de la cabeza,<br \/>\n&#8211; ligero y duradero,<br \/>\n&#8211; protecci\u00f3n de los p\u00f3mulos,<br \/>\n&#8211; zona de la barbilla acolchada,<br \/>\n&#8211; Espalda ajustable con velcro.<\/p>\n","protected":false},"excerpt":{"rendered":"<p>El casco DAX REBOUND SPARRING tiene un dise\u00f1o ergon\u00f3mico y est\u00e1 fabricado en cuero aut\u00e9ntico para mayor seguridad durante el entrenamiento. Ofrece una mayor protecci\u00f3n de la frente, los p\u00f3mulos, la barbilla, la mand\u00edbula, las orejas y las sienes. Tambi\u00e9n adecuado para boxeo y kickboxing. Caracter\u00edsticas : &#8211; cuero aut\u00e9ntico, &#8211; hecho a mano, &#8211; [&hellip;]<\/p>\n","protected":false},"featured_media":329794,"comment_status":"closed","ping_status":"closed","template":"","meta":{"inline_featured_image":false},"product_brand":[],"product_cat":[1366,1368,1361],"product_tag":[1320],"sport":[448,446,73,431,455,79],"class_list":{"0":"post-361295","1":"product","2":"type-product","3":"status-publish","4":"has-post-thumbnail","6":"product_cat-proteccion-del-boxeo","7":"product_cat-proteccion-kick-boxing","8":"product_cat-protecciones","9":"product_tag-dax-es","10":"pa_size-l","11":"pa_size-m","12":"pa_size-s","13":"pa_size-xl","14":"sport-kick-boxing","15":"sport-boxe","16":"sport-karate","17":"sport-mma","18":"sport-muay-thai","19":"sport-taekwondo","21":"first","22":"instock","23":"taxable","24":"shipping-taxable","25":"purchasable","26":"product-type-variable"},"yoast_head":"<!-- This site is optimized with the Yoast SEO plugin v27.2 - https:\/\/yoast.com\/product\/yoast-seo-wordpress\/ -->\n<title>Casco de combate de cuero, negro y gris Marca Dax | Daisho<\/title>\n<meta name=\"robots\" content=\"index, follow, max-snippet:-1, max-image-preview:large, max-video-preview:-1\" \/>\n<link rel=\"canonical\" href=\"https:\/\/www.daisho.be\/es\/produit\/casco-de-combate-de-cuero-negro-y-gris\/\" \/>\n<meta property=\"og:locale\" content=\"es_ES\" \/>\n<meta property=\"og:type\" content=\"article\" \/>\n<meta property=\"og:title\" content=\"Casco de combate de cuero, negro y gris Marca Dax | Daisho\" \/>\n<meta property=\"og:description\" content=\"El casco DAX REBOUND SPARRING tiene un dise\u00f1o ergon\u00f3mico y est\u00e1 fabricado en cuero aut\u00e9ntico para mayor seguridad durante el entrenamiento. Ofrece una mayor protecci\u00f3n de la frente, los p\u00f3mulos, la barbilla, la mand\u00edbula, las orejas y las sienes. Tambi\u00e9n adecuado para boxeo y kickboxing. Caracter\u00edsticas : &#8211; cuero aut\u00e9ntico, &#8211; hecho a mano, &#8211; [&hellip;]\" \/>\n<meta property=\"og:url\" content=\"https:\/\/www.daisho.be\/es\/produit\/casco-de-combate-de-cuero-negro-y-gris\/\" \/>\n<meta property=\"og:site_name\" content=\"Daisho\" \/>\n<meta property=\"og:image\" content=\"https:\/\/www.daisho.be\/wp-content\/uploads\/2021\/12\/image-182.jpg\" \/>\n\t<meta property=\"og:image:width\" content=\"1359\" \/>\n\t<meta property=\"og:image:height\" content=\"1920\" \/>\n\t<meta property=\"og:image:type\" content=\"image\/jpeg\" \/>\n<meta name=\"twitter:card\" content=\"summary_large_image\" \/>\n<script type=\"application\/ld+json\" class=\"yoast-schema-graph\">{\"@context\":\"https:\/\/schema.org\",\"@graph\":[{\"@type\":\"WebPage\",\"@id\":\"https:\/\/www.daisho.be\/es\/produit\/casco-de-combate-de-cuero-negro-y-gris\/\",\"url\":\"https:\/\/www.daisho.be\/es\/produit\/casco-de-combate-de-cuero-negro-y-gris\/\",\"name\":\"Casco de combate de cuero, negro y gris Marca Dax | Daisho\",\"isPartOf\":{\"@id\":\"https:\/\/www.daisho.be\/es\/#website\"},\"primaryImageOfPage\":{\"@id\":\"https:\/\/www.daisho.be\/es\/produit\/casco-de-combate-de-cuero-negro-y-gris\/#primaryimage\"},\"image\":{\"@id\":\"https:\/\/www.daisho.be\/es\/produit\/casco-de-combate-de-cuero-negro-y-gris\/#primaryimage\"},\"thumbnailUrl\":\"https:\/\/www.daisho.be\/wp-content\/uploads\/2021\/12\/image-182.jpg\",\"datePublished\":\"2019-10-22T07:55:08+00:00\",\"breadcrumb\":{\"@id\":\"https:\/\/www.daisho.be\/es\/produit\/casco-de-combate-de-cuero-negro-y-gris\/#breadcrumb\"},\"inLanguage\":\"es\",\"potentialAction\":[{\"@type\":\"ReadAction\",\"target\":[\"https:\/\/www.daisho.be\/es\/produit\/casco-de-combate-de-cuero-negro-y-gris\/\"]}]},{\"@type\":\"ImageObject\",\"inLanguage\":\"es\",\"@id\":\"https:\/\/www.daisho.be\/es\/produit\/casco-de-combate-de-cuero-negro-y-gris\/#primaryimage\",\"url\":\"https:\/\/www.daisho.be\/wp-content\/uploads\/2021\/12\/image-182.jpg\",\"contentUrl\":\"https:\/\/www.daisho.be\/wp-content\/uploads\/2021\/12\/image-182.jpg\",\"width\":1359,\"height\":1920,\"caption\":\"CASCO DE COMBATE DE CUERO NEGRO Y GRIS-1\"},{\"@type\":\"BreadcrumbList\",\"@id\":\"https:\/\/www.daisho.be\/es\/produit\/casco-de-combate-de-cuero-negro-y-gris\/#breadcrumb\",\"itemListElement\":[{\"@type\":\"ListItem\",\"position\":1,\"name\":\"Accueil\",\"item\":\"https:\/\/www.daisho.be\/es\/\"},{\"@type\":\"ListItem\",\"position\":2,\"name\":\"Productos\",\"item\":\"https:\/\/www.daisho.be\/es\/productos\/\"},{\"@type\":\"ListItem\",\"position\":3,\"name\":\"Equipamiento y ropa para artes marciales y deportes de combate\",\"item\":\"https:\/\/www.daisho.be\/es\/categorie-produit\/equipamiento-y-ropa-para-artes-marciales-y-deportes-de-combate\/\"},{\"@type\":\"ListItem\",\"position\":4,\"name\":\"Boxeo\",\"item\":\"https:\/\/www.daisho.be\/es\/categorie-produit\/equipamiento-y-ropa-para-artes-marciales-y-deportes-de-combate\/boxeo-es\/\"},{\"@type\":\"ListItem\",\"position\":5,\"name\":\"Protecci\u00f3n del boxeo\",\"item\":\"https:\/\/www.daisho.be\/es\/categorie-produit\/equipamiento-y-ropa-para-artes-marciales-y-deportes-de-combate\/boxeo-es\/proteccion-del-boxeo\/\"},{\"@type\":\"ListItem\",\"position\":6,\"name\":\"CASCO DE COMBATE DE CUERO NEGRO Y GRIS\"}]},{\"@type\":\"WebSite\",\"@id\":\"https:\/\/www.daisho.be\/es\/#website\",\"url\":\"https:\/\/www.daisho.be\/es\/\",\"name\":\"Daisho\",\"description\":\"Sp&eacute;cialiste de l'&eacute;quipement sportif d'arts martiaux\",\"publisher\":{\"@id\":\"https:\/\/www.daisho.be\/es\/#organization\"},\"potentialAction\":[{\"@type\":\"SearchAction\",\"target\":{\"@type\":\"EntryPoint\",\"urlTemplate\":\"https:\/\/www.daisho.be\/es\/?s={search_term_string}\"},\"query-input\":{\"@type\":\"PropertyValueSpecification\",\"valueRequired\":true,\"valueName\":\"search_term_string\"}}],\"inLanguage\":\"es\"},{\"@type\":\"Organization\",\"@id\":\"https:\/\/www.daisho.be\/es\/#organization\",\"name\":\"Daisho\",\"url\":\"https:\/\/www.daisho.be\/es\/\",\"logo\":{\"@type\":\"ImageObject\",\"inLanguage\":\"es\",\"@id\":\"https:\/\/www.daisho.be\/es\/#\/schema\/logo\/image\/\",\"url\":\"https:\/\/www.daisho.be\/wp-content\/uploads\/2019\/07\/color-nothing-horizontale4x-e1564486100247.png\",\"contentUrl\":\"https:\/\/www.daisho.be\/wp-content\/uploads\/2019\/07\/color-nothing-horizontale4x-e1564486100247.png\",\"width\":1547,\"height\":385,\"caption\":\"Daisho\"},\"image\":{\"@id\":\"https:\/\/www.daisho.be\/es\/#\/schema\/logo\/image\/\"}}]}<\/script>\n<!-- \/ Yoast SEO plugin. -->","yoast_head_json":{"title":"Casco de combate de cuero, negro y gris Marca Dax | Daisho","robots":{"index":"index","follow":"follow","max-snippet":"max-snippet:-1","max-image-preview":"max-image-preview:large","max-video-preview":"max-video-preview:-1"},"canonical":"https:\/\/www.daisho.be\/es\/produit\/casco-de-combate-de-cuero-negro-y-gris\/","og_locale":"es_ES","og_type":"article","og_title":"Casco de combate de cuero, negro y gris Marca Dax | Daisho","og_description":"El casco DAX REBOUND SPARRING tiene un dise\u00f1o ergon\u00f3mico y est\u00e1 fabricado en cuero aut\u00e9ntico para mayor seguridad durante el entrenamiento. Ofrece una mayor protecci\u00f3n de la frente, los p\u00f3mulos, la barbilla, la mand\u00edbula, las orejas y las sienes. Tambi\u00e9n adecuado para boxeo y kickboxing. Caracter\u00edsticas : &#8211; cuero aut\u00e9ntico, &#8211; hecho a mano, &#8211; [&hellip;]","og_url":"https:\/\/www.daisho.be\/es\/produit\/casco-de-combate-de-cuero-negro-y-gris\/","og_site_name":"Daisho","og_image":[{"width":1359,"height":1920,"url":"https:\/\/www.daisho.be\/wp-content\/uploads\/2021\/12\/image-182.jpg","type":"image\/jpeg"}],"twitter_card":"summary_large_image","schema":{"@context":"https:\/\/schema.org","@graph":[{"@type":"WebPage","@id":"https:\/\/www.daisho.be\/es\/produit\/casco-de-combate-de-cuero-negro-y-gris\/","url":"https:\/\/www.daisho.be\/es\/produit\/casco-de-combate-de-cuero-negro-y-gris\/","name":"Casco de combate de cuero, negro y gris Marca Dax | Daisho","isPartOf":{"@id":"https:\/\/www.daisho.be\/es\/#website"},"primaryImageOfPage":{"@id":"https:\/\/www.daisho.be\/es\/produit\/casco-de-combate-de-cuero-negro-y-gris\/#primaryimage"},"image":{"@id":"https:\/\/www.daisho.be\/es\/produit\/casco-de-combate-de-cuero-negro-y-gris\/#primaryimage"},"thumbnailUrl":"https:\/\/www.daisho.be\/wp-content\/uploads\/2021\/12\/image-182.jpg","datePublished":"2019-10-22T07:55:08+00:00","breadcrumb":{"@id":"https:\/\/www.daisho.be\/es\/produit\/casco-de-combate-de-cuero-negro-y-gris\/#breadcrumb"},"inLanguage":"es","potentialAction":[{"@type":"ReadAction","target":["https:\/\/www.daisho.be\/es\/produit\/casco-de-combate-de-cuero-negro-y-gris\/"]}]},{"@type":"ImageObject","inLanguage":"es","@id":"https:\/\/www.daisho.be\/es\/produit\/casco-de-combate-de-cuero-negro-y-gris\/#primaryimage","url":"https:\/\/www.daisho.be\/wp-content\/uploads\/2021\/12\/image-182.jpg","contentUrl":"https:\/\/www.daisho.be\/wp-content\/uploads\/2021\/12\/image-182.jpg","width":1359,"height":1920,"caption":"CASCO DE COMBATE DE CUERO NEGRO Y GRIS-1"},{"@type":"BreadcrumbList","@id":"https:\/\/www.daisho.be\/es\/produit\/casco-de-combate-de-cuero-negro-y-gris\/#breadcrumb","itemListElement":[{"@type":"ListItem","position":1,"name":"Accueil","item":"https:\/\/www.daisho.be\/es\/"},{"@type":"ListItem","position":2,"name":"Productos","item":"https:\/\/www.daisho.be\/es\/productos\/"},{"@type":"ListItem","position":3,"name":"Equipamiento y ropa para artes marciales y deportes de combate","item":"https:\/\/www.daisho.be\/es\/categorie-produit\/equipamiento-y-ropa-para-artes-marciales-y-deportes-de-combate\/"},{"@type":"ListItem","position":4,"name":"Boxeo","item":"https:\/\/www.daisho.be\/es\/categorie-produit\/equipamiento-y-ropa-para-artes-marciales-y-deportes-de-combate\/boxeo-es\/"},{"@type":"ListItem","position":5,"name":"Protecci\u00f3n del boxeo","item":"https:\/\/www.daisho.be\/es\/categorie-produit\/equipamiento-y-ropa-para-artes-marciales-y-deportes-de-combate\/boxeo-es\/proteccion-del-boxeo\/"},{"@type":"ListItem","position":6,"name":"CASCO DE COMBATE DE CUERO NEGRO Y GRIS"}]},{"@type":"WebSite","@id":"https:\/\/www.daisho.be\/es\/#website","url":"https:\/\/www.daisho.be\/es\/","name":"Daisho","description":"Sp&eacute;cialiste de l'&eacute;quipement sportif d'arts martiaux","publisher":{"@id":"https:\/\/www.daisho.be\/es\/#organization"},"potentialAction":[{"@type":"SearchAction","target":{"@type":"EntryPoint","urlTemplate":"https:\/\/www.daisho.be\/es\/?s={search_term_string}"},"query-input":{"@type":"PropertyValueSpecification","valueRequired":true,"valueName":"search_term_string"}}],"inLanguage":"es"},{"@type":"Organization","@id":"https:\/\/www.daisho.be\/es\/#organization","name":"Daisho","url":"https:\/\/www.daisho.be\/es\/","logo":{"@type":"ImageObject","inLanguage":"es","@id":"https:\/\/www.daisho.be\/es\/#\/schema\/logo\/image\/","url":"https:\/\/www.daisho.be\/wp-content\/uploads\/2019\/07\/color-nothing-horizontale4x-e1564486100247.png","contentUrl":"https:\/\/www.daisho.be\/wp-content\/uploads\/2019\/07\/color-nothing-horizontale4x-e1564486100247.png","width":1547,"height":385,"caption":"Daisho"},"image":{"@id":"https:\/\/www.daisho.be\/es\/#\/schema\/logo\/image\/"}}]}},"_links":{"self":[{"href":"https:\/\/www.daisho.be\/es\/wp-json\/wp\/v2\/product\/361295","targetHints":{"allow":["GET"]}}],"collection":[{"href":"https:\/\/www.daisho.be\/es\/wp-json\/wp\/v2\/product"}],"about":[{"href":"https:\/\/www.daisho.be\/es\/wp-json\/wp\/v2\/types\/product"}],"replies":[{"embeddable":true,"href":"https:\/\/www.daisho.be\/es\/wp-json\/wp\/v2\/comments?post=361295"}],"wp:featuredmedia":[{"embeddable":true,"href":"https:\/\/www.daisho.be\/es\/wp-json\/wp\/v2\/media\/329794"}],"wp:attachment":[{"href":"https:\/\/www.daisho.be\/es\/wp-json\/wp\/v2\/media?parent=361295"}],"wp:term":[{"taxonomy":"product_brand","embeddable":true,"href":"https:\/\/www.daisho.be\/es\/wp-json\/wp\/v2\/product_brand?post=361295"},{"taxonomy":"product_cat","embeddable":true,"href":"https:\/\/www.daisho.be\/es\/wp-json\/wp\/v2\/product_cat?post=361295"},{"taxonomy":"product_tag","embeddable":true,"href":"https:\/\/www.daisho.be\/es\/wp-json\/wp\/v2\/product_tag?post=361295"},{"taxonomy":"sport","embeddable":true,"href":"https:\/\/www.daisho.be\/es\/wp-json\/wp\/v2\/sport?post=361295"}],"curies":[{"name":"wp","href":"https:\/\/api.w.org\/{rel}","templated":true}]}}