{"id":361130,"date":"2022-02-15T15:39:06","date_gmt":"2022-02-15T14:39:06","guid":{"rendered":"https:\/\/www.daisho.be\/produit\/pantalon-corto-adidas-kick-boxing-azul\/"},"modified":"2025-02-28T15:32:57","modified_gmt":"2025-02-28T14:32:57","slug":"pantalon-corto-adidas-kick-boxing-azul","status":"publish","type":"product","link":"https:\/\/www.daisho.be\/es\/produit\/pantalon-corto-adidas-kick-boxing-azul\/","title":{"rendered":"Pantal\u00f3n corto adidas Kick Boxing Azul"},"content":{"rendered":"<p>Este pantal\u00f3n corto de adidas est\u00e1 confeccionado con un nuevo material muy transpirable y que absorbe la humedad. Bastante ligero e innovador en el mercado. No es comparable al sat\u00e9n est\u00e1ndar de la mayor\u00eda de los dem\u00e1s pantalones cortos. Los pantalones cortos tienen una abertura para garantizar la perfecta libertad de movimiento necesaria durante el ejercicio. Los pantalones cortos tienen una banda el\u00e1stica ancha y cordones en el interior para ajustarlos a\u00fan m\u00e1s.<br \/>\nVentajas:<br \/>\n&#8211; material nuevo<br \/>\n&#8211; mucha libertad de movimiento<br \/>\n&#8211; robusto y duradero<br \/>\n&#8211; dise\u00f1os atractivos    <\/p>\n","protected":false},"excerpt":{"rendered":"<p>Este pantal\u00f3n corto de adidas est\u00e1 confeccionado con un nuevo material muy transpirable y que absorbe la humedad. Bastante ligero e innovador en el mercado. No es comparable al sat\u00e9n est\u00e1ndar de la mayor\u00eda de los dem\u00e1s pantalones cortos. Los pantalones cortos tienen una abertura para garantizar la perfecta libertad de movimiento necesaria durante el [&hellip;]<\/p>\n","protected":false},"featured_media":332239,"comment_status":"open","ping_status":"closed","template":"","meta":{"inline_featured_image":false},"product_brand":[],"product_cat":[1689],"product_tag":[1560],"sport":[],"class_list":{"0":"post-361130","1":"product","2":"type-product","3":"status-publish","4":"has-post-thumbnail","6":"product_cat-ropa-adidas-kickboxing","7":"product_tag-adidas-es","8":"pa_size-l","9":"pa_size-m","10":"pa_size-s","11":"pa_size-xl","12":"pa_size-xs","14":"first","15":"instock","16":"taxable","17":"shipping-taxable","18":"purchasable","19":"product-type-variable"},"yoast_head":"<!-- This site is optimized with the Yoast SEO plugin v27.2 - https:\/\/yoast.com\/product\/yoast-seo-wordpress\/ -->\n<title>Pantal\u00f3n corto adidas Kick Boxing Azul &#8211; Daisho<\/title>\n<meta name=\"description\" content=\"Los pantalones cortos de kickboxing Adidas est\u00e1n dise\u00f1ados para evacuar la humedad y optimizar la ventilaci\u00f3n. Encu\u00e9ntralos en www.daisho.be|Daisho\" \/>\n<meta name=\"robots\" content=\"index, follow, max-snippet:-1, max-image-preview:large, max-video-preview:-1\" \/>\n<link rel=\"canonical\" href=\"https:\/\/www.daisho.be\/es\/produit\/pantalon-corto-adidas-kick-boxing-azul\/\" \/>\n<meta property=\"og:locale\" content=\"es_ES\" \/>\n<meta property=\"og:type\" content=\"article\" \/>\n<meta property=\"og:title\" content=\"Pantal\u00f3n corto adidas Kick Boxing Azul &#8211; Daisho\" \/>\n<meta property=\"og:description\" content=\"Los pantalones cortos de kickboxing Adidas est\u00e1n dise\u00f1ados para evacuar la humedad y optimizar la ventilaci\u00f3n. Encu\u00e9ntralos en www.daisho.be|Daisho\" \/>\n<meta property=\"og:url\" content=\"https:\/\/www.daisho.be\/es\/produit\/pantalon-corto-adidas-kick-boxing-azul\/\" \/>\n<meta property=\"og:site_name\" content=\"Daisho\" \/>\n<meta property=\"article:modified_time\" content=\"2025-02-28T14:32:57+00:00\" \/>\n<meta property=\"og:image\" content=\"https:\/\/www.daisho.be\/wp-content\/uploads\/2022\/02\/image-348.jpg\" \/>\n\t<meta property=\"og:image:width\" content=\"295\" \/>\n\t<meta property=\"og:image:height\" content=\"295\" \/>\n\t<meta property=\"og:image:type\" content=\"image\/jpeg\" \/>\n<meta name=\"twitter:card\" content=\"summary_large_image\" \/>\n<script type=\"application\/ld+json\" class=\"yoast-schema-graph\">{\"@context\":\"https:\/\/schema.org\",\"@graph\":[{\"@type\":\"WebPage\",\"@id\":\"https:\/\/www.daisho.be\/es\/produit\/pantalon-corto-adidas-kick-boxing-azul\/\",\"url\":\"https:\/\/www.daisho.be\/es\/produit\/pantalon-corto-adidas-kick-boxing-azul\/\",\"name\":\"Pantal\u00f3n corto adidas Kick Boxing Azul &#8211; Daisho\",\"isPartOf\":{\"@id\":\"https:\/\/www.daisho.be\/es\/#website\"},\"primaryImageOfPage\":{\"@id\":\"https:\/\/www.daisho.be\/es\/produit\/pantalon-corto-adidas-kick-boxing-azul\/#primaryimage\"},\"image\":{\"@id\":\"https:\/\/www.daisho.be\/es\/produit\/pantalon-corto-adidas-kick-boxing-azul\/#primaryimage\"},\"thumbnailUrl\":\"https:\/\/www.daisho.be\/wp-content\/uploads\/2022\/02\/image-348.jpg\",\"datePublished\":\"2022-02-15T14:39:06+00:00\",\"dateModified\":\"2025-02-28T14:32:57+00:00\",\"description\":\"Los pantalones cortos de kickboxing Adidas est\u00e1n dise\u00f1ados para evacuar la humedad y optimizar la ventilaci\u00f3n. Encu\u00e9ntralos en www.daisho.be|Daisho\",\"breadcrumb\":{\"@id\":\"https:\/\/www.daisho.be\/es\/produit\/pantalon-corto-adidas-kick-boxing-azul\/#breadcrumb\"},\"inLanguage\":\"es\",\"potentialAction\":[{\"@type\":\"ReadAction\",\"target\":[\"https:\/\/www.daisho.be\/es\/produit\/pantalon-corto-adidas-kick-boxing-azul\/\"]}]},{\"@type\":\"ImageObject\",\"inLanguage\":\"es\",\"@id\":\"https:\/\/www.daisho.be\/es\/produit\/pantalon-corto-adidas-kick-boxing-azul\/#primaryimage\",\"url\":\"https:\/\/www.daisho.be\/wp-content\/uploads\/2022\/02\/image-348.jpg\",\"contentUrl\":\"https:\/\/www.daisho.be\/wp-content\/uploads\/2022\/02\/image-348.jpg\",\"width\":295,\"height\":295,\"caption\":\"Pantal\u00f3n corto adidas Kick Boxing Azul-1\"},{\"@type\":\"BreadcrumbList\",\"@id\":\"https:\/\/www.daisho.be\/es\/produit\/pantalon-corto-adidas-kick-boxing-azul\/#breadcrumb\",\"itemListElement\":[{\"@type\":\"ListItem\",\"position\":1,\"name\":\"Accueil\",\"item\":\"https:\/\/www.daisho.be\/es\/\"},{\"@type\":\"ListItem\",\"position\":2,\"name\":\"Productos\",\"item\":\"https:\/\/www.daisho.be\/es\/productos\/\"},{\"@type\":\"ListItem\",\"position\":3,\"name\":\"ADIDAS COMBAT SPORTS\",\"item\":\"https:\/\/www.daisho.be\/es\/categorie-produit\/adidas-combat-sports-es\/\"},{\"@type\":\"ListItem\",\"position\":4,\"name\":\"Kick-Boxing\",\"item\":\"https:\/\/www.daisho.be\/es\/categorie-produit\/adidas-combat-sports-es\/kick-boxing-es-2\/\"},{\"@type\":\"ListItem\",\"position\":5,\"name\":\"Ropa Adidas Kickboxing\",\"item\":\"https:\/\/www.daisho.be\/es\/categorie-produit\/adidas-combat-sports-es\/kick-boxing-es-2\/ropa-adidas-kickboxing\/\"},{\"@type\":\"ListItem\",\"position\":6,\"name\":\"Pantal\u00f3n corto adidas Kick Boxing Azul\"}]},{\"@type\":\"WebSite\",\"@id\":\"https:\/\/www.daisho.be\/es\/#website\",\"url\":\"https:\/\/www.daisho.be\/es\/\",\"name\":\"Daisho\",\"description\":\"Sp&eacute;cialiste de l'&eacute;quipement sportif d'arts martiaux\",\"publisher\":{\"@id\":\"https:\/\/www.daisho.be\/es\/#organization\"},\"potentialAction\":[{\"@type\":\"SearchAction\",\"target\":{\"@type\":\"EntryPoint\",\"urlTemplate\":\"https:\/\/www.daisho.be\/es\/?s={search_term_string}\"},\"query-input\":{\"@type\":\"PropertyValueSpecification\",\"valueRequired\":true,\"valueName\":\"search_term_string\"}}],\"inLanguage\":\"es\"},{\"@type\":\"Organization\",\"@id\":\"https:\/\/www.daisho.be\/es\/#organization\",\"name\":\"Daisho\",\"url\":\"https:\/\/www.daisho.be\/es\/\",\"logo\":{\"@type\":\"ImageObject\",\"inLanguage\":\"es\",\"@id\":\"https:\/\/www.daisho.be\/es\/#\/schema\/logo\/image\/\",\"url\":\"https:\/\/www.daisho.be\/wp-content\/uploads\/2019\/07\/color-nothing-horizontale4x-e1564486100247.png\",\"contentUrl\":\"https:\/\/www.daisho.be\/wp-content\/uploads\/2019\/07\/color-nothing-horizontale4x-e1564486100247.png\",\"width\":1547,\"height\":385,\"caption\":\"Daisho\"},\"image\":{\"@id\":\"https:\/\/www.daisho.be\/es\/#\/schema\/logo\/image\/\"}}]}<\/script>\n<!-- \/ Yoast SEO plugin. -->","yoast_head_json":{"title":"Pantal\u00f3n corto adidas Kick Boxing Azul &#8211; Daisho","description":"Los pantalones cortos de kickboxing Adidas est\u00e1n dise\u00f1ados para evacuar la humedad y optimizar la ventilaci\u00f3n. Encu\u00e9ntralos en www.daisho.be|Daisho","robots":{"index":"index","follow":"follow","max-snippet":"max-snippet:-1","max-image-preview":"max-image-preview:large","max-video-preview":"max-video-preview:-1"},"canonical":"https:\/\/www.daisho.be\/es\/produit\/pantalon-corto-adidas-kick-boxing-azul\/","og_locale":"es_ES","og_type":"article","og_title":"Pantal\u00f3n corto adidas Kick Boxing Azul &#8211; Daisho","og_description":"Los pantalones cortos de kickboxing Adidas est\u00e1n dise\u00f1ados para evacuar la humedad y optimizar la ventilaci\u00f3n. Encu\u00e9ntralos en www.daisho.be|Daisho","og_url":"https:\/\/www.daisho.be\/es\/produit\/pantalon-corto-adidas-kick-boxing-azul\/","og_site_name":"Daisho","article_modified_time":"2025-02-28T14:32:57+00:00","og_image":[{"width":295,"height":295,"url":"https:\/\/www.daisho.be\/wp-content\/uploads\/2022\/02\/image-348.jpg","type":"image\/jpeg"}],"twitter_card":"summary_large_image","schema":{"@context":"https:\/\/schema.org","@graph":[{"@type":"WebPage","@id":"https:\/\/www.daisho.be\/es\/produit\/pantalon-corto-adidas-kick-boxing-azul\/","url":"https:\/\/www.daisho.be\/es\/produit\/pantalon-corto-adidas-kick-boxing-azul\/","name":"Pantal\u00f3n corto adidas Kick Boxing Azul &#8211; Daisho","isPartOf":{"@id":"https:\/\/www.daisho.be\/es\/#website"},"primaryImageOfPage":{"@id":"https:\/\/www.daisho.be\/es\/produit\/pantalon-corto-adidas-kick-boxing-azul\/#primaryimage"},"image":{"@id":"https:\/\/www.daisho.be\/es\/produit\/pantalon-corto-adidas-kick-boxing-azul\/#primaryimage"},"thumbnailUrl":"https:\/\/www.daisho.be\/wp-content\/uploads\/2022\/02\/image-348.jpg","datePublished":"2022-02-15T14:39:06+00:00","dateModified":"2025-02-28T14:32:57+00:00","description":"Los pantalones cortos de kickboxing Adidas est\u00e1n dise\u00f1ados para evacuar la humedad y optimizar la ventilaci\u00f3n. Encu\u00e9ntralos en www.daisho.be|Daisho","breadcrumb":{"@id":"https:\/\/www.daisho.be\/es\/produit\/pantalon-corto-adidas-kick-boxing-azul\/#breadcrumb"},"inLanguage":"es","potentialAction":[{"@type":"ReadAction","target":["https:\/\/www.daisho.be\/es\/produit\/pantalon-corto-adidas-kick-boxing-azul\/"]}]},{"@type":"ImageObject","inLanguage":"es","@id":"https:\/\/www.daisho.be\/es\/produit\/pantalon-corto-adidas-kick-boxing-azul\/#primaryimage","url":"https:\/\/www.daisho.be\/wp-content\/uploads\/2022\/02\/image-348.jpg","contentUrl":"https:\/\/www.daisho.be\/wp-content\/uploads\/2022\/02\/image-348.jpg","width":295,"height":295,"caption":"Pantal\u00f3n corto adidas Kick Boxing Azul-1"},{"@type":"BreadcrumbList","@id":"https:\/\/www.daisho.be\/es\/produit\/pantalon-corto-adidas-kick-boxing-azul\/#breadcrumb","itemListElement":[{"@type":"ListItem","position":1,"name":"Accueil","item":"https:\/\/www.daisho.be\/es\/"},{"@type":"ListItem","position":2,"name":"Productos","item":"https:\/\/www.daisho.be\/es\/productos\/"},{"@type":"ListItem","position":3,"name":"ADIDAS COMBAT SPORTS","item":"https:\/\/www.daisho.be\/es\/categorie-produit\/adidas-combat-sports-es\/"},{"@type":"ListItem","position":4,"name":"Kick-Boxing","item":"https:\/\/www.daisho.be\/es\/categorie-produit\/adidas-combat-sports-es\/kick-boxing-es-2\/"},{"@type":"ListItem","position":5,"name":"Ropa Adidas Kickboxing","item":"https:\/\/www.daisho.be\/es\/categorie-produit\/adidas-combat-sports-es\/kick-boxing-es-2\/ropa-adidas-kickboxing\/"},{"@type":"ListItem","position":6,"name":"Pantal\u00f3n corto adidas Kick Boxing Azul"}]},{"@type":"WebSite","@id":"https:\/\/www.daisho.be\/es\/#website","url":"https:\/\/www.daisho.be\/es\/","name":"Daisho","description":"Sp&eacute;cialiste de l'&eacute;quipement sportif d'arts martiaux","publisher":{"@id":"https:\/\/www.daisho.be\/es\/#organization"},"potentialAction":[{"@type":"SearchAction","target":{"@type":"EntryPoint","urlTemplate":"https:\/\/www.daisho.be\/es\/?s={search_term_string}"},"query-input":{"@type":"PropertyValueSpecification","valueRequired":true,"valueName":"search_term_string"}}],"inLanguage":"es"},{"@type":"Organization","@id":"https:\/\/www.daisho.be\/es\/#organization","name":"Daisho","url":"https:\/\/www.daisho.be\/es\/","logo":{"@type":"ImageObject","inLanguage":"es","@id":"https:\/\/www.daisho.be\/es\/#\/schema\/logo\/image\/","url":"https:\/\/www.daisho.be\/wp-content\/uploads\/2019\/07\/color-nothing-horizontale4x-e1564486100247.png","contentUrl":"https:\/\/www.daisho.be\/wp-content\/uploads\/2019\/07\/color-nothing-horizontale4x-e1564486100247.png","width":1547,"height":385,"caption":"Daisho"},"image":{"@id":"https:\/\/www.daisho.be\/es\/#\/schema\/logo\/image\/"}}]}},"_links":{"self":[{"href":"https:\/\/www.daisho.be\/es\/wp-json\/wp\/v2\/product\/361130","targetHints":{"allow":["GET"]}}],"collection":[{"href":"https:\/\/www.daisho.be\/es\/wp-json\/wp\/v2\/product"}],"about":[{"href":"https:\/\/www.daisho.be\/es\/wp-json\/wp\/v2\/types\/product"}],"replies":[{"embeddable":true,"href":"https:\/\/www.daisho.be\/es\/wp-json\/wp\/v2\/comments?post=361130"}],"wp:featuredmedia":[{"embeddable":true,"href":"https:\/\/www.daisho.be\/es\/wp-json\/wp\/v2\/media\/332239"}],"wp:attachment":[{"href":"https:\/\/www.daisho.be\/es\/wp-json\/wp\/v2\/media?parent=361130"}],"wp:term":[{"taxonomy":"product_brand","embeddable":true,"href":"https:\/\/www.daisho.be\/es\/wp-json\/wp\/v2\/product_brand?post=361130"},{"taxonomy":"product_cat","embeddable":true,"href":"https:\/\/www.daisho.be\/es\/wp-json\/wp\/v2\/product_cat?post=361130"},{"taxonomy":"product_tag","embeddable":true,"href":"https:\/\/www.daisho.be\/es\/wp-json\/wp\/v2\/product_tag?post=361130"},{"taxonomy":"sport","embeddable":true,"href":"https:\/\/www.daisho.be\/es\/wp-json\/wp\/v2\/sport?post=361130"}],"curies":[{"name":"wp","href":"https:\/\/api.w.org\/{rel}","templated":true}]}}