{"id":361092,"date":"2022-02-06T13:02:57","date_gmt":"2022-02-06T12:02:57","guid":{"rendered":"https:\/\/www.daisho.be\/produit\/guantes-adidas-ultimate-mma-rosa-negro\/"},"modified":"2025-02-28T15:34:58","modified_gmt":"2025-02-28T14:34:58","slug":"guantes-adidas-ultimate-mma-rosa-negro","status":"publish","type":"product","link":"https:\/\/www.daisho.be\/es\/produit\/guantes-adidas-ultimate-mma-rosa-negro\/","title":{"rendered":"Guantes adidas Ultimate MMA Rosa\/Negro"},"content":{"rendered":"<p>Estos guantes de MMA est\u00e1n fabricados con piel de primera calidad.<br \/>\nEl cierre de velcro es de PU.<br \/>\nEl acolchado es de espuma EVA de 35 mm de grosor con gel que rebota bien.<br \/>\nEl interior est\u00e1 forrado con un material de secado r\u00e1pido que ofrece mayor comodidad y durabilidad.<br \/>\nEstos guantes de MMA son adecuados para MMA y sparring libre, as\u00ed como para entrenamiento con saco y almohadilla.<br \/>\nVentajas:<br \/>\n&#8211; Cierre de velcro<br \/>\n&#8211; Ajuste perfecto<br \/>\n&#8211; Tecnolog\u00eda Icomfort +<br \/>\n&#8211; Acolchado de 35 mm de grosor<\/p>\n","protected":false},"excerpt":{"rendered":"<p>Estos guantes de MMA est\u00e1n fabricados con piel de primera calidad. El cierre de velcro es de PU. El acolchado es de espuma EVA de 35 mm de grosor con gel que rebota bien. El interior est\u00e1 forrado con un material de secado r\u00e1pido que ofrece mayor comodidad y durabilidad. Estos guantes de MMA son [&hellip;]<\/p>\n","protected":false},"featured_media":331822,"comment_status":"open","ping_status":"closed","template":"","meta":{"inline_featured_image":false},"product_brand":[],"product_cat":[1595],"product_tag":[1560],"sport":[],"class_list":{"0":"post-361092","1":"product","2":"type-product","3":"status-publish","4":"has-post-thumbnail","6":"product_cat-almohadillas-adidas-para-mma","7":"product_tag-adidas-es","8":"pa_size-l","9":"pa_size-m","11":"first","12":"instock","13":"taxable","14":"shipping-taxable","15":"purchasable","16":"product-type-variable"},"yoast_head":"<!-- This site is optimized with the Yoast SEO plugin v27.2 - https:\/\/yoast.com\/product\/yoast-seo-wordpress\/ -->\n<title>Guantes adidas Ultimate MMA Rosa\/Negro &#8211; Daisho<\/title>\n<meta name=\"description\" content=\"Los guantes de MMA est\u00e1n dise\u00f1ados para sparring libre y entrenamiento con saco y almohadilla. C\u00f3mpralos en www.daisho.be|Daisho\" \/>\n<meta name=\"robots\" content=\"index, follow, max-snippet:-1, max-image-preview:large, max-video-preview:-1\" \/>\n<link rel=\"canonical\" href=\"https:\/\/www.daisho.be\/es\/produit\/guantes-adidas-ultimate-mma-rosa-negro\/\" \/>\n<meta property=\"og:locale\" content=\"es_ES\" \/>\n<meta property=\"og:type\" content=\"article\" \/>\n<meta property=\"og:title\" content=\"Guantes adidas Ultimate MMA Rosa\/Negro &#8211; Daisho\" \/>\n<meta property=\"og:description\" content=\"Los guantes de MMA est\u00e1n dise\u00f1ados para sparring libre y entrenamiento con saco y almohadilla. C\u00f3mpralos en www.daisho.be|Daisho\" \/>\n<meta property=\"og:url\" content=\"https:\/\/www.daisho.be\/es\/produit\/guantes-adidas-ultimate-mma-rosa-negro\/\" \/>\n<meta property=\"og:site_name\" content=\"Daisho\" \/>\n<meta property=\"article:modified_time\" content=\"2025-02-28T14:34:58+00:00\" \/>\n<meta property=\"og:image\" content=\"https:\/\/www.daisho.be\/wp-content\/uploads\/2022\/02\/image-209.jpg\" \/>\n\t<meta property=\"og:image:width\" content=\"650\" \/>\n\t<meta property=\"og:image:height\" content=\"650\" \/>\n\t<meta property=\"og:image:type\" content=\"image\/jpeg\" \/>\n<meta name=\"twitter:card\" content=\"summary_large_image\" \/>\n<script type=\"application\/ld+json\" class=\"yoast-schema-graph\">{\"@context\":\"https:\/\/schema.org\",\"@graph\":[{\"@type\":\"WebPage\",\"@id\":\"https:\/\/www.daisho.be\/es\/produit\/guantes-adidas-ultimate-mma-rosa-negro\/\",\"url\":\"https:\/\/www.daisho.be\/es\/produit\/guantes-adidas-ultimate-mma-rosa-negro\/\",\"name\":\"Guantes adidas Ultimate MMA Rosa\/Negro &#8211; Daisho\",\"isPartOf\":{\"@id\":\"https:\/\/www.daisho.be\/es\/#website\"},\"primaryImageOfPage\":{\"@id\":\"https:\/\/www.daisho.be\/es\/produit\/guantes-adidas-ultimate-mma-rosa-negro\/#primaryimage\"},\"image\":{\"@id\":\"https:\/\/www.daisho.be\/es\/produit\/guantes-adidas-ultimate-mma-rosa-negro\/#primaryimage\"},\"thumbnailUrl\":\"https:\/\/www.daisho.be\/wp-content\/uploads\/2022\/02\/image-209.jpg\",\"datePublished\":\"2022-02-06T12:02:57+00:00\",\"dateModified\":\"2025-02-28T14:34:58+00:00\",\"description\":\"Los guantes de MMA est\u00e1n dise\u00f1ados para sparring libre y entrenamiento con saco y almohadilla. C\u00f3mpralos en www.daisho.be|Daisho\",\"breadcrumb\":{\"@id\":\"https:\/\/www.daisho.be\/es\/produit\/guantes-adidas-ultimate-mma-rosa-negro\/#breadcrumb\"},\"inLanguage\":\"es\",\"potentialAction\":[{\"@type\":\"ReadAction\",\"target\":[\"https:\/\/www.daisho.be\/es\/produit\/guantes-adidas-ultimate-mma-rosa-negro\/\"]}]},{\"@type\":\"ImageObject\",\"inLanguage\":\"es\",\"@id\":\"https:\/\/www.daisho.be\/es\/produit\/guantes-adidas-ultimate-mma-rosa-negro\/#primaryimage\",\"url\":\"https:\/\/www.daisho.be\/wp-content\/uploads\/2022\/02\/image-209.jpg\",\"contentUrl\":\"https:\/\/www.daisho.be\/wp-content\/uploads\/2022\/02\/image-209.jpg\",\"width\":650,\"height\":650,\"caption\":\"Guantes adidas Ultimate MMA Rosa\/Negro-1\"},{\"@type\":\"BreadcrumbList\",\"@id\":\"https:\/\/www.daisho.be\/es\/produit\/guantes-adidas-ultimate-mma-rosa-negro\/#breadcrumb\",\"itemListElement\":[{\"@type\":\"ListItem\",\"position\":1,\"name\":\"Accueil\",\"item\":\"https:\/\/www.daisho.be\/es\/\"},{\"@type\":\"ListItem\",\"position\":2,\"name\":\"Productos\",\"item\":\"https:\/\/www.daisho.be\/es\/productos\/\"},{\"@type\":\"ListItem\",\"position\":3,\"name\":\"ADIDAS COMBAT SPORTS\",\"item\":\"https:\/\/www.daisho.be\/es\/categorie-produit\/adidas-combat-sports-es\/\"},{\"@type\":\"ListItem\",\"position\":4,\"name\":\"MMA\",\"item\":\"https:\/\/www.daisho.be\/es\/categorie-produit\/adidas-combat-sports-es\/mma-es-2\/\"},{\"@type\":\"ListItem\",\"position\":5,\"name\":\"Almohadillas Adidas para MMA\",\"item\":\"https:\/\/www.daisho.be\/es\/categorie-produit\/adidas-combat-sports-es\/mma-es-2\/almohadillas-adidas-para-mma\/\"},{\"@type\":\"ListItem\",\"position\":6,\"name\":\"Guantes adidas Ultimate MMA Rosa\/Negro\"}]},{\"@type\":\"WebSite\",\"@id\":\"https:\/\/www.daisho.be\/es\/#website\",\"url\":\"https:\/\/www.daisho.be\/es\/\",\"name\":\"Daisho\",\"description\":\"Sp&eacute;cialiste de l'&eacute;quipement sportif d'arts martiaux\",\"publisher\":{\"@id\":\"https:\/\/www.daisho.be\/es\/#organization\"},\"potentialAction\":[{\"@type\":\"SearchAction\",\"target\":{\"@type\":\"EntryPoint\",\"urlTemplate\":\"https:\/\/www.daisho.be\/es\/?s={search_term_string}\"},\"query-input\":{\"@type\":\"PropertyValueSpecification\",\"valueRequired\":true,\"valueName\":\"search_term_string\"}}],\"inLanguage\":\"es\"},{\"@type\":\"Organization\",\"@id\":\"https:\/\/www.daisho.be\/es\/#organization\",\"name\":\"Daisho\",\"url\":\"https:\/\/www.daisho.be\/es\/\",\"logo\":{\"@type\":\"ImageObject\",\"inLanguage\":\"es\",\"@id\":\"https:\/\/www.daisho.be\/es\/#\/schema\/logo\/image\/\",\"url\":\"https:\/\/www.daisho.be\/wp-content\/uploads\/2019\/07\/color-nothing-horizontale4x-e1564486100247.png\",\"contentUrl\":\"https:\/\/www.daisho.be\/wp-content\/uploads\/2019\/07\/color-nothing-horizontale4x-e1564486100247.png\",\"width\":1547,\"height\":385,\"caption\":\"Daisho\"},\"image\":{\"@id\":\"https:\/\/www.daisho.be\/es\/#\/schema\/logo\/image\/\"}}]}<\/script>\n<!-- \/ Yoast SEO plugin. -->","yoast_head_json":{"title":"Guantes adidas Ultimate MMA Rosa\/Negro &#8211; Daisho","description":"Los guantes de MMA est\u00e1n dise\u00f1ados para sparring libre y entrenamiento con saco y almohadilla. C\u00f3mpralos en www.daisho.be|Daisho","robots":{"index":"index","follow":"follow","max-snippet":"max-snippet:-1","max-image-preview":"max-image-preview:large","max-video-preview":"max-video-preview:-1"},"canonical":"https:\/\/www.daisho.be\/es\/produit\/guantes-adidas-ultimate-mma-rosa-negro\/","og_locale":"es_ES","og_type":"article","og_title":"Guantes adidas Ultimate MMA Rosa\/Negro &#8211; Daisho","og_description":"Los guantes de MMA est\u00e1n dise\u00f1ados para sparring libre y entrenamiento con saco y almohadilla. C\u00f3mpralos en www.daisho.be|Daisho","og_url":"https:\/\/www.daisho.be\/es\/produit\/guantes-adidas-ultimate-mma-rosa-negro\/","og_site_name":"Daisho","article_modified_time":"2025-02-28T14:34:58+00:00","og_image":[{"width":650,"height":650,"url":"https:\/\/www.daisho.be\/wp-content\/uploads\/2022\/02\/image-209.jpg","type":"image\/jpeg"}],"twitter_card":"summary_large_image","schema":{"@context":"https:\/\/schema.org","@graph":[{"@type":"WebPage","@id":"https:\/\/www.daisho.be\/es\/produit\/guantes-adidas-ultimate-mma-rosa-negro\/","url":"https:\/\/www.daisho.be\/es\/produit\/guantes-adidas-ultimate-mma-rosa-negro\/","name":"Guantes adidas Ultimate MMA Rosa\/Negro &#8211; Daisho","isPartOf":{"@id":"https:\/\/www.daisho.be\/es\/#website"},"primaryImageOfPage":{"@id":"https:\/\/www.daisho.be\/es\/produit\/guantes-adidas-ultimate-mma-rosa-negro\/#primaryimage"},"image":{"@id":"https:\/\/www.daisho.be\/es\/produit\/guantes-adidas-ultimate-mma-rosa-negro\/#primaryimage"},"thumbnailUrl":"https:\/\/www.daisho.be\/wp-content\/uploads\/2022\/02\/image-209.jpg","datePublished":"2022-02-06T12:02:57+00:00","dateModified":"2025-02-28T14:34:58+00:00","description":"Los guantes de MMA est\u00e1n dise\u00f1ados para sparring libre y entrenamiento con saco y almohadilla. C\u00f3mpralos en www.daisho.be|Daisho","breadcrumb":{"@id":"https:\/\/www.daisho.be\/es\/produit\/guantes-adidas-ultimate-mma-rosa-negro\/#breadcrumb"},"inLanguage":"es","potentialAction":[{"@type":"ReadAction","target":["https:\/\/www.daisho.be\/es\/produit\/guantes-adidas-ultimate-mma-rosa-negro\/"]}]},{"@type":"ImageObject","inLanguage":"es","@id":"https:\/\/www.daisho.be\/es\/produit\/guantes-adidas-ultimate-mma-rosa-negro\/#primaryimage","url":"https:\/\/www.daisho.be\/wp-content\/uploads\/2022\/02\/image-209.jpg","contentUrl":"https:\/\/www.daisho.be\/wp-content\/uploads\/2022\/02\/image-209.jpg","width":650,"height":650,"caption":"Guantes adidas Ultimate MMA Rosa\/Negro-1"},{"@type":"BreadcrumbList","@id":"https:\/\/www.daisho.be\/es\/produit\/guantes-adidas-ultimate-mma-rosa-negro\/#breadcrumb","itemListElement":[{"@type":"ListItem","position":1,"name":"Accueil","item":"https:\/\/www.daisho.be\/es\/"},{"@type":"ListItem","position":2,"name":"Productos","item":"https:\/\/www.daisho.be\/es\/productos\/"},{"@type":"ListItem","position":3,"name":"ADIDAS COMBAT SPORTS","item":"https:\/\/www.daisho.be\/es\/categorie-produit\/adidas-combat-sports-es\/"},{"@type":"ListItem","position":4,"name":"MMA","item":"https:\/\/www.daisho.be\/es\/categorie-produit\/adidas-combat-sports-es\/mma-es-2\/"},{"@type":"ListItem","position":5,"name":"Almohadillas Adidas para MMA","item":"https:\/\/www.daisho.be\/es\/categorie-produit\/adidas-combat-sports-es\/mma-es-2\/almohadillas-adidas-para-mma\/"},{"@type":"ListItem","position":6,"name":"Guantes adidas Ultimate MMA Rosa\/Negro"}]},{"@type":"WebSite","@id":"https:\/\/www.daisho.be\/es\/#website","url":"https:\/\/www.daisho.be\/es\/","name":"Daisho","description":"Sp&eacute;cialiste de l'&eacute;quipement sportif d'arts martiaux","publisher":{"@id":"https:\/\/www.daisho.be\/es\/#organization"},"potentialAction":[{"@type":"SearchAction","target":{"@type":"EntryPoint","urlTemplate":"https:\/\/www.daisho.be\/es\/?s={search_term_string}"},"query-input":{"@type":"PropertyValueSpecification","valueRequired":true,"valueName":"search_term_string"}}],"inLanguage":"es"},{"@type":"Organization","@id":"https:\/\/www.daisho.be\/es\/#organization","name":"Daisho","url":"https:\/\/www.daisho.be\/es\/","logo":{"@type":"ImageObject","inLanguage":"es","@id":"https:\/\/www.daisho.be\/es\/#\/schema\/logo\/image\/","url":"https:\/\/www.daisho.be\/wp-content\/uploads\/2019\/07\/color-nothing-horizontale4x-e1564486100247.png","contentUrl":"https:\/\/www.daisho.be\/wp-content\/uploads\/2019\/07\/color-nothing-horizontale4x-e1564486100247.png","width":1547,"height":385,"caption":"Daisho"},"image":{"@id":"https:\/\/www.daisho.be\/es\/#\/schema\/logo\/image\/"}}]}},"_links":{"self":[{"href":"https:\/\/www.daisho.be\/es\/wp-json\/wp\/v2\/product\/361092","targetHints":{"allow":["GET"]}}],"collection":[{"href":"https:\/\/www.daisho.be\/es\/wp-json\/wp\/v2\/product"}],"about":[{"href":"https:\/\/www.daisho.be\/es\/wp-json\/wp\/v2\/types\/product"}],"replies":[{"embeddable":true,"href":"https:\/\/www.daisho.be\/es\/wp-json\/wp\/v2\/comments?post=361092"}],"wp:featuredmedia":[{"embeddable":true,"href":"https:\/\/www.daisho.be\/es\/wp-json\/wp\/v2\/media\/331822"}],"wp:attachment":[{"href":"https:\/\/www.daisho.be\/es\/wp-json\/wp\/v2\/media?parent=361092"}],"wp:term":[{"taxonomy":"product_brand","embeddable":true,"href":"https:\/\/www.daisho.be\/es\/wp-json\/wp\/v2\/product_brand?post=361092"},{"taxonomy":"product_cat","embeddable":true,"href":"https:\/\/www.daisho.be\/es\/wp-json\/wp\/v2\/product_cat?post=361092"},{"taxonomy":"product_tag","embeddable":true,"href":"https:\/\/www.daisho.be\/es\/wp-json\/wp\/v2\/product_tag?post=361092"},{"taxonomy":"sport","embeddable":true,"href":"https:\/\/www.daisho.be\/es\/wp-json\/wp\/v2\/sport?post=361092"}],"curies":[{"name":"wp","href":"https:\/\/api.w.org\/{rel}","templated":true}]}}