{"id":360955,"date":"2024-01-13T12:14:43","date_gmt":"2024-01-13T11:14:43","guid":{"rendered":"https:\/\/www.daisho.be\/produit\/espejo-fijo-figaro-marco-negro-2\/"},"modified":"2026-03-31T10:41:18","modified_gmt":"2026-03-31T08:41:18","slug":"espejo-fijo-figaro-marco-negro-2","status":"publish","type":"product","link":"https:\/\/www.daisho.be\/es\/produit\/espejo-fijo-figaro-marco-negro-2\/","title":{"rendered":"Espejo fijo Figaro &#8211; Marco negro 200&#215;100 cm"},"content":{"rendered":"<p>El Figaro es un espejo para profesionales de las artes esc\u00e9nicas y el deporte. Ofrece un reflejo perfecto, sin distorsiones a cualquier distancia, para que bailarines, m\u00fasicos o deportistas puedan trabajar su t\u00e9cnica con precisi\u00f3n. Se ha dise\u00f1ado para que se puedan ensamblar tantas unidades como sea necesario para crear un espacio continuo con sensaci\u00f3n de amplitud y elegancia. El Figaro es un espejo de alta seguridad gracias a su sistema de fijaci\u00f3n mural y a la l\u00e1mina antirrotura que impide que se desprendan fragmentos en caso de impacto violento.<br \/>\nUna herramienta de trabajo imprescindible.<br \/>\nPara mejorar tu t\u00e9cnica en cualquier disciplina art\u00edstica o deportiva, es imprescindible un espejo de alta precisi\u00f3n. El cristal de 4 mil\u00edmetros de grosor del espejo profesional Figaro es de la m\u00e1xima calidad. Permite que varios alumnos a distintas distancias se vean sin distorsi\u00f3n y trabajen con precisi\u00f3n. Los soportes de acero galvanizado garantizan una fijaci\u00f3n segura del espejo a la pared y una superficie plana y sin inclinaciones. Los marcos de aluminio protegen el espejo y permiten conectar las distintas unidades de forma segura y sin desviaciones.<br \/>\nDimensiones y colores para crear el estudio perfecto.<br \/>\nEl espejo es un elemento esencial en cualquier habitaci\u00f3n y hemos dise\u00f1ado el Figaro en distintas dimensiones y con marco negro y plateado para que se adapte al tama\u00f1o y estilo de tu estudio. Est\u00e1 disponible en 3 tama\u00f1os, el cl\u00e1sico de 2&#215;1 m y modelos m\u00e1s peque\u00f1os aptos para ni\u00f1os.<br \/>\nM\u00e1xima seguridad para la tranquilidad de todos.<br \/>\nEl grosor del espejo, la protecci\u00f3n de los marcos de aluminio y el sistema de fijaci\u00f3n hacen que el Figaro sea extremadamente robusto y muy resistente a la rotura. Sin embargo, en caso de impacto violento contra el espejo, \u00e9ste podr\u00eda romperse. Por eso aplicamos una pel\u00edcula protectora de seguridad para evitar que se desprendan fragmentos de cristal y golpeen a alguien. Los soportes de pared est\u00e1n dise\u00f1ados para que el espejo pueda colgarse utilizando las muescas del marco. El peso se distribuye por toda la superficie y el hecho de que se apoye completamente en la pared garantiza una estabilidad perfecta. El acero galvanizado del soporte evita la oxidaci\u00f3n. Figaro cumple las normas europeas de seguridad y rendimiento EN-6060.<br \/>\nLa flexibilidad de un espejo fijo \u00fanico.<br \/>\nLos dos peque\u00f1os soportes de acero galvanizado antioxidante se fijan a la pared mediante dos tornillos. El marco de aluminio, que rodea todo el espejo, tiene dos muescas para colgar el espejo. Este sistema proporciona seguridad y flexibilidad, porque si alguna vez necesitas instalar los espejos en otra habitaci\u00f3n, puedes moverlos f\u00e1cilmente. Una vez colgado en los soportes, el espejo queda completamente plano en la pared. Este sistema distribuye el peso por toda la superficie y garantiza una alineaci\u00f3n perfecta y una estabilidad total de toda la instalaci\u00f3n, sea cual sea el n\u00famero de espejos. Puedes combinar el Figaro con nuestras barras de suelo para optimizar el espacio y crear tu estudio de danza ideal.                   <\/p>\n","protected":false},"excerpt":{"rendered":"<p>El Figaro es un espejo para profesionales de las artes esc\u00e9nicas y el deporte. Ofrece un reflejo perfecto, sin distorsiones a cualquier distancia, para que bailarines, m\u00fasicos o deportistas puedan trabajar su t\u00e9cnica con precisi\u00f3n. Se ha dise\u00f1ado para que se puedan ensamblar tantas unidades como sea necesario para crear un espacio continuo con sensaci\u00f3n [&hellip;]<\/p>\n","protected":false},"featured_media":340848,"comment_status":"open","ping_status":"closed","template":"","meta":{"inline_featured_image":false},"product_brand":[],"product_cat":[1798,1301],"product_tag":[1797],"sport":[],"class_list":{"0":"post-360955","1":"product","2":"type-product","3":"status-publish","4":"has-post-thumbnail","6":"product_cat-espejos","7":"product_cat-material-de-entrenamiento-de-karate","8":"product_tag-ballet-dinamico","9":"product_shipping_class-productos-voluminosos","10":"pa_size-200x100-cms","12":"first","13":"instock","14":"taxable","15":"shipping-taxable","16":"purchasable","17":"product-type-variable"},"yoast_head":"<!-- This site is optimized with the Yoast SEO plugin v27.2 - https:\/\/yoast.com\/product\/yoast-seo-wordpress\/ -->\n<title>Espejo fijo Figaro - Marco negro 200x100 cm &#8211; Daisho<\/title>\n<meta name=\"description\" content=\"Espejo de pared, reflejo perfecto sin distorsi\u00f3n, alta seguridad antirrotura, modular e ideal para danza y deporte. Encu\u00e9ntralo en www.daisho.be | Daisho\" \/>\n<meta name=\"robots\" content=\"index, follow, max-snippet:-1, max-image-preview:large, max-video-preview:-1\" \/>\n<link rel=\"canonical\" href=\"https:\/\/www.daisho.be\/es\/produit\/espejo-fijo-figaro-marco-negro-2\/\" \/>\n<meta property=\"og:locale\" content=\"es_ES\" \/>\n<meta property=\"og:type\" content=\"article\" \/>\n<meta property=\"og:title\" content=\"Espejo fijo Figaro - Marco negro 200x100 cm &#8211; Daisho\" \/>\n<meta property=\"og:description\" content=\"Espejo de pared, reflejo perfecto sin distorsi\u00f3n, alta seguridad antirrotura, modular e ideal para danza y deporte. Encu\u00e9ntralo en www.daisho.be | Daisho\" \/>\n<meta property=\"og:url\" content=\"https:\/\/www.daisho.be\/es\/produit\/espejo-fijo-figaro-marco-negro-2\/\" \/>\n<meta property=\"og:site_name\" content=\"Daisho\" \/>\n<meta property=\"article:modified_time\" content=\"2026-03-31T08:41:18+00:00\" \/>\n<meta property=\"og:image\" content=\"https:\/\/www.daisho.be\/wp-content\/uploads\/2024\/01\/image-215.jpg\" \/>\n\t<meta property=\"og:image:width\" content=\"801\" \/>\n\t<meta property=\"og:image:height\" content=\"1200\" \/>\n\t<meta property=\"og:image:type\" content=\"image\/jpeg\" \/>\n<meta name=\"twitter:card\" content=\"summary_large_image\" \/>\n<meta name=\"twitter:label1\" content=\"Tiempo de lectura\" \/>\n\t<meta name=\"twitter:data1\" content=\"3 minutos\" \/>\n<script type=\"application\/ld+json\" class=\"yoast-schema-graph\">{\"@context\":\"https:\/\/schema.org\",\"@graph\":[{\"@type\":\"WebPage\",\"@id\":\"https:\/\/www.daisho.be\/es\/produit\/espejo-fijo-figaro-marco-negro-2\/\",\"url\":\"https:\/\/www.daisho.be\/es\/produit\/espejo-fijo-figaro-marco-negro-2\/\",\"name\":\"Espejo fijo Figaro - Marco negro 200x100 cm &#8211; Daisho\",\"isPartOf\":{\"@id\":\"https:\/\/www.daisho.be\/es\/#website\"},\"primaryImageOfPage\":{\"@id\":\"https:\/\/www.daisho.be\/es\/produit\/espejo-fijo-figaro-marco-negro-2\/#primaryimage\"},\"image\":{\"@id\":\"https:\/\/www.daisho.be\/es\/produit\/espejo-fijo-figaro-marco-negro-2\/#primaryimage\"},\"thumbnailUrl\":\"https:\/\/www.daisho.be\/wp-content\/uploads\/2024\/01\/image-215.jpg\",\"datePublished\":\"2024-01-13T11:14:43+00:00\",\"dateModified\":\"2026-03-31T08:41:18+00:00\",\"description\":\"Espejo de pared, reflejo perfecto sin distorsi\u00f3n, alta seguridad antirrotura, modular e ideal para danza y deporte. Encu\u00e9ntralo en www.daisho.be | Daisho\",\"breadcrumb\":{\"@id\":\"https:\/\/www.daisho.be\/es\/produit\/espejo-fijo-figaro-marco-negro-2\/#breadcrumb\"},\"inLanguage\":\"es\",\"potentialAction\":[{\"@type\":\"ReadAction\",\"target\":[\"https:\/\/www.daisho.be\/es\/produit\/espejo-fijo-figaro-marco-negro-2\/\"]}]},{\"@type\":\"ImageObject\",\"inLanguage\":\"es\",\"@id\":\"https:\/\/www.daisho.be\/es\/produit\/espejo-fijo-figaro-marco-negro-2\/#primaryimage\",\"url\":\"https:\/\/www.daisho.be\/wp-content\/uploads\/2024\/01\/image-215.jpg\",\"contentUrl\":\"https:\/\/www.daisho.be\/wp-content\/uploads\/2024\/01\/image-215.jpg\",\"width\":801,\"height\":1200,\"caption\":\"Espejo fijo Figaro - Marco negro 200x100 cm-1\"},{\"@type\":\"BreadcrumbList\",\"@id\":\"https:\/\/www.daisho.be\/es\/produit\/espejo-fijo-figaro-marco-negro-2\/#breadcrumb\",\"itemListElement\":[{\"@type\":\"ListItem\",\"position\":1,\"name\":\"Accueil\",\"item\":\"https:\/\/www.daisho.be\/es\/\"},{\"@type\":\"ListItem\",\"position\":2,\"name\":\"Productos\",\"item\":\"https:\/\/www.daisho.be\/es\/productos\/\"},{\"@type\":\"ListItem\",\"position\":3,\"name\":\"Equipamiento y ropa para artes marciales y deportes de combate\",\"item\":\"https:\/\/www.daisho.be\/es\/categorie-produit\/equipamiento-y-ropa-para-artes-marciales-y-deportes-de-combate\/\"},{\"@type\":\"ListItem\",\"position\":4,\"name\":\"Karate\",\"item\":\"https:\/\/www.daisho.be\/es\/categorie-produit\/equipamiento-y-ropa-para-artes-marciales-y-deportes-de-combate\/karate-es-2\/\"},{\"@type\":\"ListItem\",\"position\":5,\"name\":\"Material de entrenamiento de k\u00e1rate\",\"item\":\"https:\/\/www.daisho.be\/es\/categorie-produit\/equipamiento-y-ropa-para-artes-marciales-y-deportes-de-combate\/karate-es-2\/material-de-entrenamiento-de-karate\/\"},{\"@type\":\"ListItem\",\"position\":6,\"name\":\"Espejo fijo Figaro &#8211; Marco negro 200&#215;100 cm\"}]},{\"@type\":\"WebSite\",\"@id\":\"https:\/\/www.daisho.be\/es\/#website\",\"url\":\"https:\/\/www.daisho.be\/es\/\",\"name\":\"Daisho\",\"description\":\"Sp&eacute;cialiste de l'&eacute;quipement sportif d'arts martiaux\",\"publisher\":{\"@id\":\"https:\/\/www.daisho.be\/es\/#organization\"},\"potentialAction\":[{\"@type\":\"SearchAction\",\"target\":{\"@type\":\"EntryPoint\",\"urlTemplate\":\"https:\/\/www.daisho.be\/es\/?s={search_term_string}\"},\"query-input\":{\"@type\":\"PropertyValueSpecification\",\"valueRequired\":true,\"valueName\":\"search_term_string\"}}],\"inLanguage\":\"es\"},{\"@type\":\"Organization\",\"@id\":\"https:\/\/www.daisho.be\/es\/#organization\",\"name\":\"Daisho\",\"url\":\"https:\/\/www.daisho.be\/es\/\",\"logo\":{\"@type\":\"ImageObject\",\"inLanguage\":\"es\",\"@id\":\"https:\/\/www.daisho.be\/es\/#\/schema\/logo\/image\/\",\"url\":\"https:\/\/www.daisho.be\/wp-content\/uploads\/2019\/07\/color-nothing-horizontale4x-e1564486100247.png\",\"contentUrl\":\"https:\/\/www.daisho.be\/wp-content\/uploads\/2019\/07\/color-nothing-horizontale4x-e1564486100247.png\",\"width\":1547,\"height\":385,\"caption\":\"Daisho\"},\"image\":{\"@id\":\"https:\/\/www.daisho.be\/es\/#\/schema\/logo\/image\/\"}}]}<\/script>\n<!-- \/ Yoast SEO plugin. -->","yoast_head_json":{"title":"Espejo fijo Figaro - Marco negro 200x100 cm &#8211; Daisho","description":"Espejo de pared, reflejo perfecto sin distorsi\u00f3n, alta seguridad antirrotura, modular e ideal para danza y deporte. Encu\u00e9ntralo en www.daisho.be | Daisho","robots":{"index":"index","follow":"follow","max-snippet":"max-snippet:-1","max-image-preview":"max-image-preview:large","max-video-preview":"max-video-preview:-1"},"canonical":"https:\/\/www.daisho.be\/es\/produit\/espejo-fijo-figaro-marco-negro-2\/","og_locale":"es_ES","og_type":"article","og_title":"Espejo fijo Figaro - Marco negro 200x100 cm &#8211; Daisho","og_description":"Espejo de pared, reflejo perfecto sin distorsi\u00f3n, alta seguridad antirrotura, modular e ideal para danza y deporte. Encu\u00e9ntralo en www.daisho.be | Daisho","og_url":"https:\/\/www.daisho.be\/es\/produit\/espejo-fijo-figaro-marco-negro-2\/","og_site_name":"Daisho","article_modified_time":"2026-03-31T08:41:18+00:00","og_image":[{"width":801,"height":1200,"url":"https:\/\/www.daisho.be\/wp-content\/uploads\/2024\/01\/image-215.jpg","type":"image\/jpeg"}],"twitter_card":"summary_large_image","twitter_misc":{"Tiempo de lectura":"3 minutos"},"schema":{"@context":"https:\/\/schema.org","@graph":[{"@type":"WebPage","@id":"https:\/\/www.daisho.be\/es\/produit\/espejo-fijo-figaro-marco-negro-2\/","url":"https:\/\/www.daisho.be\/es\/produit\/espejo-fijo-figaro-marco-negro-2\/","name":"Espejo fijo Figaro - Marco negro 200x100 cm &#8211; Daisho","isPartOf":{"@id":"https:\/\/www.daisho.be\/es\/#website"},"primaryImageOfPage":{"@id":"https:\/\/www.daisho.be\/es\/produit\/espejo-fijo-figaro-marco-negro-2\/#primaryimage"},"image":{"@id":"https:\/\/www.daisho.be\/es\/produit\/espejo-fijo-figaro-marco-negro-2\/#primaryimage"},"thumbnailUrl":"https:\/\/www.daisho.be\/wp-content\/uploads\/2024\/01\/image-215.jpg","datePublished":"2024-01-13T11:14:43+00:00","dateModified":"2026-03-31T08:41:18+00:00","description":"Espejo de pared, reflejo perfecto sin distorsi\u00f3n, alta seguridad antirrotura, modular e ideal para danza y deporte. Encu\u00e9ntralo en www.daisho.be | Daisho","breadcrumb":{"@id":"https:\/\/www.daisho.be\/es\/produit\/espejo-fijo-figaro-marco-negro-2\/#breadcrumb"},"inLanguage":"es","potentialAction":[{"@type":"ReadAction","target":["https:\/\/www.daisho.be\/es\/produit\/espejo-fijo-figaro-marco-negro-2\/"]}]},{"@type":"ImageObject","inLanguage":"es","@id":"https:\/\/www.daisho.be\/es\/produit\/espejo-fijo-figaro-marco-negro-2\/#primaryimage","url":"https:\/\/www.daisho.be\/wp-content\/uploads\/2024\/01\/image-215.jpg","contentUrl":"https:\/\/www.daisho.be\/wp-content\/uploads\/2024\/01\/image-215.jpg","width":801,"height":1200,"caption":"Espejo fijo Figaro - Marco negro 200x100 cm-1"},{"@type":"BreadcrumbList","@id":"https:\/\/www.daisho.be\/es\/produit\/espejo-fijo-figaro-marco-negro-2\/#breadcrumb","itemListElement":[{"@type":"ListItem","position":1,"name":"Accueil","item":"https:\/\/www.daisho.be\/es\/"},{"@type":"ListItem","position":2,"name":"Productos","item":"https:\/\/www.daisho.be\/es\/productos\/"},{"@type":"ListItem","position":3,"name":"Equipamiento y ropa para artes marciales y deportes de combate","item":"https:\/\/www.daisho.be\/es\/categorie-produit\/equipamiento-y-ropa-para-artes-marciales-y-deportes-de-combate\/"},{"@type":"ListItem","position":4,"name":"Karate","item":"https:\/\/www.daisho.be\/es\/categorie-produit\/equipamiento-y-ropa-para-artes-marciales-y-deportes-de-combate\/karate-es-2\/"},{"@type":"ListItem","position":5,"name":"Material de entrenamiento de k\u00e1rate","item":"https:\/\/www.daisho.be\/es\/categorie-produit\/equipamiento-y-ropa-para-artes-marciales-y-deportes-de-combate\/karate-es-2\/material-de-entrenamiento-de-karate\/"},{"@type":"ListItem","position":6,"name":"Espejo fijo Figaro &#8211; Marco negro 200&#215;100 cm"}]},{"@type":"WebSite","@id":"https:\/\/www.daisho.be\/es\/#website","url":"https:\/\/www.daisho.be\/es\/","name":"Daisho","description":"Sp&eacute;cialiste de l'&eacute;quipement sportif d'arts martiaux","publisher":{"@id":"https:\/\/www.daisho.be\/es\/#organization"},"potentialAction":[{"@type":"SearchAction","target":{"@type":"EntryPoint","urlTemplate":"https:\/\/www.daisho.be\/es\/?s={search_term_string}"},"query-input":{"@type":"PropertyValueSpecification","valueRequired":true,"valueName":"search_term_string"}}],"inLanguage":"es"},{"@type":"Organization","@id":"https:\/\/www.daisho.be\/es\/#organization","name":"Daisho","url":"https:\/\/www.daisho.be\/es\/","logo":{"@type":"ImageObject","inLanguage":"es","@id":"https:\/\/www.daisho.be\/es\/#\/schema\/logo\/image\/","url":"https:\/\/www.daisho.be\/wp-content\/uploads\/2019\/07\/color-nothing-horizontale4x-e1564486100247.png","contentUrl":"https:\/\/www.daisho.be\/wp-content\/uploads\/2019\/07\/color-nothing-horizontale4x-e1564486100247.png","width":1547,"height":385,"caption":"Daisho"},"image":{"@id":"https:\/\/www.daisho.be\/es\/#\/schema\/logo\/image\/"}}]}},"_links":{"self":[{"href":"https:\/\/www.daisho.be\/es\/wp-json\/wp\/v2\/product\/360955","targetHints":{"allow":["GET"]}}],"collection":[{"href":"https:\/\/www.daisho.be\/es\/wp-json\/wp\/v2\/product"}],"about":[{"href":"https:\/\/www.daisho.be\/es\/wp-json\/wp\/v2\/types\/product"}],"replies":[{"embeddable":true,"href":"https:\/\/www.daisho.be\/es\/wp-json\/wp\/v2\/comments?post=360955"}],"wp:featuredmedia":[{"embeddable":true,"href":"https:\/\/www.daisho.be\/es\/wp-json\/wp\/v2\/media\/340848"}],"wp:attachment":[{"href":"https:\/\/www.daisho.be\/es\/wp-json\/wp\/v2\/media?parent=360955"}],"wp:term":[{"taxonomy":"product_brand","embeddable":true,"href":"https:\/\/www.daisho.be\/es\/wp-json\/wp\/v2\/product_brand?post=360955"},{"taxonomy":"product_cat","embeddable":true,"href":"https:\/\/www.daisho.be\/es\/wp-json\/wp\/v2\/product_cat?post=360955"},{"taxonomy":"product_tag","embeddable":true,"href":"https:\/\/www.daisho.be\/es\/wp-json\/wp\/v2\/product_tag?post=360955"},{"taxonomy":"sport","embeddable":true,"href":"https:\/\/www.daisho.be\/es\/wp-json\/wp\/v2\/sport?post=360955"}],"curies":[{"name":"wp","href":"https:\/\/api.w.org\/{rel}","templated":true}]}}