{"id":360943,"date":"2024-01-13T12:13:47","date_gmt":"2024-01-13T11:13:47","guid":{"rendered":"https:\/\/www.daisho.be\/produit\/espejo-fijo-boris-marco-plateado-serigrafia\/"},"modified":"2026-03-26T16:40:30","modified_gmt":"2026-03-26T15:40:30","slug":"espejo-fijo-boris-marco-plateado-serigrafia","status":"publish","type":"product","link":"https:\/\/www.daisho.be\/es\/produit\/espejo-fijo-boris-marco-plateado-serigrafia\/","title":{"rendered":"Espejo fijo Boris &#8211; Marco plateado + serigraf\u00eda"},"content":{"rendered":"<p>El Boris es un espejo de pared serigrafiado dise\u00c3\u00b1ado para profesionales que buscan precisi\u00c3\u00b3n t\u00c3\u00a9cnica. Ayuda a core\u00f3grafos, m\u00fasicos, deportistas y profesionales de la rehabilitaci\u00f3n a mejorar los movimientos de sus alumnos gracias a la cuadr\u00edcula serigrafiada de 10 x 5 cent\u00edmetros. El espejo Boris, que debe su nombre a la obra maestra de la \u00f3pera rusa Boris Godunov, proyecta un reflejo perfecto y garantiza la m\u00e1xima seguridad personal.<br \/>\nDise\u00f1ado para la excelencia en el movimiento.<br \/>\nEl espejo Boris es una herramienta de trabajo ideal para los profesionales que requieren formas de expresi\u00f3n concisas. Toda la superficie del espejo tiene una cuadr\u00edcula de finas l\u00edneas de 10 x 5 cent\u00edmetros, que permite un control meticuloso de la posici\u00f3n del cuerpo y una evaluaci\u00f3n t\u00e9cnica rigurosa.<br \/>\nLa calidad excepcional del espejo Boris proporciona un reflejo perfecto, sea cual sea la distancia entre las personas. Para el trabajo en grupo, se pueden ensamblar varios espejos para crear una superficie continua y sin huecos.<br \/>\nDisponible en tres tama\u00c3\u00b1os y dos colores<br \/>\nEl espejo Boris est\u00c3\u00a1 disponible en diferentes tama\u00c3\u00b1os y colores para adaptarse a todo tipo de espacios. El espejo Boris est\u00e1 disponible en 3 tama\u00f1os, el cl\u00e1sico 200 x 100 cm, 170 x 100 cm o 120 x 80 cm, ideal para patios con ni\u00f1os. Puedes elegir un marco plateado o negro.<br \/>\nSeguridad absoluta.<br \/>\nEl mecanismo de instalaci\u00f3n permite fijar el espejo Boris encima de un rodapi\u00e9 con toda su superficie apoyada en la pared, repartiendo as\u00ed la presi\u00f3n. El marco de aluminio ofrece una protecci\u00f3n adicional al usuario y, en caso de rotura por un impacto violento, el tratamiento y la calidad del material garantizan que los fragmentos de cristal no se desprendan del espejo, de conformidad con la normativa europea de seguridad EN-6060.<br \/>\nF\u00e1cil instalaci\u00f3n y posibilidad de desplazar el espejo.<br \/>\nEl modelo Boris se instala sobre soportes de acero galvanizado atornillados a la pared.        El marco de aluminio cuelga perfectamente sobre superficies finas. Este mecanismo facilita la instalaci\u00f3n del espejo Boris sin causar demasiado impacto en la pared. Adem\u00e1s, los espejos se pueden mover f\u00e1cilmente si es necesario. <\/p>\n","protected":false},"excerpt":{"rendered":"<p>El Boris es un espejo de pared serigrafiado dise\u00c3\u00b1ado para profesionales que buscan precisi\u00c3\u00b3n t\u00c3\u00a9cnica. Ayuda a core\u00f3grafos, m\u00fasicos, deportistas y profesionales de la rehabilitaci\u00f3n a mejorar los movimientos de sus alumnos gracias a la cuadr\u00edcula serigrafiada de 10 x 5 cent\u00edmetros. El espejo Boris, que debe su nombre a la obra maestra de la [&hellip;]<\/p>\n","protected":false},"featured_media":340824,"comment_status":"open","ping_status":"closed","template":"","meta":{"inline_featured_image":false},"product_brand":[],"product_cat":[1798,1301],"product_tag":[1797],"sport":[],"class_list":{"0":"post-360943","1":"product","2":"type-product","3":"status-publish","4":"has-post-thumbnail","6":"product_cat-espejos","7":"product_cat-material-de-entrenamiento-de-karate","8":"product_tag-ballet-dinamico","9":"product_shipping_class-productos-voluminosos","10":"pa_size-200x100-cms","12":"first","13":"instock","14":"taxable","15":"shipping-taxable","16":"purchasable","17":"product-type-variable"},"yoast_head":"<!-- This site is optimized with the Yoast SEO plugin v27.2 - https:\/\/yoast.com\/product\/yoast-seo-wordpress\/ -->\n<title>Espejo fijo Boris - Marco plateado + serigraf\u00eda &#8211; Daisho<\/title>\n<meta name=\"description\" content=\"Espejo de pared con rejilla de 10x5 cm, ideal para danza, deporte y rehabilitaci\u00f3n. Gran precisi\u00f3n y reflejo perfecto. Encu\u00e9ntralo en www.daisho.be | Daisho\" \/>\n<meta name=\"robots\" content=\"index, follow, max-snippet:-1, max-image-preview:large, max-video-preview:-1\" \/>\n<link rel=\"canonical\" href=\"https:\/\/www.daisho.be\/es\/produit\/espejo-fijo-boris-marco-plateado-serigrafia\/\" \/>\n<meta property=\"og:locale\" content=\"es_ES\" \/>\n<meta property=\"og:type\" content=\"article\" \/>\n<meta property=\"og:title\" content=\"Espejo fijo Boris - Marco plateado + serigraf\u00eda &#8211; Daisho\" \/>\n<meta property=\"og:description\" content=\"Espejo de pared con rejilla de 10x5 cm, ideal para danza, deporte y rehabilitaci\u00f3n. Gran precisi\u00f3n y reflejo perfecto. Encu\u00e9ntralo en www.daisho.be | Daisho\" \/>\n<meta property=\"og:url\" content=\"https:\/\/www.daisho.be\/es\/produit\/espejo-fijo-boris-marco-plateado-serigrafia\/\" \/>\n<meta property=\"og:site_name\" content=\"Daisho\" \/>\n<meta property=\"article:modified_time\" content=\"2026-03-26T15:40:30+00:00\" \/>\n<meta property=\"og:image\" content=\"https:\/\/www.daisho.be\/wp-content\/uploads\/2024\/01\/image-207.jpg\" \/>\n\t<meta property=\"og:image:width\" content=\"801\" \/>\n\t<meta property=\"og:image:height\" content=\"1200\" \/>\n\t<meta property=\"og:image:type\" content=\"image\/jpeg\" \/>\n<meta name=\"twitter:card\" content=\"summary_large_image\" \/>\n<meta name=\"twitter:label1\" content=\"Tiempo de lectura\" \/>\n\t<meta name=\"twitter:data1\" content=\"2 minutos\" \/>\n<script type=\"application\/ld+json\" class=\"yoast-schema-graph\">{\"@context\":\"https:\/\/schema.org\",\"@graph\":[{\"@type\":\"WebPage\",\"@id\":\"https:\/\/www.daisho.be\/es\/produit\/espejo-fijo-boris-marco-plateado-serigrafia\/\",\"url\":\"https:\/\/www.daisho.be\/es\/produit\/espejo-fijo-boris-marco-plateado-serigrafia\/\",\"name\":\"Espejo fijo Boris - Marco plateado + serigraf\u00eda &#8211; Daisho\",\"isPartOf\":{\"@id\":\"https:\/\/www.daisho.be\/es\/#website\"},\"primaryImageOfPage\":{\"@id\":\"https:\/\/www.daisho.be\/es\/produit\/espejo-fijo-boris-marco-plateado-serigrafia\/#primaryimage\"},\"image\":{\"@id\":\"https:\/\/www.daisho.be\/es\/produit\/espejo-fijo-boris-marco-plateado-serigrafia\/#primaryimage\"},\"thumbnailUrl\":\"https:\/\/www.daisho.be\/wp-content\/uploads\/2024\/01\/image-207.jpg\",\"datePublished\":\"2024-01-13T11:13:47+00:00\",\"dateModified\":\"2026-03-26T15:40:30+00:00\",\"description\":\"Espejo de pared con rejilla de 10x5 cm, ideal para danza, deporte y rehabilitaci\u00f3n. Gran precisi\u00f3n y reflejo perfecto. Encu\u00e9ntralo en www.daisho.be | Daisho\",\"breadcrumb\":{\"@id\":\"https:\/\/www.daisho.be\/es\/produit\/espejo-fijo-boris-marco-plateado-serigrafia\/#breadcrumb\"},\"inLanguage\":\"es\",\"potentialAction\":[{\"@type\":\"ReadAction\",\"target\":[\"https:\/\/www.daisho.be\/es\/produit\/espejo-fijo-boris-marco-plateado-serigrafia\/\"]}]},{\"@type\":\"ImageObject\",\"inLanguage\":\"es\",\"@id\":\"https:\/\/www.daisho.be\/es\/produit\/espejo-fijo-boris-marco-plateado-serigrafia\/#primaryimage\",\"url\":\"https:\/\/www.daisho.be\/wp-content\/uploads\/2024\/01\/image-207.jpg\",\"contentUrl\":\"https:\/\/www.daisho.be\/wp-content\/uploads\/2024\/01\/image-207.jpg\",\"width\":801,\"height\":1200,\"caption\":\"Espejo fijo Boris - Marco plateado + serigraf\u00eda-1\"},{\"@type\":\"BreadcrumbList\",\"@id\":\"https:\/\/www.daisho.be\/es\/produit\/espejo-fijo-boris-marco-plateado-serigrafia\/#breadcrumb\",\"itemListElement\":[{\"@type\":\"ListItem\",\"position\":1,\"name\":\"Accueil\",\"item\":\"https:\/\/www.daisho.be\/es\/\"},{\"@type\":\"ListItem\",\"position\":2,\"name\":\"Productos\",\"item\":\"https:\/\/www.daisho.be\/es\/productos\/\"},{\"@type\":\"ListItem\",\"position\":3,\"name\":\"Equipamiento y ropa para artes marciales y deportes de combate\",\"item\":\"https:\/\/www.daisho.be\/es\/categorie-produit\/equipamiento-y-ropa-para-artes-marciales-y-deportes-de-combate\/\"},{\"@type\":\"ListItem\",\"position\":4,\"name\":\"Karate\",\"item\":\"https:\/\/www.daisho.be\/es\/categorie-produit\/equipamiento-y-ropa-para-artes-marciales-y-deportes-de-combate\/karate-es-2\/\"},{\"@type\":\"ListItem\",\"position\":5,\"name\":\"Material de entrenamiento de k\u00e1rate\",\"item\":\"https:\/\/www.daisho.be\/es\/categorie-produit\/equipamiento-y-ropa-para-artes-marciales-y-deportes-de-combate\/karate-es-2\/material-de-entrenamiento-de-karate\/\"},{\"@type\":\"ListItem\",\"position\":6,\"name\":\"Espejo fijo Boris &#8211; Marco plateado + serigraf\u00eda\"}]},{\"@type\":\"WebSite\",\"@id\":\"https:\/\/www.daisho.be\/es\/#website\",\"url\":\"https:\/\/www.daisho.be\/es\/\",\"name\":\"Daisho\",\"description\":\"Sp&eacute;cialiste de l'&eacute;quipement sportif d'arts martiaux\",\"publisher\":{\"@id\":\"https:\/\/www.daisho.be\/es\/#organization\"},\"potentialAction\":[{\"@type\":\"SearchAction\",\"target\":{\"@type\":\"EntryPoint\",\"urlTemplate\":\"https:\/\/www.daisho.be\/es\/?s={search_term_string}\"},\"query-input\":{\"@type\":\"PropertyValueSpecification\",\"valueRequired\":true,\"valueName\":\"search_term_string\"}}],\"inLanguage\":\"es\"},{\"@type\":\"Organization\",\"@id\":\"https:\/\/www.daisho.be\/es\/#organization\",\"name\":\"Daisho\",\"url\":\"https:\/\/www.daisho.be\/es\/\",\"logo\":{\"@type\":\"ImageObject\",\"inLanguage\":\"es\",\"@id\":\"https:\/\/www.daisho.be\/es\/#\/schema\/logo\/image\/\",\"url\":\"https:\/\/www.daisho.be\/wp-content\/uploads\/2019\/07\/color-nothing-horizontale4x-e1564486100247.png\",\"contentUrl\":\"https:\/\/www.daisho.be\/wp-content\/uploads\/2019\/07\/color-nothing-horizontale4x-e1564486100247.png\",\"width\":1547,\"height\":385,\"caption\":\"Daisho\"},\"image\":{\"@id\":\"https:\/\/www.daisho.be\/es\/#\/schema\/logo\/image\/\"}}]}<\/script>\n<!-- \/ Yoast SEO plugin. -->","yoast_head_json":{"title":"Espejo fijo Boris - Marco plateado + serigraf\u00eda &#8211; Daisho","description":"Espejo de pared con rejilla de 10x5 cm, ideal para danza, deporte y rehabilitaci\u00f3n. Gran precisi\u00f3n y reflejo perfecto. Encu\u00e9ntralo en www.daisho.be | Daisho","robots":{"index":"index","follow":"follow","max-snippet":"max-snippet:-1","max-image-preview":"max-image-preview:large","max-video-preview":"max-video-preview:-1"},"canonical":"https:\/\/www.daisho.be\/es\/produit\/espejo-fijo-boris-marco-plateado-serigrafia\/","og_locale":"es_ES","og_type":"article","og_title":"Espejo fijo Boris - Marco plateado + serigraf\u00eda &#8211; Daisho","og_description":"Espejo de pared con rejilla de 10x5 cm, ideal para danza, deporte y rehabilitaci\u00f3n. Gran precisi\u00f3n y reflejo perfecto. Encu\u00e9ntralo en www.daisho.be | Daisho","og_url":"https:\/\/www.daisho.be\/es\/produit\/espejo-fijo-boris-marco-plateado-serigrafia\/","og_site_name":"Daisho","article_modified_time":"2026-03-26T15:40:30+00:00","og_image":[{"width":801,"height":1200,"url":"https:\/\/www.daisho.be\/wp-content\/uploads\/2024\/01\/image-207.jpg","type":"image\/jpeg"}],"twitter_card":"summary_large_image","twitter_misc":{"Tiempo de lectura":"2 minutos"},"schema":{"@context":"https:\/\/schema.org","@graph":[{"@type":"WebPage","@id":"https:\/\/www.daisho.be\/es\/produit\/espejo-fijo-boris-marco-plateado-serigrafia\/","url":"https:\/\/www.daisho.be\/es\/produit\/espejo-fijo-boris-marco-plateado-serigrafia\/","name":"Espejo fijo Boris - Marco plateado + serigraf\u00eda &#8211; Daisho","isPartOf":{"@id":"https:\/\/www.daisho.be\/es\/#website"},"primaryImageOfPage":{"@id":"https:\/\/www.daisho.be\/es\/produit\/espejo-fijo-boris-marco-plateado-serigrafia\/#primaryimage"},"image":{"@id":"https:\/\/www.daisho.be\/es\/produit\/espejo-fijo-boris-marco-plateado-serigrafia\/#primaryimage"},"thumbnailUrl":"https:\/\/www.daisho.be\/wp-content\/uploads\/2024\/01\/image-207.jpg","datePublished":"2024-01-13T11:13:47+00:00","dateModified":"2026-03-26T15:40:30+00:00","description":"Espejo de pared con rejilla de 10x5 cm, ideal para danza, deporte y rehabilitaci\u00f3n. Gran precisi\u00f3n y reflejo perfecto. Encu\u00e9ntralo en www.daisho.be | Daisho","breadcrumb":{"@id":"https:\/\/www.daisho.be\/es\/produit\/espejo-fijo-boris-marco-plateado-serigrafia\/#breadcrumb"},"inLanguage":"es","potentialAction":[{"@type":"ReadAction","target":["https:\/\/www.daisho.be\/es\/produit\/espejo-fijo-boris-marco-plateado-serigrafia\/"]}]},{"@type":"ImageObject","inLanguage":"es","@id":"https:\/\/www.daisho.be\/es\/produit\/espejo-fijo-boris-marco-plateado-serigrafia\/#primaryimage","url":"https:\/\/www.daisho.be\/wp-content\/uploads\/2024\/01\/image-207.jpg","contentUrl":"https:\/\/www.daisho.be\/wp-content\/uploads\/2024\/01\/image-207.jpg","width":801,"height":1200,"caption":"Espejo fijo Boris - Marco plateado + serigraf\u00eda-1"},{"@type":"BreadcrumbList","@id":"https:\/\/www.daisho.be\/es\/produit\/espejo-fijo-boris-marco-plateado-serigrafia\/#breadcrumb","itemListElement":[{"@type":"ListItem","position":1,"name":"Accueil","item":"https:\/\/www.daisho.be\/es\/"},{"@type":"ListItem","position":2,"name":"Productos","item":"https:\/\/www.daisho.be\/es\/productos\/"},{"@type":"ListItem","position":3,"name":"Equipamiento y ropa para artes marciales y deportes de combate","item":"https:\/\/www.daisho.be\/es\/categorie-produit\/equipamiento-y-ropa-para-artes-marciales-y-deportes-de-combate\/"},{"@type":"ListItem","position":4,"name":"Karate","item":"https:\/\/www.daisho.be\/es\/categorie-produit\/equipamiento-y-ropa-para-artes-marciales-y-deportes-de-combate\/karate-es-2\/"},{"@type":"ListItem","position":5,"name":"Material de entrenamiento de k\u00e1rate","item":"https:\/\/www.daisho.be\/es\/categorie-produit\/equipamiento-y-ropa-para-artes-marciales-y-deportes-de-combate\/karate-es-2\/material-de-entrenamiento-de-karate\/"},{"@type":"ListItem","position":6,"name":"Espejo fijo Boris &#8211; Marco plateado + serigraf\u00eda"}]},{"@type":"WebSite","@id":"https:\/\/www.daisho.be\/es\/#website","url":"https:\/\/www.daisho.be\/es\/","name":"Daisho","description":"Sp&eacute;cialiste de l'&eacute;quipement sportif d'arts martiaux","publisher":{"@id":"https:\/\/www.daisho.be\/es\/#organization"},"potentialAction":[{"@type":"SearchAction","target":{"@type":"EntryPoint","urlTemplate":"https:\/\/www.daisho.be\/es\/?s={search_term_string}"},"query-input":{"@type":"PropertyValueSpecification","valueRequired":true,"valueName":"search_term_string"}}],"inLanguage":"es"},{"@type":"Organization","@id":"https:\/\/www.daisho.be\/es\/#organization","name":"Daisho","url":"https:\/\/www.daisho.be\/es\/","logo":{"@type":"ImageObject","inLanguage":"es","@id":"https:\/\/www.daisho.be\/es\/#\/schema\/logo\/image\/","url":"https:\/\/www.daisho.be\/wp-content\/uploads\/2019\/07\/color-nothing-horizontale4x-e1564486100247.png","contentUrl":"https:\/\/www.daisho.be\/wp-content\/uploads\/2019\/07\/color-nothing-horizontale4x-e1564486100247.png","width":1547,"height":385,"caption":"Daisho"},"image":{"@id":"https:\/\/www.daisho.be\/es\/#\/schema\/logo\/image\/"}}]}},"_links":{"self":[{"href":"https:\/\/www.daisho.be\/es\/wp-json\/wp\/v2\/product\/360943","targetHints":{"allow":["GET"]}}],"collection":[{"href":"https:\/\/www.daisho.be\/es\/wp-json\/wp\/v2\/product"}],"about":[{"href":"https:\/\/www.daisho.be\/es\/wp-json\/wp\/v2\/types\/product"}],"replies":[{"embeddable":true,"href":"https:\/\/www.daisho.be\/es\/wp-json\/wp\/v2\/comments?post=360943"}],"wp:featuredmedia":[{"embeddable":true,"href":"https:\/\/www.daisho.be\/es\/wp-json\/wp\/v2\/media\/340824"}],"wp:attachment":[{"href":"https:\/\/www.daisho.be\/es\/wp-json\/wp\/v2\/media?parent=360943"}],"wp:term":[{"taxonomy":"product_brand","embeddable":true,"href":"https:\/\/www.daisho.be\/es\/wp-json\/wp\/v2\/product_brand?post=360943"},{"taxonomy":"product_cat","embeddable":true,"href":"https:\/\/www.daisho.be\/es\/wp-json\/wp\/v2\/product_cat?post=360943"},{"taxonomy":"product_tag","embeddable":true,"href":"https:\/\/www.daisho.be\/es\/wp-json\/wp\/v2\/product_tag?post=360943"},{"taxonomy":"sport","embeddable":true,"href":"https:\/\/www.daisho.be\/es\/wp-json\/wp\/v2\/sport?post=360943"}],"curies":[{"name":"wp","href":"https:\/\/api.w.org\/{rel}","templated":true}]}}