{"id":360927,"date":"2022-10-17T16:11:39","date_gmt":"2022-10-17T14:11:39","guid":{"rendered":"https:\/\/www.daisho.be\/produit\/soporte-de-pared-victory-sports-para-saco-de-boxeo\/"},"modified":"2022-10-17T16:11:39","modified_gmt":"2022-10-17T14:11:39","slug":"soporte-de-pared-victory-sports-para-saco-de-boxeo","status":"publish","type":"product","link":"https:\/\/www.daisho.be\/es\/produit\/soporte-de-pared-victory-sports-para-saco-de-boxeo\/","title":{"rendered":"Soporte de pared Victory Sports para saco de boxeo"},"content":{"rendered":"<p>El material m\u00e1s vendido para el saco de boxeo es este soporte para saco de boxeo.<br \/>\nEste soporte de suspensi\u00f3n es extremadamente robusto y adecuado para cualquier saco de boxeo. Se trata de un soporte de suspensi\u00f3n para saco de boxeo econ\u00f3mico y de alta calidad.<br \/>\nEste producto tiene 2 a\u00f1os de garant\u00eda.<br \/>\nSi quieres colgar un saco de boxeo, debe estar firmemente sujeto a la pared. Con el saco de boxeo de pared Victory Sports, usted est\u00e1 comprando el mejor soporte de pared disponible.<br \/>\nEl soporte de pared de acero est\u00e1 dise\u00f1ado para soportar sin problemas todas las fuerzas que se ejercen sobre el saco de boxeo. El soporte de pared es extremadamente robusto y puede utilizarse tanto en casa como en el gimnasio. El soporte mural se suministra con accesorios de montaje.<br \/>\nEl soporte para colgar en la pared es apto para todas las marcas de sacos de boxeo. La carga m\u00e1xima del soporte mural es de 70 kg.<br \/>\nEl soporte de suspensi\u00f3n mide 75 cm de largo. El punto de suspensi\u00f3n del saco de boxeo est\u00e1 a 75 cm de la pared. Esto es suficiente para realizar todos los ejercicios habituales con saco de boxeo.<br \/>\nLa altura necesaria para montar el soporte de boxeo Victory Sports en la pared depende de su propia longitud y de la longitud del saco de boxeo. Puedes calcularlo de la siguiente manera:<br \/>\n&#8211; La parte superior del saco de boxeo debe ser 10 cm m\u00e1s larga que t\u00fa.<br \/>\n&#8211; A continuaci\u00f3n viene la cadena de 30 cm y luego el soporte de pared.<br \/>\nAs\u00ed que longitud propia + 10 cm + 30 cm. Esta es la altura ideal, que siempre puedes variar si lo deseas.<br \/>\nVentajas de un soporte para saco de boxeo :<br \/>\n&#8211; material muy robusto y duradero<br \/>\n&#8211; se adapta a todas las marcas de sacos de boxeo<br \/>\n&#8211; 2 a\u00f1os de garant\u00eda<br \/>\n&#8211; f\u00e1cil de colocar<br \/>\n&#8211; probado hasta 70 kg<br \/>\n&#8211; en casa y en el gimnasio<\/p>\n","protected":false},"excerpt":{"rendered":"<p>El material m\u00e1s vendido para el saco de boxeo es este soporte para saco de boxeo. Este soporte de suspensi\u00f3n es extremadamente robusto y adecuado para cualquier saco de boxeo. Se trata de un soporte de suspensi\u00f3n para saco de boxeo econ\u00f3mico y de alta calidad. Este producto tiene 2 a\u00f1os de garant\u00eda. Si quieres [&hellip;]<\/p>\n","protected":false},"featured_media":110605,"comment_status":"closed","ping_status":"closed","template":"","meta":{"inline_featured_image":false},"product_brand":[],"product_cat":[1418,1322,1339,1321],"product_tag":[1675],"sport":[],"class_list":{"0":"post-360927","1":"product","2":"type-product","3":"status-publish","4":"has-post-thumbnail","6":"product_cat-equipo-de-entrenamiento-de-boxeo","7":"product_cat-equipo-de-entrenamiento-de-kickboxing","8":"product_cat-equipo-de-entrenamiento-de-mma","9":"product_cat-sacos-de-boxeo","10":"product_tag-deportes-de-victoria","11":"product_shipping_class-productos-voluminosos","13":"first","14":"instock","15":"taxable","16":"shipping-taxable","17":"purchasable","18":"product-type-simple"},"yoast_head":"<!-- This site is optimized with the Yoast SEO plugin v27.2 - https:\/\/yoast.com\/product\/yoast-seo-wordpress\/ -->\n<title>Soporte de pared Victory Sports para saco de boxeo &#8211; Daisho<\/title>\n<meta name=\"robots\" content=\"index, follow, max-snippet:-1, max-image-preview:large, max-video-preview:-1\" \/>\n<link rel=\"canonical\" href=\"https:\/\/www.daisho.be\/es\/produit\/soporte-de-pared-victory-sports-para-saco-de-boxeo\/\" \/>\n<meta property=\"og:locale\" content=\"es_ES\" \/>\n<meta property=\"og:type\" content=\"article\" \/>\n<meta property=\"og:title\" content=\"Soporte de pared Victory Sports para saco de boxeo &#8211; Daisho\" \/>\n<meta property=\"og:description\" content=\"El material m\u00e1s vendido para el saco de boxeo es este soporte para saco de boxeo. Este soporte de suspensi\u00f3n es extremadamente robusto y adecuado para cualquier saco de boxeo. Se trata de un soporte de suspensi\u00f3n para saco de boxeo econ\u00f3mico y de alta calidad. Este producto tiene 2 a\u00f1os de garant\u00eda. Si quieres [&hellip;]\" \/>\n<meta property=\"og:url\" content=\"https:\/\/www.daisho.be\/es\/produit\/soporte-de-pared-victory-sports-para-saco-de-boxeo\/\" \/>\n<meta property=\"og:site_name\" content=\"Daisho\" \/>\n<meta property=\"og:image\" content=\"https:\/\/www.daisho.be\/wp-content\/uploads\/2022\/10\/image-70.jpg\" \/>\n\t<meta property=\"og:image:width\" content=\"585\" \/>\n\t<meta property=\"og:image:height\" content=\"585\" \/>\n\t<meta property=\"og:image:type\" content=\"image\/jpeg\" \/>\n<meta name=\"twitter:card\" content=\"summary_large_image\" \/>\n<meta name=\"twitter:label1\" content=\"Tiempo de lectura\" \/>\n\t<meta name=\"twitter:data1\" content=\"2 minutos\" \/>\n<script type=\"application\/ld+json\" class=\"yoast-schema-graph\">{\"@context\":\"https:\/\/schema.org\",\"@graph\":[{\"@type\":\"WebPage\",\"@id\":\"https:\/\/www.daisho.be\/es\/produit\/soporte-de-pared-victory-sports-para-saco-de-boxeo\/\",\"url\":\"https:\/\/www.daisho.be\/es\/produit\/soporte-de-pared-victory-sports-para-saco-de-boxeo\/\",\"name\":\"Soporte de pared Victory Sports para saco de boxeo &#8211; Daisho\",\"isPartOf\":{\"@id\":\"https:\/\/www.daisho.be\/es\/#website\"},\"primaryImageOfPage\":{\"@id\":\"https:\/\/www.daisho.be\/es\/produit\/soporte-de-pared-victory-sports-para-saco-de-boxeo\/#primaryimage\"},\"image\":{\"@id\":\"https:\/\/www.daisho.be\/es\/produit\/soporte-de-pared-victory-sports-para-saco-de-boxeo\/#primaryimage\"},\"thumbnailUrl\":\"https:\/\/www.daisho.be\/wp-content\/uploads\/2022\/10\/image-70.jpg\",\"datePublished\":\"2022-10-17T14:11:39+00:00\",\"breadcrumb\":{\"@id\":\"https:\/\/www.daisho.be\/es\/produit\/soporte-de-pared-victory-sports-para-saco-de-boxeo\/#breadcrumb\"},\"inLanguage\":\"es\",\"potentialAction\":[{\"@type\":\"ReadAction\",\"target\":[\"https:\/\/www.daisho.be\/es\/produit\/soporte-de-pared-victory-sports-para-saco-de-boxeo\/\"]}]},{\"@type\":\"ImageObject\",\"inLanguage\":\"es\",\"@id\":\"https:\/\/www.daisho.be\/es\/produit\/soporte-de-pared-victory-sports-para-saco-de-boxeo\/#primaryimage\",\"url\":\"https:\/\/www.daisho.be\/wp-content\/uploads\/2022\/10\/image-70.jpg\",\"contentUrl\":\"https:\/\/www.daisho.be\/wp-content\/uploads\/2022\/10\/image-70.jpg\",\"width\":585,\"height\":585,\"caption\":\"Support mural Victory Sports pour sac de boxe-1\"},{\"@type\":\"BreadcrumbList\",\"@id\":\"https:\/\/www.daisho.be\/es\/produit\/soporte-de-pared-victory-sports-para-saco-de-boxeo\/#breadcrumb\",\"itemListElement\":[{\"@type\":\"ListItem\",\"position\":1,\"name\":\"Accueil\",\"item\":\"https:\/\/www.daisho.be\/es\/\"},{\"@type\":\"ListItem\",\"position\":2,\"name\":\"Productos\",\"item\":\"https:\/\/www.daisho.be\/es\/productos\/\"},{\"@type\":\"ListItem\",\"position\":3,\"name\":\"Equipamiento y ropa para artes marciales y deportes de combate\",\"item\":\"https:\/\/www.daisho.be\/es\/categorie-produit\/equipamiento-y-ropa-para-artes-marciales-y-deportes-de-combate\/\"},{\"@type\":\"ListItem\",\"position\":4,\"name\":\"Boxeo\",\"item\":\"https:\/\/www.daisho.be\/es\/categorie-produit\/equipamiento-y-ropa-para-artes-marciales-y-deportes-de-combate\/boxeo-es\/\"},{\"@type\":\"ListItem\",\"position\":5,\"name\":\"Equipo de entrenamiento de boxeo\",\"item\":\"https:\/\/www.daisho.be\/es\/categorie-produit\/equipamiento-y-ropa-para-artes-marciales-y-deportes-de-combate\/boxeo-es\/equipo-de-entrenamiento-de-boxeo\/\"},{\"@type\":\"ListItem\",\"position\":6,\"name\":\"Soporte de pared Victory Sports para saco de boxeo\"}]},{\"@type\":\"WebSite\",\"@id\":\"https:\/\/www.daisho.be\/es\/#website\",\"url\":\"https:\/\/www.daisho.be\/es\/\",\"name\":\"Daisho\",\"description\":\"Sp&eacute;cialiste de l'&eacute;quipement sportif d'arts martiaux\",\"publisher\":{\"@id\":\"https:\/\/www.daisho.be\/es\/#organization\"},\"potentialAction\":[{\"@type\":\"SearchAction\",\"target\":{\"@type\":\"EntryPoint\",\"urlTemplate\":\"https:\/\/www.daisho.be\/es\/?s={search_term_string}\"},\"query-input\":{\"@type\":\"PropertyValueSpecification\",\"valueRequired\":true,\"valueName\":\"search_term_string\"}}],\"inLanguage\":\"es\"},{\"@type\":\"Organization\",\"@id\":\"https:\/\/www.daisho.be\/es\/#organization\",\"name\":\"Daisho\",\"url\":\"https:\/\/www.daisho.be\/es\/\",\"logo\":{\"@type\":\"ImageObject\",\"inLanguage\":\"es\",\"@id\":\"https:\/\/www.daisho.be\/es\/#\/schema\/logo\/image\/\",\"url\":\"https:\/\/www.daisho.be\/wp-content\/uploads\/2019\/07\/color-nothing-horizontale4x-e1564486100247.png\",\"contentUrl\":\"https:\/\/www.daisho.be\/wp-content\/uploads\/2019\/07\/color-nothing-horizontale4x-e1564486100247.png\",\"width\":1547,\"height\":385,\"caption\":\"Daisho\"},\"image\":{\"@id\":\"https:\/\/www.daisho.be\/es\/#\/schema\/logo\/image\/\"}}]}<\/script>\n<!-- \/ Yoast SEO plugin. -->","yoast_head_json":{"title":"Soporte de pared Victory Sports para saco de boxeo &#8211; Daisho","robots":{"index":"index","follow":"follow","max-snippet":"max-snippet:-1","max-image-preview":"max-image-preview:large","max-video-preview":"max-video-preview:-1"},"canonical":"https:\/\/www.daisho.be\/es\/produit\/soporte-de-pared-victory-sports-para-saco-de-boxeo\/","og_locale":"es_ES","og_type":"article","og_title":"Soporte de pared Victory Sports para saco de boxeo &#8211; Daisho","og_description":"El material m\u00e1s vendido para el saco de boxeo es este soporte para saco de boxeo. Este soporte de suspensi\u00f3n es extremadamente robusto y adecuado para cualquier saco de boxeo. Se trata de un soporte de suspensi\u00f3n para saco de boxeo econ\u00f3mico y de alta calidad. Este producto tiene 2 a\u00f1os de garant\u00eda. Si quieres [&hellip;]","og_url":"https:\/\/www.daisho.be\/es\/produit\/soporte-de-pared-victory-sports-para-saco-de-boxeo\/","og_site_name":"Daisho","og_image":[{"width":585,"height":585,"url":"https:\/\/www.daisho.be\/wp-content\/uploads\/2022\/10\/image-70.jpg","type":"image\/jpeg"}],"twitter_card":"summary_large_image","twitter_misc":{"Tiempo de lectura":"2 minutos"},"schema":{"@context":"https:\/\/schema.org","@graph":[{"@type":"WebPage","@id":"https:\/\/www.daisho.be\/es\/produit\/soporte-de-pared-victory-sports-para-saco-de-boxeo\/","url":"https:\/\/www.daisho.be\/es\/produit\/soporte-de-pared-victory-sports-para-saco-de-boxeo\/","name":"Soporte de pared Victory Sports para saco de boxeo &#8211; Daisho","isPartOf":{"@id":"https:\/\/www.daisho.be\/es\/#website"},"primaryImageOfPage":{"@id":"https:\/\/www.daisho.be\/es\/produit\/soporte-de-pared-victory-sports-para-saco-de-boxeo\/#primaryimage"},"image":{"@id":"https:\/\/www.daisho.be\/es\/produit\/soporte-de-pared-victory-sports-para-saco-de-boxeo\/#primaryimage"},"thumbnailUrl":"https:\/\/www.daisho.be\/wp-content\/uploads\/2022\/10\/image-70.jpg","datePublished":"2022-10-17T14:11:39+00:00","breadcrumb":{"@id":"https:\/\/www.daisho.be\/es\/produit\/soporte-de-pared-victory-sports-para-saco-de-boxeo\/#breadcrumb"},"inLanguage":"es","potentialAction":[{"@type":"ReadAction","target":["https:\/\/www.daisho.be\/es\/produit\/soporte-de-pared-victory-sports-para-saco-de-boxeo\/"]}]},{"@type":"ImageObject","inLanguage":"es","@id":"https:\/\/www.daisho.be\/es\/produit\/soporte-de-pared-victory-sports-para-saco-de-boxeo\/#primaryimage","url":"https:\/\/www.daisho.be\/wp-content\/uploads\/2022\/10\/image-70.jpg","contentUrl":"https:\/\/www.daisho.be\/wp-content\/uploads\/2022\/10\/image-70.jpg","width":585,"height":585,"caption":"Support mural Victory Sports pour sac de boxe-1"},{"@type":"BreadcrumbList","@id":"https:\/\/www.daisho.be\/es\/produit\/soporte-de-pared-victory-sports-para-saco-de-boxeo\/#breadcrumb","itemListElement":[{"@type":"ListItem","position":1,"name":"Accueil","item":"https:\/\/www.daisho.be\/es\/"},{"@type":"ListItem","position":2,"name":"Productos","item":"https:\/\/www.daisho.be\/es\/productos\/"},{"@type":"ListItem","position":3,"name":"Equipamiento y ropa para artes marciales y deportes de combate","item":"https:\/\/www.daisho.be\/es\/categorie-produit\/equipamiento-y-ropa-para-artes-marciales-y-deportes-de-combate\/"},{"@type":"ListItem","position":4,"name":"Boxeo","item":"https:\/\/www.daisho.be\/es\/categorie-produit\/equipamiento-y-ropa-para-artes-marciales-y-deportes-de-combate\/boxeo-es\/"},{"@type":"ListItem","position":5,"name":"Equipo de entrenamiento de boxeo","item":"https:\/\/www.daisho.be\/es\/categorie-produit\/equipamiento-y-ropa-para-artes-marciales-y-deportes-de-combate\/boxeo-es\/equipo-de-entrenamiento-de-boxeo\/"},{"@type":"ListItem","position":6,"name":"Soporte de pared Victory Sports para saco de boxeo"}]},{"@type":"WebSite","@id":"https:\/\/www.daisho.be\/es\/#website","url":"https:\/\/www.daisho.be\/es\/","name":"Daisho","description":"Sp&eacute;cialiste de l'&eacute;quipement sportif d'arts martiaux","publisher":{"@id":"https:\/\/www.daisho.be\/es\/#organization"},"potentialAction":[{"@type":"SearchAction","target":{"@type":"EntryPoint","urlTemplate":"https:\/\/www.daisho.be\/es\/?s={search_term_string}"},"query-input":{"@type":"PropertyValueSpecification","valueRequired":true,"valueName":"search_term_string"}}],"inLanguage":"es"},{"@type":"Organization","@id":"https:\/\/www.daisho.be\/es\/#organization","name":"Daisho","url":"https:\/\/www.daisho.be\/es\/","logo":{"@type":"ImageObject","inLanguage":"es","@id":"https:\/\/www.daisho.be\/es\/#\/schema\/logo\/image\/","url":"https:\/\/www.daisho.be\/wp-content\/uploads\/2019\/07\/color-nothing-horizontale4x-e1564486100247.png","contentUrl":"https:\/\/www.daisho.be\/wp-content\/uploads\/2019\/07\/color-nothing-horizontale4x-e1564486100247.png","width":1547,"height":385,"caption":"Daisho"},"image":{"@id":"https:\/\/www.daisho.be\/es\/#\/schema\/logo\/image\/"}}]}},"_links":{"self":[{"href":"https:\/\/www.daisho.be\/es\/wp-json\/wp\/v2\/product\/360927","targetHints":{"allow":["GET"]}}],"collection":[{"href":"https:\/\/www.daisho.be\/es\/wp-json\/wp\/v2\/product"}],"about":[{"href":"https:\/\/www.daisho.be\/es\/wp-json\/wp\/v2\/types\/product"}],"replies":[{"embeddable":true,"href":"https:\/\/www.daisho.be\/es\/wp-json\/wp\/v2\/comments?post=360927"}],"wp:featuredmedia":[{"embeddable":true,"href":"https:\/\/www.daisho.be\/es\/wp-json\/wp\/v2\/media\/110605"}],"wp:attachment":[{"href":"https:\/\/www.daisho.be\/es\/wp-json\/wp\/v2\/media?parent=360927"}],"wp:term":[{"taxonomy":"product_brand","embeddable":true,"href":"https:\/\/www.daisho.be\/es\/wp-json\/wp\/v2\/product_brand?post=360927"},{"taxonomy":"product_cat","embeddable":true,"href":"https:\/\/www.daisho.be\/es\/wp-json\/wp\/v2\/product_cat?post=360927"},{"taxonomy":"product_tag","embeddable":true,"href":"https:\/\/www.daisho.be\/es\/wp-json\/wp\/v2\/product_tag?post=360927"},{"taxonomy":"sport","embeddable":true,"href":"https:\/\/www.daisho.be\/es\/wp-json\/wp\/v2\/sport?post=360927"}],"curies":[{"name":"wp","href":"https:\/\/api.w.org\/{rel}","templated":true}]}}