{"id":360864,"date":"2022-02-15T16:24:29","date_gmt":"2022-02-15T15:24:29","guid":{"rendered":"https:\/\/www.daisho.be\/produit\/bolsa-de-esquina-adidas-maya\/"},"modified":"2025-11-20T12:17:25","modified_gmt":"2025-11-20T11:17:25","slug":"bolsa-de-esquina-adidas-maya","status":"publish","type":"product","link":"https:\/\/www.daisho.be\/es\/produit\/bolsa-de-esquina-adidas-maya\/","title":{"rendered":"Bolsa de esquina adidas Maya"},"content":{"rendered":"<p>Este saco de boxeo de PU de Adidas es un fest\u00edn para los ojos.<br \/>\nLos sacos de boxeo est\u00e1n cosidos con mucha firmeza para evitar desgarros.<br \/>\nLos sacos de boxeo est\u00e1n rellenos de textiles cortados reci\u00e9n comprados para evitar el moho y el mal olor y para garantizar que no acaben en el relleno objetos duros como metal, hierro y piedras.<br \/>\nEl saco de boxeo tambi\u00e9n se escanea electr\u00f3nicamente para detectar part\u00edculas de hierro, especialmente para tu seguridad. Especialmente para tu seguridad.<x id=\"gid_3\"><\/x>El relleno de los sacos de boxeo est\u00e1 compuesto de tal forma que absorbe perfectamente tus golpes y que tus manos y piernas permanecen bien protegidas.<x id=\"gid_4\"><\/x>El saco de boxeo es adecuado para j\u00f3venes y mayores, aficionados y profesionales.<x id=\"gid_5\"><\/x>Puede utilizarse tanto en el gimnasio como en casa. El saco de boxeo es adecuado para: kickboxing, sparring de estilo libre, boxeo tradicional, boxeo tailand\u00e9s.<br \/>\nVentajas:<br \/>\n&#8211; resistente y adecuado para todos<br \/>\n&#8211; tiene un aspecto estupendo<br \/>\n&#8211; para usar en casa y en el gimnasio<br \/>\n&#8211; PU muy resistente<br \/>\n&#8211; relleno de una mezcla textil limpia con una dureza ideal<br \/>\n&#8211; costuras extrafuertes para evitar desgarros<br \/>\nInformaci\u00f3n adicional:<br \/>\n160cm : Peso: 45kg  <\/p>\n","protected":false},"excerpt":{"rendered":"<p>Este saco de boxeo de PU de Adidas es un fest\u00edn para los ojos. Los sacos de boxeo est\u00e1n cosidos con mucha firmeza para evitar desgarros. Los sacos de boxeo est\u00e1n rellenos de textiles cortados reci\u00e9n comprados para evitar el moho y el mal olor y para garantizar que no acaben en el relleno objetos [&hellip;]<\/p>\n","protected":false},"featured_media":421791,"comment_status":"closed","ping_status":"closed","template":"","meta":{"inline_featured_image":false},"product_brand":[],"product_cat":[1632,1634,1630,1633],"product_tag":[1560,2552],"sport":[],"class_list":{"0":"post-360864","1":"product","2":"type-product","3":"status-publish","4":"has-post-thumbnail","6":"product_cat-sacos-de-boxeo-y-accesorios-de-entrenamiento","7":"product_cat-sacos-de-boxeo-y-accesorios-de-entrenamiento-es","8":"product_cat-sacos-de-boxeo-y-accesorios-de-entrenamiento-de-karate","9":"product_cat-sacos-de-boxeo-y-accesorios-de-entrenamiento-de-taekwondo-adidas","10":"product_tag-adidas-es","11":"product_tag-cita","12":"product_shipping_class-productos-voluminosos","13":"pa_size-120-cm","14":"pa_size-160-cm","16":"first","17":"instock","18":"taxable","19":"shipping-taxable","20":"purchasable","21":"product-type-variable"},"yoast_head":"<!-- This site is optimized with the Yoast SEO plugin v27.2 - https:\/\/yoast.com\/product\/yoast-seo-wordpress\/ -->\n<title>Bolsa de esquina adidas Maya &#8211; Daisho<\/title>\n<meta name=\"description\" content=\"La bolsa de esquina Adidas maya est\u00e1 especialmente dise\u00f1ada para protegerte y mejorar tu rendimiento. C\u00f3mprala en www.daisho.be|Daisho\" \/>\n<meta name=\"robots\" content=\"index, follow, max-snippet:-1, max-image-preview:large, max-video-preview:-1\" \/>\n<link rel=\"canonical\" href=\"https:\/\/www.daisho.be\/es\/produit\/bolsa-de-esquina-adidas-maya\/\" \/>\n<meta property=\"og:locale\" content=\"es_ES\" \/>\n<meta property=\"og:type\" content=\"article\" \/>\n<meta property=\"og:title\" content=\"Bolsa de esquina adidas Maya &#8211; Daisho\" \/>\n<meta property=\"og:description\" content=\"La bolsa de esquina Adidas maya est\u00e1 especialmente dise\u00f1ada para protegerte y mejorar tu rendimiento. C\u00f3mprala en www.daisho.be|Daisho\" \/>\n<meta property=\"og:url\" content=\"https:\/\/www.daisho.be\/es\/produit\/bolsa-de-esquina-adidas-maya\/\" \/>\n<meta property=\"og:site_name\" content=\"Daisho\" \/>\n<meta property=\"article:modified_time\" content=\"2025-11-20T11:17:25+00:00\" \/>\n<meta property=\"og:image\" content=\"https:\/\/www.daisho.be\/wp-content\/uploads\/2024\/07\/image-10.jpg\" \/>\n\t<meta property=\"og:image:width\" content=\"650\" \/>\n\t<meta property=\"og:image:height\" content=\"650\" \/>\n\t<meta property=\"og:image:type\" content=\"image\/jpeg\" \/>\n<meta name=\"twitter:card\" content=\"summary_large_image\" \/>\n<meta name=\"twitter:label1\" content=\"Tiempo de lectura\" \/>\n\t<meta name=\"twitter:data1\" content=\"1 minuto\" \/>\n<script type=\"application\/ld+json\" class=\"yoast-schema-graph\">{\"@context\":\"https:\/\/schema.org\",\"@graph\":[{\"@type\":\"WebPage\",\"@id\":\"https:\/\/www.daisho.be\/es\/produit\/bolsa-de-esquina-adidas-maya\/\",\"url\":\"https:\/\/www.daisho.be\/es\/produit\/bolsa-de-esquina-adidas-maya\/\",\"name\":\"Bolsa de esquina adidas Maya &#8211; Daisho\",\"isPartOf\":{\"@id\":\"https:\/\/www.daisho.be\/es\/#website\"},\"primaryImageOfPage\":{\"@id\":\"https:\/\/www.daisho.be\/es\/produit\/bolsa-de-esquina-adidas-maya\/#primaryimage\"},\"image\":{\"@id\":\"https:\/\/www.daisho.be\/es\/produit\/bolsa-de-esquina-adidas-maya\/#primaryimage\"},\"thumbnailUrl\":\"https:\/\/www.daisho.be\/wp-content\/uploads\/2024\/07\/image-10.jpg\",\"datePublished\":\"2022-02-15T15:24:29+00:00\",\"dateModified\":\"2025-11-20T11:17:25+00:00\",\"description\":\"La bolsa de esquina Adidas maya est\u00e1 especialmente dise\u00f1ada para protegerte y mejorar tu rendimiento. C\u00f3mprala en www.daisho.be|Daisho\",\"breadcrumb\":{\"@id\":\"https:\/\/www.daisho.be\/es\/produit\/bolsa-de-esquina-adidas-maya\/#breadcrumb\"},\"inLanguage\":\"es\",\"potentialAction\":[{\"@type\":\"ReadAction\",\"target\":[\"https:\/\/www.daisho.be\/es\/produit\/bolsa-de-esquina-adidas-maya\/\"]}]},{\"@type\":\"ImageObject\",\"inLanguage\":\"es\",\"@id\":\"https:\/\/www.daisho.be\/es\/produit\/bolsa-de-esquina-adidas-maya\/#primaryimage\",\"url\":\"https:\/\/www.daisho.be\/wp-content\/uploads\/2024\/07\/image-10.jpg\",\"contentUrl\":\"https:\/\/www.daisho.be\/wp-content\/uploads\/2024\/07\/image-10.jpg\",\"width\":650,\"height\":650,\"caption\":\"Bolsa de esquina adidas Maya -1\"},{\"@type\":\"BreadcrumbList\",\"@id\":\"https:\/\/www.daisho.be\/es\/produit\/bolsa-de-esquina-adidas-maya\/#breadcrumb\",\"itemListElement\":[{\"@type\":\"ListItem\",\"position\":1,\"name\":\"Accueil\",\"item\":\"https:\/\/www.daisho.be\/es\/\"},{\"@type\":\"ListItem\",\"position\":2,\"name\":\"Productos\",\"item\":\"https:\/\/www.daisho.be\/es\/productos\/\"},{\"@type\":\"ListItem\",\"position\":3,\"name\":\"ADIDAS COMBAT SPORTS\",\"item\":\"https:\/\/www.daisho.be\/es\/categorie-produit\/adidas-combat-sports-es\/\"},{\"@type\":\"ListItem\",\"position\":4,\"name\":\"Boxeo\",\"item\":\"https:\/\/www.daisho.be\/es\/categorie-produit\/adidas-combat-sports-es\/boxeo\/\"},{\"@type\":\"ListItem\",\"position\":5,\"name\":\"Sacos de boxeo y accesorios de entrenamiento\",\"item\":\"https:\/\/www.daisho.be\/es\/categorie-produit\/adidas-combat-sports-es\/boxeo\/sacos-de-boxeo-y-accesorios-de-entrenamiento-es\/\"},{\"@type\":\"ListItem\",\"position\":6,\"name\":\"Bolsa de esquina adidas Maya\"}]},{\"@type\":\"WebSite\",\"@id\":\"https:\/\/www.daisho.be\/es\/#website\",\"url\":\"https:\/\/www.daisho.be\/es\/\",\"name\":\"Daisho\",\"description\":\"Sp&eacute;cialiste de l'&eacute;quipement sportif d'arts martiaux\",\"publisher\":{\"@id\":\"https:\/\/www.daisho.be\/es\/#organization\"},\"potentialAction\":[{\"@type\":\"SearchAction\",\"target\":{\"@type\":\"EntryPoint\",\"urlTemplate\":\"https:\/\/www.daisho.be\/es\/?s={search_term_string}\"},\"query-input\":{\"@type\":\"PropertyValueSpecification\",\"valueRequired\":true,\"valueName\":\"search_term_string\"}}],\"inLanguage\":\"es\"},{\"@type\":\"Organization\",\"@id\":\"https:\/\/www.daisho.be\/es\/#organization\",\"name\":\"Daisho\",\"url\":\"https:\/\/www.daisho.be\/es\/\",\"logo\":{\"@type\":\"ImageObject\",\"inLanguage\":\"es\",\"@id\":\"https:\/\/www.daisho.be\/es\/#\/schema\/logo\/image\/\",\"url\":\"https:\/\/www.daisho.be\/wp-content\/uploads\/2019\/07\/color-nothing-horizontale4x-e1564486100247.png\",\"contentUrl\":\"https:\/\/www.daisho.be\/wp-content\/uploads\/2019\/07\/color-nothing-horizontale4x-e1564486100247.png\",\"width\":1547,\"height\":385,\"caption\":\"Daisho\"},\"image\":{\"@id\":\"https:\/\/www.daisho.be\/es\/#\/schema\/logo\/image\/\"}}]}<\/script>\n<!-- \/ Yoast SEO plugin. -->","yoast_head_json":{"title":"Bolsa de esquina adidas Maya &#8211; Daisho","description":"La bolsa de esquina Adidas maya est\u00e1 especialmente dise\u00f1ada para protegerte y mejorar tu rendimiento. C\u00f3mprala en www.daisho.be|Daisho","robots":{"index":"index","follow":"follow","max-snippet":"max-snippet:-1","max-image-preview":"max-image-preview:large","max-video-preview":"max-video-preview:-1"},"canonical":"https:\/\/www.daisho.be\/es\/produit\/bolsa-de-esquina-adidas-maya\/","og_locale":"es_ES","og_type":"article","og_title":"Bolsa de esquina adidas Maya &#8211; Daisho","og_description":"La bolsa de esquina Adidas maya est\u00e1 especialmente dise\u00f1ada para protegerte y mejorar tu rendimiento. C\u00f3mprala en www.daisho.be|Daisho","og_url":"https:\/\/www.daisho.be\/es\/produit\/bolsa-de-esquina-adidas-maya\/","og_site_name":"Daisho","article_modified_time":"2025-11-20T11:17:25+00:00","og_image":[{"width":650,"height":650,"url":"https:\/\/www.daisho.be\/wp-content\/uploads\/2024\/07\/image-10.jpg","type":"image\/jpeg"}],"twitter_card":"summary_large_image","twitter_misc":{"Tiempo de lectura":"1 minuto"},"schema":{"@context":"https:\/\/schema.org","@graph":[{"@type":"WebPage","@id":"https:\/\/www.daisho.be\/es\/produit\/bolsa-de-esquina-adidas-maya\/","url":"https:\/\/www.daisho.be\/es\/produit\/bolsa-de-esquina-adidas-maya\/","name":"Bolsa de esquina adidas Maya &#8211; Daisho","isPartOf":{"@id":"https:\/\/www.daisho.be\/es\/#website"},"primaryImageOfPage":{"@id":"https:\/\/www.daisho.be\/es\/produit\/bolsa-de-esquina-adidas-maya\/#primaryimage"},"image":{"@id":"https:\/\/www.daisho.be\/es\/produit\/bolsa-de-esquina-adidas-maya\/#primaryimage"},"thumbnailUrl":"https:\/\/www.daisho.be\/wp-content\/uploads\/2024\/07\/image-10.jpg","datePublished":"2022-02-15T15:24:29+00:00","dateModified":"2025-11-20T11:17:25+00:00","description":"La bolsa de esquina Adidas maya est\u00e1 especialmente dise\u00f1ada para protegerte y mejorar tu rendimiento. C\u00f3mprala en www.daisho.be|Daisho","breadcrumb":{"@id":"https:\/\/www.daisho.be\/es\/produit\/bolsa-de-esquina-adidas-maya\/#breadcrumb"},"inLanguage":"es","potentialAction":[{"@type":"ReadAction","target":["https:\/\/www.daisho.be\/es\/produit\/bolsa-de-esquina-adidas-maya\/"]}]},{"@type":"ImageObject","inLanguage":"es","@id":"https:\/\/www.daisho.be\/es\/produit\/bolsa-de-esquina-adidas-maya\/#primaryimage","url":"https:\/\/www.daisho.be\/wp-content\/uploads\/2024\/07\/image-10.jpg","contentUrl":"https:\/\/www.daisho.be\/wp-content\/uploads\/2024\/07\/image-10.jpg","width":650,"height":650,"caption":"Bolsa de esquina adidas Maya -1"},{"@type":"BreadcrumbList","@id":"https:\/\/www.daisho.be\/es\/produit\/bolsa-de-esquina-adidas-maya\/#breadcrumb","itemListElement":[{"@type":"ListItem","position":1,"name":"Accueil","item":"https:\/\/www.daisho.be\/es\/"},{"@type":"ListItem","position":2,"name":"Productos","item":"https:\/\/www.daisho.be\/es\/productos\/"},{"@type":"ListItem","position":3,"name":"ADIDAS COMBAT SPORTS","item":"https:\/\/www.daisho.be\/es\/categorie-produit\/adidas-combat-sports-es\/"},{"@type":"ListItem","position":4,"name":"Boxeo","item":"https:\/\/www.daisho.be\/es\/categorie-produit\/adidas-combat-sports-es\/boxeo\/"},{"@type":"ListItem","position":5,"name":"Sacos de boxeo y accesorios de entrenamiento","item":"https:\/\/www.daisho.be\/es\/categorie-produit\/adidas-combat-sports-es\/boxeo\/sacos-de-boxeo-y-accesorios-de-entrenamiento-es\/"},{"@type":"ListItem","position":6,"name":"Bolsa de esquina adidas Maya"}]},{"@type":"WebSite","@id":"https:\/\/www.daisho.be\/es\/#website","url":"https:\/\/www.daisho.be\/es\/","name":"Daisho","description":"Sp&eacute;cialiste de l'&eacute;quipement sportif d'arts martiaux","publisher":{"@id":"https:\/\/www.daisho.be\/es\/#organization"},"potentialAction":[{"@type":"SearchAction","target":{"@type":"EntryPoint","urlTemplate":"https:\/\/www.daisho.be\/es\/?s={search_term_string}"},"query-input":{"@type":"PropertyValueSpecification","valueRequired":true,"valueName":"search_term_string"}}],"inLanguage":"es"},{"@type":"Organization","@id":"https:\/\/www.daisho.be\/es\/#organization","name":"Daisho","url":"https:\/\/www.daisho.be\/es\/","logo":{"@type":"ImageObject","inLanguage":"es","@id":"https:\/\/www.daisho.be\/es\/#\/schema\/logo\/image\/","url":"https:\/\/www.daisho.be\/wp-content\/uploads\/2019\/07\/color-nothing-horizontale4x-e1564486100247.png","contentUrl":"https:\/\/www.daisho.be\/wp-content\/uploads\/2019\/07\/color-nothing-horizontale4x-e1564486100247.png","width":1547,"height":385,"caption":"Daisho"},"image":{"@id":"https:\/\/www.daisho.be\/es\/#\/schema\/logo\/image\/"}}]}},"_links":{"self":[{"href":"https:\/\/www.daisho.be\/es\/wp-json\/wp\/v2\/product\/360864","targetHints":{"allow":["GET"]}}],"collection":[{"href":"https:\/\/www.daisho.be\/es\/wp-json\/wp\/v2\/product"}],"about":[{"href":"https:\/\/www.daisho.be\/es\/wp-json\/wp\/v2\/types\/product"}],"replies":[{"embeddable":true,"href":"https:\/\/www.daisho.be\/es\/wp-json\/wp\/v2\/comments?post=360864"}],"wp:featuredmedia":[{"embeddable":true,"href":"https:\/\/www.daisho.be\/es\/wp-json\/wp\/v2\/media\/421791"}],"wp:attachment":[{"href":"https:\/\/www.daisho.be\/es\/wp-json\/wp\/v2\/media?parent=360864"}],"wp:term":[{"taxonomy":"product_brand","embeddable":true,"href":"https:\/\/www.daisho.be\/es\/wp-json\/wp\/v2\/product_brand?post=360864"},{"taxonomy":"product_cat","embeddable":true,"href":"https:\/\/www.daisho.be\/es\/wp-json\/wp\/v2\/product_cat?post=360864"},{"taxonomy":"product_tag","embeddable":true,"href":"https:\/\/www.daisho.be\/es\/wp-json\/wp\/v2\/product_tag?post=360864"},{"taxonomy":"sport","embeddable":true,"href":"https:\/\/www.daisho.be\/es\/wp-json\/wp\/v2\/sport?post=360864"}],"curies":[{"name":"wp","href":"https:\/\/api.w.org\/{rel}","templated":true}]}}