{"id":360472,"date":"2021-01-04T16:39:04","date_gmt":"2021-01-04T15:39:04","guid":{"rendered":"https:\/\/www.daisho.be\/produit\/turbolegs-elastico-medio-400-cm\/"},"modified":"2026-01-06T11:48:32","modified_gmt":"2026-01-06T10:48:32","slug":"turbolegs-elastico-medio-400-cm","status":"publish","type":"product","link":"https:\/\/www.daisho.be\/es\/produit\/turbolegs-elastico-medio-400-cm\/","title":{"rendered":"TURBOLEGS EL\u00c1STICO MEDIO 400 CM"},"content":{"rendered":"<p>El el\u00e1stico de resistencia Turbolegs es un equipo para entrenar t\u00e9cnicas de patada.<br \/>\nDurante el entrenamiento de resistencia con cuerdas de tracci\u00f3n, se entrenan simult\u00e1neamente varios grupos musculares.<br \/>\nEl grado medio de resistencia es ideal para sesiones de entrenamiento cortas e intensivas con movimientos explosivos.<br \/>\nAdecuado para el entrenamiento en casa o en clubes.<br \/>\nConstrucci\u00f3n robusta y duradera.<\/p>\n","protected":false},"excerpt":{"rendered":"<p>El el\u00e1stico de resistencia Turbolegs es un equipo para entrenar t\u00e9cnicas de patada. Durante el entrenamiento de resistencia con cuerdas de tracci\u00f3n, se entrenan simult\u00e1neamente varios grupos musculares. El grado medio de resistencia es ideal para sesiones de entrenamiento cortas e intensivas con movimientos explosivos. Adecuado para el entrenamiento en casa o en clubes. Construcci\u00f3n [&hellip;]<\/p>\n","protected":false},"featured_media":650936,"comment_status":"open","ping_status":"closed","template":"","meta":{"inline_featured_image":false},"product_brand":[],"product_cat":[1322,1339,1409,1301],"product_tag":[1320],"sport":[],"class_list":{"0":"post-360472","1":"product","2":"type-product","3":"status-publish","4":"has-post-thumbnail","6":"product_cat-equipo-de-entrenamiento-de-kickboxing","7":"product_cat-equipo-de-entrenamiento-de-mma","8":"product_cat-equipos-de-formacion-es","9":"product_cat-material-de-entrenamiento-de-karate","10":"product_tag-dax-es","11":"pa_size-sans-taille-defaut","13":"first","14":"outofstock","15":"taxable","16":"shipping-taxable","17":"purchasable","18":"product-type-variable"},"yoast_head":"<!-- This site is optimized with the Yoast SEO plugin v27.2 - https:\/\/yoast.com\/product\/yoast-seo-wordpress\/ -->\n<title>TURBOLEGS EL\u00c1STICO MEDIO 400 CM &#8211; Daisho<\/title>\n<meta name=\"robots\" content=\"index, follow, max-snippet:-1, max-image-preview:large, max-video-preview:-1\" \/>\n<link rel=\"canonical\" href=\"https:\/\/www.daisho.be\/es\/produit\/turbolegs-elastico-medio-400-cm\/\" \/>\n<meta property=\"og:locale\" content=\"es_ES\" \/>\n<meta property=\"og:type\" content=\"article\" \/>\n<meta property=\"og:title\" content=\"TURBOLEGS EL\u00c1STICO MEDIO 400 CM &#8211; Daisho\" \/>\n<meta property=\"og:description\" content=\"El el\u00e1stico de resistencia Turbolegs es un equipo para entrenar t\u00e9cnicas de patada. Durante el entrenamiento de resistencia con cuerdas de tracci\u00f3n, se entrenan simult\u00e1neamente varios grupos musculares. El grado medio de resistencia es ideal para sesiones de entrenamiento cortas e intensivas con movimientos explosivos. Adecuado para el entrenamiento en casa o en clubes. Construcci\u00f3n [&hellip;]\" \/>\n<meta property=\"og:url\" content=\"https:\/\/www.daisho.be\/es\/produit\/turbolegs-elastico-medio-400-cm\/\" \/>\n<meta property=\"og:site_name\" content=\"Daisho\" \/>\n<meta property=\"article:modified_time\" content=\"2026-01-06T10:48:32+00:00\" \/>\n<meta property=\"og:image\" content=\"https:\/\/www.daisho.be\/wp-content\/uploads\/2026\/01\/image-140.jpg\" \/>\n\t<meta property=\"og:image:width\" content=\"384\" \/>\n\t<meta property=\"og:image:height\" content=\"543\" \/>\n\t<meta property=\"og:image:type\" content=\"image\/jpeg\" \/>\n<meta name=\"twitter:card\" content=\"summary_large_image\" \/>\n<script type=\"application\/ld+json\" class=\"yoast-schema-graph\">{\"@context\":\"https:\/\/schema.org\",\"@graph\":[{\"@type\":\"WebPage\",\"@id\":\"https:\/\/www.daisho.be\/es\/produit\/turbolegs-elastico-medio-400-cm\/\",\"url\":\"https:\/\/www.daisho.be\/es\/produit\/turbolegs-elastico-medio-400-cm\/\",\"name\":\"TURBOLEGS EL\u00c1STICO MEDIO 400 CM &#8211; Daisho\",\"isPartOf\":{\"@id\":\"https:\/\/www.daisho.be\/es\/#website\"},\"primaryImageOfPage\":{\"@id\":\"https:\/\/www.daisho.be\/es\/produit\/turbolegs-elastico-medio-400-cm\/#primaryimage\"},\"image\":{\"@id\":\"https:\/\/www.daisho.be\/es\/produit\/turbolegs-elastico-medio-400-cm\/#primaryimage\"},\"thumbnailUrl\":\"https:\/\/www.daisho.be\/wp-content\/uploads\/2026\/01\/image-140.jpg\",\"datePublished\":\"2021-01-04T15:39:04+00:00\",\"dateModified\":\"2026-01-06T10:48:32+00:00\",\"breadcrumb\":{\"@id\":\"https:\/\/www.daisho.be\/es\/produit\/turbolegs-elastico-medio-400-cm\/#breadcrumb\"},\"inLanguage\":\"es\",\"potentialAction\":[{\"@type\":\"ReadAction\",\"target\":[\"https:\/\/www.daisho.be\/es\/produit\/turbolegs-elastico-medio-400-cm\/\"]}]},{\"@type\":\"ImageObject\",\"inLanguage\":\"es\",\"@id\":\"https:\/\/www.daisho.be\/es\/produit\/turbolegs-elastico-medio-400-cm\/#primaryimage\",\"url\":\"https:\/\/www.daisho.be\/wp-content\/uploads\/2026\/01\/image-140.jpg\",\"contentUrl\":\"https:\/\/www.daisho.be\/wp-content\/uploads\/2026\/01\/image-140.jpg\",\"width\":384,\"height\":543,\"caption\":\"ELASTIQUE TURBOLEGS MEDIUM 400 CM-1\"},{\"@type\":\"BreadcrumbList\",\"@id\":\"https:\/\/www.daisho.be\/es\/produit\/turbolegs-elastico-medio-400-cm\/#breadcrumb\",\"itemListElement\":[{\"@type\":\"ListItem\",\"position\":1,\"name\":\"Accueil\",\"item\":\"https:\/\/www.daisho.be\/es\/\"},{\"@type\":\"ListItem\",\"position\":2,\"name\":\"Productos\",\"item\":\"https:\/\/www.daisho.be\/es\/productos\/\"},{\"@type\":\"ListItem\",\"position\":3,\"name\":\"Equipamiento y ropa para artes marciales y deportes de combate\",\"item\":\"https:\/\/www.daisho.be\/es\/categorie-produit\/equipamiento-y-ropa-para-artes-marciales-y-deportes-de-combate\/\"},{\"@type\":\"ListItem\",\"position\":4,\"name\":\"Kick Boxing\",\"item\":\"https:\/\/www.daisho.be\/es\/categorie-produit\/equipamiento-y-ropa-para-artes-marciales-y-deportes-de-combate\/kick-boxing-es\/\"},{\"@type\":\"ListItem\",\"position\":5,\"name\":\"Equipo de entrenamiento de kickboxing\",\"item\":\"https:\/\/www.daisho.be\/es\/categorie-produit\/equipamiento-y-ropa-para-artes-marciales-y-deportes-de-combate\/kick-boxing-es\/equipo-de-entrenamiento-de-kickboxing\/\"},{\"@type\":\"ListItem\",\"position\":6,\"name\":\"TURBOLEGS EL\u00c1STICO MEDIO 400 CM\"}]},{\"@type\":\"WebSite\",\"@id\":\"https:\/\/www.daisho.be\/es\/#website\",\"url\":\"https:\/\/www.daisho.be\/es\/\",\"name\":\"Daisho\",\"description\":\"Sp&eacute;cialiste de l'&eacute;quipement sportif d'arts martiaux\",\"publisher\":{\"@id\":\"https:\/\/www.daisho.be\/es\/#organization\"},\"potentialAction\":[{\"@type\":\"SearchAction\",\"target\":{\"@type\":\"EntryPoint\",\"urlTemplate\":\"https:\/\/www.daisho.be\/es\/?s={search_term_string}\"},\"query-input\":{\"@type\":\"PropertyValueSpecification\",\"valueRequired\":true,\"valueName\":\"search_term_string\"}}],\"inLanguage\":\"es\"},{\"@type\":\"Organization\",\"@id\":\"https:\/\/www.daisho.be\/es\/#organization\",\"name\":\"Daisho\",\"url\":\"https:\/\/www.daisho.be\/es\/\",\"logo\":{\"@type\":\"ImageObject\",\"inLanguage\":\"es\",\"@id\":\"https:\/\/www.daisho.be\/es\/#\/schema\/logo\/image\/\",\"url\":\"https:\/\/www.daisho.be\/wp-content\/uploads\/2019\/07\/color-nothing-horizontale4x-e1564486100247.png\",\"contentUrl\":\"https:\/\/www.daisho.be\/wp-content\/uploads\/2019\/07\/color-nothing-horizontale4x-e1564486100247.png\",\"width\":1547,\"height\":385,\"caption\":\"Daisho\"},\"image\":{\"@id\":\"https:\/\/www.daisho.be\/es\/#\/schema\/logo\/image\/\"}}]}<\/script>\n<!-- \/ Yoast SEO plugin. -->","yoast_head_json":{"title":"TURBOLEGS EL\u00c1STICO MEDIO 400 CM &#8211; Daisho","robots":{"index":"index","follow":"follow","max-snippet":"max-snippet:-1","max-image-preview":"max-image-preview:large","max-video-preview":"max-video-preview:-1"},"canonical":"https:\/\/www.daisho.be\/es\/produit\/turbolegs-elastico-medio-400-cm\/","og_locale":"es_ES","og_type":"article","og_title":"TURBOLEGS EL\u00c1STICO MEDIO 400 CM &#8211; Daisho","og_description":"El el\u00e1stico de resistencia Turbolegs es un equipo para entrenar t\u00e9cnicas de patada. Durante el entrenamiento de resistencia con cuerdas de tracci\u00f3n, se entrenan simult\u00e1neamente varios grupos musculares. El grado medio de resistencia es ideal para sesiones de entrenamiento cortas e intensivas con movimientos explosivos. Adecuado para el entrenamiento en casa o en clubes. Construcci\u00f3n [&hellip;]","og_url":"https:\/\/www.daisho.be\/es\/produit\/turbolegs-elastico-medio-400-cm\/","og_site_name":"Daisho","article_modified_time":"2026-01-06T10:48:32+00:00","og_image":[{"width":384,"height":543,"url":"https:\/\/www.daisho.be\/wp-content\/uploads\/2026\/01\/image-140.jpg","type":"image\/jpeg"}],"twitter_card":"summary_large_image","schema":{"@context":"https:\/\/schema.org","@graph":[{"@type":"WebPage","@id":"https:\/\/www.daisho.be\/es\/produit\/turbolegs-elastico-medio-400-cm\/","url":"https:\/\/www.daisho.be\/es\/produit\/turbolegs-elastico-medio-400-cm\/","name":"TURBOLEGS EL\u00c1STICO MEDIO 400 CM &#8211; Daisho","isPartOf":{"@id":"https:\/\/www.daisho.be\/es\/#website"},"primaryImageOfPage":{"@id":"https:\/\/www.daisho.be\/es\/produit\/turbolegs-elastico-medio-400-cm\/#primaryimage"},"image":{"@id":"https:\/\/www.daisho.be\/es\/produit\/turbolegs-elastico-medio-400-cm\/#primaryimage"},"thumbnailUrl":"https:\/\/www.daisho.be\/wp-content\/uploads\/2026\/01\/image-140.jpg","datePublished":"2021-01-04T15:39:04+00:00","dateModified":"2026-01-06T10:48:32+00:00","breadcrumb":{"@id":"https:\/\/www.daisho.be\/es\/produit\/turbolegs-elastico-medio-400-cm\/#breadcrumb"},"inLanguage":"es","potentialAction":[{"@type":"ReadAction","target":["https:\/\/www.daisho.be\/es\/produit\/turbolegs-elastico-medio-400-cm\/"]}]},{"@type":"ImageObject","inLanguage":"es","@id":"https:\/\/www.daisho.be\/es\/produit\/turbolegs-elastico-medio-400-cm\/#primaryimage","url":"https:\/\/www.daisho.be\/wp-content\/uploads\/2026\/01\/image-140.jpg","contentUrl":"https:\/\/www.daisho.be\/wp-content\/uploads\/2026\/01\/image-140.jpg","width":384,"height":543,"caption":"ELASTIQUE TURBOLEGS MEDIUM 400 CM-1"},{"@type":"BreadcrumbList","@id":"https:\/\/www.daisho.be\/es\/produit\/turbolegs-elastico-medio-400-cm\/#breadcrumb","itemListElement":[{"@type":"ListItem","position":1,"name":"Accueil","item":"https:\/\/www.daisho.be\/es\/"},{"@type":"ListItem","position":2,"name":"Productos","item":"https:\/\/www.daisho.be\/es\/productos\/"},{"@type":"ListItem","position":3,"name":"Equipamiento y ropa para artes marciales y deportes de combate","item":"https:\/\/www.daisho.be\/es\/categorie-produit\/equipamiento-y-ropa-para-artes-marciales-y-deportes-de-combate\/"},{"@type":"ListItem","position":4,"name":"Kick Boxing","item":"https:\/\/www.daisho.be\/es\/categorie-produit\/equipamiento-y-ropa-para-artes-marciales-y-deportes-de-combate\/kick-boxing-es\/"},{"@type":"ListItem","position":5,"name":"Equipo de entrenamiento de kickboxing","item":"https:\/\/www.daisho.be\/es\/categorie-produit\/equipamiento-y-ropa-para-artes-marciales-y-deportes-de-combate\/kick-boxing-es\/equipo-de-entrenamiento-de-kickboxing\/"},{"@type":"ListItem","position":6,"name":"TURBOLEGS EL\u00c1STICO MEDIO 400 CM"}]},{"@type":"WebSite","@id":"https:\/\/www.daisho.be\/es\/#website","url":"https:\/\/www.daisho.be\/es\/","name":"Daisho","description":"Sp&eacute;cialiste de l'&eacute;quipement sportif d'arts martiaux","publisher":{"@id":"https:\/\/www.daisho.be\/es\/#organization"},"potentialAction":[{"@type":"SearchAction","target":{"@type":"EntryPoint","urlTemplate":"https:\/\/www.daisho.be\/es\/?s={search_term_string}"},"query-input":{"@type":"PropertyValueSpecification","valueRequired":true,"valueName":"search_term_string"}}],"inLanguage":"es"},{"@type":"Organization","@id":"https:\/\/www.daisho.be\/es\/#organization","name":"Daisho","url":"https:\/\/www.daisho.be\/es\/","logo":{"@type":"ImageObject","inLanguage":"es","@id":"https:\/\/www.daisho.be\/es\/#\/schema\/logo\/image\/","url":"https:\/\/www.daisho.be\/wp-content\/uploads\/2019\/07\/color-nothing-horizontale4x-e1564486100247.png","contentUrl":"https:\/\/www.daisho.be\/wp-content\/uploads\/2019\/07\/color-nothing-horizontale4x-e1564486100247.png","width":1547,"height":385,"caption":"Daisho"},"image":{"@id":"https:\/\/www.daisho.be\/es\/#\/schema\/logo\/image\/"}}]}},"_links":{"self":[{"href":"https:\/\/www.daisho.be\/es\/wp-json\/wp\/v2\/product\/360472","targetHints":{"allow":["GET"]}}],"collection":[{"href":"https:\/\/www.daisho.be\/es\/wp-json\/wp\/v2\/product"}],"about":[{"href":"https:\/\/www.daisho.be\/es\/wp-json\/wp\/v2\/types\/product"}],"replies":[{"embeddable":true,"href":"https:\/\/www.daisho.be\/es\/wp-json\/wp\/v2\/comments?post=360472"}],"wp:featuredmedia":[{"embeddable":true,"href":"https:\/\/www.daisho.be\/es\/wp-json\/wp\/v2\/media\/650936"}],"wp:attachment":[{"href":"https:\/\/www.daisho.be\/es\/wp-json\/wp\/v2\/media?parent=360472"}],"wp:term":[{"taxonomy":"product_brand","embeddable":true,"href":"https:\/\/www.daisho.be\/es\/wp-json\/wp\/v2\/product_brand?post=360472"},{"taxonomy":"product_cat","embeddable":true,"href":"https:\/\/www.daisho.be\/es\/wp-json\/wp\/v2\/product_cat?post=360472"},{"taxonomy":"product_tag","embeddable":true,"href":"https:\/\/www.daisho.be\/es\/wp-json\/wp\/v2\/product_tag?post=360472"},{"taxonomy":"sport","embeddable":true,"href":"https:\/\/www.daisho.be\/es\/wp-json\/wp\/v2\/sport?post=360472"}],"curies":[{"name":"wp","href":"https:\/\/api.w.org\/{rel}","templated":true}]}}