{"id":360376,"date":"2023-12-06T13:35:23","date_gmt":"2023-12-06T12:35:23","guid":{"rendered":"https:\/\/www.daisho.be\/produit\/pantalon-corto-adidas-fluid-technical-mma-gris-azul\/"},"modified":"2025-02-27T15:28:32","modified_gmt":"2025-02-27T14:28:32","slug":"pantalon-corto-adidas-fluid-technical-mma-gris-azul","status":"publish","type":"product","link":"https:\/\/www.daisho.be\/es\/produit\/pantalon-corto-adidas-fluid-technical-mma-gris-azul\/","title":{"rendered":"Pantal\u00f3n Corto adidas Fluid Technical MMA Gris\/Azul"},"content":{"rendered":"<p>La nueva l\u00ednea de adidas es un regalo para la vista, combinado con el rendimiento que necesita un atleta de alto nivel. Los pantalones son el\u00e1sticos, con secciones el\u00e1sticas adicionales en el interior de las perneras para una enorme libertad de movimientos. Estos pantalones cortos de MMA tienen velcro y cordones. El pantal\u00f3n est\u00e1 confeccionado en poli\u00e9ster combinado con elastano. Los pantalones est\u00e1n confeccionados con Climalite, que garantiza una expulsi\u00f3n ideal del aire y la humedad, para que tus pantalones cortos se mantengan maravillosamente secos y c\u00f3modos durante el ejercicio. Pero el material tambi\u00e9n es muy ligero sin perder su robustez. Esta bonita l\u00ednea para la temporada 2015\/2016 ha sido dise\u00f1ada por reputados dise\u00f1adores estadounidenses y con la ayuda de atletas de \u00e9lite para incorporar sus conocimientos y deseos a los productos.<br \/>\nVentajas:<br \/>\n&#8211; bonito dise\u00f1o<br \/>\n&#8211; resistente y duradero<br \/>\n&#8211; material el\u00e1stico (92% poli\u00e9ster y 8% elastano)<br \/>\n&#8211; cierre de cordones y velcro<br \/>\n&#8211; tecnolog\u00eda climalite<\/p>\n","protected":false},"excerpt":{"rendered":"<p>La nueva l\u00ednea de adidas es un regalo para la vista, combinado con el rendimiento que necesita un atleta de alto nivel. Los pantalones son el\u00e1sticos, con secciones el\u00e1sticas adicionales en el interior de las perneras para una enorme libertad de movimientos. Estos pantalones cortos de MMA tienen velcro y cordones. El pantal\u00f3n est\u00e1 confeccionado [&hellip;]<\/p>\n","protected":false},"featured_media":339774,"comment_status":"open","ping_status":"closed","template":"","meta":{"inline_featured_image":false},"product_brand":[],"product_cat":[1694],"product_tag":[1560],"sport":[],"class_list":{"0":"post-360376","1":"product","2":"type-product","3":"status-publish","4":"has-post-thumbnail","6":"product_cat-ropa-adidas-para-mma","7":"product_tag-adidas-es","8":"pa_size-l","9":"pa_size-s","11":"first","12":"instock","13":"taxable","14":"shipping-taxable","15":"purchasable","16":"product-type-variable"},"yoast_head":"<!-- This site is optimized with the Yoast SEO plugin v27.2 - https:\/\/yoast.com\/product\/yoast-seo-wordpress\/ -->\n<title>Pantal\u00f3n Corto adidas Fluid Technical MMA Gris\/Azul &#8211; Daisho<\/title>\n<meta name=\"description\" content=\"El Pantal\u00f3n Corto Adidas MMA Technical Fluid es un pantal\u00f3n corto con un dise\u00f1o excepcional. \u00a1Dale estilo a tus sesiones de entrenamiento! Encu\u00e9ntralos en nuestra web www.daisho.be|Daisho\" \/>\n<meta name=\"robots\" content=\"index, follow, max-snippet:-1, max-image-preview:large, max-video-preview:-1\" \/>\n<link rel=\"canonical\" href=\"https:\/\/www.daisho.be\/es\/produit\/pantalon-corto-adidas-fluid-technical-mma-gris-azul\/\" \/>\n<meta property=\"og:locale\" content=\"es_ES\" \/>\n<meta property=\"og:type\" content=\"article\" \/>\n<meta property=\"og:title\" content=\"Pantal\u00f3n Corto adidas Fluid Technical MMA Gris\/Azul &#8211; Daisho\" \/>\n<meta property=\"og:description\" content=\"El Pantal\u00f3n Corto Adidas MMA Technical Fluid es un pantal\u00f3n corto con un dise\u00f1o excepcional. \u00a1Dale estilo a tus sesiones de entrenamiento! Encu\u00e9ntralos en nuestra web www.daisho.be|Daisho\" \/>\n<meta property=\"og:url\" content=\"https:\/\/www.daisho.be\/es\/produit\/pantalon-corto-adidas-fluid-technical-mma-gris-azul\/\" \/>\n<meta property=\"og:site_name\" content=\"Daisho\" \/>\n<meta property=\"article:modified_time\" content=\"2025-02-27T14:28:32+00:00\" \/>\n<meta property=\"og:image\" content=\"https:\/\/www.daisho.be\/wp-content\/uploads\/2023\/12\/image-19.jpg\" \/>\n\t<meta property=\"og:image:width\" content=\"650\" \/>\n\t<meta property=\"og:image:height\" content=\"650\" \/>\n\t<meta property=\"og:image:type\" content=\"image\/jpeg\" \/>\n<meta name=\"twitter:card\" content=\"summary_large_image\" \/>\n<meta name=\"twitter:label1\" content=\"Tiempo de lectura\" \/>\n\t<meta name=\"twitter:data1\" content=\"1 minuto\" \/>\n<script type=\"application\/ld+json\" class=\"yoast-schema-graph\">{\"@context\":\"https:\/\/schema.org\",\"@graph\":[{\"@type\":\"WebPage\",\"@id\":\"https:\/\/www.daisho.be\/es\/produit\/pantalon-corto-adidas-fluid-technical-mma-gris-azul\/\",\"url\":\"https:\/\/www.daisho.be\/es\/produit\/pantalon-corto-adidas-fluid-technical-mma-gris-azul\/\",\"name\":\"Pantal\u00f3n Corto adidas Fluid Technical MMA Gris\/Azul &#8211; Daisho\",\"isPartOf\":{\"@id\":\"https:\/\/www.daisho.be\/es\/#website\"},\"primaryImageOfPage\":{\"@id\":\"https:\/\/www.daisho.be\/es\/produit\/pantalon-corto-adidas-fluid-technical-mma-gris-azul\/#primaryimage\"},\"image\":{\"@id\":\"https:\/\/www.daisho.be\/es\/produit\/pantalon-corto-adidas-fluid-technical-mma-gris-azul\/#primaryimage\"},\"thumbnailUrl\":\"https:\/\/www.daisho.be\/wp-content\/uploads\/2023\/12\/image-19.jpg\",\"datePublished\":\"2023-12-06T12:35:23+00:00\",\"dateModified\":\"2025-02-27T14:28:32+00:00\",\"description\":\"El Pantal\u00f3n Corto Adidas MMA Technical Fluid es un pantal\u00f3n corto con un dise\u00f1o excepcional. \u00a1Dale estilo a tus sesiones de entrenamiento! Encu\u00e9ntralos en nuestra web www.daisho.be|Daisho\",\"breadcrumb\":{\"@id\":\"https:\/\/www.daisho.be\/es\/produit\/pantalon-corto-adidas-fluid-technical-mma-gris-azul\/#breadcrumb\"},\"inLanguage\":\"es\",\"potentialAction\":[{\"@type\":\"ReadAction\",\"target\":[\"https:\/\/www.daisho.be\/es\/produit\/pantalon-corto-adidas-fluid-technical-mma-gris-azul\/\"]}]},{\"@type\":\"ImageObject\",\"inLanguage\":\"es\",\"@id\":\"https:\/\/www.daisho.be\/es\/produit\/pantalon-corto-adidas-fluid-technical-mma-gris-azul\/#primaryimage\",\"url\":\"https:\/\/www.daisho.be\/wp-content\/uploads\/2023\/12\/image-19.jpg\",\"contentUrl\":\"https:\/\/www.daisho.be\/wp-content\/uploads\/2023\/12\/image-19.jpg\",\"width\":650,\"height\":650,\"caption\":\"Pantal\u00f3n Corto adidas Fluid Technical MMA Gris\/Azul-1\"},{\"@type\":\"BreadcrumbList\",\"@id\":\"https:\/\/www.daisho.be\/es\/produit\/pantalon-corto-adidas-fluid-technical-mma-gris-azul\/#breadcrumb\",\"itemListElement\":[{\"@type\":\"ListItem\",\"position\":1,\"name\":\"Accueil\",\"item\":\"https:\/\/www.daisho.be\/es\/\"},{\"@type\":\"ListItem\",\"position\":2,\"name\":\"Productos\",\"item\":\"https:\/\/www.daisho.be\/es\/productos\/\"},{\"@type\":\"ListItem\",\"position\":3,\"name\":\"ADIDAS COMBAT SPORTS\",\"item\":\"https:\/\/www.daisho.be\/es\/categorie-produit\/adidas-combat-sports-es\/\"},{\"@type\":\"ListItem\",\"position\":4,\"name\":\"MMA\",\"item\":\"https:\/\/www.daisho.be\/es\/categorie-produit\/adidas-combat-sports-es\/mma-es-2\/\"},{\"@type\":\"ListItem\",\"position\":5,\"name\":\"Ropa Adidas para MMA\",\"item\":\"https:\/\/www.daisho.be\/es\/categorie-produit\/adidas-combat-sports-es\/mma-es-2\/ropa-adidas-para-mma\/\"},{\"@type\":\"ListItem\",\"position\":6,\"name\":\"Pantal\u00f3n Corto adidas Fluid Technical MMA Gris\/Azul\"}]},{\"@type\":\"WebSite\",\"@id\":\"https:\/\/www.daisho.be\/es\/#website\",\"url\":\"https:\/\/www.daisho.be\/es\/\",\"name\":\"Daisho\",\"description\":\"Sp&eacute;cialiste de l'&eacute;quipement sportif d'arts martiaux\",\"publisher\":{\"@id\":\"https:\/\/www.daisho.be\/es\/#organization\"},\"potentialAction\":[{\"@type\":\"SearchAction\",\"target\":{\"@type\":\"EntryPoint\",\"urlTemplate\":\"https:\/\/www.daisho.be\/es\/?s={search_term_string}\"},\"query-input\":{\"@type\":\"PropertyValueSpecification\",\"valueRequired\":true,\"valueName\":\"search_term_string\"}}],\"inLanguage\":\"es\"},{\"@type\":\"Organization\",\"@id\":\"https:\/\/www.daisho.be\/es\/#organization\",\"name\":\"Daisho\",\"url\":\"https:\/\/www.daisho.be\/es\/\",\"logo\":{\"@type\":\"ImageObject\",\"inLanguage\":\"es\",\"@id\":\"https:\/\/www.daisho.be\/es\/#\/schema\/logo\/image\/\",\"url\":\"https:\/\/www.daisho.be\/wp-content\/uploads\/2019\/07\/color-nothing-horizontale4x-e1564486100247.png\",\"contentUrl\":\"https:\/\/www.daisho.be\/wp-content\/uploads\/2019\/07\/color-nothing-horizontale4x-e1564486100247.png\",\"width\":1547,\"height\":385,\"caption\":\"Daisho\"},\"image\":{\"@id\":\"https:\/\/www.daisho.be\/es\/#\/schema\/logo\/image\/\"}}]}<\/script>\n<!-- \/ Yoast SEO plugin. -->","yoast_head_json":{"title":"Pantal\u00f3n Corto adidas Fluid Technical MMA Gris\/Azul &#8211; Daisho","description":"El Pantal\u00f3n Corto Adidas MMA Technical Fluid es un pantal\u00f3n corto con un dise\u00f1o excepcional. \u00a1Dale estilo a tus sesiones de entrenamiento! Encu\u00e9ntralos en nuestra web www.daisho.be|Daisho","robots":{"index":"index","follow":"follow","max-snippet":"max-snippet:-1","max-image-preview":"max-image-preview:large","max-video-preview":"max-video-preview:-1"},"canonical":"https:\/\/www.daisho.be\/es\/produit\/pantalon-corto-adidas-fluid-technical-mma-gris-azul\/","og_locale":"es_ES","og_type":"article","og_title":"Pantal\u00f3n Corto adidas Fluid Technical MMA Gris\/Azul &#8211; Daisho","og_description":"El Pantal\u00f3n Corto Adidas MMA Technical Fluid es un pantal\u00f3n corto con un dise\u00f1o excepcional. \u00a1Dale estilo a tus sesiones de entrenamiento! Encu\u00e9ntralos en nuestra web www.daisho.be|Daisho","og_url":"https:\/\/www.daisho.be\/es\/produit\/pantalon-corto-adidas-fluid-technical-mma-gris-azul\/","og_site_name":"Daisho","article_modified_time":"2025-02-27T14:28:32+00:00","og_image":[{"width":650,"height":650,"url":"https:\/\/www.daisho.be\/wp-content\/uploads\/2023\/12\/image-19.jpg","type":"image\/jpeg"}],"twitter_card":"summary_large_image","twitter_misc":{"Tiempo de lectura":"1 minuto"},"schema":{"@context":"https:\/\/schema.org","@graph":[{"@type":"WebPage","@id":"https:\/\/www.daisho.be\/es\/produit\/pantalon-corto-adidas-fluid-technical-mma-gris-azul\/","url":"https:\/\/www.daisho.be\/es\/produit\/pantalon-corto-adidas-fluid-technical-mma-gris-azul\/","name":"Pantal\u00f3n Corto adidas Fluid Technical MMA Gris\/Azul &#8211; Daisho","isPartOf":{"@id":"https:\/\/www.daisho.be\/es\/#website"},"primaryImageOfPage":{"@id":"https:\/\/www.daisho.be\/es\/produit\/pantalon-corto-adidas-fluid-technical-mma-gris-azul\/#primaryimage"},"image":{"@id":"https:\/\/www.daisho.be\/es\/produit\/pantalon-corto-adidas-fluid-technical-mma-gris-azul\/#primaryimage"},"thumbnailUrl":"https:\/\/www.daisho.be\/wp-content\/uploads\/2023\/12\/image-19.jpg","datePublished":"2023-12-06T12:35:23+00:00","dateModified":"2025-02-27T14:28:32+00:00","description":"El Pantal\u00f3n Corto Adidas MMA Technical Fluid es un pantal\u00f3n corto con un dise\u00f1o excepcional. \u00a1Dale estilo a tus sesiones de entrenamiento! Encu\u00e9ntralos en nuestra web www.daisho.be|Daisho","breadcrumb":{"@id":"https:\/\/www.daisho.be\/es\/produit\/pantalon-corto-adidas-fluid-technical-mma-gris-azul\/#breadcrumb"},"inLanguage":"es","potentialAction":[{"@type":"ReadAction","target":["https:\/\/www.daisho.be\/es\/produit\/pantalon-corto-adidas-fluid-technical-mma-gris-azul\/"]}]},{"@type":"ImageObject","inLanguage":"es","@id":"https:\/\/www.daisho.be\/es\/produit\/pantalon-corto-adidas-fluid-technical-mma-gris-azul\/#primaryimage","url":"https:\/\/www.daisho.be\/wp-content\/uploads\/2023\/12\/image-19.jpg","contentUrl":"https:\/\/www.daisho.be\/wp-content\/uploads\/2023\/12\/image-19.jpg","width":650,"height":650,"caption":"Pantal\u00f3n Corto adidas Fluid Technical MMA Gris\/Azul-1"},{"@type":"BreadcrumbList","@id":"https:\/\/www.daisho.be\/es\/produit\/pantalon-corto-adidas-fluid-technical-mma-gris-azul\/#breadcrumb","itemListElement":[{"@type":"ListItem","position":1,"name":"Accueil","item":"https:\/\/www.daisho.be\/es\/"},{"@type":"ListItem","position":2,"name":"Productos","item":"https:\/\/www.daisho.be\/es\/productos\/"},{"@type":"ListItem","position":3,"name":"ADIDAS COMBAT SPORTS","item":"https:\/\/www.daisho.be\/es\/categorie-produit\/adidas-combat-sports-es\/"},{"@type":"ListItem","position":4,"name":"MMA","item":"https:\/\/www.daisho.be\/es\/categorie-produit\/adidas-combat-sports-es\/mma-es-2\/"},{"@type":"ListItem","position":5,"name":"Ropa Adidas para MMA","item":"https:\/\/www.daisho.be\/es\/categorie-produit\/adidas-combat-sports-es\/mma-es-2\/ropa-adidas-para-mma\/"},{"@type":"ListItem","position":6,"name":"Pantal\u00f3n Corto adidas Fluid Technical MMA Gris\/Azul"}]},{"@type":"WebSite","@id":"https:\/\/www.daisho.be\/es\/#website","url":"https:\/\/www.daisho.be\/es\/","name":"Daisho","description":"Sp&eacute;cialiste de l'&eacute;quipement sportif d'arts martiaux","publisher":{"@id":"https:\/\/www.daisho.be\/es\/#organization"},"potentialAction":[{"@type":"SearchAction","target":{"@type":"EntryPoint","urlTemplate":"https:\/\/www.daisho.be\/es\/?s={search_term_string}"},"query-input":{"@type":"PropertyValueSpecification","valueRequired":true,"valueName":"search_term_string"}}],"inLanguage":"es"},{"@type":"Organization","@id":"https:\/\/www.daisho.be\/es\/#organization","name":"Daisho","url":"https:\/\/www.daisho.be\/es\/","logo":{"@type":"ImageObject","inLanguage":"es","@id":"https:\/\/www.daisho.be\/es\/#\/schema\/logo\/image\/","url":"https:\/\/www.daisho.be\/wp-content\/uploads\/2019\/07\/color-nothing-horizontale4x-e1564486100247.png","contentUrl":"https:\/\/www.daisho.be\/wp-content\/uploads\/2019\/07\/color-nothing-horizontale4x-e1564486100247.png","width":1547,"height":385,"caption":"Daisho"},"image":{"@id":"https:\/\/www.daisho.be\/es\/#\/schema\/logo\/image\/"}}]}},"_links":{"self":[{"href":"https:\/\/www.daisho.be\/es\/wp-json\/wp\/v2\/product\/360376","targetHints":{"allow":["GET"]}}],"collection":[{"href":"https:\/\/www.daisho.be\/es\/wp-json\/wp\/v2\/product"}],"about":[{"href":"https:\/\/www.daisho.be\/es\/wp-json\/wp\/v2\/types\/product"}],"replies":[{"embeddable":true,"href":"https:\/\/www.daisho.be\/es\/wp-json\/wp\/v2\/comments?post=360376"}],"wp:featuredmedia":[{"embeddable":true,"href":"https:\/\/www.daisho.be\/es\/wp-json\/wp\/v2\/media\/339774"}],"wp:attachment":[{"href":"https:\/\/www.daisho.be\/es\/wp-json\/wp\/v2\/media?parent=360376"}],"wp:term":[{"taxonomy":"product_brand","embeddable":true,"href":"https:\/\/www.daisho.be\/es\/wp-json\/wp\/v2\/product_brand?post=360376"},{"taxonomy":"product_cat","embeddable":true,"href":"https:\/\/www.daisho.be\/es\/wp-json\/wp\/v2\/product_cat?post=360376"},{"taxonomy":"product_tag","embeddable":true,"href":"https:\/\/www.daisho.be\/es\/wp-json\/wp\/v2\/product_tag?post=360376"},{"taxonomy":"sport","embeddable":true,"href":"https:\/\/www.daisho.be\/es\/wp-json\/wp\/v2\/sport?post=360376"}],"curies":[{"name":"wp","href":"https:\/\/api.w.org\/{rel}","templated":true}]}}