{"id":360304,"date":"2023-05-05T12:44:51","date_gmt":"2023-05-05T10:44:51","guid":{"rendered":"https:\/\/www.daisho.be\/produit\/camiseta-adidas-negra-con-logotipo-dorado\/"},"modified":"2025-02-27T15:29:21","modified_gmt":"2025-02-27T14:29:21","slug":"camiseta-adidas-negra-con-logotipo-dorado","status":"publish","type":"product","link":"https:\/\/www.daisho.be\/es\/produit\/camiseta-adidas-negra-con-logotipo-dorado\/","title":{"rendered":"Camiseta Adidas negra con logotipo dorado"},"content":{"rendered":"<p>Aqu\u00ed tienes la compa\u00f1era perfecta para tus entrenamientos.<br \/>\nEsta camiseta tiene un corte regular.<br \/>\nLa camiseta tiene el cuello redondo de canal\u00e9.<\/p>\n<p>Disponible en negro con estampado dorado.<br \/>\nDisponible en las tallas S, M, L, XL y XXL.<br \/>\nLa camiseta est\u00e1 hecha de algod\u00f3n 100%.<\/p>\n<p>Caracter\u00edsticas:<\/p>\n<p>Material: algod\u00f3n 100%<br \/>\nEl color negro<br \/>\nTallas: S, M, L, XL y XXL<br \/>\ncorte regular<\/p>\n","protected":false},"excerpt":{"rendered":"<p>Aqu\u00ed tienes la compa\u00f1era perfecta para tus entrenamientos. Esta camiseta tiene un corte regular. La camiseta tiene el cuello redondo de canal\u00e9. Disponible en negro con estampado dorado. Disponible en las tallas S, M, L, XL y XXL. La camiseta est\u00e1 hecha de algod\u00f3n 100%. Caracter\u00edsticas: Material: algod\u00f3n 100% El color negro Tallas: S, M, [&hellip;]<\/p>\n","protected":false},"featured_media":337556,"comment_status":"open","ping_status":"closed","template":"","meta":{"inline_featured_image":false},"product_brand":[],"product_cat":[1388,1581],"product_tag":[1560],"sport":[],"class_list":{"0":"post-360304","1":"product","2":"type-product","3":"status-publish","4":"has-post-thumbnail","6":"product_cat-ropa","7":"product_cat-ropa-deportiva-de-combate-adidas","8":"product_tag-adidas-es","9":"pa_size-l","11":"first","12":"instock","13":"taxable","14":"shipping-taxable","15":"purchasable","16":"product-type-variable"},"yoast_head":"<!-- This site is optimized with the Yoast SEO plugin v27.2 - https:\/\/yoast.com\/product\/yoast-seo-wordpress\/ -->\n<title>Camiseta Adidas negra con logotipo dorado &#8211; Daisho<\/title>\n<meta name=\"description\" content=\"La camiseta Adidas es ideal para tus sesiones de entrenamiento y salidas informales. C\u00f3mprala en www.daisho.be|Daisho\" \/>\n<meta name=\"robots\" content=\"index, follow, max-snippet:-1, max-image-preview:large, max-video-preview:-1\" \/>\n<link rel=\"canonical\" href=\"https:\/\/www.daisho.be\/es\/produit\/camiseta-adidas-negra-con-logotipo-dorado\/\" \/>\n<meta property=\"og:locale\" content=\"es_ES\" \/>\n<meta property=\"og:type\" content=\"article\" \/>\n<meta property=\"og:title\" content=\"Camiseta Adidas negra con logotipo dorado &#8211; Daisho\" \/>\n<meta property=\"og:description\" content=\"La camiseta Adidas es ideal para tus sesiones de entrenamiento y salidas informales. C\u00f3mprala en www.daisho.be|Daisho\" \/>\n<meta property=\"og:url\" content=\"https:\/\/www.daisho.be\/es\/produit\/camiseta-adidas-negra-con-logotipo-dorado\/\" \/>\n<meta property=\"og:site_name\" content=\"Daisho\" \/>\n<meta property=\"article:modified_time\" content=\"2025-02-27T14:29:21+00:00\" \/>\n<meta property=\"og:image\" content=\"https:\/\/www.daisho.be\/wp-content\/uploads\/2023\/05\/image-17.jpg\" \/>\n\t<meta property=\"og:image:width\" content=\"1200\" \/>\n\t<meta property=\"og:image:height\" content=\"1200\" \/>\n\t<meta property=\"og:image:type\" content=\"image\/jpeg\" \/>\n<meta name=\"twitter:card\" content=\"summary_large_image\" \/>\n<script type=\"application\/ld+json\" class=\"yoast-schema-graph\">{\"@context\":\"https:\/\/schema.org\",\"@graph\":[{\"@type\":\"WebPage\",\"@id\":\"https:\/\/www.daisho.be\/es\/produit\/camiseta-adidas-negra-con-logotipo-dorado\/\",\"url\":\"https:\/\/www.daisho.be\/es\/produit\/camiseta-adidas-negra-con-logotipo-dorado\/\",\"name\":\"Camiseta Adidas negra con logotipo dorado &#8211; Daisho\",\"isPartOf\":{\"@id\":\"https:\/\/www.daisho.be\/es\/#website\"},\"primaryImageOfPage\":{\"@id\":\"https:\/\/www.daisho.be\/es\/produit\/camiseta-adidas-negra-con-logotipo-dorado\/#primaryimage\"},\"image\":{\"@id\":\"https:\/\/www.daisho.be\/es\/produit\/camiseta-adidas-negra-con-logotipo-dorado\/#primaryimage\"},\"thumbnailUrl\":\"https:\/\/www.daisho.be\/wp-content\/uploads\/2023\/05\/image-17.jpg\",\"datePublished\":\"2023-05-05T10:44:51+00:00\",\"dateModified\":\"2025-02-27T14:29:21+00:00\",\"description\":\"La camiseta Adidas es ideal para tus sesiones de entrenamiento y salidas informales. C\u00f3mprala en www.daisho.be|Daisho\",\"breadcrumb\":{\"@id\":\"https:\/\/www.daisho.be\/es\/produit\/camiseta-adidas-negra-con-logotipo-dorado\/#breadcrumb\"},\"inLanguage\":\"es\",\"potentialAction\":[{\"@type\":\"ReadAction\",\"target\":[\"https:\/\/www.daisho.be\/es\/produit\/camiseta-adidas-negra-con-logotipo-dorado\/\"]}]},{\"@type\":\"ImageObject\",\"inLanguage\":\"es\",\"@id\":\"https:\/\/www.daisho.be\/es\/produit\/camiseta-adidas-negra-con-logotipo-dorado\/#primaryimage\",\"url\":\"https:\/\/www.daisho.be\/wp-content\/uploads\/2023\/05\/image-17.jpg\",\"contentUrl\":\"https:\/\/www.daisho.be\/wp-content\/uploads\/2023\/05\/image-17.jpg\",\"width\":1200,\"height\":1200,\"caption\":\"Camiseta Adidas negra con estampado dorado-1\"},{\"@type\":\"BreadcrumbList\",\"@id\":\"https:\/\/www.daisho.be\/es\/produit\/camiseta-adidas-negra-con-logotipo-dorado\/#breadcrumb\",\"itemListElement\":[{\"@type\":\"ListItem\",\"position\":1,\"name\":\"Accueil\",\"item\":\"https:\/\/www.daisho.be\/es\/\"},{\"@type\":\"ListItem\",\"position\":2,\"name\":\"Productos\",\"item\":\"https:\/\/www.daisho.be\/es\/productos\/\"},{\"@type\":\"ListItem\",\"position\":3,\"name\":\"ADIDAS COMBAT SPORTS\",\"item\":\"https:\/\/www.daisho.be\/es\/categorie-produit\/adidas-combat-sports-es\/\"},{\"@type\":\"ListItem\",\"position\":4,\"name\":\"Deportes de combate\",\"item\":\"https:\/\/www.daisho.be\/es\/categorie-produit\/adidas-combat-sports-es\/deportes-de-combate-es\/\"},{\"@type\":\"ListItem\",\"position\":5,\"name\":\"Ropa deportiva de combate Adidas\",\"item\":\"https:\/\/www.daisho.be\/es\/categorie-produit\/adidas-combat-sports-es\/deportes-de-combate-es\/ropa-deportiva-de-combate-adidas\/\"},{\"@type\":\"ListItem\",\"position\":6,\"name\":\"Camiseta Adidas negra con logotipo dorado\"}]},{\"@type\":\"WebSite\",\"@id\":\"https:\/\/www.daisho.be\/es\/#website\",\"url\":\"https:\/\/www.daisho.be\/es\/\",\"name\":\"Daisho\",\"description\":\"Sp&eacute;cialiste de l'&eacute;quipement sportif d'arts martiaux\",\"publisher\":{\"@id\":\"https:\/\/www.daisho.be\/es\/#organization\"},\"potentialAction\":[{\"@type\":\"SearchAction\",\"target\":{\"@type\":\"EntryPoint\",\"urlTemplate\":\"https:\/\/www.daisho.be\/es\/?s={search_term_string}\"},\"query-input\":{\"@type\":\"PropertyValueSpecification\",\"valueRequired\":true,\"valueName\":\"search_term_string\"}}],\"inLanguage\":\"es\"},{\"@type\":\"Organization\",\"@id\":\"https:\/\/www.daisho.be\/es\/#organization\",\"name\":\"Daisho\",\"url\":\"https:\/\/www.daisho.be\/es\/\",\"logo\":{\"@type\":\"ImageObject\",\"inLanguage\":\"es\",\"@id\":\"https:\/\/www.daisho.be\/es\/#\/schema\/logo\/image\/\",\"url\":\"https:\/\/www.daisho.be\/wp-content\/uploads\/2019\/07\/color-nothing-horizontale4x-e1564486100247.png\",\"contentUrl\":\"https:\/\/www.daisho.be\/wp-content\/uploads\/2019\/07\/color-nothing-horizontale4x-e1564486100247.png\",\"width\":1547,\"height\":385,\"caption\":\"Daisho\"},\"image\":{\"@id\":\"https:\/\/www.daisho.be\/es\/#\/schema\/logo\/image\/\"}}]}<\/script>\n<!-- \/ Yoast SEO plugin. -->","yoast_head_json":{"title":"Camiseta Adidas negra con logotipo dorado &#8211; Daisho","description":"La camiseta Adidas es ideal para tus sesiones de entrenamiento y salidas informales. C\u00f3mprala en www.daisho.be|Daisho","robots":{"index":"index","follow":"follow","max-snippet":"max-snippet:-1","max-image-preview":"max-image-preview:large","max-video-preview":"max-video-preview:-1"},"canonical":"https:\/\/www.daisho.be\/es\/produit\/camiseta-adidas-negra-con-logotipo-dorado\/","og_locale":"es_ES","og_type":"article","og_title":"Camiseta Adidas negra con logotipo dorado &#8211; Daisho","og_description":"La camiseta Adidas es ideal para tus sesiones de entrenamiento y salidas informales. C\u00f3mprala en www.daisho.be|Daisho","og_url":"https:\/\/www.daisho.be\/es\/produit\/camiseta-adidas-negra-con-logotipo-dorado\/","og_site_name":"Daisho","article_modified_time":"2025-02-27T14:29:21+00:00","og_image":[{"width":1200,"height":1200,"url":"https:\/\/www.daisho.be\/wp-content\/uploads\/2023\/05\/image-17.jpg","type":"image\/jpeg"}],"twitter_card":"summary_large_image","schema":{"@context":"https:\/\/schema.org","@graph":[{"@type":"WebPage","@id":"https:\/\/www.daisho.be\/es\/produit\/camiseta-adidas-negra-con-logotipo-dorado\/","url":"https:\/\/www.daisho.be\/es\/produit\/camiseta-adidas-negra-con-logotipo-dorado\/","name":"Camiseta Adidas negra con logotipo dorado &#8211; Daisho","isPartOf":{"@id":"https:\/\/www.daisho.be\/es\/#website"},"primaryImageOfPage":{"@id":"https:\/\/www.daisho.be\/es\/produit\/camiseta-adidas-negra-con-logotipo-dorado\/#primaryimage"},"image":{"@id":"https:\/\/www.daisho.be\/es\/produit\/camiseta-adidas-negra-con-logotipo-dorado\/#primaryimage"},"thumbnailUrl":"https:\/\/www.daisho.be\/wp-content\/uploads\/2023\/05\/image-17.jpg","datePublished":"2023-05-05T10:44:51+00:00","dateModified":"2025-02-27T14:29:21+00:00","description":"La camiseta Adidas es ideal para tus sesiones de entrenamiento y salidas informales. C\u00f3mprala en www.daisho.be|Daisho","breadcrumb":{"@id":"https:\/\/www.daisho.be\/es\/produit\/camiseta-adidas-negra-con-logotipo-dorado\/#breadcrumb"},"inLanguage":"es","potentialAction":[{"@type":"ReadAction","target":["https:\/\/www.daisho.be\/es\/produit\/camiseta-adidas-negra-con-logotipo-dorado\/"]}]},{"@type":"ImageObject","inLanguage":"es","@id":"https:\/\/www.daisho.be\/es\/produit\/camiseta-adidas-negra-con-logotipo-dorado\/#primaryimage","url":"https:\/\/www.daisho.be\/wp-content\/uploads\/2023\/05\/image-17.jpg","contentUrl":"https:\/\/www.daisho.be\/wp-content\/uploads\/2023\/05\/image-17.jpg","width":1200,"height":1200,"caption":"Camiseta Adidas negra con estampado dorado-1"},{"@type":"BreadcrumbList","@id":"https:\/\/www.daisho.be\/es\/produit\/camiseta-adidas-negra-con-logotipo-dorado\/#breadcrumb","itemListElement":[{"@type":"ListItem","position":1,"name":"Accueil","item":"https:\/\/www.daisho.be\/es\/"},{"@type":"ListItem","position":2,"name":"Productos","item":"https:\/\/www.daisho.be\/es\/productos\/"},{"@type":"ListItem","position":3,"name":"ADIDAS COMBAT SPORTS","item":"https:\/\/www.daisho.be\/es\/categorie-produit\/adidas-combat-sports-es\/"},{"@type":"ListItem","position":4,"name":"Deportes de combate","item":"https:\/\/www.daisho.be\/es\/categorie-produit\/adidas-combat-sports-es\/deportes-de-combate-es\/"},{"@type":"ListItem","position":5,"name":"Ropa deportiva de combate Adidas","item":"https:\/\/www.daisho.be\/es\/categorie-produit\/adidas-combat-sports-es\/deportes-de-combate-es\/ropa-deportiva-de-combate-adidas\/"},{"@type":"ListItem","position":6,"name":"Camiseta Adidas negra con logotipo dorado"}]},{"@type":"WebSite","@id":"https:\/\/www.daisho.be\/es\/#website","url":"https:\/\/www.daisho.be\/es\/","name":"Daisho","description":"Sp&eacute;cialiste de l'&eacute;quipement sportif d'arts martiaux","publisher":{"@id":"https:\/\/www.daisho.be\/es\/#organization"},"potentialAction":[{"@type":"SearchAction","target":{"@type":"EntryPoint","urlTemplate":"https:\/\/www.daisho.be\/es\/?s={search_term_string}"},"query-input":{"@type":"PropertyValueSpecification","valueRequired":true,"valueName":"search_term_string"}}],"inLanguage":"es"},{"@type":"Organization","@id":"https:\/\/www.daisho.be\/es\/#organization","name":"Daisho","url":"https:\/\/www.daisho.be\/es\/","logo":{"@type":"ImageObject","inLanguage":"es","@id":"https:\/\/www.daisho.be\/es\/#\/schema\/logo\/image\/","url":"https:\/\/www.daisho.be\/wp-content\/uploads\/2019\/07\/color-nothing-horizontale4x-e1564486100247.png","contentUrl":"https:\/\/www.daisho.be\/wp-content\/uploads\/2019\/07\/color-nothing-horizontale4x-e1564486100247.png","width":1547,"height":385,"caption":"Daisho"},"image":{"@id":"https:\/\/www.daisho.be\/es\/#\/schema\/logo\/image\/"}}]}},"_links":{"self":[{"href":"https:\/\/www.daisho.be\/es\/wp-json\/wp\/v2\/product\/360304","targetHints":{"allow":["GET"]}}],"collection":[{"href":"https:\/\/www.daisho.be\/es\/wp-json\/wp\/v2\/product"}],"about":[{"href":"https:\/\/www.daisho.be\/es\/wp-json\/wp\/v2\/types\/product"}],"replies":[{"embeddable":true,"href":"https:\/\/www.daisho.be\/es\/wp-json\/wp\/v2\/comments?post=360304"}],"wp:featuredmedia":[{"embeddable":true,"href":"https:\/\/www.daisho.be\/es\/wp-json\/wp\/v2\/media\/337556"}],"wp:attachment":[{"href":"https:\/\/www.daisho.be\/es\/wp-json\/wp\/v2\/media?parent=360304"}],"wp:term":[{"taxonomy":"product_brand","embeddable":true,"href":"https:\/\/www.daisho.be\/es\/wp-json\/wp\/v2\/product_brand?post=360304"},{"taxonomy":"product_cat","embeddable":true,"href":"https:\/\/www.daisho.be\/es\/wp-json\/wp\/v2\/product_cat?post=360304"},{"taxonomy":"product_tag","embeddable":true,"href":"https:\/\/www.daisho.be\/es\/wp-json\/wp\/v2\/product_tag?post=360304"},{"taxonomy":"sport","embeddable":true,"href":"https:\/\/www.daisho.be\/es\/wp-json\/wp\/v2\/sport?post=360304"}],"curies":[{"name":"wp","href":"https:\/\/api.w.org\/{rel}","templated":true}]}}