{"id":360249,"date":"2022-04-02T11:51:50","date_gmt":"2022-04-02T09:51:50","guid":{"rendered":"https:\/\/www.daisho.be\/produit\/zapatos-negros-de-kung-fu-y-wu-shu\/"},"modified":"2025-10-09T14:16:44","modified_gmt":"2025-10-09T12:16:44","slug":"zapatos-negros-de-kung-fu-y-wu-shu","status":"publish","type":"product","link":"https:\/\/www.daisho.be\/es\/produit\/zapatos-negros-de-kung-fu-y-wu-shu\/","title":{"rendered":"Zapatos negros de Kung Fu y Wu Shu"},"content":{"rendered":"<p>Sum\u00e9rgete en el coraz\u00f3n de las artes marciales chinas con estas zapatillas tradicionales, dise\u00f1adas para los practicantes de Kung Fu y Wushu.<br \/>\nFabricadas con lona de algod\u00f3n transpirable y con una suela de goma suave y antideslizante, ofrecen una comodidad \u00f3ptima y un agarre perfecto en todo tipo de terrenos. Su dise\u00f1o sobrio y atemporal las convierte en un art\u00edculo imprescindible para todos los entusiastas de las artes marciales.<br \/>\nSu dise\u00f1o sobrio y atemporal las convierte en un art\u00edculo imprescindible para todos los entusiastas de las artes marciales.<\/p>\n<p>Caracter\u00edsticas:<\/p>\n<p>Material: Lona de algod\u00f3n, suela de goma<br \/>\nTallas: Tallas 35 a 46 (peque\u00f1a)<br \/>\nColor: Negro<\/p>\n","protected":false},"excerpt":{"rendered":"<p>Sum\u00e9rgete en el coraz\u00f3n de las artes marciales chinas con estas zapatillas tradicionales, dise\u00f1adas para los practicantes de Kung Fu y Wushu. Fabricadas con lona de algod\u00f3n transpirable y con una suela de goma suave y antideslizante, ofrecen una comodidad \u00f3ptima y un agarre perfecto en todo tipo de terrenos. Su dise\u00f1o sobrio y atemporal [&hellip;]<\/p>\n","protected":false},"featured_media":471674,"comment_status":"open","ping_status":"closed","template":"","meta":{"inline_featured_image":false},"product_brand":[],"product_cat":[1495],"product_tag":[1804],"sport":[1117],"class_list":{"0":"post-360249","1":"product","2":"type-product","3":"status-publish","4":"has-post-thumbnail","6":"product_cat-zapatos","7":"product_tag-wacoku-es","8":"pa_size-400","9":"pa_size-399","10":"pa_size-398","11":"pa_size-397","12":"pa_size-396","13":"pa_size-395","14":"pa_size-394","15":"pa_size-393","16":"pa_size-392","17":"pa_size-391","18":"pa_size-390","19":"sport-equipement-pour-le-kung-fu","21":"first","22":"instock","23":"taxable","24":"shipping-taxable","25":"purchasable","26":"product-type-variable"},"yoast_head":"<!-- This site is optimized with the Yoast SEO plugin v27.2 - https:\/\/yoast.com\/product\/yoast-seo-wordpress\/ -->\n<title>Zapatos negros de Kung Fu y Wu Shu &#8211; Daisho<\/title>\n<meta name=\"description\" content=\"Descubre el calzado tradicional chino para practicantes de Kung Fu y Wu Shu. C\u00f3mpralos en www.daisho.be|Daisho\" \/>\n<meta name=\"robots\" content=\"index, follow, max-snippet:-1, max-image-preview:large, max-video-preview:-1\" \/>\n<link rel=\"canonical\" href=\"https:\/\/www.daisho.be\/es\/produit\/zapatos-negros-de-kung-fu-y-wu-shu\/\" \/>\n<meta property=\"og:locale\" content=\"es_ES\" \/>\n<meta property=\"og:type\" content=\"article\" \/>\n<meta property=\"og:title\" content=\"Zapatos negros de Kung Fu y Wu Shu &#8211; Daisho\" \/>\n<meta property=\"og:description\" content=\"Descubre el calzado tradicional chino para practicantes de Kung Fu y Wu Shu. C\u00f3mpralos en www.daisho.be|Daisho\" \/>\n<meta property=\"og:url\" content=\"https:\/\/www.daisho.be\/es\/produit\/zapatos-negros-de-kung-fu-y-wu-shu\/\" \/>\n<meta property=\"og:site_name\" content=\"Daisho\" \/>\n<meta property=\"article:modified_time\" content=\"2025-10-09T12:16:44+00:00\" \/>\n<meta property=\"og:image\" content=\"https:\/\/www.daisho.be\/wp-content\/uploads\/2024\/12\/image.webp\" \/>\n\t<meta property=\"og:image:width\" content=\"1200\" \/>\n\t<meta property=\"og:image:height\" content=\"816\" \/>\n\t<meta property=\"og:image:type\" content=\"image\/webp\" \/>\n<meta name=\"twitter:card\" content=\"summary_large_image\" \/>\n<meta name=\"twitter:label1\" content=\"Tiempo de lectura\" \/>\n\t<meta name=\"twitter:data1\" content=\"1 minuto\" \/>\n<script type=\"application\/ld+json\" class=\"yoast-schema-graph\">{\"@context\":\"https:\/\/schema.org\",\"@graph\":[{\"@type\":\"WebPage\",\"@id\":\"https:\/\/www.daisho.be\/es\/produit\/zapatos-negros-de-kung-fu-y-wu-shu\/\",\"url\":\"https:\/\/www.daisho.be\/es\/produit\/zapatos-negros-de-kung-fu-y-wu-shu\/\",\"name\":\"Zapatos negros de Kung Fu y Wu Shu &#8211; Daisho\",\"isPartOf\":{\"@id\":\"https:\/\/www.daisho.be\/es\/#website\"},\"primaryImageOfPage\":{\"@id\":\"https:\/\/www.daisho.be\/es\/produit\/zapatos-negros-de-kung-fu-y-wu-shu\/#primaryimage\"},\"image\":{\"@id\":\"https:\/\/www.daisho.be\/es\/produit\/zapatos-negros-de-kung-fu-y-wu-shu\/#primaryimage\"},\"thumbnailUrl\":\"https:\/\/www.daisho.be\/wp-content\/uploads\/2024\/12\/image.webp\",\"datePublished\":\"2022-04-02T09:51:50+00:00\",\"dateModified\":\"2025-10-09T12:16:44+00:00\",\"description\":\"Descubre el calzado tradicional chino para practicantes de Kung Fu y Wu Shu. C\u00f3mpralos en www.daisho.be|Daisho\",\"breadcrumb\":{\"@id\":\"https:\/\/www.daisho.be\/es\/produit\/zapatos-negros-de-kung-fu-y-wu-shu\/#breadcrumb\"},\"inLanguage\":\"es\",\"potentialAction\":[{\"@type\":\"ReadAction\",\"target\":[\"https:\/\/www.daisho.be\/es\/produit\/zapatos-negros-de-kung-fu-y-wu-shu\/\"]}]},{\"@type\":\"ImageObject\",\"inLanguage\":\"es\",\"@id\":\"https:\/\/www.daisho.be\/es\/produit\/zapatos-negros-de-kung-fu-y-wu-shu\/#primaryimage\",\"url\":\"https:\/\/www.daisho.be\/wp-content\/uploads\/2024\/12\/image.webp\",\"contentUrl\":\"https:\/\/www.daisho.be\/wp-content\/uploads\/2024\/12\/image.webp\",\"width\":1200,\"height\":816,\"caption\":\"Kung Fu negro y zapatos Wu Shu-1\"},{\"@type\":\"BreadcrumbList\",\"@id\":\"https:\/\/www.daisho.be\/es\/produit\/zapatos-negros-de-kung-fu-y-wu-shu\/#breadcrumb\",\"itemListElement\":[{\"@type\":\"ListItem\",\"position\":1,\"name\":\"Accueil\",\"item\":\"https:\/\/www.daisho.be\/es\/\"},{\"@type\":\"ListItem\",\"position\":2,\"name\":\"Productos\",\"item\":\"https:\/\/www.daisho.be\/es\/productos\/\"},{\"@type\":\"ListItem\",\"position\":3,\"name\":\"Deportes de combate\",\"item\":\"https:\/\/www.daisho.be\/es\/categorie-produit\/deportes-de-combate\/\"},{\"@type\":\"ListItem\",\"position\":4,\"name\":\"Zapatos\",\"item\":\"https:\/\/www.daisho.be\/es\/categorie-produit\/deportes-de-combate\/zapatos\/\"},{\"@type\":\"ListItem\",\"position\":5,\"name\":\"Zapatos negros de Kung Fu y Wu Shu\"}]},{\"@type\":\"WebSite\",\"@id\":\"https:\/\/www.daisho.be\/es\/#website\",\"url\":\"https:\/\/www.daisho.be\/es\/\",\"name\":\"Daisho\",\"description\":\"Sp&eacute;cialiste de l'&eacute;quipement sportif d'arts martiaux\",\"publisher\":{\"@id\":\"https:\/\/www.daisho.be\/es\/#organization\"},\"potentialAction\":[{\"@type\":\"SearchAction\",\"target\":{\"@type\":\"EntryPoint\",\"urlTemplate\":\"https:\/\/www.daisho.be\/es\/?s={search_term_string}\"},\"query-input\":{\"@type\":\"PropertyValueSpecification\",\"valueRequired\":true,\"valueName\":\"search_term_string\"}}],\"inLanguage\":\"es\"},{\"@type\":\"Organization\",\"@id\":\"https:\/\/www.daisho.be\/es\/#organization\",\"name\":\"Daisho\",\"url\":\"https:\/\/www.daisho.be\/es\/\",\"logo\":{\"@type\":\"ImageObject\",\"inLanguage\":\"es\",\"@id\":\"https:\/\/www.daisho.be\/es\/#\/schema\/logo\/image\/\",\"url\":\"https:\/\/www.daisho.be\/wp-content\/uploads\/2019\/07\/color-nothing-horizontale4x-e1564486100247.png\",\"contentUrl\":\"https:\/\/www.daisho.be\/wp-content\/uploads\/2019\/07\/color-nothing-horizontale4x-e1564486100247.png\",\"width\":1547,\"height\":385,\"caption\":\"Daisho\"},\"image\":{\"@id\":\"https:\/\/www.daisho.be\/es\/#\/schema\/logo\/image\/\"}}]}<\/script>\n<!-- \/ Yoast SEO plugin. -->","yoast_head_json":{"title":"Zapatos negros de Kung Fu y Wu Shu &#8211; Daisho","description":"Descubre el calzado tradicional chino para practicantes de Kung Fu y Wu Shu. C\u00f3mpralos en www.daisho.be|Daisho","robots":{"index":"index","follow":"follow","max-snippet":"max-snippet:-1","max-image-preview":"max-image-preview:large","max-video-preview":"max-video-preview:-1"},"canonical":"https:\/\/www.daisho.be\/es\/produit\/zapatos-negros-de-kung-fu-y-wu-shu\/","og_locale":"es_ES","og_type":"article","og_title":"Zapatos negros de Kung Fu y Wu Shu &#8211; Daisho","og_description":"Descubre el calzado tradicional chino para practicantes de Kung Fu y Wu Shu. C\u00f3mpralos en www.daisho.be|Daisho","og_url":"https:\/\/www.daisho.be\/es\/produit\/zapatos-negros-de-kung-fu-y-wu-shu\/","og_site_name":"Daisho","article_modified_time":"2025-10-09T12:16:44+00:00","og_image":[{"width":1200,"height":816,"url":"https:\/\/www.daisho.be\/wp-content\/uploads\/2024\/12\/image.webp","type":"image\/webp"}],"twitter_card":"summary_large_image","twitter_misc":{"Tiempo de lectura":"1 minuto"},"schema":{"@context":"https:\/\/schema.org","@graph":[{"@type":"WebPage","@id":"https:\/\/www.daisho.be\/es\/produit\/zapatos-negros-de-kung-fu-y-wu-shu\/","url":"https:\/\/www.daisho.be\/es\/produit\/zapatos-negros-de-kung-fu-y-wu-shu\/","name":"Zapatos negros de Kung Fu y Wu Shu &#8211; Daisho","isPartOf":{"@id":"https:\/\/www.daisho.be\/es\/#website"},"primaryImageOfPage":{"@id":"https:\/\/www.daisho.be\/es\/produit\/zapatos-negros-de-kung-fu-y-wu-shu\/#primaryimage"},"image":{"@id":"https:\/\/www.daisho.be\/es\/produit\/zapatos-negros-de-kung-fu-y-wu-shu\/#primaryimage"},"thumbnailUrl":"https:\/\/www.daisho.be\/wp-content\/uploads\/2024\/12\/image.webp","datePublished":"2022-04-02T09:51:50+00:00","dateModified":"2025-10-09T12:16:44+00:00","description":"Descubre el calzado tradicional chino para practicantes de Kung Fu y Wu Shu. C\u00f3mpralos en www.daisho.be|Daisho","breadcrumb":{"@id":"https:\/\/www.daisho.be\/es\/produit\/zapatos-negros-de-kung-fu-y-wu-shu\/#breadcrumb"},"inLanguage":"es","potentialAction":[{"@type":"ReadAction","target":["https:\/\/www.daisho.be\/es\/produit\/zapatos-negros-de-kung-fu-y-wu-shu\/"]}]},{"@type":"ImageObject","inLanguage":"es","@id":"https:\/\/www.daisho.be\/es\/produit\/zapatos-negros-de-kung-fu-y-wu-shu\/#primaryimage","url":"https:\/\/www.daisho.be\/wp-content\/uploads\/2024\/12\/image.webp","contentUrl":"https:\/\/www.daisho.be\/wp-content\/uploads\/2024\/12\/image.webp","width":1200,"height":816,"caption":"Kung Fu negro y zapatos Wu Shu-1"},{"@type":"BreadcrumbList","@id":"https:\/\/www.daisho.be\/es\/produit\/zapatos-negros-de-kung-fu-y-wu-shu\/#breadcrumb","itemListElement":[{"@type":"ListItem","position":1,"name":"Accueil","item":"https:\/\/www.daisho.be\/es\/"},{"@type":"ListItem","position":2,"name":"Productos","item":"https:\/\/www.daisho.be\/es\/productos\/"},{"@type":"ListItem","position":3,"name":"Deportes de combate","item":"https:\/\/www.daisho.be\/es\/categorie-produit\/deportes-de-combate\/"},{"@type":"ListItem","position":4,"name":"Zapatos","item":"https:\/\/www.daisho.be\/es\/categorie-produit\/deportes-de-combate\/zapatos\/"},{"@type":"ListItem","position":5,"name":"Zapatos negros de Kung Fu y Wu Shu"}]},{"@type":"WebSite","@id":"https:\/\/www.daisho.be\/es\/#website","url":"https:\/\/www.daisho.be\/es\/","name":"Daisho","description":"Sp&eacute;cialiste de l'&eacute;quipement sportif d'arts martiaux","publisher":{"@id":"https:\/\/www.daisho.be\/es\/#organization"},"potentialAction":[{"@type":"SearchAction","target":{"@type":"EntryPoint","urlTemplate":"https:\/\/www.daisho.be\/es\/?s={search_term_string}"},"query-input":{"@type":"PropertyValueSpecification","valueRequired":true,"valueName":"search_term_string"}}],"inLanguage":"es"},{"@type":"Organization","@id":"https:\/\/www.daisho.be\/es\/#organization","name":"Daisho","url":"https:\/\/www.daisho.be\/es\/","logo":{"@type":"ImageObject","inLanguage":"es","@id":"https:\/\/www.daisho.be\/es\/#\/schema\/logo\/image\/","url":"https:\/\/www.daisho.be\/wp-content\/uploads\/2019\/07\/color-nothing-horizontale4x-e1564486100247.png","contentUrl":"https:\/\/www.daisho.be\/wp-content\/uploads\/2019\/07\/color-nothing-horizontale4x-e1564486100247.png","width":1547,"height":385,"caption":"Daisho"},"image":{"@id":"https:\/\/www.daisho.be\/es\/#\/schema\/logo\/image\/"}}]}},"_links":{"self":[{"href":"https:\/\/www.daisho.be\/es\/wp-json\/wp\/v2\/product\/360249","targetHints":{"allow":["GET"]}}],"collection":[{"href":"https:\/\/www.daisho.be\/es\/wp-json\/wp\/v2\/product"}],"about":[{"href":"https:\/\/www.daisho.be\/es\/wp-json\/wp\/v2\/types\/product"}],"replies":[{"embeddable":true,"href":"https:\/\/www.daisho.be\/es\/wp-json\/wp\/v2\/comments?post=360249"}],"wp:featuredmedia":[{"embeddable":true,"href":"https:\/\/www.daisho.be\/es\/wp-json\/wp\/v2\/media\/471674"}],"wp:attachment":[{"href":"https:\/\/www.daisho.be\/es\/wp-json\/wp\/v2\/media?parent=360249"}],"wp:term":[{"taxonomy":"product_brand","embeddable":true,"href":"https:\/\/www.daisho.be\/es\/wp-json\/wp\/v2\/product_brand?post=360249"},{"taxonomy":"product_cat","embeddable":true,"href":"https:\/\/www.daisho.be\/es\/wp-json\/wp\/v2\/product_cat?post=360249"},{"taxonomy":"product_tag","embeddable":true,"href":"https:\/\/www.daisho.be\/es\/wp-json\/wp\/v2\/product_tag?post=360249"},{"taxonomy":"sport","embeddable":true,"href":"https:\/\/www.daisho.be\/es\/wp-json\/wp\/v2\/sport?post=360249"}],"curies":[{"name":"wp","href":"https:\/\/api.w.org\/{rel}","templated":true}]}}