{"id":360204,"date":"2022-03-14T22:04:48","date_gmt":"2022-03-14T21:04:48","guid":{"rendered":"https:\/\/www.daisho.be\/produit\/conjunto-essential-de-keikogi-de-algodon-chaqueta-cinturon-y-pantalon\/"},"modified":"2025-10-09T14:18:00","modified_gmt":"2025-10-09T12:18:00","slug":"conjunto-essential-de-keikogi-de-algodon-chaqueta-cinturon-y-pantalon","status":"publish","type":"product","link":"https:\/\/www.daisho.be\/es\/produit\/conjunto-essential-de-keikogi-de-algodon-chaqueta-cinturon-y-pantalon\/","title":{"rendered":"Conjunto \u00abEssential\u00bb de keikogi de algod\u00f3n (chaqueta, cintur\u00f3n y pantal\u00f3n)"},"content":{"rendered":"<p>Este conjunto incluye chaqueta, pantal\u00f3n y cintur\u00f3n blanco<br \/>\nEste conjunto esencial de kimono, pantal\u00f3n y cintur\u00f3n obi para aikido est\u00e1 recomendado para principiantes y practicantes de nivel intermedio.<br \/>\nFabricado en una sola capa, este conjunto de aikido est\u00e1 realmente hecho a la manera tradicional.<br \/>\nEste aikidogi est\u00e1 confeccionado de forma tradicional con un tejido sashiko en la parte superior para mayor durabilidad y con un patr\u00f3n rectangular, hishizashi, en la parte inferior para mayor flexibilidad, lo que lo hace c\u00f3modo de llevar y duradero.<br \/>\nEl corte est\u00e1 adaptado a los amplios movimientos del aikido, y no tiene costuras en la espalda para una mayor comodidad durante el Ukemi.<br \/>\nLos pantalones tambi\u00e9n est\u00e1n reforzados en las rodillas para hacerlos m\u00e1s resistentes al desgaste.<br \/>\nEl conjunto se vende con el cintur\u00f3n obi blanco.<br \/>\nSi buscas un conjunto b\u00e1sico para tu entrenamiento serio de aikido o si buscas un conjunto de aikido para principiantes, este conjunto esencial de Kimono y pantal\u00f3n tozando para aikido ser\u00e1 perfecto para ti.<br \/>\nMaterial: 100% algod\u00f3n blanqueado<br \/>\nEspecificaciones t\u00e9cnicas :<br \/>\n&#8211; La copa de aikido<br \/>\n&#8211; Conjunto de 3 piezas (kimono, pantal\u00f3n, cintur\u00f3n)<br \/>\n&#8211; Tejidos Sashiko y Hishizashi en el kimono<br \/>\n&#8211; Espalda sin costuras<br \/>\n&#8211; Rodillas del pantal\u00f3n reforzadas<br \/>\n&#8211; Pantal\u00f3n con cordones para asegurar<br \/>\nNota: Como siempre nos esforzamos por mejorar nuestros productos, es posible que encuentres ligeras diferencias entre los art\u00edculos seg\u00fan la talla o el tiempo (debido a que las tallas est\u00e1n agotadas y a que a veces se modifican los nuevos lotes).<br \/>\nNo se trata de defectos de fabricaci\u00f3n y garantizamos que su producto tendr\u00e1 la misma calidad que otros productos tozando.<\/p>\n","protected":false},"excerpt":{"rendered":"<p>Este conjunto incluye chaqueta, pantal\u00f3n y cintur\u00f3n blanco Este conjunto esencial de kimono, pantal\u00f3n y cintur\u00f3n obi para aikido est\u00e1 recomendado para principiantes y practicantes de nivel intermedio. Fabricado en una sola capa, este conjunto de aikido est\u00e1 realmente hecho a la manera tradicional. Este aikidogi est\u00e1 confeccionado de forma tradicional con un tejido sashiko [&hellip;]<\/p>\n","protected":false},"featured_media":431028,"comment_status":"closed","ping_status":"closed","template":"","meta":{"inline_featured_image":false},"product_brand":[],"product_cat":[1327,1326,1311],"product_tag":[1739],"sport":[],"class_list":{"0":"post-360204","1":"product","2":"type-product","3":"status-publish","4":"has-post-thumbnail","6":"product_cat-kimono-de-jujitsu-es","7":"product_cat-kimonos-de-aikido","8":"product_cat-trajes-kimonos","9":"product_tag-tozando-es-2","10":"pa_size-86","11":"pa_size-85","12":"pa_size-84","13":"pa_size-83","14":"pa_size-440","16":"first","17":"instock","18":"taxable","19":"shipping-taxable","20":"purchasable","21":"product-type-variable"},"yoast_head":"<!-- This site is optimized with the Yoast SEO plugin v27.2 - https:\/\/yoast.com\/product\/yoast-seo-wordpress\/ -->\n<title>Conjunto &quot;Essential&quot; de keikogi de algod\u00f3n (chaqueta, cintur\u00f3n y pantal\u00f3n) &#8211; Daisho<\/title>\n<meta name=\"description\" content=\"Descubre el conjunto de keikogi que incluye pantal\u00f3n, chaqueta y cintur\u00f3n blanco para principiantes. C\u00f3mpralo en www.daisho.be|Daisho\" \/>\n<meta name=\"robots\" content=\"index, follow, max-snippet:-1, max-image-preview:large, max-video-preview:-1\" \/>\n<link rel=\"canonical\" href=\"https:\/\/www.daisho.be\/es\/produit\/conjunto-essential-de-keikogi-de-algodon-chaqueta-cinturon-y-pantalon\/\" \/>\n<meta property=\"og:locale\" content=\"es_ES\" \/>\n<meta property=\"og:type\" content=\"article\" \/>\n<meta property=\"og:title\" content=\"Conjunto &quot;Essential&quot; de keikogi de algod\u00f3n (chaqueta, cintur\u00f3n y pantal\u00f3n) &#8211; Daisho\" \/>\n<meta property=\"og:description\" content=\"Descubre el conjunto de keikogi que incluye pantal\u00f3n, chaqueta y cintur\u00f3n blanco para principiantes. C\u00f3mpralo en www.daisho.be|Daisho\" \/>\n<meta property=\"og:url\" content=\"https:\/\/www.daisho.be\/es\/produit\/conjunto-essential-de-keikogi-de-algodon-chaqueta-cinturon-y-pantalon\/\" \/>\n<meta property=\"og:site_name\" content=\"Daisho\" \/>\n<meta property=\"article:modified_time\" content=\"2025-10-09T12:18:00+00:00\" \/>\n<meta property=\"og:image\" content=\"https:\/\/www.daisho.be\/wp-content\/uploads\/2024\/09\/image-7.webp\" \/>\n\t<meta property=\"og:image:width\" content=\"695\" \/>\n\t<meta property=\"og:image:height\" content=\"695\" \/>\n\t<meta property=\"og:image:type\" content=\"image\/webp\" \/>\n<meta name=\"twitter:card\" content=\"summary_large_image\" \/>\n<meta name=\"twitter:label1\" content=\"Tiempo de lectura\" \/>\n\t<meta name=\"twitter:data1\" content=\"1 minuto\" \/>\n<script type=\"application\/ld+json\" class=\"yoast-schema-graph\">{\"@context\":\"https:\/\/schema.org\",\"@graph\":[{\"@type\":\"WebPage\",\"@id\":\"https:\/\/www.daisho.be\/es\/produit\/conjunto-essential-de-keikogi-de-algodon-chaqueta-cinturon-y-pantalon\/\",\"url\":\"https:\/\/www.daisho.be\/es\/produit\/conjunto-essential-de-keikogi-de-algodon-chaqueta-cinturon-y-pantalon\/\",\"name\":\"Conjunto \\\"Essential\\\" de keikogi de algod\u00f3n (chaqueta, cintur\u00f3n y pantal\u00f3n) &#8211; Daisho\",\"isPartOf\":{\"@id\":\"https:\/\/www.daisho.be\/es\/#website\"},\"primaryImageOfPage\":{\"@id\":\"https:\/\/www.daisho.be\/es\/produit\/conjunto-essential-de-keikogi-de-algodon-chaqueta-cinturon-y-pantalon\/#primaryimage\"},\"image\":{\"@id\":\"https:\/\/www.daisho.be\/es\/produit\/conjunto-essential-de-keikogi-de-algodon-chaqueta-cinturon-y-pantalon\/#primaryimage\"},\"thumbnailUrl\":\"https:\/\/www.daisho.be\/wp-content\/uploads\/2024\/09\/image-7.webp\",\"datePublished\":\"2022-03-14T21:04:48+00:00\",\"dateModified\":\"2025-10-09T12:18:00+00:00\",\"description\":\"Descubre el conjunto de keikogi que incluye pantal\u00f3n, chaqueta y cintur\u00f3n blanco para principiantes. C\u00f3mpralo en www.daisho.be|Daisho\",\"breadcrumb\":{\"@id\":\"https:\/\/www.daisho.be\/es\/produit\/conjunto-essential-de-keikogi-de-algodon-chaqueta-cinturon-y-pantalon\/#breadcrumb\"},\"inLanguage\":\"es\",\"potentialAction\":[{\"@type\":\"ReadAction\",\"target\":[\"https:\/\/www.daisho.be\/es\/produit\/conjunto-essential-de-keikogi-de-algodon-chaqueta-cinturon-y-pantalon\/\"]}]},{\"@type\":\"ImageObject\",\"inLanguage\":\"es\",\"@id\":\"https:\/\/www.daisho.be\/es\/produit\/conjunto-essential-de-keikogi-de-algodon-chaqueta-cinturon-y-pantalon\/#primaryimage\",\"url\":\"https:\/\/www.daisho.be\/wp-content\/uploads\/2024\/09\/image-7.webp\",\"contentUrl\":\"https:\/\/www.daisho.be\/wp-content\/uploads\/2024\/09\/image-7.webp\",\"width\":695,\"height\":695,\"caption\":\"Conjunto keikogi de algod\u00f3n \\\"Essential\\\" (chaqueta, cintur\u00f3n y pantal\u00f3n)-1\"},{\"@type\":\"BreadcrumbList\",\"@id\":\"https:\/\/www.daisho.be\/es\/produit\/conjunto-essential-de-keikogi-de-algodon-chaqueta-cinturon-y-pantalon\/#breadcrumb\",\"itemListElement\":[{\"@type\":\"ListItem\",\"position\":1,\"name\":\"Accueil\",\"item\":\"https:\/\/www.daisho.be\/es\/\"},{\"@type\":\"ListItem\",\"position\":2,\"name\":\"Productos\",\"item\":\"https:\/\/www.daisho.be\/es\/productos\/\"},{\"@type\":\"ListItem\",\"position\":3,\"name\":\"Equipamiento y ropa para artes marciales y deportes de combate\",\"item\":\"https:\/\/www.daisho.be\/es\/categorie-produit\/equipamiento-y-ropa-para-artes-marciales-y-deportes-de-combate\/\"},{\"@type\":\"ListItem\",\"position\":4,\"name\":\"Jujitsu y jiu-jitsu brasile\u00f1os\",\"item\":\"https:\/\/www.daisho.be\/es\/categorie-produit\/equipamiento-y-ropa-para-artes-marciales-y-deportes-de-combate\/jujitsu-y-jiu-jitsu-brasilenos\/\"},{\"@type\":\"ListItem\",\"position\":5,\"name\":\"Kimono de Jujitsu\",\"item\":\"https:\/\/www.daisho.be\/es\/categorie-produit\/equipamiento-y-ropa-para-artes-marciales-y-deportes-de-combate\/jujitsu-y-jiu-jitsu-brasilenos\/kimono-de-jujitsu-es\/\"},{\"@type\":\"ListItem\",\"position\":6,\"name\":\"Conjunto \u00abEssential\u00bb de keikogi de algod\u00f3n (chaqueta, cintur\u00f3n y pantal\u00f3n)\"}]},{\"@type\":\"WebSite\",\"@id\":\"https:\/\/www.daisho.be\/es\/#website\",\"url\":\"https:\/\/www.daisho.be\/es\/\",\"name\":\"Daisho\",\"description\":\"Sp&eacute;cialiste de l'&eacute;quipement sportif d'arts martiaux\",\"publisher\":{\"@id\":\"https:\/\/www.daisho.be\/es\/#organization\"},\"potentialAction\":[{\"@type\":\"SearchAction\",\"target\":{\"@type\":\"EntryPoint\",\"urlTemplate\":\"https:\/\/www.daisho.be\/es\/?s={search_term_string}\"},\"query-input\":{\"@type\":\"PropertyValueSpecification\",\"valueRequired\":true,\"valueName\":\"search_term_string\"}}],\"inLanguage\":\"es\"},{\"@type\":\"Organization\",\"@id\":\"https:\/\/www.daisho.be\/es\/#organization\",\"name\":\"Daisho\",\"url\":\"https:\/\/www.daisho.be\/es\/\",\"logo\":{\"@type\":\"ImageObject\",\"inLanguage\":\"es\",\"@id\":\"https:\/\/www.daisho.be\/es\/#\/schema\/logo\/image\/\",\"url\":\"https:\/\/www.daisho.be\/wp-content\/uploads\/2019\/07\/color-nothing-horizontale4x-e1564486100247.png\",\"contentUrl\":\"https:\/\/www.daisho.be\/wp-content\/uploads\/2019\/07\/color-nothing-horizontale4x-e1564486100247.png\",\"width\":1547,\"height\":385,\"caption\":\"Daisho\"},\"image\":{\"@id\":\"https:\/\/www.daisho.be\/es\/#\/schema\/logo\/image\/\"}}]}<\/script>\n<!-- \/ Yoast SEO plugin. -->","yoast_head_json":{"title":"Conjunto \"Essential\" de keikogi de algod\u00f3n (chaqueta, cintur\u00f3n y pantal\u00f3n) &#8211; Daisho","description":"Descubre el conjunto de keikogi que incluye pantal\u00f3n, chaqueta y cintur\u00f3n blanco para principiantes. C\u00f3mpralo en www.daisho.be|Daisho","robots":{"index":"index","follow":"follow","max-snippet":"max-snippet:-1","max-image-preview":"max-image-preview:large","max-video-preview":"max-video-preview:-1"},"canonical":"https:\/\/www.daisho.be\/es\/produit\/conjunto-essential-de-keikogi-de-algodon-chaqueta-cinturon-y-pantalon\/","og_locale":"es_ES","og_type":"article","og_title":"Conjunto \"Essential\" de keikogi de algod\u00f3n (chaqueta, cintur\u00f3n y pantal\u00f3n) &#8211; Daisho","og_description":"Descubre el conjunto de keikogi que incluye pantal\u00f3n, chaqueta y cintur\u00f3n blanco para principiantes. C\u00f3mpralo en www.daisho.be|Daisho","og_url":"https:\/\/www.daisho.be\/es\/produit\/conjunto-essential-de-keikogi-de-algodon-chaqueta-cinturon-y-pantalon\/","og_site_name":"Daisho","article_modified_time":"2025-10-09T12:18:00+00:00","og_image":[{"width":695,"height":695,"url":"https:\/\/www.daisho.be\/wp-content\/uploads\/2024\/09\/image-7.webp","type":"image\/webp"}],"twitter_card":"summary_large_image","twitter_misc":{"Tiempo de lectura":"1 minuto"},"schema":{"@context":"https:\/\/schema.org","@graph":[{"@type":"WebPage","@id":"https:\/\/www.daisho.be\/es\/produit\/conjunto-essential-de-keikogi-de-algodon-chaqueta-cinturon-y-pantalon\/","url":"https:\/\/www.daisho.be\/es\/produit\/conjunto-essential-de-keikogi-de-algodon-chaqueta-cinturon-y-pantalon\/","name":"Conjunto \"Essential\" de keikogi de algod\u00f3n (chaqueta, cintur\u00f3n y pantal\u00f3n) &#8211; Daisho","isPartOf":{"@id":"https:\/\/www.daisho.be\/es\/#website"},"primaryImageOfPage":{"@id":"https:\/\/www.daisho.be\/es\/produit\/conjunto-essential-de-keikogi-de-algodon-chaqueta-cinturon-y-pantalon\/#primaryimage"},"image":{"@id":"https:\/\/www.daisho.be\/es\/produit\/conjunto-essential-de-keikogi-de-algodon-chaqueta-cinturon-y-pantalon\/#primaryimage"},"thumbnailUrl":"https:\/\/www.daisho.be\/wp-content\/uploads\/2024\/09\/image-7.webp","datePublished":"2022-03-14T21:04:48+00:00","dateModified":"2025-10-09T12:18:00+00:00","description":"Descubre el conjunto de keikogi que incluye pantal\u00f3n, chaqueta y cintur\u00f3n blanco para principiantes. C\u00f3mpralo en www.daisho.be|Daisho","breadcrumb":{"@id":"https:\/\/www.daisho.be\/es\/produit\/conjunto-essential-de-keikogi-de-algodon-chaqueta-cinturon-y-pantalon\/#breadcrumb"},"inLanguage":"es","potentialAction":[{"@type":"ReadAction","target":["https:\/\/www.daisho.be\/es\/produit\/conjunto-essential-de-keikogi-de-algodon-chaqueta-cinturon-y-pantalon\/"]}]},{"@type":"ImageObject","inLanguage":"es","@id":"https:\/\/www.daisho.be\/es\/produit\/conjunto-essential-de-keikogi-de-algodon-chaqueta-cinturon-y-pantalon\/#primaryimage","url":"https:\/\/www.daisho.be\/wp-content\/uploads\/2024\/09\/image-7.webp","contentUrl":"https:\/\/www.daisho.be\/wp-content\/uploads\/2024\/09\/image-7.webp","width":695,"height":695,"caption":"Conjunto keikogi de algod\u00f3n \"Essential\" (chaqueta, cintur\u00f3n y pantal\u00f3n)-1"},{"@type":"BreadcrumbList","@id":"https:\/\/www.daisho.be\/es\/produit\/conjunto-essential-de-keikogi-de-algodon-chaqueta-cinturon-y-pantalon\/#breadcrumb","itemListElement":[{"@type":"ListItem","position":1,"name":"Accueil","item":"https:\/\/www.daisho.be\/es\/"},{"@type":"ListItem","position":2,"name":"Productos","item":"https:\/\/www.daisho.be\/es\/productos\/"},{"@type":"ListItem","position":3,"name":"Equipamiento y ropa para artes marciales y deportes de combate","item":"https:\/\/www.daisho.be\/es\/categorie-produit\/equipamiento-y-ropa-para-artes-marciales-y-deportes-de-combate\/"},{"@type":"ListItem","position":4,"name":"Jujitsu y jiu-jitsu brasile\u00f1os","item":"https:\/\/www.daisho.be\/es\/categorie-produit\/equipamiento-y-ropa-para-artes-marciales-y-deportes-de-combate\/jujitsu-y-jiu-jitsu-brasilenos\/"},{"@type":"ListItem","position":5,"name":"Kimono de Jujitsu","item":"https:\/\/www.daisho.be\/es\/categorie-produit\/equipamiento-y-ropa-para-artes-marciales-y-deportes-de-combate\/jujitsu-y-jiu-jitsu-brasilenos\/kimono-de-jujitsu-es\/"},{"@type":"ListItem","position":6,"name":"Conjunto \u00abEssential\u00bb de keikogi de algod\u00f3n (chaqueta, cintur\u00f3n y pantal\u00f3n)"}]},{"@type":"WebSite","@id":"https:\/\/www.daisho.be\/es\/#website","url":"https:\/\/www.daisho.be\/es\/","name":"Daisho","description":"Sp&eacute;cialiste de l'&eacute;quipement sportif d'arts martiaux","publisher":{"@id":"https:\/\/www.daisho.be\/es\/#organization"},"potentialAction":[{"@type":"SearchAction","target":{"@type":"EntryPoint","urlTemplate":"https:\/\/www.daisho.be\/es\/?s={search_term_string}"},"query-input":{"@type":"PropertyValueSpecification","valueRequired":true,"valueName":"search_term_string"}}],"inLanguage":"es"},{"@type":"Organization","@id":"https:\/\/www.daisho.be\/es\/#organization","name":"Daisho","url":"https:\/\/www.daisho.be\/es\/","logo":{"@type":"ImageObject","inLanguage":"es","@id":"https:\/\/www.daisho.be\/es\/#\/schema\/logo\/image\/","url":"https:\/\/www.daisho.be\/wp-content\/uploads\/2019\/07\/color-nothing-horizontale4x-e1564486100247.png","contentUrl":"https:\/\/www.daisho.be\/wp-content\/uploads\/2019\/07\/color-nothing-horizontale4x-e1564486100247.png","width":1547,"height":385,"caption":"Daisho"},"image":{"@id":"https:\/\/www.daisho.be\/es\/#\/schema\/logo\/image\/"}}]}},"_links":{"self":[{"href":"https:\/\/www.daisho.be\/es\/wp-json\/wp\/v2\/product\/360204","targetHints":{"allow":["GET"]}}],"collection":[{"href":"https:\/\/www.daisho.be\/es\/wp-json\/wp\/v2\/product"}],"about":[{"href":"https:\/\/www.daisho.be\/es\/wp-json\/wp\/v2\/types\/product"}],"replies":[{"embeddable":true,"href":"https:\/\/www.daisho.be\/es\/wp-json\/wp\/v2\/comments?post=360204"}],"wp:featuredmedia":[{"embeddable":true,"href":"https:\/\/www.daisho.be\/es\/wp-json\/wp\/v2\/media\/431028"}],"wp:attachment":[{"href":"https:\/\/www.daisho.be\/es\/wp-json\/wp\/v2\/media?parent=360204"}],"wp:term":[{"taxonomy":"product_brand","embeddable":true,"href":"https:\/\/www.daisho.be\/es\/wp-json\/wp\/v2\/product_brand?post=360204"},{"taxonomy":"product_cat","embeddable":true,"href":"https:\/\/www.daisho.be\/es\/wp-json\/wp\/v2\/product_cat?post=360204"},{"taxonomy":"product_tag","embeddable":true,"href":"https:\/\/www.daisho.be\/es\/wp-json\/wp\/v2\/product_tag?post=360204"},{"taxonomy":"sport","embeddable":true,"href":"https:\/\/www.daisho.be\/es\/wp-json\/wp\/v2\/sport?post=360204"}],"curies":[{"name":"wp","href":"https:\/\/api.w.org\/{rel}","templated":true}]}}