{"id":360157,"date":"2022-03-14T22:04:05","date_gmt":"2022-03-14T21:04:05","guid":{"rendered":"https:\/\/www.daisho.be\/produit\/juego-de-keikogis-ai-de-alta-calidad-slim\/"},"modified":"2022-03-14T22:04:05","modified_gmt":"2022-03-14T21:04:05","slug":"juego-de-keikogis-ai-de-alta-calidad-slim","status":"publish","type":"product","link":"https:\/\/www.daisho.be\/es\/produit\/juego-de-keikogis-ai-de-alta-calidad-slim\/","title":{"rendered":"Juego de keikogis \u00abAI\u00bb de alta calidad &#8211; Slim"},"content":{"rendered":"<p>Se trata de un conjunto de kimono y pantal\u00f3n de alta calidad, confeccionado tradicionalmente para el aikido.<br \/>\nEl top aikidogi est\u00e1 confeccionado de forma tradicional con una sola capa de tejido Sashiko de peso medio en la parte superior para mayor durabilidad y con patrones rectangulares, Hishizashi, en la parte inferior para mayor flexibilidad. Est\u00e1 hecho para tener un equilibrio perfecto entre grosor y peso. Adem\u00e1s, esta caracter\u00edstica permite utilizarlo durante todo el a\u00f1o.<br \/>\nLa tela Sashiko se teje en Jap\u00f3n con un alto nivel de apariencia y calidad.<br \/>\nHemos hecho la parte trasera del kimono sin costuras, para que no te sientas inc\u00f3modo o dolorido cuando caigas de espaldas durante Ukemi.<br \/>\nLos pantalones est\u00e1n hechos de lona de algod\u00f3n gruesa y resistente, forrados en la parte delantera y en la parte inferior del muslo para reforzar los pantalones para arrodillarse.<br \/>\nLas otras partes del pantal\u00f3n est\u00e1n confeccionadas con un tejido sencillo que se seca r\u00e1pidamente y es m\u00e1s c\u00f3modo de llevar.<br \/>\nLos pantalones son ajustados y se sujetan en las caderas con cordones.<br \/>\nA diferencia de muchos \u00abkimonos de aikido\u00bb vendidos por otras marcas, que venden los uniformes de judo como \u00abuniformes de aikido\u00bb, los kimonos y pantalones de aikido Tozando est\u00e1n hechos especialmente para el aikido.<br \/>\nPor ejemplo, nuestro kimono de aikido tiene un corte m\u00e1s profundo en la axila para proporcionar un mejor ajuste y evitar que el kimono pierda su forma al llevarlo puesto. Adem\u00e1s, sin las costuras en la espalda, no te doler\u00e1 cuando te caigas del Ukemi.<br \/>\nEl pantal\u00f3n est\u00e1 hecho para ser resistente y f\u00e1cil de mover, teniendo en cuenta que el kimono y el pantal\u00f3n puedan soportar los movimientos \u00fanicos de los practicantes de aikido.<br \/>\nMuy recomendable para jinetes principiantes e intermedios.<br \/>\nEstos kimonos y pantalones est\u00e1n confeccionados por artesanos experimentados en las f\u00e1bricas tozando de Iwate (Jap\u00f3n).<br \/>\nCaracter\u00edsticas :<br \/>\n&#8211; El kimono y los pantalones son de algod\u00f3n 100%.<br \/>\n&#8211; Tejido Sashiko en la parte superior y estampado Hishizashi en la inferior<br \/>\n&#8211; Espalda sin costuras<br \/>\n&#8211; Hay disponibles modelos Regular Fit y Slim Fit \u00abtipo Y\u00bb.<br \/>\n&#8211; Recomendado para principiantes y practicantes de nivel intermedio<\/p>\n","protected":false},"excerpt":{"rendered":"<p>Se trata de un conjunto de kimono y pantal\u00f3n de alta calidad, confeccionado tradicionalmente para el aikido. El top aikidogi est\u00e1 confeccionado de forma tradicional con una sola capa de tejido Sashiko de peso medio en la parte superior para mayor durabilidad y con patrones rectangulares, Hishizashi, en la parte inferior para mayor flexibilidad. Est\u00e1 [&hellip;]<\/p>\n","protected":false},"featured_media":332836,"comment_status":"open","ping_status":"closed","template":"","meta":{"inline_featured_image":false},"product_brand":[],"product_cat":[1326],"product_tag":[1739],"sport":[],"class_list":{"0":"post-360157","1":"product","2":"type-product","3":"status-publish","4":"has-post-thumbnail","6":"product_cat-kimonos-de-aikido","7":"product_tag-tozando-es-2","8":"pa_size-85","9":"pa_size-35-2","10":"pa_size-84","11":"pa_size-45-2","13":"first","14":"instock","15":"taxable","16":"shipping-taxable","17":"purchasable","18":"product-type-variable"},"yoast_head":"<!-- This site is optimized with the Yoast SEO plugin v27.2 - https:\/\/yoast.com\/product\/yoast-seo-wordpress\/ -->\n<title>Juego de keikogis &quot;AI&quot; de alta calidad - Slim &#8211; Daisho<\/title>\n<meta name=\"robots\" content=\"index, follow, max-snippet:-1, max-image-preview:large, max-video-preview:-1\" \/>\n<link rel=\"canonical\" href=\"https:\/\/www.daisho.be\/es\/produit\/juego-de-keikogis-ai-de-alta-calidad-slim\/\" \/>\n<meta property=\"og:locale\" content=\"es_ES\" \/>\n<meta property=\"og:type\" content=\"article\" \/>\n<meta property=\"og:title\" content=\"Juego de keikogis &quot;AI&quot; de alta calidad - Slim &#8211; Daisho\" \/>\n<meta property=\"og:description\" content=\"Se trata de un conjunto de kimono y pantal\u00f3n de alta calidad, confeccionado tradicionalmente para el aikido. El top aikidogi est\u00e1 confeccionado de forma tradicional con una sola capa de tejido Sashiko de peso medio en la parte superior para mayor durabilidad y con patrones rectangulares, Hishizashi, en la parte inferior para mayor flexibilidad. Est\u00e1 [&hellip;]\" \/>\n<meta property=\"og:url\" content=\"https:\/\/www.daisho.be\/es\/produit\/juego-de-keikogis-ai-de-alta-calidad-slim\/\" \/>\n<meta property=\"og:site_name\" content=\"Daisho\" \/>\n<meta property=\"og:image\" content=\"https:\/\/www.daisho.be\/wp-content\/uploads\/2022\/03\/image-78.jpg\" \/>\n\t<meta property=\"og:image:width\" content=\"600\" \/>\n\t<meta property=\"og:image:height\" content=\"600\" \/>\n\t<meta property=\"og:image:type\" content=\"image\/jpeg\" \/>\n<meta name=\"twitter:card\" content=\"summary_large_image\" \/>\n<meta name=\"twitter:label1\" content=\"Tiempo de lectura\" \/>\n\t<meta name=\"twitter:data1\" content=\"2 minutos\" \/>\n<script type=\"application\/ld+json\" class=\"yoast-schema-graph\">{\"@context\":\"https:\/\/schema.org\",\"@graph\":[{\"@type\":\"WebPage\",\"@id\":\"https:\/\/www.daisho.be\/es\/produit\/juego-de-keikogis-ai-de-alta-calidad-slim\/\",\"url\":\"https:\/\/www.daisho.be\/es\/produit\/juego-de-keikogis-ai-de-alta-calidad-slim\/\",\"name\":\"Juego de keikogis \\\"AI\\\" de alta calidad - Slim &#8211; Daisho\",\"isPartOf\":{\"@id\":\"https:\/\/www.daisho.be\/es\/#website\"},\"primaryImageOfPage\":{\"@id\":\"https:\/\/www.daisho.be\/es\/produit\/juego-de-keikogis-ai-de-alta-calidad-slim\/#primaryimage\"},\"image\":{\"@id\":\"https:\/\/www.daisho.be\/es\/produit\/juego-de-keikogis-ai-de-alta-calidad-slim\/#primaryimage\"},\"thumbnailUrl\":\"https:\/\/www.daisho.be\/wp-content\/uploads\/2022\/03\/image-78.jpg\",\"datePublished\":\"2022-03-14T21:04:05+00:00\",\"breadcrumb\":{\"@id\":\"https:\/\/www.daisho.be\/es\/produit\/juego-de-keikogis-ai-de-alta-calidad-slim\/#breadcrumb\"},\"inLanguage\":\"es\",\"potentialAction\":[{\"@type\":\"ReadAction\",\"target\":[\"https:\/\/www.daisho.be\/es\/produit\/juego-de-keikogis-ai-de-alta-calidad-slim\/\"]}]},{\"@type\":\"ImageObject\",\"inLanguage\":\"es\",\"@id\":\"https:\/\/www.daisho.be\/es\/produit\/juego-de-keikogis-ai-de-alta-calidad-slim\/#primaryimage\",\"url\":\"https:\/\/www.daisho.be\/wp-content\/uploads\/2022\/03\/image-78.jpg\",\"contentUrl\":\"https:\/\/www.daisho.be\/wp-content\/uploads\/2022\/03\/image-78.jpg\",\"width\":600,\"height\":600,\"caption\":\"Juego de keikogis \\\"AI\\\" de alta calidad - Slim-1\"},{\"@type\":\"BreadcrumbList\",\"@id\":\"https:\/\/www.daisho.be\/es\/produit\/juego-de-keikogis-ai-de-alta-calidad-slim\/#breadcrumb\",\"itemListElement\":[{\"@type\":\"ListItem\",\"position\":1,\"name\":\"Accueil\",\"item\":\"https:\/\/www.daisho.be\/es\/\"},{\"@type\":\"ListItem\",\"position\":2,\"name\":\"Productos\",\"item\":\"https:\/\/www.daisho.be\/es\/productos\/\"},{\"@type\":\"ListItem\",\"position\":3,\"name\":\"Equipamiento y ropa para artes marciales y deportes de combate\",\"item\":\"https:\/\/www.daisho.be\/es\/categorie-produit\/equipamiento-y-ropa-para-artes-marciales-y-deportes-de-combate\/\"},{\"@type\":\"ListItem\",\"position\":4,\"name\":\"Aikido\",\"item\":\"https:\/\/www.daisho.be\/es\/categorie-produit\/equipamiento-y-ropa-para-artes-marciales-y-deportes-de-combate\/aikido-es\/\"},{\"@type\":\"ListItem\",\"position\":5,\"name\":\"Kimonos de Aikido\",\"item\":\"https:\/\/www.daisho.be\/es\/categorie-produit\/equipamiento-y-ropa-para-artes-marciales-y-deportes-de-combate\/aikido-es\/kimonos-de-aikido\/\"},{\"@type\":\"ListItem\",\"position\":6,\"name\":\"Juego de keikogis \u00abAI\u00bb de alta calidad &#8211; Slim\"}]},{\"@type\":\"WebSite\",\"@id\":\"https:\/\/www.daisho.be\/es\/#website\",\"url\":\"https:\/\/www.daisho.be\/es\/\",\"name\":\"Daisho\",\"description\":\"Sp&eacute;cialiste de l'&eacute;quipement sportif d'arts martiaux\",\"publisher\":{\"@id\":\"https:\/\/www.daisho.be\/es\/#organization\"},\"potentialAction\":[{\"@type\":\"SearchAction\",\"target\":{\"@type\":\"EntryPoint\",\"urlTemplate\":\"https:\/\/www.daisho.be\/es\/?s={search_term_string}\"},\"query-input\":{\"@type\":\"PropertyValueSpecification\",\"valueRequired\":true,\"valueName\":\"search_term_string\"}}],\"inLanguage\":\"es\"},{\"@type\":\"Organization\",\"@id\":\"https:\/\/www.daisho.be\/es\/#organization\",\"name\":\"Daisho\",\"url\":\"https:\/\/www.daisho.be\/es\/\",\"logo\":{\"@type\":\"ImageObject\",\"inLanguage\":\"es\",\"@id\":\"https:\/\/www.daisho.be\/es\/#\/schema\/logo\/image\/\",\"url\":\"https:\/\/www.daisho.be\/wp-content\/uploads\/2019\/07\/color-nothing-horizontale4x-e1564486100247.png\",\"contentUrl\":\"https:\/\/www.daisho.be\/wp-content\/uploads\/2019\/07\/color-nothing-horizontale4x-e1564486100247.png\",\"width\":1547,\"height\":385,\"caption\":\"Daisho\"},\"image\":{\"@id\":\"https:\/\/www.daisho.be\/es\/#\/schema\/logo\/image\/\"}}]}<\/script>\n<!-- \/ Yoast SEO plugin. -->","yoast_head_json":{"title":"Juego de keikogis \"AI\" de alta calidad - Slim &#8211; Daisho","robots":{"index":"index","follow":"follow","max-snippet":"max-snippet:-1","max-image-preview":"max-image-preview:large","max-video-preview":"max-video-preview:-1"},"canonical":"https:\/\/www.daisho.be\/es\/produit\/juego-de-keikogis-ai-de-alta-calidad-slim\/","og_locale":"es_ES","og_type":"article","og_title":"Juego de keikogis \"AI\" de alta calidad - Slim &#8211; Daisho","og_description":"Se trata de un conjunto de kimono y pantal\u00f3n de alta calidad, confeccionado tradicionalmente para el aikido. El top aikidogi est\u00e1 confeccionado de forma tradicional con una sola capa de tejido Sashiko de peso medio en la parte superior para mayor durabilidad y con patrones rectangulares, Hishizashi, en la parte inferior para mayor flexibilidad. Est\u00e1 [&hellip;]","og_url":"https:\/\/www.daisho.be\/es\/produit\/juego-de-keikogis-ai-de-alta-calidad-slim\/","og_site_name":"Daisho","og_image":[{"width":600,"height":600,"url":"https:\/\/www.daisho.be\/wp-content\/uploads\/2022\/03\/image-78.jpg","type":"image\/jpeg"}],"twitter_card":"summary_large_image","twitter_misc":{"Tiempo de lectura":"2 minutos"},"schema":{"@context":"https:\/\/schema.org","@graph":[{"@type":"WebPage","@id":"https:\/\/www.daisho.be\/es\/produit\/juego-de-keikogis-ai-de-alta-calidad-slim\/","url":"https:\/\/www.daisho.be\/es\/produit\/juego-de-keikogis-ai-de-alta-calidad-slim\/","name":"Juego de keikogis \"AI\" de alta calidad - Slim &#8211; Daisho","isPartOf":{"@id":"https:\/\/www.daisho.be\/es\/#website"},"primaryImageOfPage":{"@id":"https:\/\/www.daisho.be\/es\/produit\/juego-de-keikogis-ai-de-alta-calidad-slim\/#primaryimage"},"image":{"@id":"https:\/\/www.daisho.be\/es\/produit\/juego-de-keikogis-ai-de-alta-calidad-slim\/#primaryimage"},"thumbnailUrl":"https:\/\/www.daisho.be\/wp-content\/uploads\/2022\/03\/image-78.jpg","datePublished":"2022-03-14T21:04:05+00:00","breadcrumb":{"@id":"https:\/\/www.daisho.be\/es\/produit\/juego-de-keikogis-ai-de-alta-calidad-slim\/#breadcrumb"},"inLanguage":"es","potentialAction":[{"@type":"ReadAction","target":["https:\/\/www.daisho.be\/es\/produit\/juego-de-keikogis-ai-de-alta-calidad-slim\/"]}]},{"@type":"ImageObject","inLanguage":"es","@id":"https:\/\/www.daisho.be\/es\/produit\/juego-de-keikogis-ai-de-alta-calidad-slim\/#primaryimage","url":"https:\/\/www.daisho.be\/wp-content\/uploads\/2022\/03\/image-78.jpg","contentUrl":"https:\/\/www.daisho.be\/wp-content\/uploads\/2022\/03\/image-78.jpg","width":600,"height":600,"caption":"Juego de keikogis \"AI\" de alta calidad - Slim-1"},{"@type":"BreadcrumbList","@id":"https:\/\/www.daisho.be\/es\/produit\/juego-de-keikogis-ai-de-alta-calidad-slim\/#breadcrumb","itemListElement":[{"@type":"ListItem","position":1,"name":"Accueil","item":"https:\/\/www.daisho.be\/es\/"},{"@type":"ListItem","position":2,"name":"Productos","item":"https:\/\/www.daisho.be\/es\/productos\/"},{"@type":"ListItem","position":3,"name":"Equipamiento y ropa para artes marciales y deportes de combate","item":"https:\/\/www.daisho.be\/es\/categorie-produit\/equipamiento-y-ropa-para-artes-marciales-y-deportes-de-combate\/"},{"@type":"ListItem","position":4,"name":"Aikido","item":"https:\/\/www.daisho.be\/es\/categorie-produit\/equipamiento-y-ropa-para-artes-marciales-y-deportes-de-combate\/aikido-es\/"},{"@type":"ListItem","position":5,"name":"Kimonos de Aikido","item":"https:\/\/www.daisho.be\/es\/categorie-produit\/equipamiento-y-ropa-para-artes-marciales-y-deportes-de-combate\/aikido-es\/kimonos-de-aikido\/"},{"@type":"ListItem","position":6,"name":"Juego de keikogis \u00abAI\u00bb de alta calidad &#8211; Slim"}]},{"@type":"WebSite","@id":"https:\/\/www.daisho.be\/es\/#website","url":"https:\/\/www.daisho.be\/es\/","name":"Daisho","description":"Sp&eacute;cialiste de l'&eacute;quipement sportif d'arts martiaux","publisher":{"@id":"https:\/\/www.daisho.be\/es\/#organization"},"potentialAction":[{"@type":"SearchAction","target":{"@type":"EntryPoint","urlTemplate":"https:\/\/www.daisho.be\/es\/?s={search_term_string}"},"query-input":{"@type":"PropertyValueSpecification","valueRequired":true,"valueName":"search_term_string"}}],"inLanguage":"es"},{"@type":"Organization","@id":"https:\/\/www.daisho.be\/es\/#organization","name":"Daisho","url":"https:\/\/www.daisho.be\/es\/","logo":{"@type":"ImageObject","inLanguage":"es","@id":"https:\/\/www.daisho.be\/es\/#\/schema\/logo\/image\/","url":"https:\/\/www.daisho.be\/wp-content\/uploads\/2019\/07\/color-nothing-horizontale4x-e1564486100247.png","contentUrl":"https:\/\/www.daisho.be\/wp-content\/uploads\/2019\/07\/color-nothing-horizontale4x-e1564486100247.png","width":1547,"height":385,"caption":"Daisho"},"image":{"@id":"https:\/\/www.daisho.be\/es\/#\/schema\/logo\/image\/"}}]}},"_links":{"self":[{"href":"https:\/\/www.daisho.be\/es\/wp-json\/wp\/v2\/product\/360157","targetHints":{"allow":["GET"]}}],"collection":[{"href":"https:\/\/www.daisho.be\/es\/wp-json\/wp\/v2\/product"}],"about":[{"href":"https:\/\/www.daisho.be\/es\/wp-json\/wp\/v2\/types\/product"}],"replies":[{"embeddable":true,"href":"https:\/\/www.daisho.be\/es\/wp-json\/wp\/v2\/comments?post=360157"}],"wp:featuredmedia":[{"embeddable":true,"href":"https:\/\/www.daisho.be\/es\/wp-json\/wp\/v2\/media\/332836"}],"wp:attachment":[{"href":"https:\/\/www.daisho.be\/es\/wp-json\/wp\/v2\/media?parent=360157"}],"wp:term":[{"taxonomy":"product_brand","embeddable":true,"href":"https:\/\/www.daisho.be\/es\/wp-json\/wp\/v2\/product_brand?post=360157"},{"taxonomy":"product_cat","embeddable":true,"href":"https:\/\/www.daisho.be\/es\/wp-json\/wp\/v2\/product_cat?post=360157"},{"taxonomy":"product_tag","embeddable":true,"href":"https:\/\/www.daisho.be\/es\/wp-json\/wp\/v2\/product_tag?post=360157"},{"taxonomy":"sport","embeddable":true,"href":"https:\/\/www.daisho.be\/es\/wp-json\/wp\/v2\/sport?post=360157"}],"curies":[{"name":"wp","href":"https:\/\/api.w.org\/{rel}","templated":true}]}}