{"id":360136,"date":"2022-02-15T16:28:34","date_gmt":"2022-02-15T15:28:34","guid":{"rendered":"https:\/\/www.daisho.be\/produit\/bolsa-de-deporte-adidas-military-combat-azul-camuflaje-plata\/"},"modified":"2025-02-28T11:30:26","modified_gmt":"2025-02-28T10:30:26","slug":"bolsa-de-deporte-adidas-military-combat-azul-camuflaje-plata","status":"publish","type":"product","link":"https:\/\/www.daisho.be\/es\/produit\/bolsa-de-deporte-adidas-military-combat-azul-camuflaje-plata\/","title":{"rendered":"Bolsa de deporte adidas Military Combat Azul Camuflaje\/Plata"},"content":{"rendered":"<p>Esta bolsa de deporte adidas se llama bolsa de deporte militar. Esta bolsa de deporte es pr\u00e1ctica porque la bolsa se puede ampliar o reducir enrollando la parte superior. La bolsa tiene un pr\u00e1ctico bolsillo frontal adicional.<\/p>\n<p>La bolsa tiene un bolsillo interior transpirable que ofrece espacio de almacenamiento adicional para, por ejemplo, objetos h\u00famedos o calzado. En la parte superior de la bolsa hay un asa adicional. Ventajas: &#8211; fabricada en poli\u00e9ster resistente &#8211; compartimento de almacenamiento grande &#8211; pr\u00e1ctica para reducirla &#8211; compartimentos de almacenamiento adicionales<\/p>\n<p>Talla M: longitud aprox. 62 cm, altura aprox. 31 cm, anchura aprox. 31 cm volumen: aprox. 25 litros<\/p>\n","protected":false},"excerpt":{"rendered":"<p>Esta bolsa de deporte adidas se llama bolsa de deporte militar. Esta bolsa de deporte es pr\u00e1ctica porque la bolsa se puede ampliar o reducir enrollando la parte superior. La bolsa tiene un pr\u00e1ctico bolsillo frontal adicional. La bolsa tiene un bolsillo interior transpirable que ofrece espacio de almacenamiento adicional para, por ejemplo, objetos h\u00famedos [&hellip;]<\/p>\n","protected":false},"featured_media":339834,"comment_status":"closed","ping_status":"closed","template":"","meta":{"inline_featured_image":false},"product_brand":[],"product_cat":[1580,1451,1452],"product_tag":[1560],"sport":[],"class_list":{"0":"post-360136","1":"product","2":"type-product","3":"status-publish","4":"has-post-thumbnail","6":"product_cat-bolsa-de-karate-adidas","7":"product_cat-bolsas-de-deporte","8":"product_cat-bolsas-de-karate","9":"product_tag-adidas-es","10":"pa_size-l","11":"pa_size-m","13":"first","14":"instock","15":"taxable","16":"shipping-taxable","17":"purchasable","18":"product-type-variable"},"yoast_head":"<!-- This site is optimized with the Yoast SEO plugin v27.2 - https:\/\/yoast.com\/product\/yoast-seo-wordpress\/ -->\n<title>Bolsa de deporte adidas Military Combat Azul Camuflaje\/Plata &#8211; Daisho<\/title>\n<meta name=\"description\" content=\"La bolsa de deporte militar Adidas se adapta a tus necesidades. Puedes ajustar el tama\u00f1o a tus necesidades. C\u00f3mprala en www.daisho.be\" \/>\n<meta name=\"robots\" content=\"index, follow, max-snippet:-1, max-image-preview:large, max-video-preview:-1\" \/>\n<link rel=\"canonical\" href=\"https:\/\/www.daisho.be\/es\/produit\/bolsa-de-deporte-adidas-military-combat-azul-camuflaje-plata\/\" \/>\n<meta property=\"og:locale\" content=\"es_ES\" \/>\n<meta property=\"og:type\" content=\"article\" \/>\n<meta property=\"og:title\" content=\"Bolsa de deporte adidas Military Combat Azul Camuflaje\/Plata &#8211; Daisho\" \/>\n<meta property=\"og:description\" content=\"La bolsa de deporte militar Adidas se adapta a tus necesidades. Puedes ajustar el tama\u00f1o a tus necesidades. C\u00f3mprala en www.daisho.be\" \/>\n<meta property=\"og:url\" content=\"https:\/\/www.daisho.be\/es\/produit\/bolsa-de-deporte-adidas-military-combat-azul-camuflaje-plata\/\" \/>\n<meta property=\"og:site_name\" content=\"Daisho\" \/>\n<meta property=\"article:modified_time\" content=\"2025-02-28T10:30:26+00:00\" \/>\n<meta property=\"og:image\" content=\"https:\/\/www.daisho.be\/wp-content\/uploads\/2023\/12\/image-35.jpg\" \/>\n\t<meta property=\"og:image:width\" content=\"583\" \/>\n\t<meta property=\"og:image:height\" content=\"580\" \/>\n\t<meta property=\"og:image:type\" content=\"image\/jpeg\" \/>\n<meta name=\"twitter:card\" content=\"summary_large_image\" \/>\n<meta name=\"twitter:label1\" content=\"Tiempo de lectura\" \/>\n\t<meta name=\"twitter:data1\" content=\"1 minuto\" \/>\n<script type=\"application\/ld+json\" class=\"yoast-schema-graph\">{\"@context\":\"https:\/\/schema.org\",\"@graph\":[{\"@type\":\"WebPage\",\"@id\":\"https:\/\/www.daisho.be\/es\/produit\/bolsa-de-deporte-adidas-military-combat-azul-camuflaje-plata\/\",\"url\":\"https:\/\/www.daisho.be\/es\/produit\/bolsa-de-deporte-adidas-military-combat-azul-camuflaje-plata\/\",\"name\":\"Bolsa de deporte adidas Military Combat Azul Camuflaje\/Plata &#8211; Daisho\",\"isPartOf\":{\"@id\":\"https:\/\/www.daisho.be\/es\/#website\"},\"primaryImageOfPage\":{\"@id\":\"https:\/\/www.daisho.be\/es\/produit\/bolsa-de-deporte-adidas-military-combat-azul-camuflaje-plata\/#primaryimage\"},\"image\":{\"@id\":\"https:\/\/www.daisho.be\/es\/produit\/bolsa-de-deporte-adidas-military-combat-azul-camuflaje-plata\/#primaryimage\"},\"thumbnailUrl\":\"https:\/\/www.daisho.be\/wp-content\/uploads\/2023\/12\/image-35.jpg\",\"datePublished\":\"2022-02-15T15:28:34+00:00\",\"dateModified\":\"2025-02-28T10:30:26+00:00\",\"description\":\"La bolsa de deporte militar Adidas se adapta a tus necesidades. Puedes ajustar el tama\u00f1o a tus necesidades. C\u00f3mprala en www.daisho.be\",\"breadcrumb\":{\"@id\":\"https:\/\/www.daisho.be\/es\/produit\/bolsa-de-deporte-adidas-military-combat-azul-camuflaje-plata\/#breadcrumb\"},\"inLanguage\":\"es\",\"potentialAction\":[{\"@type\":\"ReadAction\",\"target\":[\"https:\/\/www.daisho.be\/es\/produit\/bolsa-de-deporte-adidas-military-combat-azul-camuflaje-plata\/\"]}]},{\"@type\":\"ImageObject\",\"inLanguage\":\"es\",\"@id\":\"https:\/\/www.daisho.be\/es\/produit\/bolsa-de-deporte-adidas-military-combat-azul-camuflaje-plata\/#primaryimage\",\"url\":\"https:\/\/www.daisho.be\/wp-content\/uploads\/2023\/12\/image-35.jpg\",\"contentUrl\":\"https:\/\/www.daisho.be\/wp-content\/uploads\/2023\/12\/image-35.jpg\",\"width\":583,\"height\":580,\"caption\":\"Bolsa de deporte de combate militar adidas Camuflaje azul\/Plata-1\"},{\"@type\":\"BreadcrumbList\",\"@id\":\"https:\/\/www.daisho.be\/es\/produit\/bolsa-de-deporte-adidas-military-combat-azul-camuflaje-plata\/#breadcrumb\",\"itemListElement\":[{\"@type\":\"ListItem\",\"position\":1,\"name\":\"Accueil\",\"item\":\"https:\/\/www.daisho.be\/es\/\"},{\"@type\":\"ListItem\",\"position\":2,\"name\":\"Productos\",\"item\":\"https:\/\/www.daisho.be\/es\/productos\/\"},{\"@type\":\"ListItem\",\"position\":3,\"name\":\"ADIDAS COMBAT SPORTS\",\"item\":\"https:\/\/www.daisho.be\/es\/categorie-produit\/adidas-combat-sports-es\/\"},{\"@type\":\"ListItem\",\"position\":4,\"name\":\"Karate\",\"item\":\"https:\/\/www.daisho.be\/es\/categorie-produit\/adidas-combat-sports-es\/karate-es\/\"},{\"@type\":\"ListItem\",\"position\":5,\"name\":\"Bolsa de k\u00e1rate Adidas\",\"item\":\"https:\/\/www.daisho.be\/es\/categorie-produit\/adidas-combat-sports-es\/karate-es\/bolsa-de-karate-adidas\/\"},{\"@type\":\"ListItem\",\"position\":6,\"name\":\"Bolsa de deporte adidas Military Combat Azul Camuflaje\/Plata\"}]},{\"@type\":\"WebSite\",\"@id\":\"https:\/\/www.daisho.be\/es\/#website\",\"url\":\"https:\/\/www.daisho.be\/es\/\",\"name\":\"Daisho\",\"description\":\"Sp&eacute;cialiste de l'&eacute;quipement sportif d'arts martiaux\",\"publisher\":{\"@id\":\"https:\/\/www.daisho.be\/es\/#organization\"},\"potentialAction\":[{\"@type\":\"SearchAction\",\"target\":{\"@type\":\"EntryPoint\",\"urlTemplate\":\"https:\/\/www.daisho.be\/es\/?s={search_term_string}\"},\"query-input\":{\"@type\":\"PropertyValueSpecification\",\"valueRequired\":true,\"valueName\":\"search_term_string\"}}],\"inLanguage\":\"es\"},{\"@type\":\"Organization\",\"@id\":\"https:\/\/www.daisho.be\/es\/#organization\",\"name\":\"Daisho\",\"url\":\"https:\/\/www.daisho.be\/es\/\",\"logo\":{\"@type\":\"ImageObject\",\"inLanguage\":\"es\",\"@id\":\"https:\/\/www.daisho.be\/es\/#\/schema\/logo\/image\/\",\"url\":\"https:\/\/www.daisho.be\/wp-content\/uploads\/2019\/07\/color-nothing-horizontale4x-e1564486100247.png\",\"contentUrl\":\"https:\/\/www.daisho.be\/wp-content\/uploads\/2019\/07\/color-nothing-horizontale4x-e1564486100247.png\",\"width\":1547,\"height\":385,\"caption\":\"Daisho\"},\"image\":{\"@id\":\"https:\/\/www.daisho.be\/es\/#\/schema\/logo\/image\/\"}}]}<\/script>\n<!-- \/ Yoast SEO plugin. -->","yoast_head_json":{"title":"Bolsa de deporte adidas Military Combat Azul Camuflaje\/Plata &#8211; Daisho","description":"La bolsa de deporte militar Adidas se adapta a tus necesidades. Puedes ajustar el tama\u00f1o a tus necesidades. C\u00f3mprala en www.daisho.be","robots":{"index":"index","follow":"follow","max-snippet":"max-snippet:-1","max-image-preview":"max-image-preview:large","max-video-preview":"max-video-preview:-1"},"canonical":"https:\/\/www.daisho.be\/es\/produit\/bolsa-de-deporte-adidas-military-combat-azul-camuflaje-plata\/","og_locale":"es_ES","og_type":"article","og_title":"Bolsa de deporte adidas Military Combat Azul Camuflaje\/Plata &#8211; Daisho","og_description":"La bolsa de deporte militar Adidas se adapta a tus necesidades. Puedes ajustar el tama\u00f1o a tus necesidades. C\u00f3mprala en www.daisho.be","og_url":"https:\/\/www.daisho.be\/es\/produit\/bolsa-de-deporte-adidas-military-combat-azul-camuflaje-plata\/","og_site_name":"Daisho","article_modified_time":"2025-02-28T10:30:26+00:00","og_image":[{"width":583,"height":580,"url":"https:\/\/www.daisho.be\/wp-content\/uploads\/2023\/12\/image-35.jpg","type":"image\/jpeg"}],"twitter_card":"summary_large_image","twitter_misc":{"Tiempo de lectura":"1 minuto"},"schema":{"@context":"https:\/\/schema.org","@graph":[{"@type":"WebPage","@id":"https:\/\/www.daisho.be\/es\/produit\/bolsa-de-deporte-adidas-military-combat-azul-camuflaje-plata\/","url":"https:\/\/www.daisho.be\/es\/produit\/bolsa-de-deporte-adidas-military-combat-azul-camuflaje-plata\/","name":"Bolsa de deporte adidas Military Combat Azul Camuflaje\/Plata &#8211; Daisho","isPartOf":{"@id":"https:\/\/www.daisho.be\/es\/#website"},"primaryImageOfPage":{"@id":"https:\/\/www.daisho.be\/es\/produit\/bolsa-de-deporte-adidas-military-combat-azul-camuflaje-plata\/#primaryimage"},"image":{"@id":"https:\/\/www.daisho.be\/es\/produit\/bolsa-de-deporte-adidas-military-combat-azul-camuflaje-plata\/#primaryimage"},"thumbnailUrl":"https:\/\/www.daisho.be\/wp-content\/uploads\/2023\/12\/image-35.jpg","datePublished":"2022-02-15T15:28:34+00:00","dateModified":"2025-02-28T10:30:26+00:00","description":"La bolsa de deporte militar Adidas se adapta a tus necesidades. Puedes ajustar el tama\u00f1o a tus necesidades. C\u00f3mprala en www.daisho.be","breadcrumb":{"@id":"https:\/\/www.daisho.be\/es\/produit\/bolsa-de-deporte-adidas-military-combat-azul-camuflaje-plata\/#breadcrumb"},"inLanguage":"es","potentialAction":[{"@type":"ReadAction","target":["https:\/\/www.daisho.be\/es\/produit\/bolsa-de-deporte-adidas-military-combat-azul-camuflaje-plata\/"]}]},{"@type":"ImageObject","inLanguage":"es","@id":"https:\/\/www.daisho.be\/es\/produit\/bolsa-de-deporte-adidas-military-combat-azul-camuflaje-plata\/#primaryimage","url":"https:\/\/www.daisho.be\/wp-content\/uploads\/2023\/12\/image-35.jpg","contentUrl":"https:\/\/www.daisho.be\/wp-content\/uploads\/2023\/12\/image-35.jpg","width":583,"height":580,"caption":"Bolsa de deporte de combate militar adidas Camuflaje azul\/Plata-1"},{"@type":"BreadcrumbList","@id":"https:\/\/www.daisho.be\/es\/produit\/bolsa-de-deporte-adidas-military-combat-azul-camuflaje-plata\/#breadcrumb","itemListElement":[{"@type":"ListItem","position":1,"name":"Accueil","item":"https:\/\/www.daisho.be\/es\/"},{"@type":"ListItem","position":2,"name":"Productos","item":"https:\/\/www.daisho.be\/es\/productos\/"},{"@type":"ListItem","position":3,"name":"ADIDAS COMBAT SPORTS","item":"https:\/\/www.daisho.be\/es\/categorie-produit\/adidas-combat-sports-es\/"},{"@type":"ListItem","position":4,"name":"Karate","item":"https:\/\/www.daisho.be\/es\/categorie-produit\/adidas-combat-sports-es\/karate-es\/"},{"@type":"ListItem","position":5,"name":"Bolsa de k\u00e1rate Adidas","item":"https:\/\/www.daisho.be\/es\/categorie-produit\/adidas-combat-sports-es\/karate-es\/bolsa-de-karate-adidas\/"},{"@type":"ListItem","position":6,"name":"Bolsa de deporte adidas Military Combat Azul Camuflaje\/Plata"}]},{"@type":"WebSite","@id":"https:\/\/www.daisho.be\/es\/#website","url":"https:\/\/www.daisho.be\/es\/","name":"Daisho","description":"Sp&eacute;cialiste de l'&eacute;quipement sportif d'arts martiaux","publisher":{"@id":"https:\/\/www.daisho.be\/es\/#organization"},"potentialAction":[{"@type":"SearchAction","target":{"@type":"EntryPoint","urlTemplate":"https:\/\/www.daisho.be\/es\/?s={search_term_string}"},"query-input":{"@type":"PropertyValueSpecification","valueRequired":true,"valueName":"search_term_string"}}],"inLanguage":"es"},{"@type":"Organization","@id":"https:\/\/www.daisho.be\/es\/#organization","name":"Daisho","url":"https:\/\/www.daisho.be\/es\/","logo":{"@type":"ImageObject","inLanguage":"es","@id":"https:\/\/www.daisho.be\/es\/#\/schema\/logo\/image\/","url":"https:\/\/www.daisho.be\/wp-content\/uploads\/2019\/07\/color-nothing-horizontale4x-e1564486100247.png","contentUrl":"https:\/\/www.daisho.be\/wp-content\/uploads\/2019\/07\/color-nothing-horizontale4x-e1564486100247.png","width":1547,"height":385,"caption":"Daisho"},"image":{"@id":"https:\/\/www.daisho.be\/es\/#\/schema\/logo\/image\/"}}]}},"_links":{"self":[{"href":"https:\/\/www.daisho.be\/es\/wp-json\/wp\/v2\/product\/360136","targetHints":{"allow":["GET"]}}],"collection":[{"href":"https:\/\/www.daisho.be\/es\/wp-json\/wp\/v2\/product"}],"about":[{"href":"https:\/\/www.daisho.be\/es\/wp-json\/wp\/v2\/types\/product"}],"replies":[{"embeddable":true,"href":"https:\/\/www.daisho.be\/es\/wp-json\/wp\/v2\/comments?post=360136"}],"wp:featuredmedia":[{"embeddable":true,"href":"https:\/\/www.daisho.be\/es\/wp-json\/wp\/v2\/media\/339834"}],"wp:attachment":[{"href":"https:\/\/www.daisho.be\/es\/wp-json\/wp\/v2\/media?parent=360136"}],"wp:term":[{"taxonomy":"product_brand","embeddable":true,"href":"https:\/\/www.daisho.be\/es\/wp-json\/wp\/v2\/product_brand?post=360136"},{"taxonomy":"product_cat","embeddable":true,"href":"https:\/\/www.daisho.be\/es\/wp-json\/wp\/v2\/product_cat?post=360136"},{"taxonomy":"product_tag","embeddable":true,"href":"https:\/\/www.daisho.be\/es\/wp-json\/wp\/v2\/product_tag?post=360136"},{"taxonomy":"sport","embeddable":true,"href":"https:\/\/www.daisho.be\/es\/wp-json\/wp\/v2\/sport?post=360136"}],"curies":[{"name":"wp","href":"https:\/\/api.w.org\/{rel}","templated":true}]}}