{"id":359986,"date":"2024-01-13T12:13:16","date_gmt":"2024-01-13T11:13:16","guid":{"rendered":"https:\/\/www.daisho.be\/produit\/espejo-fijo-amadeus-marco-plateado-2\/"},"modified":"2026-03-31T14:52:11","modified_gmt":"2026-03-31T12:52:11","slug":"espejo-fijo-amadeus-marco-plateado-2","status":"publish","type":"product","link":"https:\/\/www.daisho.be\/es\/produit\/espejo-fijo-amadeus-marco-plateado-2\/","title":{"rendered":"Espejo fijo Amadeus &#8211; Marco plateado 200&#215;100 cm"},"content":{"rendered":"<p>El Amadeus es un espejo profesional dise\u00f1ado para utilizarse en armon\u00eda con nuestras barras de baile murales. Gracias a una abertura especialmente dise\u00f1ada a trav\u00e9s del cristal y el soporte, el Amadeus puede instalarse con nuestras consolas murales Arabesque. Disponible en dos tama\u00f1os, 2 x 1 m y 1,7 x 1 m, este espejo de reflejo perfecto es una herramienta ideal para perfeccionar tu t\u00e9cnica y aprovechar al m\u00e1ximo tu espacio.<br \/>\nAprovecha mejor tu espacio.<br \/>\nHemos desarrollado la soluci\u00f3n ideal para combinar eficazmente espejos y barras de baile. Nuestros equipos de dise\u00f1o y fabricaci\u00f3n han creado un espejo con una abertura enmarcada que no debilita la integridad de toda la estructura. Gracias al espacio de 20 x 10 cent\u00edmetros, las consolas Arabesque se fijan directamente a la pared sin a\u00f1adir presi\u00f3n adicional al espejo, lo que garantiza una instalaci\u00f3n segura.<br \/>\nEl cristal de 4 mil\u00edmetros de grosor del espejo profesional Amadeus es de la m\u00e1xima calidad. Permite que varios alumnos a distintas distancias se vean sin distorsi\u00f3n y trabajen con precisi\u00f3n.<br \/>\nDetalles que marcan la diferencia.<br \/>\nLos soportes de acero galvanizado atornillados a la pared est\u00e1n dise\u00f1ados para que el espejo pueda colgarse utilizando las muescas del marco. Una vez colgado en los soportes, el espejo queda completamente plano en la pared. Este sistema distribuye el peso por toda la superficie, garantizando una alineaci\u00f3n perfecta y una estabilidad total de toda la instalaci\u00f3n, sea cual sea el n\u00famero de espejos. Los marcos y la apertura de aluminio protegen el espejo y permiten montar varios con seguridad y sin desviaciones.<br \/>\nEn Dinamica Ballet prestamos atenci\u00f3n a los detalles, por eso puedes elegir entre marcos plateados o negros para combinar el Amadeus con la consola de la barra de baile. Los espejos, las consolas y las barras de madera se venden por separado para que puedas elegir los modelos que mejor se adapten a tu espacio. El Amadeus tambi\u00e9n se puede utilizar en combinaci\u00f3n con nuestros espejos Figaro est\u00e1ndar para crear grandes instalaciones de espejos y barras de baile.<br \/>\nUn espejo de alta seguridad.<br \/>\nEl grosor del espejo, la protecci\u00f3n de los marcos de aluminio y el sistema de fijaci\u00f3n confieren al Amadeus una gran robustez y un grado muy alto de protecci\u00f3n contra la rotura.           Sin embargo, un impacto violento sobre el espejo podr\u00eda provocar su rotura. Por eso aplicamos una pel\u00c3cula de seguridad que impide que los fragmentos de cristal se desprendan y golpeen a alguien. La Amadeus cumple las normas europeas de seguridad y rendimiento EN-6060. <\/p>\n","protected":false},"excerpt":{"rendered":"<p>El Amadeus es un espejo profesional dise\u00f1ado para utilizarse en armon\u00eda con nuestras barras de baile murales. Gracias a una abertura especialmente dise\u00f1ada a trav\u00e9s del cristal y el soporte, el Amadeus puede instalarse con nuestras consolas murales Arabesque. Disponible en dos tama\u00f1os, 2 x 1 m y 1,7 x 1 m, este espejo de [&hellip;]<\/p>\n","protected":false},"featured_media":340812,"comment_status":"open","ping_status":"closed","template":"","meta":{"inline_featured_image":false},"product_brand":[],"product_cat":[1798,1301],"product_tag":[1797],"sport":[],"class_list":{"0":"post-359986","1":"product","2":"type-product","3":"status-publish","4":"has-post-thumbnail","6":"product_cat-espejos","7":"product_cat-material-de-entrenamiento-de-karate","8":"product_tag-ballet-dinamico","9":"product_shipping_class-productos-voluminosos","10":"pa_size-200x100-cms","12":"first","13":"instock","14":"taxable","15":"shipping-taxable","16":"purchasable","17":"product-type-variable"},"yoast_head":"<!-- This site is optimized with the Yoast SEO plugin v27.2 - https:\/\/yoast.com\/product\/yoast-seo-wordpress\/ -->\n<title>Espejo fijo Amadeus - Marco plateado 200x100 cm &#8211; Daisho<\/title>\n<meta name=\"description\" content=\"Espejo de danza profesional con abertura para barras, reflejo perfecto, seguridad reforzada, 2 tama\u00f1os disponibles. Encu\u00e9ntralos en www.daisho.be|Daisho\" \/>\n<meta name=\"robots\" content=\"index, follow, max-snippet:-1, max-image-preview:large, max-video-preview:-1\" \/>\n<link rel=\"canonical\" href=\"https:\/\/www.daisho.be\/es\/produit\/espejo-fijo-amadeus-marco-plateado-2\/\" \/>\n<meta property=\"og:locale\" content=\"es_ES\" \/>\n<meta property=\"og:type\" content=\"article\" \/>\n<meta property=\"og:title\" content=\"Espejo fijo Amadeus - Marco plateado 200x100 cm &#8211; Daisho\" \/>\n<meta property=\"og:description\" content=\"Espejo de danza profesional con abertura para barras, reflejo perfecto, seguridad reforzada, 2 tama\u00f1os disponibles. Encu\u00e9ntralos en www.daisho.be|Daisho\" \/>\n<meta property=\"og:url\" content=\"https:\/\/www.daisho.be\/es\/produit\/espejo-fijo-amadeus-marco-plateado-2\/\" \/>\n<meta property=\"og:site_name\" content=\"Daisho\" \/>\n<meta property=\"article:modified_time\" content=\"2026-03-31T12:52:11+00:00\" \/>\n<meta property=\"og:image\" content=\"https:\/\/www.daisho.be\/wp-content\/uploads\/2024\/01\/image-203.jpg\" \/>\n\t<meta property=\"og:image:width\" content=\"801\" \/>\n\t<meta property=\"og:image:height\" content=\"1200\" \/>\n\t<meta property=\"og:image:type\" content=\"image\/jpeg\" \/>\n<meta name=\"twitter:card\" content=\"summary_large_image\" \/>\n<meta name=\"twitter:label1\" content=\"Tiempo de lectura\" \/>\n\t<meta name=\"twitter:data1\" content=\"2 minutos\" \/>\n<script type=\"application\/ld+json\" class=\"yoast-schema-graph\">{\"@context\":\"https:\/\/schema.org\",\"@graph\":[{\"@type\":\"WebPage\",\"@id\":\"https:\/\/www.daisho.be\/es\/produit\/espejo-fijo-amadeus-marco-plateado-2\/\",\"url\":\"https:\/\/www.daisho.be\/es\/produit\/espejo-fijo-amadeus-marco-plateado-2\/\",\"name\":\"Espejo fijo Amadeus - Marco plateado 200x100 cm &#8211; Daisho\",\"isPartOf\":{\"@id\":\"https:\/\/www.daisho.be\/es\/#website\"},\"primaryImageOfPage\":{\"@id\":\"https:\/\/www.daisho.be\/es\/produit\/espejo-fijo-amadeus-marco-plateado-2\/#primaryimage\"},\"image\":{\"@id\":\"https:\/\/www.daisho.be\/es\/produit\/espejo-fijo-amadeus-marco-plateado-2\/#primaryimage\"},\"thumbnailUrl\":\"https:\/\/www.daisho.be\/wp-content\/uploads\/2024\/01\/image-203.jpg\",\"datePublished\":\"2024-01-13T11:13:16+00:00\",\"dateModified\":\"2026-03-31T12:52:11+00:00\",\"description\":\"Espejo de danza profesional con abertura para barras, reflejo perfecto, seguridad reforzada, 2 tama\u00f1os disponibles. Encu\u00e9ntralos en www.daisho.be|Daisho\",\"breadcrumb\":{\"@id\":\"https:\/\/www.daisho.be\/es\/produit\/espejo-fijo-amadeus-marco-plateado-2\/#breadcrumb\"},\"inLanguage\":\"es\",\"potentialAction\":[{\"@type\":\"ReadAction\",\"target\":[\"https:\/\/www.daisho.be\/es\/produit\/espejo-fijo-amadeus-marco-plateado-2\/\"]}]},{\"@type\":\"ImageObject\",\"inLanguage\":\"es\",\"@id\":\"https:\/\/www.daisho.be\/es\/produit\/espejo-fijo-amadeus-marco-plateado-2\/#primaryimage\",\"url\":\"https:\/\/www.daisho.be\/wp-content\/uploads\/2024\/01\/image-203.jpg\",\"contentUrl\":\"https:\/\/www.daisho.be\/wp-content\/uploads\/2024\/01\/image-203.jpg\",\"width\":801,\"height\":1200,\"caption\":\"Espejo fijo Amadeus - Marco plateado 200x100 cm-1\"},{\"@type\":\"BreadcrumbList\",\"@id\":\"https:\/\/www.daisho.be\/es\/produit\/espejo-fijo-amadeus-marco-plateado-2\/#breadcrumb\",\"itemListElement\":[{\"@type\":\"ListItem\",\"position\":1,\"name\":\"Accueil\",\"item\":\"https:\/\/www.daisho.be\/es\/\"},{\"@type\":\"ListItem\",\"position\":2,\"name\":\"Productos\",\"item\":\"https:\/\/www.daisho.be\/es\/productos\/\"},{\"@type\":\"ListItem\",\"position\":3,\"name\":\"Equipamiento y ropa para artes marciales y deportes de combate\",\"item\":\"https:\/\/www.daisho.be\/es\/categorie-produit\/equipamiento-y-ropa-para-artes-marciales-y-deportes-de-combate\/\"},{\"@type\":\"ListItem\",\"position\":4,\"name\":\"Karate\",\"item\":\"https:\/\/www.daisho.be\/es\/categorie-produit\/equipamiento-y-ropa-para-artes-marciales-y-deportes-de-combate\/karate-es-2\/\"},{\"@type\":\"ListItem\",\"position\":5,\"name\":\"Material de entrenamiento de k\u00e1rate\",\"item\":\"https:\/\/www.daisho.be\/es\/categorie-produit\/equipamiento-y-ropa-para-artes-marciales-y-deportes-de-combate\/karate-es-2\/material-de-entrenamiento-de-karate\/\"},{\"@type\":\"ListItem\",\"position\":6,\"name\":\"Espejo fijo Amadeus &#8211; Marco plateado 200&#215;100 cm\"}]},{\"@type\":\"WebSite\",\"@id\":\"https:\/\/www.daisho.be\/es\/#website\",\"url\":\"https:\/\/www.daisho.be\/es\/\",\"name\":\"Daisho\",\"description\":\"Sp&eacute;cialiste de l'&eacute;quipement sportif d'arts martiaux\",\"publisher\":{\"@id\":\"https:\/\/www.daisho.be\/es\/#organization\"},\"potentialAction\":[{\"@type\":\"SearchAction\",\"target\":{\"@type\":\"EntryPoint\",\"urlTemplate\":\"https:\/\/www.daisho.be\/es\/?s={search_term_string}\"},\"query-input\":{\"@type\":\"PropertyValueSpecification\",\"valueRequired\":true,\"valueName\":\"search_term_string\"}}],\"inLanguage\":\"es\"},{\"@type\":\"Organization\",\"@id\":\"https:\/\/www.daisho.be\/es\/#organization\",\"name\":\"Daisho\",\"url\":\"https:\/\/www.daisho.be\/es\/\",\"logo\":{\"@type\":\"ImageObject\",\"inLanguage\":\"es\",\"@id\":\"https:\/\/www.daisho.be\/es\/#\/schema\/logo\/image\/\",\"url\":\"https:\/\/www.daisho.be\/wp-content\/uploads\/2019\/07\/color-nothing-horizontale4x-e1564486100247.png\",\"contentUrl\":\"https:\/\/www.daisho.be\/wp-content\/uploads\/2019\/07\/color-nothing-horizontale4x-e1564486100247.png\",\"width\":1547,\"height\":385,\"caption\":\"Daisho\"},\"image\":{\"@id\":\"https:\/\/www.daisho.be\/es\/#\/schema\/logo\/image\/\"}}]}<\/script>\n<!-- \/ Yoast SEO plugin. -->","yoast_head_json":{"title":"Espejo fijo Amadeus - Marco plateado 200x100 cm &#8211; Daisho","description":"Espejo de danza profesional con abertura para barras, reflejo perfecto, seguridad reforzada, 2 tama\u00f1os disponibles. Encu\u00e9ntralos en www.daisho.be|Daisho","robots":{"index":"index","follow":"follow","max-snippet":"max-snippet:-1","max-image-preview":"max-image-preview:large","max-video-preview":"max-video-preview:-1"},"canonical":"https:\/\/www.daisho.be\/es\/produit\/espejo-fijo-amadeus-marco-plateado-2\/","og_locale":"es_ES","og_type":"article","og_title":"Espejo fijo Amadeus - Marco plateado 200x100 cm &#8211; Daisho","og_description":"Espejo de danza profesional con abertura para barras, reflejo perfecto, seguridad reforzada, 2 tama\u00f1os disponibles. Encu\u00e9ntralos en www.daisho.be|Daisho","og_url":"https:\/\/www.daisho.be\/es\/produit\/espejo-fijo-amadeus-marco-plateado-2\/","og_site_name":"Daisho","article_modified_time":"2026-03-31T12:52:11+00:00","og_image":[{"width":801,"height":1200,"url":"https:\/\/www.daisho.be\/wp-content\/uploads\/2024\/01\/image-203.jpg","type":"image\/jpeg"}],"twitter_card":"summary_large_image","twitter_misc":{"Tiempo de lectura":"2 minutos"},"schema":{"@context":"https:\/\/schema.org","@graph":[{"@type":"WebPage","@id":"https:\/\/www.daisho.be\/es\/produit\/espejo-fijo-amadeus-marco-plateado-2\/","url":"https:\/\/www.daisho.be\/es\/produit\/espejo-fijo-amadeus-marco-plateado-2\/","name":"Espejo fijo Amadeus - Marco plateado 200x100 cm &#8211; Daisho","isPartOf":{"@id":"https:\/\/www.daisho.be\/es\/#website"},"primaryImageOfPage":{"@id":"https:\/\/www.daisho.be\/es\/produit\/espejo-fijo-amadeus-marco-plateado-2\/#primaryimage"},"image":{"@id":"https:\/\/www.daisho.be\/es\/produit\/espejo-fijo-amadeus-marco-plateado-2\/#primaryimage"},"thumbnailUrl":"https:\/\/www.daisho.be\/wp-content\/uploads\/2024\/01\/image-203.jpg","datePublished":"2024-01-13T11:13:16+00:00","dateModified":"2026-03-31T12:52:11+00:00","description":"Espejo de danza profesional con abertura para barras, reflejo perfecto, seguridad reforzada, 2 tama\u00f1os disponibles. Encu\u00e9ntralos en www.daisho.be|Daisho","breadcrumb":{"@id":"https:\/\/www.daisho.be\/es\/produit\/espejo-fijo-amadeus-marco-plateado-2\/#breadcrumb"},"inLanguage":"es","potentialAction":[{"@type":"ReadAction","target":["https:\/\/www.daisho.be\/es\/produit\/espejo-fijo-amadeus-marco-plateado-2\/"]}]},{"@type":"ImageObject","inLanguage":"es","@id":"https:\/\/www.daisho.be\/es\/produit\/espejo-fijo-amadeus-marco-plateado-2\/#primaryimage","url":"https:\/\/www.daisho.be\/wp-content\/uploads\/2024\/01\/image-203.jpg","contentUrl":"https:\/\/www.daisho.be\/wp-content\/uploads\/2024\/01\/image-203.jpg","width":801,"height":1200,"caption":"Espejo fijo Amadeus - Marco plateado 200x100 cm-1"},{"@type":"BreadcrumbList","@id":"https:\/\/www.daisho.be\/es\/produit\/espejo-fijo-amadeus-marco-plateado-2\/#breadcrumb","itemListElement":[{"@type":"ListItem","position":1,"name":"Accueil","item":"https:\/\/www.daisho.be\/es\/"},{"@type":"ListItem","position":2,"name":"Productos","item":"https:\/\/www.daisho.be\/es\/productos\/"},{"@type":"ListItem","position":3,"name":"Equipamiento y ropa para artes marciales y deportes de combate","item":"https:\/\/www.daisho.be\/es\/categorie-produit\/equipamiento-y-ropa-para-artes-marciales-y-deportes-de-combate\/"},{"@type":"ListItem","position":4,"name":"Karate","item":"https:\/\/www.daisho.be\/es\/categorie-produit\/equipamiento-y-ropa-para-artes-marciales-y-deportes-de-combate\/karate-es-2\/"},{"@type":"ListItem","position":5,"name":"Material de entrenamiento de k\u00e1rate","item":"https:\/\/www.daisho.be\/es\/categorie-produit\/equipamiento-y-ropa-para-artes-marciales-y-deportes-de-combate\/karate-es-2\/material-de-entrenamiento-de-karate\/"},{"@type":"ListItem","position":6,"name":"Espejo fijo Amadeus &#8211; Marco plateado 200&#215;100 cm"}]},{"@type":"WebSite","@id":"https:\/\/www.daisho.be\/es\/#website","url":"https:\/\/www.daisho.be\/es\/","name":"Daisho","description":"Sp&eacute;cialiste de l'&eacute;quipement sportif d'arts martiaux","publisher":{"@id":"https:\/\/www.daisho.be\/es\/#organization"},"potentialAction":[{"@type":"SearchAction","target":{"@type":"EntryPoint","urlTemplate":"https:\/\/www.daisho.be\/es\/?s={search_term_string}"},"query-input":{"@type":"PropertyValueSpecification","valueRequired":true,"valueName":"search_term_string"}}],"inLanguage":"es"},{"@type":"Organization","@id":"https:\/\/www.daisho.be\/es\/#organization","name":"Daisho","url":"https:\/\/www.daisho.be\/es\/","logo":{"@type":"ImageObject","inLanguage":"es","@id":"https:\/\/www.daisho.be\/es\/#\/schema\/logo\/image\/","url":"https:\/\/www.daisho.be\/wp-content\/uploads\/2019\/07\/color-nothing-horizontale4x-e1564486100247.png","contentUrl":"https:\/\/www.daisho.be\/wp-content\/uploads\/2019\/07\/color-nothing-horizontale4x-e1564486100247.png","width":1547,"height":385,"caption":"Daisho"},"image":{"@id":"https:\/\/www.daisho.be\/es\/#\/schema\/logo\/image\/"}}]}},"_links":{"self":[{"href":"https:\/\/www.daisho.be\/es\/wp-json\/wp\/v2\/product\/359986","targetHints":{"allow":["GET"]}}],"collection":[{"href":"https:\/\/www.daisho.be\/es\/wp-json\/wp\/v2\/product"}],"about":[{"href":"https:\/\/www.daisho.be\/es\/wp-json\/wp\/v2\/types\/product"}],"replies":[{"embeddable":true,"href":"https:\/\/www.daisho.be\/es\/wp-json\/wp\/v2\/comments?post=359986"}],"wp:featuredmedia":[{"embeddable":true,"href":"https:\/\/www.daisho.be\/es\/wp-json\/wp\/v2\/media\/340812"}],"wp:attachment":[{"href":"https:\/\/www.daisho.be\/es\/wp-json\/wp\/v2\/media?parent=359986"}],"wp:term":[{"taxonomy":"product_brand","embeddable":true,"href":"https:\/\/www.daisho.be\/es\/wp-json\/wp\/v2\/product_brand?post=359986"},{"taxonomy":"product_cat","embeddable":true,"href":"https:\/\/www.daisho.be\/es\/wp-json\/wp\/v2\/product_cat?post=359986"},{"taxonomy":"product_tag","embeddable":true,"href":"https:\/\/www.daisho.be\/es\/wp-json\/wp\/v2\/product_tag?post=359986"},{"taxonomy":"sport","embeddable":true,"href":"https:\/\/www.daisho.be\/es\/wp-json\/wp\/v2\/sport?post=359986"}],"curies":[{"name":"wp","href":"https:\/\/api.w.org\/{rel}","templated":true}]}}