{"id":359856,"date":"2023-12-19T14:45:35","date_gmt":"2023-12-19T13:45:35","guid":{"rendered":"https:\/\/www.daisho.be\/produit\/guantes-de-boxeo-adidas-hybrid-150-negro-blanco\/"},"modified":"2025-02-27T13:14:14","modified_gmt":"2025-02-27T12:14:14","slug":"guantes-de-boxeo-adidas-hybrid-150-negro-blanco","status":"publish","type":"product","link":"https:\/\/www.daisho.be\/es\/produit\/guantes-de-boxeo-adidas-hybrid-150-negro-blanco\/","title":{"rendered":"Guantes de boxeo adidas Hybrid 150 negro\/blanco"},"content":{"rendered":"<p>El guante de boxeo por seguridad y comodidad. El guante de boxeo adidas Hybrid150 est\u00e1 fabricado con una forma de espuma de una sola pieza densamente comprimida para una amortiguaci\u00f3n \u00f3ptima.<br \/>\nLa tecnolog\u00eda AEROREADY en varias zonas del guante garantiza una regulaci\u00f3n ideal de la humedad.<br \/>\nEl Hybrid 150 es ideal para boxeo, kickboxing, fitness boxing, semi-contact y full-contact.<br \/>\nLos guantes de boxeo se cierran con un gran cierre de velcro para un ajuste seguro.<br \/>\nLa imitaci\u00f3n de cuero PU es resistente y adecuada tanto para principiantes como para profesionales. <\/p>\n<p>Caracter\u00edsticas:<br \/>\n&#8211; Material: PU imitaci\u00f3n cuero<br \/>\n&#8211; Color: negro\/blanco<br \/>\n&#8211; Tallas: 8, 10, 12, 14, 16 onzas<br \/>\n&#8211; Forma densamente comprimida<br \/>\n&#8211; Correa ancha con cierre de velcro<br \/>\n&#8211; Tecnolog\u00eda AEROREADY<\/p>\n","protected":false},"excerpt":{"rendered":"<p>El guante de boxeo por seguridad y comodidad. El guante de boxeo adidas Hybrid150 est\u00e1 fabricado con una forma de espuma de una sola pieza densamente comprimida para una amortiguaci\u00f3n \u00f3ptima. La tecnolog\u00eda AEROREADY en varias zonas del guante garantiza una regulaci\u00f3n ideal de la humedad. El Hybrid 150 es ideal para boxeo, kickboxing, fitness [&hellip;]<\/p>\n","protected":false},"featured_media":340038,"comment_status":"open","ping_status":"closed","template":"","meta":{"inline_featured_image":false},"product_brand":[],"product_cat":[1685,1691,1591],"product_tag":[1560],"sport":[],"class_list":{"0":"post-359856","1":"product","2":"type-product","3":"status-publish","4":"has-post-thumbnail","6":"product_cat-guantes-adidas-muay-thai","7":"product_cat-guantes-de-boxeo-adidas","8":"product_cat-protectores-adidas-kickboxing","9":"product_tag-adidas-es","10":"pa_size-372","11":"pa_size-371","12":"pa_size-370","13":"pa_size-461","14":"pa_size-439","16":"first","17":"instock","18":"taxable","19":"shipping-taxable","20":"purchasable","21":"product-type-variable"},"yoast_head":"<!-- This site is optimized with the Yoast SEO plugin v27.2 - https:\/\/yoast.com\/product\/yoast-seo-wordpress\/ -->\n<title>Guantes de boxeo adidas Hybrid 150 negro\/blanco &#8211; Daisho<\/title>\n<meta name=\"description\" content=\"Descubre los guantes de boxeo Adidas h\u00edbridos 150. Te protegen gracias a su espuma de una sola pieza. C\u00f3mpralos en nuestra web www.daisho.be|Daihso\" \/>\n<meta name=\"robots\" content=\"index, follow, max-snippet:-1, max-image-preview:large, max-video-preview:-1\" \/>\n<link rel=\"canonical\" href=\"https:\/\/www.daisho.be\/es\/produit\/guantes-de-boxeo-adidas-hybrid-150-negro-blanco\/\" \/>\n<meta property=\"og:locale\" content=\"es_ES\" \/>\n<meta property=\"og:type\" content=\"article\" \/>\n<meta property=\"og:title\" content=\"Guantes de boxeo adidas Hybrid 150 negro\/blanco &#8211; Daisho\" \/>\n<meta property=\"og:description\" content=\"Descubre los guantes de boxeo Adidas h\u00edbridos 150. Te protegen gracias a su espuma de una sola pieza. C\u00f3mpralos en nuestra web www.daisho.be|Daihso\" \/>\n<meta property=\"og:url\" content=\"https:\/\/www.daisho.be\/es\/produit\/guantes-de-boxeo-adidas-hybrid-150-negro-blanco\/\" \/>\n<meta property=\"og:site_name\" content=\"Daisho\" \/>\n<meta property=\"article:modified_time\" content=\"2025-02-27T12:14:14+00:00\" \/>\n<meta property=\"og:image\" content=\"https:\/\/www.daisho.be\/wp-content\/uploads\/2023\/12\/image-101.jpg\" \/>\n\t<meta property=\"og:image:width\" content=\"1200\" \/>\n\t<meta property=\"og:image:height\" content=\"1200\" \/>\n\t<meta property=\"og:image:type\" content=\"image\/jpeg\" \/>\n<meta name=\"twitter:card\" content=\"summary_large_image\" \/>\n<meta name=\"twitter:label1\" content=\"Tiempo de lectura\" \/>\n\t<meta name=\"twitter:data1\" content=\"1 minuto\" \/>\n<script type=\"application\/ld+json\" class=\"yoast-schema-graph\">{\"@context\":\"https:\/\/schema.org\",\"@graph\":[{\"@type\":\"WebPage\",\"@id\":\"https:\/\/www.daisho.be\/es\/produit\/guantes-de-boxeo-adidas-hybrid-150-negro-blanco\/\",\"url\":\"https:\/\/www.daisho.be\/es\/produit\/guantes-de-boxeo-adidas-hybrid-150-negro-blanco\/\",\"name\":\"Guantes de boxeo adidas Hybrid 150 negro\/blanco &#8211; Daisho\",\"isPartOf\":{\"@id\":\"https:\/\/www.daisho.be\/es\/#website\"},\"primaryImageOfPage\":{\"@id\":\"https:\/\/www.daisho.be\/es\/produit\/guantes-de-boxeo-adidas-hybrid-150-negro-blanco\/#primaryimage\"},\"image\":{\"@id\":\"https:\/\/www.daisho.be\/es\/produit\/guantes-de-boxeo-adidas-hybrid-150-negro-blanco\/#primaryimage\"},\"thumbnailUrl\":\"https:\/\/www.daisho.be\/wp-content\/uploads\/2023\/12\/image-101.jpg\",\"datePublished\":\"2023-12-19T13:45:35+00:00\",\"dateModified\":\"2025-02-27T12:14:14+00:00\",\"description\":\"Descubre los guantes de boxeo Adidas h\u00edbridos 150. Te protegen gracias a su espuma de una sola pieza. C\u00f3mpralos en nuestra web www.daisho.be|Daihso\",\"breadcrumb\":{\"@id\":\"https:\/\/www.daisho.be\/es\/produit\/guantes-de-boxeo-adidas-hybrid-150-negro-blanco\/#breadcrumb\"},\"inLanguage\":\"es\",\"potentialAction\":[{\"@type\":\"ReadAction\",\"target\":[\"https:\/\/www.daisho.be\/es\/produit\/guantes-de-boxeo-adidas-hybrid-150-negro-blanco\/\"]}]},{\"@type\":\"ImageObject\",\"inLanguage\":\"es\",\"@id\":\"https:\/\/www.daisho.be\/es\/produit\/guantes-de-boxeo-adidas-hybrid-150-negro-blanco\/#primaryimage\",\"url\":\"https:\/\/www.daisho.be\/wp-content\/uploads\/2023\/12\/image-101.jpg\",\"contentUrl\":\"https:\/\/www.daisho.be\/wp-content\/uploads\/2023\/12\/image-101.jpg\",\"width\":1200,\"height\":1200,\"caption\":\"Guantes de boxeo adidas Hybrid 150 negro\/blanco-1\"},{\"@type\":\"BreadcrumbList\",\"@id\":\"https:\/\/www.daisho.be\/es\/produit\/guantes-de-boxeo-adidas-hybrid-150-negro-blanco\/#breadcrumb\",\"itemListElement\":[{\"@type\":\"ListItem\",\"position\":1,\"name\":\"Accueil\",\"item\":\"https:\/\/www.daisho.be\/es\/\"},{\"@type\":\"ListItem\",\"position\":2,\"name\":\"Productos\",\"item\":\"https:\/\/www.daisho.be\/es\/productos\/\"},{\"@type\":\"ListItem\",\"position\":3,\"name\":\"ADIDAS COMBAT SPORTS\",\"item\":\"https:\/\/www.daisho.be\/es\/categorie-produit\/adidas-combat-sports-es\/\"},{\"@type\":\"ListItem\",\"position\":4,\"name\":\"Muay tailand\u00e9s\",\"item\":\"https:\/\/www.daisho.be\/es\/categorie-produit\/adidas-combat-sports-es\/muay-tailandes-es\/\"},{\"@type\":\"ListItem\",\"position\":5,\"name\":\"Guantes Adidas Muay Thai\",\"item\":\"https:\/\/www.daisho.be\/es\/categorie-produit\/adidas-combat-sports-es\/muay-tailandes-es\/guantes-adidas-muay-thai\/\"},{\"@type\":\"ListItem\",\"position\":6,\"name\":\"Guantes de boxeo adidas Hybrid 150 negro\/blanco\"}]},{\"@type\":\"WebSite\",\"@id\":\"https:\/\/www.daisho.be\/es\/#website\",\"url\":\"https:\/\/www.daisho.be\/es\/\",\"name\":\"Daisho\",\"description\":\"Sp&eacute;cialiste de l'&eacute;quipement sportif d'arts martiaux\",\"publisher\":{\"@id\":\"https:\/\/www.daisho.be\/es\/#organization\"},\"potentialAction\":[{\"@type\":\"SearchAction\",\"target\":{\"@type\":\"EntryPoint\",\"urlTemplate\":\"https:\/\/www.daisho.be\/es\/?s={search_term_string}\"},\"query-input\":{\"@type\":\"PropertyValueSpecification\",\"valueRequired\":true,\"valueName\":\"search_term_string\"}}],\"inLanguage\":\"es\"},{\"@type\":\"Organization\",\"@id\":\"https:\/\/www.daisho.be\/es\/#organization\",\"name\":\"Daisho\",\"url\":\"https:\/\/www.daisho.be\/es\/\",\"logo\":{\"@type\":\"ImageObject\",\"inLanguage\":\"es\",\"@id\":\"https:\/\/www.daisho.be\/es\/#\/schema\/logo\/image\/\",\"url\":\"https:\/\/www.daisho.be\/wp-content\/uploads\/2019\/07\/color-nothing-horizontale4x-e1564486100247.png\",\"contentUrl\":\"https:\/\/www.daisho.be\/wp-content\/uploads\/2019\/07\/color-nothing-horizontale4x-e1564486100247.png\",\"width\":1547,\"height\":385,\"caption\":\"Daisho\"},\"image\":{\"@id\":\"https:\/\/www.daisho.be\/es\/#\/schema\/logo\/image\/\"}}]}<\/script>\n<!-- \/ Yoast SEO plugin. -->","yoast_head_json":{"title":"Guantes de boxeo adidas Hybrid 150 negro\/blanco &#8211; Daisho","description":"Descubre los guantes de boxeo Adidas h\u00edbridos 150. Te protegen gracias a su espuma de una sola pieza. C\u00f3mpralos en nuestra web www.daisho.be|Daihso","robots":{"index":"index","follow":"follow","max-snippet":"max-snippet:-1","max-image-preview":"max-image-preview:large","max-video-preview":"max-video-preview:-1"},"canonical":"https:\/\/www.daisho.be\/es\/produit\/guantes-de-boxeo-adidas-hybrid-150-negro-blanco\/","og_locale":"es_ES","og_type":"article","og_title":"Guantes de boxeo adidas Hybrid 150 negro\/blanco &#8211; Daisho","og_description":"Descubre los guantes de boxeo Adidas h\u00edbridos 150. Te protegen gracias a su espuma de una sola pieza. C\u00f3mpralos en nuestra web www.daisho.be|Daihso","og_url":"https:\/\/www.daisho.be\/es\/produit\/guantes-de-boxeo-adidas-hybrid-150-negro-blanco\/","og_site_name":"Daisho","article_modified_time":"2025-02-27T12:14:14+00:00","og_image":[{"width":1200,"height":1200,"url":"https:\/\/www.daisho.be\/wp-content\/uploads\/2023\/12\/image-101.jpg","type":"image\/jpeg"}],"twitter_card":"summary_large_image","twitter_misc":{"Tiempo de lectura":"1 minuto"},"schema":{"@context":"https:\/\/schema.org","@graph":[{"@type":"WebPage","@id":"https:\/\/www.daisho.be\/es\/produit\/guantes-de-boxeo-adidas-hybrid-150-negro-blanco\/","url":"https:\/\/www.daisho.be\/es\/produit\/guantes-de-boxeo-adidas-hybrid-150-negro-blanco\/","name":"Guantes de boxeo adidas Hybrid 150 negro\/blanco &#8211; Daisho","isPartOf":{"@id":"https:\/\/www.daisho.be\/es\/#website"},"primaryImageOfPage":{"@id":"https:\/\/www.daisho.be\/es\/produit\/guantes-de-boxeo-adidas-hybrid-150-negro-blanco\/#primaryimage"},"image":{"@id":"https:\/\/www.daisho.be\/es\/produit\/guantes-de-boxeo-adidas-hybrid-150-negro-blanco\/#primaryimage"},"thumbnailUrl":"https:\/\/www.daisho.be\/wp-content\/uploads\/2023\/12\/image-101.jpg","datePublished":"2023-12-19T13:45:35+00:00","dateModified":"2025-02-27T12:14:14+00:00","description":"Descubre los guantes de boxeo Adidas h\u00edbridos 150. Te protegen gracias a su espuma de una sola pieza. C\u00f3mpralos en nuestra web www.daisho.be|Daihso","breadcrumb":{"@id":"https:\/\/www.daisho.be\/es\/produit\/guantes-de-boxeo-adidas-hybrid-150-negro-blanco\/#breadcrumb"},"inLanguage":"es","potentialAction":[{"@type":"ReadAction","target":["https:\/\/www.daisho.be\/es\/produit\/guantes-de-boxeo-adidas-hybrid-150-negro-blanco\/"]}]},{"@type":"ImageObject","inLanguage":"es","@id":"https:\/\/www.daisho.be\/es\/produit\/guantes-de-boxeo-adidas-hybrid-150-negro-blanco\/#primaryimage","url":"https:\/\/www.daisho.be\/wp-content\/uploads\/2023\/12\/image-101.jpg","contentUrl":"https:\/\/www.daisho.be\/wp-content\/uploads\/2023\/12\/image-101.jpg","width":1200,"height":1200,"caption":"Guantes de boxeo adidas Hybrid 150 negro\/blanco-1"},{"@type":"BreadcrumbList","@id":"https:\/\/www.daisho.be\/es\/produit\/guantes-de-boxeo-adidas-hybrid-150-negro-blanco\/#breadcrumb","itemListElement":[{"@type":"ListItem","position":1,"name":"Accueil","item":"https:\/\/www.daisho.be\/es\/"},{"@type":"ListItem","position":2,"name":"Productos","item":"https:\/\/www.daisho.be\/es\/productos\/"},{"@type":"ListItem","position":3,"name":"ADIDAS COMBAT SPORTS","item":"https:\/\/www.daisho.be\/es\/categorie-produit\/adidas-combat-sports-es\/"},{"@type":"ListItem","position":4,"name":"Muay tailand\u00e9s","item":"https:\/\/www.daisho.be\/es\/categorie-produit\/adidas-combat-sports-es\/muay-tailandes-es\/"},{"@type":"ListItem","position":5,"name":"Guantes Adidas Muay Thai","item":"https:\/\/www.daisho.be\/es\/categorie-produit\/adidas-combat-sports-es\/muay-tailandes-es\/guantes-adidas-muay-thai\/"},{"@type":"ListItem","position":6,"name":"Guantes de boxeo adidas Hybrid 150 negro\/blanco"}]},{"@type":"WebSite","@id":"https:\/\/www.daisho.be\/es\/#website","url":"https:\/\/www.daisho.be\/es\/","name":"Daisho","description":"Sp&eacute;cialiste de l'&eacute;quipement sportif d'arts martiaux","publisher":{"@id":"https:\/\/www.daisho.be\/es\/#organization"},"potentialAction":[{"@type":"SearchAction","target":{"@type":"EntryPoint","urlTemplate":"https:\/\/www.daisho.be\/es\/?s={search_term_string}"},"query-input":{"@type":"PropertyValueSpecification","valueRequired":true,"valueName":"search_term_string"}}],"inLanguage":"es"},{"@type":"Organization","@id":"https:\/\/www.daisho.be\/es\/#organization","name":"Daisho","url":"https:\/\/www.daisho.be\/es\/","logo":{"@type":"ImageObject","inLanguage":"es","@id":"https:\/\/www.daisho.be\/es\/#\/schema\/logo\/image\/","url":"https:\/\/www.daisho.be\/wp-content\/uploads\/2019\/07\/color-nothing-horizontale4x-e1564486100247.png","contentUrl":"https:\/\/www.daisho.be\/wp-content\/uploads\/2019\/07\/color-nothing-horizontale4x-e1564486100247.png","width":1547,"height":385,"caption":"Daisho"},"image":{"@id":"https:\/\/www.daisho.be\/es\/#\/schema\/logo\/image\/"}}]}},"_links":{"self":[{"href":"https:\/\/www.daisho.be\/es\/wp-json\/wp\/v2\/product\/359856","targetHints":{"allow":["GET"]}}],"collection":[{"href":"https:\/\/www.daisho.be\/es\/wp-json\/wp\/v2\/product"}],"about":[{"href":"https:\/\/www.daisho.be\/es\/wp-json\/wp\/v2\/types\/product"}],"replies":[{"embeddable":true,"href":"https:\/\/www.daisho.be\/es\/wp-json\/wp\/v2\/comments?post=359856"}],"wp:featuredmedia":[{"embeddable":true,"href":"https:\/\/www.daisho.be\/es\/wp-json\/wp\/v2\/media\/340038"}],"wp:attachment":[{"href":"https:\/\/www.daisho.be\/es\/wp-json\/wp\/v2\/media?parent=359856"}],"wp:term":[{"taxonomy":"product_brand","embeddable":true,"href":"https:\/\/www.daisho.be\/es\/wp-json\/wp\/v2\/product_brand?post=359856"},{"taxonomy":"product_cat","embeddable":true,"href":"https:\/\/www.daisho.be\/es\/wp-json\/wp\/v2\/product_cat?post=359856"},{"taxonomy":"product_tag","embeddable":true,"href":"https:\/\/www.daisho.be\/es\/wp-json\/wp\/v2\/product_tag?post=359856"},{"taxonomy":"sport","embeddable":true,"href":"https:\/\/www.daisho.be\/es\/wp-json\/wp\/v2\/sport?post=359856"}],"curies":[{"name":"wp","href":"https:\/\/api.w.org\/{rel}","templated":true}]}}