{"id":359692,"date":"2022-11-14T18:07:55","date_gmt":"2022-11-14T17:07:55","guid":{"rendered":"https:\/\/www.daisho.be\/produit\/guantes-de-boxeo-adidas-speed-tilt-350v-pro-training-blanco-oro\/"},"modified":"2025-02-27T15:36:03","modified_gmt":"2025-02-27T14:36:03","slug":"guantes-de-boxeo-adidas-speed-tilt-350v-pro-training-blanco-oro","status":"publish","type":"product","link":"https:\/\/www.daisho.be\/es\/produit\/guantes-de-boxeo-adidas-speed-tilt-350v-pro-training-blanco-oro\/","title":{"rendered":"Guantes de boxeo adidas SPEED TILT 350V Pro TRaining Blanco\/Oro"},"content":{"rendered":"<p>El Speed TILT 350V es un guante ergon\u00f3mico que ofrece una protecci\u00f3n \u00f3ptima y el m\u00e1ximo confort. Los guantes est\u00e1n hechos de piel de cactus: la piel de cactus es resistente a la humedad y tiene una estructura densa, por lo que es menos susceptible a la suciedad y la grasa.<br \/>\nEl dise\u00f1o es exclusivo de este modelo: el guante est\u00e1 dise\u00f1ado para que los 2 nudillos interiores apunten siempre hacia delante. Esto te proporciona el menor impacto en las manos y los nudillos.<br \/>\nEl acolchado del guante est\u00e1 compuesto por varias espumas FMI. Esto garantiza una mayor comodidad y protecci\u00f3n.<br \/>\nEl doble cierre de velcro proporciona una sujeci\u00f3n perfecta a tus mu\u00f1ecas. La barra de gel en la palma garantiza un agarre perfecto.<br \/>\nEstos guantes de (kick)boxeo son adecuados para el luchador profesional.   <\/p>\n<p>Ventajas de los guantes de boxeo adidas Speed LIFTS 350V (Kick)<\/p>\n<p>&#8211; Cierre de velcro largo<br \/>\n&#8211; de piel de cactus<br \/>\n&#8211; acolchado protector s\u00f3lido y multicapa<br \/>\n&#8211; pu\u00f1o anat\u00f3mico<br \/>\n&#8211; absorci\u00f3n de impactos para mayor comodidad<\/p>\n","protected":false},"excerpt":{"rendered":"<p>El Speed TILT 350V es un guante ergon\u00f3mico que ofrece una protecci\u00f3n \u00f3ptima y el m\u00e1ximo confort. Los guantes est\u00e1n hechos de piel de cactus: la piel de cactus es resistente a la humedad y tiene una estructura densa, por lo que es menos susceptible a la suciedad y la grasa. El dise\u00f1o es exclusivo [&hellip;]<\/p>\n","protected":false},"featured_media":338358,"comment_status":"open","ping_status":"closed","template":"","meta":{"inline_featured_image":false},"product_brand":[],"product_cat":[1691],"product_tag":[1560],"sport":[],"class_list":{"0":"post-359692","1":"product","2":"type-product","3":"status-publish","4":"has-post-thumbnail","6":"product_cat-guantes-de-boxeo-adidas","7":"product_tag-adidas-es","8":"pa_size-372","9":"pa_size-371","10":"pa_size-370","12":"first","13":"instock","14":"taxable","15":"shipping-taxable","16":"purchasable","17":"product-type-variable"},"yoast_head":"<!-- This site is optimized with the Yoast SEO plugin v27.2 - https:\/\/yoast.com\/product\/yoast-seo-wordpress\/ -->\n<title>Guantes de boxeo adidas SPEED TILT 350V Pro TRaining Blanco\/Oro &#8211; Daisho<\/title>\n<meta name=\"description\" content=\"Los guantes de boxeo speed tilt 350v est\u00e1n dise\u00f1ados para ofrecer una protecci\u00f3n \u00f3ptima. C\u00f3mpralos en nuestra web www.daisho.be|Daisho\" \/>\n<meta name=\"robots\" content=\"index, follow, max-snippet:-1, max-image-preview:large, max-video-preview:-1\" \/>\n<link rel=\"canonical\" href=\"https:\/\/www.daisho.be\/es\/produit\/guantes-de-boxeo-adidas-speed-tilt-350v-pro-training-blanco-oro\/\" \/>\n<meta property=\"og:locale\" content=\"es_ES\" \/>\n<meta property=\"og:type\" content=\"article\" \/>\n<meta property=\"og:title\" content=\"Guantes de boxeo adidas SPEED TILT 350V Pro TRaining Blanco\/Oro &#8211; Daisho\" \/>\n<meta property=\"og:description\" content=\"Los guantes de boxeo speed tilt 350v est\u00e1n dise\u00f1ados para ofrecer una protecci\u00f3n \u00f3ptima. C\u00f3mpralos en nuestra web www.daisho.be|Daisho\" \/>\n<meta property=\"og:url\" content=\"https:\/\/www.daisho.be\/es\/produit\/guantes-de-boxeo-adidas-speed-tilt-350v-pro-training-blanco-oro\/\" \/>\n<meta property=\"og:site_name\" content=\"Daisho\" \/>\n<meta property=\"article:modified_time\" content=\"2025-02-27T14:36:03+00:00\" \/>\n<meta property=\"og:image\" content=\"https:\/\/www.daisho.be\/wp-content\/uploads\/2023\/07\/image-36.jpg\" \/>\n\t<meta property=\"og:image:width\" content=\"650\" \/>\n\t<meta property=\"og:image:height\" content=\"650\" \/>\n\t<meta property=\"og:image:type\" content=\"image\/jpeg\" \/>\n<meta name=\"twitter:card\" content=\"summary_large_image\" \/>\n<meta name=\"twitter:label1\" content=\"Tiempo de lectura\" \/>\n\t<meta name=\"twitter:data1\" content=\"1 minuto\" \/>\n<script type=\"application\/ld+json\" class=\"yoast-schema-graph\">{\"@context\":\"https:\/\/schema.org\",\"@graph\":[{\"@type\":\"WebPage\",\"@id\":\"https:\/\/www.daisho.be\/es\/produit\/guantes-de-boxeo-adidas-speed-tilt-350v-pro-training-blanco-oro\/\",\"url\":\"https:\/\/www.daisho.be\/es\/produit\/guantes-de-boxeo-adidas-speed-tilt-350v-pro-training-blanco-oro\/\",\"name\":\"Guantes de boxeo adidas SPEED TILT 350V Pro TRaining Blanco\/Oro &#8211; Daisho\",\"isPartOf\":{\"@id\":\"https:\/\/www.daisho.be\/es\/#website\"},\"primaryImageOfPage\":{\"@id\":\"https:\/\/www.daisho.be\/es\/produit\/guantes-de-boxeo-adidas-speed-tilt-350v-pro-training-blanco-oro\/#primaryimage\"},\"image\":{\"@id\":\"https:\/\/www.daisho.be\/es\/produit\/guantes-de-boxeo-adidas-speed-tilt-350v-pro-training-blanco-oro\/#primaryimage\"},\"thumbnailUrl\":\"https:\/\/www.daisho.be\/wp-content\/uploads\/2023\/07\/image-36.jpg\",\"datePublished\":\"2022-11-14T17:07:55+00:00\",\"dateModified\":\"2025-02-27T14:36:03+00:00\",\"description\":\"Los guantes de boxeo speed tilt 350v est\u00e1n dise\u00f1ados para ofrecer una protecci\u00f3n \u00f3ptima. C\u00f3mpralos en nuestra web www.daisho.be|Daisho\",\"breadcrumb\":{\"@id\":\"https:\/\/www.daisho.be\/es\/produit\/guantes-de-boxeo-adidas-speed-tilt-350v-pro-training-blanco-oro\/#breadcrumb\"},\"inLanguage\":\"es\",\"potentialAction\":[{\"@type\":\"ReadAction\",\"target\":[\"https:\/\/www.daisho.be\/es\/produit\/guantes-de-boxeo-adidas-speed-tilt-350v-pro-training-blanco-oro\/\"]}]},{\"@type\":\"ImageObject\",\"inLanguage\":\"es\",\"@id\":\"https:\/\/www.daisho.be\/es\/produit\/guantes-de-boxeo-adidas-speed-tilt-350v-pro-training-blanco-oro\/#primaryimage\",\"url\":\"https:\/\/www.daisho.be\/wp-content\/uploads\/2023\/07\/image-36.jpg\",\"contentUrl\":\"https:\/\/www.daisho.be\/wp-content\/uploads\/2023\/07\/image-36.jpg\",\"width\":650,\"height\":650,\"caption\":\"Guantes de boxeo adidas SPEED TILT 350V Pro TRaining Blanco\/Oro-1\"},{\"@type\":\"BreadcrumbList\",\"@id\":\"https:\/\/www.daisho.be\/es\/produit\/guantes-de-boxeo-adidas-speed-tilt-350v-pro-training-blanco-oro\/#breadcrumb\",\"itemListElement\":[{\"@type\":\"ListItem\",\"position\":1,\"name\":\"Accueil\",\"item\":\"https:\/\/www.daisho.be\/es\/\"},{\"@type\":\"ListItem\",\"position\":2,\"name\":\"Productos\",\"item\":\"https:\/\/www.daisho.be\/es\/productos\/\"},{\"@type\":\"ListItem\",\"position\":3,\"name\":\"ADIDAS COMBAT SPORTS\",\"item\":\"https:\/\/www.daisho.be\/es\/categorie-produit\/adidas-combat-sports-es\/\"},{\"@type\":\"ListItem\",\"position\":4,\"name\":\"Boxeo\",\"item\":\"https:\/\/www.daisho.be\/es\/categorie-produit\/adidas-combat-sports-es\/boxeo\/\"},{\"@type\":\"ListItem\",\"position\":5,\"name\":\"Guantes de boxeo Adidas\",\"item\":\"https:\/\/www.daisho.be\/es\/categorie-produit\/adidas-combat-sports-es\/boxeo\/guantes-de-boxeo-adidas\/\"},{\"@type\":\"ListItem\",\"position\":6,\"name\":\"Guantes de boxeo adidas SPEED TILT 350V Pro TRaining Blanco\/Oro\"}]},{\"@type\":\"WebSite\",\"@id\":\"https:\/\/www.daisho.be\/es\/#website\",\"url\":\"https:\/\/www.daisho.be\/es\/\",\"name\":\"Daisho\",\"description\":\"Sp&eacute;cialiste de l'&eacute;quipement sportif d'arts martiaux\",\"publisher\":{\"@id\":\"https:\/\/www.daisho.be\/es\/#organization\"},\"potentialAction\":[{\"@type\":\"SearchAction\",\"target\":{\"@type\":\"EntryPoint\",\"urlTemplate\":\"https:\/\/www.daisho.be\/es\/?s={search_term_string}\"},\"query-input\":{\"@type\":\"PropertyValueSpecification\",\"valueRequired\":true,\"valueName\":\"search_term_string\"}}],\"inLanguage\":\"es\"},{\"@type\":\"Organization\",\"@id\":\"https:\/\/www.daisho.be\/es\/#organization\",\"name\":\"Daisho\",\"url\":\"https:\/\/www.daisho.be\/es\/\",\"logo\":{\"@type\":\"ImageObject\",\"inLanguage\":\"es\",\"@id\":\"https:\/\/www.daisho.be\/es\/#\/schema\/logo\/image\/\",\"url\":\"https:\/\/www.daisho.be\/wp-content\/uploads\/2019\/07\/color-nothing-horizontale4x-e1564486100247.png\",\"contentUrl\":\"https:\/\/www.daisho.be\/wp-content\/uploads\/2019\/07\/color-nothing-horizontale4x-e1564486100247.png\",\"width\":1547,\"height\":385,\"caption\":\"Daisho\"},\"image\":{\"@id\":\"https:\/\/www.daisho.be\/es\/#\/schema\/logo\/image\/\"}}]}<\/script>\n<!-- \/ Yoast SEO plugin. -->","yoast_head_json":{"title":"Guantes de boxeo adidas SPEED TILT 350V Pro TRaining Blanco\/Oro &#8211; Daisho","description":"Los guantes de boxeo speed tilt 350v est\u00e1n dise\u00f1ados para ofrecer una protecci\u00f3n \u00f3ptima. C\u00f3mpralos en nuestra web www.daisho.be|Daisho","robots":{"index":"index","follow":"follow","max-snippet":"max-snippet:-1","max-image-preview":"max-image-preview:large","max-video-preview":"max-video-preview:-1"},"canonical":"https:\/\/www.daisho.be\/es\/produit\/guantes-de-boxeo-adidas-speed-tilt-350v-pro-training-blanco-oro\/","og_locale":"es_ES","og_type":"article","og_title":"Guantes de boxeo adidas SPEED TILT 350V Pro TRaining Blanco\/Oro &#8211; Daisho","og_description":"Los guantes de boxeo speed tilt 350v est\u00e1n dise\u00f1ados para ofrecer una protecci\u00f3n \u00f3ptima. C\u00f3mpralos en nuestra web www.daisho.be|Daisho","og_url":"https:\/\/www.daisho.be\/es\/produit\/guantes-de-boxeo-adidas-speed-tilt-350v-pro-training-blanco-oro\/","og_site_name":"Daisho","article_modified_time":"2025-02-27T14:36:03+00:00","og_image":[{"width":650,"height":650,"url":"https:\/\/www.daisho.be\/wp-content\/uploads\/2023\/07\/image-36.jpg","type":"image\/jpeg"}],"twitter_card":"summary_large_image","twitter_misc":{"Tiempo de lectura":"1 minuto"},"schema":{"@context":"https:\/\/schema.org","@graph":[{"@type":"WebPage","@id":"https:\/\/www.daisho.be\/es\/produit\/guantes-de-boxeo-adidas-speed-tilt-350v-pro-training-blanco-oro\/","url":"https:\/\/www.daisho.be\/es\/produit\/guantes-de-boxeo-adidas-speed-tilt-350v-pro-training-blanco-oro\/","name":"Guantes de boxeo adidas SPEED TILT 350V Pro TRaining Blanco\/Oro &#8211; Daisho","isPartOf":{"@id":"https:\/\/www.daisho.be\/es\/#website"},"primaryImageOfPage":{"@id":"https:\/\/www.daisho.be\/es\/produit\/guantes-de-boxeo-adidas-speed-tilt-350v-pro-training-blanco-oro\/#primaryimage"},"image":{"@id":"https:\/\/www.daisho.be\/es\/produit\/guantes-de-boxeo-adidas-speed-tilt-350v-pro-training-blanco-oro\/#primaryimage"},"thumbnailUrl":"https:\/\/www.daisho.be\/wp-content\/uploads\/2023\/07\/image-36.jpg","datePublished":"2022-11-14T17:07:55+00:00","dateModified":"2025-02-27T14:36:03+00:00","description":"Los guantes de boxeo speed tilt 350v est\u00e1n dise\u00f1ados para ofrecer una protecci\u00f3n \u00f3ptima. C\u00f3mpralos en nuestra web www.daisho.be|Daisho","breadcrumb":{"@id":"https:\/\/www.daisho.be\/es\/produit\/guantes-de-boxeo-adidas-speed-tilt-350v-pro-training-blanco-oro\/#breadcrumb"},"inLanguage":"es","potentialAction":[{"@type":"ReadAction","target":["https:\/\/www.daisho.be\/es\/produit\/guantes-de-boxeo-adidas-speed-tilt-350v-pro-training-blanco-oro\/"]}]},{"@type":"ImageObject","inLanguage":"es","@id":"https:\/\/www.daisho.be\/es\/produit\/guantes-de-boxeo-adidas-speed-tilt-350v-pro-training-blanco-oro\/#primaryimage","url":"https:\/\/www.daisho.be\/wp-content\/uploads\/2023\/07\/image-36.jpg","contentUrl":"https:\/\/www.daisho.be\/wp-content\/uploads\/2023\/07\/image-36.jpg","width":650,"height":650,"caption":"Guantes de boxeo adidas SPEED TILT 350V Pro TRaining Blanco\/Oro-1"},{"@type":"BreadcrumbList","@id":"https:\/\/www.daisho.be\/es\/produit\/guantes-de-boxeo-adidas-speed-tilt-350v-pro-training-blanco-oro\/#breadcrumb","itemListElement":[{"@type":"ListItem","position":1,"name":"Accueil","item":"https:\/\/www.daisho.be\/es\/"},{"@type":"ListItem","position":2,"name":"Productos","item":"https:\/\/www.daisho.be\/es\/productos\/"},{"@type":"ListItem","position":3,"name":"ADIDAS COMBAT SPORTS","item":"https:\/\/www.daisho.be\/es\/categorie-produit\/adidas-combat-sports-es\/"},{"@type":"ListItem","position":4,"name":"Boxeo","item":"https:\/\/www.daisho.be\/es\/categorie-produit\/adidas-combat-sports-es\/boxeo\/"},{"@type":"ListItem","position":5,"name":"Guantes de boxeo Adidas","item":"https:\/\/www.daisho.be\/es\/categorie-produit\/adidas-combat-sports-es\/boxeo\/guantes-de-boxeo-adidas\/"},{"@type":"ListItem","position":6,"name":"Guantes de boxeo adidas SPEED TILT 350V Pro TRaining Blanco\/Oro"}]},{"@type":"WebSite","@id":"https:\/\/www.daisho.be\/es\/#website","url":"https:\/\/www.daisho.be\/es\/","name":"Daisho","description":"Sp&eacute;cialiste de l'&eacute;quipement sportif d'arts martiaux","publisher":{"@id":"https:\/\/www.daisho.be\/es\/#organization"},"potentialAction":[{"@type":"SearchAction","target":{"@type":"EntryPoint","urlTemplate":"https:\/\/www.daisho.be\/es\/?s={search_term_string}"},"query-input":{"@type":"PropertyValueSpecification","valueRequired":true,"valueName":"search_term_string"}}],"inLanguage":"es"},{"@type":"Organization","@id":"https:\/\/www.daisho.be\/es\/#organization","name":"Daisho","url":"https:\/\/www.daisho.be\/es\/","logo":{"@type":"ImageObject","inLanguage":"es","@id":"https:\/\/www.daisho.be\/es\/#\/schema\/logo\/image\/","url":"https:\/\/www.daisho.be\/wp-content\/uploads\/2019\/07\/color-nothing-horizontale4x-e1564486100247.png","contentUrl":"https:\/\/www.daisho.be\/wp-content\/uploads\/2019\/07\/color-nothing-horizontale4x-e1564486100247.png","width":1547,"height":385,"caption":"Daisho"},"image":{"@id":"https:\/\/www.daisho.be\/es\/#\/schema\/logo\/image\/"}}]}},"_links":{"self":[{"href":"https:\/\/www.daisho.be\/es\/wp-json\/wp\/v2\/product\/359692","targetHints":{"allow":["GET"]}}],"collection":[{"href":"https:\/\/www.daisho.be\/es\/wp-json\/wp\/v2\/product"}],"about":[{"href":"https:\/\/www.daisho.be\/es\/wp-json\/wp\/v2\/types\/product"}],"replies":[{"embeddable":true,"href":"https:\/\/www.daisho.be\/es\/wp-json\/wp\/v2\/comments?post=359692"}],"wp:featuredmedia":[{"embeddable":true,"href":"https:\/\/www.daisho.be\/es\/wp-json\/wp\/v2\/media\/338358"}],"wp:attachment":[{"href":"https:\/\/www.daisho.be\/es\/wp-json\/wp\/v2\/media?parent=359692"}],"wp:term":[{"taxonomy":"product_brand","embeddable":true,"href":"https:\/\/www.daisho.be\/es\/wp-json\/wp\/v2\/product_brand?post=359692"},{"taxonomy":"product_cat","embeddable":true,"href":"https:\/\/www.daisho.be\/es\/wp-json\/wp\/v2\/product_cat?post=359692"},{"taxonomy":"product_tag","embeddable":true,"href":"https:\/\/www.daisho.be\/es\/wp-json\/wp\/v2\/product_tag?post=359692"},{"taxonomy":"sport","embeddable":true,"href":"https:\/\/www.daisho.be\/es\/wp-json\/wp\/v2\/sport?post=359692"}],"curies":[{"name":"wp","href":"https:\/\/api.w.org\/{rel}","templated":true}]}}