{"id":359621,"date":"2022-07-22T12:38:10","date_gmt":"2022-07-22T10:38:10","guid":{"rendered":"https:\/\/www.daisho.be\/produit\/guantes-de-boxeo-zebra-fitness-negro\/"},"modified":"2026-01-03T12:43:03","modified_gmt":"2026-01-03T11:43:03","slug":"guantes-de-boxeo-zebra-fitness-negro","status":"publish","type":"product","link":"https:\/\/www.daisho.be\/es\/produit\/guantes-de-boxeo-zebra-fitness-negro\/","title":{"rendered":"Guantes de boxeo ZEBRA FITNESS Negro"},"content":{"rendered":"<p>Guantes de boxeo de fitness con velcro fabricados con el mejor \u00abFLX PU\u00bb.<\/p>\n<p>El amplio cierre de velcro \u00abAll Around\u00bb proporciona una excelente estabilidad en la mu\u00f1eca.<\/p>\n<p>La espuma pretensada de 2 capas del \u00abSistema pu\u00f1o f\u00e1cil\u00bb requiere un esfuerzo m\u00ednimo para golpear con firmeza. L<\/p>\n<p>l agarre de la palma y el pulgar cosido ofrecen mayor comodidad y seguridad.<\/p>\n<p>El interior de malla de poli\u00e9ster transpirable garantiza una buena ventilaci\u00f3n y mantiene el guante lo m\u00e1s seco posible.<\/p>\n<p>Un guante ideal para el entrenamiento de fitness boxing y kickboxing, que ofrece una gran relaci\u00f3n calidad-precio.<\/p>\n<p>Material exterior: PU FLX<br \/>\nForro de malla de poli\u00e9ster para una buena ventilaci\u00f3n<br \/>\nAcolchado de espuma de 2 capas para proteger los tobillos<br \/>\nSistema EFS Easy Fist gracias a un preagarre \u00f3ptimo<\/p>\n","protected":false},"excerpt":{"rendered":"<p>Guantes de boxeo de fitness con velcro fabricados con el mejor \u00abFLX PU\u00bb. El amplio cierre de velcro \u00abAll Around\u00bb proporciona una excelente estabilidad en la mu\u00f1eca. La espuma pretensada de 2 capas del \u00abSistema pu\u00f1o f\u00e1cil\u00bb requiere un esfuerzo m\u00ednimo para golpear con firmeza. L l agarre de la palma y el pulgar cosido [&hellip;]<\/p>\n","protected":false},"featured_media":338745,"comment_status":"open","ping_status":"closed","template":"","meta":{"inline_featured_image":false},"product_brand":[],"product_cat":[1434,1424,1361],"product_tag":[1747],"sport":[],"class_list":{"0":"post-359621","1":"product","2":"type-product","3":"status-publish","4":"has-post-thumbnail","6":"product_cat-guantes-de-boxeo","7":"product_cat-guantes-de-kickboxing","8":"product_cat-protecciones","9":"product_tag-zebra-es","10":"pa_size-372","11":"pa_size-371","12":"pa_size-370","13":"pa_size-461","14":"pa_size-84","15":"pa_size-440","16":"pa_size-439","18":"first","19":"instock","20":"sale","21":"taxable","22":"shipping-taxable","23":"purchasable","24":"product-type-variable"},"yoast_head":"<!-- This site is optimized with the Yoast SEO plugin v27.2 - https:\/\/yoast.com\/product\/yoast-seo-wordpress\/ -->\n<title>Guantes de boxeo ZEBRA FITNESS Negro &#8211; Daisho<\/title>\n<meta name=\"robots\" content=\"index, follow, max-snippet:-1, max-image-preview:large, max-video-preview:-1\" \/>\n<link rel=\"canonical\" href=\"https:\/\/www.daisho.be\/es\/produit\/guantes-de-boxeo-zebra-fitness-negro\/\" \/>\n<meta property=\"og:locale\" content=\"es_ES\" \/>\n<meta property=\"og:type\" content=\"article\" \/>\n<meta property=\"og:title\" content=\"Guantes de boxeo ZEBRA FITNESS Negro &#8211; Daisho\" \/>\n<meta property=\"og:description\" content=\"Guantes de boxeo de fitness con velcro fabricados con el mejor \u00abFLX PU\u00bb. El amplio cierre de velcro \u00abAll Around\u00bb proporciona una excelente estabilidad en la mu\u00f1eca. La espuma pretensada de 2 capas del \u00abSistema pu\u00f1o f\u00e1cil\u00bb requiere un esfuerzo m\u00ednimo para golpear con firmeza. L l agarre de la palma y el pulgar cosido [&hellip;]\" \/>\n<meta property=\"og:url\" content=\"https:\/\/www.daisho.be\/es\/produit\/guantes-de-boxeo-zebra-fitness-negro\/\" \/>\n<meta property=\"og:site_name\" content=\"Daisho\" \/>\n<meta property=\"article:modified_time\" content=\"2026-01-03T11:43:03+00:00\" \/>\n<meta property=\"og:image\" content=\"https:\/\/www.daisho.be\/wp-content\/uploads\/2023\/08\/image-66.jpg\" \/>\n\t<meta property=\"og:image:width\" content=\"510\" \/>\n\t<meta property=\"og:image:height\" content=\"720\" \/>\n\t<meta property=\"og:image:type\" content=\"image\/jpeg\" \/>\n<meta name=\"twitter:card\" content=\"summary_large_image\" \/>\n<meta name=\"twitter:label1\" content=\"Tiempo de lectura\" \/>\n\t<meta name=\"twitter:data1\" content=\"1 minuto\" \/>\n<script type=\"application\/ld+json\" class=\"yoast-schema-graph\">{\"@context\":\"https:\/\/schema.org\",\"@graph\":[{\"@type\":\"WebPage\",\"@id\":\"https:\/\/www.daisho.be\/es\/produit\/guantes-de-boxeo-zebra-fitness-negro\/\",\"url\":\"https:\/\/www.daisho.be\/es\/produit\/guantes-de-boxeo-zebra-fitness-negro\/\",\"name\":\"Guantes de boxeo ZEBRA FITNESS Negro &#8211; Daisho\",\"isPartOf\":{\"@id\":\"https:\/\/www.daisho.be\/es\/#website\"},\"primaryImageOfPage\":{\"@id\":\"https:\/\/www.daisho.be\/es\/produit\/guantes-de-boxeo-zebra-fitness-negro\/#primaryimage\"},\"image\":{\"@id\":\"https:\/\/www.daisho.be\/es\/produit\/guantes-de-boxeo-zebra-fitness-negro\/#primaryimage\"},\"thumbnailUrl\":\"https:\/\/www.daisho.be\/wp-content\/uploads\/2023\/08\/image-66.jpg\",\"datePublished\":\"2022-07-22T10:38:10+00:00\",\"dateModified\":\"2026-01-03T11:43:03+00:00\",\"breadcrumb\":{\"@id\":\"https:\/\/www.daisho.be\/es\/produit\/guantes-de-boxeo-zebra-fitness-negro\/#breadcrumb\"},\"inLanguage\":\"es\",\"potentialAction\":[{\"@type\":\"ReadAction\",\"target\":[\"https:\/\/www.daisho.be\/es\/produit\/guantes-de-boxeo-zebra-fitness-negro\/\"]}]},{\"@type\":\"ImageObject\",\"inLanguage\":\"es\",\"@id\":\"https:\/\/www.daisho.be\/es\/produit\/guantes-de-boxeo-zebra-fitness-negro\/#primaryimage\",\"url\":\"https:\/\/www.daisho.be\/wp-content\/uploads\/2023\/08\/image-66.jpg\",\"contentUrl\":\"https:\/\/www.daisho.be\/wp-content\/uploads\/2023\/08\/image-66.jpg\",\"width\":510,\"height\":720,\"caption\":\"Guantes de boxeo ZEBRA FITNESS Negro-1\"},{\"@type\":\"BreadcrumbList\",\"@id\":\"https:\/\/www.daisho.be\/es\/produit\/guantes-de-boxeo-zebra-fitness-negro\/#breadcrumb\",\"itemListElement\":[{\"@type\":\"ListItem\",\"position\":1,\"name\":\"Accueil\",\"item\":\"https:\/\/www.daisho.be\/es\/\"},{\"@type\":\"ListItem\",\"position\":2,\"name\":\"Productos\",\"item\":\"https:\/\/www.daisho.be\/es\/productos\/\"},{\"@type\":\"ListItem\",\"position\":3,\"name\":\"Equipamiento y ropa para artes marciales y deportes de combate\",\"item\":\"https:\/\/www.daisho.be\/es\/categorie-produit\/equipamiento-y-ropa-para-artes-marciales-y-deportes-de-combate\/\"},{\"@type\":\"ListItem\",\"position\":4,\"name\":\"Boxeo\",\"item\":\"https:\/\/www.daisho.be\/es\/categorie-produit\/equipamiento-y-ropa-para-artes-marciales-y-deportes-de-combate\/boxeo-es\/\"},{\"@type\":\"ListItem\",\"position\":5,\"name\":\"Guantes de boxeo\",\"item\":\"https:\/\/www.daisho.be\/es\/categorie-produit\/equipamiento-y-ropa-para-artes-marciales-y-deportes-de-combate\/boxeo-es\/guantes-de-boxeo\/\"},{\"@type\":\"ListItem\",\"position\":6,\"name\":\"Guantes de boxeo ZEBRA FITNESS Negro\"}]},{\"@type\":\"WebSite\",\"@id\":\"https:\/\/www.daisho.be\/es\/#website\",\"url\":\"https:\/\/www.daisho.be\/es\/\",\"name\":\"Daisho\",\"description\":\"Sp&eacute;cialiste de l'&eacute;quipement sportif d'arts martiaux\",\"publisher\":{\"@id\":\"https:\/\/www.daisho.be\/es\/#organization\"},\"potentialAction\":[{\"@type\":\"SearchAction\",\"target\":{\"@type\":\"EntryPoint\",\"urlTemplate\":\"https:\/\/www.daisho.be\/es\/?s={search_term_string}\"},\"query-input\":{\"@type\":\"PropertyValueSpecification\",\"valueRequired\":true,\"valueName\":\"search_term_string\"}}],\"inLanguage\":\"es\"},{\"@type\":\"Organization\",\"@id\":\"https:\/\/www.daisho.be\/es\/#organization\",\"name\":\"Daisho\",\"url\":\"https:\/\/www.daisho.be\/es\/\",\"logo\":{\"@type\":\"ImageObject\",\"inLanguage\":\"es\",\"@id\":\"https:\/\/www.daisho.be\/es\/#\/schema\/logo\/image\/\",\"url\":\"https:\/\/www.daisho.be\/wp-content\/uploads\/2019\/07\/color-nothing-horizontale4x-e1564486100247.png\",\"contentUrl\":\"https:\/\/www.daisho.be\/wp-content\/uploads\/2019\/07\/color-nothing-horizontale4x-e1564486100247.png\",\"width\":1547,\"height\":385,\"caption\":\"Daisho\"},\"image\":{\"@id\":\"https:\/\/www.daisho.be\/es\/#\/schema\/logo\/image\/\"}}]}<\/script>\n<!-- \/ Yoast SEO plugin. -->","yoast_head_json":{"title":"Guantes de boxeo ZEBRA FITNESS Negro &#8211; Daisho","robots":{"index":"index","follow":"follow","max-snippet":"max-snippet:-1","max-image-preview":"max-image-preview:large","max-video-preview":"max-video-preview:-1"},"canonical":"https:\/\/www.daisho.be\/es\/produit\/guantes-de-boxeo-zebra-fitness-negro\/","og_locale":"es_ES","og_type":"article","og_title":"Guantes de boxeo ZEBRA FITNESS Negro &#8211; Daisho","og_description":"Guantes de boxeo de fitness con velcro fabricados con el mejor \u00abFLX PU\u00bb. El amplio cierre de velcro \u00abAll Around\u00bb proporciona una excelente estabilidad en la mu\u00f1eca. La espuma pretensada de 2 capas del \u00abSistema pu\u00f1o f\u00e1cil\u00bb requiere un esfuerzo m\u00ednimo para golpear con firmeza. L l agarre de la palma y el pulgar cosido [&hellip;]","og_url":"https:\/\/www.daisho.be\/es\/produit\/guantes-de-boxeo-zebra-fitness-negro\/","og_site_name":"Daisho","article_modified_time":"2026-01-03T11:43:03+00:00","og_image":[{"width":510,"height":720,"url":"https:\/\/www.daisho.be\/wp-content\/uploads\/2023\/08\/image-66.jpg","type":"image\/jpeg"}],"twitter_card":"summary_large_image","twitter_misc":{"Tiempo de lectura":"1 minuto"},"schema":{"@context":"https:\/\/schema.org","@graph":[{"@type":"WebPage","@id":"https:\/\/www.daisho.be\/es\/produit\/guantes-de-boxeo-zebra-fitness-negro\/","url":"https:\/\/www.daisho.be\/es\/produit\/guantes-de-boxeo-zebra-fitness-negro\/","name":"Guantes de boxeo ZEBRA FITNESS Negro &#8211; Daisho","isPartOf":{"@id":"https:\/\/www.daisho.be\/es\/#website"},"primaryImageOfPage":{"@id":"https:\/\/www.daisho.be\/es\/produit\/guantes-de-boxeo-zebra-fitness-negro\/#primaryimage"},"image":{"@id":"https:\/\/www.daisho.be\/es\/produit\/guantes-de-boxeo-zebra-fitness-negro\/#primaryimage"},"thumbnailUrl":"https:\/\/www.daisho.be\/wp-content\/uploads\/2023\/08\/image-66.jpg","datePublished":"2022-07-22T10:38:10+00:00","dateModified":"2026-01-03T11:43:03+00:00","breadcrumb":{"@id":"https:\/\/www.daisho.be\/es\/produit\/guantes-de-boxeo-zebra-fitness-negro\/#breadcrumb"},"inLanguage":"es","potentialAction":[{"@type":"ReadAction","target":["https:\/\/www.daisho.be\/es\/produit\/guantes-de-boxeo-zebra-fitness-negro\/"]}]},{"@type":"ImageObject","inLanguage":"es","@id":"https:\/\/www.daisho.be\/es\/produit\/guantes-de-boxeo-zebra-fitness-negro\/#primaryimage","url":"https:\/\/www.daisho.be\/wp-content\/uploads\/2023\/08\/image-66.jpg","contentUrl":"https:\/\/www.daisho.be\/wp-content\/uploads\/2023\/08\/image-66.jpg","width":510,"height":720,"caption":"Guantes de boxeo ZEBRA FITNESS Negro-1"},{"@type":"BreadcrumbList","@id":"https:\/\/www.daisho.be\/es\/produit\/guantes-de-boxeo-zebra-fitness-negro\/#breadcrumb","itemListElement":[{"@type":"ListItem","position":1,"name":"Accueil","item":"https:\/\/www.daisho.be\/es\/"},{"@type":"ListItem","position":2,"name":"Productos","item":"https:\/\/www.daisho.be\/es\/productos\/"},{"@type":"ListItem","position":3,"name":"Equipamiento y ropa para artes marciales y deportes de combate","item":"https:\/\/www.daisho.be\/es\/categorie-produit\/equipamiento-y-ropa-para-artes-marciales-y-deportes-de-combate\/"},{"@type":"ListItem","position":4,"name":"Boxeo","item":"https:\/\/www.daisho.be\/es\/categorie-produit\/equipamiento-y-ropa-para-artes-marciales-y-deportes-de-combate\/boxeo-es\/"},{"@type":"ListItem","position":5,"name":"Guantes de boxeo","item":"https:\/\/www.daisho.be\/es\/categorie-produit\/equipamiento-y-ropa-para-artes-marciales-y-deportes-de-combate\/boxeo-es\/guantes-de-boxeo\/"},{"@type":"ListItem","position":6,"name":"Guantes de boxeo ZEBRA FITNESS Negro"}]},{"@type":"WebSite","@id":"https:\/\/www.daisho.be\/es\/#website","url":"https:\/\/www.daisho.be\/es\/","name":"Daisho","description":"Sp&eacute;cialiste de l'&eacute;quipement sportif d'arts martiaux","publisher":{"@id":"https:\/\/www.daisho.be\/es\/#organization"},"potentialAction":[{"@type":"SearchAction","target":{"@type":"EntryPoint","urlTemplate":"https:\/\/www.daisho.be\/es\/?s={search_term_string}"},"query-input":{"@type":"PropertyValueSpecification","valueRequired":true,"valueName":"search_term_string"}}],"inLanguage":"es"},{"@type":"Organization","@id":"https:\/\/www.daisho.be\/es\/#organization","name":"Daisho","url":"https:\/\/www.daisho.be\/es\/","logo":{"@type":"ImageObject","inLanguage":"es","@id":"https:\/\/www.daisho.be\/es\/#\/schema\/logo\/image\/","url":"https:\/\/www.daisho.be\/wp-content\/uploads\/2019\/07\/color-nothing-horizontale4x-e1564486100247.png","contentUrl":"https:\/\/www.daisho.be\/wp-content\/uploads\/2019\/07\/color-nothing-horizontale4x-e1564486100247.png","width":1547,"height":385,"caption":"Daisho"},"image":{"@id":"https:\/\/www.daisho.be\/es\/#\/schema\/logo\/image\/"}}]}},"_links":{"self":[{"href":"https:\/\/www.daisho.be\/es\/wp-json\/wp\/v2\/product\/359621","targetHints":{"allow":["GET"]}}],"collection":[{"href":"https:\/\/www.daisho.be\/es\/wp-json\/wp\/v2\/product"}],"about":[{"href":"https:\/\/www.daisho.be\/es\/wp-json\/wp\/v2\/types\/product"}],"replies":[{"embeddable":true,"href":"https:\/\/www.daisho.be\/es\/wp-json\/wp\/v2\/comments?post=359621"}],"wp:featuredmedia":[{"embeddable":true,"href":"https:\/\/www.daisho.be\/es\/wp-json\/wp\/v2\/media\/338745"}],"wp:attachment":[{"href":"https:\/\/www.daisho.be\/es\/wp-json\/wp\/v2\/media?parent=359621"}],"wp:term":[{"taxonomy":"product_brand","embeddable":true,"href":"https:\/\/www.daisho.be\/es\/wp-json\/wp\/v2\/product_brand?post=359621"},{"taxonomy":"product_cat","embeddable":true,"href":"https:\/\/www.daisho.be\/es\/wp-json\/wp\/v2\/product_cat?post=359621"},{"taxonomy":"product_tag","embeddable":true,"href":"https:\/\/www.daisho.be\/es\/wp-json\/wp\/v2\/product_tag?post=359621"},{"taxonomy":"sport","embeddable":true,"href":"https:\/\/www.daisho.be\/es\/wp-json\/wp\/v2\/sport?post=359621"}],"curies":[{"name":"wp","href":"https:\/\/api.w.org\/{rel}","templated":true}]}}