{"id":359598,"date":"2022-07-17T20:58:59","date_gmt":"2022-07-17T18:58:59","guid":{"rendered":"https:\/\/www.daisho.be\/produit\/patas-de-oso-cebra-fitness-negro\/"},"modified":"2025-12-24T11:46:53","modified_gmt":"2025-12-24T10:46:53","slug":"patas-de-oso-cebra-fitness-negro","status":"publish","type":"product","link":"https:\/\/www.daisho.be\/es\/produit\/patas-de-oso-cebra-fitness-negro\/","title":{"rendered":"PATAS DE OSO CEBRA FITNESS NEGRO"},"content":{"rendered":"<p>Guante de entrenamiento ZEBRA FITNESS de piel sint\u00e9tica \u00abFLX PU\u00bb mate duradera.<br \/>\nLigeramente precurvado con un n\u00facleo de espuma extraligero para un uso vers\u00e1til en el entrenamiento de artes marciales. Una bola de agarre en el centro de la mano garantiza una posici\u00c3\u00b3n anat\u00c3\u00b3mica de la mano y un ajuste seguro. El recubrimiento acolchado de los dedos protege contra lesiones y el tejido de malla de poli\u00e9ster garantiza una buena ventilaci\u00f3n.<br \/>\nF\u00e1cil de colocar gracias a un travesa\u00f1o ligeramente acolchado en el dorso de la mano. Una almohadilla extra suave en la parte inferior de la mu\u00f1eca proporciona apoyo y protecci\u00f3n adicionales a la articulaci\u00f3n y ayuda a absorber los golpes fuertes.<br \/>\nVers\u00e1til para MMA, boxeo y kickboxing.   <\/p>\n<p>Material superior: mejor FLX PU\u00e2\u20ac\u0153, mate<br \/>\nUna bola de agarre garantiza una buena posici\u00c3\u00b3n anat\u00c3\u00b3mica de la mano<br \/>\nEspuma extraligera con muy buen acolchado<br \/>\nDimensiones: aprox. 28 x 20 x 6 cm<br \/>\nSe venden por pares<\/p>\n","protected":false},"excerpt":{"rendered":"<p>Guante de entrenamiento ZEBRA FITNESS de piel sint\u00e9tica \u00abFLX PU\u00bb mate duradera. Ligeramente precurvado con un n\u00facleo de espuma extraligero para un uso vers\u00e1til en el entrenamiento de artes marciales. Una bola de agarre en el centro de la mano garantiza una posici\u00c3\u00b3n anat\u00c3\u00b3mica de la mano y un ajuste seguro. El recubrimiento acolchado de [&hellip;]<\/p>\n","protected":false},"featured_media":338169,"comment_status":"open","ping_status":"closed","template":"","meta":{"inline_featured_image":false},"product_brand":[],"product_cat":[1418,1339,1409,1321],"product_tag":[1747],"sport":[],"class_list":{"0":"post-359598","1":"product","2":"type-product","3":"status-publish","4":"has-post-thumbnail","6":"product_cat-equipo-de-entrenamiento-de-boxeo","7":"product_cat-equipo-de-entrenamiento-de-mma","8":"product_cat-equipos-de-formacion-es","9":"product_cat-sacos-de-boxeo","10":"product_tag-zebra-es","11":"pa_size-28x20x5cm","13":"first","14":"instock","15":"sale","16":"taxable","17":"shipping-taxable","18":"purchasable","19":"product-type-variable"},"yoast_head":"<!-- This site is optimized with the Yoast SEO plugin v27.2 - https:\/\/yoast.com\/product\/yoast-seo-wordpress\/ -->\n<title>PATAS DE OSO CEBRA FITNESS NEGRO &#8211; Daisho<\/title>\n<meta name=\"robots\" content=\"index, follow, max-snippet:-1, max-image-preview:large, max-video-preview:-1\" \/>\n<link rel=\"canonical\" href=\"https:\/\/www.daisho.be\/es\/produit\/patas-de-oso-cebra-fitness-negro\/\" \/>\n<meta property=\"og:locale\" content=\"es_ES\" \/>\n<meta property=\"og:type\" content=\"article\" \/>\n<meta property=\"og:title\" content=\"PATAS DE OSO CEBRA FITNESS NEGRO &#8211; Daisho\" \/>\n<meta property=\"og:description\" content=\"Guante de entrenamiento ZEBRA FITNESS de piel sint\u00e9tica \u00abFLX PU\u00bb mate duradera. Ligeramente precurvado con un n\u00facleo de espuma extraligero para un uso vers\u00e1til en el entrenamiento de artes marciales. Una bola de agarre en el centro de la mano garantiza una posici\u00c3\u00b3n anat\u00c3\u00b3mica de la mano y un ajuste seguro. El recubrimiento acolchado de [&hellip;]\" \/>\n<meta property=\"og:url\" content=\"https:\/\/www.daisho.be\/es\/produit\/patas-de-oso-cebra-fitness-negro\/\" \/>\n<meta property=\"og:site_name\" content=\"Daisho\" \/>\n<meta property=\"article:modified_time\" content=\"2025-12-24T10:46:53+00:00\" \/>\n<meta property=\"og:image\" content=\"https:\/\/www.daisho.be\/wp-content\/uploads\/2023\/06\/image-104.jpg\" \/>\n\t<meta property=\"og:image:width\" content=\"510\" \/>\n\t<meta property=\"og:image:height\" content=\"720\" \/>\n\t<meta property=\"og:image:type\" content=\"image\/jpeg\" \/>\n<meta name=\"twitter:card\" content=\"summary_large_image\" \/>\n<meta name=\"twitter:label1\" content=\"Tiempo de lectura\" \/>\n\t<meta name=\"twitter:data1\" content=\"1 minuto\" \/>\n<script type=\"application\/ld+json\" class=\"yoast-schema-graph\">{\"@context\":\"https:\/\/schema.org\",\"@graph\":[{\"@type\":\"WebPage\",\"@id\":\"https:\/\/www.daisho.be\/es\/produit\/patas-de-oso-cebra-fitness-negro\/\",\"url\":\"https:\/\/www.daisho.be\/es\/produit\/patas-de-oso-cebra-fitness-negro\/\",\"name\":\"PATAS DE OSO CEBRA FITNESS NEGRO &#8211; Daisho\",\"isPartOf\":{\"@id\":\"https:\/\/www.daisho.be\/es\/#website\"},\"primaryImageOfPage\":{\"@id\":\"https:\/\/www.daisho.be\/es\/produit\/patas-de-oso-cebra-fitness-negro\/#primaryimage\"},\"image\":{\"@id\":\"https:\/\/www.daisho.be\/es\/produit\/patas-de-oso-cebra-fitness-negro\/#primaryimage\"},\"thumbnailUrl\":\"https:\/\/www.daisho.be\/wp-content\/uploads\/2023\/06\/image-104.jpg\",\"datePublished\":\"2022-07-17T18:58:59+00:00\",\"dateModified\":\"2025-12-24T10:46:53+00:00\",\"breadcrumb\":{\"@id\":\"https:\/\/www.daisho.be\/es\/produit\/patas-de-oso-cebra-fitness-negro\/#breadcrumb\"},\"inLanguage\":\"es\",\"potentialAction\":[{\"@type\":\"ReadAction\",\"target\":[\"https:\/\/www.daisho.be\/es\/produit\/patas-de-oso-cebra-fitness-negro\/\"]}]},{\"@type\":\"ImageObject\",\"inLanguage\":\"es\",\"@id\":\"https:\/\/www.daisho.be\/es\/produit\/patas-de-oso-cebra-fitness-negro\/#primaryimage\",\"url\":\"https:\/\/www.daisho.be\/wp-content\/uploads\/2023\/06\/image-104.jpg\",\"contentUrl\":\"https:\/\/www.daisho.be\/wp-content\/uploads\/2023\/06\/image-104.jpg\",\"width\":510,\"height\":720,\"caption\":\"ZEBRA FITNESS PATAS DE OSO NEGRO-1\"},{\"@type\":\"BreadcrumbList\",\"@id\":\"https:\/\/www.daisho.be\/es\/produit\/patas-de-oso-cebra-fitness-negro\/#breadcrumb\",\"itemListElement\":[{\"@type\":\"ListItem\",\"position\":1,\"name\":\"Accueil\",\"item\":\"https:\/\/www.daisho.be\/es\/\"},{\"@type\":\"ListItem\",\"position\":2,\"name\":\"Productos\",\"item\":\"https:\/\/www.daisho.be\/es\/productos\/\"},{\"@type\":\"ListItem\",\"position\":3,\"name\":\"Equipamiento y ropa para artes marciales y deportes de combate\",\"item\":\"https:\/\/www.daisho.be\/es\/categorie-produit\/equipamiento-y-ropa-para-artes-marciales-y-deportes-de-combate\/\"},{\"@type\":\"ListItem\",\"position\":4,\"name\":\"Boxeo\",\"item\":\"https:\/\/www.daisho.be\/es\/categorie-produit\/equipamiento-y-ropa-para-artes-marciales-y-deportes-de-combate\/boxeo-es\/\"},{\"@type\":\"ListItem\",\"position\":5,\"name\":\"Equipo de entrenamiento de boxeo\",\"item\":\"https:\/\/www.daisho.be\/es\/categorie-produit\/equipamiento-y-ropa-para-artes-marciales-y-deportes-de-combate\/boxeo-es\/equipo-de-entrenamiento-de-boxeo\/\"},{\"@type\":\"ListItem\",\"position\":6,\"name\":\"PATAS DE OSO CEBRA FITNESS NEGRO\"}]},{\"@type\":\"WebSite\",\"@id\":\"https:\/\/www.daisho.be\/es\/#website\",\"url\":\"https:\/\/www.daisho.be\/es\/\",\"name\":\"Daisho\",\"description\":\"Sp&eacute;cialiste de l'&eacute;quipement sportif d'arts martiaux\",\"publisher\":{\"@id\":\"https:\/\/www.daisho.be\/es\/#organization\"},\"potentialAction\":[{\"@type\":\"SearchAction\",\"target\":{\"@type\":\"EntryPoint\",\"urlTemplate\":\"https:\/\/www.daisho.be\/es\/?s={search_term_string}\"},\"query-input\":{\"@type\":\"PropertyValueSpecification\",\"valueRequired\":true,\"valueName\":\"search_term_string\"}}],\"inLanguage\":\"es\"},{\"@type\":\"Organization\",\"@id\":\"https:\/\/www.daisho.be\/es\/#organization\",\"name\":\"Daisho\",\"url\":\"https:\/\/www.daisho.be\/es\/\",\"logo\":{\"@type\":\"ImageObject\",\"inLanguage\":\"es\",\"@id\":\"https:\/\/www.daisho.be\/es\/#\/schema\/logo\/image\/\",\"url\":\"https:\/\/www.daisho.be\/wp-content\/uploads\/2019\/07\/color-nothing-horizontale4x-e1564486100247.png\",\"contentUrl\":\"https:\/\/www.daisho.be\/wp-content\/uploads\/2019\/07\/color-nothing-horizontale4x-e1564486100247.png\",\"width\":1547,\"height\":385,\"caption\":\"Daisho\"},\"image\":{\"@id\":\"https:\/\/www.daisho.be\/es\/#\/schema\/logo\/image\/\"}}]}<\/script>\n<!-- \/ Yoast SEO plugin. -->","yoast_head_json":{"title":"PATAS DE OSO CEBRA FITNESS NEGRO &#8211; Daisho","robots":{"index":"index","follow":"follow","max-snippet":"max-snippet:-1","max-image-preview":"max-image-preview:large","max-video-preview":"max-video-preview:-1"},"canonical":"https:\/\/www.daisho.be\/es\/produit\/patas-de-oso-cebra-fitness-negro\/","og_locale":"es_ES","og_type":"article","og_title":"PATAS DE OSO CEBRA FITNESS NEGRO &#8211; Daisho","og_description":"Guante de entrenamiento ZEBRA FITNESS de piel sint\u00e9tica \u00abFLX PU\u00bb mate duradera. Ligeramente precurvado con un n\u00facleo de espuma extraligero para un uso vers\u00e1til en el entrenamiento de artes marciales. Una bola de agarre en el centro de la mano garantiza una posici\u00c3\u00b3n anat\u00c3\u00b3mica de la mano y un ajuste seguro. El recubrimiento acolchado de [&hellip;]","og_url":"https:\/\/www.daisho.be\/es\/produit\/patas-de-oso-cebra-fitness-negro\/","og_site_name":"Daisho","article_modified_time":"2025-12-24T10:46:53+00:00","og_image":[{"width":510,"height":720,"url":"https:\/\/www.daisho.be\/wp-content\/uploads\/2023\/06\/image-104.jpg","type":"image\/jpeg"}],"twitter_card":"summary_large_image","twitter_misc":{"Tiempo de lectura":"1 minuto"},"schema":{"@context":"https:\/\/schema.org","@graph":[{"@type":"WebPage","@id":"https:\/\/www.daisho.be\/es\/produit\/patas-de-oso-cebra-fitness-negro\/","url":"https:\/\/www.daisho.be\/es\/produit\/patas-de-oso-cebra-fitness-negro\/","name":"PATAS DE OSO CEBRA FITNESS NEGRO &#8211; Daisho","isPartOf":{"@id":"https:\/\/www.daisho.be\/es\/#website"},"primaryImageOfPage":{"@id":"https:\/\/www.daisho.be\/es\/produit\/patas-de-oso-cebra-fitness-negro\/#primaryimage"},"image":{"@id":"https:\/\/www.daisho.be\/es\/produit\/patas-de-oso-cebra-fitness-negro\/#primaryimage"},"thumbnailUrl":"https:\/\/www.daisho.be\/wp-content\/uploads\/2023\/06\/image-104.jpg","datePublished":"2022-07-17T18:58:59+00:00","dateModified":"2025-12-24T10:46:53+00:00","breadcrumb":{"@id":"https:\/\/www.daisho.be\/es\/produit\/patas-de-oso-cebra-fitness-negro\/#breadcrumb"},"inLanguage":"es","potentialAction":[{"@type":"ReadAction","target":["https:\/\/www.daisho.be\/es\/produit\/patas-de-oso-cebra-fitness-negro\/"]}]},{"@type":"ImageObject","inLanguage":"es","@id":"https:\/\/www.daisho.be\/es\/produit\/patas-de-oso-cebra-fitness-negro\/#primaryimage","url":"https:\/\/www.daisho.be\/wp-content\/uploads\/2023\/06\/image-104.jpg","contentUrl":"https:\/\/www.daisho.be\/wp-content\/uploads\/2023\/06\/image-104.jpg","width":510,"height":720,"caption":"ZEBRA FITNESS PATAS DE OSO NEGRO-1"},{"@type":"BreadcrumbList","@id":"https:\/\/www.daisho.be\/es\/produit\/patas-de-oso-cebra-fitness-negro\/#breadcrumb","itemListElement":[{"@type":"ListItem","position":1,"name":"Accueil","item":"https:\/\/www.daisho.be\/es\/"},{"@type":"ListItem","position":2,"name":"Productos","item":"https:\/\/www.daisho.be\/es\/productos\/"},{"@type":"ListItem","position":3,"name":"Equipamiento y ropa para artes marciales y deportes de combate","item":"https:\/\/www.daisho.be\/es\/categorie-produit\/equipamiento-y-ropa-para-artes-marciales-y-deportes-de-combate\/"},{"@type":"ListItem","position":4,"name":"Boxeo","item":"https:\/\/www.daisho.be\/es\/categorie-produit\/equipamiento-y-ropa-para-artes-marciales-y-deportes-de-combate\/boxeo-es\/"},{"@type":"ListItem","position":5,"name":"Equipo de entrenamiento de boxeo","item":"https:\/\/www.daisho.be\/es\/categorie-produit\/equipamiento-y-ropa-para-artes-marciales-y-deportes-de-combate\/boxeo-es\/equipo-de-entrenamiento-de-boxeo\/"},{"@type":"ListItem","position":6,"name":"PATAS DE OSO CEBRA FITNESS NEGRO"}]},{"@type":"WebSite","@id":"https:\/\/www.daisho.be\/es\/#website","url":"https:\/\/www.daisho.be\/es\/","name":"Daisho","description":"Sp&eacute;cialiste de l'&eacute;quipement sportif d'arts martiaux","publisher":{"@id":"https:\/\/www.daisho.be\/es\/#organization"},"potentialAction":[{"@type":"SearchAction","target":{"@type":"EntryPoint","urlTemplate":"https:\/\/www.daisho.be\/es\/?s={search_term_string}"},"query-input":{"@type":"PropertyValueSpecification","valueRequired":true,"valueName":"search_term_string"}}],"inLanguage":"es"},{"@type":"Organization","@id":"https:\/\/www.daisho.be\/es\/#organization","name":"Daisho","url":"https:\/\/www.daisho.be\/es\/","logo":{"@type":"ImageObject","inLanguage":"es","@id":"https:\/\/www.daisho.be\/es\/#\/schema\/logo\/image\/","url":"https:\/\/www.daisho.be\/wp-content\/uploads\/2019\/07\/color-nothing-horizontale4x-e1564486100247.png","contentUrl":"https:\/\/www.daisho.be\/wp-content\/uploads\/2019\/07\/color-nothing-horizontale4x-e1564486100247.png","width":1547,"height":385,"caption":"Daisho"},"image":{"@id":"https:\/\/www.daisho.be\/es\/#\/schema\/logo\/image\/"}}]}},"_links":{"self":[{"href":"https:\/\/www.daisho.be\/es\/wp-json\/wp\/v2\/product\/359598","targetHints":{"allow":["GET"]}}],"collection":[{"href":"https:\/\/www.daisho.be\/es\/wp-json\/wp\/v2\/product"}],"about":[{"href":"https:\/\/www.daisho.be\/es\/wp-json\/wp\/v2\/types\/product"}],"replies":[{"embeddable":true,"href":"https:\/\/www.daisho.be\/es\/wp-json\/wp\/v2\/comments?post=359598"}],"wp:featuredmedia":[{"embeddable":true,"href":"https:\/\/www.daisho.be\/es\/wp-json\/wp\/v2\/media\/338169"}],"wp:attachment":[{"href":"https:\/\/www.daisho.be\/es\/wp-json\/wp\/v2\/media?parent=359598"}],"wp:term":[{"taxonomy":"product_brand","embeddable":true,"href":"https:\/\/www.daisho.be\/es\/wp-json\/wp\/v2\/product_brand?post=359598"},{"taxonomy":"product_cat","embeddable":true,"href":"https:\/\/www.daisho.be\/es\/wp-json\/wp\/v2\/product_cat?post=359598"},{"taxonomy":"product_tag","embeddable":true,"href":"https:\/\/www.daisho.be\/es\/wp-json\/wp\/v2\/product_tag?post=359598"},{"taxonomy":"sport","embeddable":true,"href":"https:\/\/www.daisho.be\/es\/wp-json\/wp\/v2\/sport?post=359598"}],"curies":[{"name":"wp","href":"https:\/\/api.w.org\/{rel}","templated":true}]}}