{"id":359406,"date":"2022-02-15T16:38:09","date_gmt":"2022-02-15T15:38:09","guid":{"rendered":"https:\/\/www.daisho.be\/produit\/pantalon-corto-adidas-micro-diamond-thai-boxing-amarillo-azul\/"},"modified":"2025-02-28T11:29:14","modified_gmt":"2025-02-28T10:29:14","slug":"pantalon-corto-adidas-micro-diamond-thai-boxing-amarillo-azul","status":"publish","type":"product","link":"https:\/\/www.daisho.be\/es\/produit\/pantalon-corto-adidas-micro-diamond-thai-boxing-amarillo-azul\/","title":{"rendered":"Pantal\u00f3n corto adidas Micro Diamond Thai Boxing Amarillo\/Azul"},"content":{"rendered":"<p>Este pantal\u00f3n corto de adidas est\u00e1 confeccionado en microdiamante, que es muy transpirable y absorbe la humedad. Bastante ligero e innovador en el mercado. No es comparable al sat\u00e9n est\u00e1ndar de la mayor\u00eda de los dem\u00e1s pantalones cortos. Los pantalones cortos tienen una abertura para garantizar la perfecta libertad de movimiento necesaria durante el ejercicio. <\/p>\n<p>Los pantalones cortos tienen una banda el\u00e1stica ancha y cuerdas en el interior para ajustarlos a\u00fan m\u00e1s. Los pantalones cortos son adecuados para Muay Thai, K1 y Kickboxing. Ventajas: &#8211; fabricados con Micro Diamond &#8211; mucha libertad de movimiento &#8211; robustos y duraderos    <\/p>\n","protected":false},"excerpt":{"rendered":"<p>Este pantal\u00f3n corto de adidas est\u00e1 confeccionado en microdiamante, que es muy transpirable y absorbe la humedad. Bastante ligero e innovador en el mercado. No es comparable al sat\u00e9n est\u00e1ndar de la mayor\u00eda de los dem\u00e1s pantalones cortos. Los pantalones cortos tienen una abertura para garantizar la perfecta libertad de movimiento necesaria durante el ejercicio. [&hellip;]<\/p>\n","protected":false},"featured_media":485682,"comment_status":"open","ping_status":"closed","template":"","meta":{"inline_featured_image":false},"product_brand":[],"product_cat":[1697,1626],"product_tag":[1560],"sport":[],"class_list":{"0":"post-359406","1":"product","2":"type-product","3":"status-publish","4":"has-post-thumbnail","6":"product_cat-ropa-adidas-muay-thai","7":"product_cat-ropa-de-boxeo-adidas","8":"product_tag-adidas-es","9":"pa_size-l","10":"pa_size-m","11":"pa_size-s","12":"pa_size-xl","13":"pa_size-xs","14":"pa_size-xxl","15":"pa_size-xxs","17":"first","18":"instock","19":"taxable","20":"shipping-taxable","21":"purchasable","22":"product-type-variable"},"yoast_head":"<!-- This site is optimized with the Yoast SEO plugin v27.2 - https:\/\/yoast.com\/product\/yoast-seo-wordpress\/ -->\n<title>Pantal\u00f3n corto adidas Micro Diamond Thai Boxing Amarillo\/Azul &#8211; Daisho<\/title>\n<meta name=\"description\" content=\"El pantal\u00f3n corto de boxeo tailand\u00e9s Adidas est\u00e1 confeccionado con microresinas, que son muy transpirables y evacuan la humedad. C\u00f3mpralos en nuestra web www.daisho.be|Daisho\" \/>\n<meta name=\"robots\" content=\"index, follow, max-snippet:-1, max-image-preview:large, max-video-preview:-1\" \/>\n<link rel=\"canonical\" href=\"https:\/\/www.daisho.be\/es\/produit\/pantalon-corto-adidas-micro-diamond-thai-boxing-amarillo-azul\/\" \/>\n<meta property=\"og:locale\" content=\"es_ES\" \/>\n<meta property=\"og:type\" content=\"article\" \/>\n<meta property=\"og:title\" content=\"Pantal\u00f3n corto adidas Micro Diamond Thai Boxing Amarillo\/Azul &#8211; Daisho\" \/>\n<meta property=\"og:description\" content=\"El pantal\u00f3n corto de boxeo tailand\u00e9s Adidas est\u00e1 confeccionado con microresinas, que son muy transpirables y evacuan la humedad. C\u00f3mpralos en nuestra web www.daisho.be|Daisho\" \/>\n<meta property=\"og:url\" content=\"https:\/\/www.daisho.be\/es\/produit\/pantalon-corto-adidas-micro-diamond-thai-boxing-amarillo-azul\/\" \/>\n<meta property=\"og:site_name\" content=\"Daisho\" \/>\n<meta property=\"article:modified_time\" content=\"2025-02-28T10:29:14+00:00\" \/>\n<meta property=\"og:image\" content=\"https:\/\/www.daisho.be\/wp-content\/uploads\/2025\/01\/image-20.jpg\" \/>\n\t<meta property=\"og:image:width\" content=\"650\" \/>\n\t<meta property=\"og:image:height\" content=\"650\" \/>\n\t<meta property=\"og:image:type\" content=\"image\/jpeg\" \/>\n<meta name=\"twitter:card\" content=\"summary_large_image\" \/>\n<meta name=\"twitter:label1\" content=\"Tiempo de lectura\" \/>\n\t<meta name=\"twitter:data1\" content=\"1 minuto\" \/>\n<script type=\"application\/ld+json\" class=\"yoast-schema-graph\">{\"@context\":\"https:\/\/schema.org\",\"@graph\":[{\"@type\":\"WebPage\",\"@id\":\"https:\/\/www.daisho.be\/es\/produit\/pantalon-corto-adidas-micro-diamond-thai-boxing-amarillo-azul\/\",\"url\":\"https:\/\/www.daisho.be\/es\/produit\/pantalon-corto-adidas-micro-diamond-thai-boxing-amarillo-azul\/\",\"name\":\"Pantal\u00f3n corto adidas Micro Diamond Thai Boxing Amarillo\/Azul &#8211; Daisho\",\"isPartOf\":{\"@id\":\"https:\/\/www.daisho.be\/es\/#website\"},\"primaryImageOfPage\":{\"@id\":\"https:\/\/www.daisho.be\/es\/produit\/pantalon-corto-adidas-micro-diamond-thai-boxing-amarillo-azul\/#primaryimage\"},\"image\":{\"@id\":\"https:\/\/www.daisho.be\/es\/produit\/pantalon-corto-adidas-micro-diamond-thai-boxing-amarillo-azul\/#primaryimage\"},\"thumbnailUrl\":\"https:\/\/www.daisho.be\/wp-content\/uploads\/2025\/01\/image-20.jpg\",\"datePublished\":\"2022-02-15T15:38:09+00:00\",\"dateModified\":\"2025-02-28T10:29:14+00:00\",\"description\":\"El pantal\u00f3n corto de boxeo tailand\u00e9s Adidas est\u00e1 confeccionado con microresinas, que son muy transpirables y evacuan la humedad. C\u00f3mpralos en nuestra web www.daisho.be|Daisho\",\"breadcrumb\":{\"@id\":\"https:\/\/www.daisho.be\/es\/produit\/pantalon-corto-adidas-micro-diamond-thai-boxing-amarillo-azul\/#breadcrumb\"},\"inLanguage\":\"es\",\"potentialAction\":[{\"@type\":\"ReadAction\",\"target\":[\"https:\/\/www.daisho.be\/es\/produit\/pantalon-corto-adidas-micro-diamond-thai-boxing-amarillo-azul\/\"]}]},{\"@type\":\"ImageObject\",\"inLanguage\":\"es\",\"@id\":\"https:\/\/www.daisho.be\/es\/produit\/pantalon-corto-adidas-micro-diamond-thai-boxing-amarillo-azul\/#primaryimage\",\"url\":\"https:\/\/www.daisho.be\/wp-content\/uploads\/2025\/01\/image-20.jpg\",\"contentUrl\":\"https:\/\/www.daisho.be\/wp-content\/uploads\/2025\/01\/image-20.jpg\",\"width\":650,\"height\":650,\"caption\":\"Pantal\u00f3n corto adidas Micro Diamond Thai Boxing Amarillo\/Azul-1\"},{\"@type\":\"BreadcrumbList\",\"@id\":\"https:\/\/www.daisho.be\/es\/produit\/pantalon-corto-adidas-micro-diamond-thai-boxing-amarillo-azul\/#breadcrumb\",\"itemListElement\":[{\"@type\":\"ListItem\",\"position\":1,\"name\":\"Accueil\",\"item\":\"https:\/\/www.daisho.be\/es\/\"},{\"@type\":\"ListItem\",\"position\":2,\"name\":\"Productos\",\"item\":\"https:\/\/www.daisho.be\/es\/productos\/\"},{\"@type\":\"ListItem\",\"position\":3,\"name\":\"ADIDAS COMBAT SPORTS\",\"item\":\"https:\/\/www.daisho.be\/es\/categorie-produit\/adidas-combat-sports-es\/\"},{\"@type\":\"ListItem\",\"position\":4,\"name\":\"Muay tailand\u00e9s\",\"item\":\"https:\/\/www.daisho.be\/es\/categorie-produit\/adidas-combat-sports-es\/muay-tailandes-es\/\"},{\"@type\":\"ListItem\",\"position\":5,\"name\":\"Ropa Adidas Muay Thai\",\"item\":\"https:\/\/www.daisho.be\/es\/categorie-produit\/adidas-combat-sports-es\/muay-tailandes-es\/ropa-adidas-muay-thai\/\"},{\"@type\":\"ListItem\",\"position\":6,\"name\":\"Pantal\u00f3n corto adidas Micro Diamond Thai Boxing Amarillo\/Azul\"}]},{\"@type\":\"WebSite\",\"@id\":\"https:\/\/www.daisho.be\/es\/#website\",\"url\":\"https:\/\/www.daisho.be\/es\/\",\"name\":\"Daisho\",\"description\":\"Sp&eacute;cialiste de l'&eacute;quipement sportif d'arts martiaux\",\"publisher\":{\"@id\":\"https:\/\/www.daisho.be\/es\/#organization\"},\"potentialAction\":[{\"@type\":\"SearchAction\",\"target\":{\"@type\":\"EntryPoint\",\"urlTemplate\":\"https:\/\/www.daisho.be\/es\/?s={search_term_string}\"},\"query-input\":{\"@type\":\"PropertyValueSpecification\",\"valueRequired\":true,\"valueName\":\"search_term_string\"}}],\"inLanguage\":\"es\"},{\"@type\":\"Organization\",\"@id\":\"https:\/\/www.daisho.be\/es\/#organization\",\"name\":\"Daisho\",\"url\":\"https:\/\/www.daisho.be\/es\/\",\"logo\":{\"@type\":\"ImageObject\",\"inLanguage\":\"es\",\"@id\":\"https:\/\/www.daisho.be\/es\/#\/schema\/logo\/image\/\",\"url\":\"https:\/\/www.daisho.be\/wp-content\/uploads\/2019\/07\/color-nothing-horizontale4x-e1564486100247.png\",\"contentUrl\":\"https:\/\/www.daisho.be\/wp-content\/uploads\/2019\/07\/color-nothing-horizontale4x-e1564486100247.png\",\"width\":1547,\"height\":385,\"caption\":\"Daisho\"},\"image\":{\"@id\":\"https:\/\/www.daisho.be\/es\/#\/schema\/logo\/image\/\"}}]}<\/script>\n<!-- \/ Yoast SEO plugin. -->","yoast_head_json":{"title":"Pantal\u00f3n corto adidas Micro Diamond Thai Boxing Amarillo\/Azul &#8211; Daisho","description":"El pantal\u00f3n corto de boxeo tailand\u00e9s Adidas est\u00e1 confeccionado con microresinas, que son muy transpirables y evacuan la humedad. C\u00f3mpralos en nuestra web www.daisho.be|Daisho","robots":{"index":"index","follow":"follow","max-snippet":"max-snippet:-1","max-image-preview":"max-image-preview:large","max-video-preview":"max-video-preview:-1"},"canonical":"https:\/\/www.daisho.be\/es\/produit\/pantalon-corto-adidas-micro-diamond-thai-boxing-amarillo-azul\/","og_locale":"es_ES","og_type":"article","og_title":"Pantal\u00f3n corto adidas Micro Diamond Thai Boxing Amarillo\/Azul &#8211; Daisho","og_description":"El pantal\u00f3n corto de boxeo tailand\u00e9s Adidas est\u00e1 confeccionado con microresinas, que son muy transpirables y evacuan la humedad. C\u00f3mpralos en nuestra web www.daisho.be|Daisho","og_url":"https:\/\/www.daisho.be\/es\/produit\/pantalon-corto-adidas-micro-diamond-thai-boxing-amarillo-azul\/","og_site_name":"Daisho","article_modified_time":"2025-02-28T10:29:14+00:00","og_image":[{"width":650,"height":650,"url":"https:\/\/www.daisho.be\/wp-content\/uploads\/2025\/01\/image-20.jpg","type":"image\/jpeg"}],"twitter_card":"summary_large_image","twitter_misc":{"Tiempo de lectura":"1 minuto"},"schema":{"@context":"https:\/\/schema.org","@graph":[{"@type":"WebPage","@id":"https:\/\/www.daisho.be\/es\/produit\/pantalon-corto-adidas-micro-diamond-thai-boxing-amarillo-azul\/","url":"https:\/\/www.daisho.be\/es\/produit\/pantalon-corto-adidas-micro-diamond-thai-boxing-amarillo-azul\/","name":"Pantal\u00f3n corto adidas Micro Diamond Thai Boxing Amarillo\/Azul &#8211; Daisho","isPartOf":{"@id":"https:\/\/www.daisho.be\/es\/#website"},"primaryImageOfPage":{"@id":"https:\/\/www.daisho.be\/es\/produit\/pantalon-corto-adidas-micro-diamond-thai-boxing-amarillo-azul\/#primaryimage"},"image":{"@id":"https:\/\/www.daisho.be\/es\/produit\/pantalon-corto-adidas-micro-diamond-thai-boxing-amarillo-azul\/#primaryimage"},"thumbnailUrl":"https:\/\/www.daisho.be\/wp-content\/uploads\/2025\/01\/image-20.jpg","datePublished":"2022-02-15T15:38:09+00:00","dateModified":"2025-02-28T10:29:14+00:00","description":"El pantal\u00f3n corto de boxeo tailand\u00e9s Adidas est\u00e1 confeccionado con microresinas, que son muy transpirables y evacuan la humedad. C\u00f3mpralos en nuestra web www.daisho.be|Daisho","breadcrumb":{"@id":"https:\/\/www.daisho.be\/es\/produit\/pantalon-corto-adidas-micro-diamond-thai-boxing-amarillo-azul\/#breadcrumb"},"inLanguage":"es","potentialAction":[{"@type":"ReadAction","target":["https:\/\/www.daisho.be\/es\/produit\/pantalon-corto-adidas-micro-diamond-thai-boxing-amarillo-azul\/"]}]},{"@type":"ImageObject","inLanguage":"es","@id":"https:\/\/www.daisho.be\/es\/produit\/pantalon-corto-adidas-micro-diamond-thai-boxing-amarillo-azul\/#primaryimage","url":"https:\/\/www.daisho.be\/wp-content\/uploads\/2025\/01\/image-20.jpg","contentUrl":"https:\/\/www.daisho.be\/wp-content\/uploads\/2025\/01\/image-20.jpg","width":650,"height":650,"caption":"Pantal\u00f3n corto adidas Micro Diamond Thai Boxing Amarillo\/Azul-1"},{"@type":"BreadcrumbList","@id":"https:\/\/www.daisho.be\/es\/produit\/pantalon-corto-adidas-micro-diamond-thai-boxing-amarillo-azul\/#breadcrumb","itemListElement":[{"@type":"ListItem","position":1,"name":"Accueil","item":"https:\/\/www.daisho.be\/es\/"},{"@type":"ListItem","position":2,"name":"Productos","item":"https:\/\/www.daisho.be\/es\/productos\/"},{"@type":"ListItem","position":3,"name":"ADIDAS COMBAT SPORTS","item":"https:\/\/www.daisho.be\/es\/categorie-produit\/adidas-combat-sports-es\/"},{"@type":"ListItem","position":4,"name":"Muay tailand\u00e9s","item":"https:\/\/www.daisho.be\/es\/categorie-produit\/adidas-combat-sports-es\/muay-tailandes-es\/"},{"@type":"ListItem","position":5,"name":"Ropa Adidas Muay Thai","item":"https:\/\/www.daisho.be\/es\/categorie-produit\/adidas-combat-sports-es\/muay-tailandes-es\/ropa-adidas-muay-thai\/"},{"@type":"ListItem","position":6,"name":"Pantal\u00f3n corto adidas Micro Diamond Thai Boxing Amarillo\/Azul"}]},{"@type":"WebSite","@id":"https:\/\/www.daisho.be\/es\/#website","url":"https:\/\/www.daisho.be\/es\/","name":"Daisho","description":"Sp&eacute;cialiste de l'&eacute;quipement sportif d'arts martiaux","publisher":{"@id":"https:\/\/www.daisho.be\/es\/#organization"},"potentialAction":[{"@type":"SearchAction","target":{"@type":"EntryPoint","urlTemplate":"https:\/\/www.daisho.be\/es\/?s={search_term_string}"},"query-input":{"@type":"PropertyValueSpecification","valueRequired":true,"valueName":"search_term_string"}}],"inLanguage":"es"},{"@type":"Organization","@id":"https:\/\/www.daisho.be\/es\/#organization","name":"Daisho","url":"https:\/\/www.daisho.be\/es\/","logo":{"@type":"ImageObject","inLanguage":"es","@id":"https:\/\/www.daisho.be\/es\/#\/schema\/logo\/image\/","url":"https:\/\/www.daisho.be\/wp-content\/uploads\/2019\/07\/color-nothing-horizontale4x-e1564486100247.png","contentUrl":"https:\/\/www.daisho.be\/wp-content\/uploads\/2019\/07\/color-nothing-horizontale4x-e1564486100247.png","width":1547,"height":385,"caption":"Daisho"},"image":{"@id":"https:\/\/www.daisho.be\/es\/#\/schema\/logo\/image\/"}}]}},"_links":{"self":[{"href":"https:\/\/www.daisho.be\/es\/wp-json\/wp\/v2\/product\/359406","targetHints":{"allow":["GET"]}}],"collection":[{"href":"https:\/\/www.daisho.be\/es\/wp-json\/wp\/v2\/product"}],"about":[{"href":"https:\/\/www.daisho.be\/es\/wp-json\/wp\/v2\/types\/product"}],"replies":[{"embeddable":true,"href":"https:\/\/www.daisho.be\/es\/wp-json\/wp\/v2\/comments?post=359406"}],"wp:featuredmedia":[{"embeddable":true,"href":"https:\/\/www.daisho.be\/es\/wp-json\/wp\/v2\/media\/485682"}],"wp:attachment":[{"href":"https:\/\/www.daisho.be\/es\/wp-json\/wp\/v2\/media?parent=359406"}],"wp:term":[{"taxonomy":"product_brand","embeddable":true,"href":"https:\/\/www.daisho.be\/es\/wp-json\/wp\/v2\/product_brand?post=359406"},{"taxonomy":"product_cat","embeddable":true,"href":"https:\/\/www.daisho.be\/es\/wp-json\/wp\/v2\/product_cat?post=359406"},{"taxonomy":"product_tag","embeddable":true,"href":"https:\/\/www.daisho.be\/es\/wp-json\/wp\/v2\/product_tag?post=359406"},{"taxonomy":"sport","embeddable":true,"href":"https:\/\/www.daisho.be\/es\/wp-json\/wp\/v2\/sport?post=359406"}],"curies":[{"name":"wp","href":"https:\/\/api.w.org\/{rel}","templated":true}]}}