{"id":359321,"date":"2022-02-05T16:42:45","date_gmt":"2022-02-05T15:42:45","guid":{"rendered":"https:\/\/www.daisho.be\/produit\/protector-bucal-adidas-opro-gen4-edicion-platino-rojo-negro-blanco-senior\/"},"modified":"2025-10-16T09:41:27","modified_gmt":"2025-10-16T07:41:27","slug":"protector-bucal-adidas-opro-gen4-edicion-platino-rojo-negro-blanco-senior","status":"publish","type":"product","link":"https:\/\/www.daisho.be\/es\/produit\/protector-bucal-adidas-opro-gen4-edicion-platino-rojo-negro-blanco-senior\/","title":{"rendered":"Protector bucal Adidas OPRO Gen4 Edici\u00f3n Platino Rojo\/Negro\/Blanco Senior"},"content":{"rendered":"<p>Protector bucal \u00fanico de Opro en colaboraci\u00f3n con adidas. La protecci\u00f3n perfecta para tus dientes. Revestimiento de gel para protecci\u00f3n y f\u00e1cil de aplicar. Las alas colocadas anat\u00f3micamente se suavizan al fabricar el protector bucal para que los dientes encajen perfectamente en \u00e9l. El protector bucal de forma especial le permite respirar y hablar con facilidad. Con doble capa de protecci\u00f3n para una protecci\u00f3n \u00f3ptima. El protector bucal se suministra con una pr\u00e1ctica caja de almacenamiento.<br \/>\nEl protector bucal Gen4 Edici\u00f3n Platino es adecuado para el luchador profesional.<br \/>\nVentajas:<br \/>\n&#8211; f\u00e1cil de respirar<br \/>\n&#8211; doble capa de protecci\u00f3n<br \/>\n&#8211; canal interior flexible para amortiguaci\u00f3n<br \/>\n&#8211; m\u00e1ximo confort &#8211; m\u00e1xima protecci\u00f3n<br \/>\n&#8211; caja de almacenamiento incluida<br \/>\n&#8211; tratado contra bacterias<\/p>\n","protected":false},"excerpt":{"rendered":"<p>Protector bucal \u00fanico de Opro en colaboraci\u00f3n con adidas. La protecci\u00f3n perfecta para tus dientes. Revestimiento de gel para protecci\u00f3n y f\u00e1cil de aplicar. Las alas colocadas anat\u00f3micamente se suavizan al fabricar el protector bucal para que los dientes encajen perfectamente en \u00e9l. El protector bucal de forma especial le permite respirar y hablar con [&hellip;]<\/p>\n","protected":false},"featured_media":564765,"comment_status":"open","ping_status":"closed","template":"","meta":{"inline_featured_image":false},"product_brand":[],"product_cat":[1595,1596,1572],"product_tag":[1560],"sport":[],"class_list":{"0":"post-359321","1":"product","2":"type-product","3":"status-publish","4":"has-post-thumbnail","6":"product_cat-almohadillas-adidas-para-mma","7":"product_cat-protectores-de-boxeo-adidas","8":"product_cat-protectores-de-karate-adidas","9":"product_tag-adidas-es","10":"pa_size-senior","12":"first","13":"onbackorder","14":"taxable","15":"shipping-taxable","16":"purchasable","17":"product-type-variable"},"yoast_head":"<!-- This site is optimized with the Yoast SEO plugin v27.2 - https:\/\/yoast.com\/product\/yoast-seo-wordpress\/ -->\n<title>Protector bucal Adidas OPRO Gen4 Edici\u00f3n Platino Rojo\/Negro\/Blanco Senior &#8211; Daisho<\/title>\n<meta name=\"description\" content=\"Descubre los protectores bucales Adidas que combinan comodidad y m\u00e1xima protecci\u00f3n. C\u00f3mpralos en nuestra web www.daisho.be|Daisho\" \/>\n<meta name=\"robots\" content=\"index, follow, max-snippet:-1, max-image-preview:large, max-video-preview:-1\" \/>\n<link rel=\"canonical\" href=\"https:\/\/www.daisho.be\/es\/produit\/protector-bucal-adidas-opro-gen4-edicion-platino-rojo-negro-blanco-senior\/\" \/>\n<meta property=\"og:locale\" content=\"es_ES\" \/>\n<meta property=\"og:type\" content=\"article\" \/>\n<meta property=\"og:title\" content=\"Protector bucal Adidas OPRO Gen4 Edici\u00f3n Platino Rojo\/Negro\/Blanco Senior &#8211; Daisho\" \/>\n<meta property=\"og:description\" content=\"Descubre los protectores bucales Adidas que combinan comodidad y m\u00e1xima protecci\u00f3n. C\u00f3mpralos en nuestra web www.daisho.be|Daisho\" \/>\n<meta property=\"og:url\" content=\"https:\/\/www.daisho.be\/es\/produit\/protector-bucal-adidas-opro-gen4-edicion-platino-rojo-negro-blanco-senior\/\" \/>\n<meta property=\"og:site_name\" content=\"Daisho\" \/>\n<meta property=\"article:modified_time\" content=\"2025-10-16T07:41:27+00:00\" \/>\n<meta property=\"og:image\" content=\"https:\/\/www.daisho.be\/wp-content\/uploads\/2025\/10\/image-18.webp\" \/>\n\t<meta property=\"og:image:width\" content=\"1200\" \/>\n\t<meta property=\"og:image:height\" content=\"840\" \/>\n\t<meta property=\"og:image:type\" content=\"image\/webp\" \/>\n<meta name=\"twitter:card\" content=\"summary_large_image\" \/>\n<meta name=\"twitter:label1\" content=\"Tiempo de lectura\" \/>\n\t<meta name=\"twitter:data1\" content=\"1 minuto\" \/>\n<script type=\"application\/ld+json\" class=\"yoast-schema-graph\">{\"@context\":\"https:\/\/schema.org\",\"@graph\":[{\"@type\":\"WebPage\",\"@id\":\"https:\/\/www.daisho.be\/es\/produit\/protector-bucal-adidas-opro-gen4-edicion-platino-rojo-negro-blanco-senior\/\",\"url\":\"https:\/\/www.daisho.be\/es\/produit\/protector-bucal-adidas-opro-gen4-edicion-platino-rojo-negro-blanco-senior\/\",\"name\":\"Protector bucal Adidas OPRO Gen4 Edici\u00f3n Platino Rojo\/Negro\/Blanco Senior &#8211; Daisho\",\"isPartOf\":{\"@id\":\"https:\/\/www.daisho.be\/es\/#website\"},\"primaryImageOfPage\":{\"@id\":\"https:\/\/www.daisho.be\/es\/produit\/protector-bucal-adidas-opro-gen4-edicion-platino-rojo-negro-blanco-senior\/#primaryimage\"},\"image\":{\"@id\":\"https:\/\/www.daisho.be\/es\/produit\/protector-bucal-adidas-opro-gen4-edicion-platino-rojo-negro-blanco-senior\/#primaryimage\"},\"thumbnailUrl\":\"https:\/\/www.daisho.be\/wp-content\/uploads\/2025\/10\/image-18.webp\",\"datePublished\":\"2022-02-05T15:42:45+00:00\",\"dateModified\":\"2025-10-16T07:41:27+00:00\",\"description\":\"Descubre los protectores bucales Adidas que combinan comodidad y m\u00e1xima protecci\u00f3n. C\u00f3mpralos en nuestra web www.daisho.be|Daisho\",\"breadcrumb\":{\"@id\":\"https:\/\/www.daisho.be\/es\/produit\/protector-bucal-adidas-opro-gen4-edicion-platino-rojo-negro-blanco-senior\/#breadcrumb\"},\"inLanguage\":\"es\",\"potentialAction\":[{\"@type\":\"ReadAction\",\"target\":[\"https:\/\/www.daisho.be\/es\/produit\/protector-bucal-adidas-opro-gen4-edicion-platino-rojo-negro-blanco-senior\/\"]}]},{\"@type\":\"ImageObject\",\"inLanguage\":\"es\",\"@id\":\"https:\/\/www.daisho.be\/es\/produit\/protector-bucal-adidas-opro-gen4-edicion-platino-rojo-negro-blanco-senior\/#primaryimage\",\"url\":\"https:\/\/www.daisho.be\/wp-content\/uploads\/2025\/10\/image-18.webp\",\"contentUrl\":\"https:\/\/www.daisho.be\/wp-content\/uploads\/2025\/10\/image-18.webp\",\"width\":1200,\"height\":840},{\"@type\":\"BreadcrumbList\",\"@id\":\"https:\/\/www.daisho.be\/es\/produit\/protector-bucal-adidas-opro-gen4-edicion-platino-rojo-negro-blanco-senior\/#breadcrumb\",\"itemListElement\":[{\"@type\":\"ListItem\",\"position\":1,\"name\":\"Accueil\",\"item\":\"https:\/\/www.daisho.be\/es\/\"},{\"@type\":\"ListItem\",\"position\":2,\"name\":\"Productos\",\"item\":\"https:\/\/www.daisho.be\/es\/productos\/\"},{\"@type\":\"ListItem\",\"position\":3,\"name\":\"ADIDAS COMBAT SPORTS\",\"item\":\"https:\/\/www.daisho.be\/es\/categorie-produit\/adidas-combat-sports-es\/\"},{\"@type\":\"ListItem\",\"position\":4,\"name\":\"MMA\",\"item\":\"https:\/\/www.daisho.be\/es\/categorie-produit\/adidas-combat-sports-es\/mma-es-2\/\"},{\"@type\":\"ListItem\",\"position\":5,\"name\":\"Almohadillas Adidas para MMA\",\"item\":\"https:\/\/www.daisho.be\/es\/categorie-produit\/adidas-combat-sports-es\/mma-es-2\/almohadillas-adidas-para-mma\/\"},{\"@type\":\"ListItem\",\"position\":6,\"name\":\"Protector bucal Adidas OPRO Gen4 Edici\u00f3n Platino Rojo\/Negro\/Blanco Senior\"}]},{\"@type\":\"WebSite\",\"@id\":\"https:\/\/www.daisho.be\/es\/#website\",\"url\":\"https:\/\/www.daisho.be\/es\/\",\"name\":\"Daisho\",\"description\":\"Sp&eacute;cialiste de l'&eacute;quipement sportif d'arts martiaux\",\"publisher\":{\"@id\":\"https:\/\/www.daisho.be\/es\/#organization\"},\"potentialAction\":[{\"@type\":\"SearchAction\",\"target\":{\"@type\":\"EntryPoint\",\"urlTemplate\":\"https:\/\/www.daisho.be\/es\/?s={search_term_string}\"},\"query-input\":{\"@type\":\"PropertyValueSpecification\",\"valueRequired\":true,\"valueName\":\"search_term_string\"}}],\"inLanguage\":\"es\"},{\"@type\":\"Organization\",\"@id\":\"https:\/\/www.daisho.be\/es\/#organization\",\"name\":\"Daisho\",\"url\":\"https:\/\/www.daisho.be\/es\/\",\"logo\":{\"@type\":\"ImageObject\",\"inLanguage\":\"es\",\"@id\":\"https:\/\/www.daisho.be\/es\/#\/schema\/logo\/image\/\",\"url\":\"https:\/\/www.daisho.be\/wp-content\/uploads\/2019\/07\/color-nothing-horizontale4x-e1564486100247.png\",\"contentUrl\":\"https:\/\/www.daisho.be\/wp-content\/uploads\/2019\/07\/color-nothing-horizontale4x-e1564486100247.png\",\"width\":1547,\"height\":385,\"caption\":\"Daisho\"},\"image\":{\"@id\":\"https:\/\/www.daisho.be\/es\/#\/schema\/logo\/image\/\"}}]}<\/script>\n<!-- \/ Yoast SEO plugin. -->","yoast_head_json":{"title":"Protector bucal Adidas OPRO Gen4 Edici\u00f3n Platino Rojo\/Negro\/Blanco Senior &#8211; Daisho","description":"Descubre los protectores bucales Adidas que combinan comodidad y m\u00e1xima protecci\u00f3n. C\u00f3mpralos en nuestra web www.daisho.be|Daisho","robots":{"index":"index","follow":"follow","max-snippet":"max-snippet:-1","max-image-preview":"max-image-preview:large","max-video-preview":"max-video-preview:-1"},"canonical":"https:\/\/www.daisho.be\/es\/produit\/protector-bucal-adidas-opro-gen4-edicion-platino-rojo-negro-blanco-senior\/","og_locale":"es_ES","og_type":"article","og_title":"Protector bucal Adidas OPRO Gen4 Edici\u00f3n Platino Rojo\/Negro\/Blanco Senior &#8211; Daisho","og_description":"Descubre los protectores bucales Adidas que combinan comodidad y m\u00e1xima protecci\u00f3n. C\u00f3mpralos en nuestra web www.daisho.be|Daisho","og_url":"https:\/\/www.daisho.be\/es\/produit\/protector-bucal-adidas-opro-gen4-edicion-platino-rojo-negro-blanco-senior\/","og_site_name":"Daisho","article_modified_time":"2025-10-16T07:41:27+00:00","og_image":[{"width":1200,"height":840,"url":"https:\/\/www.daisho.be\/wp-content\/uploads\/2025\/10\/image-18.webp","type":"image\/webp"}],"twitter_card":"summary_large_image","twitter_misc":{"Tiempo de lectura":"1 minuto"},"schema":{"@context":"https:\/\/schema.org","@graph":[{"@type":"WebPage","@id":"https:\/\/www.daisho.be\/es\/produit\/protector-bucal-adidas-opro-gen4-edicion-platino-rojo-negro-blanco-senior\/","url":"https:\/\/www.daisho.be\/es\/produit\/protector-bucal-adidas-opro-gen4-edicion-platino-rojo-negro-blanco-senior\/","name":"Protector bucal Adidas OPRO Gen4 Edici\u00f3n Platino Rojo\/Negro\/Blanco Senior &#8211; Daisho","isPartOf":{"@id":"https:\/\/www.daisho.be\/es\/#website"},"primaryImageOfPage":{"@id":"https:\/\/www.daisho.be\/es\/produit\/protector-bucal-adidas-opro-gen4-edicion-platino-rojo-negro-blanco-senior\/#primaryimage"},"image":{"@id":"https:\/\/www.daisho.be\/es\/produit\/protector-bucal-adidas-opro-gen4-edicion-platino-rojo-negro-blanco-senior\/#primaryimage"},"thumbnailUrl":"https:\/\/www.daisho.be\/wp-content\/uploads\/2025\/10\/image-18.webp","datePublished":"2022-02-05T15:42:45+00:00","dateModified":"2025-10-16T07:41:27+00:00","description":"Descubre los protectores bucales Adidas que combinan comodidad y m\u00e1xima protecci\u00f3n. C\u00f3mpralos en nuestra web www.daisho.be|Daisho","breadcrumb":{"@id":"https:\/\/www.daisho.be\/es\/produit\/protector-bucal-adidas-opro-gen4-edicion-platino-rojo-negro-blanco-senior\/#breadcrumb"},"inLanguage":"es","potentialAction":[{"@type":"ReadAction","target":["https:\/\/www.daisho.be\/es\/produit\/protector-bucal-adidas-opro-gen4-edicion-platino-rojo-negro-blanco-senior\/"]}]},{"@type":"ImageObject","inLanguage":"es","@id":"https:\/\/www.daisho.be\/es\/produit\/protector-bucal-adidas-opro-gen4-edicion-platino-rojo-negro-blanco-senior\/#primaryimage","url":"https:\/\/www.daisho.be\/wp-content\/uploads\/2025\/10\/image-18.webp","contentUrl":"https:\/\/www.daisho.be\/wp-content\/uploads\/2025\/10\/image-18.webp","width":1200,"height":840},{"@type":"BreadcrumbList","@id":"https:\/\/www.daisho.be\/es\/produit\/protector-bucal-adidas-opro-gen4-edicion-platino-rojo-negro-blanco-senior\/#breadcrumb","itemListElement":[{"@type":"ListItem","position":1,"name":"Accueil","item":"https:\/\/www.daisho.be\/es\/"},{"@type":"ListItem","position":2,"name":"Productos","item":"https:\/\/www.daisho.be\/es\/productos\/"},{"@type":"ListItem","position":3,"name":"ADIDAS COMBAT SPORTS","item":"https:\/\/www.daisho.be\/es\/categorie-produit\/adidas-combat-sports-es\/"},{"@type":"ListItem","position":4,"name":"MMA","item":"https:\/\/www.daisho.be\/es\/categorie-produit\/adidas-combat-sports-es\/mma-es-2\/"},{"@type":"ListItem","position":5,"name":"Almohadillas Adidas para MMA","item":"https:\/\/www.daisho.be\/es\/categorie-produit\/adidas-combat-sports-es\/mma-es-2\/almohadillas-adidas-para-mma\/"},{"@type":"ListItem","position":6,"name":"Protector bucal Adidas OPRO Gen4 Edici\u00f3n Platino Rojo\/Negro\/Blanco Senior"}]},{"@type":"WebSite","@id":"https:\/\/www.daisho.be\/es\/#website","url":"https:\/\/www.daisho.be\/es\/","name":"Daisho","description":"Sp&eacute;cialiste de l'&eacute;quipement sportif d'arts martiaux","publisher":{"@id":"https:\/\/www.daisho.be\/es\/#organization"},"potentialAction":[{"@type":"SearchAction","target":{"@type":"EntryPoint","urlTemplate":"https:\/\/www.daisho.be\/es\/?s={search_term_string}"},"query-input":{"@type":"PropertyValueSpecification","valueRequired":true,"valueName":"search_term_string"}}],"inLanguage":"es"},{"@type":"Organization","@id":"https:\/\/www.daisho.be\/es\/#organization","name":"Daisho","url":"https:\/\/www.daisho.be\/es\/","logo":{"@type":"ImageObject","inLanguage":"es","@id":"https:\/\/www.daisho.be\/es\/#\/schema\/logo\/image\/","url":"https:\/\/www.daisho.be\/wp-content\/uploads\/2019\/07\/color-nothing-horizontale4x-e1564486100247.png","contentUrl":"https:\/\/www.daisho.be\/wp-content\/uploads\/2019\/07\/color-nothing-horizontale4x-e1564486100247.png","width":1547,"height":385,"caption":"Daisho"},"image":{"@id":"https:\/\/www.daisho.be\/es\/#\/schema\/logo\/image\/"}}]}},"_links":{"self":[{"href":"https:\/\/www.daisho.be\/es\/wp-json\/wp\/v2\/product\/359321","targetHints":{"allow":["GET"]}}],"collection":[{"href":"https:\/\/www.daisho.be\/es\/wp-json\/wp\/v2\/product"}],"about":[{"href":"https:\/\/www.daisho.be\/es\/wp-json\/wp\/v2\/types\/product"}],"replies":[{"embeddable":true,"href":"https:\/\/www.daisho.be\/es\/wp-json\/wp\/v2\/comments?post=359321"}],"wp:featuredmedia":[{"embeddable":true,"href":"https:\/\/www.daisho.be\/es\/wp-json\/wp\/v2\/media\/564765"}],"wp:attachment":[{"href":"https:\/\/www.daisho.be\/es\/wp-json\/wp\/v2\/media?parent=359321"}],"wp:term":[{"taxonomy":"product_brand","embeddable":true,"href":"https:\/\/www.daisho.be\/es\/wp-json\/wp\/v2\/product_brand?post=359321"},{"taxonomy":"product_cat","embeddable":true,"href":"https:\/\/www.daisho.be\/es\/wp-json\/wp\/v2\/product_cat?post=359321"},{"taxonomy":"product_tag","embeddable":true,"href":"https:\/\/www.daisho.be\/es\/wp-json\/wp\/v2\/product_tag?post=359321"},{"taxonomy":"sport","embeddable":true,"href":"https:\/\/www.daisho.be\/es\/wp-json\/wp\/v2\/sport?post=359321"}],"curies":[{"name":"wp","href":"https:\/\/api.w.org\/{rel}","templated":true}]}}