{"id":359079,"date":"2021-07-18T11:43:11","date_gmt":"2021-07-18T09:43:11","guid":{"rendered":"https:\/\/www.daisho.be\/produit\/protector-adidas-e-body-rojo\/"},"modified":"2025-10-09T14:06:49","modified_gmt":"2025-10-09T12:06:49","slug":"protector-adidas-e-body-rojo","status":"publish","type":"product","link":"https:\/\/www.daisho.be\/es\/produit\/protector-adidas-e-body-rojo\/","title":{"rendered":"Protector adidas E-Body Rojo"},"content":{"rendered":"<p>Este protector adidas e-body es esencial para cualquier torneo importante.<br \/>\n\u00bfNo es injusto que un competidor consiga un punto con una patada d\u00e9bil? \u00bfUn juez que falla una sola patada que hace que un partido sea injusto? Eso es cosa del pasado con el E-Body Protector de adidas.<br \/>\nLos sistemas KP&amp;P se han utilizado en m\u00e1s de 150 competiciones en Corea durante los \u00faltimos 3 a\u00f1os y est\u00e1n especialmente desarrollados y optimizados para el taekwondo.<br \/>\nEl protector tiene el mismo peso ligero que el protector corporal est\u00e1ndar, s\u00f3lo que est\u00e1 equipado con una tecnolog\u00eda \u00fanica que indica cu\u00e1ndo se marca un punto mediante sensores. El protector es inal\u00e1mbrico, seguro y s\u00f3lo funciona en combinaci\u00f3n con el protector e-foot y el receptor + cargador.<\/p>\n<p>Ventajas:<br \/>\n&#8211; sin errores medidos por los jueces<br \/>\n&#8211; puntuaci\u00f3n clara<br \/>\n&#8211; sistema de \u00faltima generaci\u00f3n<br \/>\n&#8211; el sistema detecta el 99,9% de todos los movimientos<br \/>\n&#8211; el sistema reconoce incluso varias patadas como las escaleras de caracol<\/p>\n","protected":false},"excerpt":{"rendered":"<p>Este protector adidas e-body es esencial para cualquier torneo importante. \u00bfNo es injusto que un competidor consiga un punto con una patada d\u00e9bil? \u00bfUn juez que falla una sola patada que hace que un partido sea injusto? Eso es cosa del pasado con el E-Body Protector de adidas. Los sistemas KP&amp;P se han utilizado en [&hellip;]<\/p>\n","protected":false},"featured_media":325957,"comment_status":"open","ping_status":"closed","template":"","meta":{"inline_featured_image":false},"product_brand":[],"product_cat":[1574],"product_tag":[1560],"sport":[],"class_list":{"0":"post-359079","1":"product","2":"type-product","3":"status-publish","4":"has-post-thumbnail","6":"product_cat-protectores-adidas-taekwondo","7":"product_tag-adidas-es","8":"pa_size-l","10":"first","11":"instock","12":"taxable","13":"shipping-taxable","14":"purchasable","15":"product-type-variable"},"yoast_head":"<!-- This site is optimized with the Yoast SEO plugin v27.2 - https:\/\/yoast.com\/product\/yoast-seo-wordpress\/ -->\n<title>Protector adidas E-Body Rojo &#8211; Daisho<\/title>\n<meta name=\"description\" content=\"El protector corporal Adidas e est\u00e1 especialmente dise\u00f1ado para evitar que los jueces cometan errores. C\u00f3mpralo en nuestra web www.daisho.be|Daisho\" \/>\n<meta name=\"robots\" content=\"index, follow, max-snippet:-1, max-image-preview:large, max-video-preview:-1\" \/>\n<link rel=\"canonical\" href=\"https:\/\/www.daisho.be\/es\/produit\/protector-adidas-e-body-rojo\/\" \/>\n<meta property=\"og:locale\" content=\"es_ES\" \/>\n<meta property=\"og:type\" content=\"article\" \/>\n<meta property=\"og:title\" content=\"Protector adidas E-Body Rojo &#8211; Daisho\" \/>\n<meta property=\"og:description\" content=\"El protector corporal Adidas e est\u00e1 especialmente dise\u00f1ado para evitar que los jueces cometan errores. C\u00f3mpralo en nuestra web www.daisho.be|Daisho\" \/>\n<meta property=\"og:url\" content=\"https:\/\/www.daisho.be\/es\/produit\/protector-adidas-e-body-rojo\/\" \/>\n<meta property=\"og:site_name\" content=\"Daisho\" \/>\n<meta property=\"article:modified_time\" content=\"2025-10-09T12:06:49+00:00\" \/>\n<meta property=\"og:image\" content=\"https:\/\/www.daisho.be\/wp-content\/uploads\/2021\/07\/image-330.jpg\" \/>\n\t<meta property=\"og:image:width\" content=\"650\" \/>\n\t<meta property=\"og:image:height\" content=\"650\" \/>\n\t<meta property=\"og:image:type\" content=\"image\/jpeg\" \/>\n<meta name=\"twitter:card\" content=\"summary_large_image\" \/>\n<meta name=\"twitter:label1\" content=\"Tiempo de lectura\" \/>\n\t<meta name=\"twitter:data1\" content=\"1 minuto\" \/>\n<script type=\"application\/ld+json\" class=\"yoast-schema-graph\">{\"@context\":\"https:\/\/schema.org\",\"@graph\":[{\"@type\":\"WebPage\",\"@id\":\"https:\/\/www.daisho.be\/es\/produit\/protector-adidas-e-body-rojo\/\",\"url\":\"https:\/\/www.daisho.be\/es\/produit\/protector-adidas-e-body-rojo\/\",\"name\":\"Protector adidas E-Body Rojo &#8211; Daisho\",\"isPartOf\":{\"@id\":\"https:\/\/www.daisho.be\/es\/#website\"},\"primaryImageOfPage\":{\"@id\":\"https:\/\/www.daisho.be\/es\/produit\/protector-adidas-e-body-rojo\/#primaryimage\"},\"image\":{\"@id\":\"https:\/\/www.daisho.be\/es\/produit\/protector-adidas-e-body-rojo\/#primaryimage\"},\"thumbnailUrl\":\"https:\/\/www.daisho.be\/wp-content\/uploads\/2021\/07\/image-330.jpg\",\"datePublished\":\"2021-07-18T09:43:11+00:00\",\"dateModified\":\"2025-10-09T12:06:49+00:00\",\"description\":\"El protector corporal Adidas e est\u00e1 especialmente dise\u00f1ado para evitar que los jueces cometan errores. C\u00f3mpralo en nuestra web www.daisho.be|Daisho\",\"breadcrumb\":{\"@id\":\"https:\/\/www.daisho.be\/es\/produit\/protector-adidas-e-body-rojo\/#breadcrumb\"},\"inLanguage\":\"es\",\"potentialAction\":[{\"@type\":\"ReadAction\",\"target\":[\"https:\/\/www.daisho.be\/es\/produit\/protector-adidas-e-body-rojo\/\"]}]},{\"@type\":\"ImageObject\",\"inLanguage\":\"es\",\"@id\":\"https:\/\/www.daisho.be\/es\/produit\/protector-adidas-e-body-rojo\/#primaryimage\",\"url\":\"https:\/\/www.daisho.be\/wp-content\/uploads\/2021\/07\/image-330.jpg\",\"contentUrl\":\"https:\/\/www.daisho.be\/wp-content\/uploads\/2021\/07\/image-330.jpg\",\"width\":650,\"height\":650,\"caption\":\"Protector adidas E-Body Rojo-1\"},{\"@type\":\"BreadcrumbList\",\"@id\":\"https:\/\/www.daisho.be\/es\/produit\/protector-adidas-e-body-rojo\/#breadcrumb\",\"itemListElement\":[{\"@type\":\"ListItem\",\"position\":1,\"name\":\"Accueil\",\"item\":\"https:\/\/www.daisho.be\/es\/\"},{\"@type\":\"ListItem\",\"position\":2,\"name\":\"Productos\",\"item\":\"https:\/\/www.daisho.be\/es\/productos\/\"},{\"@type\":\"ListItem\",\"position\":3,\"name\":\"ADIDAS COMBAT SPORTS\",\"item\":\"https:\/\/www.daisho.be\/es\/categorie-produit\/adidas-combat-sports-es\/\"},{\"@type\":\"ListItem\",\"position\":4,\"name\":\"Taekwondo\",\"item\":\"https:\/\/www.daisho.be\/es\/categorie-produit\/adidas-combat-sports-es\/taekwondo-es-2\/\"},{\"@type\":\"ListItem\",\"position\":5,\"name\":\"Protectores Adidas Taekwondo\",\"item\":\"https:\/\/www.daisho.be\/es\/categorie-produit\/adidas-combat-sports-es\/taekwondo-es-2\/protectores-adidas-taekwondo\/\"},{\"@type\":\"ListItem\",\"position\":6,\"name\":\"Protector adidas E-Body Rojo\"}]},{\"@type\":\"WebSite\",\"@id\":\"https:\/\/www.daisho.be\/es\/#website\",\"url\":\"https:\/\/www.daisho.be\/es\/\",\"name\":\"Daisho\",\"description\":\"Sp&eacute;cialiste de l'&eacute;quipement sportif d'arts martiaux\",\"publisher\":{\"@id\":\"https:\/\/www.daisho.be\/es\/#organization\"},\"potentialAction\":[{\"@type\":\"SearchAction\",\"target\":{\"@type\":\"EntryPoint\",\"urlTemplate\":\"https:\/\/www.daisho.be\/es\/?s={search_term_string}\"},\"query-input\":{\"@type\":\"PropertyValueSpecification\",\"valueRequired\":true,\"valueName\":\"search_term_string\"}}],\"inLanguage\":\"es\"},{\"@type\":\"Organization\",\"@id\":\"https:\/\/www.daisho.be\/es\/#organization\",\"name\":\"Daisho\",\"url\":\"https:\/\/www.daisho.be\/es\/\",\"logo\":{\"@type\":\"ImageObject\",\"inLanguage\":\"es\",\"@id\":\"https:\/\/www.daisho.be\/es\/#\/schema\/logo\/image\/\",\"url\":\"https:\/\/www.daisho.be\/wp-content\/uploads\/2019\/07\/color-nothing-horizontale4x-e1564486100247.png\",\"contentUrl\":\"https:\/\/www.daisho.be\/wp-content\/uploads\/2019\/07\/color-nothing-horizontale4x-e1564486100247.png\",\"width\":1547,\"height\":385,\"caption\":\"Daisho\"},\"image\":{\"@id\":\"https:\/\/www.daisho.be\/es\/#\/schema\/logo\/image\/\"}}]}<\/script>\n<!-- \/ Yoast SEO plugin. -->","yoast_head_json":{"title":"Protector adidas E-Body Rojo &#8211; Daisho","description":"El protector corporal Adidas e est\u00e1 especialmente dise\u00f1ado para evitar que los jueces cometan errores. C\u00f3mpralo en nuestra web www.daisho.be|Daisho","robots":{"index":"index","follow":"follow","max-snippet":"max-snippet:-1","max-image-preview":"max-image-preview:large","max-video-preview":"max-video-preview:-1"},"canonical":"https:\/\/www.daisho.be\/es\/produit\/protector-adidas-e-body-rojo\/","og_locale":"es_ES","og_type":"article","og_title":"Protector adidas E-Body Rojo &#8211; Daisho","og_description":"El protector corporal Adidas e est\u00e1 especialmente dise\u00f1ado para evitar que los jueces cometan errores. C\u00f3mpralo en nuestra web www.daisho.be|Daisho","og_url":"https:\/\/www.daisho.be\/es\/produit\/protector-adidas-e-body-rojo\/","og_site_name":"Daisho","article_modified_time":"2025-10-09T12:06:49+00:00","og_image":[{"width":650,"height":650,"url":"https:\/\/www.daisho.be\/wp-content\/uploads\/2021\/07\/image-330.jpg","type":"image\/jpeg"}],"twitter_card":"summary_large_image","twitter_misc":{"Tiempo de lectura":"1 minuto"},"schema":{"@context":"https:\/\/schema.org","@graph":[{"@type":"WebPage","@id":"https:\/\/www.daisho.be\/es\/produit\/protector-adidas-e-body-rojo\/","url":"https:\/\/www.daisho.be\/es\/produit\/protector-adidas-e-body-rojo\/","name":"Protector adidas E-Body Rojo &#8211; Daisho","isPartOf":{"@id":"https:\/\/www.daisho.be\/es\/#website"},"primaryImageOfPage":{"@id":"https:\/\/www.daisho.be\/es\/produit\/protector-adidas-e-body-rojo\/#primaryimage"},"image":{"@id":"https:\/\/www.daisho.be\/es\/produit\/protector-adidas-e-body-rojo\/#primaryimage"},"thumbnailUrl":"https:\/\/www.daisho.be\/wp-content\/uploads\/2021\/07\/image-330.jpg","datePublished":"2021-07-18T09:43:11+00:00","dateModified":"2025-10-09T12:06:49+00:00","description":"El protector corporal Adidas e est\u00e1 especialmente dise\u00f1ado para evitar que los jueces cometan errores. C\u00f3mpralo en nuestra web www.daisho.be|Daisho","breadcrumb":{"@id":"https:\/\/www.daisho.be\/es\/produit\/protector-adidas-e-body-rojo\/#breadcrumb"},"inLanguage":"es","potentialAction":[{"@type":"ReadAction","target":["https:\/\/www.daisho.be\/es\/produit\/protector-adidas-e-body-rojo\/"]}]},{"@type":"ImageObject","inLanguage":"es","@id":"https:\/\/www.daisho.be\/es\/produit\/protector-adidas-e-body-rojo\/#primaryimage","url":"https:\/\/www.daisho.be\/wp-content\/uploads\/2021\/07\/image-330.jpg","contentUrl":"https:\/\/www.daisho.be\/wp-content\/uploads\/2021\/07\/image-330.jpg","width":650,"height":650,"caption":"Protector adidas E-Body Rojo-1"},{"@type":"BreadcrumbList","@id":"https:\/\/www.daisho.be\/es\/produit\/protector-adidas-e-body-rojo\/#breadcrumb","itemListElement":[{"@type":"ListItem","position":1,"name":"Accueil","item":"https:\/\/www.daisho.be\/es\/"},{"@type":"ListItem","position":2,"name":"Productos","item":"https:\/\/www.daisho.be\/es\/productos\/"},{"@type":"ListItem","position":3,"name":"ADIDAS COMBAT SPORTS","item":"https:\/\/www.daisho.be\/es\/categorie-produit\/adidas-combat-sports-es\/"},{"@type":"ListItem","position":4,"name":"Taekwondo","item":"https:\/\/www.daisho.be\/es\/categorie-produit\/adidas-combat-sports-es\/taekwondo-es-2\/"},{"@type":"ListItem","position":5,"name":"Protectores Adidas Taekwondo","item":"https:\/\/www.daisho.be\/es\/categorie-produit\/adidas-combat-sports-es\/taekwondo-es-2\/protectores-adidas-taekwondo\/"},{"@type":"ListItem","position":6,"name":"Protector adidas E-Body Rojo"}]},{"@type":"WebSite","@id":"https:\/\/www.daisho.be\/es\/#website","url":"https:\/\/www.daisho.be\/es\/","name":"Daisho","description":"Sp&eacute;cialiste de l'&eacute;quipement sportif d'arts martiaux","publisher":{"@id":"https:\/\/www.daisho.be\/es\/#organization"},"potentialAction":[{"@type":"SearchAction","target":{"@type":"EntryPoint","urlTemplate":"https:\/\/www.daisho.be\/es\/?s={search_term_string}"},"query-input":{"@type":"PropertyValueSpecification","valueRequired":true,"valueName":"search_term_string"}}],"inLanguage":"es"},{"@type":"Organization","@id":"https:\/\/www.daisho.be\/es\/#organization","name":"Daisho","url":"https:\/\/www.daisho.be\/es\/","logo":{"@type":"ImageObject","inLanguage":"es","@id":"https:\/\/www.daisho.be\/es\/#\/schema\/logo\/image\/","url":"https:\/\/www.daisho.be\/wp-content\/uploads\/2019\/07\/color-nothing-horizontale4x-e1564486100247.png","contentUrl":"https:\/\/www.daisho.be\/wp-content\/uploads\/2019\/07\/color-nothing-horizontale4x-e1564486100247.png","width":1547,"height":385,"caption":"Daisho"},"image":{"@id":"https:\/\/www.daisho.be\/es\/#\/schema\/logo\/image\/"}}]}},"_links":{"self":[{"href":"https:\/\/www.daisho.be\/es\/wp-json\/wp\/v2\/product\/359079","targetHints":{"allow":["GET"]}}],"collection":[{"href":"https:\/\/www.daisho.be\/es\/wp-json\/wp\/v2\/product"}],"about":[{"href":"https:\/\/www.daisho.be\/es\/wp-json\/wp\/v2\/types\/product"}],"replies":[{"embeddable":true,"href":"https:\/\/www.daisho.be\/es\/wp-json\/wp\/v2\/comments?post=359079"}],"wp:featuredmedia":[{"embeddable":true,"href":"https:\/\/www.daisho.be\/es\/wp-json\/wp\/v2\/media\/325957"}],"wp:attachment":[{"href":"https:\/\/www.daisho.be\/es\/wp-json\/wp\/v2\/media?parent=359079"}],"wp:term":[{"taxonomy":"product_brand","embeddable":true,"href":"https:\/\/www.daisho.be\/es\/wp-json\/wp\/v2\/product_brand?post=359079"},{"taxonomy":"product_cat","embeddable":true,"href":"https:\/\/www.daisho.be\/es\/wp-json\/wp\/v2\/product_cat?post=359079"},{"taxonomy":"product_tag","embeddable":true,"href":"https:\/\/www.daisho.be\/es\/wp-json\/wp\/v2\/product_tag?post=359079"},{"taxonomy":"sport","embeddable":true,"href":"https:\/\/www.daisho.be\/es\/wp-json\/wp\/v2\/sport?post=359079"}],"curies":[{"name":"wp","href":"https:\/\/api.w.org\/{rel}","templated":true}]}}