{"id":359011,"date":"2021-07-18T11:40:35","date_gmt":"2021-07-18T09:40:35","guid":{"rendered":"https:\/\/www.daisho.be\/produit\/dobok-adidas-adi-start-wtf-aprobado\/"},"modified":"2025-12-22T17:24:23","modified_gmt":"2025-12-22T16:24:23","slug":"dobok-adidas-adi-start-wtf-aprobado","status":"publish","type":"product","link":"https:\/\/www.daisho.be\/es\/produit\/dobok-adidas-adi-start-wtf-aprobado\/","title":{"rendered":"adidas ADI-START Dobok &#8211; Aprobado por la WTF"},"content":{"rendered":"<p>Este modelo, especialmente dise\u00f1ado para principiantes, combina tradici\u00f3n y modernidad.<br \/>\nLa chaqueta, con sus solapas blancas y el logotipo de la WTF, te permite sumergirte plenamente en este arte marcial.<br \/>\nEl logotipo de adidas bordado en la manga atestigua la calidad de este producto. <\/p>\n<p>El pantal\u00f3n, con cintura el\u00e1stica y cord\u00f3n de ajuste, se adapta a todas las formas del cuerpo y garantiza una comodidad \u00f3ptima durante tus sesiones de entrenamiento. Caracter\u00edsticas: Ideal para entrenamiento Material: 100% poli\u00e9ster Logotipo WT (Federaci\u00f3n Mundial de Taekwondo)<\/p>\n<p><span style=\"display: flex;align-items: flex-start\"><img decoding=\"async\" class=\"alignleft\" src=\"https:\/\/www.daisho.be\/wp-content\/uploads\/2024\/11\/wt-logo.png\" alt=\"\" width=\"\" height=\"\"><\/span><\/p>\n","protected":false},"excerpt":{"rendered":"<p>Este modelo, especialmente dise\u00f1ado para principiantes, combina tradici\u00f3n y modernidad. La chaqueta, con sus solapas blancas y el logotipo de la WTF, te permite sumergirte plenamente en este arte marcial. El logotipo de adidas bordado en la manga atestigua la calidad de este producto. El pantal\u00f3n, con cintura el\u00e1stica y cord\u00f3n de ajuste, se adapta [&hellip;]<\/p>\n","protected":false},"featured_media":465197,"comment_status":"open","ping_status":"closed","template":"","meta":{"inline_featured_image":false},"product_brand":[],"product_cat":[1642,1722,1311],"product_tag":[1560],"sport":[],"class_list":{"0":"post-359011","1":"product","2":"type-product","3":"status-publish","4":"has-post-thumbnail","6":"product_cat-kimono-dobok-adidas-es","7":"product_cat-taekwondo-dobok-traje","8":"product_cat-trajes-kimonos","9":"product_tag-adidas-es","10":"pa_size-375","11":"pa_size-374","12":"pa_size-373","13":"pa_size-381","14":"pa_size-380","15":"pa_size-379","16":"pa_size-378","17":"pa_size-377","18":"pa_size-376","19":"pa_size-383","21":"first","22":"instock","23":"taxable","24":"shipping-taxable","25":"purchasable","26":"product-type-variable"},"yoast_head":"<!-- This site is optimized with the Yoast SEO plugin v27.2 - https:\/\/yoast.com\/product\/yoast-seo-wordpress\/ -->\n<title>adidas ADI-START Dobok - Aprobado por la WTF &#8211; Daisho<\/title>\n<meta name=\"description\" content=\"Descubre el dobok-adi-start especialmente dise\u00f1ado para principiantes y aprobado por la WTF. C\u00f3mpralo en nuestro sitio web www.daisho.be|Daisho\" \/>\n<meta name=\"robots\" content=\"index, follow, max-snippet:-1, max-image-preview:large, max-video-preview:-1\" \/>\n<link rel=\"canonical\" href=\"https:\/\/www.daisho.be\/es\/produit\/dobok-adidas-adi-start-wtf-aprobado\/\" \/>\n<meta property=\"og:locale\" content=\"es_ES\" \/>\n<meta property=\"og:type\" content=\"article\" \/>\n<meta property=\"og:title\" content=\"adidas ADI-START Dobok - Aprobado por la WTF &#8211; Daisho\" \/>\n<meta property=\"og:description\" content=\"Descubre el dobok-adi-start especialmente dise\u00f1ado para principiantes y aprobado por la WTF. C\u00f3mpralo en nuestro sitio web www.daisho.be|Daisho\" \/>\n<meta property=\"og:url\" content=\"https:\/\/www.daisho.be\/es\/produit\/dobok-adidas-adi-start-wtf-aprobado\/\" \/>\n<meta property=\"og:site_name\" content=\"Daisho\" \/>\n<meta property=\"article:modified_time\" content=\"2025-12-22T16:24:23+00:00\" \/>\n<meta property=\"og:image\" content=\"https:\/\/www.daisho.be\/wp-content\/uploads\/2024\/11\/image-29.png\" \/>\n\t<meta property=\"og:image:width\" content=\"382\" \/>\n\t<meta property=\"og:image:height\" content=\"690\" \/>\n\t<meta property=\"og:image:type\" content=\"image\/png\" \/>\n<meta name=\"twitter:card\" content=\"summary_large_image\" \/>\n<script type=\"application\/ld+json\" class=\"yoast-schema-graph\">{\"@context\":\"https:\/\/schema.org\",\"@graph\":[{\"@type\":\"WebPage\",\"@id\":\"https:\/\/www.daisho.be\/es\/produit\/dobok-adidas-adi-start-wtf-aprobado\/\",\"url\":\"https:\/\/www.daisho.be\/es\/produit\/dobok-adidas-adi-start-wtf-aprobado\/\",\"name\":\"adidas ADI-START Dobok - Aprobado por la WTF &#8211; Daisho\",\"isPartOf\":{\"@id\":\"https:\/\/www.daisho.be\/es\/#website\"},\"primaryImageOfPage\":{\"@id\":\"https:\/\/www.daisho.be\/es\/produit\/dobok-adidas-adi-start-wtf-aprobado\/#primaryimage\"},\"image\":{\"@id\":\"https:\/\/www.daisho.be\/es\/produit\/dobok-adidas-adi-start-wtf-aprobado\/#primaryimage\"},\"thumbnailUrl\":\"https:\/\/www.daisho.be\/wp-content\/uploads\/2024\/11\/image-29.png\",\"datePublished\":\"2021-07-18T09:40:35+00:00\",\"dateModified\":\"2025-12-22T16:24:23+00:00\",\"description\":\"Descubre el dobok-adi-start especialmente dise\u00f1ado para principiantes y aprobado por la WTF. C\u00f3mpralo en nuestro sitio web www.daisho.be|Daisho\",\"breadcrumb\":{\"@id\":\"https:\/\/www.daisho.be\/es\/produit\/dobok-adidas-adi-start-wtf-aprobado\/#breadcrumb\"},\"inLanguage\":\"es\",\"potentialAction\":[{\"@type\":\"ReadAction\",\"target\":[\"https:\/\/www.daisho.be\/es\/produit\/dobok-adidas-adi-start-wtf-aprobado\/\"]}]},{\"@type\":\"ImageObject\",\"inLanguage\":\"es\",\"@id\":\"https:\/\/www.daisho.be\/es\/produit\/dobok-adidas-adi-start-wtf-aprobado\/#primaryimage\",\"url\":\"https:\/\/www.daisho.be\/wp-content\/uploads\/2024\/11\/image-29.png\",\"contentUrl\":\"https:\/\/www.daisho.be\/wp-content\/uploads\/2024\/11\/image-29.png\",\"width\":382,\"height\":690,\"caption\":\"adidas ADI-START Dobok - Aprobado por la WTF-1\"},{\"@type\":\"BreadcrumbList\",\"@id\":\"https:\/\/www.daisho.be\/es\/produit\/dobok-adidas-adi-start-wtf-aprobado\/#breadcrumb\",\"itemListElement\":[{\"@type\":\"ListItem\",\"position\":1,\"name\":\"Accueil\",\"item\":\"https:\/\/www.daisho.be\/es\/\"},{\"@type\":\"ListItem\",\"position\":2,\"name\":\"Productos\",\"item\":\"https:\/\/www.daisho.be\/es\/productos\/\"},{\"@type\":\"ListItem\",\"position\":3,\"name\":\"ADIDAS COMBAT SPORTS\",\"item\":\"https:\/\/www.daisho.be\/es\/categorie-produit\/adidas-combat-sports-es\/\"},{\"@type\":\"ListItem\",\"position\":4,\"name\":\"Taekwondo\",\"item\":\"https:\/\/www.daisho.be\/es\/categorie-produit\/adidas-combat-sports-es\/taekwondo-es-2\/\"},{\"@type\":\"ListItem\",\"position\":5,\"name\":\"Kimono - Dobok Adidas\",\"item\":\"https:\/\/www.daisho.be\/es\/categorie-produit\/adidas-combat-sports-es\/taekwondo-es-2\/kimono-dobok-adidas-es\/\"},{\"@type\":\"ListItem\",\"position\":6,\"name\":\"adidas ADI-START Dobok &#8211; Aprobado por la WTF\"}]},{\"@type\":\"WebSite\",\"@id\":\"https:\/\/www.daisho.be\/es\/#website\",\"url\":\"https:\/\/www.daisho.be\/es\/\",\"name\":\"Daisho\",\"description\":\"Sp&eacute;cialiste de l'&eacute;quipement sportif d'arts martiaux\",\"publisher\":{\"@id\":\"https:\/\/www.daisho.be\/es\/#organization\"},\"potentialAction\":[{\"@type\":\"SearchAction\",\"target\":{\"@type\":\"EntryPoint\",\"urlTemplate\":\"https:\/\/www.daisho.be\/es\/?s={search_term_string}\"},\"query-input\":{\"@type\":\"PropertyValueSpecification\",\"valueRequired\":true,\"valueName\":\"search_term_string\"}}],\"inLanguage\":\"es\"},{\"@type\":\"Organization\",\"@id\":\"https:\/\/www.daisho.be\/es\/#organization\",\"name\":\"Daisho\",\"url\":\"https:\/\/www.daisho.be\/es\/\",\"logo\":{\"@type\":\"ImageObject\",\"inLanguage\":\"es\",\"@id\":\"https:\/\/www.daisho.be\/es\/#\/schema\/logo\/image\/\",\"url\":\"https:\/\/www.daisho.be\/wp-content\/uploads\/2019\/07\/color-nothing-horizontale4x-e1564486100247.png\",\"contentUrl\":\"https:\/\/www.daisho.be\/wp-content\/uploads\/2019\/07\/color-nothing-horizontale4x-e1564486100247.png\",\"width\":1547,\"height\":385,\"caption\":\"Daisho\"},\"image\":{\"@id\":\"https:\/\/www.daisho.be\/es\/#\/schema\/logo\/image\/\"}}]}<\/script>\n<!-- \/ Yoast SEO plugin. -->","yoast_head_json":{"title":"adidas ADI-START Dobok - Aprobado por la WTF &#8211; Daisho","description":"Descubre el dobok-adi-start especialmente dise\u00f1ado para principiantes y aprobado por la WTF. C\u00f3mpralo en nuestro sitio web www.daisho.be|Daisho","robots":{"index":"index","follow":"follow","max-snippet":"max-snippet:-1","max-image-preview":"max-image-preview:large","max-video-preview":"max-video-preview:-1"},"canonical":"https:\/\/www.daisho.be\/es\/produit\/dobok-adidas-adi-start-wtf-aprobado\/","og_locale":"es_ES","og_type":"article","og_title":"adidas ADI-START Dobok - Aprobado por la WTF &#8211; Daisho","og_description":"Descubre el dobok-adi-start especialmente dise\u00f1ado para principiantes y aprobado por la WTF. C\u00f3mpralo en nuestro sitio web www.daisho.be|Daisho","og_url":"https:\/\/www.daisho.be\/es\/produit\/dobok-adidas-adi-start-wtf-aprobado\/","og_site_name":"Daisho","article_modified_time":"2025-12-22T16:24:23+00:00","og_image":[{"width":382,"height":690,"url":"https:\/\/www.daisho.be\/wp-content\/uploads\/2024\/11\/image-29.png","type":"image\/png"}],"twitter_card":"summary_large_image","schema":{"@context":"https:\/\/schema.org","@graph":[{"@type":"WebPage","@id":"https:\/\/www.daisho.be\/es\/produit\/dobok-adidas-adi-start-wtf-aprobado\/","url":"https:\/\/www.daisho.be\/es\/produit\/dobok-adidas-adi-start-wtf-aprobado\/","name":"adidas ADI-START Dobok - Aprobado por la WTF &#8211; Daisho","isPartOf":{"@id":"https:\/\/www.daisho.be\/es\/#website"},"primaryImageOfPage":{"@id":"https:\/\/www.daisho.be\/es\/produit\/dobok-adidas-adi-start-wtf-aprobado\/#primaryimage"},"image":{"@id":"https:\/\/www.daisho.be\/es\/produit\/dobok-adidas-adi-start-wtf-aprobado\/#primaryimage"},"thumbnailUrl":"https:\/\/www.daisho.be\/wp-content\/uploads\/2024\/11\/image-29.png","datePublished":"2021-07-18T09:40:35+00:00","dateModified":"2025-12-22T16:24:23+00:00","description":"Descubre el dobok-adi-start especialmente dise\u00f1ado para principiantes y aprobado por la WTF. C\u00f3mpralo en nuestro sitio web www.daisho.be|Daisho","breadcrumb":{"@id":"https:\/\/www.daisho.be\/es\/produit\/dobok-adidas-adi-start-wtf-aprobado\/#breadcrumb"},"inLanguage":"es","potentialAction":[{"@type":"ReadAction","target":["https:\/\/www.daisho.be\/es\/produit\/dobok-adidas-adi-start-wtf-aprobado\/"]}]},{"@type":"ImageObject","inLanguage":"es","@id":"https:\/\/www.daisho.be\/es\/produit\/dobok-adidas-adi-start-wtf-aprobado\/#primaryimage","url":"https:\/\/www.daisho.be\/wp-content\/uploads\/2024\/11\/image-29.png","contentUrl":"https:\/\/www.daisho.be\/wp-content\/uploads\/2024\/11\/image-29.png","width":382,"height":690,"caption":"adidas ADI-START Dobok - Aprobado por la WTF-1"},{"@type":"BreadcrumbList","@id":"https:\/\/www.daisho.be\/es\/produit\/dobok-adidas-adi-start-wtf-aprobado\/#breadcrumb","itemListElement":[{"@type":"ListItem","position":1,"name":"Accueil","item":"https:\/\/www.daisho.be\/es\/"},{"@type":"ListItem","position":2,"name":"Productos","item":"https:\/\/www.daisho.be\/es\/productos\/"},{"@type":"ListItem","position":3,"name":"ADIDAS COMBAT SPORTS","item":"https:\/\/www.daisho.be\/es\/categorie-produit\/adidas-combat-sports-es\/"},{"@type":"ListItem","position":4,"name":"Taekwondo","item":"https:\/\/www.daisho.be\/es\/categorie-produit\/adidas-combat-sports-es\/taekwondo-es-2\/"},{"@type":"ListItem","position":5,"name":"Kimono - Dobok Adidas","item":"https:\/\/www.daisho.be\/es\/categorie-produit\/adidas-combat-sports-es\/taekwondo-es-2\/kimono-dobok-adidas-es\/"},{"@type":"ListItem","position":6,"name":"adidas ADI-START Dobok &#8211; Aprobado por la WTF"}]},{"@type":"WebSite","@id":"https:\/\/www.daisho.be\/es\/#website","url":"https:\/\/www.daisho.be\/es\/","name":"Daisho","description":"Sp&eacute;cialiste de l'&eacute;quipement sportif d'arts martiaux","publisher":{"@id":"https:\/\/www.daisho.be\/es\/#organization"},"potentialAction":[{"@type":"SearchAction","target":{"@type":"EntryPoint","urlTemplate":"https:\/\/www.daisho.be\/es\/?s={search_term_string}"},"query-input":{"@type":"PropertyValueSpecification","valueRequired":true,"valueName":"search_term_string"}}],"inLanguage":"es"},{"@type":"Organization","@id":"https:\/\/www.daisho.be\/es\/#organization","name":"Daisho","url":"https:\/\/www.daisho.be\/es\/","logo":{"@type":"ImageObject","inLanguage":"es","@id":"https:\/\/www.daisho.be\/es\/#\/schema\/logo\/image\/","url":"https:\/\/www.daisho.be\/wp-content\/uploads\/2019\/07\/color-nothing-horizontale4x-e1564486100247.png","contentUrl":"https:\/\/www.daisho.be\/wp-content\/uploads\/2019\/07\/color-nothing-horizontale4x-e1564486100247.png","width":1547,"height":385,"caption":"Daisho"},"image":{"@id":"https:\/\/www.daisho.be\/es\/#\/schema\/logo\/image\/"}}]}},"_links":{"self":[{"href":"https:\/\/www.daisho.be\/es\/wp-json\/wp\/v2\/product\/359011","targetHints":{"allow":["GET"]}}],"collection":[{"href":"https:\/\/www.daisho.be\/es\/wp-json\/wp\/v2\/product"}],"about":[{"href":"https:\/\/www.daisho.be\/es\/wp-json\/wp\/v2\/types\/product"}],"replies":[{"embeddable":true,"href":"https:\/\/www.daisho.be\/es\/wp-json\/wp\/v2\/comments?post=359011"}],"wp:featuredmedia":[{"embeddable":true,"href":"https:\/\/www.daisho.be\/es\/wp-json\/wp\/v2\/media\/465197"}],"wp:attachment":[{"href":"https:\/\/www.daisho.be\/es\/wp-json\/wp\/v2\/media?parent=359011"}],"wp:term":[{"taxonomy":"product_brand","embeddable":true,"href":"https:\/\/www.daisho.be\/es\/wp-json\/wp\/v2\/product_brand?post=359011"},{"taxonomy":"product_cat","embeddable":true,"href":"https:\/\/www.daisho.be\/es\/wp-json\/wp\/v2\/product_cat?post=359011"},{"taxonomy":"product_tag","embeddable":true,"href":"https:\/\/www.daisho.be\/es\/wp-json\/wp\/v2\/product_tag?post=359011"},{"taxonomy":"sport","embeddable":true,"href":"https:\/\/www.daisho.be\/es\/wp-json\/wp\/v2\/sport?post=359011"}],"curies":[{"name":"wp","href":"https:\/\/api.w.org\/{rel}","templated":true}]}}