{"id":358767,"date":"2023-08-14T16:06:11","date_gmt":"2023-08-14T14:06:11","guid":{"rendered":"https:\/\/www.daisho.be\/produit\/pantalones-de-artes-marciales-universales-en-rojo-con-rayas-negras\/"},"modified":"2025-10-09T14:22:36","modified_gmt":"2025-10-09T12:22:36","slug":"pantalones-de-artes-marciales-universales-en-rojo-con-rayas-negras","status":"publish","type":"product","link":"https:\/\/www.daisho.be\/es\/produit\/pantalones-de-artes-marciales-universales-en-rojo-con-rayas-negras\/","title":{"rendered":"Pantalones de artes marciales universales en rojo con rayas negras"},"content":{"rendered":"<p>Pantalones universales para distintas aplicaciones, por ejemplo, allstyle, arnis, kickboxing, o simplemente para combinar con nuestras chaquetas o camisetas de distintos colores.<br \/>\nLos pantalones tienen una buena forma entallada y una cintura el\u00e1stica de unos 4 cm de ancho para todas las tallas.<br \/>\nEst\u00e1n fabricados con un tejido mezclado (55% poli\u00e9ster\/45% algod\u00f3n), por lo que conservan bien los colores y encogen muy poco al lavarse.<\/p>\n","protected":false},"excerpt":{"rendered":"<p>Pantalones universales para distintas aplicaciones, por ejemplo, allstyle, arnis, kickboxing, o simplemente para combinar con nuestras chaquetas o camisetas de distintos colores. Los pantalones tienen una buena forma entallada y una cintura el\u00e1stica de unos 4 cm de ancho para todas las tallas. Est\u00e1n fabricados con un tejido mezclado (55% poli\u00e9ster\/45% algod\u00f3n), por lo que [&hellip;]<\/p>\n","protected":false},"featured_media":338673,"comment_status":"open","ping_status":"closed","template":"","meta":{"inline_featured_image":false},"product_brand":[],"product_cat":[1327,1314,1498,1311],"product_tag":[1469],"sport":[],"class_list":{"0":"post-358767","1":"product","2":"type-product","3":"status-publish","4":"has-post-thumbnail","6":"product_cat-kimono-de-jujitsu-es","7":"product_cat-kimonos-de-karate","8":"product_cat-pantalones-de-judo","9":"product_cat-trajes-kimonos","10":"product_tag-s-b-j-es","11":"pa_size-381","12":"pa_size-380","13":"pa_size-379","14":"pa_size-378","15":"pa_size-377","16":"pa_size-376","17":"pa_size-383","19":"first","20":"instock","21":"taxable","22":"shipping-taxable","23":"purchasable","24":"product-type-variable"},"yoast_head":"<!-- This site is optimized with the Yoast SEO plugin v27.2 - https:\/\/yoast.com\/product\/yoast-seo-wordpress\/ -->\n<title>Pantalones de artes marciales universales en rojo con rayas negras &#8211; Daisho<\/title>\n<meta name=\"description\" content=\"Descubre unos pantalones universales que se pueden llevar para las salidas diarias o las sesiones de entrenamiento. C\u00f3mpralos en www.daisho.be|Daisho\" \/>\n<meta name=\"robots\" content=\"index, follow, max-snippet:-1, max-image-preview:large, max-video-preview:-1\" \/>\n<link rel=\"canonical\" href=\"https:\/\/www.daisho.be\/es\/produit\/pantalones-de-artes-marciales-universales-en-rojo-con-rayas-negras\/\" \/>\n<meta property=\"og:locale\" content=\"es_ES\" \/>\n<meta property=\"og:type\" content=\"article\" \/>\n<meta property=\"og:title\" content=\"Pantalones de artes marciales universales en rojo con rayas negras &#8211; Daisho\" \/>\n<meta property=\"og:description\" content=\"Descubre unos pantalones universales que se pueden llevar para las salidas diarias o las sesiones de entrenamiento. C\u00f3mpralos en www.daisho.be|Daisho\" \/>\n<meta property=\"og:url\" content=\"https:\/\/www.daisho.be\/es\/produit\/pantalones-de-artes-marciales-universales-en-rojo-con-rayas-negras\/\" \/>\n<meta property=\"og:site_name\" content=\"Daisho\" \/>\n<meta property=\"article:modified_time\" content=\"2025-10-09T12:22:36+00:00\" \/>\n<meta property=\"og:image\" content=\"https:\/\/www.daisho.be\/wp-content\/uploads\/2023\/08\/image-48.jpg\" \/>\n\t<meta property=\"og:image:width\" content=\"1200\" \/>\n\t<meta property=\"og:image:height\" content=\"805\" \/>\n\t<meta property=\"og:image:type\" content=\"image\/jpeg\" \/>\n<meta name=\"twitter:card\" content=\"summary_large_image\" \/>\n<script type=\"application\/ld+json\" class=\"yoast-schema-graph\">{\"@context\":\"https:\/\/schema.org\",\"@graph\":[{\"@type\":\"WebPage\",\"@id\":\"https:\/\/www.daisho.be\/es\/produit\/pantalones-de-artes-marciales-universales-en-rojo-con-rayas-negras\/\",\"url\":\"https:\/\/www.daisho.be\/es\/produit\/pantalones-de-artes-marciales-universales-en-rojo-con-rayas-negras\/\",\"name\":\"Pantalones de artes marciales universales en rojo con rayas negras &#8211; Daisho\",\"isPartOf\":{\"@id\":\"https:\/\/www.daisho.be\/es\/#website\"},\"primaryImageOfPage\":{\"@id\":\"https:\/\/www.daisho.be\/es\/produit\/pantalones-de-artes-marciales-universales-en-rojo-con-rayas-negras\/#primaryimage\"},\"image\":{\"@id\":\"https:\/\/www.daisho.be\/es\/produit\/pantalones-de-artes-marciales-universales-en-rojo-con-rayas-negras\/#primaryimage\"},\"thumbnailUrl\":\"https:\/\/www.daisho.be\/wp-content\/uploads\/2023\/08\/image-48.jpg\",\"datePublished\":\"2023-08-14T14:06:11+00:00\",\"dateModified\":\"2025-10-09T12:22:36+00:00\",\"description\":\"Descubre unos pantalones universales que se pueden llevar para las salidas diarias o las sesiones de entrenamiento. C\u00f3mpralos en www.daisho.be|Daisho\",\"breadcrumb\":{\"@id\":\"https:\/\/www.daisho.be\/es\/produit\/pantalones-de-artes-marciales-universales-en-rojo-con-rayas-negras\/#breadcrumb\"},\"inLanguage\":\"es\",\"potentialAction\":[{\"@type\":\"ReadAction\",\"target\":[\"https:\/\/www.daisho.be\/es\/produit\/pantalones-de-artes-marciales-universales-en-rojo-con-rayas-negras\/\"]}]},{\"@type\":\"ImageObject\",\"inLanguage\":\"es\",\"@id\":\"https:\/\/www.daisho.be\/es\/produit\/pantalones-de-artes-marciales-universales-en-rojo-con-rayas-negras\/#primaryimage\",\"url\":\"https:\/\/www.daisho.be\/wp-content\/uploads\/2023\/08\/image-48.jpg\",\"contentUrl\":\"https:\/\/www.daisho.be\/wp-content\/uploads\/2023\/08\/image-48.jpg\",\"width\":1200,\"height\":805,\"caption\":\"Pantal\u00f3n universal de artes marciales en rojo con rayas negras-1\"},{\"@type\":\"BreadcrumbList\",\"@id\":\"https:\/\/www.daisho.be\/es\/produit\/pantalones-de-artes-marciales-universales-en-rojo-con-rayas-negras\/#breadcrumb\",\"itemListElement\":[{\"@type\":\"ListItem\",\"position\":1,\"name\":\"Accueil\",\"item\":\"https:\/\/www.daisho.be\/es\/\"},{\"@type\":\"ListItem\",\"position\":2,\"name\":\"Productos\",\"item\":\"https:\/\/www.daisho.be\/es\/productos\/\"},{\"@type\":\"ListItem\",\"position\":3,\"name\":\"Equipamiento y ropa para artes marciales y deportes de combate\",\"item\":\"https:\/\/www.daisho.be\/es\/categorie-produit\/equipamiento-y-ropa-para-artes-marciales-y-deportes-de-combate\/\"},{\"@type\":\"ListItem\",\"position\":4,\"name\":\"Jujitsu y jiu-jitsu brasile\u00f1os\",\"item\":\"https:\/\/www.daisho.be\/es\/categorie-produit\/equipamiento-y-ropa-para-artes-marciales-y-deportes-de-combate\/jujitsu-y-jiu-jitsu-brasilenos\/\"},{\"@type\":\"ListItem\",\"position\":5,\"name\":\"Kimono de Jujitsu\",\"item\":\"https:\/\/www.daisho.be\/es\/categorie-produit\/equipamiento-y-ropa-para-artes-marciales-y-deportes-de-combate\/jujitsu-y-jiu-jitsu-brasilenos\/kimono-de-jujitsu-es\/\"},{\"@type\":\"ListItem\",\"position\":6,\"name\":\"Pantalones de artes marciales universales en rojo con rayas negras\"}]},{\"@type\":\"WebSite\",\"@id\":\"https:\/\/www.daisho.be\/es\/#website\",\"url\":\"https:\/\/www.daisho.be\/es\/\",\"name\":\"Daisho\",\"description\":\"Sp&eacute;cialiste de l'&eacute;quipement sportif d'arts martiaux\",\"publisher\":{\"@id\":\"https:\/\/www.daisho.be\/es\/#organization\"},\"potentialAction\":[{\"@type\":\"SearchAction\",\"target\":{\"@type\":\"EntryPoint\",\"urlTemplate\":\"https:\/\/www.daisho.be\/es\/?s={search_term_string}\"},\"query-input\":{\"@type\":\"PropertyValueSpecification\",\"valueRequired\":true,\"valueName\":\"search_term_string\"}}],\"inLanguage\":\"es\"},{\"@type\":\"Organization\",\"@id\":\"https:\/\/www.daisho.be\/es\/#organization\",\"name\":\"Daisho\",\"url\":\"https:\/\/www.daisho.be\/es\/\",\"logo\":{\"@type\":\"ImageObject\",\"inLanguage\":\"es\",\"@id\":\"https:\/\/www.daisho.be\/es\/#\/schema\/logo\/image\/\",\"url\":\"https:\/\/www.daisho.be\/wp-content\/uploads\/2019\/07\/color-nothing-horizontale4x-e1564486100247.png\",\"contentUrl\":\"https:\/\/www.daisho.be\/wp-content\/uploads\/2019\/07\/color-nothing-horizontale4x-e1564486100247.png\",\"width\":1547,\"height\":385,\"caption\":\"Daisho\"},\"image\":{\"@id\":\"https:\/\/www.daisho.be\/es\/#\/schema\/logo\/image\/\"}}]}<\/script>\n<!-- \/ Yoast SEO plugin. -->","yoast_head_json":{"title":"Pantalones de artes marciales universales en rojo con rayas negras &#8211; Daisho","description":"Descubre unos pantalones universales que se pueden llevar para las salidas diarias o las sesiones de entrenamiento. C\u00f3mpralos en www.daisho.be|Daisho","robots":{"index":"index","follow":"follow","max-snippet":"max-snippet:-1","max-image-preview":"max-image-preview:large","max-video-preview":"max-video-preview:-1"},"canonical":"https:\/\/www.daisho.be\/es\/produit\/pantalones-de-artes-marciales-universales-en-rojo-con-rayas-negras\/","og_locale":"es_ES","og_type":"article","og_title":"Pantalones de artes marciales universales en rojo con rayas negras &#8211; Daisho","og_description":"Descubre unos pantalones universales que se pueden llevar para las salidas diarias o las sesiones de entrenamiento. C\u00f3mpralos en www.daisho.be|Daisho","og_url":"https:\/\/www.daisho.be\/es\/produit\/pantalones-de-artes-marciales-universales-en-rojo-con-rayas-negras\/","og_site_name":"Daisho","article_modified_time":"2025-10-09T12:22:36+00:00","og_image":[{"width":1200,"height":805,"url":"https:\/\/www.daisho.be\/wp-content\/uploads\/2023\/08\/image-48.jpg","type":"image\/jpeg"}],"twitter_card":"summary_large_image","schema":{"@context":"https:\/\/schema.org","@graph":[{"@type":"WebPage","@id":"https:\/\/www.daisho.be\/es\/produit\/pantalones-de-artes-marciales-universales-en-rojo-con-rayas-negras\/","url":"https:\/\/www.daisho.be\/es\/produit\/pantalones-de-artes-marciales-universales-en-rojo-con-rayas-negras\/","name":"Pantalones de artes marciales universales en rojo con rayas negras &#8211; Daisho","isPartOf":{"@id":"https:\/\/www.daisho.be\/es\/#website"},"primaryImageOfPage":{"@id":"https:\/\/www.daisho.be\/es\/produit\/pantalones-de-artes-marciales-universales-en-rojo-con-rayas-negras\/#primaryimage"},"image":{"@id":"https:\/\/www.daisho.be\/es\/produit\/pantalones-de-artes-marciales-universales-en-rojo-con-rayas-negras\/#primaryimage"},"thumbnailUrl":"https:\/\/www.daisho.be\/wp-content\/uploads\/2023\/08\/image-48.jpg","datePublished":"2023-08-14T14:06:11+00:00","dateModified":"2025-10-09T12:22:36+00:00","description":"Descubre unos pantalones universales que se pueden llevar para las salidas diarias o las sesiones de entrenamiento. C\u00f3mpralos en www.daisho.be|Daisho","breadcrumb":{"@id":"https:\/\/www.daisho.be\/es\/produit\/pantalones-de-artes-marciales-universales-en-rojo-con-rayas-negras\/#breadcrumb"},"inLanguage":"es","potentialAction":[{"@type":"ReadAction","target":["https:\/\/www.daisho.be\/es\/produit\/pantalones-de-artes-marciales-universales-en-rojo-con-rayas-negras\/"]}]},{"@type":"ImageObject","inLanguage":"es","@id":"https:\/\/www.daisho.be\/es\/produit\/pantalones-de-artes-marciales-universales-en-rojo-con-rayas-negras\/#primaryimage","url":"https:\/\/www.daisho.be\/wp-content\/uploads\/2023\/08\/image-48.jpg","contentUrl":"https:\/\/www.daisho.be\/wp-content\/uploads\/2023\/08\/image-48.jpg","width":1200,"height":805,"caption":"Pantal\u00f3n universal de artes marciales en rojo con rayas negras-1"},{"@type":"BreadcrumbList","@id":"https:\/\/www.daisho.be\/es\/produit\/pantalones-de-artes-marciales-universales-en-rojo-con-rayas-negras\/#breadcrumb","itemListElement":[{"@type":"ListItem","position":1,"name":"Accueil","item":"https:\/\/www.daisho.be\/es\/"},{"@type":"ListItem","position":2,"name":"Productos","item":"https:\/\/www.daisho.be\/es\/productos\/"},{"@type":"ListItem","position":3,"name":"Equipamiento y ropa para artes marciales y deportes de combate","item":"https:\/\/www.daisho.be\/es\/categorie-produit\/equipamiento-y-ropa-para-artes-marciales-y-deportes-de-combate\/"},{"@type":"ListItem","position":4,"name":"Jujitsu y jiu-jitsu brasile\u00f1os","item":"https:\/\/www.daisho.be\/es\/categorie-produit\/equipamiento-y-ropa-para-artes-marciales-y-deportes-de-combate\/jujitsu-y-jiu-jitsu-brasilenos\/"},{"@type":"ListItem","position":5,"name":"Kimono de Jujitsu","item":"https:\/\/www.daisho.be\/es\/categorie-produit\/equipamiento-y-ropa-para-artes-marciales-y-deportes-de-combate\/jujitsu-y-jiu-jitsu-brasilenos\/kimono-de-jujitsu-es\/"},{"@type":"ListItem","position":6,"name":"Pantalones de artes marciales universales en rojo con rayas negras"}]},{"@type":"WebSite","@id":"https:\/\/www.daisho.be\/es\/#website","url":"https:\/\/www.daisho.be\/es\/","name":"Daisho","description":"Sp&eacute;cialiste de l'&eacute;quipement sportif d'arts martiaux","publisher":{"@id":"https:\/\/www.daisho.be\/es\/#organization"},"potentialAction":[{"@type":"SearchAction","target":{"@type":"EntryPoint","urlTemplate":"https:\/\/www.daisho.be\/es\/?s={search_term_string}"},"query-input":{"@type":"PropertyValueSpecification","valueRequired":true,"valueName":"search_term_string"}}],"inLanguage":"es"},{"@type":"Organization","@id":"https:\/\/www.daisho.be\/es\/#organization","name":"Daisho","url":"https:\/\/www.daisho.be\/es\/","logo":{"@type":"ImageObject","inLanguage":"es","@id":"https:\/\/www.daisho.be\/es\/#\/schema\/logo\/image\/","url":"https:\/\/www.daisho.be\/wp-content\/uploads\/2019\/07\/color-nothing-horizontale4x-e1564486100247.png","contentUrl":"https:\/\/www.daisho.be\/wp-content\/uploads\/2019\/07\/color-nothing-horizontale4x-e1564486100247.png","width":1547,"height":385,"caption":"Daisho"},"image":{"@id":"https:\/\/www.daisho.be\/es\/#\/schema\/logo\/image\/"}}]}},"_links":{"self":[{"href":"https:\/\/www.daisho.be\/es\/wp-json\/wp\/v2\/product\/358767","targetHints":{"allow":["GET"]}}],"collection":[{"href":"https:\/\/www.daisho.be\/es\/wp-json\/wp\/v2\/product"}],"about":[{"href":"https:\/\/www.daisho.be\/es\/wp-json\/wp\/v2\/types\/product"}],"replies":[{"embeddable":true,"href":"https:\/\/www.daisho.be\/es\/wp-json\/wp\/v2\/comments?post=358767"}],"wp:featuredmedia":[{"embeddable":true,"href":"https:\/\/www.daisho.be\/es\/wp-json\/wp\/v2\/media\/338673"}],"wp:attachment":[{"href":"https:\/\/www.daisho.be\/es\/wp-json\/wp\/v2\/media?parent=358767"}],"wp:term":[{"taxonomy":"product_brand","embeddable":true,"href":"https:\/\/www.daisho.be\/es\/wp-json\/wp\/v2\/product_brand?post=358767"},{"taxonomy":"product_cat","embeddable":true,"href":"https:\/\/www.daisho.be\/es\/wp-json\/wp\/v2\/product_cat?post=358767"},{"taxonomy":"product_tag","embeddable":true,"href":"https:\/\/www.daisho.be\/es\/wp-json\/wp\/v2\/product_tag?post=358767"},{"taxonomy":"sport","embeddable":true,"href":"https:\/\/www.daisho.be\/es\/wp-json\/wp\/v2\/sport?post=358767"}],"curies":[{"name":"wp","href":"https:\/\/api.w.org\/{rel}","templated":true}]}}