{"id":358751,"date":"2023-08-04T09:46:01","date_gmt":"2023-08-04T07:46:01","guid":{"rendered":"https:\/\/www.daisho.be\/produit\/tokaido-kanji-wkf-guantes-de-karate-azules-con-pulgar\/"},"modified":"2023-08-04T09:46:01","modified_gmt":"2023-08-04T07:46:01","slug":"tokaido-kanji-wkf-guantes-de-karate-azules-con-pulgar","status":"publish","type":"product","link":"https:\/\/www.daisho.be\/es\/produit\/tokaido-kanji-wkf-guantes-de-karate-azules-con-pulgar\/","title":{"rendered":"TOKAIDO KANJI WKF GUANTES DE KARATE AZULES CON PULGAR"},"content":{"rendered":"<p>Guantes de k\u00e1rate Tokaido ligeros con excelentes propiedades de amortiguaci\u00f3n.<br \/>\nValidado por la WKF.<br \/>\nEl n\u00facleo interno de espuma proporciona una absorci\u00f3n \u00f3ptima de los impactos.<br \/>\nEl revestimiento exterior de piel sint\u00e9tica resistente al agua y al sudor proporciona la estabilidad necesaria.<br \/>\nCon el pulgar<\/p>\n<p>Especificaciones t\u00e9cnicas :<br \/>\n&#8211; Manoplas de k\u00e1rate homologadas por la WKF<br \/>\n&#8211; Concebido para KUMITE<br \/>\n&#8211; apto para la competici\u00f3n<br \/>\n&#8211; en cuero artificial<br \/>\n&#8211; disponible en azul y rojo<\/p>\n","protected":false},"excerpt":{"rendered":"<p>Guantes de k\u00e1rate Tokaido ligeros con excelentes propiedades de amortiguaci\u00f3n. Validado por la WKF. El n\u00facleo interno de espuma proporciona una absorci\u00f3n \u00f3ptima de los impactos. El revestimiento exterior de piel sint\u00e9tica resistente al agua y al sudor proporciona la estabilidad necesaria. Con el pulgar Especificaciones t\u00e9cnicas : &#8211; Manoplas de k\u00e1rate homologadas por la [&hellip;]<\/p>\n","protected":false},"featured_media":338514,"comment_status":"closed","ping_status":"closed","template":"","meta":{"inline_featured_image":false},"product_brand":[],"product_cat":[1363,1361],"product_tag":[1306],"sport":[],"class_list":{"0":"post-358751","1":"product","2":"type-product","3":"status-publish","4":"has-post-thumbnail","6":"product_cat-proteccion-del-karate","7":"product_cat-protecciones","8":"product_tag-tokaido-es","9":"pa_size-s","11":"first","12":"instock","13":"taxable","14":"shipping-taxable","15":"purchasable","16":"product-type-variable"},"yoast_head":"<!-- This site is optimized with the Yoast SEO plugin v27.2 - https:\/\/yoast.com\/product\/yoast-seo-wordpress\/ -->\n<title>TOKAIDO KANJI WKF GUANTES DE KARATE AZULES CON PULGAR &#8211; Daisho<\/title>\n<meta name=\"description\" content=\"Guantes para pulgar ligeros y resistentes fabricados con poliuretano amortiguador y recubiertos de imitaci\u00f3n de piel semirr\u00edgida.\" \/>\n<meta name=\"robots\" content=\"index, follow, max-snippet:-1, max-image-preview:large, max-video-preview:-1\" \/>\n<link rel=\"canonical\" href=\"https:\/\/www.daisho.be\/es\/produit\/tokaido-kanji-wkf-guantes-de-karate-azules-con-pulgar\/\" \/>\n<meta property=\"og:locale\" content=\"es_ES\" \/>\n<meta property=\"og:type\" content=\"article\" \/>\n<meta property=\"og:title\" content=\"TOKAIDO KANJI WKF GUANTES DE KARATE AZULES CON PULGAR &#8211; Daisho\" \/>\n<meta property=\"og:description\" content=\"Guantes para pulgar ligeros y resistentes fabricados con poliuretano amortiguador y recubiertos de imitaci\u00f3n de piel semirr\u00edgida.\" \/>\n<meta property=\"og:url\" content=\"https:\/\/www.daisho.be\/es\/produit\/tokaido-kanji-wkf-guantes-de-karate-azules-con-pulgar\/\" \/>\n<meta property=\"og:site_name\" content=\"Daisho\" \/>\n<meta property=\"og:image\" content=\"https:\/\/www.daisho.be\/wp-content\/uploads\/2023\/08\/image-2.jpg\" \/>\n\t<meta property=\"og:image:width\" content=\"510\" \/>\n\t<meta property=\"og:image:height\" content=\"720\" \/>\n\t<meta property=\"og:image:type\" content=\"image\/jpeg\" \/>\n<meta name=\"twitter:card\" content=\"summary_large_image\" \/>\n<script type=\"application\/ld+json\" class=\"yoast-schema-graph\">{\"@context\":\"https:\/\/schema.org\",\"@graph\":[{\"@type\":\"WebPage\",\"@id\":\"https:\/\/www.daisho.be\/es\/produit\/tokaido-kanji-wkf-guantes-de-karate-azules-con-pulgar\/\",\"url\":\"https:\/\/www.daisho.be\/es\/produit\/tokaido-kanji-wkf-guantes-de-karate-azules-con-pulgar\/\",\"name\":\"TOKAIDO KANJI WKF GUANTES DE KARATE AZULES CON PULGAR &#8211; Daisho\",\"isPartOf\":{\"@id\":\"https:\/\/www.daisho.be\/es\/#website\"},\"primaryImageOfPage\":{\"@id\":\"https:\/\/www.daisho.be\/es\/produit\/tokaido-kanji-wkf-guantes-de-karate-azules-con-pulgar\/#primaryimage\"},\"image\":{\"@id\":\"https:\/\/www.daisho.be\/es\/produit\/tokaido-kanji-wkf-guantes-de-karate-azules-con-pulgar\/#primaryimage\"},\"thumbnailUrl\":\"https:\/\/www.daisho.be\/wp-content\/uploads\/2023\/08\/image-2.jpg\",\"datePublished\":\"2023-08-04T07:46:01+00:00\",\"description\":\"Guantes para pulgar ligeros y resistentes fabricados con poliuretano amortiguador y recubiertos de imitaci\u00f3n de piel semirr\u00edgida.\",\"breadcrumb\":{\"@id\":\"https:\/\/www.daisho.be\/es\/produit\/tokaido-kanji-wkf-guantes-de-karate-azules-con-pulgar\/#breadcrumb\"},\"inLanguage\":\"es\",\"potentialAction\":[{\"@type\":\"ReadAction\",\"target\":[\"https:\/\/www.daisho.be\/es\/produit\/tokaido-kanji-wkf-guantes-de-karate-azules-con-pulgar\/\"]}]},{\"@type\":\"ImageObject\",\"inLanguage\":\"es\",\"@id\":\"https:\/\/www.daisho.be\/es\/produit\/tokaido-kanji-wkf-guantes-de-karate-azules-con-pulgar\/#primaryimage\",\"url\":\"https:\/\/www.daisho.be\/wp-content\/uploads\/2023\/08\/image-2.jpg\",\"contentUrl\":\"https:\/\/www.daisho.be\/wp-content\/uploads\/2023\/08\/image-2.jpg\",\"width\":510,\"height\":720,\"caption\":\"TOKAIDO KANJI WKF GUANTES DE KARATE AZULES CON PULGAR-1\"},{\"@type\":\"BreadcrumbList\",\"@id\":\"https:\/\/www.daisho.be\/es\/produit\/tokaido-kanji-wkf-guantes-de-karate-azules-con-pulgar\/#breadcrumb\",\"itemListElement\":[{\"@type\":\"ListItem\",\"position\":1,\"name\":\"Accueil\",\"item\":\"https:\/\/www.daisho.be\/es\/\"},{\"@type\":\"ListItem\",\"position\":2,\"name\":\"Productos\",\"item\":\"https:\/\/www.daisho.be\/es\/productos\/\"},{\"@type\":\"ListItem\",\"position\":3,\"name\":\"Equipamiento y ropa para artes marciales y deportes de combate\",\"item\":\"https:\/\/www.daisho.be\/es\/categorie-produit\/equipamiento-y-ropa-para-artes-marciales-y-deportes-de-combate\/\"},{\"@type\":\"ListItem\",\"position\":4,\"name\":\"Karate\",\"item\":\"https:\/\/www.daisho.be\/es\/categorie-produit\/equipamiento-y-ropa-para-artes-marciales-y-deportes-de-combate\/karate-es-2\/\"},{\"@type\":\"ListItem\",\"position\":5,\"name\":\"Protecci\u00f3n del k\u00e1rate\",\"item\":\"https:\/\/www.daisho.be\/es\/categorie-produit\/equipamiento-y-ropa-para-artes-marciales-y-deportes-de-combate\/karate-es-2\/proteccion-del-karate\/\"},{\"@type\":\"ListItem\",\"position\":6,\"name\":\"TOKAIDO KANJI WKF GUANTES DE KARATE AZULES CON PULGAR\"}]},{\"@type\":\"WebSite\",\"@id\":\"https:\/\/www.daisho.be\/es\/#website\",\"url\":\"https:\/\/www.daisho.be\/es\/\",\"name\":\"Daisho\",\"description\":\"Sp&eacute;cialiste de l'&eacute;quipement sportif d'arts martiaux\",\"publisher\":{\"@id\":\"https:\/\/www.daisho.be\/es\/#organization\"},\"potentialAction\":[{\"@type\":\"SearchAction\",\"target\":{\"@type\":\"EntryPoint\",\"urlTemplate\":\"https:\/\/www.daisho.be\/es\/?s={search_term_string}\"},\"query-input\":{\"@type\":\"PropertyValueSpecification\",\"valueRequired\":true,\"valueName\":\"search_term_string\"}}],\"inLanguage\":\"es\"},{\"@type\":\"Organization\",\"@id\":\"https:\/\/www.daisho.be\/es\/#organization\",\"name\":\"Daisho\",\"url\":\"https:\/\/www.daisho.be\/es\/\",\"logo\":{\"@type\":\"ImageObject\",\"inLanguage\":\"es\",\"@id\":\"https:\/\/www.daisho.be\/es\/#\/schema\/logo\/image\/\",\"url\":\"https:\/\/www.daisho.be\/wp-content\/uploads\/2019\/07\/color-nothing-horizontale4x-e1564486100247.png\",\"contentUrl\":\"https:\/\/www.daisho.be\/wp-content\/uploads\/2019\/07\/color-nothing-horizontale4x-e1564486100247.png\",\"width\":1547,\"height\":385,\"caption\":\"Daisho\"},\"image\":{\"@id\":\"https:\/\/www.daisho.be\/es\/#\/schema\/logo\/image\/\"}}]}<\/script>\n<!-- \/ Yoast SEO plugin. -->","yoast_head_json":{"title":"TOKAIDO KANJI WKF GUANTES DE KARATE AZULES CON PULGAR &#8211; Daisho","description":"Guantes para pulgar ligeros y resistentes fabricados con poliuretano amortiguador y recubiertos de imitaci\u00f3n de piel semirr\u00edgida.","robots":{"index":"index","follow":"follow","max-snippet":"max-snippet:-1","max-image-preview":"max-image-preview:large","max-video-preview":"max-video-preview:-1"},"canonical":"https:\/\/www.daisho.be\/es\/produit\/tokaido-kanji-wkf-guantes-de-karate-azules-con-pulgar\/","og_locale":"es_ES","og_type":"article","og_title":"TOKAIDO KANJI WKF GUANTES DE KARATE AZULES CON PULGAR &#8211; Daisho","og_description":"Guantes para pulgar ligeros y resistentes fabricados con poliuretano amortiguador y recubiertos de imitaci\u00f3n de piel semirr\u00edgida.","og_url":"https:\/\/www.daisho.be\/es\/produit\/tokaido-kanji-wkf-guantes-de-karate-azules-con-pulgar\/","og_site_name":"Daisho","og_image":[{"width":510,"height":720,"url":"https:\/\/www.daisho.be\/wp-content\/uploads\/2023\/08\/image-2.jpg","type":"image\/jpeg"}],"twitter_card":"summary_large_image","schema":{"@context":"https:\/\/schema.org","@graph":[{"@type":"WebPage","@id":"https:\/\/www.daisho.be\/es\/produit\/tokaido-kanji-wkf-guantes-de-karate-azules-con-pulgar\/","url":"https:\/\/www.daisho.be\/es\/produit\/tokaido-kanji-wkf-guantes-de-karate-azules-con-pulgar\/","name":"TOKAIDO KANJI WKF GUANTES DE KARATE AZULES CON PULGAR &#8211; Daisho","isPartOf":{"@id":"https:\/\/www.daisho.be\/es\/#website"},"primaryImageOfPage":{"@id":"https:\/\/www.daisho.be\/es\/produit\/tokaido-kanji-wkf-guantes-de-karate-azules-con-pulgar\/#primaryimage"},"image":{"@id":"https:\/\/www.daisho.be\/es\/produit\/tokaido-kanji-wkf-guantes-de-karate-azules-con-pulgar\/#primaryimage"},"thumbnailUrl":"https:\/\/www.daisho.be\/wp-content\/uploads\/2023\/08\/image-2.jpg","datePublished":"2023-08-04T07:46:01+00:00","description":"Guantes para pulgar ligeros y resistentes fabricados con poliuretano amortiguador y recubiertos de imitaci\u00f3n de piel semirr\u00edgida.","breadcrumb":{"@id":"https:\/\/www.daisho.be\/es\/produit\/tokaido-kanji-wkf-guantes-de-karate-azules-con-pulgar\/#breadcrumb"},"inLanguage":"es","potentialAction":[{"@type":"ReadAction","target":["https:\/\/www.daisho.be\/es\/produit\/tokaido-kanji-wkf-guantes-de-karate-azules-con-pulgar\/"]}]},{"@type":"ImageObject","inLanguage":"es","@id":"https:\/\/www.daisho.be\/es\/produit\/tokaido-kanji-wkf-guantes-de-karate-azules-con-pulgar\/#primaryimage","url":"https:\/\/www.daisho.be\/wp-content\/uploads\/2023\/08\/image-2.jpg","contentUrl":"https:\/\/www.daisho.be\/wp-content\/uploads\/2023\/08\/image-2.jpg","width":510,"height":720,"caption":"TOKAIDO KANJI WKF GUANTES DE KARATE AZULES CON PULGAR-1"},{"@type":"BreadcrumbList","@id":"https:\/\/www.daisho.be\/es\/produit\/tokaido-kanji-wkf-guantes-de-karate-azules-con-pulgar\/#breadcrumb","itemListElement":[{"@type":"ListItem","position":1,"name":"Accueil","item":"https:\/\/www.daisho.be\/es\/"},{"@type":"ListItem","position":2,"name":"Productos","item":"https:\/\/www.daisho.be\/es\/productos\/"},{"@type":"ListItem","position":3,"name":"Equipamiento y ropa para artes marciales y deportes de combate","item":"https:\/\/www.daisho.be\/es\/categorie-produit\/equipamiento-y-ropa-para-artes-marciales-y-deportes-de-combate\/"},{"@type":"ListItem","position":4,"name":"Karate","item":"https:\/\/www.daisho.be\/es\/categorie-produit\/equipamiento-y-ropa-para-artes-marciales-y-deportes-de-combate\/karate-es-2\/"},{"@type":"ListItem","position":5,"name":"Protecci\u00f3n del k\u00e1rate","item":"https:\/\/www.daisho.be\/es\/categorie-produit\/equipamiento-y-ropa-para-artes-marciales-y-deportes-de-combate\/karate-es-2\/proteccion-del-karate\/"},{"@type":"ListItem","position":6,"name":"TOKAIDO KANJI WKF GUANTES DE KARATE AZULES CON PULGAR"}]},{"@type":"WebSite","@id":"https:\/\/www.daisho.be\/es\/#website","url":"https:\/\/www.daisho.be\/es\/","name":"Daisho","description":"Sp&eacute;cialiste de l'&eacute;quipement sportif d'arts martiaux","publisher":{"@id":"https:\/\/www.daisho.be\/es\/#organization"},"potentialAction":[{"@type":"SearchAction","target":{"@type":"EntryPoint","urlTemplate":"https:\/\/www.daisho.be\/es\/?s={search_term_string}"},"query-input":{"@type":"PropertyValueSpecification","valueRequired":true,"valueName":"search_term_string"}}],"inLanguage":"es"},{"@type":"Organization","@id":"https:\/\/www.daisho.be\/es\/#organization","name":"Daisho","url":"https:\/\/www.daisho.be\/es\/","logo":{"@type":"ImageObject","inLanguage":"es","@id":"https:\/\/www.daisho.be\/es\/#\/schema\/logo\/image\/","url":"https:\/\/www.daisho.be\/wp-content\/uploads\/2019\/07\/color-nothing-horizontale4x-e1564486100247.png","contentUrl":"https:\/\/www.daisho.be\/wp-content\/uploads\/2019\/07\/color-nothing-horizontale4x-e1564486100247.png","width":1547,"height":385,"caption":"Daisho"},"image":{"@id":"https:\/\/www.daisho.be\/es\/#\/schema\/logo\/image\/"}}]}},"_links":{"self":[{"href":"https:\/\/www.daisho.be\/es\/wp-json\/wp\/v2\/product\/358751","targetHints":{"allow":["GET"]}}],"collection":[{"href":"https:\/\/www.daisho.be\/es\/wp-json\/wp\/v2\/product"}],"about":[{"href":"https:\/\/www.daisho.be\/es\/wp-json\/wp\/v2\/types\/product"}],"replies":[{"embeddable":true,"href":"https:\/\/www.daisho.be\/es\/wp-json\/wp\/v2\/comments?post=358751"}],"wp:featuredmedia":[{"embeddable":true,"href":"https:\/\/www.daisho.be\/es\/wp-json\/wp\/v2\/media\/338514"}],"wp:attachment":[{"href":"https:\/\/www.daisho.be\/es\/wp-json\/wp\/v2\/media?parent=358751"}],"wp:term":[{"taxonomy":"product_brand","embeddable":true,"href":"https:\/\/www.daisho.be\/es\/wp-json\/wp\/v2\/product_brand?post=358751"},{"taxonomy":"product_cat","embeddable":true,"href":"https:\/\/www.daisho.be\/es\/wp-json\/wp\/v2\/product_cat?post=358751"},{"taxonomy":"product_tag","embeddable":true,"href":"https:\/\/www.daisho.be\/es\/wp-json\/wp\/v2\/product_tag?post=358751"},{"taxonomy":"sport","embeddable":true,"href":"https:\/\/www.daisho.be\/es\/wp-json\/wp\/v2\/sport?post=358751"}],"curies":[{"name":"wp","href":"https:\/\/api.w.org\/{rel}","templated":true}]}}