{"id":358354,"date":"2021-07-18T11:43:52","date_gmt":"2021-07-18T09:43:52","guid":{"rendered":"https:\/\/www.daisho.be\/produit\/adidas-fender-heavy-straight\/"},"modified":"2025-10-09T14:06:42","modified_gmt":"2025-10-09T12:06:42","slug":"adidas-fender-heavy-straight","status":"publish","type":"product","link":"https:\/\/www.daisho.be\/es\/produit\/adidas-fender-heavy-straight\/","title":{"rendered":"adidas Fender Heavy Straight"},"content":{"rendered":"<p>Este coj\u00edn est\u00e1 fabricado con piel artificial, que es muy resistente y duradera. Tiene correas de nailon en la parte posterior para sujetar el coj\u00edn de forma segura. El acolchado es de espuma de poli\u00e9ter extrafuerte de 2,2 kg de peso, que garantiza que el coj\u00edn de patada no cree vac\u00edo, sino que reduzca al m\u00ednimo las patadas y los pu\u00f1etazos. Tambi\u00e9n hay orificios de ventilaci\u00f3n para que el aire expulsado del coj\u00edn pueda salir correctamente y el coj\u00edn no se rompa. La espuma extrapesada garantiza que incluso los pesos m\u00e1s pesados no rompan el coj\u00edn. Todo esto junto hace que el entrenamiento sea muy c\u00f3modo. Este coj\u00edn es ideal para practicar tus pu\u00f1etazos y patadas, ya sea del lado de tu entrenador o de tu compa\u00f1ero de entrenamiento. Acabado con cremallera en la parte inferior.<x id=\"gid_0\"><\/x>Esta colchoneta para pu\u00f1etazos y patadas es adecuada para todos los artistas marciales. Tanto para entrenadores como para alumnos.<br \/>\nVentajas: &#8211; robusta y duradera &#8211; tanto para profesionales como para aficionados &#8211; buena capacidad de absorci\u00f3n &#8211; segura para manos y pies &#8211; buen agarre gracias a las resistentes correas        <\/p>\n","protected":false},"excerpt":{"rendered":"<p>Este coj\u00edn est\u00e1 fabricado con piel artificial, que es muy resistente y duradera. Tiene correas de nailon en la parte posterior para sujetar el coj\u00edn de forma segura. El acolchado es de espuma de poli\u00e9ter extrafuerte de 2,2 kg de peso, que garantiza que el coj\u00edn de patada no cree vac\u00edo, sino que reduzca al [&hellip;]<\/p>\n","protected":false},"featured_media":325138,"comment_status":"open","ping_status":"closed","template":"","meta":{"inline_featured_image":false},"product_brand":[],"product_cat":[1632,1634],"product_tag":[1560],"sport":[],"class_list":{"0":"post-358354","1":"product","2":"type-product","3":"status-publish","4":"has-post-thumbnail","6":"product_cat-sacos-de-boxeo-y-accesorios-de-entrenamiento","7":"product_cat-sacos-de-boxeo-y-accesorios-de-entrenamiento-es","8":"product_tag-adidas-es","9":"pa_size-sans-taille-defaut","11":"first","12":"outofstock","13":"taxable","14":"shipping-taxable","15":"product-type-variable"},"yoast_head":"<!-- This site is optimized with the Yoast SEO plugin v27.2 - https:\/\/yoast.com\/product\/yoast-seo-wordpress\/ -->\n<title>adidas Fender Heavy Straight &#8211; Daisho<\/title>\n<meta name=\"description\" content=\"La Adidas fender heavy es una almohadilla para patadas duradera y resistente porque est\u00e1 hecha de cuero. C\u00f3mpralo en www.daisho.be|Daisho\" \/>\n<meta name=\"robots\" content=\"index, follow, max-snippet:-1, max-image-preview:large, max-video-preview:-1\" \/>\n<link rel=\"canonical\" href=\"https:\/\/www.daisho.be\/es\/produit\/adidas-fender-heavy-straight\/\" \/>\n<meta property=\"og:locale\" content=\"es_ES\" \/>\n<meta property=\"og:type\" content=\"article\" \/>\n<meta property=\"og:title\" content=\"adidas Fender Heavy Straight &#8211; Daisho\" \/>\n<meta property=\"og:description\" content=\"La Adidas fender heavy es una almohadilla para patadas duradera y resistente porque est\u00e1 hecha de cuero. C\u00f3mpralo en www.daisho.be|Daisho\" \/>\n<meta property=\"og:url\" content=\"https:\/\/www.daisho.be\/es\/produit\/adidas-fender-heavy-straight\/\" \/>\n<meta property=\"og:site_name\" content=\"Daisho\" \/>\n<meta property=\"article:modified_time\" content=\"2025-10-09T12:06:42+00:00\" \/>\n<meta property=\"og:image\" content=\"https:\/\/www.daisho.be\/wp-content\/uploads\/2021\/07\/image-1.png\" \/>\n\t<meta property=\"og:image:width\" content=\"650\" \/>\n\t<meta property=\"og:image:height\" content=\"650\" \/>\n\t<meta property=\"og:image:type\" content=\"image\/png\" \/>\n<meta name=\"twitter:card\" content=\"summary_large_image\" \/>\n<meta name=\"twitter:label1\" content=\"Tiempo de lectura\" \/>\n\t<meta name=\"twitter:data1\" content=\"1 minuto\" \/>\n<script type=\"application\/ld+json\" class=\"yoast-schema-graph\">{\"@context\":\"https:\/\/schema.org\",\"@graph\":[{\"@type\":\"WebPage\",\"@id\":\"https:\/\/www.daisho.be\/es\/produit\/adidas-fender-heavy-straight\/\",\"url\":\"https:\/\/www.daisho.be\/es\/produit\/adidas-fender-heavy-straight\/\",\"name\":\"adidas Fender Heavy Straight &#8211; Daisho\",\"isPartOf\":{\"@id\":\"https:\/\/www.daisho.be\/es\/#website\"},\"primaryImageOfPage\":{\"@id\":\"https:\/\/www.daisho.be\/es\/produit\/adidas-fender-heavy-straight\/#primaryimage\"},\"image\":{\"@id\":\"https:\/\/www.daisho.be\/es\/produit\/adidas-fender-heavy-straight\/#primaryimage\"},\"thumbnailUrl\":\"https:\/\/www.daisho.be\/wp-content\/uploads\/2021\/07\/image-1.png\",\"datePublished\":\"2021-07-18T09:43:52+00:00\",\"dateModified\":\"2025-10-09T12:06:42+00:00\",\"description\":\"La Adidas fender heavy es una almohadilla para patadas duradera y resistente porque est\u00e1 hecha de cuero. C\u00f3mpralo en www.daisho.be|Daisho\",\"breadcrumb\":{\"@id\":\"https:\/\/www.daisho.be\/es\/produit\/adidas-fender-heavy-straight\/#breadcrumb\"},\"inLanguage\":\"es\",\"potentialAction\":[{\"@type\":\"ReadAction\",\"target\":[\"https:\/\/www.daisho.be\/es\/produit\/adidas-fender-heavy-straight\/\"]}]},{\"@type\":\"ImageObject\",\"inLanguage\":\"es\",\"@id\":\"https:\/\/www.daisho.be\/es\/produit\/adidas-fender-heavy-straight\/#primaryimage\",\"url\":\"https:\/\/www.daisho.be\/wp-content\/uploads\/2021\/07\/image-1.png\",\"contentUrl\":\"https:\/\/www.daisho.be\/wp-content\/uploads\/2021\/07\/image-1.png\",\"width\":650,\"height\":650,\"caption\":\"adidas Fender Heavy Straight-1\"},{\"@type\":\"BreadcrumbList\",\"@id\":\"https:\/\/www.daisho.be\/es\/produit\/adidas-fender-heavy-straight\/#breadcrumb\",\"itemListElement\":[{\"@type\":\"ListItem\",\"position\":1,\"name\":\"Accueil\",\"item\":\"https:\/\/www.daisho.be\/es\/\"},{\"@type\":\"ListItem\",\"position\":2,\"name\":\"Productos\",\"item\":\"https:\/\/www.daisho.be\/es\/productos\/\"},{\"@type\":\"ListItem\",\"position\":3,\"name\":\"ADIDAS COMBAT SPORTS\",\"item\":\"https:\/\/www.daisho.be\/es\/categorie-produit\/adidas-combat-sports-es\/\"},{\"@type\":\"ListItem\",\"position\":4,\"name\":\"MMA\",\"item\":\"https:\/\/www.daisho.be\/es\/categorie-produit\/adidas-combat-sports-es\/mma-es-2\/\"},{\"@type\":\"ListItem\",\"position\":5,\"name\":\"Sacos de boxeo y accesorios de entrenamiento\",\"item\":\"https:\/\/www.daisho.be\/es\/categorie-produit\/adidas-combat-sports-es\/mma-es-2\/sacos-de-boxeo-y-accesorios-de-entrenamiento\/\"},{\"@type\":\"ListItem\",\"position\":6,\"name\":\"adidas Fender Heavy Straight\"}]},{\"@type\":\"WebSite\",\"@id\":\"https:\/\/www.daisho.be\/es\/#website\",\"url\":\"https:\/\/www.daisho.be\/es\/\",\"name\":\"Daisho\",\"description\":\"Sp&eacute;cialiste de l'&eacute;quipement sportif d'arts martiaux\",\"publisher\":{\"@id\":\"https:\/\/www.daisho.be\/es\/#organization\"},\"potentialAction\":[{\"@type\":\"SearchAction\",\"target\":{\"@type\":\"EntryPoint\",\"urlTemplate\":\"https:\/\/www.daisho.be\/es\/?s={search_term_string}\"},\"query-input\":{\"@type\":\"PropertyValueSpecification\",\"valueRequired\":true,\"valueName\":\"search_term_string\"}}],\"inLanguage\":\"es\"},{\"@type\":\"Organization\",\"@id\":\"https:\/\/www.daisho.be\/es\/#organization\",\"name\":\"Daisho\",\"url\":\"https:\/\/www.daisho.be\/es\/\",\"logo\":{\"@type\":\"ImageObject\",\"inLanguage\":\"es\",\"@id\":\"https:\/\/www.daisho.be\/es\/#\/schema\/logo\/image\/\",\"url\":\"https:\/\/www.daisho.be\/wp-content\/uploads\/2019\/07\/color-nothing-horizontale4x-e1564486100247.png\",\"contentUrl\":\"https:\/\/www.daisho.be\/wp-content\/uploads\/2019\/07\/color-nothing-horizontale4x-e1564486100247.png\",\"width\":1547,\"height\":385,\"caption\":\"Daisho\"},\"image\":{\"@id\":\"https:\/\/www.daisho.be\/es\/#\/schema\/logo\/image\/\"}}]}<\/script>\n<!-- \/ Yoast SEO plugin. -->","yoast_head_json":{"title":"adidas Fender Heavy Straight &#8211; Daisho","description":"La Adidas fender heavy es una almohadilla para patadas duradera y resistente porque est\u00e1 hecha de cuero. C\u00f3mpralo en www.daisho.be|Daisho","robots":{"index":"index","follow":"follow","max-snippet":"max-snippet:-1","max-image-preview":"max-image-preview:large","max-video-preview":"max-video-preview:-1"},"canonical":"https:\/\/www.daisho.be\/es\/produit\/adidas-fender-heavy-straight\/","og_locale":"es_ES","og_type":"article","og_title":"adidas Fender Heavy Straight &#8211; Daisho","og_description":"La Adidas fender heavy es una almohadilla para patadas duradera y resistente porque est\u00e1 hecha de cuero. C\u00f3mpralo en www.daisho.be|Daisho","og_url":"https:\/\/www.daisho.be\/es\/produit\/adidas-fender-heavy-straight\/","og_site_name":"Daisho","article_modified_time":"2025-10-09T12:06:42+00:00","og_image":[{"width":650,"height":650,"url":"https:\/\/www.daisho.be\/wp-content\/uploads\/2021\/07\/image-1.png","type":"image\/png"}],"twitter_card":"summary_large_image","twitter_misc":{"Tiempo de lectura":"1 minuto"},"schema":{"@context":"https:\/\/schema.org","@graph":[{"@type":"WebPage","@id":"https:\/\/www.daisho.be\/es\/produit\/adidas-fender-heavy-straight\/","url":"https:\/\/www.daisho.be\/es\/produit\/adidas-fender-heavy-straight\/","name":"adidas Fender Heavy Straight &#8211; Daisho","isPartOf":{"@id":"https:\/\/www.daisho.be\/es\/#website"},"primaryImageOfPage":{"@id":"https:\/\/www.daisho.be\/es\/produit\/adidas-fender-heavy-straight\/#primaryimage"},"image":{"@id":"https:\/\/www.daisho.be\/es\/produit\/adidas-fender-heavy-straight\/#primaryimage"},"thumbnailUrl":"https:\/\/www.daisho.be\/wp-content\/uploads\/2021\/07\/image-1.png","datePublished":"2021-07-18T09:43:52+00:00","dateModified":"2025-10-09T12:06:42+00:00","description":"La Adidas fender heavy es una almohadilla para patadas duradera y resistente porque est\u00e1 hecha de cuero. C\u00f3mpralo en www.daisho.be|Daisho","breadcrumb":{"@id":"https:\/\/www.daisho.be\/es\/produit\/adidas-fender-heavy-straight\/#breadcrumb"},"inLanguage":"es","potentialAction":[{"@type":"ReadAction","target":["https:\/\/www.daisho.be\/es\/produit\/adidas-fender-heavy-straight\/"]}]},{"@type":"ImageObject","inLanguage":"es","@id":"https:\/\/www.daisho.be\/es\/produit\/adidas-fender-heavy-straight\/#primaryimage","url":"https:\/\/www.daisho.be\/wp-content\/uploads\/2021\/07\/image-1.png","contentUrl":"https:\/\/www.daisho.be\/wp-content\/uploads\/2021\/07\/image-1.png","width":650,"height":650,"caption":"adidas Fender Heavy Straight-1"},{"@type":"BreadcrumbList","@id":"https:\/\/www.daisho.be\/es\/produit\/adidas-fender-heavy-straight\/#breadcrumb","itemListElement":[{"@type":"ListItem","position":1,"name":"Accueil","item":"https:\/\/www.daisho.be\/es\/"},{"@type":"ListItem","position":2,"name":"Productos","item":"https:\/\/www.daisho.be\/es\/productos\/"},{"@type":"ListItem","position":3,"name":"ADIDAS COMBAT SPORTS","item":"https:\/\/www.daisho.be\/es\/categorie-produit\/adidas-combat-sports-es\/"},{"@type":"ListItem","position":4,"name":"MMA","item":"https:\/\/www.daisho.be\/es\/categorie-produit\/adidas-combat-sports-es\/mma-es-2\/"},{"@type":"ListItem","position":5,"name":"Sacos de boxeo y accesorios de entrenamiento","item":"https:\/\/www.daisho.be\/es\/categorie-produit\/adidas-combat-sports-es\/mma-es-2\/sacos-de-boxeo-y-accesorios-de-entrenamiento\/"},{"@type":"ListItem","position":6,"name":"adidas Fender Heavy Straight"}]},{"@type":"WebSite","@id":"https:\/\/www.daisho.be\/es\/#website","url":"https:\/\/www.daisho.be\/es\/","name":"Daisho","description":"Sp&eacute;cialiste de l'&eacute;quipement sportif d'arts martiaux","publisher":{"@id":"https:\/\/www.daisho.be\/es\/#organization"},"potentialAction":[{"@type":"SearchAction","target":{"@type":"EntryPoint","urlTemplate":"https:\/\/www.daisho.be\/es\/?s={search_term_string}"},"query-input":{"@type":"PropertyValueSpecification","valueRequired":true,"valueName":"search_term_string"}}],"inLanguage":"es"},{"@type":"Organization","@id":"https:\/\/www.daisho.be\/es\/#organization","name":"Daisho","url":"https:\/\/www.daisho.be\/es\/","logo":{"@type":"ImageObject","inLanguage":"es","@id":"https:\/\/www.daisho.be\/es\/#\/schema\/logo\/image\/","url":"https:\/\/www.daisho.be\/wp-content\/uploads\/2019\/07\/color-nothing-horizontale4x-e1564486100247.png","contentUrl":"https:\/\/www.daisho.be\/wp-content\/uploads\/2019\/07\/color-nothing-horizontale4x-e1564486100247.png","width":1547,"height":385,"caption":"Daisho"},"image":{"@id":"https:\/\/www.daisho.be\/es\/#\/schema\/logo\/image\/"}}]}},"_links":{"self":[{"href":"https:\/\/www.daisho.be\/es\/wp-json\/wp\/v2\/product\/358354","targetHints":{"allow":["GET"]}}],"collection":[{"href":"https:\/\/www.daisho.be\/es\/wp-json\/wp\/v2\/product"}],"about":[{"href":"https:\/\/www.daisho.be\/es\/wp-json\/wp\/v2\/types\/product"}],"replies":[{"embeddable":true,"href":"https:\/\/www.daisho.be\/es\/wp-json\/wp\/v2\/comments?post=358354"}],"wp:featuredmedia":[{"embeddable":true,"href":"https:\/\/www.daisho.be\/es\/wp-json\/wp\/v2\/media\/325138"}],"wp:attachment":[{"href":"https:\/\/www.daisho.be\/es\/wp-json\/wp\/v2\/media?parent=358354"}],"wp:term":[{"taxonomy":"product_brand","embeddable":true,"href":"https:\/\/www.daisho.be\/es\/wp-json\/wp\/v2\/product_brand?post=358354"},{"taxonomy":"product_cat","embeddable":true,"href":"https:\/\/www.daisho.be\/es\/wp-json\/wp\/v2\/product_cat?post=358354"},{"taxonomy":"product_tag","embeddable":true,"href":"https:\/\/www.daisho.be\/es\/wp-json\/wp\/v2\/product_tag?post=358354"},{"taxonomy":"sport","embeddable":true,"href":"https:\/\/www.daisho.be\/es\/wp-json\/wp\/v2\/sport?post=358354"}],"curies":[{"name":"wp","href":"https:\/\/api.w.org\/{rel}","templated":true}]}}