{"id":358332,"date":"2021-07-18T11:44:45","date_gmt":"2021-07-18T09:44:45","guid":{"rendered":"https:\/\/www.daisho.be\/produit\/guantes-adidas-traditional-grappling-negro-azul\/"},"modified":"2025-10-09T14:05:39","modified_gmt":"2025-10-09T12:05:39","slug":"guantes-adidas-traditional-grappling-negro-azul","status":"publish","type":"product","link":"https:\/\/www.daisho.be\/es\/produit\/guantes-adidas-traditional-grappling-negro-azul\/","title":{"rendered":"Guantes adidas Traditional Grappling negro azul"},"content":{"rendered":"<p>Este guante de MMA est\u00e1 fabricado en piel sint\u00e9tica de alta calidad. El cierre de velcro es de PU. El acolchado es de espuma EVA, que rebota bien. El interior est\u00e1 forrado con un material de secado r\u00e1pido para mayor comodidad y durabilidad.<br \/>\nEste guante de MMA es adecuado para MMA y Freefight, as\u00ed como para entrenamiento con saco y almohadilla.<br \/>\nVentajas: &#8211; Cierre de velcro &#8211; Ajuste perfecto &#8211; Muy seguro &#8211; Acolchado de EVA<\/p>\n","protected":false},"excerpt":{"rendered":"<p>Este guante de MMA est\u00e1 fabricado en piel sint\u00e9tica de alta calidad. El cierre de velcro es de PU. El acolchado es de espuma EVA, que rebota bien. El interior est\u00e1 forrado con un material de secado r\u00e1pido para mayor comodidad y durabilidad. Este guante de MMA es adecuado para MMA y Freefight, as\u00ed como [&hellip;]<\/p>\n","protected":false},"featured_media":339687,"comment_status":"open","ping_status":"closed","template":"","meta":{"inline_featured_image":false},"product_brand":[],"product_cat":[1595],"product_tag":[1560],"sport":[],"class_list":{"0":"post-358332","1":"product","2":"type-product","3":"status-publish","4":"has-post-thumbnail","6":"product_cat-almohadillas-adidas-para-mma","7":"product_tag-adidas-es","8":"pa_size-xl","10":"first","11":"instock","12":"taxable","13":"shipping-taxable","14":"purchasable","15":"product-type-variable"},"yoast_head":"<!-- This site is optimized with the Yoast SEO plugin v27.2 - https:\/\/yoast.com\/product\/yoast-seo-wordpress\/ -->\n<title>Guantes adidas Traditional Grappling negro azul &#8211; Daisho<\/title>\n<meta name=\"description\" content=\"Descubre los guantes tradicionales de MMA, robustos y duraderos gracias a sus dise\u00f1os de cuero. C\u00f3mpralos en www.daisho.be|Daisho\" \/>\n<meta name=\"robots\" content=\"index, follow, max-snippet:-1, max-image-preview:large, max-video-preview:-1\" \/>\n<link rel=\"canonical\" href=\"https:\/\/www.daisho.be\/es\/produit\/guantes-adidas-traditional-grappling-negro-azul\/\" \/>\n<meta property=\"og:locale\" content=\"es_ES\" \/>\n<meta property=\"og:type\" content=\"article\" \/>\n<meta property=\"og:title\" content=\"Guantes adidas Traditional Grappling negro azul &#8211; Daisho\" \/>\n<meta property=\"og:description\" content=\"Descubre los guantes tradicionales de MMA, robustos y duraderos gracias a sus dise\u00f1os de cuero. C\u00f3mpralos en www.daisho.be|Daisho\" \/>\n<meta property=\"og:url\" content=\"https:\/\/www.daisho.be\/es\/produit\/guantes-adidas-traditional-grappling-negro-azul\/\" \/>\n<meta property=\"og:site_name\" content=\"Daisho\" \/>\n<meta property=\"article:modified_time\" content=\"2025-10-09T12:05:39+00:00\" \/>\n<meta property=\"og:image\" content=\"https:\/\/www.daisho.be\/wp-content\/uploads\/2023\/11\/image-160.jpg\" \/>\n\t<meta property=\"og:image:width\" content=\"650\" \/>\n\t<meta property=\"og:image:height\" content=\"650\" \/>\n\t<meta property=\"og:image:type\" content=\"image\/jpeg\" \/>\n<meta name=\"twitter:card\" content=\"summary_large_image\" \/>\n<script type=\"application\/ld+json\" class=\"yoast-schema-graph\">{\"@context\":\"https:\/\/schema.org\",\"@graph\":[{\"@type\":\"WebPage\",\"@id\":\"https:\/\/www.daisho.be\/es\/produit\/guantes-adidas-traditional-grappling-negro-azul\/\",\"url\":\"https:\/\/www.daisho.be\/es\/produit\/guantes-adidas-traditional-grappling-negro-azul\/\",\"name\":\"Guantes adidas Traditional Grappling negro azul &#8211; Daisho\",\"isPartOf\":{\"@id\":\"https:\/\/www.daisho.be\/es\/#website\"},\"primaryImageOfPage\":{\"@id\":\"https:\/\/www.daisho.be\/es\/produit\/guantes-adidas-traditional-grappling-negro-azul\/#primaryimage\"},\"image\":{\"@id\":\"https:\/\/www.daisho.be\/es\/produit\/guantes-adidas-traditional-grappling-negro-azul\/#primaryimage\"},\"thumbnailUrl\":\"https:\/\/www.daisho.be\/wp-content\/uploads\/2023\/11\/image-160.jpg\",\"datePublished\":\"2021-07-18T09:44:45+00:00\",\"dateModified\":\"2025-10-09T12:05:39+00:00\",\"description\":\"Descubre los guantes tradicionales de MMA, robustos y duraderos gracias a sus dise\u00f1os de cuero. C\u00f3mpralos en www.daisho.be|Daisho\",\"breadcrumb\":{\"@id\":\"https:\/\/www.daisho.be\/es\/produit\/guantes-adidas-traditional-grappling-negro-azul\/#breadcrumb\"},\"inLanguage\":\"es\",\"potentialAction\":[{\"@type\":\"ReadAction\",\"target\":[\"https:\/\/www.daisho.be\/es\/produit\/guantes-adidas-traditional-grappling-negro-azul\/\"]}]},{\"@type\":\"ImageObject\",\"inLanguage\":\"es\",\"@id\":\"https:\/\/www.daisho.be\/es\/produit\/guantes-adidas-traditional-grappling-negro-azul\/#primaryimage\",\"url\":\"https:\/\/www.daisho.be\/wp-content\/uploads\/2023\/11\/image-160.jpg\",\"contentUrl\":\"https:\/\/www.daisho.be\/wp-content\/uploads\/2023\/11\/image-160.jpg\",\"width\":650,\"height\":650,\"caption\":\"Guantes adidas Traditional Grappling negro azul-1\"},{\"@type\":\"BreadcrumbList\",\"@id\":\"https:\/\/www.daisho.be\/es\/produit\/guantes-adidas-traditional-grappling-negro-azul\/#breadcrumb\",\"itemListElement\":[{\"@type\":\"ListItem\",\"position\":1,\"name\":\"Accueil\",\"item\":\"https:\/\/www.daisho.be\/es\/\"},{\"@type\":\"ListItem\",\"position\":2,\"name\":\"Productos\",\"item\":\"https:\/\/www.daisho.be\/es\/productos\/\"},{\"@type\":\"ListItem\",\"position\":3,\"name\":\"ADIDAS COMBAT SPORTS\",\"item\":\"https:\/\/www.daisho.be\/es\/categorie-produit\/adidas-combat-sports-es\/\"},{\"@type\":\"ListItem\",\"position\":4,\"name\":\"MMA\",\"item\":\"https:\/\/www.daisho.be\/es\/categorie-produit\/adidas-combat-sports-es\/mma-es-2\/\"},{\"@type\":\"ListItem\",\"position\":5,\"name\":\"Almohadillas Adidas para MMA\",\"item\":\"https:\/\/www.daisho.be\/es\/categorie-produit\/adidas-combat-sports-es\/mma-es-2\/almohadillas-adidas-para-mma\/\"},{\"@type\":\"ListItem\",\"position\":6,\"name\":\"Guantes adidas Traditional Grappling negro azul\"}]},{\"@type\":\"WebSite\",\"@id\":\"https:\/\/www.daisho.be\/es\/#website\",\"url\":\"https:\/\/www.daisho.be\/es\/\",\"name\":\"Daisho\",\"description\":\"Sp&eacute;cialiste de l'&eacute;quipement sportif d'arts martiaux\",\"publisher\":{\"@id\":\"https:\/\/www.daisho.be\/es\/#organization\"},\"potentialAction\":[{\"@type\":\"SearchAction\",\"target\":{\"@type\":\"EntryPoint\",\"urlTemplate\":\"https:\/\/www.daisho.be\/es\/?s={search_term_string}\"},\"query-input\":{\"@type\":\"PropertyValueSpecification\",\"valueRequired\":true,\"valueName\":\"search_term_string\"}}],\"inLanguage\":\"es\"},{\"@type\":\"Organization\",\"@id\":\"https:\/\/www.daisho.be\/es\/#organization\",\"name\":\"Daisho\",\"url\":\"https:\/\/www.daisho.be\/es\/\",\"logo\":{\"@type\":\"ImageObject\",\"inLanguage\":\"es\",\"@id\":\"https:\/\/www.daisho.be\/es\/#\/schema\/logo\/image\/\",\"url\":\"https:\/\/www.daisho.be\/wp-content\/uploads\/2019\/07\/color-nothing-horizontale4x-e1564486100247.png\",\"contentUrl\":\"https:\/\/www.daisho.be\/wp-content\/uploads\/2019\/07\/color-nothing-horizontale4x-e1564486100247.png\",\"width\":1547,\"height\":385,\"caption\":\"Daisho\"},\"image\":{\"@id\":\"https:\/\/www.daisho.be\/es\/#\/schema\/logo\/image\/\"}}]}<\/script>\n<!-- \/ Yoast SEO plugin. -->","yoast_head_json":{"title":"Guantes adidas Traditional Grappling negro azul &#8211; Daisho","description":"Descubre los guantes tradicionales de MMA, robustos y duraderos gracias a sus dise\u00f1os de cuero. C\u00f3mpralos en www.daisho.be|Daisho","robots":{"index":"index","follow":"follow","max-snippet":"max-snippet:-1","max-image-preview":"max-image-preview:large","max-video-preview":"max-video-preview:-1"},"canonical":"https:\/\/www.daisho.be\/es\/produit\/guantes-adidas-traditional-grappling-negro-azul\/","og_locale":"es_ES","og_type":"article","og_title":"Guantes adidas Traditional Grappling negro azul &#8211; Daisho","og_description":"Descubre los guantes tradicionales de MMA, robustos y duraderos gracias a sus dise\u00f1os de cuero. C\u00f3mpralos en www.daisho.be|Daisho","og_url":"https:\/\/www.daisho.be\/es\/produit\/guantes-adidas-traditional-grappling-negro-azul\/","og_site_name":"Daisho","article_modified_time":"2025-10-09T12:05:39+00:00","og_image":[{"width":650,"height":650,"url":"https:\/\/www.daisho.be\/wp-content\/uploads\/2023\/11\/image-160.jpg","type":"image\/jpeg"}],"twitter_card":"summary_large_image","schema":{"@context":"https:\/\/schema.org","@graph":[{"@type":"WebPage","@id":"https:\/\/www.daisho.be\/es\/produit\/guantes-adidas-traditional-grappling-negro-azul\/","url":"https:\/\/www.daisho.be\/es\/produit\/guantes-adidas-traditional-grappling-negro-azul\/","name":"Guantes adidas Traditional Grappling negro azul &#8211; Daisho","isPartOf":{"@id":"https:\/\/www.daisho.be\/es\/#website"},"primaryImageOfPage":{"@id":"https:\/\/www.daisho.be\/es\/produit\/guantes-adidas-traditional-grappling-negro-azul\/#primaryimage"},"image":{"@id":"https:\/\/www.daisho.be\/es\/produit\/guantes-adidas-traditional-grappling-negro-azul\/#primaryimage"},"thumbnailUrl":"https:\/\/www.daisho.be\/wp-content\/uploads\/2023\/11\/image-160.jpg","datePublished":"2021-07-18T09:44:45+00:00","dateModified":"2025-10-09T12:05:39+00:00","description":"Descubre los guantes tradicionales de MMA, robustos y duraderos gracias a sus dise\u00f1os de cuero. C\u00f3mpralos en www.daisho.be|Daisho","breadcrumb":{"@id":"https:\/\/www.daisho.be\/es\/produit\/guantes-adidas-traditional-grappling-negro-azul\/#breadcrumb"},"inLanguage":"es","potentialAction":[{"@type":"ReadAction","target":["https:\/\/www.daisho.be\/es\/produit\/guantes-adidas-traditional-grappling-negro-azul\/"]}]},{"@type":"ImageObject","inLanguage":"es","@id":"https:\/\/www.daisho.be\/es\/produit\/guantes-adidas-traditional-grappling-negro-azul\/#primaryimage","url":"https:\/\/www.daisho.be\/wp-content\/uploads\/2023\/11\/image-160.jpg","contentUrl":"https:\/\/www.daisho.be\/wp-content\/uploads\/2023\/11\/image-160.jpg","width":650,"height":650,"caption":"Guantes adidas Traditional Grappling negro azul-1"},{"@type":"BreadcrumbList","@id":"https:\/\/www.daisho.be\/es\/produit\/guantes-adidas-traditional-grappling-negro-azul\/#breadcrumb","itemListElement":[{"@type":"ListItem","position":1,"name":"Accueil","item":"https:\/\/www.daisho.be\/es\/"},{"@type":"ListItem","position":2,"name":"Productos","item":"https:\/\/www.daisho.be\/es\/productos\/"},{"@type":"ListItem","position":3,"name":"ADIDAS COMBAT SPORTS","item":"https:\/\/www.daisho.be\/es\/categorie-produit\/adidas-combat-sports-es\/"},{"@type":"ListItem","position":4,"name":"MMA","item":"https:\/\/www.daisho.be\/es\/categorie-produit\/adidas-combat-sports-es\/mma-es-2\/"},{"@type":"ListItem","position":5,"name":"Almohadillas Adidas para MMA","item":"https:\/\/www.daisho.be\/es\/categorie-produit\/adidas-combat-sports-es\/mma-es-2\/almohadillas-adidas-para-mma\/"},{"@type":"ListItem","position":6,"name":"Guantes adidas Traditional Grappling negro azul"}]},{"@type":"WebSite","@id":"https:\/\/www.daisho.be\/es\/#website","url":"https:\/\/www.daisho.be\/es\/","name":"Daisho","description":"Sp&eacute;cialiste de l'&eacute;quipement sportif d'arts martiaux","publisher":{"@id":"https:\/\/www.daisho.be\/es\/#organization"},"potentialAction":[{"@type":"SearchAction","target":{"@type":"EntryPoint","urlTemplate":"https:\/\/www.daisho.be\/es\/?s={search_term_string}"},"query-input":{"@type":"PropertyValueSpecification","valueRequired":true,"valueName":"search_term_string"}}],"inLanguage":"es"},{"@type":"Organization","@id":"https:\/\/www.daisho.be\/es\/#organization","name":"Daisho","url":"https:\/\/www.daisho.be\/es\/","logo":{"@type":"ImageObject","inLanguage":"es","@id":"https:\/\/www.daisho.be\/es\/#\/schema\/logo\/image\/","url":"https:\/\/www.daisho.be\/wp-content\/uploads\/2019\/07\/color-nothing-horizontale4x-e1564486100247.png","contentUrl":"https:\/\/www.daisho.be\/wp-content\/uploads\/2019\/07\/color-nothing-horizontale4x-e1564486100247.png","width":1547,"height":385,"caption":"Daisho"},"image":{"@id":"https:\/\/www.daisho.be\/es\/#\/schema\/logo\/image\/"}}]}},"_links":{"self":[{"href":"https:\/\/www.daisho.be\/es\/wp-json\/wp\/v2\/product\/358332","targetHints":{"allow":["GET"]}}],"collection":[{"href":"https:\/\/www.daisho.be\/es\/wp-json\/wp\/v2\/product"}],"about":[{"href":"https:\/\/www.daisho.be\/es\/wp-json\/wp\/v2\/types\/product"}],"replies":[{"embeddable":true,"href":"https:\/\/www.daisho.be\/es\/wp-json\/wp\/v2\/comments?post=358332"}],"wp:featuredmedia":[{"embeddable":true,"href":"https:\/\/www.daisho.be\/es\/wp-json\/wp\/v2\/media\/339687"}],"wp:attachment":[{"href":"https:\/\/www.daisho.be\/es\/wp-json\/wp\/v2\/media?parent=358332"}],"wp:term":[{"taxonomy":"product_brand","embeddable":true,"href":"https:\/\/www.daisho.be\/es\/wp-json\/wp\/v2\/product_brand?post=358332"},{"taxonomy":"product_cat","embeddable":true,"href":"https:\/\/www.daisho.be\/es\/wp-json\/wp\/v2\/product_cat?post=358332"},{"taxonomy":"product_tag","embeddable":true,"href":"https:\/\/www.daisho.be\/es\/wp-json\/wp\/v2\/product_tag?post=358332"},{"taxonomy":"sport","embeddable":true,"href":"https:\/\/www.daisho.be\/es\/wp-json\/wp\/v2\/sport?post=358332"}],"curies":[{"name":"wp","href":"https:\/\/api.w.org\/{rel}","templated":true}]}}