{"id":358061,"date":"2020-02-09T23:46:24","date_gmt":"2020-02-09T22:46:24","guid":{"rendered":"https:\/\/www.daisho.be\/produit\/chaqueta-judogi-hiku-shiai-2-ijf-blanco\/"},"modified":"2026-02-12T15:57:47","modified_gmt":"2026-02-12T14:57:47","slug":"chaqueta-judogi-hiku-shiai-2-ijf-blanco","status":"publish","type":"product","link":"https:\/\/www.daisho.be\/es\/produit\/chaqueta-judogi-hiku-shiai-2-ijf-blanco\/","title":{"rendered":"CHAQUETA JUDOGI HIKU SHIAI 2 &#8211; IJF &#8211; BLANCO"},"content":{"rendered":"<p style=\"font-weight: 400\">Los conjuntos de judo Hiku est\u00e1n oficialmente reconocidos y aprobados por la Federaci\u00f3n Internacional de Judo (FIJ) y la Uni\u00f3n Europea de Judo (UEJ) para los deportistas de alto nivel.<\/p>\n<p style=\"font-weight: 400\">Chaqueta judogi (o kimono de judo) de alta calidad fabricada con tejido de algod\u00f3n grueso y resistente a los desgarros.<\/p>\n<p style=\"font-weight: 400\"><u>Caracter\u00edsticas<\/u><u> <\/u><u>:<\/u><\/p>\n<p style=\"font-weight: 400\">&#8211; Homologado por la Federaci\u00f3n Internacional de Judo,<br \/>\n&#8211; las solapas y la espalda cumplen las normas de la FIJ,<br \/>\n&#8211; chaqueta reforzada en hombros, pecho y solapas,<br \/>\n&#8211; Material: 80% algod\u00f3n y 20% poli\u00e9ster, 750 g\/m\u00b2,<br \/>\n&#8211; \u00cdndice de encogimiento: aprox. 7%,<br \/>\n&#8211; Art\u00edculos suministrados: s\u00f3lo chaqueta.<\/p>\n","protected":false},"excerpt":{"rendered":"<p>Los conjuntos de judo Hiku est\u00e1n oficialmente reconocidos y aprobados por la Federaci\u00f3n Internacional de Judo (FIJ) y la Uni\u00f3n Europea de Judo (UEJ) para los deportistas de alto nivel. Chaqueta judogi (o kimono de judo) de alta calidad fabricada con tejido de algod\u00f3n grueso y resistente a los desgarros. Caracter\u00edsticas : &#8211; Homologado por [&hellip;]<\/p>\n","protected":false},"featured_media":437654,"comment_status":"closed","ping_status":"closed","template":"","meta":{"inline_featured_image":false},"product_brand":[],"product_cat":[1654,1311],"product_tag":[1523],"sport":[78],"class_list":{"0":"post-358061","1":"product","2":"type-product","3":"status-publish","4":"has-post-thumbnail","6":"product_cat-kimonos-de-judo","7":"product_cat-trajes-kimonos","8":"product_tag-hiku-es","9":"pa_size-380","10":"pa_size-379","11":"pa_size-387","12":"pa_size-378","13":"pa_size-386","14":"sport-judo","16":"first","17":"instock","18":"sale","19":"taxable","20":"shipping-taxable","21":"purchasable","22":"product-type-simple"},"yoast_head":"<!-- This site is optimized with the Yoast SEO plugin v27.2 - https:\/\/yoast.com\/product\/yoast-seo-wordpress\/ -->\n<title>Kimono de judo blanco (chaqueta) para competidores - Judogi Hiku Shiai<\/title>\n<meta name=\"description\" content=\"\u00a1Hajime! G\u00e1nate el d\u00eda con esta chaqueta de judo (kimono) blanca de alta calidad. \u2713 Judogi de Hiku Shiai. www.daihso.be|Daisho\" \/>\n<meta name=\"robots\" content=\"index, follow, max-snippet:-1, max-image-preview:large, max-video-preview:-1\" \/>\n<link rel=\"canonical\" href=\"https:\/\/www.daisho.be\/es\/produit\/chaqueta-judogi-hiku-shiai-2-ijf-blanco\/\" \/>\n<meta property=\"og:locale\" content=\"es_ES\" \/>\n<meta property=\"og:type\" content=\"article\" \/>\n<meta property=\"og:title\" content=\"Kimono de judo blanco (chaqueta) para competidores - Judogi Hiku Shiai\" \/>\n<meta property=\"og:description\" content=\"\u00a1Hajime! G\u00e1nate el d\u00eda con esta chaqueta de judo (kimono) blanca de alta calidad. \u2713 Judogi de Hiku Shiai. www.daihso.be|Daisho\" \/>\n<meta property=\"og:url\" content=\"https:\/\/www.daisho.be\/es\/produit\/chaqueta-judogi-hiku-shiai-2-ijf-blanco\/\" \/>\n<meta property=\"og:site_name\" content=\"Daisho\" \/>\n<meta property=\"article:modified_time\" content=\"2026-02-12T14:57:47+00:00\" \/>\n<meta property=\"og:image\" content=\"https:\/\/www.daisho.be\/wp-content\/uploads\/2024\/09\/image-33.jpg\" \/>\n\t<meta property=\"og:image:width\" content=\"384\" \/>\n\t<meta property=\"og:image:height\" content=\"543\" \/>\n\t<meta property=\"og:image:type\" content=\"image\/jpeg\" \/>\n<meta name=\"twitter:card\" content=\"summary_large_image\" \/>\n<meta name=\"twitter:label1\" content=\"Tiempo de lectura\" \/>\n\t<meta name=\"twitter:data1\" content=\"1 minuto\" \/>\n<script type=\"application\/ld+json\" class=\"yoast-schema-graph\">{\"@context\":\"https:\/\/schema.org\",\"@graph\":[{\"@type\":\"WebPage\",\"@id\":\"https:\/\/www.daisho.be\/es\/produit\/chaqueta-judogi-hiku-shiai-2-ijf-blanco\/\",\"url\":\"https:\/\/www.daisho.be\/es\/produit\/chaqueta-judogi-hiku-shiai-2-ijf-blanco\/\",\"name\":\"Kimono de judo blanco (chaqueta) para competidores - Judogi Hiku Shiai\",\"isPartOf\":{\"@id\":\"https:\/\/www.daisho.be\/es\/#website\"},\"primaryImageOfPage\":{\"@id\":\"https:\/\/www.daisho.be\/es\/produit\/chaqueta-judogi-hiku-shiai-2-ijf-blanco\/#primaryimage\"},\"image\":{\"@id\":\"https:\/\/www.daisho.be\/es\/produit\/chaqueta-judogi-hiku-shiai-2-ijf-blanco\/#primaryimage\"},\"thumbnailUrl\":\"https:\/\/www.daisho.be\/wp-content\/uploads\/2024\/09\/image-33.jpg\",\"datePublished\":\"2020-02-09T22:46:24+00:00\",\"dateModified\":\"2026-02-12T14:57:47+00:00\",\"description\":\"\u00a1Hajime! G\u00e1nate el d\u00eda con esta chaqueta de judo (kimono) blanca de alta calidad. \u2713 Judogi de Hiku Shiai. www.daihso.be|Daisho\",\"breadcrumb\":{\"@id\":\"https:\/\/www.daisho.be\/es\/produit\/chaqueta-judogi-hiku-shiai-2-ijf-blanco\/#breadcrumb\"},\"inLanguage\":\"es\",\"potentialAction\":[{\"@type\":\"ReadAction\",\"target\":[\"https:\/\/www.daisho.be\/es\/produit\/chaqueta-judogi-hiku-shiai-2-ijf-blanco\/\"]}]},{\"@type\":\"ImageObject\",\"inLanguage\":\"es\",\"@id\":\"https:\/\/www.daisho.be\/es\/produit\/chaqueta-judogi-hiku-shiai-2-ijf-blanco\/#primaryimage\",\"url\":\"https:\/\/www.daisho.be\/wp-content\/uploads\/2024\/09\/image-33.jpg\",\"contentUrl\":\"https:\/\/www.daisho.be\/wp-content\/uploads\/2024\/09\/image-33.jpg\",\"width\":384,\"height\":543,\"caption\":\"CHAQUETA JUDOGI HIKU SHIAI 2 - IJF - BLANCO-1\"},{\"@type\":\"BreadcrumbList\",\"@id\":\"https:\/\/www.daisho.be\/es\/produit\/chaqueta-judogi-hiku-shiai-2-ijf-blanco\/#breadcrumb\",\"itemListElement\":[{\"@type\":\"ListItem\",\"position\":1,\"name\":\"Accueil\",\"item\":\"https:\/\/www.daisho.be\/es\/\"},{\"@type\":\"ListItem\",\"position\":2,\"name\":\"Productos\",\"item\":\"https:\/\/www.daisho.be\/es\/productos\/\"},{\"@type\":\"ListItem\",\"position\":3,\"name\":\"Equipamiento y ropa para artes marciales y deportes de combate\",\"item\":\"https:\/\/www.daisho.be\/es\/categorie-produit\/equipamiento-y-ropa-para-artes-marciales-y-deportes-de-combate\/\"},{\"@type\":\"ListItem\",\"position\":4,\"name\":\"Judo\",\"item\":\"https:\/\/www.daisho.be\/es\/categorie-produit\/equipamiento-y-ropa-para-artes-marciales-y-deportes-de-combate\/judo-es\/\"},{\"@type\":\"ListItem\",\"position\":5,\"name\":\"Kimonos de judo\",\"item\":\"https:\/\/www.daisho.be\/es\/categorie-produit\/equipamiento-y-ropa-para-artes-marciales-y-deportes-de-combate\/judo-es\/kimonos-de-judo\/\"},{\"@type\":\"ListItem\",\"position\":6,\"name\":\"CHAQUETA JUDOGI HIKU SHIAI 2 &#8211; IJF &#8211; BLANCO\"}]},{\"@type\":\"WebSite\",\"@id\":\"https:\/\/www.daisho.be\/es\/#website\",\"url\":\"https:\/\/www.daisho.be\/es\/\",\"name\":\"Daisho\",\"description\":\"Sp&eacute;cialiste de l'&eacute;quipement sportif d'arts martiaux\",\"publisher\":{\"@id\":\"https:\/\/www.daisho.be\/es\/#organization\"},\"potentialAction\":[{\"@type\":\"SearchAction\",\"target\":{\"@type\":\"EntryPoint\",\"urlTemplate\":\"https:\/\/www.daisho.be\/es\/?s={search_term_string}\"},\"query-input\":{\"@type\":\"PropertyValueSpecification\",\"valueRequired\":true,\"valueName\":\"search_term_string\"}}],\"inLanguage\":\"es\"},{\"@type\":\"Organization\",\"@id\":\"https:\/\/www.daisho.be\/es\/#organization\",\"name\":\"Daisho\",\"url\":\"https:\/\/www.daisho.be\/es\/\",\"logo\":{\"@type\":\"ImageObject\",\"inLanguage\":\"es\",\"@id\":\"https:\/\/www.daisho.be\/es\/#\/schema\/logo\/image\/\",\"url\":\"https:\/\/www.daisho.be\/wp-content\/uploads\/2019\/07\/color-nothing-horizontale4x-e1564486100247.png\",\"contentUrl\":\"https:\/\/www.daisho.be\/wp-content\/uploads\/2019\/07\/color-nothing-horizontale4x-e1564486100247.png\",\"width\":1547,\"height\":385,\"caption\":\"Daisho\"},\"image\":{\"@id\":\"https:\/\/www.daisho.be\/es\/#\/schema\/logo\/image\/\"}}]}<\/script>\n<!-- \/ Yoast SEO plugin. -->","yoast_head_json":{"title":"Kimono de judo blanco (chaqueta) para competidores - Judogi Hiku Shiai","description":"\u00a1Hajime! G\u00e1nate el d\u00eda con esta chaqueta de judo (kimono) blanca de alta calidad. \u2713 Judogi de Hiku Shiai. www.daihso.be|Daisho","robots":{"index":"index","follow":"follow","max-snippet":"max-snippet:-1","max-image-preview":"max-image-preview:large","max-video-preview":"max-video-preview:-1"},"canonical":"https:\/\/www.daisho.be\/es\/produit\/chaqueta-judogi-hiku-shiai-2-ijf-blanco\/","og_locale":"es_ES","og_type":"article","og_title":"Kimono de judo blanco (chaqueta) para competidores - Judogi Hiku Shiai","og_description":"\u00a1Hajime! G\u00e1nate el d\u00eda con esta chaqueta de judo (kimono) blanca de alta calidad. \u2713 Judogi de Hiku Shiai. www.daihso.be|Daisho","og_url":"https:\/\/www.daisho.be\/es\/produit\/chaqueta-judogi-hiku-shiai-2-ijf-blanco\/","og_site_name":"Daisho","article_modified_time":"2026-02-12T14:57:47+00:00","og_image":[{"width":384,"height":543,"url":"https:\/\/www.daisho.be\/wp-content\/uploads\/2024\/09\/image-33.jpg","type":"image\/jpeg"}],"twitter_card":"summary_large_image","twitter_misc":{"Tiempo de lectura":"1 minuto"},"schema":{"@context":"https:\/\/schema.org","@graph":[{"@type":"WebPage","@id":"https:\/\/www.daisho.be\/es\/produit\/chaqueta-judogi-hiku-shiai-2-ijf-blanco\/","url":"https:\/\/www.daisho.be\/es\/produit\/chaqueta-judogi-hiku-shiai-2-ijf-blanco\/","name":"Kimono de judo blanco (chaqueta) para competidores - Judogi Hiku Shiai","isPartOf":{"@id":"https:\/\/www.daisho.be\/es\/#website"},"primaryImageOfPage":{"@id":"https:\/\/www.daisho.be\/es\/produit\/chaqueta-judogi-hiku-shiai-2-ijf-blanco\/#primaryimage"},"image":{"@id":"https:\/\/www.daisho.be\/es\/produit\/chaqueta-judogi-hiku-shiai-2-ijf-blanco\/#primaryimage"},"thumbnailUrl":"https:\/\/www.daisho.be\/wp-content\/uploads\/2024\/09\/image-33.jpg","datePublished":"2020-02-09T22:46:24+00:00","dateModified":"2026-02-12T14:57:47+00:00","description":"\u00a1Hajime! G\u00e1nate el d\u00eda con esta chaqueta de judo (kimono) blanca de alta calidad. \u2713 Judogi de Hiku Shiai. www.daihso.be|Daisho","breadcrumb":{"@id":"https:\/\/www.daisho.be\/es\/produit\/chaqueta-judogi-hiku-shiai-2-ijf-blanco\/#breadcrumb"},"inLanguage":"es","potentialAction":[{"@type":"ReadAction","target":["https:\/\/www.daisho.be\/es\/produit\/chaqueta-judogi-hiku-shiai-2-ijf-blanco\/"]}]},{"@type":"ImageObject","inLanguage":"es","@id":"https:\/\/www.daisho.be\/es\/produit\/chaqueta-judogi-hiku-shiai-2-ijf-blanco\/#primaryimage","url":"https:\/\/www.daisho.be\/wp-content\/uploads\/2024\/09\/image-33.jpg","contentUrl":"https:\/\/www.daisho.be\/wp-content\/uploads\/2024\/09\/image-33.jpg","width":384,"height":543,"caption":"CHAQUETA JUDOGI HIKU SHIAI 2 - IJF - BLANCO-1"},{"@type":"BreadcrumbList","@id":"https:\/\/www.daisho.be\/es\/produit\/chaqueta-judogi-hiku-shiai-2-ijf-blanco\/#breadcrumb","itemListElement":[{"@type":"ListItem","position":1,"name":"Accueil","item":"https:\/\/www.daisho.be\/es\/"},{"@type":"ListItem","position":2,"name":"Productos","item":"https:\/\/www.daisho.be\/es\/productos\/"},{"@type":"ListItem","position":3,"name":"Equipamiento y ropa para artes marciales y deportes de combate","item":"https:\/\/www.daisho.be\/es\/categorie-produit\/equipamiento-y-ropa-para-artes-marciales-y-deportes-de-combate\/"},{"@type":"ListItem","position":4,"name":"Judo","item":"https:\/\/www.daisho.be\/es\/categorie-produit\/equipamiento-y-ropa-para-artes-marciales-y-deportes-de-combate\/judo-es\/"},{"@type":"ListItem","position":5,"name":"Kimonos de judo","item":"https:\/\/www.daisho.be\/es\/categorie-produit\/equipamiento-y-ropa-para-artes-marciales-y-deportes-de-combate\/judo-es\/kimonos-de-judo\/"},{"@type":"ListItem","position":6,"name":"CHAQUETA JUDOGI HIKU SHIAI 2 &#8211; IJF &#8211; BLANCO"}]},{"@type":"WebSite","@id":"https:\/\/www.daisho.be\/es\/#website","url":"https:\/\/www.daisho.be\/es\/","name":"Daisho","description":"Sp&eacute;cialiste de l'&eacute;quipement sportif d'arts martiaux","publisher":{"@id":"https:\/\/www.daisho.be\/es\/#organization"},"potentialAction":[{"@type":"SearchAction","target":{"@type":"EntryPoint","urlTemplate":"https:\/\/www.daisho.be\/es\/?s={search_term_string}"},"query-input":{"@type":"PropertyValueSpecification","valueRequired":true,"valueName":"search_term_string"}}],"inLanguage":"es"},{"@type":"Organization","@id":"https:\/\/www.daisho.be\/es\/#organization","name":"Daisho","url":"https:\/\/www.daisho.be\/es\/","logo":{"@type":"ImageObject","inLanguage":"es","@id":"https:\/\/www.daisho.be\/es\/#\/schema\/logo\/image\/","url":"https:\/\/www.daisho.be\/wp-content\/uploads\/2019\/07\/color-nothing-horizontale4x-e1564486100247.png","contentUrl":"https:\/\/www.daisho.be\/wp-content\/uploads\/2019\/07\/color-nothing-horizontale4x-e1564486100247.png","width":1547,"height":385,"caption":"Daisho"},"image":{"@id":"https:\/\/www.daisho.be\/es\/#\/schema\/logo\/image\/"}}]}},"_links":{"self":[{"href":"https:\/\/www.daisho.be\/es\/wp-json\/wp\/v2\/product\/358061","targetHints":{"allow":["GET"]}}],"collection":[{"href":"https:\/\/www.daisho.be\/es\/wp-json\/wp\/v2\/product"}],"about":[{"href":"https:\/\/www.daisho.be\/es\/wp-json\/wp\/v2\/types\/product"}],"replies":[{"embeddable":true,"href":"https:\/\/www.daisho.be\/es\/wp-json\/wp\/v2\/comments?post=358061"}],"wp:featuredmedia":[{"embeddable":true,"href":"https:\/\/www.daisho.be\/es\/wp-json\/wp\/v2\/media\/437654"}],"wp:attachment":[{"href":"https:\/\/www.daisho.be\/es\/wp-json\/wp\/v2\/media?parent=358061"}],"wp:term":[{"taxonomy":"product_brand","embeddable":true,"href":"https:\/\/www.daisho.be\/es\/wp-json\/wp\/v2\/product_brand?post=358061"},{"taxonomy":"product_cat","embeddable":true,"href":"https:\/\/www.daisho.be\/es\/wp-json\/wp\/v2\/product_cat?post=358061"},{"taxonomy":"product_tag","embeddable":true,"href":"https:\/\/www.daisho.be\/es\/wp-json\/wp\/v2\/product_tag?post=358061"},{"taxonomy":"sport","embeddable":true,"href":"https:\/\/www.daisho.be\/es\/wp-json\/wp\/v2\/sport?post=358061"}],"curies":[{"name":"wp","href":"https:\/\/api.w.org\/{rel}","templated":true}]}}