{"id":357863,"date":"2023-12-29T12:15:16","date_gmt":"2023-12-29T11:15:16","guid":{"rendered":"https:\/\/www.daisho.be\/produit\/pantalones-yomogi-keikogi\/"},"modified":"2025-12-22T17:24:41","modified_gmt":"2025-12-22T16:24:41","slug":"pantalones-yomogi-keikogi","status":"publish","type":"product","link":"https:\/\/www.daisho.be\/es\/produit\/pantalones-yomogi-keikogi\/","title":{"rendered":"Pantalones Yomogi keikogi"},"content":{"rendered":"<p>Tozando ha creado un nuevo tipo de gi de a\u00c3\u00afkido utilizando una fibra innovadora llamada Unitika Pulper, que combina los beneficios del poli\u00c3\u00a9ster y el algod\u00c3\u00b3n. El tejido se trata con una planta llamada Yomogi o artemisa japonesa (Artememisia princeps) conocida por sus efectos antibacterianos y antiolor.<br \/>\nEste gi de a\u00c3\u00afkido est\u00c3\u00a1 confeccionado de forma tradicional por los sastres Tozando de Iwate (Jap\u00c3\u00b3n).<br \/>\nPerfectos para usar con Yomogi Dogi, estos ligeros pantalones de a\u00c3\u00afkido se mantienen frescos durante la pr\u00c3\u00a1ctica y son especialmente adecuados para usarlos en los meses m\u00c3\u00a1s c\u00c3\u00a1lidos.<br \/>\nComo todos nuestros pantalones de aikido, han sido especialmente dise\u00f1ados para la pr\u00e1ctica del aikido, con una doble capa de la rodilla hacia abajo para una mayor comodidad y durabilidad durante el suwari-waza.<\/p>\n<p>Las tallas se pueden mezclar con la chaqueta yomogi keikogi ref. AG260W.<\/p>\n<p>Caracter\u00edsticas:<br \/>\n\u00c2- Fabricado en Jap\u00f3n<br \/>\n\u00c2- Fibra Unitika Pulper (60% algod\u00f3n y 40% poli\u00e9ster).<br \/>\n\u00c2- Proceso antibacteriano y antiolor Yomogi<br \/>\n\u00c2- Secado r\u00e1pido<br \/>\n\u00c2- Perfecto para el verano<br \/>\n\u00c2- Rodillas reforzadas <\/p>\n","protected":false},"excerpt":{"rendered":"<p>Tozando ha creado un nuevo tipo de gi de a\u00c3\u00afkido utilizando una fibra innovadora llamada Unitika Pulper, que combina los beneficios del poli\u00c3\u00a9ster y el algod\u00c3\u00b3n. El tejido se trata con una planta llamada Yomogi o artemisa japonesa (Artememisia princeps) conocida por sus efectos antibacterianos y antiolor. Este gi de a\u00c3\u00afkido est\u00c3\u00a1 confeccionado de forma [&hellip;]<\/p>\n","protected":false},"featured_media":340113,"comment_status":"open","ping_status":"closed","template":"","meta":{"inline_featured_image":false},"product_brand":[],"product_cat":[1327,1326,1654,1311],"product_tag":[1739],"sport":[429],"class_list":{"0":"post-357863","1":"product","2":"type-product","3":"status-publish","4":"has-post-thumbnail","6":"product_cat-kimono-de-jujitsu-es","7":"product_cat-kimonos-de-aikido","8":"product_cat-kimonos-de-judo","9":"product_cat-trajes-kimonos","10":"product_tag-tozando-es-2","11":"pa_size-85","12":"pa_size-35-2","13":"pa_size-84","14":"pa_size-45-2","15":"pa_size-83","16":"sport-aikido","18":"first","19":"instock","20":"taxable","21":"shipping-taxable","22":"purchasable","23":"product-type-variable"},"yoast_head":"<!-- This site is optimized with the Yoast SEO plugin v27.2 - https:\/\/yoast.com\/product\/yoast-seo-wordpress\/ -->\n<title>Pantalones Yomogi keikogi &#8211; Daisho<\/title>\n<meta name=\"description\" content=\"Pantalones Tozando Yomogi keikogi para practicantes de Aikido. Mezcla de tama\u00f1os posible. | Encu\u00e9ntralos en nuestra tienda Daisho.\" \/>\n<meta name=\"robots\" content=\"index, follow, max-snippet:-1, max-image-preview:large, max-video-preview:-1\" \/>\n<link rel=\"canonical\" href=\"https:\/\/www.daisho.be\/es\/produit\/pantalones-yomogi-keikogi\/\" \/>\n<meta property=\"og:locale\" content=\"es_ES\" \/>\n<meta property=\"og:type\" content=\"article\" \/>\n<meta property=\"og:title\" content=\"Pantalones Yomogi keikogi &#8211; Daisho\" \/>\n<meta property=\"og:description\" content=\"Pantalones Tozando Yomogi keikogi para practicantes de Aikido. Mezcla de tama\u00f1os posible. | Encu\u00e9ntralos en nuestra tienda Daisho.\" \/>\n<meta property=\"og:url\" content=\"https:\/\/www.daisho.be\/es\/produit\/pantalones-yomogi-keikogi\/\" \/>\n<meta property=\"og:site_name\" content=\"Daisho\" \/>\n<meta property=\"article:modified_time\" content=\"2025-12-22T16:24:41+00:00\" \/>\n<meta property=\"og:image\" content=\"https:\/\/www.daisho.be\/wp-content\/uploads\/2023\/12\/image.webp\" \/>\n\t<meta property=\"og:image:width\" content=\"600\" \/>\n\t<meta property=\"og:image:height\" content=\"600\" \/>\n\t<meta property=\"og:image:type\" content=\"image\/webp\" \/>\n<meta name=\"twitter:card\" content=\"summary_large_image\" \/>\n<meta name=\"twitter:label1\" content=\"Tiempo de lectura\" \/>\n\t<meta name=\"twitter:data1\" content=\"1 minuto\" \/>\n<script type=\"application\/ld+json\" class=\"yoast-schema-graph\">{\"@context\":\"https:\/\/schema.org\",\"@graph\":[{\"@type\":\"WebPage\",\"@id\":\"https:\/\/www.daisho.be\/es\/produit\/pantalones-yomogi-keikogi\/\",\"url\":\"https:\/\/www.daisho.be\/es\/produit\/pantalones-yomogi-keikogi\/\",\"name\":\"Pantalones Yomogi keikogi &#8211; Daisho\",\"isPartOf\":{\"@id\":\"https:\/\/www.daisho.be\/es\/#website\"},\"primaryImageOfPage\":{\"@id\":\"https:\/\/www.daisho.be\/es\/produit\/pantalones-yomogi-keikogi\/#primaryimage\"},\"image\":{\"@id\":\"https:\/\/www.daisho.be\/es\/produit\/pantalones-yomogi-keikogi\/#primaryimage\"},\"thumbnailUrl\":\"https:\/\/www.daisho.be\/wp-content\/uploads\/2023\/12\/image.webp\",\"datePublished\":\"2023-12-29T11:15:16+00:00\",\"dateModified\":\"2025-12-22T16:24:41+00:00\",\"description\":\"Pantalones Tozando Yomogi keikogi para practicantes de Aikido. Mezcla de tama\u00f1os posible. | Encu\u00e9ntralos en nuestra tienda Daisho.\",\"breadcrumb\":{\"@id\":\"https:\/\/www.daisho.be\/es\/produit\/pantalones-yomogi-keikogi\/#breadcrumb\"},\"inLanguage\":\"es\",\"potentialAction\":[{\"@type\":\"ReadAction\",\"target\":[\"https:\/\/www.daisho.be\/es\/produit\/pantalones-yomogi-keikogi\/\"]}]},{\"@type\":\"ImageObject\",\"inLanguage\":\"es\",\"@id\":\"https:\/\/www.daisho.be\/es\/produit\/pantalones-yomogi-keikogi\/#primaryimage\",\"url\":\"https:\/\/www.daisho.be\/wp-content\/uploads\/2023\/12\/image.webp\",\"contentUrl\":\"https:\/\/www.daisho.be\/wp-content\/uploads\/2023\/12\/image.webp\",\"width\":600,\"height\":600,\"caption\":\"Pantalones keikogi Yomogi-1\"},{\"@type\":\"BreadcrumbList\",\"@id\":\"https:\/\/www.daisho.be\/es\/produit\/pantalones-yomogi-keikogi\/#breadcrumb\",\"itemListElement\":[{\"@type\":\"ListItem\",\"position\":1,\"name\":\"Accueil\",\"item\":\"https:\/\/www.daisho.be\/es\/\"},{\"@type\":\"ListItem\",\"position\":2,\"name\":\"Productos\",\"item\":\"https:\/\/www.daisho.be\/es\/productos\/\"},{\"@type\":\"ListItem\",\"position\":3,\"name\":\"Equipamiento y ropa para artes marciales y deportes de combate\",\"item\":\"https:\/\/www.daisho.be\/es\/categorie-produit\/equipamiento-y-ropa-para-artes-marciales-y-deportes-de-combate\/\"},{\"@type\":\"ListItem\",\"position\":4,\"name\":\"Jujitsu y jiu-jitsu brasile\u00f1os\",\"item\":\"https:\/\/www.daisho.be\/es\/categorie-produit\/equipamiento-y-ropa-para-artes-marciales-y-deportes-de-combate\/jujitsu-y-jiu-jitsu-brasilenos\/\"},{\"@type\":\"ListItem\",\"position\":5,\"name\":\"Kimono de Jujitsu\",\"item\":\"https:\/\/www.daisho.be\/es\/categorie-produit\/equipamiento-y-ropa-para-artes-marciales-y-deportes-de-combate\/jujitsu-y-jiu-jitsu-brasilenos\/kimono-de-jujitsu-es\/\"},{\"@type\":\"ListItem\",\"position\":6,\"name\":\"Pantalones Yomogi keikogi\"}]},{\"@type\":\"WebSite\",\"@id\":\"https:\/\/www.daisho.be\/es\/#website\",\"url\":\"https:\/\/www.daisho.be\/es\/\",\"name\":\"Daisho\",\"description\":\"Sp&eacute;cialiste de l'&eacute;quipement sportif d'arts martiaux\",\"publisher\":{\"@id\":\"https:\/\/www.daisho.be\/es\/#organization\"},\"potentialAction\":[{\"@type\":\"SearchAction\",\"target\":{\"@type\":\"EntryPoint\",\"urlTemplate\":\"https:\/\/www.daisho.be\/es\/?s={search_term_string}\"},\"query-input\":{\"@type\":\"PropertyValueSpecification\",\"valueRequired\":true,\"valueName\":\"search_term_string\"}}],\"inLanguage\":\"es\"},{\"@type\":\"Organization\",\"@id\":\"https:\/\/www.daisho.be\/es\/#organization\",\"name\":\"Daisho\",\"url\":\"https:\/\/www.daisho.be\/es\/\",\"logo\":{\"@type\":\"ImageObject\",\"inLanguage\":\"es\",\"@id\":\"https:\/\/www.daisho.be\/es\/#\/schema\/logo\/image\/\",\"url\":\"https:\/\/www.daisho.be\/wp-content\/uploads\/2019\/07\/color-nothing-horizontale4x-e1564486100247.png\",\"contentUrl\":\"https:\/\/www.daisho.be\/wp-content\/uploads\/2019\/07\/color-nothing-horizontale4x-e1564486100247.png\",\"width\":1547,\"height\":385,\"caption\":\"Daisho\"},\"image\":{\"@id\":\"https:\/\/www.daisho.be\/es\/#\/schema\/logo\/image\/\"}}]}<\/script>\n<!-- \/ Yoast SEO plugin. -->","yoast_head_json":{"title":"Pantalones Yomogi keikogi &#8211; Daisho","description":"Pantalones Tozando Yomogi keikogi para practicantes de Aikido. Mezcla de tama\u00f1os posible. | Encu\u00e9ntralos en nuestra tienda Daisho.","robots":{"index":"index","follow":"follow","max-snippet":"max-snippet:-1","max-image-preview":"max-image-preview:large","max-video-preview":"max-video-preview:-1"},"canonical":"https:\/\/www.daisho.be\/es\/produit\/pantalones-yomogi-keikogi\/","og_locale":"es_ES","og_type":"article","og_title":"Pantalones Yomogi keikogi &#8211; Daisho","og_description":"Pantalones Tozando Yomogi keikogi para practicantes de Aikido. Mezcla de tama\u00f1os posible. | Encu\u00e9ntralos en nuestra tienda Daisho.","og_url":"https:\/\/www.daisho.be\/es\/produit\/pantalones-yomogi-keikogi\/","og_site_name":"Daisho","article_modified_time":"2025-12-22T16:24:41+00:00","og_image":[{"width":600,"height":600,"url":"https:\/\/www.daisho.be\/wp-content\/uploads\/2023\/12\/image.webp","type":"image\/webp"}],"twitter_card":"summary_large_image","twitter_misc":{"Tiempo de lectura":"1 minuto"},"schema":{"@context":"https:\/\/schema.org","@graph":[{"@type":"WebPage","@id":"https:\/\/www.daisho.be\/es\/produit\/pantalones-yomogi-keikogi\/","url":"https:\/\/www.daisho.be\/es\/produit\/pantalones-yomogi-keikogi\/","name":"Pantalones Yomogi keikogi &#8211; Daisho","isPartOf":{"@id":"https:\/\/www.daisho.be\/es\/#website"},"primaryImageOfPage":{"@id":"https:\/\/www.daisho.be\/es\/produit\/pantalones-yomogi-keikogi\/#primaryimage"},"image":{"@id":"https:\/\/www.daisho.be\/es\/produit\/pantalones-yomogi-keikogi\/#primaryimage"},"thumbnailUrl":"https:\/\/www.daisho.be\/wp-content\/uploads\/2023\/12\/image.webp","datePublished":"2023-12-29T11:15:16+00:00","dateModified":"2025-12-22T16:24:41+00:00","description":"Pantalones Tozando Yomogi keikogi para practicantes de Aikido. Mezcla de tama\u00f1os posible. | Encu\u00e9ntralos en nuestra tienda Daisho.","breadcrumb":{"@id":"https:\/\/www.daisho.be\/es\/produit\/pantalones-yomogi-keikogi\/#breadcrumb"},"inLanguage":"es","potentialAction":[{"@type":"ReadAction","target":["https:\/\/www.daisho.be\/es\/produit\/pantalones-yomogi-keikogi\/"]}]},{"@type":"ImageObject","inLanguage":"es","@id":"https:\/\/www.daisho.be\/es\/produit\/pantalones-yomogi-keikogi\/#primaryimage","url":"https:\/\/www.daisho.be\/wp-content\/uploads\/2023\/12\/image.webp","contentUrl":"https:\/\/www.daisho.be\/wp-content\/uploads\/2023\/12\/image.webp","width":600,"height":600,"caption":"Pantalones keikogi Yomogi-1"},{"@type":"BreadcrumbList","@id":"https:\/\/www.daisho.be\/es\/produit\/pantalones-yomogi-keikogi\/#breadcrumb","itemListElement":[{"@type":"ListItem","position":1,"name":"Accueil","item":"https:\/\/www.daisho.be\/es\/"},{"@type":"ListItem","position":2,"name":"Productos","item":"https:\/\/www.daisho.be\/es\/productos\/"},{"@type":"ListItem","position":3,"name":"Equipamiento y ropa para artes marciales y deportes de combate","item":"https:\/\/www.daisho.be\/es\/categorie-produit\/equipamiento-y-ropa-para-artes-marciales-y-deportes-de-combate\/"},{"@type":"ListItem","position":4,"name":"Jujitsu y jiu-jitsu brasile\u00f1os","item":"https:\/\/www.daisho.be\/es\/categorie-produit\/equipamiento-y-ropa-para-artes-marciales-y-deportes-de-combate\/jujitsu-y-jiu-jitsu-brasilenos\/"},{"@type":"ListItem","position":5,"name":"Kimono de Jujitsu","item":"https:\/\/www.daisho.be\/es\/categorie-produit\/equipamiento-y-ropa-para-artes-marciales-y-deportes-de-combate\/jujitsu-y-jiu-jitsu-brasilenos\/kimono-de-jujitsu-es\/"},{"@type":"ListItem","position":6,"name":"Pantalones Yomogi keikogi"}]},{"@type":"WebSite","@id":"https:\/\/www.daisho.be\/es\/#website","url":"https:\/\/www.daisho.be\/es\/","name":"Daisho","description":"Sp&eacute;cialiste de l'&eacute;quipement sportif d'arts martiaux","publisher":{"@id":"https:\/\/www.daisho.be\/es\/#organization"},"potentialAction":[{"@type":"SearchAction","target":{"@type":"EntryPoint","urlTemplate":"https:\/\/www.daisho.be\/es\/?s={search_term_string}"},"query-input":{"@type":"PropertyValueSpecification","valueRequired":true,"valueName":"search_term_string"}}],"inLanguage":"es"},{"@type":"Organization","@id":"https:\/\/www.daisho.be\/es\/#organization","name":"Daisho","url":"https:\/\/www.daisho.be\/es\/","logo":{"@type":"ImageObject","inLanguage":"es","@id":"https:\/\/www.daisho.be\/es\/#\/schema\/logo\/image\/","url":"https:\/\/www.daisho.be\/wp-content\/uploads\/2019\/07\/color-nothing-horizontale4x-e1564486100247.png","contentUrl":"https:\/\/www.daisho.be\/wp-content\/uploads\/2019\/07\/color-nothing-horizontale4x-e1564486100247.png","width":1547,"height":385,"caption":"Daisho"},"image":{"@id":"https:\/\/www.daisho.be\/es\/#\/schema\/logo\/image\/"}}]}},"_links":{"self":[{"href":"https:\/\/www.daisho.be\/es\/wp-json\/wp\/v2\/product\/357863","targetHints":{"allow":["GET"]}}],"collection":[{"href":"https:\/\/www.daisho.be\/es\/wp-json\/wp\/v2\/product"}],"about":[{"href":"https:\/\/www.daisho.be\/es\/wp-json\/wp\/v2\/types\/product"}],"replies":[{"embeddable":true,"href":"https:\/\/www.daisho.be\/es\/wp-json\/wp\/v2\/comments?post=357863"}],"wp:featuredmedia":[{"embeddable":true,"href":"https:\/\/www.daisho.be\/es\/wp-json\/wp\/v2\/media\/340113"}],"wp:attachment":[{"href":"https:\/\/www.daisho.be\/es\/wp-json\/wp\/v2\/media?parent=357863"}],"wp:term":[{"taxonomy":"product_brand","embeddable":true,"href":"https:\/\/www.daisho.be\/es\/wp-json\/wp\/v2\/product_brand?post=357863"},{"taxonomy":"product_cat","embeddable":true,"href":"https:\/\/www.daisho.be\/es\/wp-json\/wp\/v2\/product_cat?post=357863"},{"taxonomy":"product_tag","embeddable":true,"href":"https:\/\/www.daisho.be\/es\/wp-json\/wp\/v2\/product_tag?post=357863"},{"taxonomy":"sport","embeddable":true,"href":"https:\/\/www.daisho.be\/es\/wp-json\/wp\/v2\/sport?post=357863"}],"curies":[{"name":"wp","href":"https:\/\/api.w.org\/{rel}","templated":true}]}}