{"id":357833,"date":"2023-10-27T11:23:47","date_gmt":"2023-10-27T09:23:47","guid":{"rendered":"https:\/\/www.daisho.be\/produit\/guante-interior-adidas-speed-negroblanco\/"},"modified":"2025-02-27T15:28:48","modified_gmt":"2025-02-27T14:28:48","slug":"guante-interior-adidas-speed-negroblanco","status":"publish","type":"product","link":"https:\/\/www.daisho.be\/es\/produit\/guante-interior-adidas-speed-negroblanco\/","title":{"rendered":"Guante interior adidas Speed negro|blanco"},"content":{"rendered":"<p>Guantes interiores de boxeo de adidas.<br \/>\nIdeales para sustituir vendajes.<br \/>\nLos guantes interiores Speed son lavables y garantizan un entrenamiento higi\u00e9nico.<br \/>\nEl guante interior para guantes de boxeo est\u00e1 disponible en blanco\/negro y en tallas M y L.<br \/>\nEst\u00e1 fabricado con un 80% de poli\u00e9ster y un 20% de elastano, por lo que se ajusta perfectamente a la mano.<br \/>\nCaracter\u00edsticas:<br \/>\ncolor: negro con blanco<br \/>\nMaterial: 80% poli\u00e9ster, 20% elastano<br \/>\nTalla: M, L<br \/>\nEntrega por par<\/p>\n","protected":false},"excerpt":{"rendered":"<p>Guantes interiores de boxeo de adidas. Ideales para sustituir vendajes. Los guantes interiores Speed son lavables y garantizan un entrenamiento higi\u00e9nico. El guante interior para guantes de boxeo est\u00e1 disponible en blanco\/negro y en tallas M y L. Est\u00e1 fabricado con un 80% de poli\u00e9ster y un 20% de elastano, por lo que se ajusta [&hellip;]<\/p>\n","protected":false},"featured_media":339138,"comment_status":"closed","ping_status":"closed","template":"","meta":{"inline_featured_image":false},"product_brand":[],"product_cat":[1595,1714,1685,1591],"product_tag":[1560],"sport":[448,446],"class_list":{"0":"post-357833","1":"product","2":"type-product","3":"status-publish","4":"has-post-thumbnail","6":"product_cat-almohadillas-adidas-para-mma","7":"product_cat-equipamiento-y-ropa-para-artes-marciales-y-deportes-de-combate","8":"product_cat-guantes-adidas-muay-thai","9":"product_cat-protectores-adidas-kickboxing","10":"product_tag-adidas-es","11":"pa_size-l","12":"pa_size-m","13":"sport-kick-boxing","14":"sport-boxe","16":"first","17":"instock","18":"taxable","19":"shipping-taxable","20":"purchasable","21":"product-type-variable"},"yoast_head":"<!-- This site is optimized with the Yoast SEO plugin v27.2 - https:\/\/yoast.com\/product\/yoast-seo-wordpress\/ -->\n<title>Guante interior adidas Speed negro|blanco &#8211; Daisho<\/title>\n<meta name=\"description\" content=\"Los guantes interiores Adidas Speed sustituyen a las vendas y est\u00e1n muy bien adaptados. Son muy higi\u00e9nicos y lavables. C\u00f3mpralos en www.daisho.be|Daisho\" \/>\n<meta name=\"robots\" content=\"index, follow, max-snippet:-1, max-image-preview:large, max-video-preview:-1\" \/>\n<link rel=\"canonical\" href=\"https:\/\/www.daisho.be\/es\/produit\/guante-interior-adidas-speed-negroblanco\/\" \/>\n<meta property=\"og:locale\" content=\"es_ES\" \/>\n<meta property=\"og:type\" content=\"article\" \/>\n<meta property=\"og:title\" content=\"Guante interior adidas Speed negro|blanco &#8211; Daisho\" \/>\n<meta property=\"og:description\" content=\"Los guantes interiores Adidas Speed sustituyen a las vendas y est\u00e1n muy bien adaptados. Son muy higi\u00e9nicos y lavables. C\u00f3mpralos en www.daisho.be|Daisho\" \/>\n<meta property=\"og:url\" content=\"https:\/\/www.daisho.be\/es\/produit\/guante-interior-adidas-speed-negroblanco\/\" \/>\n<meta property=\"og:site_name\" content=\"Daisho\" \/>\n<meta property=\"article:modified_time\" content=\"2025-02-27T14:28:48+00:00\" \/>\n<meta property=\"og:image\" content=\"https:\/\/www.daisho.be\/wp-content\/uploads\/2023\/10\/image-49.jpg\" \/>\n\t<meta property=\"og:image:width\" content=\"1200\" \/>\n\t<meta property=\"og:image:height\" content=\"804\" \/>\n\t<meta property=\"og:image:type\" content=\"image\/jpeg\" \/>\n<meta name=\"twitter:card\" content=\"summary_large_image\" \/>\n<script type=\"application\/ld+json\" class=\"yoast-schema-graph\">{\"@context\":\"https:\/\/schema.org\",\"@graph\":[{\"@type\":\"WebPage\",\"@id\":\"https:\/\/www.daisho.be\/es\/produit\/guante-interior-adidas-speed-negroblanco\/\",\"url\":\"https:\/\/www.daisho.be\/es\/produit\/guante-interior-adidas-speed-negroblanco\/\",\"name\":\"Guante interior adidas Speed negro|blanco &#8211; Daisho\",\"isPartOf\":{\"@id\":\"https:\/\/www.daisho.be\/es\/#website\"},\"primaryImageOfPage\":{\"@id\":\"https:\/\/www.daisho.be\/es\/produit\/guante-interior-adidas-speed-negroblanco\/#primaryimage\"},\"image\":{\"@id\":\"https:\/\/www.daisho.be\/es\/produit\/guante-interior-adidas-speed-negroblanco\/#primaryimage\"},\"thumbnailUrl\":\"https:\/\/www.daisho.be\/wp-content\/uploads\/2023\/10\/image-49.jpg\",\"datePublished\":\"2023-10-27T09:23:47+00:00\",\"dateModified\":\"2025-02-27T14:28:48+00:00\",\"description\":\"Los guantes interiores Adidas Speed sustituyen a las vendas y est\u00e1n muy bien adaptados. Son muy higi\u00e9nicos y lavables. C\u00f3mpralos en www.daisho.be|Daisho\",\"breadcrumb\":{\"@id\":\"https:\/\/www.daisho.be\/es\/produit\/guante-interior-adidas-speed-negroblanco\/#breadcrumb\"},\"inLanguage\":\"es\",\"potentialAction\":[{\"@type\":\"ReadAction\",\"target\":[\"https:\/\/www.daisho.be\/es\/produit\/guante-interior-adidas-speed-negroblanco\/\"]}]},{\"@type\":\"ImageObject\",\"inLanguage\":\"es\",\"@id\":\"https:\/\/www.daisho.be\/es\/produit\/guante-interior-adidas-speed-negroblanco\/#primaryimage\",\"url\":\"https:\/\/www.daisho.be\/wp-content\/uploads\/2023\/10\/image-49.jpg\",\"contentUrl\":\"https:\/\/www.daisho.be\/wp-content\/uploads\/2023\/10\/image-49.jpg\",\"width\":1200,\"height\":804,\"caption\":\"Guante interior adidas Speed negro|blanco-1\"},{\"@type\":\"BreadcrumbList\",\"@id\":\"https:\/\/www.daisho.be\/es\/produit\/guante-interior-adidas-speed-negroblanco\/#breadcrumb\",\"itemListElement\":[{\"@type\":\"ListItem\",\"position\":1,\"name\":\"Accueil\",\"item\":\"https:\/\/www.daisho.be\/es\/\"},{\"@type\":\"ListItem\",\"position\":2,\"name\":\"Productos\",\"item\":\"https:\/\/www.daisho.be\/es\/productos\/\"},{\"@type\":\"ListItem\",\"position\":3,\"name\":\"ADIDAS COMBAT SPORTS\",\"item\":\"https:\/\/www.daisho.be\/es\/categorie-produit\/adidas-combat-sports-es\/\"},{\"@type\":\"ListItem\",\"position\":4,\"name\":\"MMA\",\"item\":\"https:\/\/www.daisho.be\/es\/categorie-produit\/adidas-combat-sports-es\/mma-es-2\/\"},{\"@type\":\"ListItem\",\"position\":5,\"name\":\"Almohadillas Adidas para MMA\",\"item\":\"https:\/\/www.daisho.be\/es\/categorie-produit\/adidas-combat-sports-es\/mma-es-2\/almohadillas-adidas-para-mma\/\"},{\"@type\":\"ListItem\",\"position\":6,\"name\":\"Guante interior adidas Speed negro|blanco\"}]},{\"@type\":\"WebSite\",\"@id\":\"https:\/\/www.daisho.be\/es\/#website\",\"url\":\"https:\/\/www.daisho.be\/es\/\",\"name\":\"Daisho\",\"description\":\"Sp&eacute;cialiste de l'&eacute;quipement sportif d'arts martiaux\",\"publisher\":{\"@id\":\"https:\/\/www.daisho.be\/es\/#organization\"},\"potentialAction\":[{\"@type\":\"SearchAction\",\"target\":{\"@type\":\"EntryPoint\",\"urlTemplate\":\"https:\/\/www.daisho.be\/es\/?s={search_term_string}\"},\"query-input\":{\"@type\":\"PropertyValueSpecification\",\"valueRequired\":true,\"valueName\":\"search_term_string\"}}],\"inLanguage\":\"es\"},{\"@type\":\"Organization\",\"@id\":\"https:\/\/www.daisho.be\/es\/#organization\",\"name\":\"Daisho\",\"url\":\"https:\/\/www.daisho.be\/es\/\",\"logo\":{\"@type\":\"ImageObject\",\"inLanguage\":\"es\",\"@id\":\"https:\/\/www.daisho.be\/es\/#\/schema\/logo\/image\/\",\"url\":\"https:\/\/www.daisho.be\/wp-content\/uploads\/2019\/07\/color-nothing-horizontale4x-e1564486100247.png\",\"contentUrl\":\"https:\/\/www.daisho.be\/wp-content\/uploads\/2019\/07\/color-nothing-horizontale4x-e1564486100247.png\",\"width\":1547,\"height\":385,\"caption\":\"Daisho\"},\"image\":{\"@id\":\"https:\/\/www.daisho.be\/es\/#\/schema\/logo\/image\/\"}}]}<\/script>\n<!-- \/ Yoast SEO plugin. -->","yoast_head_json":{"title":"Guante interior adidas Speed negro|blanco &#8211; Daisho","description":"Los guantes interiores Adidas Speed sustituyen a las vendas y est\u00e1n muy bien adaptados. Son muy higi\u00e9nicos y lavables. C\u00f3mpralos en www.daisho.be|Daisho","robots":{"index":"index","follow":"follow","max-snippet":"max-snippet:-1","max-image-preview":"max-image-preview:large","max-video-preview":"max-video-preview:-1"},"canonical":"https:\/\/www.daisho.be\/es\/produit\/guante-interior-adidas-speed-negroblanco\/","og_locale":"es_ES","og_type":"article","og_title":"Guante interior adidas Speed negro|blanco &#8211; Daisho","og_description":"Los guantes interiores Adidas Speed sustituyen a las vendas y est\u00e1n muy bien adaptados. Son muy higi\u00e9nicos y lavables. C\u00f3mpralos en www.daisho.be|Daisho","og_url":"https:\/\/www.daisho.be\/es\/produit\/guante-interior-adidas-speed-negroblanco\/","og_site_name":"Daisho","article_modified_time":"2025-02-27T14:28:48+00:00","og_image":[{"width":1200,"height":804,"url":"https:\/\/www.daisho.be\/wp-content\/uploads\/2023\/10\/image-49.jpg","type":"image\/jpeg"}],"twitter_card":"summary_large_image","schema":{"@context":"https:\/\/schema.org","@graph":[{"@type":"WebPage","@id":"https:\/\/www.daisho.be\/es\/produit\/guante-interior-adidas-speed-negroblanco\/","url":"https:\/\/www.daisho.be\/es\/produit\/guante-interior-adidas-speed-negroblanco\/","name":"Guante interior adidas Speed negro|blanco &#8211; Daisho","isPartOf":{"@id":"https:\/\/www.daisho.be\/es\/#website"},"primaryImageOfPage":{"@id":"https:\/\/www.daisho.be\/es\/produit\/guante-interior-adidas-speed-negroblanco\/#primaryimage"},"image":{"@id":"https:\/\/www.daisho.be\/es\/produit\/guante-interior-adidas-speed-negroblanco\/#primaryimage"},"thumbnailUrl":"https:\/\/www.daisho.be\/wp-content\/uploads\/2023\/10\/image-49.jpg","datePublished":"2023-10-27T09:23:47+00:00","dateModified":"2025-02-27T14:28:48+00:00","description":"Los guantes interiores Adidas Speed sustituyen a las vendas y est\u00e1n muy bien adaptados. Son muy higi\u00e9nicos y lavables. C\u00f3mpralos en www.daisho.be|Daisho","breadcrumb":{"@id":"https:\/\/www.daisho.be\/es\/produit\/guante-interior-adidas-speed-negroblanco\/#breadcrumb"},"inLanguage":"es","potentialAction":[{"@type":"ReadAction","target":["https:\/\/www.daisho.be\/es\/produit\/guante-interior-adidas-speed-negroblanco\/"]}]},{"@type":"ImageObject","inLanguage":"es","@id":"https:\/\/www.daisho.be\/es\/produit\/guante-interior-adidas-speed-negroblanco\/#primaryimage","url":"https:\/\/www.daisho.be\/wp-content\/uploads\/2023\/10\/image-49.jpg","contentUrl":"https:\/\/www.daisho.be\/wp-content\/uploads\/2023\/10\/image-49.jpg","width":1200,"height":804,"caption":"Guante interior adidas Speed negro|blanco-1"},{"@type":"BreadcrumbList","@id":"https:\/\/www.daisho.be\/es\/produit\/guante-interior-adidas-speed-negroblanco\/#breadcrumb","itemListElement":[{"@type":"ListItem","position":1,"name":"Accueil","item":"https:\/\/www.daisho.be\/es\/"},{"@type":"ListItem","position":2,"name":"Productos","item":"https:\/\/www.daisho.be\/es\/productos\/"},{"@type":"ListItem","position":3,"name":"ADIDAS COMBAT SPORTS","item":"https:\/\/www.daisho.be\/es\/categorie-produit\/adidas-combat-sports-es\/"},{"@type":"ListItem","position":4,"name":"MMA","item":"https:\/\/www.daisho.be\/es\/categorie-produit\/adidas-combat-sports-es\/mma-es-2\/"},{"@type":"ListItem","position":5,"name":"Almohadillas Adidas para MMA","item":"https:\/\/www.daisho.be\/es\/categorie-produit\/adidas-combat-sports-es\/mma-es-2\/almohadillas-adidas-para-mma\/"},{"@type":"ListItem","position":6,"name":"Guante interior adidas Speed negro|blanco"}]},{"@type":"WebSite","@id":"https:\/\/www.daisho.be\/es\/#website","url":"https:\/\/www.daisho.be\/es\/","name":"Daisho","description":"Sp&eacute;cialiste de l'&eacute;quipement sportif d'arts martiaux","publisher":{"@id":"https:\/\/www.daisho.be\/es\/#organization"},"potentialAction":[{"@type":"SearchAction","target":{"@type":"EntryPoint","urlTemplate":"https:\/\/www.daisho.be\/es\/?s={search_term_string}"},"query-input":{"@type":"PropertyValueSpecification","valueRequired":true,"valueName":"search_term_string"}}],"inLanguage":"es"},{"@type":"Organization","@id":"https:\/\/www.daisho.be\/es\/#organization","name":"Daisho","url":"https:\/\/www.daisho.be\/es\/","logo":{"@type":"ImageObject","inLanguage":"es","@id":"https:\/\/www.daisho.be\/es\/#\/schema\/logo\/image\/","url":"https:\/\/www.daisho.be\/wp-content\/uploads\/2019\/07\/color-nothing-horizontale4x-e1564486100247.png","contentUrl":"https:\/\/www.daisho.be\/wp-content\/uploads\/2019\/07\/color-nothing-horizontale4x-e1564486100247.png","width":1547,"height":385,"caption":"Daisho"},"image":{"@id":"https:\/\/www.daisho.be\/es\/#\/schema\/logo\/image\/"}}]}},"_links":{"self":[{"href":"https:\/\/www.daisho.be\/es\/wp-json\/wp\/v2\/product\/357833","targetHints":{"allow":["GET"]}}],"collection":[{"href":"https:\/\/www.daisho.be\/es\/wp-json\/wp\/v2\/product"}],"about":[{"href":"https:\/\/www.daisho.be\/es\/wp-json\/wp\/v2\/types\/product"}],"replies":[{"embeddable":true,"href":"https:\/\/www.daisho.be\/es\/wp-json\/wp\/v2\/comments?post=357833"}],"wp:featuredmedia":[{"embeddable":true,"href":"https:\/\/www.daisho.be\/es\/wp-json\/wp\/v2\/media\/339138"}],"wp:attachment":[{"href":"https:\/\/www.daisho.be\/es\/wp-json\/wp\/v2\/media?parent=357833"}],"wp:term":[{"taxonomy":"product_brand","embeddable":true,"href":"https:\/\/www.daisho.be\/es\/wp-json\/wp\/v2\/product_brand?post=357833"},{"taxonomy":"product_cat","embeddable":true,"href":"https:\/\/www.daisho.be\/es\/wp-json\/wp\/v2\/product_cat?post=357833"},{"taxonomy":"product_tag","embeddable":true,"href":"https:\/\/www.daisho.be\/es\/wp-json\/wp\/v2\/product_tag?post=357833"},{"taxonomy":"sport","embeddable":true,"href":"https:\/\/www.daisho.be\/es\/wp-json\/wp\/v2\/sport?post=357833"}],"curies":[{"name":"wp","href":"https:\/\/api.w.org\/{rel}","templated":true}]}}