{"id":357763,"date":"2023-02-10T14:26:32","date_gmt":"2023-02-10T13:26:32","guid":{"rendered":"https:\/\/www.daisho.be\/produit\/pantalones-adidas-taekwondo\/"},"modified":"2025-11-10T09:46:27","modified_gmt":"2025-11-10T08:46:27","slug":"pantalones-adidas-taekwondo","status":"publish","type":"product","link":"https:\/\/www.daisho.be\/es\/produit\/pantalones-adidas-taekwondo\/","title":{"rendered":"Pantalones adidas Taekwondo"},"content":{"rendered":"<p>Los protectores de pies adidas para taekwondo est\u00e1n fabricados en PU \/ neopreno y son adecuados para competiciones y entrenamientos.<br \/>\nAprobados por la WTF.<br \/>\nVentajas:<br \/>\n&#8211; Fabricados en PU \/ neopreno<br \/>\n&#8211; Adecuados para competiciones y entrenamientos<br \/>\n&#8211; Homologados por la WTF<\/p>\n<p>Caracter\u00edsticas t\u00e9cnicas:<\/p>\n<p> Interior de espuma EVA y exterior de PU<br \/>\n Forma ergon\u00f3mica, dedos abiertos<br \/>\n Ajustable con el\u00e1stico en la planta del pie<br \/>\n Cierre de velcro en el tobillo.<br \/>\n Color: blanco\/negro.<br \/>\nTallas: de la XS a la XL.<\/p>\n","protected":false},"excerpt":{"rendered":"<p>Los protectores de pies adidas para taekwondo est\u00e1n fabricados en PU \/ neopreno y son adecuados para competiciones y entrenamientos. Aprobados por la WTF. Ventajas: &#8211; Fabricados en PU \/ neopreno &#8211; Adecuados para competiciones y entrenamientos &#8211; Homologados por la WTF Caracter\u00edsticas t\u00e9cnicas: Interior de espuma EVA y exterior de PU Forma ergon\u00f3mica, dedos [&hellip;]<\/p>\n","protected":false},"featured_media":617041,"comment_status":"open","ping_status":"closed","template":"","meta":{"inline_featured_image":false},"product_brand":[],"product_cat":[1364,1361,1574],"product_tag":[1560],"sport":[],"class_list":{"0":"post-357763","1":"product","2":"type-product","3":"status-publish","4":"has-post-thumbnail","6":"product_cat-equipos-de-proteccion-para-taekwondo","7":"product_cat-protecciones","8":"product_cat-protectores-adidas-taekwondo","9":"product_tag-adidas-es","10":"pa_size-l","11":"pa_size-m","12":"pa_size-s","13":"pa_size-xl","14":"pa_size-xs","16":"first","17":"instock","18":"taxable","19":"shipping-taxable","20":"purchasable","21":"product-type-variable"},"yoast_head":"<!-- This site is optimized with the Yoast SEO plugin v27.2 - https:\/\/yoast.com\/product\/yoast-seo-wordpress\/ -->\n<title>Pantalones adidas Taekwondo &#8211; Daisho<\/title>\n<meta name=\"description\" content=\"Las manoplas de Teakwondo Adidas, certificadas por la WTF, proporcionan una protecci\u00f3n total para tus pies. C\u00f3mpralas en www.daisho.be|Daisho\" \/>\n<meta name=\"robots\" content=\"index, follow, max-snippet:-1, max-image-preview:large, max-video-preview:-1\" \/>\n<link rel=\"canonical\" href=\"https:\/\/www.daisho.be\/es\/produit\/pantalones-adidas-taekwondo\/\" \/>\n<meta property=\"og:locale\" content=\"es_ES\" \/>\n<meta property=\"og:type\" content=\"article\" \/>\n<meta property=\"og:title\" content=\"Pantalones adidas Taekwondo &#8211; Daisho\" \/>\n<meta property=\"og:description\" content=\"Las manoplas de Teakwondo Adidas, certificadas por la WTF, proporcionan una protecci\u00f3n total para tus pies. C\u00f3mpralas en www.daisho.be|Daisho\" \/>\n<meta property=\"og:url\" content=\"https:\/\/www.daisho.be\/es\/produit\/pantalones-adidas-taekwondo\/\" \/>\n<meta property=\"og:site_name\" content=\"Daisho\" \/>\n<meta property=\"article:modified_time\" content=\"2025-11-10T08:46:27+00:00\" \/>\n<meta property=\"og:image\" content=\"https:\/\/www.daisho.be\/wp-content\/uploads\/2025\/11\/image-13.jpg\" \/>\n\t<meta property=\"og:image:width\" content=\"800\" \/>\n\t<meta property=\"og:image:height\" content=\"800\" \/>\n\t<meta property=\"og:image:type\" content=\"image\/jpeg\" \/>\n<meta name=\"twitter:card\" content=\"summary_large_image\" \/>\n<script type=\"application\/ld+json\" class=\"yoast-schema-graph\">{\"@context\":\"https:\/\/schema.org\",\"@graph\":[{\"@type\":\"WebPage\",\"@id\":\"https:\/\/www.daisho.be\/es\/produit\/pantalones-adidas-taekwondo\/\",\"url\":\"https:\/\/www.daisho.be\/es\/produit\/pantalones-adidas-taekwondo\/\",\"name\":\"Pantalones adidas Taekwondo &#8211; Daisho\",\"isPartOf\":{\"@id\":\"https:\/\/www.daisho.be\/es\/#website\"},\"primaryImageOfPage\":{\"@id\":\"https:\/\/www.daisho.be\/es\/produit\/pantalones-adidas-taekwondo\/#primaryimage\"},\"image\":{\"@id\":\"https:\/\/www.daisho.be\/es\/produit\/pantalones-adidas-taekwondo\/#primaryimage\"},\"thumbnailUrl\":\"https:\/\/www.daisho.be\/wp-content\/uploads\/2025\/11\/image-13.jpg\",\"datePublished\":\"2023-02-10T13:26:32+00:00\",\"dateModified\":\"2025-11-10T08:46:27+00:00\",\"description\":\"Las manoplas de Teakwondo Adidas, certificadas por la WTF, proporcionan una protecci\u00f3n total para tus pies. C\u00f3mpralas en www.daisho.be|Daisho\",\"breadcrumb\":{\"@id\":\"https:\/\/www.daisho.be\/es\/produit\/pantalones-adidas-taekwondo\/#breadcrumb\"},\"inLanguage\":\"es\",\"potentialAction\":[{\"@type\":\"ReadAction\",\"target\":[\"https:\/\/www.daisho.be\/es\/produit\/pantalones-adidas-taekwondo\/\"]}]},{\"@type\":\"ImageObject\",\"inLanguage\":\"es\",\"@id\":\"https:\/\/www.daisho.be\/es\/produit\/pantalones-adidas-taekwondo\/#primaryimage\",\"url\":\"https:\/\/www.daisho.be\/wp-content\/uploads\/2025\/11\/image-13.jpg\",\"contentUrl\":\"https:\/\/www.daisho.be\/wp-content\/uploads\/2025\/11\/image-13.jpg\",\"width\":800,\"height\":800,\"caption\":\"Bolsillos adidas Taekwondo-1\"},{\"@type\":\"BreadcrumbList\",\"@id\":\"https:\/\/www.daisho.be\/es\/produit\/pantalones-adidas-taekwondo\/#breadcrumb\",\"itemListElement\":[{\"@type\":\"ListItem\",\"position\":1,\"name\":\"Accueil\",\"item\":\"https:\/\/www.daisho.be\/es\/\"},{\"@type\":\"ListItem\",\"position\":2,\"name\":\"Productos\",\"item\":\"https:\/\/www.daisho.be\/es\/productos\/\"},{\"@type\":\"ListItem\",\"position\":3,\"name\":\"Equipamiento y ropa para artes marciales y deportes de combate\",\"item\":\"https:\/\/www.daisho.be\/es\/categorie-produit\/equipamiento-y-ropa-para-artes-marciales-y-deportes-de-combate\/\"},{\"@type\":\"ListItem\",\"position\":4,\"name\":\"Taekwondo\",\"item\":\"https:\/\/www.daisho.be\/es\/categorie-produit\/equipamiento-y-ropa-para-artes-marciales-y-deportes-de-combate\/taekwondo-es\/\"},{\"@type\":\"ListItem\",\"position\":5,\"name\":\"Equipos de protecci\u00f3n para taekwondo\",\"item\":\"https:\/\/www.daisho.be\/es\/categorie-produit\/equipamiento-y-ropa-para-artes-marciales-y-deportes-de-combate\/taekwondo-es\/equipos-de-proteccion-para-taekwondo\/\"},{\"@type\":\"ListItem\",\"position\":6,\"name\":\"Pantalones adidas Taekwondo\"}]},{\"@type\":\"WebSite\",\"@id\":\"https:\/\/www.daisho.be\/es\/#website\",\"url\":\"https:\/\/www.daisho.be\/es\/\",\"name\":\"Daisho\",\"description\":\"Sp&eacute;cialiste de l'&eacute;quipement sportif d'arts martiaux\",\"publisher\":{\"@id\":\"https:\/\/www.daisho.be\/es\/#organization\"},\"potentialAction\":[{\"@type\":\"SearchAction\",\"target\":{\"@type\":\"EntryPoint\",\"urlTemplate\":\"https:\/\/www.daisho.be\/es\/?s={search_term_string}\"},\"query-input\":{\"@type\":\"PropertyValueSpecification\",\"valueRequired\":true,\"valueName\":\"search_term_string\"}}],\"inLanguage\":\"es\"},{\"@type\":\"Organization\",\"@id\":\"https:\/\/www.daisho.be\/es\/#organization\",\"name\":\"Daisho\",\"url\":\"https:\/\/www.daisho.be\/es\/\",\"logo\":{\"@type\":\"ImageObject\",\"inLanguage\":\"es\",\"@id\":\"https:\/\/www.daisho.be\/es\/#\/schema\/logo\/image\/\",\"url\":\"https:\/\/www.daisho.be\/wp-content\/uploads\/2019\/07\/color-nothing-horizontale4x-e1564486100247.png\",\"contentUrl\":\"https:\/\/www.daisho.be\/wp-content\/uploads\/2019\/07\/color-nothing-horizontale4x-e1564486100247.png\",\"width\":1547,\"height\":385,\"caption\":\"Daisho\"},\"image\":{\"@id\":\"https:\/\/www.daisho.be\/es\/#\/schema\/logo\/image\/\"}}]}<\/script>\n<!-- \/ Yoast SEO plugin. -->","yoast_head_json":{"title":"Pantalones adidas Taekwondo &#8211; Daisho","description":"Las manoplas de Teakwondo Adidas, certificadas por la WTF, proporcionan una protecci\u00f3n total para tus pies. C\u00f3mpralas en www.daisho.be|Daisho","robots":{"index":"index","follow":"follow","max-snippet":"max-snippet:-1","max-image-preview":"max-image-preview:large","max-video-preview":"max-video-preview:-1"},"canonical":"https:\/\/www.daisho.be\/es\/produit\/pantalones-adidas-taekwondo\/","og_locale":"es_ES","og_type":"article","og_title":"Pantalones adidas Taekwondo &#8211; Daisho","og_description":"Las manoplas de Teakwondo Adidas, certificadas por la WTF, proporcionan una protecci\u00f3n total para tus pies. C\u00f3mpralas en www.daisho.be|Daisho","og_url":"https:\/\/www.daisho.be\/es\/produit\/pantalones-adidas-taekwondo\/","og_site_name":"Daisho","article_modified_time":"2025-11-10T08:46:27+00:00","og_image":[{"width":800,"height":800,"url":"https:\/\/www.daisho.be\/wp-content\/uploads\/2025\/11\/image-13.jpg","type":"image\/jpeg"}],"twitter_card":"summary_large_image","schema":{"@context":"https:\/\/schema.org","@graph":[{"@type":"WebPage","@id":"https:\/\/www.daisho.be\/es\/produit\/pantalones-adidas-taekwondo\/","url":"https:\/\/www.daisho.be\/es\/produit\/pantalones-adidas-taekwondo\/","name":"Pantalones adidas Taekwondo &#8211; Daisho","isPartOf":{"@id":"https:\/\/www.daisho.be\/es\/#website"},"primaryImageOfPage":{"@id":"https:\/\/www.daisho.be\/es\/produit\/pantalones-adidas-taekwondo\/#primaryimage"},"image":{"@id":"https:\/\/www.daisho.be\/es\/produit\/pantalones-adidas-taekwondo\/#primaryimage"},"thumbnailUrl":"https:\/\/www.daisho.be\/wp-content\/uploads\/2025\/11\/image-13.jpg","datePublished":"2023-02-10T13:26:32+00:00","dateModified":"2025-11-10T08:46:27+00:00","description":"Las manoplas de Teakwondo Adidas, certificadas por la WTF, proporcionan una protecci\u00f3n total para tus pies. C\u00f3mpralas en www.daisho.be|Daisho","breadcrumb":{"@id":"https:\/\/www.daisho.be\/es\/produit\/pantalones-adidas-taekwondo\/#breadcrumb"},"inLanguage":"es","potentialAction":[{"@type":"ReadAction","target":["https:\/\/www.daisho.be\/es\/produit\/pantalones-adidas-taekwondo\/"]}]},{"@type":"ImageObject","inLanguage":"es","@id":"https:\/\/www.daisho.be\/es\/produit\/pantalones-adidas-taekwondo\/#primaryimage","url":"https:\/\/www.daisho.be\/wp-content\/uploads\/2025\/11\/image-13.jpg","contentUrl":"https:\/\/www.daisho.be\/wp-content\/uploads\/2025\/11\/image-13.jpg","width":800,"height":800,"caption":"Bolsillos adidas Taekwondo-1"},{"@type":"BreadcrumbList","@id":"https:\/\/www.daisho.be\/es\/produit\/pantalones-adidas-taekwondo\/#breadcrumb","itemListElement":[{"@type":"ListItem","position":1,"name":"Accueil","item":"https:\/\/www.daisho.be\/es\/"},{"@type":"ListItem","position":2,"name":"Productos","item":"https:\/\/www.daisho.be\/es\/productos\/"},{"@type":"ListItem","position":3,"name":"Equipamiento y ropa para artes marciales y deportes de combate","item":"https:\/\/www.daisho.be\/es\/categorie-produit\/equipamiento-y-ropa-para-artes-marciales-y-deportes-de-combate\/"},{"@type":"ListItem","position":4,"name":"Taekwondo","item":"https:\/\/www.daisho.be\/es\/categorie-produit\/equipamiento-y-ropa-para-artes-marciales-y-deportes-de-combate\/taekwondo-es\/"},{"@type":"ListItem","position":5,"name":"Equipos de protecci\u00f3n para taekwondo","item":"https:\/\/www.daisho.be\/es\/categorie-produit\/equipamiento-y-ropa-para-artes-marciales-y-deportes-de-combate\/taekwondo-es\/equipos-de-proteccion-para-taekwondo\/"},{"@type":"ListItem","position":6,"name":"Pantalones adidas Taekwondo"}]},{"@type":"WebSite","@id":"https:\/\/www.daisho.be\/es\/#website","url":"https:\/\/www.daisho.be\/es\/","name":"Daisho","description":"Sp&eacute;cialiste de l'&eacute;quipement sportif d'arts martiaux","publisher":{"@id":"https:\/\/www.daisho.be\/es\/#organization"},"potentialAction":[{"@type":"SearchAction","target":{"@type":"EntryPoint","urlTemplate":"https:\/\/www.daisho.be\/es\/?s={search_term_string}"},"query-input":{"@type":"PropertyValueSpecification","valueRequired":true,"valueName":"search_term_string"}}],"inLanguage":"es"},{"@type":"Organization","@id":"https:\/\/www.daisho.be\/es\/#organization","name":"Daisho","url":"https:\/\/www.daisho.be\/es\/","logo":{"@type":"ImageObject","inLanguage":"es","@id":"https:\/\/www.daisho.be\/es\/#\/schema\/logo\/image\/","url":"https:\/\/www.daisho.be\/wp-content\/uploads\/2019\/07\/color-nothing-horizontale4x-e1564486100247.png","contentUrl":"https:\/\/www.daisho.be\/wp-content\/uploads\/2019\/07\/color-nothing-horizontale4x-e1564486100247.png","width":1547,"height":385,"caption":"Daisho"},"image":{"@id":"https:\/\/www.daisho.be\/es\/#\/schema\/logo\/image\/"}}]}},"_links":{"self":[{"href":"https:\/\/www.daisho.be\/es\/wp-json\/wp\/v2\/product\/357763","targetHints":{"allow":["GET"]}}],"collection":[{"href":"https:\/\/www.daisho.be\/es\/wp-json\/wp\/v2\/product"}],"about":[{"href":"https:\/\/www.daisho.be\/es\/wp-json\/wp\/v2\/types\/product"}],"replies":[{"embeddable":true,"href":"https:\/\/www.daisho.be\/es\/wp-json\/wp\/v2\/comments?post=357763"}],"wp:featuredmedia":[{"embeddable":true,"href":"https:\/\/www.daisho.be\/es\/wp-json\/wp\/v2\/media\/617041"}],"wp:attachment":[{"href":"https:\/\/www.daisho.be\/es\/wp-json\/wp\/v2\/media?parent=357763"}],"wp:term":[{"taxonomy":"product_brand","embeddable":true,"href":"https:\/\/www.daisho.be\/es\/wp-json\/wp\/v2\/product_brand?post=357763"},{"taxonomy":"product_cat","embeddable":true,"href":"https:\/\/www.daisho.be\/es\/wp-json\/wp\/v2\/product_cat?post=357763"},{"taxonomy":"product_tag","embeddable":true,"href":"https:\/\/www.daisho.be\/es\/wp-json\/wp\/v2\/product_tag?post=357763"},{"taxonomy":"sport","embeddable":true,"href":"https:\/\/www.daisho.be\/es\/wp-json\/wp\/v2\/sport?post=357763"}],"curies":[{"name":"wp","href":"https:\/\/api.w.org\/{rel}","templated":true}]}}